{"id":1501,"date":"2020-07-25T16:39:58","date_gmt":"2020-07-25T16:39:58","guid":{"rendered":"https:\/\/distribucionarc.com\/?post_type=product&#038;p=1501"},"modified":"2020-09-27T10:01:49","modified_gmt":"2020-09-27T10:01:49","slug":"gratar-gaz-pentru-catering-2-arzatoare","status":"publish","type":"product","link":"https:\/\/distribucionarc.com\/ro\/producto\/barbacoa-de-gas-para-hosteleria-2-quemadores\/","title":{"rendered":"Gratar pe gaz pentru ospitalitate 2 arzatoare"},"content":{"rendered":"<h3>Gratar pe gaz pentru ospitalitate 2 arzatoare<\/h3>\n<p>The<strong> gratare pe gaz <span style=\"color: #ff0000;\">LA<\/span><span style=\"color: #0000ff;\">R<\/span>c<\/strong> Au un corp robust din o\u021bel inoxidabil de cea mai bun\u0103 calitate, pentru a garanta stabilitatea \u0219i durabilitatea ma\u0219inii. Gratarul de 30 x 25 cm este realizat din otel inoxidabil alimentar.<\/p>\n<p>Are doua arzatoare, fiecare controlat independent, pentru gatirea bucatilor diferite. Arzatoarele de <strong>gratar pe gaz<\/strong> <strong><span style=\"color: #ff0000;\">LA<\/span><span style=\"color: #0000ff;\">R<\/span>CB2G<\/strong> Sunt acoperite cu o plac\u0103 de o\u021bel \u0219i o plac\u0103 de sticl\u0103 pentru a preveni c\u0103derea gr\u0103simii peste ele \u0219i a \u00eendep\u0103rta flac\u0103ra. \u00cen\u0103l\u021bimea gr\u0103tarului poate fi reglat\u0103 cu u\u0219urin\u021b\u0103 pentru diferite puncte de g\u0103tit.<\/p>\n<p>The <strong>gr\u0103tar<\/strong>, ap\u0103r\u0103toarele arz\u0103torului \u0219i tava de colectare a gr\u0103similor pot fi \u00eendep\u0103rtate cu u\u0219urin\u021b\u0103, pentru a facilita \u00eentre\u021binerea <strong>gratar pe gaz<\/strong>. F\u0103r\u0103 a fi nevoie s\u0103 te bazezi pe piatra vulcanic\u0103, asta <strong>gratar pe gaz<\/strong> va satisface nevoile dumneavoastr\u0103 \u00een mod egal.<\/p>\n<h6><\/h6>\n<h6><strong>garan\u021bie\u00a0<span style=\"color: #ff0000;\">LA<\/span><span style=\"color: #0000ff;\">R<\/span>C 2 ANI<\/strong><\/h6>\n<h6><strong>suport tehnic inclus<\/strong><\/h6>\n<p>&nbsp;<\/p>\n<p>&nbsp;<\/p>\n<table width=\"100%\">\n<tbody>\n<tr>\n<td>Marca:<\/td>\n<td width=\"32%\">ARC<\/td>\n<td>Greutate:<\/td>\n<td width=\"30%\">8,5 kg<\/td>\n<\/tr>\n<tr>\n<td>\u021aara de distribu\u021bie:<\/td>\n<td width=\"32%\">Spania, Germania, SUA<\/td>\n<td>\u00cen\u0103l\u0163ime:<\/td>\n<td width=\"30%\">18 cm<\/td>\n<\/tr>\n<tr>\n<td>Culoare:<\/td>\n<td width=\"32%\">Argint<\/td>\n<td>Lung:<\/td>\n<td width=\"30%\">54 cm<\/td>\n<\/tr>\n<tr>\n<td>Tip produs:<\/td>\n<td width=\"32%\">Gratar profesional pe gaz<\/td>\n<td>Larg:<\/td>\n<td width=\"30%\">40 cm<\/td>\n<\/tr>\n<tr>\n<td>Numar producator:<\/td>\n<td width=\"32%\">ARCB2G<\/td>\n<td>Presiunea supapei:<\/td>\n<td width=\"30%\">2800 Pa<\/td>\n<\/tr>\n<tr>\n<td>Material:<\/td>\n<td width=\"32%\">\u00a0O\u021bel inoxidabil, control al temperaturii, sticl\u0103<\/td>\n<td>Dimensiunea gratarului:<\/td>\n<td width=\"30%\">30 x 25 cm<\/td>\n<\/tr>\n<tr>\n<td>Garantie:<\/td>\n<td width=\"32%\">2 ani<\/td>\n<td>Acoperire arz\u0103tor:<\/td>\n<td width=\"30%\">\u00a0Sticla\/otel<\/td>\n<\/tr>\n<\/tbody>\n<\/table>","protected":false},"excerpt":{"rendered":"<h2>Gratar pe gaz pentru ospitalitate 2 arzatoare<\/h2>\n<p>The<strong> gratare pe gaz<\/strong> de <strong><span style=\"color: #ff0000;\">LA<\/span><span style=\"color: #0000ff;\">R<\/span>c<\/strong> Sunt realizate cu cele mai bune si inovatoare materiale pentru a obtine un gust, efect vizual, miros autentic<strong> gr\u0103tar<\/strong>.<\/p>\n<p>Dac\u0103 ceea ce cau\u021bi este profitabilitatea, atunci <strong>gratare pe gaz<\/strong> de<strong><span style=\"color: #ff0000;\"> LA<\/span><span style=\"color: #0000ff;\">R<\/span>c<\/strong> va satisface nevoile dvs. Uit\u0103 de \u00eentre\u021binerea pietrei vulcanice \u0219i opteaz\u0103 pentru unele <strong>arzatoare eficiente<\/strong> protejat, pentru a asigura durabilitatea <strong>gr\u0103tar cu gaz<\/strong> \u0219i v\u0103 asigur\u0103 marcarea perfect\u0103 a c\u0103rnurilor, pe\u0219telui, legumelor, tofuului etc. The <strong>gratar pe gaz <span style=\"color: #ff0000;\">LA<\/span><span style=\"color: #0000ff;\">R<\/span>CB2G<\/strong> Are doua arzatoare cu control reglabil al temperaturii pentru fiecare arzator.<\/p>\n<h6><strong>garan\u021bie\u00a0<span style=\"color: #ff0000;\">LA<\/span><span style=\"color: #0000ff;\">R<\/span>C 2 ANI<\/strong><\/h6>\n<h6><strong>suport tehnic inclus<\/strong><\/h6>","protected":false},"featured_media":1503,"comment_status":"open","ping_status":"closed","template":"","meta":{"wds_primary_product_brand":0,"wds_primary_product_cat":0},"product_brand":[],"product_cat":[39],"product_tag":[],"class_list":{"0":"post-1501","1":"product","2":"type-product","3":"status-publish","4":"has-post-thumbnail","6":"product_cat-plancha-de-cosina","7":"product_shipping_class-hosteleria","9":"first","10":"instock","11":"sale","12":"taxable","13":"shipping-taxable","14":"purchasable","15":"product-type-simple"},"yoast_head":"<!-- This site is optimized with the Yoast SEO Premium plugin v24.9 (Yoast SEO v26.1) - https:\/\/yoast.com\/wordpress\/plugins\/seo\/ -->\n<title>Barbacoa de gas para hosteler\u00eda 2 quemadores - distribuci\u00f3n ARC<\/title>\n<meta name=\"robots\" content=\"index, follow, max-snippet:-1, max-image-preview:large, max-video-preview:-1\" \/>\n<link rel=\"canonical\" href=\"https:\/\/distribucionarc.com\/ro\/produs\/gratar-gaz-pentru-catering-2-arzatoare\/\" \/>\n<meta property=\"og:locale\" content=\"ro_RO\" \/>\n<meta property=\"og:type\" content=\"article\" \/>\n<meta property=\"og:title\" content=\"Barbacoa de gas para hosteler\u00eda 2 quemadores\" \/>\n<meta property=\"og:description\" content=\"Barbacoa de gas para hosteler\u00eda 2 quemadores Las barbacoas a gas de ARC est\u00e1n fabricadas con los mejores y m\u00e1s innovadores materiales para obtener un sabor, efecto visual, olor \u00a0de aut\u00e9ntica parrilla.  Si lo que buscas es rentabilidad, las barbacoas a gas de ARC cumplir\u00e1n con tus necesidades. Olv\u00eddate del mantenimiento de la piedra volc\u00e1nica y apuesta por unos quemadores eficientes protegidos, para asegurar la durabilidad de la parrilla a gas y proporcionarte un marcado perfecto de tus carnes, pescados, vegetales, tofu, etc. La barbacoa a gas ARCB2G dispone de dos quemadores con control de temperatura ajustable para cada quemador. Garant\u00eda\u00a0ARC 2 A\u00d1OS soporte t\u00e9cnico incluido\" \/>\n<meta property=\"og:url\" content=\"https:\/\/distribucionarc.com\/ro\/produs\/gratar-gaz-pentru-catering-2-arzatoare\/\" \/>\n<meta property=\"og:site_name\" content=\"distribuci\u00f3n ARC\" \/>\n<meta property=\"article:modified_time\" content=\"2020-09-27T10:01:49+00:00\" \/>\n<meta property=\"og:image\" content=\"https:\/\/distribucionarc.com\/wp-content\/uploads\/2020\/07\/Barbacoa-de-gas-para-hosteler\u00eda-2-quemadores-1.jpg\" \/>\n\t<meta property=\"og:image:width\" content=\"1000\" \/>\n\t<meta property=\"og:image:height\" content=\"1000\" \/>\n\t<meta property=\"og:image:type\" content=\"image\/jpeg\" \/>\n<meta name=\"twitter:card\" content=\"summary_large_image\" \/>\n<meta name=\"twitter:label1\" content=\"Timp estimat pentru citire\" \/>\n\t<meta name=\"twitter:data1\" content=\"1 minut\" \/>\n<script type=\"application\/ld+json\" class=\"yoast-schema-graph\">{\"@context\":\"https:\/\/schema.org\",\"@graph\":[{\"@type\":\"WebPage\",\"@id\":\"https:\/\/distribucionarc.com\/pt\/producto\/barbacoa-de-gas-para-hosteleria-2-quemadores\/\",\"url\":\"https:\/\/distribucionarc.com\/pt\/producto\/barbacoa-de-gas-para-hosteleria-2-quemadores\/\",\"name\":\"Barbacoa de gas para hosteler\u00eda 2 quemadores - distribuci\u00f3n ARC\",\"isPartOf\":{\"@id\":\"https:\/\/www.distribucionarc.com\/de\/#website\"},\"primaryImageOfPage\":{\"@id\":\"https:\/\/distribucionarc.com\/pt\/producto\/barbacoa-de-gas-para-hosteleria-2-quemadores\/#primaryimage\"},\"image\":{\"@id\":\"https:\/\/distribucionarc.com\/pt\/producto\/barbacoa-de-gas-para-hosteleria-2-quemadores\/#primaryimage\"},\"thumbnailUrl\":\"https:\/\/distribucionarc.com\/wp-content\/uploads\/2020\/07\/Barbacoa-de-gas-para-hosteler\u00eda-2-quemadores-1.jpg\",\"datePublished\":\"2020-07-25T16:39:58+00:00\",\"dateModified\":\"2020-09-27T10:01:49+00:00\",\"breadcrumb\":{\"@id\":\"https:\/\/distribucionarc.com\/pt\/producto\/barbacoa-de-gas-para-hosteleria-2-quemadores\/#breadcrumb\"},\"inLanguage\":\"ro-RO\",\"potentialAction\":[{\"@type\":\"ReadAction\",\"target\":[\"https:\/\/distribucionarc.com\/pt\/producto\/barbacoa-de-gas-para-hosteleria-2-quemadores\/\"]}]},{\"@type\":\"ImageObject\",\"inLanguage\":\"ro-RO\",\"@id\":\"https:\/\/distribucionarc.com\/pt\/producto\/barbacoa-de-gas-para-hosteleria-2-quemadores\/#primaryimage\",\"url\":\"https:\/\/distribucionarc.com\/wp-content\/uploads\/2020\/07\/Barbacoa-de-gas-para-hosteler\u00eda-2-quemadores-1.jpg\",\"contentUrl\":\"https:\/\/distribucionarc.com\/wp-content\/uploads\/2020\/07\/Barbacoa-de-gas-para-hosteler\u00eda-2-quemadores-1.jpg\",\"width\":1000,\"height\":1000,\"caption\":\"Barbacoa de gas para hosteler\u00eda 2 quemadores\"},{\"@type\":\"BreadcrumbList\",\"@id\":\"https:\/\/distribucionarc.com\/pt\/producto\/barbacoa-de-gas-para-hosteleria-2-quemadores\/#breadcrumb\",\"itemListElement\":[{\"@type\":\"ListItem\",\"position\":1,\"name\":\"Portada\",\"item\":\"https:\/\/www.distribucionarc.com\/en\/\"},{\"@type\":\"ListItem\",\"position\":2,\"name\":\"Products\",\"item\":\"https:\/\/www.distribucionarc.com\/en\/shop\/\"},{\"@type\":\"ListItem\",\"position\":3,\"name\":\"Barbacoa de gas para hosteler\u00eda 2 quemadores\"}]},{\"@type\":\"WebSite\",\"@id\":\"https:\/\/www.distribucionarc.com\/de\/#website\",\"url\":\"https:\/\/www.distribucionarc.com\/de\/\",\"name\":\"distribuci\u00f3n ARC\",\"description\":\"Empresa especializada en la fabricaci\u00f3n y distribuci\u00f3n de maquinaria industrial, selladoras de latas, Maquinas de hacer pastillas, Maquinas de cortar carne...\",\"publisher\":{\"@id\":\"https:\/\/www.distribucionarc.com\/de\/#organization\"},\"potentialAction\":[{\"@type\":\"SearchAction\",\"target\":{\"@type\":\"EntryPoint\",\"urlTemplate\":\"https:\/\/www.distribucionarc.com\/de\/?s={search_term_string}\"},\"query-input\":{\"@type\":\"PropertyValueSpecification\",\"valueRequired\":true,\"valueName\":\"search_term_string\"}}],\"inLanguage\":\"ro-RO\"},{\"@type\":\"Organization\",\"@id\":\"https:\/\/www.distribucionarc.com\/de\/#organization\",\"name\":\"Distribuci\u00f3n ARC\",\"url\":\"https:\/\/www.distribucionarc.com\/de\/\",\"logo\":{\"@type\":\"ImageObject\",\"inLanguage\":\"ro-RO\",\"@id\":\"https:\/\/www.distribucionarc.com\/de\/#\/schema\/logo\/image\/\",\"url\":\"https:\/\/distribucionarc.com\/wp-content\/uploads\/2024\/10\/distribucion-ARC-COLOR-SIN-FONDO-e1732295305345.png\",\"contentUrl\":\"https:\/\/distribucionarc.com\/wp-content\/uploads\/2024\/10\/distribucion-ARC-COLOR-SIN-FONDO-e1732295305345.png\",\"width\":1164,\"height\":558,\"caption\":\"Distribuci\u00f3n ARC\"},\"image\":{\"@id\":\"https:\/\/www.distribucionarc.com\/de\/#\/schema\/logo\/image\/\"},\"description\":\"Empresa especializada en la fabricaci\u00f3n y distribuci\u00f3n de maquinaria industrial para los sectores alimentario y farmac\u00e9utico. Nos especializamos en: M\u00e1quinas de cortar carne Fabricaci\u00f3n de comprimidos Sistemas de transporte industrial L\u00edneas de embotellado Dosificadores Y mucho m\u00e1s... Ofrecemos soluciones innovadoras y personalizadas para optimizar los procesos productivos de tu empresa.\",\"email\":\"Admistracion@distribucionarc.com\",\"telephone\":\"+34 643496664\",\"legalName\":\"ARC TECH SOLUTIONS\",\"foundingDate\":\"2024-04-09\",\"vatID\":\"B55480172\",\"numberOfEmployees\":{\"@type\":\"QuantitativeValue\",\"minValue\":\"1\",\"maxValue\":\"10\"}}]}<\/script>\n<!-- \/ Yoast SEO Premium plugin. -->","yoast_head_json":{"title":"Gratar pe gaz pentru catering cu 2 arzatoare - distributie ARC","robots":{"index":"index","follow":"follow","max-snippet":"max-snippet:-1","max-image-preview":"max-image-preview:large","max-video-preview":"max-video-preview:-1"},"canonical":"https:\/\/distribucionarc.com\/ro\/produs\/gratar-gaz-pentru-catering-2-arzatoare\/","og_locale":"ro_RO","og_type":"article","og_title":"Barbacoa de gas para hosteler\u00eda 2 quemadores","og_description":"Barbacoa de gas para hosteler\u00eda 2 quemadores Las barbacoas a gas de ARC est\u00e1n fabricadas con los mejores y m\u00e1s innovadores materiales para obtener un sabor, efecto visual, olor \u00a0de aut\u00e9ntica parrilla.  Si lo que buscas es rentabilidad, las barbacoas a gas de ARC cumplir\u00e1n con tus necesidades. Olv\u00eddate del mantenimiento de la piedra volc\u00e1nica y apuesta por unos quemadores eficientes protegidos, para asegurar la durabilidad de la parrilla a gas y proporcionarte un marcado perfecto de tus carnes, pescados, vegetales, tofu, etc. La barbacoa a gas ARCB2G dispone de dos quemadores con control de temperatura ajustable para cada quemador. Garant\u00eda\u00a0ARC 2 A\u00d1OS soporte t\u00e9cnico incluido","og_url":"https:\/\/distribucionarc.com\/ro\/produs\/gratar-gaz-pentru-catering-2-arzatoare\/","og_site_name":"distribuci\u00f3n ARC","article_modified_time":"2020-09-27T10:01:49+00:00","og_image":[{"width":1000,"height":1000,"url":"https:\/\/distribucionarc.com\/wp-content\/uploads\/2020\/07\/Barbacoa-de-gas-para-hosteler\u00eda-2-quemadores-1.jpg","type":"image\/jpeg"}],"twitter_card":"summary_large_image","twitter_misc":{"Timp estimat pentru citire":"1 minut"},"schema":{"@context":"https:\/\/schema.org","@graph":[{"@type":"WebPage","@id":"https:\/\/distribucionarc.com\/pt\/producto\/barbacoa-de-gas-para-hosteleria-2-quemadores\/","url":"https:\/\/distribucionarc.com\/pt\/producto\/barbacoa-de-gas-para-hosteleria-2-quemadores\/","name":"Gratar pe gaz pentru catering cu 2 arzatoare - distributie ARC","isPartOf":{"@id":"https:\/\/www.distribucionarc.com\/de\/#website"},"primaryImageOfPage":{"@id":"https:\/\/distribucionarc.com\/pt\/producto\/barbacoa-de-gas-para-hosteleria-2-quemadores\/#primaryimage"},"image":{"@id":"https:\/\/distribucionarc.com\/pt\/producto\/barbacoa-de-gas-para-hosteleria-2-quemadores\/#primaryimage"},"thumbnailUrl":"https:\/\/distribucionarc.com\/wp-content\/uploads\/2020\/07\/Barbacoa-de-gas-para-hosteler\u00eda-2-quemadores-1.jpg","datePublished":"2020-07-25T16:39:58+00:00","dateModified":"2020-09-27T10:01:49+00:00","breadcrumb":{"@id":"https:\/\/distribucionarc.com\/pt\/producto\/barbacoa-de-gas-para-hosteleria-2-quemadores\/#breadcrumb"},"inLanguage":"ro-RO","potentialAction":[{"@type":"ReadAction","target":["https:\/\/distribucionarc.com\/pt\/producto\/barbacoa-de-gas-para-hosteleria-2-quemadores\/"]}]},{"@type":"ImageObject","inLanguage":"ro-RO","@id":"https:\/\/distribucionarc.com\/pt\/producto\/barbacoa-de-gas-para-hosteleria-2-quemadores\/#primaryimage","url":"https:\/\/distribucionarc.com\/wp-content\/uploads\/2020\/07\/Barbacoa-de-gas-para-hosteler\u00eda-2-quemadores-1.jpg","contentUrl":"https:\/\/distribucionarc.com\/wp-content\/uploads\/2020\/07\/Barbacoa-de-gas-para-hosteler\u00eda-2-quemadores-1.jpg","width":1000,"height":1000,"caption":"Barbacoa de gas para hosteler\u00eda 2 quemadores"},{"@type":"BreadcrumbList","@id":"https:\/\/distribucionarc.com\/pt\/producto\/barbacoa-de-gas-para-hosteleria-2-quemadores\/#breadcrumb","itemListElement":[{"@type":"ListItem","position":1,"name":"Portada","item":"https:\/\/www.distribucionarc.com\/en\/"},{"@type":"ListItem","position":2,"name":"Products","item":"https:\/\/www.distribucionarc.com\/en\/shop\/"},{"@type":"ListItem","position":3,"name":"Barbacoa de gas para hosteler\u00eda 2 quemadores"}]},{"@type":"WebSite","@id":"https:\/\/www.distribucionarc.com\/de\/#website","url":"https:\/\/www.distribucionarc.com\/de\/","name":"Distribu\u021bie ARC","description":"Companie specializat\u0103 \u00een fabricarea \u0219i distribu\u021bia de utilaje industriale, ma\u0219ini de sigilat cutii, ma\u0219ini de fabricat tablete, ma\u0219ini de t\u0103iat carne...","publisher":{"@id":"https:\/\/www.distribucionarc.com\/de\/#organization"},"potentialAction":[{"@type":"SearchAction","target":{"@type":"EntryPoint","urlTemplate":"https:\/\/www.distribucionarc.com\/de\/?s={search_term_string}"},"query-input":{"@type":"PropertyValueSpecification","valueRequired":true,"valueName":"search_term_string"}}],"inLanguage":"ro-RO"},{"@type":"Organization","@id":"https:\/\/www.distribucionarc.com\/de\/#organization","name":"Distribu\u021bie ARC","url":"https:\/\/www.distribucionarc.com\/de\/","logo":{"@type":"ImageObject","inLanguage":"ro-RO","@id":"https:\/\/www.distribucionarc.com\/de\/#\/schema\/logo\/image\/","url":"https:\/\/distribucionarc.com\/wp-content\/uploads\/2024\/10\/distribucion-ARC-COLOR-SIN-FONDO-e1732295305345.png","contentUrl":"https:\/\/distribucionarc.com\/wp-content\/uploads\/2024\/10\/distribucion-ARC-COLOR-SIN-FONDO-e1732295305345.png","width":1164,"height":558,"caption":"Distribuci\u00f3n ARC"},"image":{"@id":"https:\/\/www.distribucionarc.com\/de\/#\/schema\/logo\/image\/"},"description":"Companie specializat\u0103 \u00een fabricarea \u0219i distribu\u021bia de utilaje industriale pentru sectoarele alimentar \u0219i farmaceutic. Suntem specializa\u021bi \u00een: Ma\u0219ini de t\u0103iat carne Fabricarea tabletelor Sisteme de transport industrial Linii de \u00eembuteliere Distribuitoare \u0218i multe altele... Oferim solu\u021bii inovatoare \u0219i personalizate pentru a optimiza procesele de produc\u021bie ale companiei dumneavoastr\u0103.","email":"Admistracion@distribucionarc.com","telephone":"+34 643496664","legalName":"ARC TECH SOLUTIONS","foundingDate":"2024-04-09","vatID":"B55480172","numberOfEmployees":{"@type":"QuantitativeValue","minValue":"1","maxValue":"10"}}]}},"_links":{"self":[{"href":"https:\/\/distribucionarc.com\/ro\/wp-json\/wp\/v2\/product\/1501","targetHints":{"allow":["GET"]}}],"collection":[{"href":"https:\/\/distribucionarc.com\/ro\/wp-json\/wp\/v2\/product"}],"about":[{"href":"https:\/\/distribucionarc.com\/ro\/wp-json\/wp\/v2\/types\/product"}],"replies":[{"embeddable":true,"href":"https:\/\/distribucionarc.com\/ro\/wp-json\/wp\/v2\/comments?post=1501"}],"version-history":[{"count":0,"href":"https:\/\/distribucionarc.com\/ro\/wp-json\/wp\/v2\/product\/1501\/revisions"}],"wp:featuredmedia":[{"embeddable":true,"href":"https:\/\/distribucionarc.com\/ro\/wp-json\/wp\/v2\/media\/1503"}],"wp:attachment":[{"href":"https:\/\/distribucionarc.com\/ro\/wp-json\/wp\/v2\/media?parent=1501"}],"wp:term":[{"taxonomy":"product_brand","embeddable":true,"href":"https:\/\/distribucionarc.com\/ro\/wp-json\/wp\/v2\/product_brand?post=1501"},{"taxonomy":"product_cat","embeddable":true,"href":"https:\/\/distribucionarc.com\/ro\/wp-json\/wp\/v2\/product_cat?post=1501"},{"taxonomy":"product_tag","embeddable":true,"href":"https:\/\/distribucionarc.com\/ro\/wp-json\/wp\/v2\/product_tag?post=1501"}],"curies":[{"name":"wp","href":"https:\/\/api.w.org\/{rel}","templated":true}]}}