{"id":1530,"date":"2020-07-27T09:21:21","date_gmt":"2020-07-27T09:21:21","guid":{"rendered":"https:\/\/distribucionarc.com\/?post_type=product&#038;p=1530"},"modified":"2020-09-27T10:12:39","modified_gmt":"2020-09-27T10:12:39","slug":"taietor-profesionist-cartofi-prajiti","status":"publish","type":"product","link":"https:\/\/distribucionarc.com\/ro\/producto\/cortador-de-patatas-fritas-profesional\/","title":{"rendered":"Cutter profesionist pentru pr\u0103ji\u021bi"},"content":{"rendered":"<h3>Cutter profesionist pentru pr\u0103ji\u021bi<\/h3>\n<p>The<strong> feliere electric\u0103 de cartofi <span style=\"color: #ff0000;\">LA<\/span><span style=\"color: #0000ff;\">R<\/span><\/strong>C este fabricat din o\u021bel inoxidabil alimentar, robust \u0219i durabil. Baza mare rezistent\u0103 previne \u00een mod eficient r\u0103sturnarea ma\u0219inii.<\/p>\n<p>Lucr\u0103rile de t\u0103iere eficiente pot fi realizate cu u\u0219urin\u021b\u0103 cu o singur\u0103 m\u00e2n\u0103. Comutatorul controleaz\u0103 mi\u0219carea \u00eenainte \u0219i \u00eenapoi a formei lamei.<\/p>\n<p>El<strong> t\u0103ietor electric de cartofi <span style=\"color: #ff0000;\">LA<\/span><span style=\"color: #0000ff;\">R<\/span>CCPP1<\/strong> Vine cu 3 forme de lame de diferite dimensiuni, inclusiv o lam\u0103 de 8 x 8 mm, una de 10 x 10 mm \u0219i o lam\u0103 de 12 x 12 mm. foaie. Include un bol suplimentar din o\u021bel inoxidabil.<\/p>\n<p>\u00cen timpul func\u021bion\u0103rii, c\u00e2nd ma\u0219ina electric\u0103 de t\u0103iat cartofi ajunge \u00een pozi\u021bia dorit\u0103, dispozitivul de protec\u021bie este activat pentru a \u00eentrerupe automat alimentarea cu energie.<\/p>\n<p>Formele lamelor \u0219i blocurile de presiune sunt deta\u0219abile, astfel \u00eenc\u00e2t s\u0103 poat\u0103 fi asamblate cu u\u0219urin\u021b\u0103 pentru o cur\u0103\u021bare \u0219i \u00eentre\u021binere u\u0219oar\u0103.<\/p>\n<p>Folosit pe scar\u0103 larg\u0103 pentru a procesa unele materii prime \u00een cartofi \u0219i cartofi pr\u0103ji\u021bi. Potrivit \u00een special pentru fructe \u0219i legume moi \u0219i semi-moi.<\/p>\n<h6>garan\u021bie<strong>\u00a0<span style=\"color: #ff0000;\">LA<\/span><span style=\"color: #0000ff;\">R<\/span>c<\/strong><\/h6>\n<h6><span style=\"color: #008000;\"><strong>Cutter profesionist de prajiti, consum redus 20w<\/strong><\/span><\/h6>\n<h6>suport tehnic inclus<\/h6>\n<p>&nbsp;<\/p>\n<table role=\"presentation\" width=\"100%\" cellspacing=\"0\" cellpadding=\"0\">\n<tbody>\n<tr>\n<td class=\"attrLabels\">Garantie:<\/td>\n<td width=\"50.0%\">\u00a0ARC 2 ANI<\/td>\n<\/tr>\n<tr>\n<td class=\"attrLabels\">\u021aara de distribu\u021bie:<\/td>\n<td width=\"50.0%\">Spania, Germania, SUA<\/td>\n<td class=\"attrLabels\">Greutate:<\/td>\n<td width=\"50.0%\">8,2 kg<\/td>\n<\/tr>\n<tr>\n<td class=\"attrLabels\">Marca:<\/td>\n<td width=\"50.0%\">ARC<\/td>\n<td class=\"attrLabels\">\u00cen\u0103l\u0163ime:<\/td>\n<td width=\"50.0%\">\u00a051 cm<\/td>\n<\/tr>\n<tr>\n<td class=\"attrLabels\">Culoare:<\/td>\n<td width=\"50.0%\">Argint<\/td>\n<td class=\"attrLabels\">Lung:<\/td>\n<td width=\"50.0%\">22 cm<\/td>\n<\/tr>\n<tr>\n<td class=\"attrLabels\">Tip produs:<\/td>\n<td width=\"50.0%\">cuptor cu friteuz\u0103 cu aer cald<\/td>\n<td class=\"attrLabels\">Larg:<\/td>\n<td width=\"50.0%\">26 cm<\/td>\n<\/tr>\n<tr>\n<td class=\"attrLabels\">Numar producator:<\/td>\n<td width=\"50.0%\">ARCCPP1<\/td>\n<td class=\"attrLabels\">Putere:<\/td>\n<td width=\"50.0%\">20W<\/td>\n<\/tr>\n<tr>\n<td class=\"attrLabels\">Material:<\/td>\n<td width=\"50.0%\">o\u0163el inoxidabil<\/td>\n<td class=\"attrLabels\">tensiune de intrare<\/td>\n<td width=\"50.0%\">220V \u2013 50Hz<\/td>\n<\/tr>\n<tr>\n<td class=\"attrLabels\">Tip de t\u0103iere:<\/td>\n<td width=\"50.0%\">\u00a08\u00d78mm \/ 10\u00d710mm \/ 12\u00d712mm<\/td>\n<td class=\"attrLabels\"><\/td>\n<td width=\"50.0%\"><\/td>\n<\/tr>\n<tr>\n<td class=\"attrLabels\">Instrumente de instalare:<\/td>\n<td width=\"50.0%\">Da<\/td>\n<td class=\"attrLabels\"><\/td>\n<td width=\"50.0%\"><\/td>\n<\/tr>\n<\/tbody>\n<\/table>","protected":false},"excerpt":{"rendered":"<h2>Cutter profesionist pentru pr\u0103ji\u021bi<\/h2>\n<p>El<strong> t\u0103ietor electric pentru pr\u0103ji\u021bi<\/strong> de <strong><span style=\"color: #ff0000;\">LA<\/span><span style=\"color: #0000ff;\">R<\/span>c<\/strong> Va oferi cartofilor t\u0103i de cas\u0103 o t\u0103ietur\u0103 profesional\u0103, economisind timp \u0219i bani.<\/p>\n<p>Acest <strong>t\u0103ietor electric pentru pr\u0103ji\u021bi<\/strong> Nu necesita manoper\u0103, economise\u0219te mult timp \u0219i efort \u00een preg\u0103tire \u0219i evit\u0103 r\u0103nile cauzate de lame. Este adesea folosit \u00een restaurantele fast-food, cantine \u0219i case private pentru a procesa materiile prime \u00een cartofi \u0219i cartofi pr\u0103ji\u021bi, ceea ce este foarte practic \u0219i economise\u0219te for\u021ba de munc\u0103.<\/p>\n<h6>garan\u021bie<strong>\u00a0<span style=\"color: #ff0000;\">LA<\/span><span style=\"color: #0000ff;\">R<\/span>c<\/strong><\/h6>\n<h6><span style=\"color: #008000;\"><strong>Cutter profesionist de prajiti, consum redus 20w<\/strong><\/span><\/h6>\n<h6>suport tehnic inclus<\/h6>\n<p>&nbsp;<\/p>\n<p>&nbsp;<\/p>","protected":false},"featured_media":1537,"comment_status":"open","ping_status":"closed","template":"","meta":{"wds_primary_product_brand":0,"wds_primary_product_cat":0},"product_brand":[],"product_cat":[43],"product_tag":[],"class_list":{"0":"post-1530","1":"product","2":"type-product","3":"status-publish","4":"has-post-thumbnail","6":"product_cat-cortadoras-de-alimentos","7":"product_shipping_class-hosteleria","9":"first","10":"instock","11":"sale","12":"taxable","13":"shipping-taxable","14":"purchasable","15":"product-type-simple"},"yoast_head":"<!-- This site is optimized with the Yoast SEO Premium plugin v24.9 (Yoast SEO v26.1) - https:\/\/yoast.com\/wordpress\/plugins\/seo\/ -->\n<title>Cortador de patatas fritas profesional - distribuci\u00f3n ARC<\/title>\n<meta name=\"robots\" content=\"index, follow, max-snippet:-1, max-image-preview:large, max-video-preview:-1\" \/>\n<link rel=\"canonical\" href=\"https:\/\/distribucionarc.com\/ro\/produs\/taietor-profesionist-cartofi-prajiti\/\" \/>\n<meta property=\"og:locale\" content=\"ro_RO\" \/>\n<meta property=\"og:type\" content=\"article\" \/>\n<meta property=\"og:title\" content=\"Cortador de patatas fritas profesional\" \/>\n<meta property=\"og:description\" content=\"Cortador de patatas fritas profesional El cortador de patatas fritas el\u00e9ctrica de ARC har\u00e1 que sus patatas caseras tengan un corte de profesional, ahorre tiempo y dinero.  Este cortador de patatas fritas el\u00e9ctricas no requiere ning\u00fan mano de obra, ahorra mucho tiempo y esfuerzo en la preparaci\u00f3n y evita lesiones causadas por las cuchillas. A menudo se utiliza en restaurantes de comida r\u00e1pida, comedores y casas particulares para procesar materias primas en papas y patatas fritas, que es muy pr\u00e1ctico y ahorra mano de obra Garant\u00eda\u00a0ARC Cortador de patatas fritas profesional, bajo consumo 20w soporte t\u00e9cnico\u00a0incluido &nbsp;  &nbsp;\" \/>\n<meta property=\"og:url\" content=\"https:\/\/distribucionarc.com\/ro\/produs\/taietor-profesionist-cartofi-prajiti\/\" \/>\n<meta property=\"og:site_name\" content=\"distribuci\u00f3n ARC\" \/>\n<meta property=\"article:modified_time\" content=\"2020-09-27T10:12:39+00:00\" \/>\n<meta property=\"og:image\" content=\"https:\/\/distribucionarc.com\/wp-content\/uploads\/2020\/07\/Cortador-de-patatas-fritas-profesional-0.jpg\" \/>\n\t<meta property=\"og:image:width\" content=\"1600\" \/>\n\t<meta property=\"og:image:height\" content=\"1600\" \/>\n\t<meta property=\"og:image:type\" content=\"image\/jpeg\" \/>\n<meta name=\"twitter:card\" content=\"summary_large_image\" \/>\n<meta name=\"twitter:label1\" content=\"Timp estimat pentru citire\" \/>\n\t<meta name=\"twitter:data1\" content=\"1 minut\" \/>\n<script type=\"application\/ld+json\" class=\"yoast-schema-graph\">{\"@context\":\"https:\/\/schema.org\",\"@graph\":[{\"@type\":\"WebPage\",\"@id\":\"https:\/\/distribucionarc.com\/de\/producto\/cortador-de-patatas-fritas-profesional\/\",\"url\":\"https:\/\/distribucionarc.com\/de\/producto\/cortador-de-patatas-fritas-profesional\/\",\"name\":\"Cortador de patatas fritas profesional - distribuci\u00f3n ARC\",\"isPartOf\":{\"@id\":\"https:\/\/www.distribucionarc.com\/de\/#website\"},\"primaryImageOfPage\":{\"@id\":\"https:\/\/distribucionarc.com\/de\/producto\/cortador-de-patatas-fritas-profesional\/#primaryimage\"},\"image\":{\"@id\":\"https:\/\/distribucionarc.com\/de\/producto\/cortador-de-patatas-fritas-profesional\/#primaryimage\"},\"thumbnailUrl\":\"https:\/\/distribucionarc.com\/wp-content\/uploads\/2020\/07\/Cortador-de-patatas-fritas-profesional-0.jpg\",\"datePublished\":\"2020-07-27T09:21:21+00:00\",\"dateModified\":\"2020-09-27T10:12:39+00:00\",\"breadcrumb\":{\"@id\":\"https:\/\/distribucionarc.com\/de\/producto\/cortador-de-patatas-fritas-profesional\/#breadcrumb\"},\"inLanguage\":\"ro-RO\",\"potentialAction\":[{\"@type\":\"ReadAction\",\"target\":[\"https:\/\/distribucionarc.com\/de\/producto\/cortador-de-patatas-fritas-profesional\/\"]}]},{\"@type\":\"ImageObject\",\"inLanguage\":\"ro-RO\",\"@id\":\"https:\/\/distribucionarc.com\/de\/producto\/cortador-de-patatas-fritas-profesional\/#primaryimage\",\"url\":\"https:\/\/distribucionarc.com\/wp-content\/uploads\/2020\/07\/Cortador-de-patatas-fritas-profesional-0.jpg\",\"contentUrl\":\"https:\/\/distribucionarc.com\/wp-content\/uploads\/2020\/07\/Cortador-de-patatas-fritas-profesional-0.jpg\",\"width\":1600,\"height\":1600,\"caption\":\"Cortador de patatas fritas profesional\"},{\"@type\":\"BreadcrumbList\",\"@id\":\"https:\/\/distribucionarc.com\/de\/producto\/cortador-de-patatas-fritas-profesional\/#breadcrumb\",\"itemListElement\":[{\"@type\":\"ListItem\",\"position\":1,\"name\":\"Portada\",\"item\":\"https:\/\/www.distribucionarc.com\/en\/\"},{\"@type\":\"ListItem\",\"position\":2,\"name\":\"Products\",\"item\":\"https:\/\/www.distribucionarc.com\/en\/shop\/\"},{\"@type\":\"ListItem\",\"position\":3,\"name\":\"Cortador de patatas fritas profesional\"}]},{\"@type\":\"WebSite\",\"@id\":\"https:\/\/www.distribucionarc.com\/de\/#website\",\"url\":\"https:\/\/www.distribucionarc.com\/de\/\",\"name\":\"distribuci\u00f3n ARC\",\"description\":\"Empresa especializada en la fabricaci\u00f3n y distribuci\u00f3n de maquinaria industrial, selladoras de latas, Maquinas de hacer pastillas, Maquinas de cortar carne...\",\"publisher\":{\"@id\":\"https:\/\/www.distribucionarc.com\/de\/#organization\"},\"potentialAction\":[{\"@type\":\"SearchAction\",\"target\":{\"@type\":\"EntryPoint\",\"urlTemplate\":\"https:\/\/www.distribucionarc.com\/de\/?s={search_term_string}\"},\"query-input\":{\"@type\":\"PropertyValueSpecification\",\"valueRequired\":true,\"valueName\":\"search_term_string\"}}],\"inLanguage\":\"ro-RO\"},{\"@type\":\"Organization\",\"@id\":\"https:\/\/www.distribucionarc.com\/de\/#organization\",\"name\":\"Distribuci\u00f3n ARC\",\"url\":\"https:\/\/www.distribucionarc.com\/de\/\",\"logo\":{\"@type\":\"ImageObject\",\"inLanguage\":\"ro-RO\",\"@id\":\"https:\/\/www.distribucionarc.com\/de\/#\/schema\/logo\/image\/\",\"url\":\"https:\/\/distribucionarc.com\/wp-content\/uploads\/2024\/10\/distribucion-ARC-COLOR-SIN-FONDO-e1732295305345.png\",\"contentUrl\":\"https:\/\/distribucionarc.com\/wp-content\/uploads\/2024\/10\/distribucion-ARC-COLOR-SIN-FONDO-e1732295305345.png\",\"width\":1164,\"height\":558,\"caption\":\"Distribuci\u00f3n ARC\"},\"image\":{\"@id\":\"https:\/\/www.distribucionarc.com\/de\/#\/schema\/logo\/image\/\"},\"description\":\"Empresa especializada en la fabricaci\u00f3n y distribuci\u00f3n de maquinaria industrial para los sectores alimentario y farmac\u00e9utico. Nos especializamos en: M\u00e1quinas de cortar carne Fabricaci\u00f3n de comprimidos Sistemas de transporte industrial L\u00edneas de embotellado Dosificadores Y mucho m\u00e1s... Ofrecemos soluciones innovadoras y personalizadas para optimizar los procesos productivos de tu empresa.\",\"email\":\"Admistracion@distribucionarc.com\",\"telephone\":\"+34 643496664\",\"legalName\":\"ARC TECH SOLUTIONS\",\"foundingDate\":\"2024-04-09\",\"vatID\":\"B55480172\",\"numberOfEmployees\":{\"@type\":\"QuantitativeValue\",\"minValue\":\"1\",\"maxValue\":\"10\"}}]}<\/script>\n<!-- \/ Yoast SEO Premium plugin. -->","yoast_head_json":{"title":"Cutter profesionist de prajiti - distributie ARC","robots":{"index":"index","follow":"follow","max-snippet":"max-snippet:-1","max-image-preview":"max-image-preview:large","max-video-preview":"max-video-preview:-1"},"canonical":"https:\/\/distribucionarc.com\/ro\/produs\/taietor-profesionist-cartofi-prajiti\/","og_locale":"ro_RO","og_type":"article","og_title":"Cortador de patatas fritas profesional","og_description":"Cortador de patatas fritas profesional El cortador de patatas fritas el\u00e9ctrica de ARC har\u00e1 que sus patatas caseras tengan un corte de profesional, ahorre tiempo y dinero.  Este cortador de patatas fritas el\u00e9ctricas no requiere ning\u00fan mano de obra, ahorra mucho tiempo y esfuerzo en la preparaci\u00f3n y evita lesiones causadas por las cuchillas. A menudo se utiliza en restaurantes de comida r\u00e1pida, comedores y casas particulares para procesar materias primas en papas y patatas fritas, que es muy pr\u00e1ctico y ahorra mano de obra Garant\u00eda\u00a0ARC Cortador de patatas fritas profesional, bajo consumo 20w soporte t\u00e9cnico\u00a0incluido &nbsp;  &nbsp;","og_url":"https:\/\/distribucionarc.com\/ro\/produs\/taietor-profesionist-cartofi-prajiti\/","og_site_name":"distribuci\u00f3n ARC","article_modified_time":"2020-09-27T10:12:39+00:00","og_image":[{"width":1600,"height":1600,"url":"https:\/\/distribucionarc.com\/wp-content\/uploads\/2020\/07\/Cortador-de-patatas-fritas-profesional-0.jpg","type":"image\/jpeg"}],"twitter_card":"summary_large_image","twitter_misc":{"Timp estimat pentru citire":"1 minut"},"schema":{"@context":"https:\/\/schema.org","@graph":[{"@type":"WebPage","@id":"https:\/\/distribucionarc.com\/de\/producto\/cortador-de-patatas-fritas-profesional\/","url":"https:\/\/distribucionarc.com\/de\/producto\/cortador-de-patatas-fritas-profesional\/","name":"Cutter profesionist de prajiti - distributie ARC","isPartOf":{"@id":"https:\/\/www.distribucionarc.com\/de\/#website"},"primaryImageOfPage":{"@id":"https:\/\/distribucionarc.com\/de\/producto\/cortador-de-patatas-fritas-profesional\/#primaryimage"},"image":{"@id":"https:\/\/distribucionarc.com\/de\/producto\/cortador-de-patatas-fritas-profesional\/#primaryimage"},"thumbnailUrl":"https:\/\/distribucionarc.com\/wp-content\/uploads\/2020\/07\/Cortador-de-patatas-fritas-profesional-0.jpg","datePublished":"2020-07-27T09:21:21+00:00","dateModified":"2020-09-27T10:12:39+00:00","breadcrumb":{"@id":"https:\/\/distribucionarc.com\/de\/producto\/cortador-de-patatas-fritas-profesional\/#breadcrumb"},"inLanguage":"ro-RO","potentialAction":[{"@type":"ReadAction","target":["https:\/\/distribucionarc.com\/de\/producto\/cortador-de-patatas-fritas-profesional\/"]}]},{"@type":"ImageObject","inLanguage":"ro-RO","@id":"https:\/\/distribucionarc.com\/de\/producto\/cortador-de-patatas-fritas-profesional\/#primaryimage","url":"https:\/\/distribucionarc.com\/wp-content\/uploads\/2020\/07\/Cortador-de-patatas-fritas-profesional-0.jpg","contentUrl":"https:\/\/distribucionarc.com\/wp-content\/uploads\/2020\/07\/Cortador-de-patatas-fritas-profesional-0.jpg","width":1600,"height":1600,"caption":"Cortador de patatas fritas profesional"},{"@type":"BreadcrumbList","@id":"https:\/\/distribucionarc.com\/de\/producto\/cortador-de-patatas-fritas-profesional\/#breadcrumb","itemListElement":[{"@type":"ListItem","position":1,"name":"Portada","item":"https:\/\/www.distribucionarc.com\/en\/"},{"@type":"ListItem","position":2,"name":"Products","item":"https:\/\/www.distribucionarc.com\/en\/shop\/"},{"@type":"ListItem","position":3,"name":"Cortador de patatas fritas profesional"}]},{"@type":"WebSite","@id":"https:\/\/www.distribucionarc.com\/de\/#website","url":"https:\/\/www.distribucionarc.com\/de\/","name":"Distribu\u021bie ARC","description":"Companie specializat\u0103 \u00een fabricarea \u0219i distribu\u021bia de utilaje industriale, ma\u0219ini de sigilat cutii, ma\u0219ini de fabricat tablete, ma\u0219ini de t\u0103iat carne...","publisher":{"@id":"https:\/\/www.distribucionarc.com\/de\/#organization"},"potentialAction":[{"@type":"SearchAction","target":{"@type":"EntryPoint","urlTemplate":"https:\/\/www.distribucionarc.com\/de\/?s={search_term_string}"},"query-input":{"@type":"PropertyValueSpecification","valueRequired":true,"valueName":"search_term_string"}}],"inLanguage":"ro-RO"},{"@type":"Organization","@id":"https:\/\/www.distribucionarc.com\/de\/#organization","name":"Distribu\u021bie ARC","url":"https:\/\/www.distribucionarc.com\/de\/","logo":{"@type":"ImageObject","inLanguage":"ro-RO","@id":"https:\/\/www.distribucionarc.com\/de\/#\/schema\/logo\/image\/","url":"https:\/\/distribucionarc.com\/wp-content\/uploads\/2024\/10\/distribucion-ARC-COLOR-SIN-FONDO-e1732295305345.png","contentUrl":"https:\/\/distribucionarc.com\/wp-content\/uploads\/2024\/10\/distribucion-ARC-COLOR-SIN-FONDO-e1732295305345.png","width":1164,"height":558,"caption":"Distribuci\u00f3n ARC"},"image":{"@id":"https:\/\/www.distribucionarc.com\/de\/#\/schema\/logo\/image\/"},"description":"Companie specializat\u0103 \u00een fabricarea \u0219i distribu\u021bia de utilaje industriale pentru sectoarele alimentar \u0219i farmaceutic. Suntem specializa\u021bi \u00een: Ma\u0219ini de t\u0103iat carne Fabricarea tabletelor Sisteme de transport industrial Linii de \u00eembuteliere Distribuitoare \u0218i multe altele... Oferim solu\u021bii inovatoare \u0219i personalizate pentru a optimiza procesele de produc\u021bie ale companiei dumneavoastr\u0103.","email":"Admistracion@distribucionarc.com","telephone":"+34 643496664","legalName":"ARC TECH SOLUTIONS","foundingDate":"2024-04-09","vatID":"B55480172","numberOfEmployees":{"@type":"QuantitativeValue","minValue":"1","maxValue":"10"}}]}},"_links":{"self":[{"href":"https:\/\/distribucionarc.com\/ro\/wp-json\/wp\/v2\/product\/1530","targetHints":{"allow":["GET"]}}],"collection":[{"href":"https:\/\/distribucionarc.com\/ro\/wp-json\/wp\/v2\/product"}],"about":[{"href":"https:\/\/distribucionarc.com\/ro\/wp-json\/wp\/v2\/types\/product"}],"replies":[{"embeddable":true,"href":"https:\/\/distribucionarc.com\/ro\/wp-json\/wp\/v2\/comments?post=1530"}],"version-history":[{"count":0,"href":"https:\/\/distribucionarc.com\/ro\/wp-json\/wp\/v2\/product\/1530\/revisions"}],"wp:featuredmedia":[{"embeddable":true,"href":"https:\/\/distribucionarc.com\/ro\/wp-json\/wp\/v2\/media\/1537"}],"wp:attachment":[{"href":"https:\/\/distribucionarc.com\/ro\/wp-json\/wp\/v2\/media?parent=1530"}],"wp:term":[{"taxonomy":"product_brand","embeddable":true,"href":"https:\/\/distribucionarc.com\/ro\/wp-json\/wp\/v2\/product_brand?post=1530"},{"taxonomy":"product_cat","embeddable":true,"href":"https:\/\/distribucionarc.com\/ro\/wp-json\/wp\/v2\/product_cat?post=1530"},{"taxonomy":"product_tag","embeddable":true,"href":"https:\/\/distribucionarc.com\/ro\/wp-json\/wp\/v2\/product_tag?post=1530"}],"curies":[{"name":"wp","href":"https:\/\/api.w.org\/{rel}","templated":true}]}}