{"id":1556,"date":"2020-07-27T17:47:28","date_gmt":"2020-07-27T17:47:28","guid":{"rendered":"https:\/\/distribucionarc.com\/?post_type=product&#038;p=1556"},"modified":"2020-09-27T10:19:49","modified_gmt":"2020-09-27T10:19:49","slug":"taietor-carne-pentru-doner-kebab","status":"publish","type":"product","link":"https:\/\/distribucionarc.com\/ro\/producto\/cortador-de-carne-para-kebab-doner\/","title":{"rendered":"Cutter de carne pentru D\u00f6ner Kebab"},"content":{"rendered":"<h3>Cutter de carne pentru D\u00f6ner Kebab<\/h3>\n<p>The <strong>feliator kebab<\/strong> de <strong><span style=\"color: #ff0000;\">LA<\/span><span style=\"color: #0000ff;\">R<\/span>c<\/strong> Este realizat dintr-o lam\u0103 din o\u021bel inoxidabil c\u0103lit pentru a asigura o durat\u0103 lung\u0103 de via\u021b\u0103 a ma\u0219inii. Lama este protejat\u0103 pentru a oferi securitate ridicat\u0103.<\/p>\n<p>Acest <strong>cu\u021bit t\u0103ietor kebab<\/strong> Se cur\u0103\u021b\u0103 u\u0219or cu un simplu \u0219urub de deblocare, po\u021bi regla grosimea t\u0103ieturii, are o piatr\u0103 pentru a men\u021bine lama ascu\u021bit\u0103 mult timp.<\/p>\n<p>Acest<strong> feliator kebab <span style=\"color: #ff0000;\">LA<\/span><span style=\"color: #0000ff;\">R<\/span>CCK1<\/strong> <span style=\"color: #008000;\"><strong>consum\u0103 mai pu\u021bin\u0103 energie<\/strong><\/span> dec\u00e2t altele de pe pia\u021b\u0103, m\u00e2nerul proiectat ergonomic \u00eel face mai confortabil de utilizat.<\/p>\n<h6>garan\u021bie<strong><span style=\"color: #ff0000;\">\u00a0LA<\/span><span style=\"color: #0000ff;\">R<\/span>c<\/strong><\/h6>\n<h6><span style=\"color: #008000;\"><strong>Cutter kebab profesional, consum redus 60w<\/strong><\/span><\/h6>\n<h6>suport tehnic inclus<\/h6>\n<p>&nbsp;<\/p>\n<table role=\"presentation\" width=\"100%\" cellspacing=\"0\" cellpadding=\"0\">\n<tbody>\n<tr>\n<td class=\"attrLabels\">Garantie:<\/td>\n<td width=\"50.0%\">ARC 2 ANI<\/td>\n<\/tr>\n<tr>\n<td class=\"attrLabels\">\u021aara de distribu\u021bie:<\/td>\n<td width=\"50.0%\">Spania, Germania, SUA<\/td>\n<td class=\"attrLabels\">Greutate:<\/td>\n<td width=\"50.0%\">1,50 Kg<\/td>\n<\/tr>\n<tr>\n<td class=\"attrLabels\">Marca:<\/td>\n<td width=\"50.0%\">ARC<\/td>\n<td class=\"attrLabels\">\u00cen\u0103l\u0163ime:<\/td>\n<td width=\"50.0%\">\u00a027 cm<\/td>\n<\/tr>\n<tr>\n<td class=\"attrLabels\">Culoare:<\/td>\n<td width=\"50.0%\">Argint<\/td>\n<td class=\"attrLabels\">Lung:<\/td>\n<td width=\"50.0%\">23 cm<\/td>\n<\/tr>\n<tr>\n<td class=\"attrLabels\">Tip produs:<\/td>\n<td width=\"50.0%\">T\u0103i\u0103tor profesional de kebab<\/td>\n<td class=\"attrLabels\">Larg:<\/td>\n<td width=\"50.0%\">18 cm<\/td>\n<\/tr>\n<tr>\n<td class=\"attrLabels\">Numar producator:<\/td>\n<td width=\"50.0%\">ARCCK1<\/td>\n<td class=\"attrLabels\">Putere:<\/td>\n<td width=\"50.0%\">60W<\/td>\n<\/tr>\n<tr>\n<td class=\"attrLabels\">Material:<\/td>\n<td width=\"50.0%\">o\u0163el inoxidabil<\/td>\n<td class=\"attrLabels\">tensiune de intrare<\/td>\n<td width=\"50.0%\">220V \u2013 50Hz<\/td>\n<\/tr>\n<tr>\n<td class=\"attrLabels\">tipuri de t\u0103iere:<\/td>\n<td width=\"50.0%\">0 p\u00e2n\u0103 la 8 mm<\/td>\n<td class=\"attrLabels\">Diametrul lamei:<\/td>\n<td width=\"50.0%\">100 mm<\/td>\n<\/tr>\n<tr>\n<td class=\"attrLabels\">Instrumente de instalare:<\/td>\n<td width=\"50.0%\">Da<\/td>\n<td class=\"attrLabels\">Capacitate zilnic\u0103 de t\u0103iere:<\/td>\n<td width=\"50.0%\">50 p\u00e2n\u0103 la 70 kg<\/td>\n<\/tr>\n<\/tbody>\n<\/table>\n<p>&nbsp;<\/p>","protected":false},"excerpt":{"rendered":"<h2>Cutter de carne pentru D\u00f6ner Kebab<\/h2>\n<p>The <strong>feliator kebab <span style=\"color: #ff0000;\">LA<\/span><span style=\"color: #0000ff;\">R<\/span>c<\/strong> Este conceput pentru a fi u\u0219or de cur\u0103\u021bat \u0219i \u00eentre\u021binut: lama poate fi \u00eendep\u0103rtat\u0103 cu un simplu \u0219urub de blocare.<\/p>\n<p>Acest <strong>t\u0103ietor de kebab <span style=\"color: #ff0000;\">LA<\/span><span style=\"color: #0000ff;\">R<\/span>CCK1<\/strong> Este realizat din material de \u00eenalt\u0103 calificare \u0219i este un dispozitiv practic de re\u021bea pe care \u00eel pute\u021bi utiliza oriunde. Lama este super ascu\u021bit\u0103, a\u0219a c\u0103 va t\u0103ia miel, pui, vit\u0103, cu u\u0219urin\u021b\u0103 \u0219i fine\u021be. Inelul \u0219i \u0219urubul sunt reglabile, le pute\u021bi ajusta la grosimea dorit\u0103. T\u0103i\u0103torul de kebab este p\u0103strat \u00een siguran\u021b\u0103 cu o protec\u021bie practic\u0103 a lamei, iar m\u00e2nerul a fost proiectat ergonomic pentru a se potrivi perfect \u00een m\u00e2n\u0103.<\/p>\n<h6>garan\u021bie<strong><span style=\"color: #ff0000;\">\u00a0LA<\/span><span style=\"color: #0000ff;\">R<\/span>c<\/strong><\/h6>\n<h6><span style=\"color: #008000;\"><strong>Cutter kebab profesional, consum redus 60w<\/strong><\/span><\/h6>\n<h6>suport tehnic inclus<\/h6>\n<p>&nbsp;<\/p>","protected":false},"featured_media":1563,"comment_status":"open","ping_status":"closed","template":"","meta":{"wds_primary_product_brand":0,"wds_primary_product_cat":0},"product_brand":[],"product_cat":[43],"product_tag":[],"class_list":{"0":"post-1556","1":"product","2":"type-product","3":"status-publish","4":"has-post-thumbnail","6":"product_cat-cortadoras-de-alimentos","7":"product_shipping_class-hosteleria","9":"first","10":"instock","11":"sale","12":"taxable","13":"shipping-taxable","14":"purchasable","15":"product-type-simple"},"yoast_head":"<!-- This site is optimized with the Yoast SEO Premium plugin v24.9 (Yoast SEO v26.1) - https:\/\/yoast.com\/wordpress\/plugins\/seo\/ -->\n<title>Cortador de Carne para Kebab D\u00f6ner - distribuci\u00f3n ARC<\/title>\n<meta name=\"robots\" content=\"index, follow, max-snippet:-1, max-image-preview:large, max-video-preview:-1\" \/>\n<link rel=\"canonical\" href=\"https:\/\/www.distribucionarc.com\/en\/producto\/cortador-de-carne-para-kebab-doner\/\" \/>\n<meta property=\"og:locale\" content=\"ro_RO\" \/>\n<meta property=\"og:type\" content=\"article\" \/>\n<meta property=\"og:title\" content=\"Cortador de Carne para Kebab D\u00f6ner\" \/>\n<meta property=\"og:description\" content=\"Cortador de Carne para Kebab D\u00f6ner La cortadora de kebab ARC est\u00e1 dise\u00f1ada para que sea f\u00e1cil de limpiar y mantener: la hoja se puede quitar con un simple tornillo de bloqueo.  Este cortador de kebab ARCCK1 est\u00e1 hecho de material altamente calificado y es un pr\u00e1ctico dispositivo de red para que pueda usarlo en cualquier lugar. La hoja es s\u00faper afilada, por lo que cortar\u00e1 a trav\u00e9s de cordero, pollo, ternera, con facilidad y finura. El anillo y el tornillo es ajustable, se puede ajustar para el espesor deseado. El cortador de kebab se mantiene seguro con un pr\u00e1ctico protector de la hoja y el mango ha sido dise\u00f1ado ergon\u00f3micamente para que encaje perfectamente en la mano. Garant\u00eda\u00a0ARC Cortador de kebab profesional, bajo consumo 60w soporte t\u00e9cnico\u00a0incluido &nbsp;\" \/>\n<meta property=\"og:url\" content=\"https:\/\/www.distribucionarc.com\/en\/producto\/cortador-de-carne-para-kebab-doner\/\" \/>\n<meta property=\"og:site_name\" content=\"distribuci\u00f3n ARC\" \/>\n<meta property=\"article:modified_time\" content=\"2020-09-27T10:19:49+00:00\" \/>\n<meta property=\"og:image\" content=\"https:\/\/distribucionarc.com\/wp-content\/uploads\/2020\/07\/Cortador-de-Carne-para-Kebab-D\u00f6ner-0.jpg\" \/>\n\t<meta property=\"og:image:width\" content=\"1000\" \/>\n\t<meta property=\"og:image:height\" content=\"1000\" \/>\n\t<meta property=\"og:image:type\" content=\"image\/jpeg\" \/>\n<meta name=\"twitter:card\" content=\"summary_large_image\" \/>\n<meta name=\"twitter:label1\" content=\"Timp estimat pentru citire\" \/>\n\t<meta name=\"twitter:data1\" content=\"1 minut\" \/>\n<script type=\"application\/ld+json\" class=\"yoast-schema-graph\">{\"@context\":\"https:\/\/schema.org\",\"@graph\":[{\"@type\":\"WebPage\",\"@id\":\"https:\/\/www.distribucionarc.com\/en\/producto\/cortador-de-carne-para-kebab-doner\/\",\"url\":\"https:\/\/www.distribucionarc.com\/en\/producto\/cortador-de-carne-para-kebab-doner\/\",\"name\":\"Cortador de Carne para Kebab D\u00f6ner - distribuci\u00f3n ARC\",\"isPartOf\":{\"@id\":\"https:\/\/www.distribucionarc.com\/sl\/#website\"},\"primaryImageOfPage\":{\"@id\":\"https:\/\/www.distribucionarc.com\/en\/producto\/cortador-de-carne-para-kebab-doner\/#primaryimage\"},\"image\":{\"@id\":\"https:\/\/www.distribucionarc.com\/en\/producto\/cortador-de-carne-para-kebab-doner\/#primaryimage\"},\"thumbnailUrl\":\"https:\/\/distribucionarc.com\/wp-content\/uploads\/2020\/07\/Cortador-de-Carne-para-Kebab-D\u00f6ner-0.jpg\",\"datePublished\":\"2020-07-27T17:47:28+00:00\",\"dateModified\":\"2020-09-27T10:19:49+00:00\",\"breadcrumb\":{\"@id\":\"https:\/\/www.distribucionarc.com\/en\/producto\/cortador-de-carne-para-kebab-doner\/#breadcrumb\"},\"inLanguage\":\"ro-RO\",\"potentialAction\":[{\"@type\":\"ReadAction\",\"target\":[\"https:\/\/www.distribucionarc.com\/en\/producto\/cortador-de-carne-para-kebab-doner\/\"]}]},{\"@type\":\"ImageObject\",\"inLanguage\":\"ro-RO\",\"@id\":\"https:\/\/www.distribucionarc.com\/en\/producto\/cortador-de-carne-para-kebab-doner\/#primaryimage\",\"url\":\"https:\/\/distribucionarc.com\/wp-content\/uploads\/2020\/07\/Cortador-de-Carne-para-Kebab-D\u00f6ner-0.jpg\",\"contentUrl\":\"https:\/\/distribucionarc.com\/wp-content\/uploads\/2020\/07\/Cortador-de-Carne-para-Kebab-D\u00f6ner-0.jpg\",\"width\":1000,\"height\":1000,\"caption\":\"Cortador de carne para kebab doner\"},{\"@type\":\"BreadcrumbList\",\"@id\":\"https:\/\/www.distribucionarc.com\/en\/producto\/cortador-de-carne-para-kebab-doner\/#breadcrumb\",\"itemListElement\":[{\"@type\":\"ListItem\",\"position\":1,\"name\":\"Portada\",\"item\":\"https:\/\/www.distribucionarc.com\/\"},{\"@type\":\"ListItem\",\"position\":2,\"name\":\"\u00dcr\u00fcnler\",\"item\":\"https:\/\/www.distribucionarc.com\/tr\/magaza\/\"},{\"@type\":\"ListItem\",\"position\":3,\"name\":\"Cortador de Carne para Kebab D\u00f6ner\"}]},{\"@type\":\"WebSite\",\"@id\":\"https:\/\/www.distribucionarc.com\/sl\/#website\",\"url\":\"https:\/\/www.distribucionarc.com\/sl\/\",\"name\":\"distribuci\u00f3n ARC\",\"description\":\"Empresa especializada en la fabricaci\u00f3n y distribuci\u00f3n de maquinaria industrial, selladoras de latas, Maquinas de hacer pastillas, Maquinas de cortar carne...\",\"publisher\":{\"@id\":\"https:\/\/www.distribucionarc.com\/sl\/#organization\"},\"potentialAction\":[{\"@type\":\"SearchAction\",\"target\":{\"@type\":\"EntryPoint\",\"urlTemplate\":\"https:\/\/www.distribucionarc.com\/sl\/?s={search_term_string}\"},\"query-input\":{\"@type\":\"PropertyValueSpecification\",\"valueRequired\":true,\"valueName\":\"search_term_string\"}}],\"inLanguage\":\"ro-RO\"},{\"@type\":\"Organization\",\"@id\":\"https:\/\/www.distribucionarc.com\/sl\/#organization\",\"name\":\"Distribuci\u00f3n ARC\",\"url\":\"https:\/\/www.distribucionarc.com\/sl\/\",\"logo\":{\"@type\":\"ImageObject\",\"inLanguage\":\"ro-RO\",\"@id\":\"https:\/\/www.distribucionarc.com\/sl\/#\/schema\/logo\/image\/\",\"url\":\"https:\/\/distribucionarc.com\/wp-content\/uploads\/2024\/10\/distribucion-ARC-COLOR-SIN-FONDO-e1732295305345.png\",\"contentUrl\":\"https:\/\/distribucionarc.com\/wp-content\/uploads\/2024\/10\/distribucion-ARC-COLOR-SIN-FONDO-e1732295305345.png\",\"width\":1164,\"height\":558,\"caption\":\"Distribuci\u00f3n ARC\"},\"image\":{\"@id\":\"https:\/\/www.distribucionarc.com\/sl\/#\/schema\/logo\/image\/\"},\"description\":\"Empresa especializada en la fabricaci\u00f3n y distribuci\u00f3n de maquinaria industrial para los sectores alimentario y farmac\u00e9utico. Nos especializamos en: M\u00e1quinas de cortar carne Fabricaci\u00f3n de comprimidos Sistemas de transporte industrial L\u00edneas de embotellado Dosificadores Y mucho m\u00e1s... Ofrecemos soluciones innovadoras y personalizadas para optimizar los procesos productivos de tu empresa.\",\"email\":\"Admistracion@distribucionarc.com\",\"telephone\":\"+34 643496664\",\"legalName\":\"ARC TECH SOLUTIONS\",\"foundingDate\":\"2024-04-09\",\"vatID\":\"B55480172\",\"numberOfEmployees\":{\"@type\":\"QuantitativeValue\",\"minValue\":\"1\",\"maxValue\":\"10\"}}]}<\/script>\n<!-- \/ Yoast SEO Premium plugin. -->","yoast_head_json":{"title":"Cutter carne pentru Kebab D\u00f6ner - distributie ARC","robots":{"index":"index","follow":"follow","max-snippet":"max-snippet:-1","max-image-preview":"max-image-preview:large","max-video-preview":"max-video-preview:-1"},"canonical":"https:\/\/www.distribucionarc.com\/en\/producto\/cortador-de-carne-para-kebab-doner\/","og_locale":"ro_RO","og_type":"article","og_title":"Cortador de Carne para Kebab D\u00f6ner","og_description":"Cortador de Carne para Kebab D\u00f6ner La cortadora de kebab ARC est\u00e1 dise\u00f1ada para que sea f\u00e1cil de limpiar y mantener: la hoja se puede quitar con un simple tornillo de bloqueo.  Este cortador de kebab ARCCK1 est\u00e1 hecho de material altamente calificado y es un pr\u00e1ctico dispositivo de red para que pueda usarlo en cualquier lugar. La hoja es s\u00faper afilada, por lo que cortar\u00e1 a trav\u00e9s de cordero, pollo, ternera, con facilidad y finura. El anillo y el tornillo es ajustable, se puede ajustar para el espesor deseado. El cortador de kebab se mantiene seguro con un pr\u00e1ctico protector de la hoja y el mango ha sido dise\u00f1ado ergon\u00f3micamente para que encaje perfectamente en la mano. Garant\u00eda\u00a0ARC Cortador de kebab profesional, bajo consumo 60w soporte t\u00e9cnico\u00a0incluido &nbsp;","og_url":"https:\/\/www.distribucionarc.com\/en\/producto\/cortador-de-carne-para-kebab-doner\/","og_site_name":"distribuci\u00f3n ARC","article_modified_time":"2020-09-27T10:19:49+00:00","og_image":[{"width":1000,"height":1000,"url":"https:\/\/distribucionarc.com\/wp-content\/uploads\/2020\/07\/Cortador-de-Carne-para-Kebab-D\u00f6ner-0.jpg","type":"image\/jpeg"}],"twitter_card":"summary_large_image","twitter_misc":{"Timp estimat pentru citire":"1 minut"},"schema":{"@context":"https:\/\/schema.org","@graph":[{"@type":"WebPage","@id":"https:\/\/www.distribucionarc.com\/en\/producto\/cortador-de-carne-para-kebab-doner\/","url":"https:\/\/www.distribucionarc.com\/en\/producto\/cortador-de-carne-para-kebab-doner\/","name":"Cutter carne pentru Kebab D\u00f6ner - distributie ARC","isPartOf":{"@id":"https:\/\/www.distribucionarc.com\/sl\/#website"},"primaryImageOfPage":{"@id":"https:\/\/www.distribucionarc.com\/en\/producto\/cortador-de-carne-para-kebab-doner\/#primaryimage"},"image":{"@id":"https:\/\/www.distribucionarc.com\/en\/producto\/cortador-de-carne-para-kebab-doner\/#primaryimage"},"thumbnailUrl":"https:\/\/distribucionarc.com\/wp-content\/uploads\/2020\/07\/Cortador-de-Carne-para-Kebab-D\u00f6ner-0.jpg","datePublished":"2020-07-27T17:47:28+00:00","dateModified":"2020-09-27T10:19:49+00:00","breadcrumb":{"@id":"https:\/\/www.distribucionarc.com\/en\/producto\/cortador-de-carne-para-kebab-doner\/#breadcrumb"},"inLanguage":"ro-RO","potentialAction":[{"@type":"ReadAction","target":["https:\/\/www.distribucionarc.com\/en\/producto\/cortador-de-carne-para-kebab-doner\/"]}]},{"@type":"ImageObject","inLanguage":"ro-RO","@id":"https:\/\/www.distribucionarc.com\/en\/producto\/cortador-de-carne-para-kebab-doner\/#primaryimage","url":"https:\/\/distribucionarc.com\/wp-content\/uploads\/2020\/07\/Cortador-de-Carne-para-Kebab-D\u00f6ner-0.jpg","contentUrl":"https:\/\/distribucionarc.com\/wp-content\/uploads\/2020\/07\/Cortador-de-Carne-para-Kebab-D\u00f6ner-0.jpg","width":1000,"height":1000,"caption":"Cortador de carne para kebab doner"},{"@type":"BreadcrumbList","@id":"https:\/\/www.distribucionarc.com\/en\/producto\/cortador-de-carne-para-kebab-doner\/#breadcrumb","itemListElement":[{"@type":"ListItem","position":1,"name":"Portada","item":"https:\/\/www.distribucionarc.com\/"},{"@type":"ListItem","position":2,"name":"\u00dcr\u00fcnler","item":"https:\/\/www.distribucionarc.com\/tr\/magaza\/"},{"@type":"ListItem","position":3,"name":"Cortador de Carne para Kebab D\u00f6ner"}]},{"@type":"WebSite","@id":"https:\/\/www.distribucionarc.com\/sl\/#website","url":"https:\/\/www.distribucionarc.com\/sl\/","name":"Distribu\u021bie ARC","description":"Companie specializat\u0103 \u00een fabricarea \u0219i distribu\u021bia de utilaje industriale, ma\u0219ini de sigilat cutii, ma\u0219ini de fabricat tablete, ma\u0219ini de t\u0103iat carne...","publisher":{"@id":"https:\/\/www.distribucionarc.com\/sl\/#organization"},"potentialAction":[{"@type":"SearchAction","target":{"@type":"EntryPoint","urlTemplate":"https:\/\/www.distribucionarc.com\/sl\/?s={search_term_string}"},"query-input":{"@type":"PropertyValueSpecification","valueRequired":true,"valueName":"search_term_string"}}],"inLanguage":"ro-RO"},{"@type":"Organization","@id":"https:\/\/www.distribucionarc.com\/sl\/#organization","name":"Distribu\u021bie ARC","url":"https:\/\/www.distribucionarc.com\/sl\/","logo":{"@type":"ImageObject","inLanguage":"ro-RO","@id":"https:\/\/www.distribucionarc.com\/sl\/#\/schema\/logo\/image\/","url":"https:\/\/distribucionarc.com\/wp-content\/uploads\/2024\/10\/distribucion-ARC-COLOR-SIN-FONDO-e1732295305345.png","contentUrl":"https:\/\/distribucionarc.com\/wp-content\/uploads\/2024\/10\/distribucion-ARC-COLOR-SIN-FONDO-e1732295305345.png","width":1164,"height":558,"caption":"Distribuci\u00f3n ARC"},"image":{"@id":"https:\/\/www.distribucionarc.com\/sl\/#\/schema\/logo\/image\/"},"description":"Companie specializat\u0103 \u00een fabricarea \u0219i distribu\u021bia de utilaje industriale pentru sectoarele alimentar \u0219i farmaceutic. Suntem specializa\u021bi \u00een: Ma\u0219ini de t\u0103iat carne Fabricarea tabletelor Sisteme de transport industrial Linii de \u00eembuteliere Distribuitoare \u0218i multe altele... Oferim solu\u021bii inovatoare \u0219i personalizate pentru a optimiza procesele de produc\u021bie ale companiei dumneavoastr\u0103.","email":"Admistracion@distribucionarc.com","telephone":"+34 643496664","legalName":"ARC TECH SOLUTIONS","foundingDate":"2024-04-09","vatID":"B55480172","numberOfEmployees":{"@type":"QuantitativeValue","minValue":"1","maxValue":"10"}}]}},"_links":{"self":[{"href":"https:\/\/distribucionarc.com\/ro\/wp-json\/wp\/v2\/product\/1556","targetHints":{"allow":["GET"]}}],"collection":[{"href":"https:\/\/distribucionarc.com\/ro\/wp-json\/wp\/v2\/product"}],"about":[{"href":"https:\/\/distribucionarc.com\/ro\/wp-json\/wp\/v2\/types\/product"}],"replies":[{"embeddable":true,"href":"https:\/\/distribucionarc.com\/ro\/wp-json\/wp\/v2\/comments?post=1556"}],"version-history":[{"count":0,"href":"https:\/\/distribucionarc.com\/ro\/wp-json\/wp\/v2\/product\/1556\/revisions"}],"wp:featuredmedia":[{"embeddable":true,"href":"https:\/\/distribucionarc.com\/ro\/wp-json\/wp\/v2\/media\/1563"}],"wp:attachment":[{"href":"https:\/\/distribucionarc.com\/ro\/wp-json\/wp\/v2\/media?parent=1556"}],"wp:term":[{"taxonomy":"product_brand","embeddable":true,"href":"https:\/\/distribucionarc.com\/ro\/wp-json\/wp\/v2\/product_brand?post=1556"},{"taxonomy":"product_cat","embeddable":true,"href":"https:\/\/distribucionarc.com\/ro\/wp-json\/wp\/v2\/product_cat?post=1556"},{"taxonomy":"product_tag","embeddable":true,"href":"https:\/\/distribucionarc.com\/ro\/wp-json\/wp\/v2\/product_tag?post=1556"}],"curies":[{"name":"wp","href":"https:\/\/api.w.org\/{rel}","templated":true}]}}