{"id":1612,"date":"2020-07-28T10:31:20","date_gmt":"2020-07-28T10:31:20","guid":{"rendered":"https:\/\/distribucionarc.com\/?post_type=product&#038;p=1612"},"modified":"2020-09-27T10:27:06","modified_gmt":"2020-09-27T10:27:06","slug":"decojie-automat-de-oua-de-prepelita","status":"publish","type":"product","link":"https:\/\/distribucionarc.com\/ro\/producto\/peladora-automatica-de-huevos-de-codorniz\/","title":{"rendered":"Ma\u0219in\u0103 automat\u0103 de cur\u0103\u021bat ou\u0103 de prepeli\u021b\u0103"},"content":{"rendered":"<h2>Ma\u0219in\u0103 automat\u0103 de cur\u0103\u021bat ou\u0103 de prepeli\u021b\u0103<\/h2>\n<p>U\u0219or de utilizat, nu trebuie s\u0103 v\u0103 face\u021bi griji pentru opera\u021biuni obositoare. Func\u021bionarea semi-automat\u0103 trebuie doar s\u0103 face\u021bi clic u\u0219or pe ou. Procesul de decojire a ou\u0103lor de prepeli\u021b\u0103 are o rat\u0103 sc\u0103zut\u0103 de deteriorare.<\/p>\n<p>The <strong>cur\u0103\u021b\u0103tor de ou\u0103 de pas\u0103re de prepeli\u021b\u0103 <span style=\"color: #ff0000;\">LA<\/span><span style=\"color: #0000ff;\">R<\/span>c<\/strong> adopt\u0103 motor de 25W, cu <span style=\"color: #008000;\"><strong>Consum redus de energie, dar eficien\u021b\u0103 ridicat\u0103 de lucru<\/strong><\/span>. Viteza de peeling este rapid\u0103. <strong>Produce p\u00e2n\u0103 la 50 kg\/h<\/strong>, reduc\u00e2nd efectiv timpul \u0219i costul for\u021bei de munc\u0103.<\/p>\n<p>El <strong>cur\u0103\u021b\u0103tor de ou\u0103 de prepeli\u021b\u0103 <span style=\"color: #ff0000;\">LA<\/span><span style=\"color: #0000ff;\">R<\/span>CPAH1<\/strong>\u00a0Este fabricat din o\u021bel inoxidabil 304 de calitate alimentar\u0103. Este robust \u0219i nu se rugine\u0219te u\u0219or, asigur\u00e2nd o ma\u0219in\u0103 premium pentru utilizare \u00eendelungat\u0103.<\/p>\n<p>Folosind designul de rota\u021bie a furtunului pentru a rupe coaja oului, astfel \u00eenc\u00e2t s\u0103 se realizeze decojirea. Furtunurile adopt\u0103 materii prime de calitate alimentar\u0103, care sunt sanitare, s\u0103n\u0103toase \u0219i sigure.<\/p>\n<p>Dimensiunea lui <strong>decojie ou\u0103<\/strong> Este mic, convenabil de mutat \u0219i transportat. Nu va ocupa prea mult spatiu, potrivit pentru diferite tipuri de bucatarii.<\/p>\n<h6><\/h6>\n<h6>garan\u021bie<strong>\u00a0<span style=\"color: #ff0000;\">LA<\/span><span style=\"color: #0000ff;\">R<\/span>C 2 ANI<\/strong><\/h6>\n<h6><span style=\"color: #008000;\">motor mai eficient cu consum redus 18w<\/span><\/h6>\n<h6>suport tehnic inclus.<\/h6>\n<p>&nbsp;<\/p>\n<table role=\"presentation\" width=\"100%\" cellspacing=\"0\" cellpadding=\"0\">\n<tbody>\n<tr>\n<td class=\"attrLabels\">Putere:<\/td>\n<td width=\"50.0%\">18W<\/td>\n<\/tr>\n<tr>\n<td class=\"attrLabels\">Voltaj:<\/td>\n<td width=\"50.0%\">110V \u2013 220V 50Hz p\u00e2n\u0103 la 60Hz<\/td>\n<td class=\"attrLabels\">Greutate:<\/td>\n<td width=\"50.0%\">2,5 kg<\/td>\n<\/tr>\n<tr>\n<td class=\"attrLabels\">\u021aara de distribu\u021bie:<\/td>\n<td width=\"50.0%\">Spania, Germania, SUA<\/td>\n<td class=\"attrLabels\">\u00cen\u0103l\u0163ime:<\/td>\n<td width=\"50.0%\">11 cm<\/td>\n<\/tr>\n<tr>\n<td class=\"attrLabels\">Marca:<\/td>\n<td width=\"50.0%\">ARC<\/td>\n<td class=\"attrLabels\">Lung:<\/td>\n<td width=\"50.0%\">40 cm<\/td>\n<\/tr>\n<tr>\n<td class=\"attrLabels\">Tip produs:<\/td>\n<td width=\"50.0%\">Cur\u0103\u021b\u0103tor de ou\u0103 de prepeli\u021b\u0103<\/td>\n<td class=\"attrLabels\">Larg:<\/td>\n<td width=\"50.0%\">\u00a018 cm<\/td>\n<\/tr>\n<tr>\n<td class=\"attrLabels\">Numar producator:<\/td>\n<td width=\"50.0%\">ARCPAH1<\/td>\n<td class=\"attrLabels\">Viteza de lucru:<\/td>\n<td width=\"50.0%\">\u00a050 kg pe or\u0103<\/td>\n<\/tr>\n<tr>\n<td class=\"attrLabels\">Material:<\/td>\n<td width=\"50.0%\">Furtunuri din o\u021bel inoxidabil de calitate alimentar\u0103<\/td>\n<td class=\"attrLabels\">\u00a0Garantie:<\/td>\n<td width=\"50.0%\">2 ANI<\/td>\n<\/tr>\n<tr>\n<td class=\"attrLabels\">Culoare:<\/td>\n<td width=\"50.0%\">Argint<\/td>\n<td class=\"attrLabels\"><\/td>\n<td width=\"50.0%\"><\/td>\n<\/tr>\n<tr>\n<td class=\"attrLabels\">Instrumente de instalare:<\/td>\n<td width=\"50.0%\">Da<\/td>\n<td class=\"attrLabels\"><\/td>\n<td width=\"50.0%\"><\/td>\n<\/tr>\n<\/tbody>\n<\/table>","protected":false},"excerpt":{"rendered":"<h2>Ma\u0219in\u0103 automat\u0103 de cur\u0103\u021bat ou\u0103 de prepeli\u021b\u0103<\/h2>\n<p>Economisi\u021bi timp atunci c\u00e2nd v\u0103 preg\u0103ti\u021bi felurile de m\u00e2ncare \u0219i tapas, cu aceasta <strong>decojie automat\u0103 <span style=\"color: #ff0000;\">LA<\/span><span style=\"color: #0000ff;\">R<\/span>CPAH1<\/strong> Trebuie doar s\u0103 ap\u0103sa\u021bi un buton pentru a ob\u021bine un produs curat, f\u0103r\u0103 t\u0103ieturi.<\/p>\n<p><strong>Ma\u0219in\u0103 profesional\u0103 de cur\u0103\u021bat ou\u0103 de prepeli\u021b\u0103 <span style=\"color: #ff0000;\">LA<\/span><span style=\"color: #0000ff;\">R<\/span>c<\/strong>, realizat din o\u021bel inoxidabil 304 premium, este durabil \u0219i sigur de utilizat. Poate cur\u0103\u021ba ou\u0103le cu eficien\u021b\u0103 ridicat\u0103 \u0219i rupere mic\u0103. Ie\u0219ire p\u00e2n\u0103 la <strong>60 kg\/h<\/strong>, reduce semnificativ timpul de peeling manual. Dimensiunea este mic\u0103, convenabil\u0103 de mutat \u0219i transportat. Potrivit pentru hoteluri, restaurante, baruri \u0219i industria de catering.<\/p>\n<h6>garan\u021bie<strong>\u00a0<span style=\"color: #ff0000;\">LA<\/span><span style=\"color: #0000ff;\">R<\/span>C 2 ANI<\/strong><\/h6>\n<h6><span style=\"color: #008000;\">motor mai eficient cu consum redus 18w<\/span><\/h6>\n<h6>suport tehnic inclus.<\/h6>","protected":false},"featured_media":1619,"comment_status":"open","ping_status":"closed","template":"","meta":{"wds_primary_product_brand":0,"wds_primary_product_cat":0},"product_brand":[],"product_cat":[43,61],"product_tag":[],"class_list":{"0":"post-1612","1":"product","2":"type-product","3":"status-publish","4":"has-post-thumbnail","6":"product_cat-cortadoras-de-alimentos","7":"product_cat-peladoras-de-alimentos","8":"product_shipping_class-hosteleria","10":"first","11":"instock","12":"sale","13":"taxable","14":"shipping-taxable","15":"purchasable","16":"product-type-simple"},"yoast_head":"<!-- This site is optimized with the Yoast SEO Premium plugin v24.9 (Yoast SEO v26.1) - https:\/\/yoast.com\/wordpress\/plugins\/seo\/ -->\n<title>Peladora autom\u00e1tica de huevos de codorniz - distribuci\u00f3n ARC<\/title>\n<meta name=\"robots\" content=\"index, follow, max-snippet:-1, max-image-preview:large, max-video-preview:-1\" \/>\n<link rel=\"canonical\" href=\"https:\/\/www.distribucionarc.com\/en\/producto\/peladora-automatica-de-huevos-de-codorniz\/\" \/>\n<meta property=\"og:locale\" content=\"ro_RO\" \/>\n<meta property=\"og:type\" content=\"article\" \/>\n<meta property=\"og:title\" content=\"Peladora autom\u00e1tica de huevos de codorniz\" \/>\n<meta property=\"og:description\" content=\"Peladora autom\u00e1tica de huevos de codorniz Ahorre tiempo para elaborar sus platos y tapas, con esta peladora autom\u00e1tica ARCPAH1 tan solo tendr\u00e1 que presionar un bot\u00f3n para obtener un producto limpio y sin cortes.  M\u00e1quina profesional para pelar huevos de codorniz ARC, hecha de acero inoxidable 304 premium, es duradera y segura de usar. Puede pelar huevos con alta eficiencia y con poca rotura. Salida de hasta 60 kg \/ h, reduce significativamente el tiempo de pelado manual. El tama\u00f1o es peque\u00f1o, conveniente para mover y transportar. Adecuado para hoteles, restaurantes, bar e industria de catering. Garant\u00eda\u00a0ARC 2 A\u00d1OS motor m\u00e1s eficiente bajo consumo 18w soporte t\u00e9cnico\u00a0incluido.\" \/>\n<meta property=\"og:url\" content=\"https:\/\/www.distribucionarc.com\/en\/producto\/peladora-automatica-de-huevos-de-codorniz\/\" \/>\n<meta property=\"og:site_name\" content=\"distribuci\u00f3n ARC\" \/>\n<meta property=\"article:modified_time\" content=\"2020-09-27T10:27:06+00:00\" \/>\n<meta property=\"og:image\" content=\"https:\/\/distribucionarc.com\/wp-content\/uploads\/2020\/07\/Peladora-autom\u00e1tica-de-huevos-de-codorniz-0.jpg\" \/>\n\t<meta property=\"og:image:width\" content=\"1600\" \/>\n\t<meta property=\"og:image:height\" content=\"1600\" \/>\n\t<meta property=\"og:image:type\" content=\"image\/jpeg\" \/>\n<meta name=\"twitter:card\" content=\"summary_large_image\" \/>\n<meta name=\"twitter:label1\" content=\"Timp estimat pentru citire\" \/>\n\t<meta name=\"twitter:data1\" content=\"1 minut\" \/>\n<script type=\"application\/ld+json\" class=\"yoast-schema-graph\">{\"@context\":\"https:\/\/schema.org\",\"@graph\":[{\"@type\":\"WebPage\",\"@id\":\"https:\/\/www.distribucionarc.com\/en\/producto\/peladora-automatica-de-huevos-de-codorniz\/\",\"url\":\"https:\/\/www.distribucionarc.com\/en\/producto\/peladora-automatica-de-huevos-de-codorniz\/\",\"name\":\"Peladora autom\u00e1tica de huevos de codorniz - distribuci\u00f3n ARC\",\"isPartOf\":{\"@id\":\"https:\/\/www.distribucionarc.com\/sl\/#website\"},\"primaryImageOfPage\":{\"@id\":\"https:\/\/www.distribucionarc.com\/en\/producto\/peladora-automatica-de-huevos-de-codorniz\/#primaryimage\"},\"image\":{\"@id\":\"https:\/\/www.distribucionarc.com\/en\/producto\/peladora-automatica-de-huevos-de-codorniz\/#primaryimage\"},\"thumbnailUrl\":\"https:\/\/distribucionarc.com\/wp-content\/uploads\/2020\/07\/Peladora-autom\u00e1tica-de-huevos-de-codorniz-0.jpg\",\"datePublished\":\"2020-07-28T10:31:20+00:00\",\"dateModified\":\"2020-09-27T10:27:06+00:00\",\"breadcrumb\":{\"@id\":\"https:\/\/www.distribucionarc.com\/en\/producto\/peladora-automatica-de-huevos-de-codorniz\/#breadcrumb\"},\"inLanguage\":\"ro-RO\",\"potentialAction\":[{\"@type\":\"ReadAction\",\"target\":[\"https:\/\/www.distribucionarc.com\/en\/producto\/peladora-automatica-de-huevos-de-codorniz\/\"]}]},{\"@type\":\"ImageObject\",\"inLanguage\":\"ro-RO\",\"@id\":\"https:\/\/www.distribucionarc.com\/en\/producto\/peladora-automatica-de-huevos-de-codorniz\/#primaryimage\",\"url\":\"https:\/\/distribucionarc.com\/wp-content\/uploads\/2020\/07\/Peladora-autom\u00e1tica-de-huevos-de-codorniz-0.jpg\",\"contentUrl\":\"https:\/\/distribucionarc.com\/wp-content\/uploads\/2020\/07\/Peladora-autom\u00e1tica-de-huevos-de-codorniz-0.jpg\",\"width\":1600,\"height\":1600,\"caption\":\"Peladora autom\u00e1tica de huevos de codorniz\"},{\"@type\":\"BreadcrumbList\",\"@id\":\"https:\/\/www.distribucionarc.com\/en\/producto\/peladora-automatica-de-huevos-de-codorniz\/#breadcrumb\",\"itemListElement\":[{\"@type\":\"ListItem\",\"position\":1,\"name\":\"Portada\",\"item\":\"https:\/\/www.distribucionarc.com\/\"},{\"@type\":\"ListItem\",\"position\":2,\"name\":\"\u00dcr\u00fcnler\",\"item\":\"https:\/\/www.distribucionarc.com\/tr\/magaza\/\"},{\"@type\":\"ListItem\",\"position\":3,\"name\":\"Peladora autom\u00e1tica de huevos de codorniz\"}]},{\"@type\":\"WebSite\",\"@id\":\"https:\/\/www.distribucionarc.com\/sl\/#website\",\"url\":\"https:\/\/www.distribucionarc.com\/sl\/\",\"name\":\"distribuci\u00f3n ARC\",\"description\":\"Empresa especializada en la fabricaci\u00f3n y distribuci\u00f3n de maquinaria industrial, selladoras de latas, Maquinas de hacer pastillas, Maquinas de cortar carne...\",\"publisher\":{\"@id\":\"https:\/\/www.distribucionarc.com\/sl\/#organization\"},\"potentialAction\":[{\"@type\":\"SearchAction\",\"target\":{\"@type\":\"EntryPoint\",\"urlTemplate\":\"https:\/\/www.distribucionarc.com\/sl\/?s={search_term_string}\"},\"query-input\":{\"@type\":\"PropertyValueSpecification\",\"valueRequired\":true,\"valueName\":\"search_term_string\"}}],\"inLanguage\":\"ro-RO\"},{\"@type\":\"Organization\",\"@id\":\"https:\/\/www.distribucionarc.com\/sl\/#organization\",\"name\":\"Distribuci\u00f3n ARC\",\"url\":\"https:\/\/www.distribucionarc.com\/sl\/\",\"logo\":{\"@type\":\"ImageObject\",\"inLanguage\":\"ro-RO\",\"@id\":\"https:\/\/www.distribucionarc.com\/sl\/#\/schema\/logo\/image\/\",\"url\":\"https:\/\/distribucionarc.com\/wp-content\/uploads\/2024\/10\/distribucion-ARC-COLOR-SIN-FONDO-e1732295305345.png\",\"contentUrl\":\"https:\/\/distribucionarc.com\/wp-content\/uploads\/2024\/10\/distribucion-ARC-COLOR-SIN-FONDO-e1732295305345.png\",\"width\":1164,\"height\":558,\"caption\":\"Distribuci\u00f3n ARC\"},\"image\":{\"@id\":\"https:\/\/www.distribucionarc.com\/sl\/#\/schema\/logo\/image\/\"},\"description\":\"Empresa especializada en la fabricaci\u00f3n y distribuci\u00f3n de maquinaria industrial para los sectores alimentario y farmac\u00e9utico. Nos especializamos en: M\u00e1quinas de cortar carne Fabricaci\u00f3n de comprimidos Sistemas de transporte industrial L\u00edneas de embotellado Dosificadores Y mucho m\u00e1s... Ofrecemos soluciones innovadoras y personalizadas para optimizar los procesos productivos de tu empresa.\",\"email\":\"Admistracion@distribucionarc.com\",\"telephone\":\"+34 643496664\",\"legalName\":\"ARC TECH SOLUTIONS\",\"foundingDate\":\"2024-04-09\",\"vatID\":\"B55480172\",\"numberOfEmployees\":{\"@type\":\"QuantitativeValue\",\"minValue\":\"1\",\"maxValue\":\"10\"}}]}<\/script>\n<!-- \/ Yoast SEO Premium plugin. -->","yoast_head_json":{"title":"Cur\u0103\u021b\u0103tor automat de ou\u0103 de prepeli\u021b\u0103 - distribu\u021bie ARC","robots":{"index":"index","follow":"follow","max-snippet":"max-snippet:-1","max-image-preview":"max-image-preview:large","max-video-preview":"max-video-preview:-1"},"canonical":"https:\/\/www.distribucionarc.com\/en\/producto\/peladora-automatica-de-huevos-de-codorniz\/","og_locale":"ro_RO","og_type":"article","og_title":"Peladora autom\u00e1tica de huevos de codorniz","og_description":"Peladora autom\u00e1tica de huevos de codorniz Ahorre tiempo para elaborar sus platos y tapas, con esta peladora autom\u00e1tica ARCPAH1 tan solo tendr\u00e1 que presionar un bot\u00f3n para obtener un producto limpio y sin cortes.  M\u00e1quina profesional para pelar huevos de codorniz ARC, hecha de acero inoxidable 304 premium, es duradera y segura de usar. Puede pelar huevos con alta eficiencia y con poca rotura. Salida de hasta 60 kg \/ h, reduce significativamente el tiempo de pelado manual. El tama\u00f1o es peque\u00f1o, conveniente para mover y transportar. Adecuado para hoteles, restaurantes, bar e industria de catering. Garant\u00eda\u00a0ARC 2 A\u00d1OS motor m\u00e1s eficiente bajo consumo 18w soporte t\u00e9cnico\u00a0incluido.","og_url":"https:\/\/www.distribucionarc.com\/en\/producto\/peladora-automatica-de-huevos-de-codorniz\/","og_site_name":"distribuci\u00f3n ARC","article_modified_time":"2020-09-27T10:27:06+00:00","og_image":[{"width":1600,"height":1600,"url":"https:\/\/distribucionarc.com\/wp-content\/uploads\/2020\/07\/Peladora-autom\u00e1tica-de-huevos-de-codorniz-0.jpg","type":"image\/jpeg"}],"twitter_card":"summary_large_image","twitter_misc":{"Timp estimat pentru citire":"1 minut"},"schema":{"@context":"https:\/\/schema.org","@graph":[{"@type":"WebPage","@id":"https:\/\/www.distribucionarc.com\/en\/producto\/peladora-automatica-de-huevos-de-codorniz\/","url":"https:\/\/www.distribucionarc.com\/en\/producto\/peladora-automatica-de-huevos-de-codorniz\/","name":"Cur\u0103\u021b\u0103tor automat de ou\u0103 de prepeli\u021b\u0103 - distribu\u021bie ARC","isPartOf":{"@id":"https:\/\/www.distribucionarc.com\/sl\/#website"},"primaryImageOfPage":{"@id":"https:\/\/www.distribucionarc.com\/en\/producto\/peladora-automatica-de-huevos-de-codorniz\/#primaryimage"},"image":{"@id":"https:\/\/www.distribucionarc.com\/en\/producto\/peladora-automatica-de-huevos-de-codorniz\/#primaryimage"},"thumbnailUrl":"https:\/\/distribucionarc.com\/wp-content\/uploads\/2020\/07\/Peladora-autom\u00e1tica-de-huevos-de-codorniz-0.jpg","datePublished":"2020-07-28T10:31:20+00:00","dateModified":"2020-09-27T10:27:06+00:00","breadcrumb":{"@id":"https:\/\/www.distribucionarc.com\/en\/producto\/peladora-automatica-de-huevos-de-codorniz\/#breadcrumb"},"inLanguage":"ro-RO","potentialAction":[{"@type":"ReadAction","target":["https:\/\/www.distribucionarc.com\/en\/producto\/peladora-automatica-de-huevos-de-codorniz\/"]}]},{"@type":"ImageObject","inLanguage":"ro-RO","@id":"https:\/\/www.distribucionarc.com\/en\/producto\/peladora-automatica-de-huevos-de-codorniz\/#primaryimage","url":"https:\/\/distribucionarc.com\/wp-content\/uploads\/2020\/07\/Peladora-autom\u00e1tica-de-huevos-de-codorniz-0.jpg","contentUrl":"https:\/\/distribucionarc.com\/wp-content\/uploads\/2020\/07\/Peladora-autom\u00e1tica-de-huevos-de-codorniz-0.jpg","width":1600,"height":1600,"caption":"Peladora autom\u00e1tica de huevos de codorniz"},{"@type":"BreadcrumbList","@id":"https:\/\/www.distribucionarc.com\/en\/producto\/peladora-automatica-de-huevos-de-codorniz\/#breadcrumb","itemListElement":[{"@type":"ListItem","position":1,"name":"Portada","item":"https:\/\/www.distribucionarc.com\/"},{"@type":"ListItem","position":2,"name":"\u00dcr\u00fcnler","item":"https:\/\/www.distribucionarc.com\/tr\/magaza\/"},{"@type":"ListItem","position":3,"name":"Peladora autom\u00e1tica de huevos de codorniz"}]},{"@type":"WebSite","@id":"https:\/\/www.distribucionarc.com\/sl\/#website","url":"https:\/\/www.distribucionarc.com\/sl\/","name":"Distribu\u021bie ARC","description":"Companie specializat\u0103 \u00een fabricarea \u0219i distribu\u021bia de utilaje industriale, ma\u0219ini de sigilat cutii, ma\u0219ini de fabricat tablete, ma\u0219ini de t\u0103iat carne...","publisher":{"@id":"https:\/\/www.distribucionarc.com\/sl\/#organization"},"potentialAction":[{"@type":"SearchAction","target":{"@type":"EntryPoint","urlTemplate":"https:\/\/www.distribucionarc.com\/sl\/?s={search_term_string}"},"query-input":{"@type":"PropertyValueSpecification","valueRequired":true,"valueName":"search_term_string"}}],"inLanguage":"ro-RO"},{"@type":"Organization","@id":"https:\/\/www.distribucionarc.com\/sl\/#organization","name":"Distribu\u021bie ARC","url":"https:\/\/www.distribucionarc.com\/sl\/","logo":{"@type":"ImageObject","inLanguage":"ro-RO","@id":"https:\/\/www.distribucionarc.com\/sl\/#\/schema\/logo\/image\/","url":"https:\/\/distribucionarc.com\/wp-content\/uploads\/2024\/10\/distribucion-ARC-COLOR-SIN-FONDO-e1732295305345.png","contentUrl":"https:\/\/distribucionarc.com\/wp-content\/uploads\/2024\/10\/distribucion-ARC-COLOR-SIN-FONDO-e1732295305345.png","width":1164,"height":558,"caption":"Distribuci\u00f3n ARC"},"image":{"@id":"https:\/\/www.distribucionarc.com\/sl\/#\/schema\/logo\/image\/"},"description":"Companie specializat\u0103 \u00een fabricarea \u0219i distribu\u021bia de utilaje industriale pentru sectoarele alimentar \u0219i farmaceutic. Suntem specializa\u021bi \u00een: Ma\u0219ini de t\u0103iat carne Fabricarea tabletelor Sisteme de transport industrial Linii de \u00eembuteliere Distribuitoare \u0218i multe altele... Oferim solu\u021bii inovatoare \u0219i personalizate pentru a optimiza procesele de produc\u021bie ale companiei dumneavoastr\u0103.","email":"Admistracion@distribucionarc.com","telephone":"+34 643496664","legalName":"ARC TECH SOLUTIONS","foundingDate":"2024-04-09","vatID":"B55480172","numberOfEmployees":{"@type":"QuantitativeValue","minValue":"1","maxValue":"10"}}]}},"_links":{"self":[{"href":"https:\/\/distribucionarc.com\/ro\/wp-json\/wp\/v2\/product\/1612","targetHints":{"allow":["GET"]}}],"collection":[{"href":"https:\/\/distribucionarc.com\/ro\/wp-json\/wp\/v2\/product"}],"about":[{"href":"https:\/\/distribucionarc.com\/ro\/wp-json\/wp\/v2\/types\/product"}],"replies":[{"embeddable":true,"href":"https:\/\/distribucionarc.com\/ro\/wp-json\/wp\/v2\/comments?post=1612"}],"version-history":[{"count":0,"href":"https:\/\/distribucionarc.com\/ro\/wp-json\/wp\/v2\/product\/1612\/revisions"}],"wp:featuredmedia":[{"embeddable":true,"href":"https:\/\/distribucionarc.com\/ro\/wp-json\/wp\/v2\/media\/1619"}],"wp:attachment":[{"href":"https:\/\/distribucionarc.com\/ro\/wp-json\/wp\/v2\/media?parent=1612"}],"wp:term":[{"taxonomy":"product_brand","embeddable":true,"href":"https:\/\/distribucionarc.com\/ro\/wp-json\/wp\/v2\/product_brand?post=1612"},{"taxonomy":"product_cat","embeddable":true,"href":"https:\/\/distribucionarc.com\/ro\/wp-json\/wp\/v2\/product_cat?post=1612"},{"taxonomy":"product_tag","embeddable":true,"href":"https:\/\/distribucionarc.com\/ro\/wp-json\/wp\/v2\/product_tag?post=1612"}],"curies":[{"name":"wp","href":"https:\/\/api.w.org\/{rel}","templated":true}]}}