{"id":1625,"date":"2020-07-28T11:51:44","date_gmt":"2020-07-28T11:51:44","guid":{"rendered":"https:\/\/distribucionarc.com\/?post_type=product&#038;p=1625"},"modified":"2020-09-29T19:03:26","modified_gmt":"2020-09-29T19:03:26","slug":"masina-de-floricele-cu-carucior","status":"publish","type":"product","link":"https:\/\/distribucionarc.com\/ro\/producto\/maquina-para-palomitas-con-carro\/","title":{"rendered":"Ma\u0219in\u0103 de popcorn cu c\u0103rucior"},"content":{"rendered":"<h3>Ma\u0219in\u0103 de popcorn cu c\u0103rucior<\/h3>\n<p>The <strong>aparat de f\u0103cut floricele<\/strong> A fost fabricat \u00een mare parte din o\u021bel inoxidabil de \u00eenalt\u0103 calitate, f\u0103c\u00e2ndu-l foarte u\u0219or de cur\u0103\u021bat \u0219i protejat eficient \u00eempotriva coroziunii. In plus,\u00a0<strong>stratul de teflon al oalei<\/strong>\u00a0\u00cempiedic\u0103 floricelele de porumb s\u0103 se pr\u0103jeasc\u0103 sau s\u0103 ard\u0103. Ghiveciul are un diametru de 18,5 cm<\/p>\n<p>Panourile sunt\u00a0<strong>din sticl\u0103 c\u0103lit\u0103<\/strong>. \u00cen cazul unui accident, acestea se sparg \u00een buc\u0103\u021bi mici \u00een loc s\u0103 se zdrobeasc\u0103. The <strong>aparat de popcorn <span style=\"color: #ff0000;\">LA<\/span><span style=\"color: #0000ff;\">R<\/span>c<\/strong> Este echipat cu trei comutatoare basculante situate deasupra u\u0219ilor. Pentru a controla temperatura, activa\u021bi ma\u0219ina \u0219i func\u021bia de amestecare.<\/p>\n<p>Cu\u00a0<strong>carucior inclus<\/strong>, pute\u021bi folosi <strong>aparat de popcorn<\/strong> \u00eentr-o manier\u0103 mobil\u0103 \u00een orice moment. Ro\u021bile largi v\u0103 vor permite s\u0103 o muta\u021bi cu u\u0219urin\u021b\u0103, iar estetica sa unic\u0103 \u0219i designul retro cult izbitor fac din aceast\u0103 ma\u0219in\u0103 o adev\u0103rat\u0103 atrac\u021bie.<\/p>\n<p>The <strong>aparat de popcorn <span style=\"color: #ff0000;\">LA<\/span><span style=\"color: #0000ff;\">R<\/span>CMPC01<\/strong> Func\u021bioneaz\u0103 cu 1350 de wa\u021bi \u0219i, datorit\u0103 puterii mari \u0219i termostatului automat, atinge rapid temperatura de func\u021bionare. garantat a\u00a0<span style=\"color: #008000;\"><strong>Eficien\u021b\u0103 ridicat\u0103 a muncii \u0219i consum redus de energie<\/strong><\/span>. \u00cen acest fel, poate produce aproximativ 5 kg pe or\u0103.<\/p>\n<h6><strong>garan\u021bie\u00a0<span style=\"color: #ff0000;\">LA<\/span><span style=\"color: #0000ff;\">R<\/span>c<\/strong><strong>\u00a02 ANI<\/strong><\/h6>\n<h6><span style=\"color: #008000;\"><strong>Ma\u0219in\u0103 eficient\u0103 de floricele de porumb, consum redus 1350w<\/strong><\/span><\/h6>\n<h6><strong>suport tehnic inclus<\/strong><\/h6>\n<p>&nbsp;<\/p>\n<table role=\"presentation\" width=\"100%\" cellspacing=\"0\" cellpadding=\"0\">\n<tbody>\n<tr>\n<td class=\"attrLabels\">Num\u0103r produc\u0103tor:<\/td>\n<td width=\"50.0%\">ARCMPC01<\/td>\n<\/tr>\n<tr>\n<td class=\"attrLabels\">\u021aara de distribu\u021bie:<\/td>\n<td width=\"50.0%\">Spania, Germania, SUA<\/td>\n<td class=\"attrLabels\">Greutate:<\/td>\n<td width=\"50.0%\">36,7 kg<\/td>\n<\/tr>\n<tr>\n<td class=\"attrLabels\">Marca:<\/td>\n<td width=\"50.0%\">ARC<\/td>\n<td class=\"attrLabels\">Ridicat:<\/td>\n<td width=\"50.0%\">155 cm<\/td>\n<\/tr>\n<tr>\n<td class=\"attrLabels\">Culoare:<\/td>\n<td width=\"50.0%\">Roz<\/td>\n<td class=\"attrLabels\">Lung:<\/td>\n<td width=\"50.0%\">91 cm<\/td>\n<\/tr>\n<tr>\n<td class=\"attrLabels\">Tip produs:<\/td>\n<td width=\"50.0%\">Ma\u0219in\u0103 de popcorn cu c\u0103rucior<\/td>\n<td class=\"attrLabels\">Larg:<\/td>\n<td width=\"50.0%\">51 cm<\/td>\n<\/tr>\n<tr>\n<td class=\"attrLabels\">Dimensiunea ghiveciului:<\/td>\n<td width=\"50.0%\">223 g<\/td>\n<td class=\"attrLabels\">Putere:<\/td>\n<td width=\"50.0%\">1350W<\/td>\n<\/tr>\n<tr>\n<td class=\"attrLabels\">Material:<\/td>\n<td width=\"50.0%\">o\u021bel inoxidabil sigur pentru alimente<\/td>\n<td class=\"attrLabels\">Voltaj:<\/td>\n<td width=\"50.0%\">220V \u2013 60Hz<\/td>\n<\/tr>\n<tr>\n<td class=\"attrLabels\">Dimensiunea ma\u0219inii:<\/td>\n<td width=\"50.0%\">56x52x75cm<\/td>\n<td class=\"attrLabels\">Abilitatea:<\/td>\n<td width=\"50.0%\">16L<\/td>\n<\/tr>\n<tr>\n<td class=\"attrLabels\">Instrumente de instalare:<\/td>\n<td width=\"50.0%\">Da<\/td>\n<td class=\"attrLabels\">Productie:<\/td>\n<td width=\"50.0%\">50 kg pe or\u0103<\/td>\n<\/tr>\n<\/tbody>\n<\/table>","protected":false},"excerpt":{"rendered":"<h2>Ma\u0219in\u0103 de popcorn cu c\u0103rucior<\/h2>\n<p>Profit\u0103 de<strong> aparat de popcorn <span style=\"color: #ff0000;\">LA<\/span><span style=\"color: #0000ff;\">R<\/span>CMPC01<\/strong> si lasa-te convins de o experienta gustativa excelenta, fie in cinematografe, piete sau festivaluri!<\/p>\n<p>Masina <strong>Popcorn <span style=\"color: #ff0000;\">LA<\/span><span style=\"color: #0000ff;\">R<\/span>c<\/strong> A fost special conceput pentru utilizare profesional\u0103 \u00een gastronomie \u0219i este o adev\u0103rat\u0103 atrac\u021bie. Impresioneaz\u0103 nu numai prin designul s\u0103u vesel, ma\u0219ina \u0219i c\u0103ruciorul \u00een ro\u0219u izbitor \u0219i acoperi\u0219ul emailat, ci \u0219i prin camera \u00eenc\u0103lzit\u0103 \u0219i iluminat\u0103, sistemul de agitare \u0219i termostatul automat.<\/p>\n<h6><strong>garan\u021bie\u00a0<span style=\"color: #ff0000;\">LA<\/span><span style=\"color: #0000ff;\">R<\/span>c<\/strong><strong>\u00a02 ANI<\/strong><\/h6>\n<h6><span style=\"color: #008000;\"><strong>Ma\u0219in\u0103 eficient\u0103 de floricele de porumb, consum redus 1350w<\/strong><\/span><\/h6>\n<h6><strong>suport tehnic inclus<\/strong><\/h6>\n<p>&nbsp;<\/p>","protected":false},"featured_media":1629,"comment_status":"open","ping_status":"closed","template":"","meta":{"wds_primary_product_brand":0,"wds_primary_product_cat":0},"product_brand":[],"product_cat":[56],"product_tag":[],"class_list":{"0":"post-1625","1":"product","2":"type-product","3":"status-publish","4":"has-post-thumbnail","6":"product_cat-maquinaria-para-ferias","7":"product_shipping_class-hosteleria","9":"first","10":"instock","11":"sale","12":"taxable","13":"shipping-taxable","14":"purchasable","15":"product-type-simple"},"yoast_head":"<!-- This site is optimized with the Yoast SEO Premium plugin v24.9 (Yoast SEO v26.1) - https:\/\/yoast.com\/wordpress\/plugins\/seo\/ -->\n<title>Maquina para palomitas con carro - distribuci\u00f3n ARC<\/title>\n<meta name=\"robots\" content=\"index, follow, max-snippet:-1, max-image-preview:large, max-video-preview:-1\" \/>\n<link rel=\"canonical\" href=\"https:\/\/www.distribucionarc.com\/fr\/producto\/maquina-para-palomitas-con-carro\/\" \/>\n<meta property=\"og:locale\" content=\"ro_RO\" \/>\n<meta property=\"og:type\" content=\"article\" \/>\n<meta property=\"og:title\" content=\"Maquina para palomitas con carro\" \/>\n<meta property=\"og:description\" content=\"Maquina para palomitas con carro Saca partido a la m\u00e1quina de palomitas ARCMPC01 y d\u00e9jate convencer por una excelente experiencia de sabor, \u00a1ya sea en cines, mercadillos o festivales!  La m\u00e1quina de palomitas de ma\u00edz ARC ha sido especialmente dise\u00f1ada para el uso profesional en gastronom\u00eda y resulta toda una atracci\u00f3n. No solo impresiona por su dise\u00f1o alegre, m\u00e1quina y carrito en llamativo color rojo, y techo esmaltado, sino tambi\u00e9n por su c\u00e1mara calefactada e iluminada, sistema de agitaci\u00f3n y termostato autom\u00e1tico. Garant\u00eda\u00a0ARC\u00a02 A\u00d1OS M\u00e1quina de palomitas eficiente, bajo consumo 1350w soporte t\u00e9cnico incluido &nbsp;\" \/>\n<meta property=\"og:url\" content=\"https:\/\/www.distribucionarc.com\/fr\/producto\/maquina-para-palomitas-con-carro\/\" \/>\n<meta property=\"og:site_name\" content=\"distribuci\u00f3n ARC\" \/>\n<meta property=\"article:modified_time\" content=\"2020-09-29T19:03:26+00:00\" \/>\n<meta property=\"og:image\" content=\"https:\/\/distribucionarc.com\/wp-content\/uploads\/2020\/07\/M\u00e1quina-para-palomitas-con-carro-0.jpg\" \/>\n\t<meta property=\"og:image:width\" content=\"1592\" \/>\n\t<meta property=\"og:image:height\" content=\"1600\" \/>\n\t<meta property=\"og:image:type\" content=\"image\/jpeg\" \/>\n<meta name=\"twitter:card\" content=\"summary_large_image\" \/>\n<meta name=\"twitter:label1\" content=\"Timp estimat pentru citire\" \/>\n\t<meta name=\"twitter:data1\" content=\"2 minute\" \/>\n<script type=\"application\/ld+json\" class=\"yoast-schema-graph\">{\"@context\":\"https:\/\/schema.org\",\"@graph\":[{\"@type\":\"WebPage\",\"@id\":\"https:\/\/www.distribucionarc.com\/fr\/producto\/maquina-para-palomitas-con-carro\/\",\"url\":\"https:\/\/www.distribucionarc.com\/fr\/producto\/maquina-para-palomitas-con-carro\/\",\"name\":\"Maquina para palomitas con carro - distribuci\u00f3n ARC\",\"isPartOf\":{\"@id\":\"https:\/\/www.distribucionarc.com\/sl\/#website\"},\"primaryImageOfPage\":{\"@id\":\"https:\/\/www.distribucionarc.com\/fr\/producto\/maquina-para-palomitas-con-carro\/#primaryimage\"},\"image\":{\"@id\":\"https:\/\/www.distribucionarc.com\/fr\/producto\/maquina-para-palomitas-con-carro\/#primaryimage\"},\"thumbnailUrl\":\"https:\/\/distribucionarc.com\/wp-content\/uploads\/2020\/07\/M\u00e1quina-para-palomitas-con-carro-0.jpg\",\"datePublished\":\"2020-07-28T11:51:44+00:00\",\"dateModified\":\"2020-09-29T19:03:26+00:00\",\"breadcrumb\":{\"@id\":\"https:\/\/www.distribucionarc.com\/fr\/producto\/maquina-para-palomitas-con-carro\/#breadcrumb\"},\"inLanguage\":\"ro-RO\",\"potentialAction\":[{\"@type\":\"ReadAction\",\"target\":[\"https:\/\/www.distribucionarc.com\/fr\/producto\/maquina-para-palomitas-con-carro\/\"]}]},{\"@type\":\"ImageObject\",\"inLanguage\":\"ro-RO\",\"@id\":\"https:\/\/www.distribucionarc.com\/fr\/producto\/maquina-para-palomitas-con-carro\/#primaryimage\",\"url\":\"https:\/\/distribucionarc.com\/wp-content\/uploads\/2020\/07\/M\u00e1quina-para-palomitas-con-carro-0.jpg\",\"contentUrl\":\"https:\/\/distribucionarc.com\/wp-content\/uploads\/2020\/07\/M\u00e1quina-para-palomitas-con-carro-0.jpg\",\"width\":1592,\"height\":1600,\"caption\":\"M\u00e1quina para palomitas con carro\"},{\"@type\":\"BreadcrumbList\",\"@id\":\"https:\/\/www.distribucionarc.com\/fr\/producto\/maquina-para-palomitas-con-carro\/#breadcrumb\",\"itemListElement\":[{\"@type\":\"ListItem\",\"position\":1,\"name\":\"Portada\",\"item\":\"https:\/\/www.distribucionarc.com\/\"},{\"@type\":\"ListItem\",\"position\":2,\"name\":\"\u00dcr\u00fcnler\",\"item\":\"https:\/\/www.distribucionarc.com\/tr\/magaza\/\"},{\"@type\":\"ListItem\",\"position\":3,\"name\":\"Maquina para palomitas con carro\"}]},{\"@type\":\"WebSite\",\"@id\":\"https:\/\/www.distribucionarc.com\/sl\/#website\",\"url\":\"https:\/\/www.distribucionarc.com\/sl\/\",\"name\":\"distribuci\u00f3n ARC\",\"description\":\"Empresa especializada en la fabricaci\u00f3n y distribuci\u00f3n de maquinaria industrial, selladoras de latas, Maquinas de hacer pastillas, Maquinas de cortar carne...\",\"publisher\":{\"@id\":\"https:\/\/www.distribucionarc.com\/sl\/#organization\"},\"potentialAction\":[{\"@type\":\"SearchAction\",\"target\":{\"@type\":\"EntryPoint\",\"urlTemplate\":\"https:\/\/www.distribucionarc.com\/sl\/?s={search_term_string}\"},\"query-input\":{\"@type\":\"PropertyValueSpecification\",\"valueRequired\":true,\"valueName\":\"search_term_string\"}}],\"inLanguage\":\"ro-RO\"},{\"@type\":\"Organization\",\"@id\":\"https:\/\/www.distribucionarc.com\/sl\/#organization\",\"name\":\"Distribuci\u00f3n ARC\",\"url\":\"https:\/\/www.distribucionarc.com\/sl\/\",\"logo\":{\"@type\":\"ImageObject\",\"inLanguage\":\"ro-RO\",\"@id\":\"https:\/\/www.distribucionarc.com\/sl\/#\/schema\/logo\/image\/\",\"url\":\"https:\/\/distribucionarc.com\/wp-content\/uploads\/2024\/10\/distribucion-ARC-COLOR-SIN-FONDO-e1732295305345.png\",\"contentUrl\":\"https:\/\/distribucionarc.com\/wp-content\/uploads\/2024\/10\/distribucion-ARC-COLOR-SIN-FONDO-e1732295305345.png\",\"width\":1164,\"height\":558,\"caption\":\"Distribuci\u00f3n ARC\"},\"image\":{\"@id\":\"https:\/\/www.distribucionarc.com\/sl\/#\/schema\/logo\/image\/\"},\"description\":\"Empresa especializada en la fabricaci\u00f3n y distribuci\u00f3n de maquinaria industrial para los sectores alimentario y farmac\u00e9utico. Nos especializamos en: M\u00e1quinas de cortar carne Fabricaci\u00f3n de comprimidos Sistemas de transporte industrial L\u00edneas de embotellado Dosificadores Y mucho m\u00e1s... Ofrecemos soluciones innovadoras y personalizadas para optimizar los procesos productivos de tu empresa.\",\"email\":\"Admistracion@distribucionarc.com\",\"telephone\":\"+34 643496664\",\"legalName\":\"ARC TECH SOLUTIONS\",\"foundingDate\":\"2024-04-09\",\"vatID\":\"B55480172\",\"numberOfEmployees\":{\"@type\":\"QuantitativeValue\",\"minValue\":\"1\",\"maxValue\":\"10\"}}]}<\/script>\n<!-- \/ Yoast SEO Premium plugin. -->","yoast_head_json":{"title":"Ma\u0219in\u0103 de floricele cu c\u0103rucior - distribu\u021bie ARC","robots":{"index":"index","follow":"follow","max-snippet":"max-snippet:-1","max-image-preview":"max-image-preview:large","max-video-preview":"max-video-preview:-1"},"canonical":"https:\/\/www.distribucionarc.com\/fr\/producto\/maquina-para-palomitas-con-carro\/","og_locale":"ro_RO","og_type":"article","og_title":"Maquina para palomitas con carro","og_description":"Maquina para palomitas con carro Saca partido a la m\u00e1quina de palomitas ARCMPC01 y d\u00e9jate convencer por una excelente experiencia de sabor, \u00a1ya sea en cines, mercadillos o festivales!  La m\u00e1quina de palomitas de ma\u00edz ARC ha sido especialmente dise\u00f1ada para el uso profesional en gastronom\u00eda y resulta toda una atracci\u00f3n. No solo impresiona por su dise\u00f1o alegre, m\u00e1quina y carrito en llamativo color rojo, y techo esmaltado, sino tambi\u00e9n por su c\u00e1mara calefactada e iluminada, sistema de agitaci\u00f3n y termostato autom\u00e1tico. Garant\u00eda\u00a0ARC\u00a02 A\u00d1OS M\u00e1quina de palomitas eficiente, bajo consumo 1350w soporte t\u00e9cnico incluido &nbsp;","og_url":"https:\/\/www.distribucionarc.com\/fr\/producto\/maquina-para-palomitas-con-carro\/","og_site_name":"distribuci\u00f3n ARC","article_modified_time":"2020-09-29T19:03:26+00:00","og_image":[{"width":1592,"height":1600,"url":"https:\/\/distribucionarc.com\/wp-content\/uploads\/2020\/07\/M\u00e1quina-para-palomitas-con-carro-0.jpg","type":"image\/jpeg"}],"twitter_card":"summary_large_image","twitter_misc":{"Timp estimat pentru citire":"2 minute"},"schema":{"@context":"https:\/\/schema.org","@graph":[{"@type":"WebPage","@id":"https:\/\/www.distribucionarc.com\/fr\/producto\/maquina-para-palomitas-con-carro\/","url":"https:\/\/www.distribucionarc.com\/fr\/producto\/maquina-para-palomitas-con-carro\/","name":"Ma\u0219in\u0103 de floricele cu c\u0103rucior - distribu\u021bie ARC","isPartOf":{"@id":"https:\/\/www.distribucionarc.com\/sl\/#website"},"primaryImageOfPage":{"@id":"https:\/\/www.distribucionarc.com\/fr\/producto\/maquina-para-palomitas-con-carro\/#primaryimage"},"image":{"@id":"https:\/\/www.distribucionarc.com\/fr\/producto\/maquina-para-palomitas-con-carro\/#primaryimage"},"thumbnailUrl":"https:\/\/distribucionarc.com\/wp-content\/uploads\/2020\/07\/M\u00e1quina-para-palomitas-con-carro-0.jpg","datePublished":"2020-07-28T11:51:44+00:00","dateModified":"2020-09-29T19:03:26+00:00","breadcrumb":{"@id":"https:\/\/www.distribucionarc.com\/fr\/producto\/maquina-para-palomitas-con-carro\/#breadcrumb"},"inLanguage":"ro-RO","potentialAction":[{"@type":"ReadAction","target":["https:\/\/www.distribucionarc.com\/fr\/producto\/maquina-para-palomitas-con-carro\/"]}]},{"@type":"ImageObject","inLanguage":"ro-RO","@id":"https:\/\/www.distribucionarc.com\/fr\/producto\/maquina-para-palomitas-con-carro\/#primaryimage","url":"https:\/\/distribucionarc.com\/wp-content\/uploads\/2020\/07\/M\u00e1quina-para-palomitas-con-carro-0.jpg","contentUrl":"https:\/\/distribucionarc.com\/wp-content\/uploads\/2020\/07\/M\u00e1quina-para-palomitas-con-carro-0.jpg","width":1592,"height":1600,"caption":"M\u00e1quina para palomitas con carro"},{"@type":"BreadcrumbList","@id":"https:\/\/www.distribucionarc.com\/fr\/producto\/maquina-para-palomitas-con-carro\/#breadcrumb","itemListElement":[{"@type":"ListItem","position":1,"name":"Portada","item":"https:\/\/www.distribucionarc.com\/"},{"@type":"ListItem","position":2,"name":"\u00dcr\u00fcnler","item":"https:\/\/www.distribucionarc.com\/tr\/magaza\/"},{"@type":"ListItem","position":3,"name":"Maquina para palomitas con carro"}]},{"@type":"WebSite","@id":"https:\/\/www.distribucionarc.com\/sl\/#website","url":"https:\/\/www.distribucionarc.com\/sl\/","name":"Distribu\u021bie ARC","description":"Companie specializat\u0103 \u00een fabricarea \u0219i distribu\u021bia de utilaje industriale, ma\u0219ini de sigilat cutii, ma\u0219ini de fabricat tablete, ma\u0219ini de t\u0103iat carne...","publisher":{"@id":"https:\/\/www.distribucionarc.com\/sl\/#organization"},"potentialAction":[{"@type":"SearchAction","target":{"@type":"EntryPoint","urlTemplate":"https:\/\/www.distribucionarc.com\/sl\/?s={search_term_string}"},"query-input":{"@type":"PropertyValueSpecification","valueRequired":true,"valueName":"search_term_string"}}],"inLanguage":"ro-RO"},{"@type":"Organization","@id":"https:\/\/www.distribucionarc.com\/sl\/#organization","name":"Distribu\u021bie ARC","url":"https:\/\/www.distribucionarc.com\/sl\/","logo":{"@type":"ImageObject","inLanguage":"ro-RO","@id":"https:\/\/www.distribucionarc.com\/sl\/#\/schema\/logo\/image\/","url":"https:\/\/distribucionarc.com\/wp-content\/uploads\/2024\/10\/distribucion-ARC-COLOR-SIN-FONDO-e1732295305345.png","contentUrl":"https:\/\/distribucionarc.com\/wp-content\/uploads\/2024\/10\/distribucion-ARC-COLOR-SIN-FONDO-e1732295305345.png","width":1164,"height":558,"caption":"Distribuci\u00f3n ARC"},"image":{"@id":"https:\/\/www.distribucionarc.com\/sl\/#\/schema\/logo\/image\/"},"description":"Companie specializat\u0103 \u00een fabricarea \u0219i distribu\u021bia de utilaje industriale pentru sectoarele alimentar \u0219i farmaceutic. Suntem specializa\u021bi \u00een: Ma\u0219ini de t\u0103iat carne Fabricarea tabletelor Sisteme de transport industrial Linii de \u00eembuteliere Distribuitoare \u0218i multe altele... Oferim solu\u021bii inovatoare \u0219i personalizate pentru a optimiza procesele de produc\u021bie ale companiei dumneavoastr\u0103.","email":"Admistracion@distribucionarc.com","telephone":"+34 643496664","legalName":"ARC TECH SOLUTIONS","foundingDate":"2024-04-09","vatID":"B55480172","numberOfEmployees":{"@type":"QuantitativeValue","minValue":"1","maxValue":"10"}}]}},"_links":{"self":[{"href":"https:\/\/distribucionarc.com\/ro\/wp-json\/wp\/v2\/product\/1625","targetHints":{"allow":["GET"]}}],"collection":[{"href":"https:\/\/distribucionarc.com\/ro\/wp-json\/wp\/v2\/product"}],"about":[{"href":"https:\/\/distribucionarc.com\/ro\/wp-json\/wp\/v2\/types\/product"}],"replies":[{"embeddable":true,"href":"https:\/\/distribucionarc.com\/ro\/wp-json\/wp\/v2\/comments?post=1625"}],"version-history":[{"count":0,"href":"https:\/\/distribucionarc.com\/ro\/wp-json\/wp\/v2\/product\/1625\/revisions"}],"wp:featuredmedia":[{"embeddable":true,"href":"https:\/\/distribucionarc.com\/ro\/wp-json\/wp\/v2\/media\/1629"}],"wp:attachment":[{"href":"https:\/\/distribucionarc.com\/ro\/wp-json\/wp\/v2\/media?parent=1625"}],"wp:term":[{"taxonomy":"product_brand","embeddable":true,"href":"https:\/\/distribucionarc.com\/ro\/wp-json\/wp\/v2\/product_brand?post=1625"},{"taxonomy":"product_cat","embeddable":true,"href":"https:\/\/distribucionarc.com\/ro\/wp-json\/wp\/v2\/product_cat?post=1625"},{"taxonomy":"product_tag","embeddable":true,"href":"https:\/\/distribucionarc.com\/ro\/wp-json\/wp\/v2\/product_tag?post=1625"}],"curies":[{"name":"wp","href":"https:\/\/api.w.org\/{rel}","templated":true}]}}