{"id":1752,"date":"2020-07-30T11:22:21","date_gmt":"2020-07-30T11:22:21","guid":{"rendered":"https:\/\/distribucionarc.com\/?post_type=product&#038;p=1752"},"modified":"2020-09-27T16:33:09","modified_gmt":"2020-09-27T16:33:09","slug":"incalzitor-alimentare-in-baie-de-apa-industrial-4","status":"publish","type":"product","link":"https:\/\/distribucionarc.com\/ro\/producto\/calentador-de-alimentos-al-bano-maria-industrial-4\/","title":{"rendered":"\u00cenc\u0103lzitor industrial de afi\u0219are pentru alimente cu baie marie 4"},"content":{"rendered":"<h3>\u00cenc\u0103lzitor industrial cu baie marie 4<\/h3>\n<p>The\u00a0<strong>cele mai bune \u00eenc\u0103lzitoare pentru baie de ap\u0103<\/strong>\u00a0de\u00a0<strong><span style=\"color: #ff0000;\">LA<\/span><span style=\"color: #0000ff;\">R<\/span>c<\/strong>\u00a0pentru a p\u0103stra toat\u0103 savoarea \u0219i propriet\u0103\u021bile preparatelor tale. Cel mai bun mod de a avea grij\u0103 de clien\u021bii t\u0103i.<\/p>\n<p>Carcasa \u0219i capacul sunt realizate din o\u021bel inoxidabil \u0219i, prin urmare, ofer\u0103 cele mai bune condi\u021bii pentru cerin\u021bele de igien\u0103, precum \u0219i le fac foarte atr\u0103g\u0103toare. Toate unit\u0103\u021bile au un\u00a0<strong>supap\u0103 de scurgere<\/strong>\u00a0ceea ce faciliteaz\u0103 golirea rezervorului de ap\u0103. Mai mult, cel\u00a0<strong>\u00eenc\u0103lzitoare de ap\u0103<\/strong>\u00a0Au protec\u021bie din sticl\u0103 care protejeaz\u0103 alimentele de contaminare, permi\u021b\u00e2nd \u00een acela\u0219i timp \u00eendep\u0103rtarea u\u0219oar\u0103.<\/p>\n<p>Apa este \u00eenc\u0103lzit\u0103 de elementele de \u00eenc\u0103lzire, iar alimentele sunt \u00eenc\u0103lzite uniform \u0219i u\u0219or. Temperatura poate fi reglata intre 50 si 200 de grade Celsius. Cu toate acestea, datorit\u0103 principiului,\u00a0<strong>Temperatura alimentelor nu poate dep\u0103\u0219i 100\u00b0C<\/strong>\u00a0pentru a preveni arderea acestora.<\/p>\n<p>Datorit\u0103 dimensiunilor standard, diferite dimensiuni de\u00a0<strong>recipiente gastronomice,<\/strong>\u00a0modelul<strong><span style=\"color: #ff0000;\"> LA<\/span><span style=\"color: #0000ff;\">R<\/span>CCCA4 <\/strong>Are 4 recipiente pentru a v\u0103 depozita vasele.<\/p>\n<h6><strong>garan\u021bie\u00a0<span style=\"color: #ff0000;\">LA<\/span><span style=\"color: #0000ff;\">R<\/span>C 2 ANI<\/strong><\/h6>\n<h6><span style=\"color: #008000;\">\u00cenc\u0103lzitor eficient de alimente, consum redus 1350w<\/span><\/h6>\n<h6><strong>suport tehnic inclus<\/strong><\/h6>\n<p>&nbsp;<\/p>\n<table role=\"presentation\" width=\"100%\" cellspacing=\"0\" cellpadding=\"0\">\n<tbody>\n<tr>\n<td class=\"attrLabels\">Marca:<\/td>\n<td width=\"50.0%\">ARC<\/td>\n<\/tr>\n<tr>\n<td class=\"attrLabels\">\u021aara de distribu\u021bie:<\/td>\n<td width=\"50.0%\">Spania, Germania, SUA<\/td>\n<td class=\"attrLabels\">Greutate:<\/td>\n<td width=\"50.0%\">21 kg<\/td>\n<\/tr>\n<tr>\n<td class=\"attrLabels\">Marca:<\/td>\n<td width=\"50.0%\">ARC<\/td>\n<td class=\"attrLabels\">\u00cen\u0103l\u0163ime:<\/td>\n<td width=\"50.0%\">13 cm<\/td>\n<\/tr>\n<tr>\n<td class=\"attrLabels\">Culoare:<\/td>\n<td width=\"50.0%\">Argint<\/td>\n<td class=\"attrLabels\">Lung:<\/td>\n<td width=\"50.0%\">117,5 cm<\/td>\n<\/tr>\n<tr>\n<td class=\"attrLabels\">Tip produs:<\/td>\n<td width=\"50.0%\">incalzitor de mancare<\/td>\n<td class=\"attrLabels\">Larg:<\/td>\n<td width=\"50.0%\">35 cm<\/td>\n<\/tr>\n<tr>\n<td class=\"attrLabels\">Numar producator:<\/td>\n<td width=\"50.0%\">ARCCCA3<\/td>\n<td class=\"attrLabels\">Putere:<\/td>\n<td width=\"50.0%\">1350W<\/td>\n<\/tr>\n<tr>\n<td class=\"attrLabels\">Material:<\/td>\n<td width=\"50.0%\">otel inoxidabil, control al temperaturii<\/td>\n<td class=\"attrLabels\">tensiune de intrare<\/td>\n<td width=\"50.0%\">230V \u2013 50Hz<\/td>\n<\/tr>\n<tr>\n<td class=\"attrLabels\">Garantie:<\/td>\n<td width=\"50.0%\">\u00a0 2 ani<\/td>\n<td class=\"attrLabels\">Temperatur\u0103:<\/td>\n<td width=\"50.0%\">0\u00b0 \u2013 200\u00b0C<\/td>\n<\/tr>\n<tr>\n<td class=\"attrLabels\">Instrumente de instalare:<\/td>\n<td width=\"50.0%\">Da<\/td>\n<td class=\"attrLabels\">Containere:<\/td>\n<td width=\"50.0%\">\u00a04 GN 1\/2<\/td>\n<\/tr>\n<\/tbody>\n<\/table>\n<p>&nbsp;<\/p>","protected":false},"excerpt":{"rendered":"<h2>\u00cenc\u0103lzitor industrial cu baie marie 4<\/h2>\n<p>Din<strong>\u00a0<span style=\"color: #ff0000;\">LA<\/span><span style=\"color: #0000ff;\">R<\/span>c<\/strong>\u00a0iti oferim ce este mai bun\u00a0<strong>\u00eenc\u0103lzitoare de alimente cu ap\u0103<\/strong>\u00a0stil bain-marie pentru a p\u0103stra mai bine aroma \u0219i textura.<\/p>\n<p>The\u00a0<strong>\u00eenc\u0103lzitoare profesionale de alimente\u00a0<span style=\"color: #ff0000;\">LA<\/span><span style=\"color: #0000ff;\">R<\/span>c\u00a0<\/strong>Sunt cea mai bun\u0103 op\u021biune de a servi \u0219i de a v\u0103 men\u021bine preparatele calde. Sunt folosite \u00een buc\u0103t\u0103rii comerciale, restaurante, bufete, hoteluri sau companii de catering. Dispozitivele sunt\u00a0<strong>Proiectat pentru utilizare \u00een industria restaurantelor<\/strong>\u00a0\u0219i p\u0103stra\u021bi \u00eentotdeauna alimentele la o temperatur\u0103 optim\u0103.<\/p>\n<h6><strong>garan\u021bie\u00a0<span style=\"color: #ff0000;\">LA<\/span><span style=\"color: #0000ff;\">R<\/span>C 2 ANI<\/strong><\/h6>\n<h6><span style=\"color: #008000;\">\u00cenc\u0103lzitor eficient de alimente, consum redus 1350w<\/span><\/h6>\n<h6><strong>suport tehnic inclus<\/strong><\/h6>","protected":false},"featured_media":1753,"comment_status":"open","ping_status":"closed","template":"","meta":{"wds_primary_product_brand":0,"wds_primary_product_cat":0},"product_brand":[],"product_cat":[41],"product_tag":[],"class_list":{"0":"post-1752","1":"product","2":"type-product","3":"status-publish","4":"has-post-thumbnail","6":"product_cat-expositor-de-alimentos","8":"first","9":"instock","10":"sale","11":"taxable","12":"shipping-taxable","13":"purchasable","14":"product-type-simple"},"yoast_head":"<!-- This site is optimized with the Yoast SEO Premium plugin v24.9 (Yoast SEO v26.1) - https:\/\/yoast.com\/wordpress\/plugins\/seo\/ -->\n<title>Calentador vitrina de alimentos al ba\u00f1o maria industrial 4 - distribuci\u00f3n ARC<\/title>\n<meta name=\"robots\" content=\"index, follow, max-snippet:-1, max-image-preview:large, max-video-preview:-1\" \/>\n<link rel=\"canonical\" href=\"https:\/\/www.distribucionarc.com\/producto\/calentador-de-alimentos-al-bano-maria-industrial-4\/\" \/>\n<meta property=\"og:locale\" content=\"ro_RO\" \/>\n<meta property=\"og:type\" content=\"article\" \/>\n<meta property=\"og:title\" content=\"Calentador vitrina de alimentos al ba\u00f1o maria industrial 4\" \/>\n<meta property=\"og:description\" content=\"Calentador de alimentos al ba\u00f1o maria industrial 4 Desde\u00a0ARC\u00a0te ofrecemos los mejores\u00a0calentadores de alimentos con agua\u00a0al estilo ba\u00f1o mar\u00eda para conservar mejor el sabor y la textura.  Los\u00a0calentadores de alimentos profesionales de\u00a0ARC\u00a0son la mejor opci\u00f3n para servir y mantener calientes sus platos. Se utilizan en cocinas comerciales, restaurantes, buf\u00e9s, hoteles o empresas de catering. Los dispositivos est\u00e1n\u00a0dise\u00f1ados para su uso en la industria de la restauraci\u00f3n\u00a0y siempre mantienen los alimentos a una temperatura \u00f3ptima. Garant\u00eda\u00a0ARC 2 A\u00d1OS Calentador de alimentos eficiente, bajo consumo 1350w soporte t\u00e9cnico incluido\" \/>\n<meta property=\"og:url\" content=\"https:\/\/www.distribucionarc.com\/producto\/calentador-de-alimentos-al-bano-maria-industrial-4\/\" \/>\n<meta property=\"og:site_name\" content=\"distribuci\u00f3n ARC\" \/>\n<meta property=\"article:modified_time\" content=\"2020-09-27T16:33:09+00:00\" \/>\n<meta property=\"og:image\" content=\"https:\/\/distribucionarc.com\/wp-content\/uploads\/2020\/07\/Calentador-de-alimentos-al-ba\u00f1o-mar\u00eda-industrial-4-0.jpg\" \/>\n\t<meta property=\"og:image:width\" content=\"1500\" \/>\n\t<meta property=\"og:image:height\" content=\"1500\" \/>\n\t<meta property=\"og:image:type\" content=\"image\/jpeg\" \/>\n<meta name=\"twitter:card\" content=\"summary_large_image\" \/>\n<meta name=\"twitter:label1\" content=\"Timp estimat pentru citire\" \/>\n\t<meta name=\"twitter:data1\" content=\"1 minut\" \/>\n<script type=\"application\/ld+json\" class=\"yoast-schema-graph\">{\"@context\":\"https:\/\/schema.org\",\"@graph\":[{\"@type\":\"WebPage\",\"@id\":\"https:\/\/www.distribucionarc.com\/producto\/calentador-de-alimentos-al-bano-maria-industrial-4\/\",\"url\":\"https:\/\/www.distribucionarc.com\/producto\/calentador-de-alimentos-al-bano-maria-industrial-4\/\",\"name\":\"Calentador vitrina de alimentos al ba\u00f1o maria industrial 4 - distribuci\u00f3n ARC\",\"isPartOf\":{\"@id\":\"https:\/\/distribucionarc.com\/bg\/#website\"},\"primaryImageOfPage\":{\"@id\":\"https:\/\/www.distribucionarc.com\/producto\/calentador-de-alimentos-al-bano-maria-industrial-4\/#primaryimage\"},\"image\":{\"@id\":\"https:\/\/www.distribucionarc.com\/producto\/calentador-de-alimentos-al-bano-maria-industrial-4\/#primaryimage\"},\"thumbnailUrl\":\"https:\/\/distribucionarc.com\/wp-content\/uploads\/2020\/07\/Calentador-de-alimentos-al-ba\u00f1o-mar\u00eda-industrial-4-0.jpg\",\"datePublished\":\"2020-07-30T11:22:21+00:00\",\"dateModified\":\"2020-09-27T16:33:09+00:00\",\"breadcrumb\":{\"@id\":\"https:\/\/www.distribucionarc.com\/producto\/calentador-de-alimentos-al-bano-maria-industrial-4\/#breadcrumb\"},\"inLanguage\":\"ro-RO\",\"potentialAction\":[{\"@type\":\"ReadAction\",\"target\":[\"https:\/\/www.distribucionarc.com\/producto\/calentador-de-alimentos-al-bano-maria-industrial-4\/\"]}]},{\"@type\":\"ImageObject\",\"inLanguage\":\"ro-RO\",\"@id\":\"https:\/\/www.distribucionarc.com\/producto\/calentador-de-alimentos-al-bano-maria-industrial-4\/#primaryimage\",\"url\":\"https:\/\/distribucionarc.com\/wp-content\/uploads\/2020\/07\/Calentador-de-alimentos-al-ba\u00f1o-mar\u00eda-industrial-4-0.jpg\",\"contentUrl\":\"https:\/\/distribucionarc.com\/wp-content\/uploads\/2020\/07\/Calentador-de-alimentos-al-ba\u00f1o-mar\u00eda-industrial-4-0.jpg\",\"width\":1500,\"height\":1500,\"caption\":\"Calentador de alimentos al ba\u00f1o mar\u00eda industrial 4\"},{\"@type\":\"BreadcrumbList\",\"@id\":\"https:\/\/www.distribucionarc.com\/producto\/calentador-de-alimentos-al-bano-maria-industrial-4\/#breadcrumb\",\"itemListElement\":[{\"@type\":\"ListItem\",\"position\":1,\"name\":\"Portada\",\"item\":\"https:\/\/distribucionarc.com\/nb\/\"},{\"@type\":\"ListItem\",\"position\":2,\"name\":\"Products\",\"item\":\"https:\/\/www.distribucionarc.com\/en\/shop\/\"},{\"@type\":\"ListItem\",\"position\":3,\"name\":\"Calentador vitrina de alimentos al ba\u00f1o maria industrial 4\"}]},{\"@type\":\"WebSite\",\"@id\":\"https:\/\/distribucionarc.com\/bg\/#website\",\"url\":\"https:\/\/distribucionarc.com\/bg\/\",\"name\":\"distribuci\u00f3n ARC\",\"description\":\"Empresa especializada en la fabricaci\u00f3n y distribuci\u00f3n de maquinaria industrial, selladoras de latas, Maquinas de hacer pastillas, Maquinas de cortar carne...\",\"publisher\":{\"@id\":\"https:\/\/distribucionarc.com\/bg\/#organization\"},\"potentialAction\":[{\"@type\":\"SearchAction\",\"target\":{\"@type\":\"EntryPoint\",\"urlTemplate\":\"https:\/\/distribucionarc.com\/bg\/?s={search_term_string}\"},\"query-input\":{\"@type\":\"PropertyValueSpecification\",\"valueRequired\":true,\"valueName\":\"search_term_string\"}}],\"inLanguage\":\"ro-RO\"},{\"@type\":\"Organization\",\"@id\":\"https:\/\/distribucionarc.com\/bg\/#organization\",\"name\":\"Distribuci\u00f3n ARC\",\"url\":\"https:\/\/distribucionarc.com\/bg\/\",\"logo\":{\"@type\":\"ImageObject\",\"inLanguage\":\"ro-RO\",\"@id\":\"https:\/\/distribucionarc.com\/bg\/#\/schema\/logo\/image\/\",\"url\":\"https:\/\/distribucionarc.com\/wp-content\/uploads\/2024\/10\/distribucion-ARC-COLOR-SIN-FONDO-e1732295305345.png\",\"contentUrl\":\"https:\/\/distribucionarc.com\/wp-content\/uploads\/2024\/10\/distribucion-ARC-COLOR-SIN-FONDO-e1732295305345.png\",\"width\":1164,\"height\":558,\"caption\":\"Distribuci\u00f3n ARC\"},\"image\":{\"@id\":\"https:\/\/distribucionarc.com\/bg\/#\/schema\/logo\/image\/\"},\"description\":\"Empresa especializada en la fabricaci\u00f3n y distribuci\u00f3n de maquinaria industrial para los sectores alimentario y farmac\u00e9utico. Nos especializamos en: M\u00e1quinas de cortar carne Fabricaci\u00f3n de comprimidos Sistemas de transporte industrial L\u00edneas de embotellado Dosificadores Y mucho m\u00e1s... Ofrecemos soluciones innovadoras y personalizadas para optimizar los procesos productivos de tu empresa.\",\"email\":\"Admistracion@distribucionarc.com\",\"telephone\":\"+34 643496664\",\"legalName\":\"ARC TECH SOLUTIONS\",\"foundingDate\":\"2024-04-09\",\"vatID\":\"B55480172\",\"numberOfEmployees\":{\"@type\":\"QuantitativeValue\",\"minValue\":\"1\",\"maxValue\":\"10\"}}]}<\/script>\n<!-- \/ Yoast SEO Premium plugin. -->","yoast_head_json":{"title":"\u00cenc\u0103lzitor industrial de afi\u0219are alimentar\u0103 cu baie marie 4 - distribu\u021bie ARC","robots":{"index":"index","follow":"follow","max-snippet":"max-snippet:-1","max-image-preview":"max-image-preview:large","max-video-preview":"max-video-preview:-1"},"canonical":"https:\/\/www.distribucionarc.com\/producto\/calentador-de-alimentos-al-bano-maria-industrial-4\/","og_locale":"ro_RO","og_type":"article","og_title":"Calentador vitrina de alimentos al ba\u00f1o maria industrial 4","og_description":"Calentador de alimentos al ba\u00f1o maria industrial 4 Desde\u00a0ARC\u00a0te ofrecemos los mejores\u00a0calentadores de alimentos con agua\u00a0al estilo ba\u00f1o mar\u00eda para conservar mejor el sabor y la textura.  Los\u00a0calentadores de alimentos profesionales de\u00a0ARC\u00a0son la mejor opci\u00f3n para servir y mantener calientes sus platos. Se utilizan en cocinas comerciales, restaurantes, buf\u00e9s, hoteles o empresas de catering. Los dispositivos est\u00e1n\u00a0dise\u00f1ados para su uso en la industria de la restauraci\u00f3n\u00a0y siempre mantienen los alimentos a una temperatura \u00f3ptima. Garant\u00eda\u00a0ARC 2 A\u00d1OS Calentador de alimentos eficiente, bajo consumo 1350w soporte t\u00e9cnico incluido","og_url":"https:\/\/www.distribucionarc.com\/producto\/calentador-de-alimentos-al-bano-maria-industrial-4\/","og_site_name":"distribuci\u00f3n ARC","article_modified_time":"2020-09-27T16:33:09+00:00","og_image":[{"width":1500,"height":1500,"url":"https:\/\/distribucionarc.com\/wp-content\/uploads\/2020\/07\/Calentador-de-alimentos-al-ba\u00f1o-mar\u00eda-industrial-4-0.jpg","type":"image\/jpeg"}],"twitter_card":"summary_large_image","twitter_misc":{"Timp estimat pentru citire":"1 minut"},"schema":{"@context":"https:\/\/schema.org","@graph":[{"@type":"WebPage","@id":"https:\/\/www.distribucionarc.com\/producto\/calentador-de-alimentos-al-bano-maria-industrial-4\/","url":"https:\/\/www.distribucionarc.com\/producto\/calentador-de-alimentos-al-bano-maria-industrial-4\/","name":"\u00cenc\u0103lzitor industrial de afi\u0219are alimentar\u0103 cu baie marie 4 - distribu\u021bie ARC","isPartOf":{"@id":"https:\/\/distribucionarc.com\/bg\/#website"},"primaryImageOfPage":{"@id":"https:\/\/www.distribucionarc.com\/producto\/calentador-de-alimentos-al-bano-maria-industrial-4\/#primaryimage"},"image":{"@id":"https:\/\/www.distribucionarc.com\/producto\/calentador-de-alimentos-al-bano-maria-industrial-4\/#primaryimage"},"thumbnailUrl":"https:\/\/distribucionarc.com\/wp-content\/uploads\/2020\/07\/Calentador-de-alimentos-al-ba\u00f1o-mar\u00eda-industrial-4-0.jpg","datePublished":"2020-07-30T11:22:21+00:00","dateModified":"2020-09-27T16:33:09+00:00","breadcrumb":{"@id":"https:\/\/www.distribucionarc.com\/producto\/calentador-de-alimentos-al-bano-maria-industrial-4\/#breadcrumb"},"inLanguage":"ro-RO","potentialAction":[{"@type":"ReadAction","target":["https:\/\/www.distribucionarc.com\/producto\/calentador-de-alimentos-al-bano-maria-industrial-4\/"]}]},{"@type":"ImageObject","inLanguage":"ro-RO","@id":"https:\/\/www.distribucionarc.com\/producto\/calentador-de-alimentos-al-bano-maria-industrial-4\/#primaryimage","url":"https:\/\/distribucionarc.com\/wp-content\/uploads\/2020\/07\/Calentador-de-alimentos-al-ba\u00f1o-mar\u00eda-industrial-4-0.jpg","contentUrl":"https:\/\/distribucionarc.com\/wp-content\/uploads\/2020\/07\/Calentador-de-alimentos-al-ba\u00f1o-mar\u00eda-industrial-4-0.jpg","width":1500,"height":1500,"caption":"Calentador de alimentos al ba\u00f1o mar\u00eda industrial 4"},{"@type":"BreadcrumbList","@id":"https:\/\/www.distribucionarc.com\/producto\/calentador-de-alimentos-al-bano-maria-industrial-4\/#breadcrumb","itemListElement":[{"@type":"ListItem","position":1,"name":"Portada","item":"https:\/\/distribucionarc.com\/nb\/"},{"@type":"ListItem","position":2,"name":"Products","item":"https:\/\/www.distribucionarc.com\/en\/shop\/"},{"@type":"ListItem","position":3,"name":"Calentador vitrina de alimentos al ba\u00f1o maria industrial 4"}]},{"@type":"WebSite","@id":"https:\/\/distribucionarc.com\/bg\/#website","url":"https:\/\/distribucionarc.com\/bg\/","name":"Distribu\u021bie ARC","description":"Companie specializat\u0103 \u00een fabricarea \u0219i distribu\u021bia de utilaje industriale, ma\u0219ini de sigilat cutii, ma\u0219ini de fabricat tablete, ma\u0219ini de t\u0103iat carne...","publisher":{"@id":"https:\/\/distribucionarc.com\/bg\/#organization"},"potentialAction":[{"@type":"SearchAction","target":{"@type":"EntryPoint","urlTemplate":"https:\/\/distribucionarc.com\/bg\/?s={search_term_string}"},"query-input":{"@type":"PropertyValueSpecification","valueRequired":true,"valueName":"search_term_string"}}],"inLanguage":"ro-RO"},{"@type":"Organization","@id":"https:\/\/distribucionarc.com\/bg\/#organization","name":"Distribu\u021bie ARC","url":"https:\/\/distribucionarc.com\/bg\/","logo":{"@type":"ImageObject","inLanguage":"ro-RO","@id":"https:\/\/distribucionarc.com\/bg\/#\/schema\/logo\/image\/","url":"https:\/\/distribucionarc.com\/wp-content\/uploads\/2024\/10\/distribucion-ARC-COLOR-SIN-FONDO-e1732295305345.png","contentUrl":"https:\/\/distribucionarc.com\/wp-content\/uploads\/2024\/10\/distribucion-ARC-COLOR-SIN-FONDO-e1732295305345.png","width":1164,"height":558,"caption":"Distribuci\u00f3n ARC"},"image":{"@id":"https:\/\/distribucionarc.com\/bg\/#\/schema\/logo\/image\/"},"description":"Companie specializat\u0103 \u00een fabricarea \u0219i distribu\u021bia de utilaje industriale pentru sectoarele alimentar \u0219i farmaceutic. Suntem specializa\u021bi \u00een: Ma\u0219ini de t\u0103iat carne Fabricarea tabletelor Sisteme de transport industrial Linii de \u00eembuteliere Distribuitoare \u0218i multe altele... Oferim solu\u021bii inovatoare \u0219i personalizate pentru a optimiza procesele de produc\u021bie ale companiei dumneavoastr\u0103.","email":"Admistracion@distribucionarc.com","telephone":"+34 643496664","legalName":"ARC TECH SOLUTIONS","foundingDate":"2024-04-09","vatID":"B55480172","numberOfEmployees":{"@type":"QuantitativeValue","minValue":"1","maxValue":"10"}}]}},"_links":{"self":[{"href":"https:\/\/distribucionarc.com\/ro\/wp-json\/wp\/v2\/product\/1752","targetHints":{"allow":["GET"]}}],"collection":[{"href":"https:\/\/distribucionarc.com\/ro\/wp-json\/wp\/v2\/product"}],"about":[{"href":"https:\/\/distribucionarc.com\/ro\/wp-json\/wp\/v2\/types\/product"}],"replies":[{"embeddable":true,"href":"https:\/\/distribucionarc.com\/ro\/wp-json\/wp\/v2\/comments?post=1752"}],"version-history":[{"count":0,"href":"https:\/\/distribucionarc.com\/ro\/wp-json\/wp\/v2\/product\/1752\/revisions"}],"wp:featuredmedia":[{"embeddable":true,"href":"https:\/\/distribucionarc.com\/ro\/wp-json\/wp\/v2\/media\/1753"}],"wp:attachment":[{"href":"https:\/\/distribucionarc.com\/ro\/wp-json\/wp\/v2\/media?parent=1752"}],"wp:term":[{"taxonomy":"product_brand","embeddable":true,"href":"https:\/\/distribucionarc.com\/ro\/wp-json\/wp\/v2\/product_brand?post=1752"},{"taxonomy":"product_cat","embeddable":true,"href":"https:\/\/distribucionarc.com\/ro\/wp-json\/wp\/v2\/product_cat?post=1752"},{"taxonomy":"product_tag","embeddable":true,"href":"https:\/\/distribucionarc.com\/ro\/wp-json\/wp\/v2\/product_tag?post=1752"}],"curies":[{"name":"wp","href":"https:\/\/api.w.org\/{rel}","templated":true}]}}