{"id":17778,"date":"2025-08-21T01:39:52","date_gmt":"2025-08-20T23:39:52","guid":{"rendered":"https:\/\/distribucionarc.com\/?post_type=product&#038;p=17778"},"modified":"2025-08-21T01:39:53","modified_gmt":"2025-08-20T23:39:53","slug":"concasor-oscilant-cu-granulator-pentru-prelucrare-la-rece-si-produse-predispuse-la-umiditate","status":"publish","type":"product","link":"https:\/\/distribucionarc.com\/ro\/producto\/triturador-granulador-oscilante-trabajo-en-frio-productos-humedad\/","title":{"rendered":"Granulator oscilant Concasor Produse de umiditate pentru prelucrare la rece"},"content":{"rendered":"<p data-start=\"790\" data-end=\"1407\">El <strong data-start=\"793\" data-end=\"805\">YARK-160<\/strong> este o <strong data-start=\"812\" data-end=\"854\">moar\u0103\/concasor\/granulator oscilant<\/strong> de \u00eenalt\u0103 performan\u021b\u0103 concepute pentru <strong data-start=\"889\" data-end=\"922\">produse cu umiditate ridicat\u0103<\/strong> fie <strong data-start=\"925\" data-end=\"947\">sensibil la c\u0103ldur\u0103<\/strong>Oscila\u021bia sa <strong data-start=\"963\" data-end=\"971\">360\u00ba<\/strong> la <strong data-start=\"974\" data-end=\"992\">\u224860 cicluri\/min<\/strong> genereaz\u0103 <strong data-start=\"1000\" data-end=\"1017\">forfecare moale<\/strong>, cu <strong data-start=\"1023\" data-end=\"1040\">frecare redus\u0103<\/strong> \u015fi <strong data-start=\"1043\" data-end=\"1071\">cre\u0219tere termic\u0103 minim\u0103<\/strong>, ceea ce permite <strong data-start=\"1088\" data-end=\"1133\">zdrobire, dezaglomerare \u0219i granulare la rece<\/strong> f\u0103r\u0103 materialul <strong data-start=\"1154\" data-end=\"1200\">se tope\u0219te, se aglomereaz\u0103 sau \u00ee\u0219i pierde propriet\u0103\u021bile<\/strong>.<br data-start=\"1201\" data-end=\"1204\" \/>Conceput pentru linii <strong data-start=\"1224\" data-end=\"1237\">tu continui<\/strong> \u0219i ture intensive, oferte <strong data-start=\"1266\" data-end=\"1294\">distribu\u021bie controlat\u0103 a dimensiunii particulelor<\/strong> (conform mesh-ului) pentru a optimiza <strong data-start=\"1324\" data-end=\"1373\">amestecare, dozare, extrudare, tabletare<\/strong> \u015fi <strong data-start=\"1376\" data-end=\"1387\">fluen\u0163\u0103<\/strong> a produsului final.<\/p>\n<p data-start=\"1409\" data-end=\"1452\"><strong data-start=\"1409\" data-end=\"1450\">Aplica\u021bii \u0219i materiale (exemple):<\/strong><\/p>\n<ul data-start=\"1453\" data-end=\"2008\">\n<li data-start=\"1453\" data-end=\"1659\">\n<p data-start=\"1455\" data-end=\"1659\"><strong data-start=\"1455\" data-end=\"1471\">Hr\u0103nire<\/strong>ciocolat\u0103\/cacao (netopit\u0103), bulion concentrat\/\u201eAvecrem\u201d, zah\u0103r umed, sare de mare umed\u0103, condimente cu uleiuri, fructe deshidratate cu umiditate rezidual\u0103, premixuri \u0219i prelucr\u0103ri.<\/p>\n<\/li>\n<li data-start=\"1660\" data-end=\"1804\">\n<p data-start=\"1662\" data-end=\"1804\"><strong data-start=\"1662\" data-end=\"1678\">Farmaceutic<\/strong>: <strong data-start=\"1680\" data-end=\"1702\">granulare umed\u0103<\/strong> pulberi pentru tablete, tablete re-zdrobite, <strong data-start=\"1756\" data-end=\"1773\">dezaglomerat<\/strong> \u00eenainte de amestecare\/\u00eencapsulare.<\/p>\n<\/li>\n<li data-start=\"1805\" data-end=\"1906\">\n<p data-start=\"1807\" data-end=\"1906\"><strong data-start=\"1807\" data-end=\"1820\">Cosmetice<\/strong>baze de s\u0103pun, cear\u0103, balsamuri \u0219i paste; controlul dimensiunii <strong data-start=\"1882\" data-end=\"1903\">f\u0103r\u0103 supra\u00eenc\u0103lzire<\/strong>.<\/p>\n<\/li>\n<li data-start=\"1907\" data-end=\"2008\">\n<p data-start=\"1909\" data-end=\"2008\"><strong data-start=\"1909\" data-end=\"1920\">Chimie<\/strong>pulberi higroscopice\/reactive, pregranulate pentru <strong data-start=\"1972\" data-end=\"1988\">dozare<\/strong> \u015fi <strong data-start=\"1991\" data-end=\"2007\">compactare<\/strong>.<\/p>\n<\/li>\n<\/ul>\n<p data-start=\"2010\" data-end=\"2031\"><strong data-start=\"2010\" data-end=\"2029\">Beneficii cheie:<\/strong><\/p>\n<ul data-start=\"2032\" data-end=\"2494\">\n<li data-start=\"2032\" data-end=\"2117\">\n<p data-start=\"2034\" data-end=\"2117\"><strong data-start=\"2034\" data-end=\"2053\">Lucr\u0103ri la rece<\/strong> \u2192 mai pu\u021bin\u0103 aderen\u021b\u0103, mai pu\u021bine particule fine problematice, <strong data-start=\"2097\" data-end=\"2114\">flux stabil<\/strong>.<\/p>\n<\/li>\n<li data-start=\"2118\" data-end=\"2213\">\n<p data-start=\"2120\" data-end=\"2213\"><strong data-start=\"2120\" data-end=\"2146\">Capacitate 200\u2013300 kg\/h<\/strong> cu <strong data-start=\"2151\" data-end=\"2167\">Motor de 2,2 kW<\/strong> \u2192 <strong data-start=\"2170\" data-end=\"2195\">eficien\u021b\u0103 energetic\u0103<\/strong> \u015fi <strong data-start=\"2198\" data-end=\"2210\">robuste\u0163e<\/strong>.<\/p>\n<\/li>\n<li data-start=\"2214\" data-end=\"2314\">\n<p data-start=\"2216\" data-end=\"2314\"><strong data-start=\"2216\" data-end=\"2236\">O\u0163el inoxidabil<\/strong>, design compact pentru dimensiunile sale, <strong data-start=\"2270\" data-end=\"2289\">schimbarea ochiului de plas\u0103<\/strong> \u015fi <strong data-start=\"2292\" data-end=\"2311\">cur\u0103\u021bare rapid\u0103<\/strong>.<\/p>\n<\/li>\n<li data-start=\"2315\" data-end=\"2396\">\n<p data-start=\"2317\" data-end=\"2396\"><strong data-start=\"2317\" data-end=\"2341\">Integrare online<\/strong>bunc\u0103r adaptabil, debit uniform, func\u021bionare sigur\u0103.<\/p>\n<\/li>\n<li data-start=\"2397\" data-end=\"2494\">\n<p data-start=\"2399\" data-end=\"2494\"><strong data-start=\"2399\" data-end=\"2424\">Asisten\u021b\u0103 ARC \u00een Spania<\/strong>: consultan\u021b\u0103, punere \u00een func\u021biune op\u021bional\u0103, piese de schimb \u0219i \u00eentre\u021binere.<\/p>\n<\/li>\n<\/ul>\n<blockquote data-start=\"2496\" data-end=\"2710\">\n<p data-start=\"2498\" data-end=\"2710\"><strong data-start=\"2498\" data-end=\"2542\">Disponibil \u0219i \u00een modele superioare<\/strong> (gura de scurgere mai mare \u0219i debit &gt;300 kg\/h). Indic\u0103 <strong data-start=\"2583\" data-end=\"2595\">material<\/strong>, <strong data-start=\"2597\" data-end=\"2613\">Umiditate %<\/strong>, <strong data-start=\"2615\" data-end=\"2643\">dimensiunea de intrare\/ie\u0219ire<\/strong> \u015fi <strong data-start=\"2646\" data-end=\"2665\">debitul \u021bint\u0103<\/strong> s\u0103 te recomand <strong data-start=\"2684\" data-end=\"2693\">plas\u0103<\/strong> \u0219i configurare.<\/p>\n<\/blockquote>\n<table class=\"tabla-especificaciones yark-160\">\n<thead>\n<tr>\n<th colspan=\"2\">Specifica\u021bii tehnice \u2014 YARK-160<\/th>\n<\/tr>\n<\/thead>\n<tbody>\n<tr>\n<td>Model<\/td>\n<td>YARK-160<\/td>\n<\/tr>\n<tr>\n<td>Capacitatea de productie<\/td>\n<td>200\u2013300 kg\/h (\u00een func\u021bie de material, umiditate \u0219i plas\u0103)<\/td>\n<\/tr>\n<tr>\n<td>Diametrul rotorului oscilant<\/td>\n<td>160 mm<\/td>\n<\/tr>\n<tr>\n<td>Unghiul de deplasare\/oscila\u021bie<\/td>\n<td>360\u00b0<\/td>\n<\/tr>\n<tr>\n<td>Frecven\u021ba de oscila\u021bie<\/td>\n<td>\u2248 60 cicluri\/min<\/td>\n<\/tr>\n<tr>\n<td>Puterea motorului<\/td>\n<td>2,2 kW<\/td>\n<\/tr>\n<tr>\n<td>Greutate<\/td>\n<td>330 kg<\/td>\n<\/tr>\n<tr>\n<td>Dimensiuni (L \u00d7 l \u00d7 \u00ce)<\/td>\n<td>950 \u00d7 750 \u00d7 1240 mm<\/td>\n<\/tr>\n<tr>\n<td>Material de construc\u021bie<\/td>\n<td>O\u021bel inoxidabil (structur\u0103 robust\u0103, cur\u0103\u021bare u\u0219oar\u0103)<\/td>\n<\/tr>\n<tr>\n<td>Opera\u021biuni<\/td>\n<td>Concasare, granulare umed\u0103 la rece, dezaglomerare, omogenizare<\/td>\n<\/tr>\n<tr>\n<td>\u00centre\u021binere preventiv\u0103<\/td>\n<td><a href=\"https:\/\/distribucionarc.com\/ro\/arc-preventiv-intretinere\/\" target=\"_blank\" rel=\"noopener\">Planul de \u00eentre\u021binere preventiv\u0103 ARC<\/a><\/td>\n<\/tr>\n<tr>\n<td>Serviciu tehnic<\/td>\n<td><a href=\"https:\/\/distribucionarc.com\/ro\/serviciul-tehnic\/\" target=\"_blank\" rel=\"noopener\">Serviciu tehnic specializat (c\u0103utare dup\u0103 \u021bar\u0103 \u0219i loca\u021bie)<\/a><\/td>\n<\/tr>\n<tr>\n<td>Garan\u021bia aplicabil\u0103<\/td>\n<td>Tipul A \u2014 <a href=\"https:\/\/distribucionarc.com\/ro\/garantie-distributie-arc\/\" target=\"_blank\" rel=\"noopener\">Garan\u021bia de distribu\u021bie ARC<\/a><\/td>\n<\/tr>\n<\/tbody>\n<\/table>\n<p>&nbsp;<\/p>\n<p>&nbsp;<\/p>","protected":false},"excerpt":{"rendered":"<p>El <strong data-start=\"400\" data-end=\"412\">YARK-160<\/strong> este o <strong data-start=\"419\" data-end=\"454\">concasor-granulator oscilant<\/strong> de <strong data-start=\"458\" data-end=\"491\">capacitate mare (200\u2013300 kg\/h)<\/strong> pentru <strong data-start=\"497\" data-end=\"527\">granulare umed\u0103 la rece<\/strong>Ideal pentru alimente, farmacie, cosmetice \u0219i substan\u021be chimice: <strong data-start=\"582\" data-end=\"620\">previne topirea, lipirea \u0219i aglomerarea<\/strong>, \u00eembun\u0103t\u0103\u021be\u0219te <strong data-start=\"632\" data-end=\"641\">curgere<\/strong> \u0219i <strong data-start=\"647\" data-end=\"663\">omogenitate<\/strong> a granulatului. <strong data-start=\"679\" data-end=\"718\">Serviciul tehnic ARC \u00een Europa \u0219i Statele Unite<\/strong>\u00a0\u015fi <strong data-start=\"721\" data-end=\"740\">garan\u021bie de tip A<\/strong>.<\/p>","protected":false},"featured_media":17784,"comment_status":"open","ping_status":"closed","template":"","meta":{"wds_primary_product_brand":0,"wds_primary_product_cat":0},"product_brand":[],"product_cat":[326],"product_tag":[],"class_list":{"0":"post-17778","1":"product","2":"type-product","3":"status-publish","4":"has-post-thumbnail","6":"product_cat-trituradoras-industriales","8":"first","9":"instock","10":"taxable","11":"shipping-taxable","12":"purchasable","13":"product-type-simple"},"yoast_head":"<!-- This site is optimized with the Yoast SEO Premium plugin v24.9 (Yoast SEO v26.1) - https:\/\/yoast.com\/wordpress\/plugins\/seo\/ -->\n<title>Triturador Granulador Oscilante Trabajo en fr\u00edo productos humedad - distribuci\u00f3n ARC<\/title>\n<meta name=\"description\" content=\"YARK-160: triturador oscilante 200\u2013300 kg\/h para granulaci\u00f3n h\u00fameda en fr\u00edo en alimentos, farmacia y cosm\u00e9tica. Garant\u00eda tipo A y SAT ARC en Europa y estados unidos\" \/>\n<meta name=\"robots\" content=\"index, follow, max-snippet:-1, max-image-preview:large, max-video-preview:-1\" \/>\n<link rel=\"canonical\" href=\"https:\/\/distribucionarc.com\/ro\/produs\/concasor-oscilant-cu-granulator-pentru-prelucrare-la-rece-si-produse-predispuse-la-umiditate\/\" \/>\n<meta property=\"og:locale\" content=\"ro_RO\" \/>\n<meta property=\"og:type\" content=\"article\" \/>\n<meta property=\"og:title\" content=\"Triturador Granulador Oscilante Trabajo en fr\u00edo productos humedad\" \/>\n<meta property=\"og:description\" content=\"YARK-160: triturador oscilante 200\u2013300 kg\/h para granulaci\u00f3n h\u00fameda en fr\u00edo en alimentos, farmacia y cosm\u00e9tica. Garant\u00eda tipo A y SAT ARC en Europa y estados unidos\" \/>\n<meta property=\"og:url\" content=\"https:\/\/distribucionarc.com\/ro\/produs\/concasor-oscilant-cu-granulator-pentru-prelucrare-la-rece-si-produse-predispuse-la-umiditate\/\" \/>\n<meta property=\"og:site_name\" content=\"distribuci\u00f3n ARC\" \/>\n<meta property=\"article:modified_time\" content=\"2025-08-20T23:39:53+00:00\" \/>\n<meta property=\"og:image\" content=\"https:\/\/distribucionarc.com\/wp-content\/uploads\/2025\/08\/Granulador-industrial-YARK-160-vista-lateral-derecha-completa.jpeg\" \/>\n\t<meta property=\"og:image:width\" content=\"800\" \/>\n\t<meta property=\"og:image:height\" content=\"800\" \/>\n\t<meta property=\"og:image:type\" content=\"image\/jpeg\" \/>\n<meta name=\"twitter:card\" content=\"summary_large_image\" \/>\n<meta name=\"twitter:label1\" content=\"Timp estimat pentru citire\" \/>\n\t<meta name=\"twitter:data1\" content=\"2 minute\" \/>\n<script type=\"application\/ld+json\" class=\"yoast-schema-graph\">{\"@context\":\"https:\/\/schema.org\",\"@graph\":[{\"@type\":\"WebPage\",\"@id\":\"https:\/\/distribucionarc.com\/pt\/producto\/triturador-granulador-oscilante-trabajo-en-frio-productos-humedad\/\",\"url\":\"https:\/\/distribucionarc.com\/pt\/producto\/triturador-granulador-oscilante-trabajo-en-frio-productos-humedad\/\",\"name\":\"Triturador Granulador Oscilante Trabajo en fr\u00edo productos humedad - distribuci\u00f3n ARC\",\"isPartOf\":{\"@id\":\"https:\/\/www.distribucionarc.com\/sl\/#website\"},\"primaryImageOfPage\":{\"@id\":\"https:\/\/distribucionarc.com\/pt\/producto\/triturador-granulador-oscilante-trabajo-en-frio-productos-humedad\/#primaryimage\"},\"image\":{\"@id\":\"https:\/\/distribucionarc.com\/pt\/producto\/triturador-granulador-oscilante-trabajo-en-frio-productos-humedad\/#primaryimage\"},\"thumbnailUrl\":\"https:\/\/distribucionarc.com\/wp-content\/uploads\/2025\/08\/Granulador-industrial-YARK-160-vista-lateral-derecha-completa.jpeg\",\"datePublished\":\"2025-08-20T23:39:52+00:00\",\"dateModified\":\"2025-08-20T23:39:53+00:00\",\"description\":\"YARK-160: triturador oscilante 200\u2013300 kg\/h para granulaci\u00f3n h\u00fameda en fr\u00edo en alimentos, farmacia y cosm\u00e9tica. Garant\u00eda tipo A y SAT ARC en Europa y estados unidos\",\"breadcrumb\":{\"@id\":\"https:\/\/distribucionarc.com\/pt\/producto\/triturador-granulador-oscilante-trabajo-en-frio-productos-humedad\/#breadcrumb\"},\"inLanguage\":\"ro-RO\",\"potentialAction\":[{\"@type\":\"ReadAction\",\"target\":[\"https:\/\/distribucionarc.com\/pt\/producto\/triturador-granulador-oscilante-trabajo-en-frio-productos-humedad\/\"]}]},{\"@type\":\"ImageObject\",\"inLanguage\":\"ro-RO\",\"@id\":\"https:\/\/distribucionarc.com\/pt\/producto\/triturador-granulador-oscilante-trabajo-en-frio-productos-humedad\/#primaryimage\",\"url\":\"https:\/\/distribucionarc.com\/wp-content\/uploads\/2025\/08\/Granulador-industrial-YARK-160-vista-lateral-derecha-completa.jpeg\",\"contentUrl\":\"https:\/\/distribucionarc.com\/wp-content\/uploads\/2025\/08\/Granulador-industrial-YARK-160-vista-lateral-derecha-completa.jpeg\",\"width\":800,\"height\":800,\"caption\":\"Vista lateral completa del YARK-160 en posici\u00f3n de trabajo\"},{\"@type\":\"BreadcrumbList\",\"@id\":\"https:\/\/distribucionarc.com\/pt\/producto\/triturador-granulador-oscilante-trabajo-en-frio-productos-humedad\/#breadcrumb\",\"itemListElement\":[{\"@type\":\"ListItem\",\"position\":1,\"name\":\"Portada\",\"item\":\"https:\/\/www.distribucionarc.com\/\"},{\"@type\":\"ListItem\",\"position\":2,\"name\":\"\u00dcr\u00fcnler\",\"item\":\"https:\/\/www.distribucionarc.com\/tr\/magaza\/\"},{\"@type\":\"ListItem\",\"position\":3,\"name\":\"Triturador Granulador Oscilante Trabajo en fr\u00edo productos humedad\"}]},{\"@type\":\"WebSite\",\"@id\":\"https:\/\/www.distribucionarc.com\/sl\/#website\",\"url\":\"https:\/\/www.distribucionarc.com\/sl\/\",\"name\":\"distribuci\u00f3n ARC\",\"description\":\"Empresa especializada en la fabricaci\u00f3n y distribuci\u00f3n de maquinaria industrial, selladoras de latas, Maquinas de hacer pastillas, Maquinas de cortar carne...\",\"publisher\":{\"@id\":\"https:\/\/www.distribucionarc.com\/sl\/#organization\"},\"potentialAction\":[{\"@type\":\"SearchAction\",\"target\":{\"@type\":\"EntryPoint\",\"urlTemplate\":\"https:\/\/www.distribucionarc.com\/sl\/?s={search_term_string}\"},\"query-input\":{\"@type\":\"PropertyValueSpecification\",\"valueRequired\":true,\"valueName\":\"search_term_string\"}}],\"inLanguage\":\"ro-RO\"},{\"@type\":\"Organization\",\"@id\":\"https:\/\/www.distribucionarc.com\/sl\/#organization\",\"name\":\"Distribuci\u00f3n ARC\",\"url\":\"https:\/\/www.distribucionarc.com\/sl\/\",\"logo\":{\"@type\":\"ImageObject\",\"inLanguage\":\"ro-RO\",\"@id\":\"https:\/\/www.distribucionarc.com\/sl\/#\/schema\/logo\/image\/\",\"url\":\"https:\/\/distribucionarc.com\/wp-content\/uploads\/2024\/10\/distribucion-ARC-COLOR-SIN-FONDO-e1732295305345.png\",\"contentUrl\":\"https:\/\/distribucionarc.com\/wp-content\/uploads\/2024\/10\/distribucion-ARC-COLOR-SIN-FONDO-e1732295305345.png\",\"width\":1164,\"height\":558,\"caption\":\"Distribuci\u00f3n ARC\"},\"image\":{\"@id\":\"https:\/\/www.distribucionarc.com\/sl\/#\/schema\/logo\/image\/\"},\"description\":\"Empresa especializada en la fabricaci\u00f3n y distribuci\u00f3n de maquinaria industrial para los sectores alimentario y farmac\u00e9utico. Nos especializamos en: M\u00e1quinas de cortar carne Fabricaci\u00f3n de comprimidos Sistemas de transporte industrial L\u00edneas de embotellado Dosificadores Y mucho m\u00e1s... Ofrecemos soluciones innovadoras y personalizadas para optimizar los procesos productivos de tu empresa.\",\"email\":\"Admistracion@distribucionarc.com\",\"telephone\":\"+34 643496664\",\"legalName\":\"ARC TECH SOLUTIONS\",\"foundingDate\":\"2024-04-09\",\"vatID\":\"B55480172\",\"numberOfEmployees\":{\"@type\":\"QuantitativeValue\",\"minValue\":\"1\",\"maxValue\":\"10\"}}]}<\/script>\n<!-- \/ Yoast SEO Premium plugin. -->","yoast_head_json":{"title":"Concasor oscilant cu granulator Prelucrarea la rece a produselor predispuse la umiditate - distribu\u021bie ARC","description":"YARK-160: Concasor oscilant de 200\u2013300 kg\/h pentru granulare umed\u0103 la rece \u00een industria alimentar\u0103, farmaceutic\u0103 \u0219i cosmetic\u0103. Garan\u021bie de tip A \u0219i SAT ARC \u00een Europa \u0219i Statele Unite.","robots":{"index":"index","follow":"follow","max-snippet":"max-snippet:-1","max-image-preview":"max-image-preview:large","max-video-preview":"max-video-preview:-1"},"canonical":"https:\/\/distribucionarc.com\/ro\/produs\/concasor-oscilant-cu-granulator-pentru-prelucrare-la-rece-si-produse-predispuse-la-umiditate\/","og_locale":"ro_RO","og_type":"article","og_title":"Triturador Granulador Oscilante Trabajo en fr\u00edo productos humedad","og_description":"YARK-160: triturador oscilante 200\u2013300 kg\/h para granulaci\u00f3n h\u00fameda en fr\u00edo en alimentos, farmacia y cosm\u00e9tica. Garant\u00eda tipo A y SAT ARC en Europa y estados unidos","og_url":"https:\/\/distribucionarc.com\/ro\/produs\/concasor-oscilant-cu-granulator-pentru-prelucrare-la-rece-si-produse-predispuse-la-umiditate\/","og_site_name":"distribuci\u00f3n ARC","article_modified_time":"2025-08-20T23:39:53+00:00","og_image":[{"width":800,"height":800,"url":"https:\/\/distribucionarc.com\/wp-content\/uploads\/2025\/08\/Granulador-industrial-YARK-160-vista-lateral-derecha-completa.jpeg","type":"image\/jpeg"}],"twitter_card":"summary_large_image","twitter_misc":{"Timp estimat pentru citire":"2 minute"},"schema":{"@context":"https:\/\/schema.org","@graph":[{"@type":"WebPage","@id":"https:\/\/distribucionarc.com\/pt\/producto\/triturador-granulador-oscilante-trabajo-en-frio-productos-humedad\/","url":"https:\/\/distribucionarc.com\/pt\/producto\/triturador-granulador-oscilante-trabajo-en-frio-productos-humedad\/","name":"Concasor oscilant cu granulator Prelucrarea la rece a produselor predispuse la umiditate - distribu\u021bie ARC","isPartOf":{"@id":"https:\/\/www.distribucionarc.com\/sl\/#website"},"primaryImageOfPage":{"@id":"https:\/\/distribucionarc.com\/pt\/producto\/triturador-granulador-oscilante-trabajo-en-frio-productos-humedad\/#primaryimage"},"image":{"@id":"https:\/\/distribucionarc.com\/pt\/producto\/triturador-granulador-oscilante-trabajo-en-frio-productos-humedad\/#primaryimage"},"thumbnailUrl":"https:\/\/distribucionarc.com\/wp-content\/uploads\/2025\/08\/Granulador-industrial-YARK-160-vista-lateral-derecha-completa.jpeg","datePublished":"2025-08-20T23:39:52+00:00","dateModified":"2025-08-20T23:39:53+00:00","description":"YARK-160: Concasor oscilant de 200\u2013300 kg\/h pentru granulare umed\u0103 la rece \u00een industria alimentar\u0103, farmaceutic\u0103 \u0219i cosmetic\u0103. Garan\u021bie de tip A \u0219i SAT ARC \u00een Europa \u0219i Statele Unite.","breadcrumb":{"@id":"https:\/\/distribucionarc.com\/pt\/producto\/triturador-granulador-oscilante-trabajo-en-frio-productos-humedad\/#breadcrumb"},"inLanguage":"ro-RO","potentialAction":[{"@type":"ReadAction","target":["https:\/\/distribucionarc.com\/pt\/producto\/triturador-granulador-oscilante-trabajo-en-frio-productos-humedad\/"]}]},{"@type":"ImageObject","inLanguage":"ro-RO","@id":"https:\/\/distribucionarc.com\/pt\/producto\/triturador-granulador-oscilante-trabajo-en-frio-productos-humedad\/#primaryimage","url":"https:\/\/distribucionarc.com\/wp-content\/uploads\/2025\/08\/Granulador-industrial-YARK-160-vista-lateral-derecha-completa.jpeg","contentUrl":"https:\/\/distribucionarc.com\/wp-content\/uploads\/2025\/08\/Granulador-industrial-YARK-160-vista-lateral-derecha-completa.jpeg","width":800,"height":800,"caption":"Vista lateral completa del YARK-160 en posici\u00f3n de trabajo"},{"@type":"BreadcrumbList","@id":"https:\/\/distribucionarc.com\/pt\/producto\/triturador-granulador-oscilante-trabajo-en-frio-productos-humedad\/#breadcrumb","itemListElement":[{"@type":"ListItem","position":1,"name":"Portada","item":"https:\/\/www.distribucionarc.com\/"},{"@type":"ListItem","position":2,"name":"\u00dcr\u00fcnler","item":"https:\/\/www.distribucionarc.com\/tr\/magaza\/"},{"@type":"ListItem","position":3,"name":"Triturador Granulador Oscilante Trabajo en fr\u00edo productos humedad"}]},{"@type":"WebSite","@id":"https:\/\/www.distribucionarc.com\/sl\/#website","url":"https:\/\/www.distribucionarc.com\/sl\/","name":"Distribu\u021bie ARC","description":"Companie specializat\u0103 \u00een fabricarea \u0219i distribu\u021bia de utilaje industriale, ma\u0219ini de sigilat cutii, ma\u0219ini de fabricat tablete, ma\u0219ini de t\u0103iat carne...","publisher":{"@id":"https:\/\/www.distribucionarc.com\/sl\/#organization"},"potentialAction":[{"@type":"SearchAction","target":{"@type":"EntryPoint","urlTemplate":"https:\/\/www.distribucionarc.com\/sl\/?s={search_term_string}"},"query-input":{"@type":"PropertyValueSpecification","valueRequired":true,"valueName":"search_term_string"}}],"inLanguage":"ro-RO"},{"@type":"Organization","@id":"https:\/\/www.distribucionarc.com\/sl\/#organization","name":"Distribu\u021bie ARC","url":"https:\/\/www.distribucionarc.com\/sl\/","logo":{"@type":"ImageObject","inLanguage":"ro-RO","@id":"https:\/\/www.distribucionarc.com\/sl\/#\/schema\/logo\/image\/","url":"https:\/\/distribucionarc.com\/wp-content\/uploads\/2024\/10\/distribucion-ARC-COLOR-SIN-FONDO-e1732295305345.png","contentUrl":"https:\/\/distribucionarc.com\/wp-content\/uploads\/2024\/10\/distribucion-ARC-COLOR-SIN-FONDO-e1732295305345.png","width":1164,"height":558,"caption":"Distribuci\u00f3n ARC"},"image":{"@id":"https:\/\/www.distribucionarc.com\/sl\/#\/schema\/logo\/image\/"},"description":"Companie specializat\u0103 \u00een fabricarea \u0219i distribu\u021bia de utilaje industriale pentru sectoarele alimentar \u0219i farmaceutic. Suntem specializa\u021bi \u00een: Ma\u0219ini de t\u0103iat carne Fabricarea tabletelor Sisteme de transport industrial Linii de \u00eembuteliere Distribuitoare \u0218i multe altele... Oferim solu\u021bii inovatoare \u0219i personalizate pentru a optimiza procesele de produc\u021bie ale companiei dumneavoastr\u0103.","email":"Admistracion@distribucionarc.com","telephone":"+34 643496664","legalName":"ARC TECH SOLUTIONS","foundingDate":"2024-04-09","vatID":"B55480172","numberOfEmployees":{"@type":"QuantitativeValue","minValue":"1","maxValue":"10"}}]}},"_links":{"self":[{"href":"https:\/\/distribucionarc.com\/ro\/wp-json\/wp\/v2\/product\/17778","targetHints":{"allow":["GET"]}}],"collection":[{"href":"https:\/\/distribucionarc.com\/ro\/wp-json\/wp\/v2\/product"}],"about":[{"href":"https:\/\/distribucionarc.com\/ro\/wp-json\/wp\/v2\/types\/product"}],"replies":[{"embeddable":true,"href":"https:\/\/distribucionarc.com\/ro\/wp-json\/wp\/v2\/comments?post=17778"}],"version-history":[{"count":1,"href":"https:\/\/distribucionarc.com\/ro\/wp-json\/wp\/v2\/product\/17778\/revisions"}],"predecessor-version":[{"id":17785,"href":"https:\/\/distribucionarc.com\/ro\/wp-json\/wp\/v2\/product\/17778\/revisions\/17785"}],"wp:featuredmedia":[{"embeddable":true,"href":"https:\/\/distribucionarc.com\/ro\/wp-json\/wp\/v2\/media\/17784"}],"wp:attachment":[{"href":"https:\/\/distribucionarc.com\/ro\/wp-json\/wp\/v2\/media?parent=17778"}],"wp:term":[{"taxonomy":"product_brand","embeddable":true,"href":"https:\/\/distribucionarc.com\/ro\/wp-json\/wp\/v2\/product_brand?post=17778"},{"taxonomy":"product_cat","embeddable":true,"href":"https:\/\/distribucionarc.com\/ro\/wp-json\/wp\/v2\/product_cat?post=17778"},{"taxonomy":"product_tag","embeddable":true,"href":"https:\/\/distribucionarc.com\/ro\/wp-json\/wp\/v2\/product_tag?post=17778"}],"curies":[{"name":"wp","href":"https:\/\/api.w.org\/{rel}","templated":true}]}}