{"id":1925,"date":"2020-08-03T13:04:34","date_gmt":"2020-08-03T13:04:34","guid":{"rendered":"https:\/\/distribucionarc.com\/?post_type=product&#038;p=1925"},"modified":"2020-09-27T15:51:48","modified_gmt":"2020-09-27T15:51:48","slug":"gratar-pentru-hot-dog-5","status":"publish","type":"product","link":"https:\/\/distribucionarc.com\/ro\/producto\/parrilla-para-perritos-caliente-5\/","title":{"rendered":"gr\u0103tar pentru hot dog 5"},"content":{"rendered":"<h3>Gratar cu role hot dog<\/h3>\n<p>Cu <strong>aparat de hot dog <span style=\"color: #ff0000;\">LA<\/span><span style=\"color: #0000ff;\">R<\/span>CPES05<\/strong> Are posibilitatea de a g\u0103ti \u0219i \u00eenc\u0103lzi simultan c\u00e2rna\u021bi hot dog, \u00een diferite zone de \u00eenc\u0103lzire separate.<\/p>\n<p>Puterea mare cu reglare continu\u0103 a temperaturii de la 50\u00b0C la 250\u00b0C, pe l\u00e2ng\u0103 faptul c\u0103 ofer\u0103<strong> gratar electric<\/strong> de <strong><span style=\"color: #ff0000;\">LA<\/span><span style=\"color: #0000ff;\">R<\/span>c<\/strong> consum mai eficient de energie.<\/p>\n<p>Rolele se rotesc automat la 360\u00b0 la \u00eenc\u0103lzirea zonei de \u00eenc\u0103lzire corespunz\u0103toare pentru un rezultat perfect de pr\u0103jire.<\/p>\n<p>Capacul din sticl\u0103 este u\u0219or de instalat \u0219i \u00eendep\u0103rtat pentru o cur\u0103\u021bare u\u0219oar\u0103 \u0219i pentru a v\u0103 p\u0103stra \u00eentotdeauna produsul \u00een siguran\u021b\u0103.<\/p>\n<p>Rolele, bazinul de colectare \u0219i carcasa sunt realizate din o\u021bel inoxidabil de \u00eenalt\u0103 calitate pentru cur\u0103\u021bare rapid\u0103 \u0219i oferind mai mult\u0103 robuste\u021be ma\u0219inii. <strong>gratar electric<\/strong><\/p>\n<h6><strong>garan\u021bie\u00a0<span style=\"color: #ff0000;\">LA<\/span><span style=\"color: #0000ff;\">R<\/span>C 2 ANI<\/strong><\/h6>\n<h6><span style=\"color: #008000;\">Gratar electric eficient, consum redus 1250w<\/span><\/h6>\n<h6><strong>suport tehnic inclus<\/strong><\/h6>\n<p>&nbsp;<\/p>\n<table role=\"presentation\" width=\"100%\" cellspacing=\"0\" cellpadding=\"0\">\n<tbody>\n<tr>\n<td class=\"attrLabels\">Temperatur\u0103:<\/td>\n<td width=\"50.0%\">50-250\u00baC<\/td>\n<\/tr>\n<tr>\n<td class=\"attrLabels\">\u021aara de distribu\u021bie:<\/td>\n<td width=\"50.0%\">Spania, Germania, SUA<\/td>\n<td class=\"attrLabels\">Greutate:<\/td>\n<td width=\"50.0%\">8,5 kg<\/td>\n<\/tr>\n<tr>\n<td class=\"attrLabels\">Marca:<\/td>\n<td width=\"50.0%\">ARC<\/td>\n<td class=\"attrLabels\">\u00cen\u0103l\u0163ime:<\/td>\n<td width=\"50.0%\">58,50 cm<\/td>\n<\/tr>\n<tr>\n<td class=\"attrLabels\">Culoare:<\/td>\n<td width=\"50.0%\">Argint<\/td>\n<td class=\"attrLabels\">Lung:<\/td>\n<td width=\"50.0%\">36 cm<\/td>\n<\/tr>\n<tr>\n<td class=\"attrLabels\">Tip produs:<\/td>\n<td width=\"50.0%\">Gratar electric pentru carnati<\/td>\n<td class=\"attrLabels\">Larg:<\/td>\n<td width=\"50.0%\">27 cm<\/td>\n<\/tr>\n<tr>\n<td class=\"attrLabels\">Numar producator:<\/td>\n<td width=\"50.0%\">ARCPES05<\/td>\n<td class=\"attrLabels\">Putere:<\/td>\n<td width=\"50.0%\">1250W<\/td>\n<\/tr>\n<tr>\n<td class=\"attrLabels\">Material:<\/td>\n<td width=\"50.0%\">otel inoxidabil, role rotative, control temperatura<\/td>\n<td class=\"attrLabels\">tensiune de intrare<\/td>\n<td width=\"50.0%\">230V \u2013 50Hz<\/td>\n<\/tr>\n<tr>\n<td class=\"attrLabels\">role:<\/td>\n<td width=\"50.0%\">\u00a05<\/td>\n<td class=\"attrLabels\">Garantie:<\/td>\n<td width=\"50.0%\">2 ANI<\/td>\n<\/tr>\n<tr>\n<td class=\"attrLabels\">Instrumente de instalare:<\/td>\n<td width=\"50.0%\">Da<\/td>\n<td class=\"attrLabels\">Productie:<\/td>\n<td width=\"50.0%\">5 p\u00e2n\u0103 la 14 buc\u0103\u021bi<\/td>\n<\/tr>\n<\/tbody>\n<\/table>\n<p>&nbsp;<\/p>\n<p>&nbsp;<\/p>","protected":false},"excerpt":{"rendered":"<h2>Gratar cu role hot dog<\/h2>\n<p>The <strong>ma\u0219in\u0103 de c\u00e2rna\u021bi <span style=\"color: #ff0000;\">LA<\/span><span style=\"color: #0000ff;\">R<\/span>c<\/strong> sunt potrivite pentru\u00a0<strong>hot dog de toate dimensiunile<\/strong>. U\u0219urin\u021ba de manevrare \u0219i operare fac din dispozitiv un asistent ideal pentru orice restaurant, bar, cafenea, t\u00e2rg etc.<\/p>\n<p>The <strong>gr\u0103tar de c\u00e2rna\u021bi<\/strong> Este echipat cu 2 regulatoare de temperatura. Acest lucru permite ca temperatura \u00een ambele zone de \u00eenc\u0103lzire s\u0103 fie controlat\u0103 separat. Cu regulatoarele de temperatur\u0103 temperatura poate fi reglat\u0103 cu<strong>\u00a0precizie<\/strong>. The\u00a0<strong>capac din sticla securizata<\/strong> Protejeaz\u0103 \u00eempotriva pierderilor de c\u0103ldur\u0103 pe l\u00e2ng\u0103 respectarea normelor de igien\u0103. The <strong>gr\u0103tar pentru hot dog <span style=\"color: #ff0000;\">LA<\/span><span style=\"color: #0000ff;\">R<\/span>c<\/strong> Sunt fabricate din o\u021bel inoxidabil, ceea ce face cur\u0103\u021barea simpl\u0103 \u0219i convenabil\u0103.<\/p>\n<h6><strong>garan\u021bie\u00a0<span style=\"color: #ff0000;\">LA<\/span><span style=\"color: #0000ff;\">R<\/span>C 2 ANI<\/strong><\/h6>\n<h6><span style=\"color: #008000;\">Gratar electric eficient, consum redus 1250w<\/span><\/h6>\n<h6><strong>suport tehnic inclus<\/strong><\/h6>\n<p>&nbsp;<\/p>","protected":false},"featured_media":1926,"comment_status":"open","ping_status":"closed","template":"","meta":{"wds_primary_product_brand":0,"wds_primary_product_cat":0},"product_brand":[],"product_cat":[56,39,41],"product_tag":[],"class_list":{"0":"post-1925","1":"product","2":"type-product","3":"status-publish","4":"has-post-thumbnail","6":"product_cat-maquinaria-para-ferias","7":"product_cat-plancha-de-cosina","8":"product_cat-expositor-de-alimentos","9":"product_shipping_class-hosteleria","11":"first","12":"instock","13":"sale","14":"taxable","15":"shipping-taxable","16":"purchasable","17":"product-type-simple"},"yoast_head":"<!-- This site is optimized with the Yoast SEO Premium plugin v24.9 (Yoast SEO v26.1) - https:\/\/yoast.com\/wordpress\/plugins\/seo\/ -->\n<title>Parrilla para perritos caliente 5 - distribuci\u00f3n ARC<\/title>\n<meta name=\"robots\" content=\"index, follow, max-snippet:-1, max-image-preview:large, max-video-preview:-1\" \/>\n<link rel=\"canonical\" href=\"https:\/\/distribucionarc.com\/ro\/produs\/gratar-pentru-hot-dog-5\/\" \/>\n<meta property=\"og:locale\" content=\"ro_RO\" \/>\n<meta property=\"og:type\" content=\"article\" \/>\n<meta property=\"og:title\" content=\"Parrilla para perritos caliente 5\" \/>\n<meta property=\"og:description\" content=\"Parrilla con rodillos para perritos caliente La m\u00e1quina para salchichas ARC son las adecuadas para\u00a0todos los tama\u00f1os de perritos calientes. La\u00a0facilidad de manejo y funcionamiento\u00a0hacen del aparato un\u00a0ayudante ideal para cualquier restaurante, bar, cafeter\u00eda, feria, etc..  La parrilla de salchichas est\u00e1\u00a0equipada con 2 controladores de temperatura. Esto permite que la temperatura en ambas zonas de calentamiento se controle por separado. Con los reguladores de temperatura la temperatura se puede ajustar con\u00a0precisi\u00f3n. La\u00a0cubierta de vidrio templado protege contra la p\u00e9rdida de calor adem\u00e1s de cumplir con las normativas de higiene. Las parrilla para perritos caliente ARC son de acero inoxidable, lo que hace que la limpieza sea sencilla y c\u00f3moda. Garant\u00eda\u00a0ARC 2 A\u00d1OS Parrilla el\u00e9ctrica\u00a0 eficiente, bajo consumo 1250w soporte t\u00e9cnico incluido &nbsp;\" \/>\n<meta property=\"og:url\" content=\"https:\/\/distribucionarc.com\/ro\/produs\/gratar-pentru-hot-dog-5\/\" \/>\n<meta property=\"og:site_name\" content=\"distribuci\u00f3n ARC\" \/>\n<meta property=\"article:modified_time\" content=\"2020-09-27T15:51:48+00:00\" \/>\n<meta property=\"og:image\" content=\"https:\/\/distribucionarc.com\/wp-content\/uploads\/2020\/08\/Parrilla-para-perritos-caliente-5-0.jpg\" \/>\n\t<meta property=\"og:image:width\" content=\"1500\" \/>\n\t<meta property=\"og:image:height\" content=\"1500\" \/>\n\t<meta property=\"og:image:type\" content=\"image\/jpeg\" \/>\n<meta name=\"twitter:card\" content=\"summary_large_image\" \/>\n<meta name=\"twitter:label1\" content=\"Timp estimat pentru citire\" \/>\n\t<meta name=\"twitter:data1\" content=\"1 minut\" \/>\n<script type=\"application\/ld+json\" class=\"yoast-schema-graph\">{\"@context\":\"https:\/\/schema.org\",\"@graph\":[{\"@type\":\"WebPage\",\"@id\":\"https:\/\/distribucionarc.com\/ro\/producto\/parrilla-para-perritos-caliente-5\/\",\"url\":\"https:\/\/distribucionarc.com\/ro\/producto\/parrilla-para-perritos-caliente-5\/\",\"name\":\"Parrilla para perritos caliente 5 - distribuci\u00f3n ARC\",\"isPartOf\":{\"@id\":\"https:\/\/distribucionarc.com\/de\/#website\"},\"primaryImageOfPage\":{\"@id\":\"https:\/\/distribucionarc.com\/ro\/producto\/parrilla-para-perritos-caliente-5\/#primaryimage\"},\"image\":{\"@id\":\"https:\/\/distribucionarc.com\/ro\/producto\/parrilla-para-perritos-caliente-5\/#primaryimage\"},\"thumbnailUrl\":\"https:\/\/distribucionarc.com\/wp-content\/uploads\/2020\/08\/Parrilla-para-perritos-caliente-5-0.jpg\",\"datePublished\":\"2020-08-03T13:04:34+00:00\",\"dateModified\":\"2020-09-27T15:51:48+00:00\",\"breadcrumb\":{\"@id\":\"https:\/\/distribucionarc.com\/ro\/producto\/parrilla-para-perritos-caliente-5\/#breadcrumb\"},\"inLanguage\":\"ro-RO\",\"potentialAction\":[{\"@type\":\"ReadAction\",\"target\":[\"https:\/\/distribucionarc.com\/ro\/producto\/parrilla-para-perritos-caliente-5\/\"]}]},{\"@type\":\"ImageObject\",\"inLanguage\":\"ro-RO\",\"@id\":\"https:\/\/distribucionarc.com\/ro\/producto\/parrilla-para-perritos-caliente-5\/#primaryimage\",\"url\":\"https:\/\/distribucionarc.com\/wp-content\/uploads\/2020\/08\/Parrilla-para-perritos-caliente-5-0.jpg\",\"contentUrl\":\"https:\/\/distribucionarc.com\/wp-content\/uploads\/2020\/08\/Parrilla-para-perritos-caliente-5-0.jpg\",\"width\":1500,\"height\":1500,\"caption\":\"Parrilla para perritos calientes 5\"},{\"@type\":\"BreadcrumbList\",\"@id\":\"https:\/\/distribucionarc.com\/ro\/producto\/parrilla-para-perritos-caliente-5\/#breadcrumb\",\"itemListElement\":[{\"@type\":\"ListItem\",\"position\":1,\"name\":\"Portada\",\"item\":\"https:\/\/distribucionarc.com\/pl\/\"},{\"@type\":\"ListItem\",\"position\":2,\"name\":\"Produkty\",\"item\":\"https:\/\/distribucionarc.com\/pl\/shop\/\"},{\"@type\":\"ListItem\",\"position\":3,\"name\":\"Parrilla para perritos caliente 5\"}]},{\"@type\":\"WebSite\",\"@id\":\"https:\/\/distribucionarc.com\/de\/#website\",\"url\":\"https:\/\/distribucionarc.com\/de\/\",\"name\":\"distribuci\u00f3n ARC\",\"description\":\"Empresa especializada en la fabricaci\u00f3n y distribuci\u00f3n de maquinaria industrial, selladoras de latas, Maquinas de hacer pastillas, Maquinas de cortar carne...\",\"publisher\":{\"@id\":\"https:\/\/distribucionarc.com\/de\/#organization\"},\"potentialAction\":[{\"@type\":\"SearchAction\",\"target\":{\"@type\":\"EntryPoint\",\"urlTemplate\":\"https:\/\/distribucionarc.com\/de\/?s={search_term_string}\"},\"query-input\":{\"@type\":\"PropertyValueSpecification\",\"valueRequired\":true,\"valueName\":\"search_term_string\"}}],\"inLanguage\":\"ro-RO\"},{\"@type\":\"Organization\",\"@id\":\"https:\/\/distribucionarc.com\/de\/#organization\",\"name\":\"Distribuci\u00f3n ARC\",\"url\":\"https:\/\/distribucionarc.com\/de\/\",\"logo\":{\"@type\":\"ImageObject\",\"inLanguage\":\"ro-RO\",\"@id\":\"https:\/\/distribucionarc.com\/de\/#\/schema\/logo\/image\/\",\"url\":\"https:\/\/distribucionarc.com\/wp-content\/uploads\/2024\/10\/distribucion-ARC-COLOR-SIN-FONDO-e1732295305345.png\",\"contentUrl\":\"https:\/\/distribucionarc.com\/wp-content\/uploads\/2024\/10\/distribucion-ARC-COLOR-SIN-FONDO-e1732295305345.png\",\"width\":1164,\"height\":558,\"caption\":\"Distribuci\u00f3n ARC\"},\"image\":{\"@id\":\"https:\/\/distribucionarc.com\/de\/#\/schema\/logo\/image\/\"},\"description\":\"Empresa especializada en la fabricaci\u00f3n y distribuci\u00f3n de maquinaria industrial para los sectores alimentario y farmac\u00e9utico. Nos especializamos en: M\u00e1quinas de cortar carne Fabricaci\u00f3n de comprimidos Sistemas de transporte industrial L\u00edneas de embotellado Dosificadores Y mucho m\u00e1s... Ofrecemos soluciones innovadoras y personalizadas para optimizar los procesos productivos de tu empresa.\",\"email\":\"Admistracion@distribucionarc.com\",\"telephone\":\"+34 643496664\",\"legalName\":\"ARC TECH SOLUTIONS\",\"foundingDate\":\"2024-04-09\",\"vatID\":\"B55480172\",\"numberOfEmployees\":{\"@type\":\"QuantitativeValue\",\"minValue\":\"1\",\"maxValue\":\"10\"}}]}<\/script>\n<!-- \/ Yoast SEO Premium plugin. -->","yoast_head_json":{"title":"Grill hot dog 5 - distributie ARC","robots":{"index":"index","follow":"follow","max-snippet":"max-snippet:-1","max-image-preview":"max-image-preview:large","max-video-preview":"max-video-preview:-1"},"canonical":"https:\/\/distribucionarc.com\/ro\/produs\/gratar-pentru-hot-dog-5\/","og_locale":"ro_RO","og_type":"article","og_title":"Parrilla para perritos caliente 5","og_description":"Parrilla con rodillos para perritos caliente La m\u00e1quina para salchichas ARC son las adecuadas para\u00a0todos los tama\u00f1os de perritos calientes. La\u00a0facilidad de manejo y funcionamiento\u00a0hacen del aparato un\u00a0ayudante ideal para cualquier restaurante, bar, cafeter\u00eda, feria, etc..  La parrilla de salchichas est\u00e1\u00a0equipada con 2 controladores de temperatura. Esto permite que la temperatura en ambas zonas de calentamiento se controle por separado. Con los reguladores de temperatura la temperatura se puede ajustar con\u00a0precisi\u00f3n. La\u00a0cubierta de vidrio templado protege contra la p\u00e9rdida de calor adem\u00e1s de cumplir con las normativas de higiene. Las parrilla para perritos caliente ARC son de acero inoxidable, lo que hace que la limpieza sea sencilla y c\u00f3moda. Garant\u00eda\u00a0ARC 2 A\u00d1OS Parrilla el\u00e9ctrica\u00a0 eficiente, bajo consumo 1250w soporte t\u00e9cnico incluido &nbsp;","og_url":"https:\/\/distribucionarc.com\/ro\/produs\/gratar-pentru-hot-dog-5\/","og_site_name":"distribuci\u00f3n ARC","article_modified_time":"2020-09-27T15:51:48+00:00","og_image":[{"width":1500,"height":1500,"url":"https:\/\/distribucionarc.com\/wp-content\/uploads\/2020\/08\/Parrilla-para-perritos-caliente-5-0.jpg","type":"image\/jpeg"}],"twitter_card":"summary_large_image","twitter_misc":{"Timp estimat pentru citire":"1 minut"},"schema":{"@context":"https:\/\/schema.org","@graph":[{"@type":"WebPage","@id":"https:\/\/distribucionarc.com\/ro\/producto\/parrilla-para-perritos-caliente-5\/","url":"https:\/\/distribucionarc.com\/ro\/producto\/parrilla-para-perritos-caliente-5\/","name":"Grill hot dog 5 - distributie ARC","isPartOf":{"@id":"https:\/\/distribucionarc.com\/de\/#website"},"primaryImageOfPage":{"@id":"https:\/\/distribucionarc.com\/ro\/producto\/parrilla-para-perritos-caliente-5\/#primaryimage"},"image":{"@id":"https:\/\/distribucionarc.com\/ro\/producto\/parrilla-para-perritos-caliente-5\/#primaryimage"},"thumbnailUrl":"https:\/\/distribucionarc.com\/wp-content\/uploads\/2020\/08\/Parrilla-para-perritos-caliente-5-0.jpg","datePublished":"2020-08-03T13:04:34+00:00","dateModified":"2020-09-27T15:51:48+00:00","breadcrumb":{"@id":"https:\/\/distribucionarc.com\/ro\/producto\/parrilla-para-perritos-caliente-5\/#breadcrumb"},"inLanguage":"ro-RO","potentialAction":[{"@type":"ReadAction","target":["https:\/\/distribucionarc.com\/ro\/producto\/parrilla-para-perritos-caliente-5\/"]}]},{"@type":"ImageObject","inLanguage":"ro-RO","@id":"https:\/\/distribucionarc.com\/ro\/producto\/parrilla-para-perritos-caliente-5\/#primaryimage","url":"https:\/\/distribucionarc.com\/wp-content\/uploads\/2020\/08\/Parrilla-para-perritos-caliente-5-0.jpg","contentUrl":"https:\/\/distribucionarc.com\/wp-content\/uploads\/2020\/08\/Parrilla-para-perritos-caliente-5-0.jpg","width":1500,"height":1500,"caption":"Parrilla para perritos calientes 5"},{"@type":"BreadcrumbList","@id":"https:\/\/distribucionarc.com\/ro\/producto\/parrilla-para-perritos-caliente-5\/#breadcrumb","itemListElement":[{"@type":"ListItem","position":1,"name":"Portada","item":"https:\/\/distribucionarc.com\/pl\/"},{"@type":"ListItem","position":2,"name":"Produkty","item":"https:\/\/distribucionarc.com\/pl\/shop\/"},{"@type":"ListItem","position":3,"name":"Parrilla para perritos caliente 5"}]},{"@type":"WebSite","@id":"https:\/\/distribucionarc.com\/de\/#website","url":"https:\/\/distribucionarc.com\/de\/","name":"Distribu\u021bie ARC","description":"Companie specializat\u0103 \u00een fabricarea \u0219i distribu\u021bia de utilaje industriale, ma\u0219ini de sigilat cutii, ma\u0219ini de fabricat tablete, ma\u0219ini de t\u0103iat carne...","publisher":{"@id":"https:\/\/distribucionarc.com\/de\/#organization"},"potentialAction":[{"@type":"SearchAction","target":{"@type":"EntryPoint","urlTemplate":"https:\/\/distribucionarc.com\/de\/?s={search_term_string}"},"query-input":{"@type":"PropertyValueSpecification","valueRequired":true,"valueName":"search_term_string"}}],"inLanguage":"ro-RO"},{"@type":"Organization","@id":"https:\/\/distribucionarc.com\/de\/#organization","name":"Distribu\u021bie ARC","url":"https:\/\/distribucionarc.com\/de\/","logo":{"@type":"ImageObject","inLanguage":"ro-RO","@id":"https:\/\/distribucionarc.com\/de\/#\/schema\/logo\/image\/","url":"https:\/\/distribucionarc.com\/wp-content\/uploads\/2024\/10\/distribucion-ARC-COLOR-SIN-FONDO-e1732295305345.png","contentUrl":"https:\/\/distribucionarc.com\/wp-content\/uploads\/2024\/10\/distribucion-ARC-COLOR-SIN-FONDO-e1732295305345.png","width":1164,"height":558,"caption":"Distribuci\u00f3n ARC"},"image":{"@id":"https:\/\/distribucionarc.com\/de\/#\/schema\/logo\/image\/"},"description":"Companie specializat\u0103 \u00een fabricarea \u0219i distribu\u021bia de utilaje industriale pentru sectoarele alimentar \u0219i farmaceutic. Suntem specializa\u021bi \u00een: Ma\u0219ini de t\u0103iat carne Fabricarea tabletelor Sisteme de transport industrial Linii de \u00eembuteliere Distribuitoare \u0218i multe altele... Oferim solu\u021bii inovatoare \u0219i personalizate pentru a optimiza procesele de produc\u021bie ale companiei dumneavoastr\u0103.","email":"Admistracion@distribucionarc.com","telephone":"+34 643496664","legalName":"ARC TECH SOLUTIONS","foundingDate":"2024-04-09","vatID":"B55480172","numberOfEmployees":{"@type":"QuantitativeValue","minValue":"1","maxValue":"10"}}]}},"_links":{"self":[{"href":"https:\/\/distribucionarc.com\/ro\/wp-json\/wp\/v2\/product\/1925","targetHints":{"allow":["GET"]}}],"collection":[{"href":"https:\/\/distribucionarc.com\/ro\/wp-json\/wp\/v2\/product"}],"about":[{"href":"https:\/\/distribucionarc.com\/ro\/wp-json\/wp\/v2\/types\/product"}],"replies":[{"embeddable":true,"href":"https:\/\/distribucionarc.com\/ro\/wp-json\/wp\/v2\/comments?post=1925"}],"version-history":[{"count":0,"href":"https:\/\/distribucionarc.com\/ro\/wp-json\/wp\/v2\/product\/1925\/revisions"}],"wp:featuredmedia":[{"embeddable":true,"href":"https:\/\/distribucionarc.com\/ro\/wp-json\/wp\/v2\/media\/1926"}],"wp:attachment":[{"href":"https:\/\/distribucionarc.com\/ro\/wp-json\/wp\/v2\/media?parent=1925"}],"wp:term":[{"taxonomy":"product_brand","embeddable":true,"href":"https:\/\/distribucionarc.com\/ro\/wp-json\/wp\/v2\/product_brand?post=1925"},{"taxonomy":"product_cat","embeddable":true,"href":"https:\/\/distribucionarc.com\/ro\/wp-json\/wp\/v2\/product_cat?post=1925"},{"taxonomy":"product_tag","embeddable":true,"href":"https:\/\/distribucionarc.com\/ro\/wp-json\/wp\/v2\/product_tag?post=1925"}],"curies":[{"name":"wp","href":"https:\/\/api.w.org\/{rel}","templated":true}]}}