{"id":1971,"date":"2020-08-04T14:51:56","date_gmt":"2020-08-04T14:51:56","guid":{"rendered":"https:\/\/distribucionarc.com\/?post_type=product&#038;p=1971"},"modified":"2020-09-30T07:40:06","modified_gmt":"2020-09-30T07:40:06","slug":"ventilator-industrial-90-cm","status":"publish","type":"product","link":"https:\/\/distribucionarc.com\/ro\/producto\/ventilador-industrial-90-cm\/","title":{"rendered":"Ventilator industrial 90 cm"},"content":{"rendered":"<h3>Ventilator industrial 90 cm<\/h3>\n<p>Func\u021bionarea lin\u0103 a motorului \u0219i a rotorului asigur\u0103 o mai bun\u0103 distribu\u021bie a aerului. The\u00a0<strong>ma\u0219in\u0103 de v\u00e2nt<\/strong>\u00a0de\u00a0<strong><span style=\"color: #ff0000;\">LA<\/span><span style=\"color: #0000ff;\">R<\/span>c<\/strong>\u00a0Este ideala in zonele in care este nevoie de mult aer, rapid (cum ar fi restaurante, hale, ateliere, birouri, productie industriala si multe altele).<\/p>\n<p>El<strong> ventilator industrial <span style=\"color: #ff0000;\">LA<\/span><span style=\"color: #0000ff;\">R<\/span>CVEI90<\/strong> Este ranforsat cu un cadru din otel inoxidabil de 90 cm, robust pentru a-i asigura durabilitatea si include si un set de roti pentru a-i facilita miscarea.<\/p>\n<p>Motorul s\u0103u puternic de 230 V v\u0103 va ajuta s\u0103 genera\u021bi o\u00a0<span style=\"color: #008000;\"><strong>consum redus de energie<\/strong><\/span>\u00a0Datorit\u0103 puterii sale mari de generare, cu doar 160W, ma\u0219ina eolian\u0103 poate genera p\u00e2n\u0103 la 13.800 m3\/h.<\/p>\n<p>Ma\u0219ina de v\u00e2nt are 3 viteze pentru a o adapta nevoilor dumneavoastr\u0103.<\/p>\n<h6>\u00a0<strong>garan\u021bie\u00a0<span style=\"color: #ff0000;\">LA<\/span><span style=\"color: #0000ff;\">R<\/span>C 2 ANI<\/strong><\/h6>\n<h6><span style=\"color: #008000;\">Ventilator industrial eficient, consum redus 160w<\/span><\/h6>\n<h6><strong>suport tehnic inclus<\/strong><\/h6>\n<p>&nbsp;<\/p>\n<table role=\"presentation\" width=\"100%\" cellspacing=\"0\" cellpadding=\"0\">\n<tbody>\n<tr>\n<td class=\"attrLabels\">Marca:<\/td>\n<td width=\"50.0%\">ARC<\/td>\n<\/tr>\n<tr>\n<td class=\"attrLabels\">\u021aara de distribu\u021bie:<\/td>\n<td width=\"50.0%\">Spania, Germania, SUA<\/td>\n<td class=\"attrLabels\">Greutate:<\/td>\n<td width=\"50.0%\">18 kg<\/td>\n<\/tr>\n<tr>\n<td class=\"attrLabels\">Culoare:<\/td>\n<td width=\"50.0%\">Negru<\/td>\n<td class=\"attrLabels\">\u00cen\u0103l\u0163ime:<\/td>\n<td width=\"50.0%\">95 cm<\/td>\n<\/tr>\n<tr>\n<td class=\"attrLabels\">\u00a0Garantie:<\/td>\n<td width=\"50.0%\">\u00a02 ANI<\/td>\n<td class=\"attrLabels\">Lung:<\/td>\n<td width=\"50.0%\">90 cm<\/td>\n<\/tr>\n<tr>\n<td class=\"attrLabels\">Tip produs:<\/td>\n<td width=\"50.0%\">ventilator industrial<\/td>\n<td class=\"attrLabels\">Larg:<\/td>\n<td width=\"50.0%\">35 cm<\/td>\n<\/tr>\n<tr>\n<td class=\"attrLabels\">Numar producator:<\/td>\n<td width=\"50.0%\">ARVEI90<\/td>\n<td class=\"attrLabels\">Diametru co\u0219:<\/td>\n<td width=\"50.0%\">90 cm<\/td>\n<\/tr>\n<tr>\n<td class=\"attrLabels\">Material:<\/td>\n<td width=\"50.0%\">Motor eficient, control automat<\/td>\n<td class=\"attrLabels\">Ie\u0219ire maxim\u0103 de aer:<\/td>\n<td width=\"50.0%\">13.800 mc\/h<\/td>\n<\/tr>\n<tr>\n<td class=\"attrLabels\">Putere:<\/td>\n<td width=\"50.0%\">\u00a0145W p\u00e2n\u0103 la 165W<\/td>\n<td class=\"attrLabels\">Rotor:<\/td>\n<td width=\"50.0%\">90 cm<\/td>\n<\/tr>\n<tr>\n<td class=\"attrLabels\">Tensiune de intrare:<\/td>\n<td width=\"50.0%\">230V \u2013 50Hz<\/td>\n<td class=\"attrLabels\">Viteze:<\/td>\n<td width=\"50.0%\">3<\/td>\n<\/tr>\n<\/tbody>\n<\/table>","protected":false},"excerpt":{"rendered":"<h2>Ventilator industrial 90 cm<\/h2>\n<p>Cea mai buna solutie pentru ca spatiile dumneavoastra sa fie mereu la temperatura corespunzatoare si pe placul clientilor dumneavoastra.<\/p>\n<p>Cu doar 160 de wa\u021bi de consum, acest ventilator reu\u0219e\u0219te s\u0103 genereze o for\u021b\u0103 de ventila\u021bie incredibil\u0103 de 13.800 m3 pe or\u0103. Acest\u00a0<strong>ma\u0219in\u0103 de v\u00e2nt<\/strong>\u00a0de\u00a0<strong><span style=\"color: #ff0000;\">LA<\/span><span style=\"color: #0000ff;\">R<\/span>c<\/strong>\u00a0A fost fabricat pentru uz industrial. Prin urmare, cel\u00a0<strong>ventilator<\/strong>\u00a0Poate fi folosit pentru uscarea cl\u0103dirilor, precum \u0219i pentru r\u0103cirea utilajelor sau pur \u0219i simplu pentru circula\u021bia aerului.<\/p>\n<h6>\u00a0<strong>garan\u021bie\u00a0<span style=\"color: #ff0000;\">LA<\/span><span style=\"color: #0000ff;\">R<\/span>C 2 ANI<\/strong><\/h6>\n<h6><span style=\"color: #008000;\">Ventilator industrial eficient, consum redus 160w<\/span><\/h6>\n<h6><strong>suport tehnic inclus<\/strong><\/h6>","protected":false},"featured_media":1976,"comment_status":"open","ping_status":"closed","template":"","meta":{"wds_primary_product_brand":0,"wds_primary_product_cat":0},"product_brand":[],"product_cat":[63],"product_tag":[],"class_list":{"0":"post-1971","1":"product","2":"type-product","3":"status-publish","4":"has-post-thumbnail","6":"product_cat-climatizacion-industrial","7":"product_shipping_class-hosteleria","9":"first","10":"instock","11":"sale","12":"taxable","13":"shipping-taxable","14":"purchasable","15":"product-type-simple"},"yoast_head":"<!-- This site is optimized with the Yoast SEO Premium plugin v24.9 (Yoast SEO v26.1) - https:\/\/yoast.com\/wordpress\/plugins\/seo\/ -->\n<title>Ventilador industrial 90 cm - distribuci\u00f3n ARC<\/title>\n<meta name=\"robots\" content=\"index, follow, max-snippet:-1, max-image-preview:large, max-video-preview:-1\" \/>\n<link rel=\"canonical\" href=\"https:\/\/distribucionarc.com\/ro\/produs\/ventilator-industrial-90-cm\/\" \/>\n<meta property=\"og:locale\" content=\"ro_RO\" \/>\n<meta property=\"og:type\" content=\"article\" \/>\n<meta property=\"og:title\" content=\"Ventilador industrial 90 cm\" \/>\n<meta property=\"og:description\" content=\"Ventilador industrial 90 cm La mejor soluci\u00f3n para que su local est\u00e9 siempre a la temperatura adecuada y del agrado de sus clientes.  Con s\u00f3lo 160 vatios de consumo, este ventilador logra generar una incre\u00edble fuerza de ventilaci\u00f3n de 13,800m3 por hora. Esta\u00a0m\u00e1quina e\u00f3lica\u00a0de\u00a0ARC\u00a0fue fabricada para uso industrial. Por lo tanto, el\u00a0ventilador\u00a0se puede utilizar para el secado de edificios, as\u00ed como para la refrigeraci\u00f3n de maquinaria o simplemente para la circulaci\u00f3n de aire. \u00a0Garant\u00eda\u00a0ARC 2 A\u00d1OS Ventilador industrial eficiente, bajo consumo 160w soporte t\u00e9cnico incluido\" \/>\n<meta property=\"og:url\" content=\"https:\/\/distribucionarc.com\/ro\/produs\/ventilator-industrial-90-cm\/\" \/>\n<meta property=\"og:site_name\" content=\"distribuci\u00f3n ARC\" \/>\n<meta property=\"article:modified_time\" content=\"2020-09-30T07:40:06+00:00\" \/>\n<meta property=\"og:image\" content=\"https:\/\/distribucionarc.com\/wp-content\/uploads\/2020\/08\/Ventilador-industrial-90-0.jpg\" \/>\n\t<meta property=\"og:image:width\" content=\"1600\" \/>\n\t<meta property=\"og:image:height\" content=\"1548\" \/>\n\t<meta property=\"og:image:type\" content=\"image\/jpeg\" \/>\n<meta name=\"twitter:card\" content=\"summary_large_image\" \/>\n<meta name=\"twitter:label1\" content=\"Timp estimat pentru citire\" \/>\n\t<meta name=\"twitter:data1\" content=\"1 minut\" \/>\n<script type=\"application\/ld+json\" class=\"yoast-schema-graph\">{\"@context\":\"https:\/\/schema.org\",\"@graph\":[{\"@type\":\"WebPage\",\"@id\":\"https:\/\/distribucionarc.com\/nl\/producto\/ventilador-industrial-90-cm\/\",\"url\":\"https:\/\/distribucionarc.com\/nl\/producto\/ventilador-industrial-90-cm\/\",\"name\":\"Ventilador industrial 90 cm - distribuci\u00f3n ARC\",\"isPartOf\":{\"@id\":\"https:\/\/distribucionarc.com\/de\/#website\"},\"primaryImageOfPage\":{\"@id\":\"https:\/\/distribucionarc.com\/nl\/producto\/ventilador-industrial-90-cm\/#primaryimage\"},\"image\":{\"@id\":\"https:\/\/distribucionarc.com\/nl\/producto\/ventilador-industrial-90-cm\/#primaryimage\"},\"thumbnailUrl\":\"https:\/\/distribucionarc.com\/wp-content\/uploads\/2020\/08\/Ventilador-industrial-90-0.jpg\",\"datePublished\":\"2020-08-04T14:51:56+00:00\",\"dateModified\":\"2020-09-30T07:40:06+00:00\",\"breadcrumb\":{\"@id\":\"https:\/\/distribucionarc.com\/nl\/producto\/ventilador-industrial-90-cm\/#breadcrumb\"},\"inLanguage\":\"ro-RO\",\"potentialAction\":[{\"@type\":\"ReadAction\",\"target\":[\"https:\/\/distribucionarc.com\/nl\/producto\/ventilador-industrial-90-cm\/\"]}]},{\"@type\":\"ImageObject\",\"inLanguage\":\"ro-RO\",\"@id\":\"https:\/\/distribucionarc.com\/nl\/producto\/ventilador-industrial-90-cm\/#primaryimage\",\"url\":\"https:\/\/distribucionarc.com\/wp-content\/uploads\/2020\/08\/Ventilador-industrial-90-0.jpg\",\"contentUrl\":\"https:\/\/distribucionarc.com\/wp-content\/uploads\/2020\/08\/Ventilador-industrial-90-0.jpg\",\"width\":1600,\"height\":1548,\"caption\":\"Ventilador industrial 90\"},{\"@type\":\"BreadcrumbList\",\"@id\":\"https:\/\/distribucionarc.com\/nl\/producto\/ventilador-industrial-90-cm\/#breadcrumb\",\"itemListElement\":[{\"@type\":\"ListItem\",\"position\":1,\"name\":\"Portada\",\"item\":\"https:\/\/distribucionarc.com\/pl\/\"},{\"@type\":\"ListItem\",\"position\":2,\"name\":\"Produkty\",\"item\":\"https:\/\/distribucionarc.com\/pl\/shop\/\"},{\"@type\":\"ListItem\",\"position\":3,\"name\":\"Ventilador industrial 90 cm\"}]},{\"@type\":\"WebSite\",\"@id\":\"https:\/\/distribucionarc.com\/de\/#website\",\"url\":\"https:\/\/distribucionarc.com\/de\/\",\"name\":\"distribuci\u00f3n ARC\",\"description\":\"Empresa especializada en la fabricaci\u00f3n y distribuci\u00f3n de maquinaria industrial, selladoras de latas, Maquinas de hacer pastillas, Maquinas de cortar carne...\",\"publisher\":{\"@id\":\"https:\/\/distribucionarc.com\/de\/#organization\"},\"potentialAction\":[{\"@type\":\"SearchAction\",\"target\":{\"@type\":\"EntryPoint\",\"urlTemplate\":\"https:\/\/distribucionarc.com\/de\/?s={search_term_string}\"},\"query-input\":{\"@type\":\"PropertyValueSpecification\",\"valueRequired\":true,\"valueName\":\"search_term_string\"}}],\"inLanguage\":\"ro-RO\"},{\"@type\":\"Organization\",\"@id\":\"https:\/\/distribucionarc.com\/de\/#organization\",\"name\":\"Distribuci\u00f3n ARC\",\"url\":\"https:\/\/distribucionarc.com\/de\/\",\"logo\":{\"@type\":\"ImageObject\",\"inLanguage\":\"ro-RO\",\"@id\":\"https:\/\/distribucionarc.com\/de\/#\/schema\/logo\/image\/\",\"url\":\"https:\/\/distribucionarc.com\/wp-content\/uploads\/2024\/10\/distribucion-ARC-COLOR-SIN-FONDO-e1732295305345.png\",\"contentUrl\":\"https:\/\/distribucionarc.com\/wp-content\/uploads\/2024\/10\/distribucion-ARC-COLOR-SIN-FONDO-e1732295305345.png\",\"width\":1164,\"height\":558,\"caption\":\"Distribuci\u00f3n ARC\"},\"image\":{\"@id\":\"https:\/\/distribucionarc.com\/de\/#\/schema\/logo\/image\/\"},\"description\":\"Empresa especializada en la fabricaci\u00f3n y distribuci\u00f3n de maquinaria industrial para los sectores alimentario y farmac\u00e9utico. Nos especializamos en: M\u00e1quinas de cortar carne Fabricaci\u00f3n de comprimidos Sistemas de transporte industrial L\u00edneas de embotellado Dosificadores Y mucho m\u00e1s... Ofrecemos soluciones innovadoras y personalizadas para optimizar los procesos productivos de tu empresa.\",\"email\":\"Admistracion@distribucionarc.com\",\"telephone\":\"+34 643496664\",\"legalName\":\"ARC TECH SOLUTIONS\",\"foundingDate\":\"2024-04-09\",\"vatID\":\"B55480172\",\"numberOfEmployees\":{\"@type\":\"QuantitativeValue\",\"minValue\":\"1\",\"maxValue\":\"10\"}}]}<\/script>\n<!-- \/ Yoast SEO Premium plugin. -->","yoast_head_json":{"title":"Ventilator industrial 90 cm - distributie ARC","robots":{"index":"index","follow":"follow","max-snippet":"max-snippet:-1","max-image-preview":"max-image-preview:large","max-video-preview":"max-video-preview:-1"},"canonical":"https:\/\/distribucionarc.com\/ro\/produs\/ventilator-industrial-90-cm\/","og_locale":"ro_RO","og_type":"article","og_title":"Ventilador industrial 90 cm","og_description":"Ventilador industrial 90 cm La mejor soluci\u00f3n para que su local est\u00e9 siempre a la temperatura adecuada y del agrado de sus clientes.  Con s\u00f3lo 160 vatios de consumo, este ventilador logra generar una incre\u00edble fuerza de ventilaci\u00f3n de 13,800m3 por hora. Esta\u00a0m\u00e1quina e\u00f3lica\u00a0de\u00a0ARC\u00a0fue fabricada para uso industrial. Por lo tanto, el\u00a0ventilador\u00a0se puede utilizar para el secado de edificios, as\u00ed como para la refrigeraci\u00f3n de maquinaria o simplemente para la circulaci\u00f3n de aire. \u00a0Garant\u00eda\u00a0ARC 2 A\u00d1OS Ventilador industrial eficiente, bajo consumo 160w soporte t\u00e9cnico incluido","og_url":"https:\/\/distribucionarc.com\/ro\/produs\/ventilator-industrial-90-cm\/","og_site_name":"distribuci\u00f3n ARC","article_modified_time":"2020-09-30T07:40:06+00:00","og_image":[{"width":1600,"height":1548,"url":"https:\/\/distribucionarc.com\/wp-content\/uploads\/2020\/08\/Ventilador-industrial-90-0.jpg","type":"image\/jpeg"}],"twitter_card":"summary_large_image","twitter_misc":{"Timp estimat pentru citire":"1 minut"},"schema":{"@context":"https:\/\/schema.org","@graph":[{"@type":"WebPage","@id":"https:\/\/distribucionarc.com\/nl\/producto\/ventilador-industrial-90-cm\/","url":"https:\/\/distribucionarc.com\/nl\/producto\/ventilador-industrial-90-cm\/","name":"Ventilator industrial 90 cm - distributie ARC","isPartOf":{"@id":"https:\/\/distribucionarc.com\/de\/#website"},"primaryImageOfPage":{"@id":"https:\/\/distribucionarc.com\/nl\/producto\/ventilador-industrial-90-cm\/#primaryimage"},"image":{"@id":"https:\/\/distribucionarc.com\/nl\/producto\/ventilador-industrial-90-cm\/#primaryimage"},"thumbnailUrl":"https:\/\/distribucionarc.com\/wp-content\/uploads\/2020\/08\/Ventilador-industrial-90-0.jpg","datePublished":"2020-08-04T14:51:56+00:00","dateModified":"2020-09-30T07:40:06+00:00","breadcrumb":{"@id":"https:\/\/distribucionarc.com\/nl\/producto\/ventilador-industrial-90-cm\/#breadcrumb"},"inLanguage":"ro-RO","potentialAction":[{"@type":"ReadAction","target":["https:\/\/distribucionarc.com\/nl\/producto\/ventilador-industrial-90-cm\/"]}]},{"@type":"ImageObject","inLanguage":"ro-RO","@id":"https:\/\/distribucionarc.com\/nl\/producto\/ventilador-industrial-90-cm\/#primaryimage","url":"https:\/\/distribucionarc.com\/wp-content\/uploads\/2020\/08\/Ventilador-industrial-90-0.jpg","contentUrl":"https:\/\/distribucionarc.com\/wp-content\/uploads\/2020\/08\/Ventilador-industrial-90-0.jpg","width":1600,"height":1548,"caption":"Ventilador industrial 90"},{"@type":"BreadcrumbList","@id":"https:\/\/distribucionarc.com\/nl\/producto\/ventilador-industrial-90-cm\/#breadcrumb","itemListElement":[{"@type":"ListItem","position":1,"name":"Portada","item":"https:\/\/distribucionarc.com\/pl\/"},{"@type":"ListItem","position":2,"name":"Produkty","item":"https:\/\/distribucionarc.com\/pl\/shop\/"},{"@type":"ListItem","position":3,"name":"Ventilador industrial 90 cm"}]},{"@type":"WebSite","@id":"https:\/\/distribucionarc.com\/de\/#website","url":"https:\/\/distribucionarc.com\/de\/","name":"Distribu\u021bie ARC","description":"Companie specializat\u0103 \u00een fabricarea \u0219i distribu\u021bia de utilaje industriale, ma\u0219ini de sigilat cutii, ma\u0219ini de fabricat tablete, ma\u0219ini de t\u0103iat carne...","publisher":{"@id":"https:\/\/distribucionarc.com\/de\/#organization"},"potentialAction":[{"@type":"SearchAction","target":{"@type":"EntryPoint","urlTemplate":"https:\/\/distribucionarc.com\/de\/?s={search_term_string}"},"query-input":{"@type":"PropertyValueSpecification","valueRequired":true,"valueName":"search_term_string"}}],"inLanguage":"ro-RO"},{"@type":"Organization","@id":"https:\/\/distribucionarc.com\/de\/#organization","name":"Distribu\u021bie ARC","url":"https:\/\/distribucionarc.com\/de\/","logo":{"@type":"ImageObject","inLanguage":"ro-RO","@id":"https:\/\/distribucionarc.com\/de\/#\/schema\/logo\/image\/","url":"https:\/\/distribucionarc.com\/wp-content\/uploads\/2024\/10\/distribucion-ARC-COLOR-SIN-FONDO-e1732295305345.png","contentUrl":"https:\/\/distribucionarc.com\/wp-content\/uploads\/2024\/10\/distribucion-ARC-COLOR-SIN-FONDO-e1732295305345.png","width":1164,"height":558,"caption":"Distribuci\u00f3n ARC"},"image":{"@id":"https:\/\/distribucionarc.com\/de\/#\/schema\/logo\/image\/"},"description":"Companie specializat\u0103 \u00een fabricarea \u0219i distribu\u021bia de utilaje industriale pentru sectoarele alimentar \u0219i farmaceutic. Suntem specializa\u021bi \u00een: Ma\u0219ini de t\u0103iat carne Fabricarea tabletelor Sisteme de transport industrial Linii de \u00eembuteliere Distribuitoare \u0218i multe altele... Oferim solu\u021bii inovatoare \u0219i personalizate pentru a optimiza procesele de produc\u021bie ale companiei dumneavoastr\u0103.","email":"Admistracion@distribucionarc.com","telephone":"+34 643496664","legalName":"ARC TECH SOLUTIONS","foundingDate":"2024-04-09","vatID":"B55480172","numberOfEmployees":{"@type":"QuantitativeValue","minValue":"1","maxValue":"10"}}]}},"_links":{"self":[{"href":"https:\/\/distribucionarc.com\/ro\/wp-json\/wp\/v2\/product\/1971","targetHints":{"allow":["GET"]}}],"collection":[{"href":"https:\/\/distribucionarc.com\/ro\/wp-json\/wp\/v2\/product"}],"about":[{"href":"https:\/\/distribucionarc.com\/ro\/wp-json\/wp\/v2\/types\/product"}],"replies":[{"embeddable":true,"href":"https:\/\/distribucionarc.com\/ro\/wp-json\/wp\/v2\/comments?post=1971"}],"version-history":[{"count":0,"href":"https:\/\/distribucionarc.com\/ro\/wp-json\/wp\/v2\/product\/1971\/revisions"}],"wp:featuredmedia":[{"embeddable":true,"href":"https:\/\/distribucionarc.com\/ro\/wp-json\/wp\/v2\/media\/1976"}],"wp:attachment":[{"href":"https:\/\/distribucionarc.com\/ro\/wp-json\/wp\/v2\/media?parent=1971"}],"wp:term":[{"taxonomy":"product_brand","embeddable":true,"href":"https:\/\/distribucionarc.com\/ro\/wp-json\/wp\/v2\/product_brand?post=1971"},{"taxonomy":"product_cat","embeddable":true,"href":"https:\/\/distribucionarc.com\/ro\/wp-json\/wp\/v2\/product_cat?post=1971"},{"taxonomy":"product_tag","embeddable":true,"href":"https:\/\/distribucionarc.com\/ro\/wp-json\/wp\/v2\/product_tag?post=1971"}],"curies":[{"name":"wp","href":"https:\/\/api.w.org\/{rel}","templated":true}]}}