{"id":2000,"date":"2020-08-05T13:58:02","date_gmt":"2020-08-05T13:58:02","guid":{"rendered":"https:\/\/distribucionarc.com\/?post_type=product&#038;p=2000"},"modified":"2023-10-19T12:46:02","modified_gmt":"2023-10-19T12:46:02","slug":"masina-automat-pentru-gogosi-sau-gosisoare-mici","status":"publish","type":"product","link":"https:\/\/distribucionarc.com\/ro\/producto\/maquina-automatica-para-donuts-o-rosquillas-pequena\/","title":{"rendered":"Ma\u0219in\u0103 automat\u0103 mic\u0103 pentru gogo\u0219i sau gogo\u0219i"},"content":{"rendered":"<h3>Ma\u0219in\u0103 profesional\u0103 automat\u0103 pentru gogo\u0219i sau gogo\u0219i<\/h3>\n<p>Cre\u0219te\u021bi-v\u0103 produc\u021bia f\u0103r\u0103 a pierde aroma produsului dvs. cu<strong>\u00a0ma\u0219in\u0103 automat\u0103 pentru gogo\u0219i<\/strong>\u00a0de\u00a0<strong><span style=\"color: #ff0000;\">LA<\/span><span style=\"color: #0000ff;\">R<\/span>c<\/strong>. Are caracteristicile necesare pentru a v\u0103 eviden\u021bia a<strong>performante ridicate<\/strong>, manevrabilitate \u0219i\u00a0<strong>consum redus de energie<\/strong>.<\/p>\n<p>Acest\u00a0<strong>ma\u0219in\u0103 comercial\u0103 pentru gogo\u0219i<\/strong>\u00a0de\u00a0<strong><span style=\"color: #ff0000;\">LA<\/span><span style=\"color: #0000ff;\">R<\/span>c<\/strong>\u00a0Este fabricat din o\u021bel inoxidabil 304 de calitate alimentar\u0103, robust \u0219i durabil. Rezistent la coroziune, rezistent la rugin\u0103 \u0219i u\u0219or de cur\u0103\u021bat.<\/p>\n<p>The\u00a0<strong>ma\u0219in\u0103 automat\u0103 pentru gogo\u0219i<\/strong>\u00a0<strong><span style=\"color: #ff0000;\">LA<\/span><span style=\"color: #0000ff;\">R<\/span>CMAD3<\/strong> Este echipat cu un panou de control inteligent pentru un control convenabil \u0219i precis al temperaturii uleiului \u0219i al timpului de pr\u0103jire. Cu indicatoare pentru a ar\u0103ta starea de g\u0103tit \u00een orice moment. Acest <strong>f\u0103c\u0103tor de gogo\u0219i<\/strong>\u00a0de\u00a0<strong><span style=\"color: #ff0000;\">LA<\/span><span style=\"color: #0000ff;\">R<\/span>c<\/strong>\u00a0Este complet automat, cu formare automat\u0103, control automat al temperaturii, pr\u0103jire automat\u0103, \u00eentoarcere automat\u0103 \u0219i ie\u0219ire, care\u00a0<strong>economise\u0219te foarte mult energia<\/strong>\u00a0si timpul lui.<\/p>\n<p>The\u00a0<strong>mini ma\u0219in\u0103 automat\u0103 de f\u0103cut gogo\u0219i<\/strong>\u00a0Vine cu un bunc\u0103r de mare capacitate pentru a stoca 7 litri de aluat. Pute\u021bi face mai multe gogo\u0219i \u00een acela\u0219i timp, f\u0103r\u0103 a fi nevoie s\u0103 re\u00eenc\u0103rca\u021bi bunc\u0103rul \u00een mod repetat.<\/p>\n<p>Sunt disponibile trei dimensiuni de forme de gogo\u0219i (4-5cm\/6-7cm\/8-9cm), produc\u00e2nd mini gogo\u0219i, gogo\u0219i medii \u0219i gogo\u0219i mari, pentru a satisface diferitele cerin\u021be. Capabil s\u0103 produc\u0103 850 gogo\u0219i de 4-5 cm pe or\u0103, 650 gogo\u0219i de 6-7 cm pe or\u0103 sau 500 buc\u0103\u021bi de gogo\u0219i de 8-9 cm pe or\u0103<\/p>\n<p>Sunt furnizate diverse accesorii, inclusiv dou\u0103 cle\u0219ti pentru m\u00e2ncare, dou\u0103 cilindri de m\u0103surare de 20L \u0219i dou\u0103 t\u0103vi pentru depozitarea gogo\u0219ilor pr\u0103ji\u021bi.<\/p>\n<p>&nbsp;<\/p>\n<h6><strong>garan\u021bie <span style=\"color: #ff0000;\">LA<\/span><span style=\"color: #0000ff;\">R<\/span>c<\/strong><strong style=\"font-size: 1.1em;\">\u00a02 ANI<\/strong><\/h6>\n<h6><span style=\"color: #008000;\">Ma\u0219in\u0103 automat\u0103 pentru gogo\u0219i \u0219i gogo\u0219i, eficient\u0103, consum redus 3000w<\/span><\/h6>\n<h6><strong>suport tehnic inclus<\/strong><\/h6>\n<p>&nbsp;<\/p>\n<table role=\"presentation\" width=\"100%\" cellspacing=\"0\" cellpadding=\"0\">\n<tbody>\n<tr>\n<td class=\"attrLabels\">Temperatur\u0103:<\/td>\n<td width=\"50.0%\">0-300\u00baC<\/td>\n<\/tr>\n<tr>\n<td class=\"attrLabels\">\u021aara de distribu\u021bie:<\/td>\n<td width=\"50.0%\">Spania, Germania, SUA<\/td>\n<td class=\"attrLabels\">Greutate:<\/td>\n<td width=\"50.0%\">45 kg<\/td>\n<\/tr>\n<tr>\n<td class=\"attrLabels\">Marca:<\/td>\n<td width=\"50.0%\">ARC<\/td>\n<td class=\"attrLabels\">\u00cen\u0103l\u0163ime:<\/td>\n<td width=\"50.0%\">65 cm<\/td>\n<\/tr>\n<tr>\n<td class=\"attrLabels\">Culoare:<\/td>\n<td width=\"50.0%\">Argint<\/td>\n<td class=\"attrLabels\">Lung:<\/td>\n<td width=\"50.0%\">103 cm<\/td>\n<\/tr>\n<tr>\n<td class=\"attrLabels\">Tip produs:<\/td>\n<td width=\"50.0%\">Ma\u0219in\u0103 profesional\u0103 automat\u0103 pentru gogo\u0219i<\/td>\n<td class=\"attrLabels\">Larg:<\/td>\n<td width=\"50.0%\">36 cm<\/td>\n<\/tr>\n<tr>\n<td class=\"attrLabels\">Numar producator:<\/td>\n<td width=\"50.0%\">ARCMAD10<\/td>\n<td class=\"attrLabels\">Putere:<\/td>\n<td width=\"50.0%\">3000W<\/td>\n<\/tr>\n<tr>\n<td class=\"attrLabels\">Material:<\/td>\n<td width=\"50.0%\">o\u021bel inoxidabil, control al temperaturii, complet automat<\/td>\n<td class=\"attrLabels\">tensiune de intrare<\/td>\n<td width=\"50.0%\">220V \u2013 60Hz<\/td>\n<\/tr>\n<tr>\n<td class=\"attrLabels\">M\u0103rimea gogo\u0219ilor:<\/td>\n<td width=\"50.0%\">4-5cm 6-7cm<\/p>\n<p>8-9 cm<\/td>\n<td class=\"attrLabels\">Garantie:<\/td>\n<td width=\"50.0%\">2 ANI<\/td>\n<\/tr>\n<tr>\n<td class=\"attrLabels\">Instrumente de instalare:<\/td>\n<td width=\"50.0%\">Da<\/td>\n<td class=\"attrLabels\">Productie:<\/td>\n<td width=\"50.0%\">500 \u2013 850 pe or\u0103, \u00een func\u021bie de dimensiune<\/td>\n<\/tr>\n<\/tbody>\n<\/table>","protected":false},"excerpt":{"rendered":"<h2>Ma\u0219in\u0103 profesional\u0103 automat\u0103 pentru gogo\u0219i sau gogo\u0219i<\/h2>\n<p>Acest\u00a0<strong>ma\u0219in\u0103 pentru gogo\u0219i<\/strong>\u00a0de\u00a0<strong><span style=\"color: #ff0000;\">LA<\/span><span style=\"color: #0000ff;\">R<\/span>c<\/strong>\u00a0Este indicat pentru produc\u021bia \u00een lan\u021b sau chiar pentru fabricarea gogo\u0219ilor proaspete \u00een cantit\u0103\u021bi mari, astfel \u00eenc\u00e2t s\u0103 \u00ee\u0219i p\u0103streze toat\u0103 textura \u0219i aroma.<\/p>\n<p>The\u00a0<strong>ma\u0219in\u0103 automat\u0103 pentru gogo\u0219i <span style=\"color: #ff0000;\">LA<\/span><span style=\"color: #0000ff;\">R<\/span>CMAD3<\/strong>\u00a0Este fabricat din o\u021bel inoxidabil alimentar. Designul complet automat este popular pentru eficien\u021ba ridicat\u0103 \u0219i precizia de producere\u00a0<strong>gogo\u0219i<\/strong>\u00a0cu formare automat\u0103: are control automat al temperaturii, gogo\u0219ile se rotesc automat pe centur\u0103\u00a0<strong>economisind timp \u0219i energie<\/strong>. Cu\u00a0<strong>ma\u0219in\u0103 automat\u0103 pentru gogo\u0219i<\/strong>\u00a0poate face o mul\u021bime de delicioase<strong>\u00a0gogo\u0219i<\/strong> auriu \u0219i crocant datorit\u0103 rezervorului s\u0103u de 7 litri.<\/p>\n<h6><strong>garan\u021bie\u00a0<span style=\"color: #ff0000;\">LA<\/span><span style=\"color: #0000ff;\">R<\/span>c<\/strong><strong>\u00a02 ANI<\/strong><\/h6>\n<h6><span style=\"color: #008000;\">Ma\u0219in\u0103 automat\u0103 pentru gogo\u0219i \u0219i gogo\u0219i, eficient\u0103, consum redus 3000w<\/span><\/h6>\n<h6><strong>suport tehnic inclus<\/strong><\/h6>","protected":false},"featured_media":2011,"comment_status":"open","ping_status":"closed","template":"","meta":{"wds_primary_product_brand":0,"wds_primary_product_cat":0},"product_brand":[],"product_cat":[56,53],"product_tag":[],"class_list":{"0":"post-2000","1":"product","2":"type-product","3":"status-publish","4":"has-post-thumbnail","6":"product_cat-maquinaria-para-ferias","7":"product_cat-panaderia-y-pasteleria-industrial","8":"product_shipping_class-express","10":"first","11":"instock","12":"taxable","13":"shipping-taxable","14":"purchasable","15":"product-type-simple"},"yoast_head":"<!-- This site is optimized with the Yoast SEO Premium plugin v24.9 (Yoast SEO v26.1) - https:\/\/yoast.com\/wordpress\/plugins\/seo\/ -->\n<title>M\u00e1quina autom\u00e1tica para donuts o rosquillas peque\u00f1a - distribuci\u00f3n ARC<\/title>\n<meta name=\"robots\" content=\"index, follow, max-snippet:-1, max-image-preview:large, max-video-preview:-1\" \/>\n<link rel=\"canonical\" href=\"https:\/\/www.distribucionarc.com\/producto\/maquina-automatica-para-donuts-o-rosquillas-pequena\/\" \/>\n<meta property=\"og:locale\" content=\"ro_RO\" \/>\n<meta property=\"og:type\" content=\"article\" \/>\n<meta property=\"og:title\" content=\"M\u00e1quina autom\u00e1tica para donuts o rosquillas peque\u00f1a\" \/>\n<meta property=\"og:description\" content=\"M\u00e1quina autom\u00e1tica para donuts o rosquillas profesional Esta\u00a0m\u00e1quina de donuts\u00a0de\u00a0ARC\u00a0es la indicada para la producci\u00f3n en cadena o incluso para fabricar donuts frescos en gran cantidad para que conserven toda su textura y sabor.  La\u00a0m\u00e1quina autom\u00e1tica de rosquillas ARCMAD3\u00a0est\u00e1 hecha de acero inoxidable de calidad alimentaria. El dise\u00f1o totalmente autom\u00e1tico es popular por su alta eficiencia y precisi\u00f3n para producir\u00a0donuts\u00a0con formaci\u00f3n autom\u00e1tica: dispone de control autom\u00e1tico de temperatura, los donuts giran autom\u00e1ticamente por la cinta\u00a0ahorrando tiempo y energ\u00eda. Con la\u00a0m\u00e1quina autom\u00e1tica de rosquillas\u00a0puede hacer \u00a0una gran cantidad de deliciosos\u00a0donuts dorados y crujientes gracias a su tanque de 7L. Garant\u00eda\u00a0ARC\u00a02 A\u00d1OS Maquina automatica para donuts y rosquillas eficiente, bajo consumo 3000w soporte t\u00e9cnico incluido\" \/>\n<meta property=\"og:url\" content=\"https:\/\/www.distribucionarc.com\/producto\/maquina-automatica-para-donuts-o-rosquillas-pequena\/\" \/>\n<meta property=\"og:site_name\" content=\"distribuci\u00f3n ARC\" \/>\n<meta property=\"article:modified_time\" content=\"2023-10-19T12:46:02+00:00\" \/>\n<meta property=\"og:image\" content=\"https:\/\/distribucionarc.com\/wp-content\/uploads\/2020\/08\/M\u00e1quina-autom\u00e1tica-para-donuts-o-rosquillas-3-2.jpg\" \/>\n\t<meta property=\"og:image:width\" content=\"1001\" \/>\n\t<meta property=\"og:image:height\" content=\"1001\" \/>\n\t<meta property=\"og:image:type\" content=\"image\/jpeg\" \/>\n<meta name=\"twitter:card\" content=\"summary_large_image\" \/>\n<meta name=\"twitter:label1\" content=\"Timp estimat pentru citire\" \/>\n\t<meta name=\"twitter:data1\" content=\"2 minute\" \/>\n<script type=\"application\/ld+json\" class=\"yoast-schema-graph\">{\"@context\":\"https:\/\/schema.org\",\"@graph\":[{\"@type\":\"WebPage\",\"@id\":\"https:\/\/www.distribucionarc.com\/producto\/maquina-automatica-para-donuts-o-rosquillas-pequena\/\",\"url\":\"https:\/\/www.distribucionarc.com\/producto\/maquina-automatica-para-donuts-o-rosquillas-pequena\/\",\"name\":\"M\u00e1quina autom\u00e1tica para donuts o rosquillas peque\u00f1a - distribuci\u00f3n ARC\",\"isPartOf\":{\"@id\":\"https:\/\/www.distribucionarc.com\/sl\/#website\"},\"primaryImageOfPage\":{\"@id\":\"https:\/\/www.distribucionarc.com\/producto\/maquina-automatica-para-donuts-o-rosquillas-pequena\/#primaryimage\"},\"image\":{\"@id\":\"https:\/\/www.distribucionarc.com\/producto\/maquina-automatica-para-donuts-o-rosquillas-pequena\/#primaryimage\"},\"thumbnailUrl\":\"https:\/\/distribucionarc.com\/wp-content\/uploads\/2020\/08\/M\u00e1quina-autom\u00e1tica-para-donuts-o-rosquillas-3-2.jpg\",\"datePublished\":\"2020-08-05T13:58:02+00:00\",\"dateModified\":\"2023-10-19T12:46:02+00:00\",\"breadcrumb\":{\"@id\":\"https:\/\/www.distribucionarc.com\/producto\/maquina-automatica-para-donuts-o-rosquillas-pequena\/#breadcrumb\"},\"inLanguage\":\"ro-RO\",\"potentialAction\":[{\"@type\":\"ReadAction\",\"target\":[\"https:\/\/www.distribucionarc.com\/producto\/maquina-automatica-para-donuts-o-rosquillas-pequena\/\"]}]},{\"@type\":\"ImageObject\",\"inLanguage\":\"ro-RO\",\"@id\":\"https:\/\/www.distribucionarc.com\/producto\/maquina-automatica-para-donuts-o-rosquillas-pequena\/#primaryimage\",\"url\":\"https:\/\/distribucionarc.com\/wp-content\/uploads\/2020\/08\/M\u00e1quina-autom\u00e1tica-para-donuts-o-rosquillas-3-2.jpg\",\"contentUrl\":\"https:\/\/distribucionarc.com\/wp-content\/uploads\/2020\/08\/M\u00e1quina-autom\u00e1tica-para-donuts-o-rosquillas-3-2.jpg\",\"width\":1001,\"height\":1001,\"caption\":\"M\u00e1quina autom\u00e1tica para donuts o rosquillas peque\u00f1a\"},{\"@type\":\"BreadcrumbList\",\"@id\":\"https:\/\/www.distribucionarc.com\/producto\/maquina-automatica-para-donuts-o-rosquillas-pequena\/#breadcrumb\",\"itemListElement\":[{\"@type\":\"ListItem\",\"position\":1,\"name\":\"Portada\",\"item\":\"https:\/\/www.distribucionarc.com\/\"},{\"@type\":\"ListItem\",\"position\":2,\"name\":\"\u00dcr\u00fcnler\",\"item\":\"https:\/\/www.distribucionarc.com\/tr\/magaza\/\"},{\"@type\":\"ListItem\",\"position\":3,\"name\":\"M\u00e1quina autom\u00e1tica para donuts o rosquillas peque\u00f1a\"}]},{\"@type\":\"WebSite\",\"@id\":\"https:\/\/www.distribucionarc.com\/sl\/#website\",\"url\":\"https:\/\/www.distribucionarc.com\/sl\/\",\"name\":\"distribuci\u00f3n ARC\",\"description\":\"Empresa especializada en la fabricaci\u00f3n y distribuci\u00f3n de maquinaria industrial, selladoras de latas, Maquinas de hacer pastillas, Maquinas de cortar carne...\",\"publisher\":{\"@id\":\"https:\/\/www.distribucionarc.com\/sl\/#organization\"},\"potentialAction\":[{\"@type\":\"SearchAction\",\"target\":{\"@type\":\"EntryPoint\",\"urlTemplate\":\"https:\/\/www.distribucionarc.com\/sl\/?s={search_term_string}\"},\"query-input\":{\"@type\":\"PropertyValueSpecification\",\"valueRequired\":true,\"valueName\":\"search_term_string\"}}],\"inLanguage\":\"ro-RO\"},{\"@type\":\"Organization\",\"@id\":\"https:\/\/www.distribucionarc.com\/sl\/#organization\",\"name\":\"Distribuci\u00f3n ARC\",\"url\":\"https:\/\/www.distribucionarc.com\/sl\/\",\"logo\":{\"@type\":\"ImageObject\",\"inLanguage\":\"ro-RO\",\"@id\":\"https:\/\/www.distribucionarc.com\/sl\/#\/schema\/logo\/image\/\",\"url\":\"https:\/\/distribucionarc.com\/wp-content\/uploads\/2024\/10\/distribucion-ARC-COLOR-SIN-FONDO-e1732295305345.png\",\"contentUrl\":\"https:\/\/distribucionarc.com\/wp-content\/uploads\/2024\/10\/distribucion-ARC-COLOR-SIN-FONDO-e1732295305345.png\",\"width\":1164,\"height\":558,\"caption\":\"Distribuci\u00f3n ARC\"},\"image\":{\"@id\":\"https:\/\/www.distribucionarc.com\/sl\/#\/schema\/logo\/image\/\"},\"description\":\"Empresa especializada en la fabricaci\u00f3n y distribuci\u00f3n de maquinaria industrial para los sectores alimentario y farmac\u00e9utico. Nos especializamos en: M\u00e1quinas de cortar carne Fabricaci\u00f3n de comprimidos Sistemas de transporte industrial L\u00edneas de embotellado Dosificadores Y mucho m\u00e1s... Ofrecemos soluciones innovadoras y personalizadas para optimizar los procesos productivos de tu empresa.\",\"email\":\"Admistracion@distribucionarc.com\",\"telephone\":\"+34 643496664\",\"legalName\":\"ARC TECH SOLUTIONS\",\"foundingDate\":\"2024-04-09\",\"vatID\":\"B55480172\",\"numberOfEmployees\":{\"@type\":\"QuantitativeValue\",\"minValue\":\"1\",\"maxValue\":\"10\"}}]}<\/script>\n<!-- \/ Yoast SEO Premium plugin. -->","yoast_head_json":{"title":"Ma\u0219in\u0103 automat\u0103 pentru gogo\u0219i sau gogo\u0219i - distribu\u021bie ARC","robots":{"index":"index","follow":"follow","max-snippet":"max-snippet:-1","max-image-preview":"max-image-preview:large","max-video-preview":"max-video-preview:-1"},"canonical":"https:\/\/www.distribucionarc.com\/producto\/maquina-automatica-para-donuts-o-rosquillas-pequena\/","og_locale":"ro_RO","og_type":"article","og_title":"M\u00e1quina autom\u00e1tica para donuts o rosquillas peque\u00f1a","og_description":"M\u00e1quina autom\u00e1tica para donuts o rosquillas profesional Esta\u00a0m\u00e1quina de donuts\u00a0de\u00a0ARC\u00a0es la indicada para la producci\u00f3n en cadena o incluso para fabricar donuts frescos en gran cantidad para que conserven toda su textura y sabor.  La\u00a0m\u00e1quina autom\u00e1tica de rosquillas ARCMAD3\u00a0est\u00e1 hecha de acero inoxidable de calidad alimentaria. El dise\u00f1o totalmente autom\u00e1tico es popular por su alta eficiencia y precisi\u00f3n para producir\u00a0donuts\u00a0con formaci\u00f3n autom\u00e1tica: dispone de control autom\u00e1tico de temperatura, los donuts giran autom\u00e1ticamente por la cinta\u00a0ahorrando tiempo y energ\u00eda. Con la\u00a0m\u00e1quina autom\u00e1tica de rosquillas\u00a0puede hacer \u00a0una gran cantidad de deliciosos\u00a0donuts dorados y crujientes gracias a su tanque de 7L. Garant\u00eda\u00a0ARC\u00a02 A\u00d1OS Maquina automatica para donuts y rosquillas eficiente, bajo consumo 3000w soporte t\u00e9cnico incluido","og_url":"https:\/\/www.distribucionarc.com\/producto\/maquina-automatica-para-donuts-o-rosquillas-pequena\/","og_site_name":"distribuci\u00f3n ARC","article_modified_time":"2023-10-19T12:46:02+00:00","og_image":[{"width":1001,"height":1001,"url":"https:\/\/distribucionarc.com\/wp-content\/uploads\/2020\/08\/M\u00e1quina-autom\u00e1tica-para-donuts-o-rosquillas-3-2.jpg","type":"image\/jpeg"}],"twitter_card":"summary_large_image","twitter_misc":{"Timp estimat pentru citire":"2 minute"},"schema":{"@context":"https:\/\/schema.org","@graph":[{"@type":"WebPage","@id":"https:\/\/www.distribucionarc.com\/producto\/maquina-automatica-para-donuts-o-rosquillas-pequena\/","url":"https:\/\/www.distribucionarc.com\/producto\/maquina-automatica-para-donuts-o-rosquillas-pequena\/","name":"Ma\u0219in\u0103 automat\u0103 pentru gogo\u0219i sau gogo\u0219i - distribu\u021bie ARC","isPartOf":{"@id":"https:\/\/www.distribucionarc.com\/sl\/#website"},"primaryImageOfPage":{"@id":"https:\/\/www.distribucionarc.com\/producto\/maquina-automatica-para-donuts-o-rosquillas-pequena\/#primaryimage"},"image":{"@id":"https:\/\/www.distribucionarc.com\/producto\/maquina-automatica-para-donuts-o-rosquillas-pequena\/#primaryimage"},"thumbnailUrl":"https:\/\/distribucionarc.com\/wp-content\/uploads\/2020\/08\/M\u00e1quina-autom\u00e1tica-para-donuts-o-rosquillas-3-2.jpg","datePublished":"2020-08-05T13:58:02+00:00","dateModified":"2023-10-19T12:46:02+00:00","breadcrumb":{"@id":"https:\/\/www.distribucionarc.com\/producto\/maquina-automatica-para-donuts-o-rosquillas-pequena\/#breadcrumb"},"inLanguage":"ro-RO","potentialAction":[{"@type":"ReadAction","target":["https:\/\/www.distribucionarc.com\/producto\/maquina-automatica-para-donuts-o-rosquillas-pequena\/"]}]},{"@type":"ImageObject","inLanguage":"ro-RO","@id":"https:\/\/www.distribucionarc.com\/producto\/maquina-automatica-para-donuts-o-rosquillas-pequena\/#primaryimage","url":"https:\/\/distribucionarc.com\/wp-content\/uploads\/2020\/08\/M\u00e1quina-autom\u00e1tica-para-donuts-o-rosquillas-3-2.jpg","contentUrl":"https:\/\/distribucionarc.com\/wp-content\/uploads\/2020\/08\/M\u00e1quina-autom\u00e1tica-para-donuts-o-rosquillas-3-2.jpg","width":1001,"height":1001,"caption":"M\u00e1quina autom\u00e1tica para donuts o rosquillas peque\u00f1a"},{"@type":"BreadcrumbList","@id":"https:\/\/www.distribucionarc.com\/producto\/maquina-automatica-para-donuts-o-rosquillas-pequena\/#breadcrumb","itemListElement":[{"@type":"ListItem","position":1,"name":"Portada","item":"https:\/\/www.distribucionarc.com\/"},{"@type":"ListItem","position":2,"name":"\u00dcr\u00fcnler","item":"https:\/\/www.distribucionarc.com\/tr\/magaza\/"},{"@type":"ListItem","position":3,"name":"M\u00e1quina autom\u00e1tica para donuts o rosquillas peque\u00f1a"}]},{"@type":"WebSite","@id":"https:\/\/www.distribucionarc.com\/sl\/#website","url":"https:\/\/www.distribucionarc.com\/sl\/","name":"Distribu\u021bie ARC","description":"Companie specializat\u0103 \u00een fabricarea \u0219i distribu\u021bia de utilaje industriale, ma\u0219ini de sigilat cutii, ma\u0219ini de fabricat tablete, ma\u0219ini de t\u0103iat carne...","publisher":{"@id":"https:\/\/www.distribucionarc.com\/sl\/#organization"},"potentialAction":[{"@type":"SearchAction","target":{"@type":"EntryPoint","urlTemplate":"https:\/\/www.distribucionarc.com\/sl\/?s={search_term_string}"},"query-input":{"@type":"PropertyValueSpecification","valueRequired":true,"valueName":"search_term_string"}}],"inLanguage":"ro-RO"},{"@type":"Organization","@id":"https:\/\/www.distribucionarc.com\/sl\/#organization","name":"Distribu\u021bie ARC","url":"https:\/\/www.distribucionarc.com\/sl\/","logo":{"@type":"ImageObject","inLanguage":"ro-RO","@id":"https:\/\/www.distribucionarc.com\/sl\/#\/schema\/logo\/image\/","url":"https:\/\/distribucionarc.com\/wp-content\/uploads\/2024\/10\/distribucion-ARC-COLOR-SIN-FONDO-e1732295305345.png","contentUrl":"https:\/\/distribucionarc.com\/wp-content\/uploads\/2024\/10\/distribucion-ARC-COLOR-SIN-FONDO-e1732295305345.png","width":1164,"height":558,"caption":"Distribuci\u00f3n ARC"},"image":{"@id":"https:\/\/www.distribucionarc.com\/sl\/#\/schema\/logo\/image\/"},"description":"Companie specializat\u0103 \u00een fabricarea \u0219i distribu\u021bia de utilaje industriale pentru sectoarele alimentar \u0219i farmaceutic. Suntem specializa\u021bi \u00een: Ma\u0219ini de t\u0103iat carne Fabricarea tabletelor Sisteme de transport industrial Linii de \u00eembuteliere Distribuitoare \u0218i multe altele... Oferim solu\u021bii inovatoare \u0219i personalizate pentru a optimiza procesele de produc\u021bie ale companiei dumneavoastr\u0103.","email":"Admistracion@distribucionarc.com","telephone":"+34 643496664","legalName":"ARC TECH SOLUTIONS","foundingDate":"2024-04-09","vatID":"B55480172","numberOfEmployees":{"@type":"QuantitativeValue","minValue":"1","maxValue":"10"}}]}},"_links":{"self":[{"href":"https:\/\/distribucionarc.com\/ro\/wp-json\/wp\/v2\/product\/2000","targetHints":{"allow":["GET"]}}],"collection":[{"href":"https:\/\/distribucionarc.com\/ro\/wp-json\/wp\/v2\/product"}],"about":[{"href":"https:\/\/distribucionarc.com\/ro\/wp-json\/wp\/v2\/types\/product"}],"replies":[{"embeddable":true,"href":"https:\/\/distribucionarc.com\/ro\/wp-json\/wp\/v2\/comments?post=2000"}],"version-history":[{"count":0,"href":"https:\/\/distribucionarc.com\/ro\/wp-json\/wp\/v2\/product\/2000\/revisions"}],"wp:featuredmedia":[{"embeddable":true,"href":"https:\/\/distribucionarc.com\/ro\/wp-json\/wp\/v2\/media\/2011"}],"wp:attachment":[{"href":"https:\/\/distribucionarc.com\/ro\/wp-json\/wp\/v2\/media?parent=2000"}],"wp:term":[{"taxonomy":"product_brand","embeddable":true,"href":"https:\/\/distribucionarc.com\/ro\/wp-json\/wp\/v2\/product_brand?post=2000"},{"taxonomy":"product_cat","embeddable":true,"href":"https:\/\/distribucionarc.com\/ro\/wp-json\/wp\/v2\/product_cat?post=2000"},{"taxonomy":"product_tag","embeddable":true,"href":"https:\/\/distribucionarc.com\/ro\/wp-json\/wp\/v2\/product_tag?post=2000"}],"curies":[{"name":"wp","href":"https:\/\/api.w.org\/{rel}","templated":true}]}}