{"id":2108,"date":"2020-08-10T10:11:48","date_gmt":"2020-08-10T10:11:48","guid":{"rendered":"https:\/\/distribucionarc.com\/?post_type=product&#038;p=2108"},"modified":"2020-09-30T09:28:41","modified_gmt":"2020-09-30T09:28:41","slug":"zdrobitoare-fructe-lemn-7l","status":"publish","type":"product","link":"https:\/\/distribucionarc.com\/ro\/producto\/trituradora-molinillo-de-frutas-de-madera-7l\/","title":{"rendered":"Concasor, ma\u0219in\u0103 de tocat fructe din lemn de 7L"},"content":{"rendered":"<h3>Concasor de fructe din lemn de 7 litri<\/h3>\n<p>Merele, perele, gutuile \u0219i tipurile de fructe aferente sunt deosebit de ideale pentru prelucrarea ulterioar\u0103. Pulpa relativ ferm\u0103 este zdrobit\u0103 de\u00a0<strong>moara de fructe\u00a0<span style=\"color: #ff0000;\">LA<\/span><span style=\"color: #0000ff;\">R<\/span>c<\/strong>; Macera\u021bia rezultat\u0103 m\u0103re\u0219te produc\u021bia de suc \u0219i permite presarea fructelor. Fructele cu pulp\u0103 moale sau moale nu trebuie zdrobite de moar\u0103, deoarece semin\u021bele lor tind s\u0103 am\u0103reze aroma sucului.<\/p>\n<p>Ve\u021bi ob\u021bine o calitate bun\u0103 a sucului dac\u0103 folosi\u021bi fructe coapte \u0219i bune. Fructele necoapte, supracoapte, putrezite sau rupte trebuie sortate. \u00cenainte de a procesa fructele, cur\u0103\u021ba\u021bi-l bine cu ap\u0103 de b\u0103ut, astfel \u00eenc\u00e2t s\u0103 nu p\u0103trund\u0103 murd\u0103rie \u00een piure.<\/p>\n<p>Cu asta\u00a0<strong>tocator de fructe sau legume<\/strong>\u00a0<strong><span style=\"color: #ff0000;\">LA<\/span><span style=\"color: #0000ff;\">R<\/span>CTMMF7 <\/strong>m\u0103cinarea atinge exact consisten\u021ba potrivit\u0103. Unitatea de t\u0103iere robust\u0103 (aliaj de aluminiu) este ghidat\u0103 f\u0103r\u0103 probleme de o ac\u021bionare manual\u0103. P\u00e2lnia de zdrobire, precum \u0219i p\u00e2lnia de colectare sunt realizate din lemn robust pentru a oferi o arom\u0103 unic\u0103. P\u00e2lnia are o capacitate de 7 litri. Cadrul de baz\u0103 este echipat cu picioare de cauciuc pentru o prindere stabil\u0103.<\/p>\n<h6><\/h6>\n<h6><strong>garan\u021bie\u00a0<\/strong><span style=\"color: #ff0000;\"><strong>LA<\/strong><\/span><span style=\"color: #0000ff;\"><strong>R<\/strong><\/span><strong>C 2 ANI<\/strong><\/h6>\n<h6><strong>suport tehnic inclus<\/strong><\/h6>\n<p>&nbsp;<\/p>\n<table width=\"100%\">\n<tbody>\n<tr>\n<td>Tip:<\/td>\n<td width=\"50%\">Manual<\/td>\n<td colspan=\"2\" width=\"327\"><\/td>\n<\/tr>\n<tr>\n<td>\u021aara de distribu\u021bie:<\/td>\n<td width=\"50%\">Spania, Germania, SUA<\/td>\n<td>Greutate:<\/td>\n<td width=\"50%\">5 kg<\/td>\n<\/tr>\n<tr>\n<td>Marca:<\/td>\n<td width=\"50%\">ARC<\/td>\n<td>\u00cen\u0103l\u0163ime:<\/td>\n<td width=\"50%\">30 cm<\/td>\n<\/tr>\n<tr>\n<td>Culoare:<\/td>\n<td width=\"50%\">Argint<\/td>\n<td>Lung:<\/td>\n<td width=\"50%\">\u00a056 cm<\/td>\n<\/tr>\n<tr>\n<td>Tip produs:<\/td>\n<td width=\"50%\">storcator de fructe, presa de vin<\/td>\n<td>Larg:<\/td>\n<td width=\"50%\">23 cm<\/td>\n<\/tr>\n<tr>\n<td>Numar producator:<\/td>\n<td width=\"50%\">ARCTMF7<\/td>\n<td>Dimensiunea co\u0219ului:<\/td>\n<td width=\"50%\">34x30cm<\/td>\n<\/tr>\n<tr>\n<td>Material:<\/td>\n<td width=\"50%\">\u00a0Lemn rezistent, aliaj de aluminiu<\/td>\n<td>Echipament:<\/td>\n<td width=\"50%\">Manivela<\/td>\n<\/tr>\n<tr>\n<td>Abilitatea:<\/td>\n<td width=\"50%\">7L<\/td>\n<td>Garantie:<\/td>\n<td width=\"50%\">2 ANI<\/td>\n<\/tr>\n<tr>\n<td>\u00cen\u0103l\u021bimea butoiului:<\/td>\n<td width=\"50%\">18 cm<\/td>\n<td><\/td>\n<td width=\"50%\"><\/td>\n<\/tr>\n<\/tbody>\n<\/table>","protected":false},"excerpt":{"rendered":"<h2>Concasor de fructe din lemn de 7 litri<\/h2>\n<p>Cheia pentru a face un suc bun, vin, must, cidru etc. Este pentru a face un piure gustos \u0219i neted datorit\u0103<strong>\u00a0polizoare\u00a0<span style=\"color: #ff0000;\">LA<\/span><span style=\"color: #0000ff;\">R<\/span>c<\/strong>. Gata de utilizare imediat \u0219i oriunde, indiferent de puterea electric\u0103.<\/p>\n<p>P\u00e2lnia mare are o capacitate de 7 litri pentru a toca fructele. Robustul\u00a0<strong>tocator de fructe<\/strong> Tabla de t\u0103iat este realizat\u0103 din lemn robust pentru a oferi o arom\u0103 unic\u0103 produsului dumneavoastr\u0103.<\/p>\n<h6><strong>garan\u021bie\u00a0<\/strong><span style=\"color: #ff0000;\"><strong>LA<\/strong><\/span><span style=\"color: #0000ff;\"><strong>R<\/strong><\/span><strong>C 2 ANI<\/strong><\/h6>\n<h6><strong>suport tehnic inclus<\/strong><\/h6>","protected":false},"featured_media":2109,"comment_status":"open","ping_status":"closed","template":"","meta":{"wds_primary_product_brand":0,"wds_primary_product_cat":0},"product_brand":[],"product_cat":[30,65,68],"product_tag":[],"class_list":{"0":"post-2108","1":"product","2":"type-product","3":"status-publish","4":"has-post-thumbnail","6":"product_cat-maquinaria-apicola","7":"product_cat-maquinaria-industrial-para-procesar-fruta-verdura-panales","8":"product_cat-trituradoras-picadoras-de-frutas-y-verduras","9":"product_shipping_class-hosteleria","11":"first","12":"instock","13":"sale","14":"taxable","15":"shipping-taxable","16":"purchasable","17":"product-type-simple"},"yoast_head":"<!-- This site is optimized with the Yoast SEO Premium plugin v24.9 (Yoast SEO v26.1) - https:\/\/yoast.com\/wordpress\/plugins\/seo\/ -->\n<title>Trituradora, molinillo de frutas de madera 7L - distribuci\u00f3n ARC<\/title>\n<meta name=\"robots\" content=\"index, follow, max-snippet:-1, max-image-preview:large, max-video-preview:-1\" \/>\n<link rel=\"canonical\" href=\"https:\/\/www.distribucionarc.com\/bg\/producto\/trituradora-molinillo-de-frutas-de-madera-7l\/\" \/>\n<meta property=\"og:locale\" content=\"ro_RO\" \/>\n<meta property=\"og:type\" content=\"article\" \/>\n<meta property=\"og:title\" content=\"Trituradora, molinillo de frutas de madera 7L\" \/>\n<meta property=\"og:description\" content=\"Trituradora de frutas de madera 7L La clave para elaborar un buen zumo, jugo, vino, mosto, sidra etc. Es elaborar un sabroso y suave pur\u00e9 gracias a las\u00a0molinillos de\u00a0ARC. Listos para usar de inmediato y en cualquier lugar, independientemente de la energ\u00eda el\u00e9ctrica.  El embudo grande tiene una capacidad de 7 litros, para picar la fruta. La robusta\u00a0picadora de fruta de corte esta fabricada de madera robusta para darle un sabor \u00fanico a tu producto. Garant\u00eda\u00a0ARC 2 A\u00d1OS soporte t\u00e9cnico\u00a0incluido\" \/>\n<meta property=\"og:url\" content=\"https:\/\/www.distribucionarc.com\/bg\/producto\/trituradora-molinillo-de-frutas-de-madera-7l\/\" \/>\n<meta property=\"og:site_name\" content=\"distribuci\u00f3n ARC\" \/>\n<meta property=\"article:modified_time\" content=\"2020-09-30T09:28:41+00:00\" \/>\n<meta property=\"og:image\" content=\"https:\/\/www.distribucionarc.com\/wp-content\/uploads\/2020\/08\/Trituradora-molinillo-de-frutas-de-madera-7L-0.jpg\" \/>\n\t<meta property=\"og:image:width\" content=\"1000\" \/>\n\t<meta property=\"og:image:height\" content=\"1000\" \/>\n\t<meta property=\"og:image:type\" content=\"image\/jpeg\" \/>\n<meta name=\"twitter:card\" content=\"summary_large_image\" \/>\n<meta name=\"twitter:label1\" content=\"Timp estimat pentru citire\" \/>\n\t<meta name=\"twitter:data1\" content=\"1 minut\" \/>\n<script type=\"application\/ld+json\" class=\"yoast-schema-graph\">{\"@context\":\"https:\/\/schema.org\",\"@graph\":[{\"@type\":\"WebPage\",\"@id\":\"https:\/\/www.distribucionarc.com\/bg\/producto\/trituradora-molinillo-de-frutas-de-madera-7l\/\",\"url\":\"https:\/\/www.distribucionarc.com\/bg\/producto\/trituradora-molinillo-de-frutas-de-madera-7l\/\",\"name\":\"Trituradora, molinillo de frutas de madera 7L - distribuci\u00f3n ARC\",\"isPartOf\":{\"@id\":\"https:\/\/www.distribucionarc.com\/tr\/#website\"},\"primaryImageOfPage\":{\"@id\":\"https:\/\/www.distribucionarc.com\/bg\/producto\/trituradora-molinillo-de-frutas-de-madera-7l\/#primaryimage\"},\"image\":{\"@id\":\"https:\/\/www.distribucionarc.com\/bg\/producto\/trituradora-molinillo-de-frutas-de-madera-7l\/#primaryimage\"},\"thumbnailUrl\":\"https:\/\/distribucionarc.com\/wp-content\/uploads\/2020\/08\/Trituradora-molinillo-de-frutas-de-madera-7L-0.jpg\",\"datePublished\":\"2020-08-10T10:11:48+00:00\",\"dateModified\":\"2020-09-30T09:28:41+00:00\",\"breadcrumb\":{\"@id\":\"https:\/\/www.distribucionarc.com\/bg\/producto\/trituradora-molinillo-de-frutas-de-madera-7l\/#breadcrumb\"},\"inLanguage\":\"ro-RO\",\"potentialAction\":[{\"@type\":\"ReadAction\",\"target\":[\"https:\/\/www.distribucionarc.com\/bg\/producto\/trituradora-molinillo-de-frutas-de-madera-7l\/\"]}]},{\"@type\":\"ImageObject\",\"inLanguage\":\"ro-RO\",\"@id\":\"https:\/\/www.distribucionarc.com\/bg\/producto\/trituradora-molinillo-de-frutas-de-madera-7l\/#primaryimage\",\"url\":\"https:\/\/distribucionarc.com\/wp-content\/uploads\/2020\/08\/Trituradora-molinillo-de-frutas-de-madera-7L-0.jpg\",\"contentUrl\":\"https:\/\/distribucionarc.com\/wp-content\/uploads\/2020\/08\/Trituradora-molinillo-de-frutas-de-madera-7L-0.jpg\",\"width\":1000,\"height\":1000,\"caption\":\"Trituradora molinillo de frutas de madera 7L\"},{\"@type\":\"BreadcrumbList\",\"@id\":\"https:\/\/www.distribucionarc.com\/bg\/producto\/trituradora-molinillo-de-frutas-de-madera-7l\/#breadcrumb\",\"itemListElement\":[{\"@type\":\"ListItem\",\"position\":1,\"name\":\"Portada\",\"item\":\"https:\/\/www.distribucionarc.com\/tr\/\"},{\"@type\":\"ListItem\",\"position\":2,\"name\":\"Produktai\",\"item\":\"https:\/\/distribucionarc.com\/lt\/parduotuve\/\"},{\"@type\":\"ListItem\",\"position\":3,\"name\":\"Trituradora, molinillo de frutas de madera 7L\"}]},{\"@type\":\"WebSite\",\"@id\":\"https:\/\/www.distribucionarc.com\/tr\/#website\",\"url\":\"https:\/\/www.distribucionarc.com\/tr\/\",\"name\":\"distribuci\u00f3n ARC\",\"description\":\"Empresa especializada en la fabricaci\u00f3n y distribuci\u00f3n de maquinaria industrial, selladoras de latas, Maquinas de hacer pastillas, Maquinas de cortar carne...\",\"publisher\":{\"@id\":\"https:\/\/www.distribucionarc.com\/tr\/#organization\"},\"potentialAction\":[{\"@type\":\"SearchAction\",\"target\":{\"@type\":\"EntryPoint\",\"urlTemplate\":\"https:\/\/www.distribucionarc.com\/tr\/?s={search_term_string}\"},\"query-input\":{\"@type\":\"PropertyValueSpecification\",\"valueRequired\":true,\"valueName\":\"search_term_string\"}}],\"inLanguage\":\"ro-RO\"},{\"@type\":\"Organization\",\"@id\":\"https:\/\/www.distribucionarc.com\/tr\/#organization\",\"name\":\"Distribuci\u00f3n ARC\",\"url\":\"https:\/\/www.distribucionarc.com\/tr\/\",\"logo\":{\"@type\":\"ImageObject\",\"inLanguage\":\"ro-RO\",\"@id\":\"https:\/\/www.distribucionarc.com\/tr\/#\/schema\/logo\/image\/\",\"url\":\"https:\/\/distribucionarc.com\/wp-content\/uploads\/2024\/10\/distribucion-ARC-COLOR-SIN-FONDO-e1732295305345.png\",\"contentUrl\":\"https:\/\/distribucionarc.com\/wp-content\/uploads\/2024\/10\/distribucion-ARC-COLOR-SIN-FONDO-e1732295305345.png\",\"width\":1164,\"height\":558,\"caption\":\"Distribuci\u00f3n ARC\"},\"image\":{\"@id\":\"https:\/\/www.distribucionarc.com\/tr\/#\/schema\/logo\/image\/\"},\"description\":\"Empresa especializada en la fabricaci\u00f3n y distribuci\u00f3n de maquinaria industrial para los sectores alimentario y farmac\u00e9utico. Nos especializamos en: M\u00e1quinas de cortar carne Fabricaci\u00f3n de comprimidos Sistemas de transporte industrial L\u00edneas de embotellado Dosificadores Y mucho m\u00e1s... Ofrecemos soluciones innovadoras y personalizadas para optimizar los procesos productivos de tu empresa.\",\"email\":\"Admistracion@distribucionarc.com\",\"telephone\":\"+34 643496664\",\"legalName\":\"ARC TECH SOLUTIONS\",\"foundingDate\":\"2024-04-09\",\"vatID\":\"B55480172\",\"numberOfEmployees\":{\"@type\":\"QuantitativeValue\",\"minValue\":\"1\",\"maxValue\":\"10\"}}]}<\/script>\n<!-- \/ Yoast SEO Premium plugin. -->","yoast_head_json":{"title":"Concasor, rasnita fructe din lemn 7L - distributie ARC","robots":{"index":"index","follow":"follow","max-snippet":"max-snippet:-1","max-image-preview":"max-image-preview:large","max-video-preview":"max-video-preview:-1"},"canonical":"https:\/\/www.distribucionarc.com\/bg\/producto\/trituradora-molinillo-de-frutas-de-madera-7l\/","og_locale":"ro_RO","og_type":"article","og_title":"Trituradora, molinillo de frutas de madera 7L","og_description":"Trituradora de frutas de madera 7L La clave para elaborar un buen zumo, jugo, vino, mosto, sidra etc. Es elaborar un sabroso y suave pur\u00e9 gracias a las\u00a0molinillos de\u00a0ARC. Listos para usar de inmediato y en cualquier lugar, independientemente de la energ\u00eda el\u00e9ctrica.  El embudo grande tiene una capacidad de 7 litros, para picar la fruta. La robusta\u00a0picadora de fruta de corte esta fabricada de madera robusta para darle un sabor \u00fanico a tu producto. Garant\u00eda\u00a0ARC 2 A\u00d1OS soporte t\u00e9cnico\u00a0incluido","og_url":"https:\/\/www.distribucionarc.com\/bg\/producto\/trituradora-molinillo-de-frutas-de-madera-7l\/","og_site_name":"distribuci\u00f3n ARC","article_modified_time":"2020-09-30T09:28:41+00:00","og_image":[{"width":1000,"height":1000,"url":"https:\/\/www.distribucionarc.com\/wp-content\/uploads\/2020\/08\/Trituradora-molinillo-de-frutas-de-madera-7L-0.jpg","type":"image\/jpeg"}],"twitter_card":"summary_large_image","twitter_misc":{"Timp estimat pentru citire":"1 minut"},"schema":{"@context":"https:\/\/schema.org","@graph":[{"@type":"WebPage","@id":"https:\/\/www.distribucionarc.com\/bg\/producto\/trituradora-molinillo-de-frutas-de-madera-7l\/","url":"https:\/\/www.distribucionarc.com\/bg\/producto\/trituradora-molinillo-de-frutas-de-madera-7l\/","name":"Concasor, rasnita fructe din lemn 7L - distributie ARC","isPartOf":{"@id":"https:\/\/www.distribucionarc.com\/tr\/#website"},"primaryImageOfPage":{"@id":"https:\/\/www.distribucionarc.com\/bg\/producto\/trituradora-molinillo-de-frutas-de-madera-7l\/#primaryimage"},"image":{"@id":"https:\/\/www.distribucionarc.com\/bg\/producto\/trituradora-molinillo-de-frutas-de-madera-7l\/#primaryimage"},"thumbnailUrl":"https:\/\/distribucionarc.com\/wp-content\/uploads\/2020\/08\/Trituradora-molinillo-de-frutas-de-madera-7L-0.jpg","datePublished":"2020-08-10T10:11:48+00:00","dateModified":"2020-09-30T09:28:41+00:00","breadcrumb":{"@id":"https:\/\/www.distribucionarc.com\/bg\/producto\/trituradora-molinillo-de-frutas-de-madera-7l\/#breadcrumb"},"inLanguage":"ro-RO","potentialAction":[{"@type":"ReadAction","target":["https:\/\/www.distribucionarc.com\/bg\/producto\/trituradora-molinillo-de-frutas-de-madera-7l\/"]}]},{"@type":"ImageObject","inLanguage":"ro-RO","@id":"https:\/\/www.distribucionarc.com\/bg\/producto\/trituradora-molinillo-de-frutas-de-madera-7l\/#primaryimage","url":"https:\/\/distribucionarc.com\/wp-content\/uploads\/2020\/08\/Trituradora-molinillo-de-frutas-de-madera-7L-0.jpg","contentUrl":"https:\/\/distribucionarc.com\/wp-content\/uploads\/2020\/08\/Trituradora-molinillo-de-frutas-de-madera-7L-0.jpg","width":1000,"height":1000,"caption":"Trituradora molinillo de frutas de madera 7L"},{"@type":"BreadcrumbList","@id":"https:\/\/www.distribucionarc.com\/bg\/producto\/trituradora-molinillo-de-frutas-de-madera-7l\/#breadcrumb","itemListElement":[{"@type":"ListItem","position":1,"name":"Portada","item":"https:\/\/www.distribucionarc.com\/tr\/"},{"@type":"ListItem","position":2,"name":"Produktai","item":"https:\/\/distribucionarc.com\/lt\/parduotuve\/"},{"@type":"ListItem","position":3,"name":"Trituradora, molinillo de frutas de madera 7L"}]},{"@type":"WebSite","@id":"https:\/\/www.distribucionarc.com\/tr\/#website","url":"https:\/\/www.distribucionarc.com\/tr\/","name":"Distribu\u021bie ARC","description":"Companie specializat\u0103 \u00een fabricarea \u0219i distribu\u021bia de utilaje industriale, ma\u0219ini de sigilat cutii, ma\u0219ini de fabricat tablete, ma\u0219ini de t\u0103iat carne...","publisher":{"@id":"https:\/\/www.distribucionarc.com\/tr\/#organization"},"potentialAction":[{"@type":"SearchAction","target":{"@type":"EntryPoint","urlTemplate":"https:\/\/www.distribucionarc.com\/tr\/?s={search_term_string}"},"query-input":{"@type":"PropertyValueSpecification","valueRequired":true,"valueName":"search_term_string"}}],"inLanguage":"ro-RO"},{"@type":"Organization","@id":"https:\/\/www.distribucionarc.com\/tr\/#organization","name":"Distribu\u021bie ARC","url":"https:\/\/www.distribucionarc.com\/tr\/","logo":{"@type":"ImageObject","inLanguage":"ro-RO","@id":"https:\/\/www.distribucionarc.com\/tr\/#\/schema\/logo\/image\/","url":"https:\/\/distribucionarc.com\/wp-content\/uploads\/2024\/10\/distribucion-ARC-COLOR-SIN-FONDO-e1732295305345.png","contentUrl":"https:\/\/distribucionarc.com\/wp-content\/uploads\/2024\/10\/distribucion-ARC-COLOR-SIN-FONDO-e1732295305345.png","width":1164,"height":558,"caption":"Distribuci\u00f3n ARC"},"image":{"@id":"https:\/\/www.distribucionarc.com\/tr\/#\/schema\/logo\/image\/"},"description":"Companie specializat\u0103 \u00een fabricarea \u0219i distribu\u021bia de utilaje industriale pentru sectoarele alimentar \u0219i farmaceutic. Suntem specializa\u021bi \u00een: Ma\u0219ini de t\u0103iat carne Fabricarea tabletelor Sisteme de transport industrial Linii de \u00eembuteliere Distribuitoare \u0218i multe altele... Oferim solu\u021bii inovatoare \u0219i personalizate pentru a optimiza procesele de produc\u021bie ale companiei dumneavoastr\u0103.","email":"Admistracion@distribucionarc.com","telephone":"+34 643496664","legalName":"ARC TECH SOLUTIONS","foundingDate":"2024-04-09","vatID":"B55480172","numberOfEmployees":{"@type":"QuantitativeValue","minValue":"1","maxValue":"10"}}]}},"_links":{"self":[{"href":"https:\/\/distribucionarc.com\/ro\/wp-json\/wp\/v2\/product\/2108","targetHints":{"allow":["GET"]}}],"collection":[{"href":"https:\/\/distribucionarc.com\/ro\/wp-json\/wp\/v2\/product"}],"about":[{"href":"https:\/\/distribucionarc.com\/ro\/wp-json\/wp\/v2\/types\/product"}],"replies":[{"embeddable":true,"href":"https:\/\/distribucionarc.com\/ro\/wp-json\/wp\/v2\/comments?post=2108"}],"version-history":[{"count":0,"href":"https:\/\/distribucionarc.com\/ro\/wp-json\/wp\/v2\/product\/2108\/revisions"}],"wp:featuredmedia":[{"embeddable":true,"href":"https:\/\/distribucionarc.com\/ro\/wp-json\/wp\/v2\/media\/2109"}],"wp:attachment":[{"href":"https:\/\/distribucionarc.com\/ro\/wp-json\/wp\/v2\/media?parent=2108"}],"wp:term":[{"taxonomy":"product_brand","embeddable":true,"href":"https:\/\/distribucionarc.com\/ro\/wp-json\/wp\/v2\/product_brand?post=2108"},{"taxonomy":"product_cat","embeddable":true,"href":"https:\/\/distribucionarc.com\/ro\/wp-json\/wp\/v2\/product_cat?post=2108"},{"taxonomy":"product_tag","embeddable":true,"href":"https:\/\/distribucionarc.com\/ro\/wp-json\/wp\/v2\/product_tag?post=2108"}],"curies":[{"name":"wp","href":"https:\/\/api.w.org\/{rel}","templated":true}]}}