{"id":2122,"date":"2020-08-10T11:16:29","date_gmt":"2020-08-10T11:16:29","guid":{"rendered":"https:\/\/distribucionarc.com\/?post_type=product&#038;p=2122"},"modified":"2020-10-27T09:32:29","modified_gmt":"2020-10-27T09:32:29","slug":"presa-surub-extractor-suc-storcator-fructe-12-l","status":"publish","type":"product","link":"https:\/\/distribucionarc.com\/ro\/producto\/prensa-de-tornillo-extractor-de-zumo-exprimidor-de-frutas-12-l\/","title":{"rendered":"Pres\u0103 cu \u0219urub, extractor de suc, storcator de fructe 12 L"},"content":{"rendered":"<h3>Pres\u0103 cu \u0219urub, extractor de suc, storcator de fructe 12 L<\/h3>\n<p>Ap\u0103sarea cu\u00a0<strong>storcator de fructe\u00a0<span style=\"color: #ff0000;\">LA<\/span><span style=\"color: #0000ff;\">R<\/span>c<\/strong>\u00a0Va fi rapid si usor, in functie de macerat (fructe foarte tocate). Fiecare tip de fruct necesit\u0103 propriul tip de preparat.<\/p>\n<p>Cantitatea de suc obtinuta depinde, desigur, de continutul de apa al fructului si nu de efortul operatorului. Dac\u0103 fructul este bine preg\u0103tit, poate fi presat u\u0219or cu o singur\u0103 m\u00e2n\u0103.<\/p>\n<p>Nu pute\u021bi presa fructe \u00eentregi, t\u0103iate \u00een jum\u0103tate \u0219i sferturi. Presele cu \u0219urub nu sunt concepute pentru asta, se recomand\u0103 s\u0103 zdrobi\u021bi bine fructele pentru cele mai bune rezultate.<\/p>\n<p>The\u00a0<strong>presator de vin <span style=\"color: #ff0000;\">LA<\/span><span style=\"color: #0000ff;\">R<\/span>CPTEF12<\/strong>\u00a0Are un arbore rotativ cu un mecanism de imprimare rotativ. Acest <strong>\u0219urubul rotativ permite o presare u\u0219oar\u0103<\/strong> materialul din cos, p\u00e2lnie de colectare robust\u0103 din inox, cel <strong>baril<\/strong>\u00a0f\u0103cut din\u00a0<strong>tulpin\u0103 robust\u0103 de fag<\/strong>\u00a0Acesta p\u0103streaz\u0103 mai bine aroma \u0219i \u00eei va oferi stabilitate \u00een timpul procesului.<\/p>\n<h6><strong>garan\u021bie\u00a0<\/strong><span style=\"color: #ff0000;\"><strong>LA<\/strong><\/span><span style=\"color: #0000ff;\"><strong>R<\/strong><\/span><strong>C 2 ANI<\/strong><\/h6>\n<h6><strong>suport tehnic inclus<\/strong><\/h6>\n<p>&nbsp;<\/p>\n<table width=\"100%\">\n<tbody>\n<tr>\n<td>Tip:<\/td>\n<td width=\"50%\">Manual<\/td>\n<td colspan=\"2\" width=\"327\"><\/td>\n<\/tr>\n<tr>\n<td>\u021aara de distribu\u021bie:<\/td>\n<td width=\"50%\">Spania, Germania, SUA<\/td>\n<td>Greutate:<\/td>\n<td width=\"50%\">16 kg<\/td>\n<\/tr>\n<tr>\n<td>Marca:<\/td>\n<td width=\"50%\">ARC<\/td>\n<td>\u00cen\u0103l\u0163ime:<\/td>\n<td width=\"50%\">64 cm<\/td>\n<\/tr>\n<tr>\n<td>Culoare:<\/td>\n<td width=\"50%\">Argint<\/td>\n<td>Lung:<\/td>\n<td width=\"50%\">\u00a036 cm<\/td>\n<\/tr>\n<tr>\n<td>Tip produs:<\/td>\n<td width=\"50%\">storcator de fructe, presa de vin<\/td>\n<td>Larg:<\/td>\n<td width=\"50%\">45 cm<\/td>\n<\/tr>\n<tr>\n<td>Numar producator:<\/td>\n<td width=\"50%\">ARCPTEF12<\/td>\n<td>Productie:<\/td>\n<td width=\"50%\">12L<\/td>\n<\/tr>\n<tr>\n<td>Material:<\/td>\n<td width=\"50%\">lemn de fag, o\u021bel inoxidabil alimentar, o\u021bel<\/td>\n<td>Dimensiunea co\u0219ului:<\/td>\n<td width=\"50%\">29x26cm<\/td>\n<\/tr>\n<tr>\n<td>Dimensiuni butoi:<\/td>\n<td width=\"50%\">29 cm diametru<\/td>\n<td>Echipament:<\/td>\n<td width=\"50%\">P\u00e2nz\u0103 de presare inclus\u0103<\/td>\n<\/tr>\n<tr>\n<td>\u00cen\u0103l\u021bimea butoiului:<\/td>\n<td width=\"50%\">26 cm<\/td>\n<td>Garantie:<\/td>\n<td width=\"50%\">2 ANI<\/td>\n<\/tr>\n<\/tbody>\n<\/table>","protected":false},"excerpt":{"rendered":"<h2>Pres\u0103 cu \u0219urub, extractor de suc, storcator de fructe 12 L<\/h2>\n<p>El<strong>\u00a0extractor de fructe de p\u0103dure\u00a0<span style=\"color: #ff0000;\">LA<\/span><span style=\"color: #0000ff;\">R<\/span>c<\/strong>\u00a0Este robust cu a\u00a0<strong>randament mare de suc<\/strong>; Ea exercit\u0103 presiune mare datorit\u0103 construc\u021biei arborelui metalic. Spre deosebire de presele de la al\u021bi furnizori, butoiul de pres\u0103 este\u00a0<strong>din lemn robust de fag\u00a0<\/strong>pentru<strong>\u00a0p\u0103streaz\u0103 mai bine aroma<\/strong>. The<strong>\u00a0abilitate\u00a0<\/strong>co\u0219ul maxim este<strong> 30 litri.<br \/>\n<\/strong><\/p>\n<h6><strong>garan\u021bie\u00a0<\/strong><span style=\"color: #ff0000;\"><strong>LA<\/strong><\/span><span style=\"color: #0000ff;\"><strong>R<\/strong><\/span><strong>C 2 ANI<\/strong><\/h6>\n<h6><strong>suport tehnic inclus<\/strong><\/h6>","protected":false},"featured_media":2123,"comment_status":"open","ping_status":"closed","template":"","meta":{"wds_primary_product_brand":0,"wds_primary_product_cat":0},"product_brand":[],"product_cat":[30,65,67],"product_tag":[],"class_list":{"0":"post-2122","1":"product","2":"type-product","3":"status-publish","4":"has-post-thumbnail","6":"product_cat-maquinaria-apicola","7":"product_cat-maquinaria-industrial-para-procesar-fruta-verdura-panales","8":"product_cat-prensas-de-frutas-trituradoras","9":"product_shipping_class-hosteleria","11":"first","12":"instock","13":"sale","14":"taxable","15":"shipping-taxable","16":"purchasable","17":"product-type-simple"},"yoast_head":"<!-- This site is optimized with the Yoast SEO Premium plugin v24.9 (Yoast SEO v26.1) - https:\/\/yoast.com\/wordpress\/plugins\/seo\/ -->\n<title>Prensa de tornillo, extractor de zumo, exprimidor de frutas 12 L - distribuci\u00f3n ARC<\/title>\n<meta name=\"robots\" content=\"index, follow, max-snippet:-1, max-image-preview:large, max-video-preview:-1\" \/>\n<link rel=\"canonical\" href=\"https:\/\/www.distribucionarc.com\/ar\/producto\/prensa-de-tornillo-extractor-de-zumo-exprimidor-de-frutas-12-l\/\" \/>\n<meta property=\"og:locale\" content=\"ro_RO\" \/>\n<meta property=\"og:type\" content=\"article\" \/>\n<meta property=\"og:title\" content=\"Prensa de tornillo, extractor de zumo, exprimidor de frutas 12 L\" \/>\n<meta property=\"og:description\" content=\"Prensa de tornillo, extractor de zumo, exprimidor de frutas 12 L El\u00a0extractor de bayas\u00a0ARC\u00a0es robusto con un\u00a0alto rendimiento de zumo; ejerce una alta presi\u00f3n debido a la construcci\u00f3n del eje de metal.\u00a0A diferencia de las prensas de otros proveedores, el\u00a0barril de\u00a0la\u00a0prensa est\u00e1\u00a0hecho de madera de haya robusta\u00a0para\u00a0conservar mejor el sabor. La\u00a0capacidad\u00a0m\u00e1xima\u00a0de la cesta es de 30 litros.  Garant\u00eda\u00a0ARC 2 A\u00d1OS soporte t\u00e9cnico\u00a0incluido\" \/>\n<meta property=\"og:url\" content=\"https:\/\/www.distribucionarc.com\/ar\/producto\/prensa-de-tornillo-extractor-de-zumo-exprimidor-de-frutas-12-l\/\" \/>\n<meta property=\"og:site_name\" content=\"distribuci\u00f3n ARC\" \/>\n<meta property=\"article:modified_time\" content=\"2020-10-27T09:32:29+00:00\" \/>\n<meta property=\"og:image\" content=\"https:\/\/www.distribucionarc.com\/wp-content\/uploads\/2020\/08\/Prensa-de-tornillo-extractor-de-zumo-exprimidor-de-frutas-12L-0.jpg\" \/>\n\t<meta property=\"og:image:width\" content=\"1000\" \/>\n\t<meta property=\"og:image:height\" content=\"1000\" \/>\n\t<meta property=\"og:image:type\" content=\"image\/jpeg\" \/>\n<meta name=\"twitter:card\" content=\"summary_large_image\" \/>\n<meta name=\"twitter:label1\" content=\"Timp estimat pentru citire\" \/>\n\t<meta name=\"twitter:data1\" content=\"1 minut\" \/>\n<script type=\"application\/ld+json\" class=\"yoast-schema-graph\">{\"@context\":\"https:\/\/schema.org\",\"@graph\":[{\"@type\":\"WebPage\",\"@id\":\"https:\/\/www.distribucionarc.com\/ar\/producto\/prensa-de-tornillo-extractor-de-zumo-exprimidor-de-frutas-12-l\/\",\"url\":\"https:\/\/www.distribucionarc.com\/ar\/producto\/prensa-de-tornillo-extractor-de-zumo-exprimidor-de-frutas-12-l\/\",\"name\":\"Prensa de tornillo, extractor de zumo, exprimidor de frutas 12 L - distribuci\u00f3n ARC\",\"isPartOf\":{\"@id\":\"https:\/\/distribucionarc.com\/de\/#website\"},\"primaryImageOfPage\":{\"@id\":\"https:\/\/www.distribucionarc.com\/ar\/producto\/prensa-de-tornillo-extractor-de-zumo-exprimidor-de-frutas-12-l\/#primaryimage\"},\"image\":{\"@id\":\"https:\/\/www.distribucionarc.com\/ar\/producto\/prensa-de-tornillo-extractor-de-zumo-exprimidor-de-frutas-12-l\/#primaryimage\"},\"thumbnailUrl\":\"https:\/\/distribucionarc.com\/wp-content\/uploads\/2020\/08\/Prensa-de-tornillo-extractor-de-zumo-exprimidor-de-frutas-12L-0.jpg\",\"datePublished\":\"2020-08-10T11:16:29+00:00\",\"dateModified\":\"2020-10-27T09:32:29+00:00\",\"breadcrumb\":{\"@id\":\"https:\/\/www.distribucionarc.com\/ar\/producto\/prensa-de-tornillo-extractor-de-zumo-exprimidor-de-frutas-12-l\/#breadcrumb\"},\"inLanguage\":\"ro-RO\",\"potentialAction\":[{\"@type\":\"ReadAction\",\"target\":[\"https:\/\/www.distribucionarc.com\/ar\/producto\/prensa-de-tornillo-extractor-de-zumo-exprimidor-de-frutas-12-l\/\"]}]},{\"@type\":\"ImageObject\",\"inLanguage\":\"ro-RO\",\"@id\":\"https:\/\/www.distribucionarc.com\/ar\/producto\/prensa-de-tornillo-extractor-de-zumo-exprimidor-de-frutas-12-l\/#primaryimage\",\"url\":\"https:\/\/distribucionarc.com\/wp-content\/uploads\/2020\/08\/Prensa-de-tornillo-extractor-de-zumo-exprimidor-de-frutas-12L-0.jpg\",\"contentUrl\":\"https:\/\/distribucionarc.com\/wp-content\/uploads\/2020\/08\/Prensa-de-tornillo-extractor-de-zumo-exprimidor-de-frutas-12L-0.jpg\",\"width\":1000,\"height\":1000,\"caption\":\"Prensa de tornillo extractor de zumo exprimidor de frutas 12 L\"},{\"@type\":\"BreadcrumbList\",\"@id\":\"https:\/\/www.distribucionarc.com\/ar\/producto\/prensa-de-tornillo-extractor-de-zumo-exprimidor-de-frutas-12-l\/#breadcrumb\",\"itemListElement\":[{\"@type\":\"ListItem\",\"position\":1,\"name\":\"Portada\",\"item\":\"https:\/\/distribucionarc.com\/pl\/\"},{\"@type\":\"ListItem\",\"position\":2,\"name\":\"Produkty\",\"item\":\"https:\/\/distribucionarc.com\/pl\/shop\/\"},{\"@type\":\"ListItem\",\"position\":3,\"name\":\"Prensa de tornillo, extractor de zumo, exprimidor de frutas 12 L\"}]},{\"@type\":\"WebSite\",\"@id\":\"https:\/\/distribucionarc.com\/de\/#website\",\"url\":\"https:\/\/distribucionarc.com\/de\/\",\"name\":\"distribuci\u00f3n ARC\",\"description\":\"Empresa especializada en la fabricaci\u00f3n y distribuci\u00f3n de maquinaria industrial, selladoras de latas, Maquinas de hacer pastillas, Maquinas de cortar carne...\",\"publisher\":{\"@id\":\"https:\/\/distribucionarc.com\/de\/#organization\"},\"potentialAction\":[{\"@type\":\"SearchAction\",\"target\":{\"@type\":\"EntryPoint\",\"urlTemplate\":\"https:\/\/distribucionarc.com\/de\/?s={search_term_string}\"},\"query-input\":{\"@type\":\"PropertyValueSpecification\",\"valueRequired\":true,\"valueName\":\"search_term_string\"}}],\"inLanguage\":\"ro-RO\"},{\"@type\":\"Organization\",\"@id\":\"https:\/\/distribucionarc.com\/de\/#organization\",\"name\":\"Distribuci\u00f3n ARC\",\"url\":\"https:\/\/distribucionarc.com\/de\/\",\"logo\":{\"@type\":\"ImageObject\",\"inLanguage\":\"ro-RO\",\"@id\":\"https:\/\/distribucionarc.com\/de\/#\/schema\/logo\/image\/\",\"url\":\"https:\/\/distribucionarc.com\/wp-content\/uploads\/2024\/10\/distribucion-ARC-COLOR-SIN-FONDO-e1732295305345.png\",\"contentUrl\":\"https:\/\/distribucionarc.com\/wp-content\/uploads\/2024\/10\/distribucion-ARC-COLOR-SIN-FONDO-e1732295305345.png\",\"width\":1164,\"height\":558,\"caption\":\"Distribuci\u00f3n ARC\"},\"image\":{\"@id\":\"https:\/\/distribucionarc.com\/de\/#\/schema\/logo\/image\/\"},\"description\":\"Empresa especializada en la fabricaci\u00f3n y distribuci\u00f3n de maquinaria industrial para los sectores alimentario y farmac\u00e9utico. Nos especializamos en: M\u00e1quinas de cortar carne Fabricaci\u00f3n de comprimidos Sistemas de transporte industrial L\u00edneas de embotellado Dosificadores Y mucho m\u00e1s... Ofrecemos soluciones innovadoras y personalizadas para optimizar los procesos productivos de tu empresa.\",\"email\":\"Admistracion@distribucionarc.com\",\"telephone\":\"+34 643496664\",\"legalName\":\"ARC TECH SOLUTIONS\",\"foundingDate\":\"2024-04-09\",\"vatID\":\"B55480172\",\"numberOfEmployees\":{\"@type\":\"QuantitativeValue\",\"minValue\":\"1\",\"maxValue\":\"10\"}}]}<\/script>\n<!-- \/ Yoast SEO Premium plugin. -->","yoast_head_json":{"title":"Presa cu surub, extractor de suc, storcator fructe 12 L - distributie ARC","robots":{"index":"index","follow":"follow","max-snippet":"max-snippet:-1","max-image-preview":"max-image-preview:large","max-video-preview":"max-video-preview:-1"},"canonical":"https:\/\/www.distribucionarc.com\/ar\/producto\/prensa-de-tornillo-extractor-de-zumo-exprimidor-de-frutas-12-l\/","og_locale":"ro_RO","og_type":"article","og_title":"Prensa de tornillo, extractor de zumo, exprimidor de frutas 12 L","og_description":"Prensa de tornillo, extractor de zumo, exprimidor de frutas 12 L El\u00a0extractor de bayas\u00a0ARC\u00a0es robusto con un\u00a0alto rendimiento de zumo; ejerce una alta presi\u00f3n debido a la construcci\u00f3n del eje de metal.\u00a0A diferencia de las prensas de otros proveedores, el\u00a0barril de\u00a0la\u00a0prensa est\u00e1\u00a0hecho de madera de haya robusta\u00a0para\u00a0conservar mejor el sabor. La\u00a0capacidad\u00a0m\u00e1xima\u00a0de la cesta es de 30 litros.  Garant\u00eda\u00a0ARC 2 A\u00d1OS soporte t\u00e9cnico\u00a0incluido","og_url":"https:\/\/www.distribucionarc.com\/ar\/producto\/prensa-de-tornillo-extractor-de-zumo-exprimidor-de-frutas-12-l\/","og_site_name":"distribuci\u00f3n ARC","article_modified_time":"2020-10-27T09:32:29+00:00","og_image":[{"width":1000,"height":1000,"url":"https:\/\/www.distribucionarc.com\/wp-content\/uploads\/2020\/08\/Prensa-de-tornillo-extractor-de-zumo-exprimidor-de-frutas-12L-0.jpg","type":"image\/jpeg"}],"twitter_card":"summary_large_image","twitter_misc":{"Timp estimat pentru citire":"1 minut"},"schema":{"@context":"https:\/\/schema.org","@graph":[{"@type":"WebPage","@id":"https:\/\/www.distribucionarc.com\/ar\/producto\/prensa-de-tornillo-extractor-de-zumo-exprimidor-de-frutas-12-l\/","url":"https:\/\/www.distribucionarc.com\/ar\/producto\/prensa-de-tornillo-extractor-de-zumo-exprimidor-de-frutas-12-l\/","name":"Presa cu surub, extractor de suc, storcator fructe 12 L - distributie ARC","isPartOf":{"@id":"https:\/\/distribucionarc.com\/de\/#website"},"primaryImageOfPage":{"@id":"https:\/\/www.distribucionarc.com\/ar\/producto\/prensa-de-tornillo-extractor-de-zumo-exprimidor-de-frutas-12-l\/#primaryimage"},"image":{"@id":"https:\/\/www.distribucionarc.com\/ar\/producto\/prensa-de-tornillo-extractor-de-zumo-exprimidor-de-frutas-12-l\/#primaryimage"},"thumbnailUrl":"https:\/\/distribucionarc.com\/wp-content\/uploads\/2020\/08\/Prensa-de-tornillo-extractor-de-zumo-exprimidor-de-frutas-12L-0.jpg","datePublished":"2020-08-10T11:16:29+00:00","dateModified":"2020-10-27T09:32:29+00:00","breadcrumb":{"@id":"https:\/\/www.distribucionarc.com\/ar\/producto\/prensa-de-tornillo-extractor-de-zumo-exprimidor-de-frutas-12-l\/#breadcrumb"},"inLanguage":"ro-RO","potentialAction":[{"@type":"ReadAction","target":["https:\/\/www.distribucionarc.com\/ar\/producto\/prensa-de-tornillo-extractor-de-zumo-exprimidor-de-frutas-12-l\/"]}]},{"@type":"ImageObject","inLanguage":"ro-RO","@id":"https:\/\/www.distribucionarc.com\/ar\/producto\/prensa-de-tornillo-extractor-de-zumo-exprimidor-de-frutas-12-l\/#primaryimage","url":"https:\/\/distribucionarc.com\/wp-content\/uploads\/2020\/08\/Prensa-de-tornillo-extractor-de-zumo-exprimidor-de-frutas-12L-0.jpg","contentUrl":"https:\/\/distribucionarc.com\/wp-content\/uploads\/2020\/08\/Prensa-de-tornillo-extractor-de-zumo-exprimidor-de-frutas-12L-0.jpg","width":1000,"height":1000,"caption":"Prensa de tornillo extractor de zumo exprimidor de frutas 12 L"},{"@type":"BreadcrumbList","@id":"https:\/\/www.distribucionarc.com\/ar\/producto\/prensa-de-tornillo-extractor-de-zumo-exprimidor-de-frutas-12-l\/#breadcrumb","itemListElement":[{"@type":"ListItem","position":1,"name":"Portada","item":"https:\/\/distribucionarc.com\/pl\/"},{"@type":"ListItem","position":2,"name":"Produkty","item":"https:\/\/distribucionarc.com\/pl\/shop\/"},{"@type":"ListItem","position":3,"name":"Prensa de tornillo, extractor de zumo, exprimidor de frutas 12 L"}]},{"@type":"WebSite","@id":"https:\/\/distribucionarc.com\/de\/#website","url":"https:\/\/distribucionarc.com\/de\/","name":"Distribu\u021bie ARC","description":"Companie specializat\u0103 \u00een fabricarea \u0219i distribu\u021bia de utilaje industriale, ma\u0219ini de sigilat cutii, ma\u0219ini de fabricat tablete, ma\u0219ini de t\u0103iat carne...","publisher":{"@id":"https:\/\/distribucionarc.com\/de\/#organization"},"potentialAction":[{"@type":"SearchAction","target":{"@type":"EntryPoint","urlTemplate":"https:\/\/distribucionarc.com\/de\/?s={search_term_string}"},"query-input":{"@type":"PropertyValueSpecification","valueRequired":true,"valueName":"search_term_string"}}],"inLanguage":"ro-RO"},{"@type":"Organization","@id":"https:\/\/distribucionarc.com\/de\/#organization","name":"Distribu\u021bie ARC","url":"https:\/\/distribucionarc.com\/de\/","logo":{"@type":"ImageObject","inLanguage":"ro-RO","@id":"https:\/\/distribucionarc.com\/de\/#\/schema\/logo\/image\/","url":"https:\/\/distribucionarc.com\/wp-content\/uploads\/2024\/10\/distribucion-ARC-COLOR-SIN-FONDO-e1732295305345.png","contentUrl":"https:\/\/distribucionarc.com\/wp-content\/uploads\/2024\/10\/distribucion-ARC-COLOR-SIN-FONDO-e1732295305345.png","width":1164,"height":558,"caption":"Distribuci\u00f3n ARC"},"image":{"@id":"https:\/\/distribucionarc.com\/de\/#\/schema\/logo\/image\/"},"description":"Companie specializat\u0103 \u00een fabricarea \u0219i distribu\u021bia de utilaje industriale pentru sectoarele alimentar \u0219i farmaceutic. Suntem specializa\u021bi \u00een: Ma\u0219ini de t\u0103iat carne Fabricarea tabletelor Sisteme de transport industrial Linii de \u00eembuteliere Distribuitoare \u0218i multe altele... Oferim solu\u021bii inovatoare \u0219i personalizate pentru a optimiza procesele de produc\u021bie ale companiei dumneavoastr\u0103.","email":"Admistracion@distribucionarc.com","telephone":"+34 643496664","legalName":"ARC TECH SOLUTIONS","foundingDate":"2024-04-09","vatID":"B55480172","numberOfEmployees":{"@type":"QuantitativeValue","minValue":"1","maxValue":"10"}}]}},"_links":{"self":[{"href":"https:\/\/distribucionarc.com\/ro\/wp-json\/wp\/v2\/product\/2122","targetHints":{"allow":["GET"]}}],"collection":[{"href":"https:\/\/distribucionarc.com\/ro\/wp-json\/wp\/v2\/product"}],"about":[{"href":"https:\/\/distribucionarc.com\/ro\/wp-json\/wp\/v2\/types\/product"}],"replies":[{"embeddable":true,"href":"https:\/\/distribucionarc.com\/ro\/wp-json\/wp\/v2\/comments?post=2122"}],"version-history":[{"count":0,"href":"https:\/\/distribucionarc.com\/ro\/wp-json\/wp\/v2\/product\/2122\/revisions"}],"wp:featuredmedia":[{"embeddable":true,"href":"https:\/\/distribucionarc.com\/ro\/wp-json\/wp\/v2\/media\/2123"}],"wp:attachment":[{"href":"https:\/\/distribucionarc.com\/ro\/wp-json\/wp\/v2\/media?parent=2122"}],"wp:term":[{"taxonomy":"product_brand","embeddable":true,"href":"https:\/\/distribucionarc.com\/ro\/wp-json\/wp\/v2\/product_brand?post=2122"},{"taxonomy":"product_cat","embeddable":true,"href":"https:\/\/distribucionarc.com\/ro\/wp-json\/wp\/v2\/product_cat?post=2122"},{"taxonomy":"product_tag","embeddable":true,"href":"https:\/\/distribucionarc.com\/ro\/wp-json\/wp\/v2\/product_tag?post=2122"}],"curies":[{"name":"wp","href":"https:\/\/api.w.org\/{rel}","templated":true}]}}