{"id":2202,"date":"2020-08-12T11:15:41","date_gmt":"2020-08-12T11:15:41","guid":{"rendered":"https:\/\/distribucionarc.com\/?post_type=product&#038;p=2202"},"modified":"2024-10-01T18:48:14","modified_gmt":"2024-10-01T18:48:14","slug":"rasnita-electrica-eficienta-concasor-fructe-sau-legume-1000-kg-h","status":"publish","type":"product","link":"https:\/\/distribucionarc.com\/ro\/producto\/molinillo-electrico-eficiente-trituradora-de-fruta-o-verdura-1000-kg-h\/","title":{"rendered":"Rasnita electrica eficienta, zdrobitor fructe sau legume 1000 kg\/h"},"content":{"rendered":"<h3>Rasnita electrica eficienta, zdrobitor fructe sau legume 1000 kg\/h<\/h3>\n<p>Cu\u00a0<strong>concasoare electrice<\/strong>\u00a0de\u00a0<strong><span style=\"color: #ff0000;\">LA<\/span><span style=\"color: #0000ff;\">R<\/span>c<\/strong>, fructele cu s\u00e2mburi sau semin\u021be pot fi prelucrate datorit\u0103 puterii lor<strong>\u00a0<span style=\"color: #008000;\">motor eficient<\/span><\/strong> \u0219i-a ascu\u021bit deja lamele. F\u0103r\u0103 a risca deteriorarea lamelor sau a func\u021bion\u0103rii r\u00e2\u0219ni\u021bei, r\u00e2\u0219ni\u021ba este, de asemenea, realizat\u0103 \u00een \u00eentregime din o\u021bel inoxidabil.<\/p>\n<p>Procesul este simplu, doar porni\u021bi\u00a0<strong>r\u00e2\u0219ni\u021b\u0103 de fructe\u00a0<span style=\"color: #ff0000;\">LA<\/span><span style=\"color: #0000ff;\">R<\/span>CMFE02<\/strong>\u00a0\u0219i introduce\u021bi fructele prin p\u00e2lnie. Motorul puternic de 1,5 CP \u0219i lamele ascu\u021bite din o\u021bel inoxidabil fac fructe cu 2800 de rota\u021bii pe minut \u00een cel mai scurt timp. Asta \u00eenseamn\u0103 c\u0103 po\u021bi<strong>\u00a0proceseaz\u0103 p\u00e2n\u0103 la 1000 kg de fructe pe or\u0103<\/strong>.<\/p>\n<p>Datorit\u0103 p\u00e2lniei foarte mari cu o dimensiune de 125 cm, fructele pot fi umplute cu u\u0219urin\u021b\u0103 \u0219i \u00een siguran\u021b\u0103. P\u00e2lnia poate fi \u00eendep\u0103rtat\u0103 \u00een doar c\u00e2\u021biva pa\u0219i \u0219i cur\u0103\u021bat\u0103 f\u0103r\u0103 probleme, iar lamele de t\u0103iere pot fi, de asemenea, \u00eendep\u0103rtate \u0219i cur\u0103\u021bate cu u\u0219urin\u021b\u0103.<\/p>\n<h6><strong>garan\u021bie\u00a0<span style=\"color: #ff0000;\">LA<\/span><span style=\"color: #0000ff;\">R<\/span>C 2 ANI<\/strong><\/h6>\n<h6><span style=\"color: #008000;\">Polizor electric eficient, consum redus 1000w<\/span><\/h6>\n<h6><strong>suport tehnic inclus<\/strong><\/h6>\n<p>&nbsp;<\/p>\n<table role=\"presentation\" width=\"100%\" cellspacing=\"0\" cellpadding=\"0\">\n<tbody>\n<tr>\n<td class=\"attrLabels\">Marca:<\/td>\n<td width=\"50.0%\">ARC<\/td>\n<\/tr>\n<tr>\n<td class=\"attrLabels\">\u021aara de distribu\u021bie:<\/td>\n<td width=\"50.0%\">Spania, Germania, SUA<\/td>\n<td class=\"attrLabels\">Greutate:<\/td>\n<td width=\"50.0%\">25 Kg<\/td>\n<\/tr>\n<tr>\n<td class=\"attrLabels\">Marca:<\/td>\n<td width=\"50.0%\">ARC<\/td>\n<td class=\"attrLabels\">\u00cen\u0103l\u0163ime:<\/td>\n<td width=\"50.0%\">128 cm<\/td>\n<\/tr>\n<tr>\n<td class=\"attrLabels\">Culoare:<\/td>\n<td width=\"50.0%\">Argint<\/td>\n<td class=\"attrLabels\">Lung:<\/td>\n<td width=\"50.0%\">40 cm<\/td>\n<\/tr>\n<tr>\n<td class=\"attrLabels\">Tip produs:<\/td>\n<td width=\"50.0%\">r\u00e2\u0219ni\u021b\u0103 electric\u0103<\/td>\n<td class=\"attrLabels\">Larg:<\/td>\n<td width=\"50.0%\">46 cm<\/td>\n<\/tr>\n<tr>\n<td class=\"attrLabels\">Numar producator:<\/td>\n<td width=\"50.0%\">ARCMFE02<\/td>\n<td class=\"attrLabels\">Putere:<\/td>\n<td width=\"50.0%\">1000W<\/td>\n<\/tr>\n<tr>\n<td class=\"attrLabels\">Material:<\/td>\n<td width=\"50.0%\">otel inoxidabil, motor eficient<\/td>\n<td class=\"attrLabels\">tensiune de intrare<\/td>\n<td width=\"50.0%\">230V \u2013 50Hz<\/td>\n<\/tr>\n<tr>\n<td class=\"attrLabels\">Garantie:<\/td>\n<td width=\"50.0%\">\u00a0 2 ani<\/td>\n<td class=\"attrLabels\">Urmarirea penala:<\/td>\n<td width=\"50.0%\">1000 kg pe or\u0103<\/td>\n<\/tr>\n<tr>\n<td class=\"attrLabels\">Dimensiunea p\u00e2lniei:<\/td>\n<td width=\"50.0%\">17 \u00d8 cm x 80 cm<\/td>\n<td class=\"attrLabels\">Puterea motorului:<\/td>\n<td width=\"50.0%\">1,5 CP<\/td>\n<\/tr>\n<\/tbody>\n<\/table>","protected":false},"excerpt":{"rendered":"<h2>Rasnita electrica eficienta, zdrobitor fructe sau legume 1000 kg\/h<\/h2>\n<p>Acest\u00a0<strong>r\u00e2\u0219ni\u021b\u0103 de fructe\u00a0<span style=\"color: #ff0000;\">LA<\/span><span style=\"color: #0000ff;\">R<\/span>c<\/strong>\u00a0Este instrumentul ideal. Cu el, pute\u021bi t\u0103ia cu u\u0219urin\u021b\u0103 o varietate de fructe tari sau chiar semin\u021be. Cel mai eficient mod de a face sucuri naturale, macerate sau piureuri de fructe. Datorit\u0103 puterii eficiente a motorului s\u0103u \u0219i a lamelor sale ascu\u021bite din o\u021bel inoxidabil, procesul de tocare va fi instantaneu.<\/p>\n<h6><strong>garan\u021bie\u00a0<span style=\"color: #ff0000;\">LA<\/span><span style=\"color: #0000ff;\">R<\/span>C 2 ANI<\/strong><\/h6>\n<h6><span style=\"color: #008000;\">Polizor electric eficient, consum redus 1000w<\/span><\/h6>\n<h6><strong>suport tehnic inclus<\/strong><\/h6>","protected":false},"featured_media":2203,"comment_status":"open","ping_status":"closed","template":"","meta":{"wds_primary_product_brand":0,"wds_primary_product_cat":0},"product_brand":[],"product_cat":[30,65,67,68],"product_tag":[],"class_list":{"0":"post-2202","1":"product","2":"type-product","3":"status-publish","4":"has-post-thumbnail","6":"product_cat-maquinaria-apicola","7":"product_cat-maquinaria-industrial-para-procesar-fruta-verdura-panales","8":"product_cat-prensas-de-frutas-trituradoras","9":"product_cat-trituradoras-picadoras-de-frutas-y-verduras","10":"product_shipping_class-express","12":"first","13":"instock","14":"taxable","15":"shipping-taxable","16":"purchasable","17":"product-type-simple"},"yoast_head":"<!-- This site is optimized with the Yoast SEO Premium plugin v24.9 (Yoast SEO v26.1) - https:\/\/yoast.com\/wordpress\/plugins\/seo\/ -->\n<title>Molinillo el\u00e9ctrico eficiente, trituradora de fruta o verdura 1000 kg\/h - distribuci\u00f3n ARC<\/title>\n<meta name=\"robots\" content=\"index, follow, max-snippet:-1, max-image-preview:large, max-video-preview:-1\" \/>\n<link rel=\"canonical\" href=\"https:\/\/www.distribucionarc.com\/ro\/producto\/molinillo-electrico-eficiente-trituradora-de-fruta-o-verdura-1000-kg-h\/\" \/>\n<meta property=\"og:locale\" content=\"ro_RO\" \/>\n<meta property=\"og:type\" content=\"article\" \/>\n<meta property=\"og:title\" content=\"Molinillo el\u00e9ctrico eficiente, trituradora de fruta o verdura 1000 kg\/h\" \/>\n<meta property=\"og:description\" content=\"Molinillo el\u00e9ctrico eficiente, trituradora de fruta o verdura 1000 kg\/h Este\u00a0molinillo de frutas\u00a0ARC\u00a0es la herramienta ideal. Con \u00e9l, puede picar f\u00e1cilmente variedad de frutas duras o incluso con semilla. La forma m\u00e1s eficaz de hacer zumos naturales, macerados o pur\u00e9s de frutas. Gracias a la potencia eficiente de su motor y sus aspas de acero inox afiladas el proceso de picado ser\u00e1 instant\u00e1neo. Garant\u00eda\u00a0ARC 2 A\u00d1OS Molinillo el\u00e9ctrico eficiente, bajo consumo 1000w soporte t\u00e9cnico incluido\" \/>\n<meta property=\"og:url\" content=\"https:\/\/www.distribucionarc.com\/ro\/producto\/molinillo-electrico-eficiente-trituradora-de-fruta-o-verdura-1000-kg-h\/\" \/>\n<meta property=\"og:site_name\" content=\"distribuci\u00f3n ARC\" \/>\n<meta property=\"article:modified_time\" content=\"2024-10-01T18:48:14+00:00\" \/>\n<meta property=\"og:image\" content=\"https:\/\/distribucionarc.com\/wp-content\/uploads\/2020\/08\/Molinillo-el\u00e9ctrico-eficiente-trituradora-de-fruta-o-verdura-1000-kg-h-0.jpg\" \/>\n\t<meta property=\"og:image:width\" content=\"1000\" \/>\n\t<meta property=\"og:image:height\" content=\"1000\" \/>\n\t<meta property=\"og:image:type\" content=\"image\/jpeg\" \/>\n<meta name=\"twitter:card\" content=\"summary_large_image\" \/>\n<meta name=\"twitter:label1\" content=\"Timp estimat pentru citire\" \/>\n\t<meta name=\"twitter:data1\" content=\"2 minute\" \/>\n<script type=\"application\/ld+json\" class=\"yoast-schema-graph\">{\"@context\":\"https:\/\/schema.org\",\"@graph\":[{\"@type\":\"WebPage\",\"@id\":\"https:\/\/www.distribucionarc.com\/ro\/producto\/molinillo-electrico-eficiente-trituradora-de-fruta-o-verdura-1000-kg-h\/\",\"url\":\"https:\/\/www.distribucionarc.com\/ro\/producto\/molinillo-electrico-eficiente-trituradora-de-fruta-o-verdura-1000-kg-h\/\",\"name\":\"Molinillo el\u00e9ctrico eficiente, trituradora de fruta o verdura 1000 kg\/h - distribuci\u00f3n ARC\",\"isPartOf\":{\"@id\":\"https:\/\/distribucionarc.com\/de\/#website\"},\"primaryImageOfPage\":{\"@id\":\"https:\/\/www.distribucionarc.com\/ro\/producto\/molinillo-electrico-eficiente-trituradora-de-fruta-o-verdura-1000-kg-h\/#primaryimage\"},\"image\":{\"@id\":\"https:\/\/www.distribucionarc.com\/ro\/producto\/molinillo-electrico-eficiente-trituradora-de-fruta-o-verdura-1000-kg-h\/#primaryimage\"},\"thumbnailUrl\":\"https:\/\/distribucionarc.com\/wp-content\/uploads\/2020\/08\/Molinillo-el\u00e9ctrico-eficiente-trituradora-de-fruta-o-verdura-1000-kg-h-0.jpg\",\"datePublished\":\"2020-08-12T11:15:41+00:00\",\"dateModified\":\"2024-10-01T18:48:14+00:00\",\"breadcrumb\":{\"@id\":\"https:\/\/www.distribucionarc.com\/ro\/producto\/molinillo-electrico-eficiente-trituradora-de-fruta-o-verdura-1000-kg-h\/#breadcrumb\"},\"inLanguage\":\"ro-RO\",\"potentialAction\":[{\"@type\":\"ReadAction\",\"target\":[\"https:\/\/www.distribucionarc.com\/ro\/producto\/molinillo-electrico-eficiente-trituradora-de-fruta-o-verdura-1000-kg-h\/\"]}]},{\"@type\":\"ImageObject\",\"inLanguage\":\"ro-RO\",\"@id\":\"https:\/\/www.distribucionarc.com\/ro\/producto\/molinillo-electrico-eficiente-trituradora-de-fruta-o-verdura-1000-kg-h\/#primaryimage\",\"url\":\"https:\/\/distribucionarc.com\/wp-content\/uploads\/2020\/08\/Molinillo-el\u00e9ctrico-eficiente-trituradora-de-fruta-o-verdura-1000-kg-h-0.jpg\",\"contentUrl\":\"https:\/\/distribucionarc.com\/wp-content\/uploads\/2020\/08\/Molinillo-el\u00e9ctrico-eficiente-trituradora-de-fruta-o-verdura-1000-kg-h-0.jpg\",\"width\":1000,\"height\":1000,\"caption\":\"Molinillo el\u00e9ctrico eficiente trituradora de fruta o verdura 1000 kg\/h\"},{\"@type\":\"BreadcrumbList\",\"@id\":\"https:\/\/www.distribucionarc.com\/ro\/producto\/molinillo-electrico-eficiente-trituradora-de-fruta-o-verdura-1000-kg-h\/#breadcrumb\",\"itemListElement\":[{\"@type\":\"ListItem\",\"position\":1,\"name\":\"Portada\",\"item\":\"https:\/\/distribucionarc.com\/pl\/\"},{\"@type\":\"ListItem\",\"position\":2,\"name\":\"Produkty\",\"item\":\"https:\/\/distribucionarc.com\/pl\/shop\/\"},{\"@type\":\"ListItem\",\"position\":3,\"name\":\"Molinillo el\u00e9ctrico eficiente, trituradora de fruta o verdura 1000 kg\/h\"}]},{\"@type\":\"WebSite\",\"@id\":\"https:\/\/distribucionarc.com\/de\/#website\",\"url\":\"https:\/\/distribucionarc.com\/de\/\",\"name\":\"distribuci\u00f3n ARC\",\"description\":\"Empresa especializada en la fabricaci\u00f3n y distribuci\u00f3n de maquinaria industrial, selladoras de latas, Maquinas de hacer pastillas, Maquinas de cortar carne...\",\"publisher\":{\"@id\":\"https:\/\/distribucionarc.com\/de\/#organization\"},\"potentialAction\":[{\"@type\":\"SearchAction\",\"target\":{\"@type\":\"EntryPoint\",\"urlTemplate\":\"https:\/\/distribucionarc.com\/de\/?s={search_term_string}\"},\"query-input\":{\"@type\":\"PropertyValueSpecification\",\"valueRequired\":true,\"valueName\":\"search_term_string\"}}],\"inLanguage\":\"ro-RO\"},{\"@type\":\"Organization\",\"@id\":\"https:\/\/distribucionarc.com\/de\/#organization\",\"name\":\"Distribuci\u00f3n ARC\",\"url\":\"https:\/\/distribucionarc.com\/de\/\",\"logo\":{\"@type\":\"ImageObject\",\"inLanguage\":\"ro-RO\",\"@id\":\"https:\/\/distribucionarc.com\/de\/#\/schema\/logo\/image\/\",\"url\":\"https:\/\/distribucionarc.com\/wp-content\/uploads\/2024\/10\/distribucion-ARC-COLOR-SIN-FONDO-e1732295305345.png\",\"contentUrl\":\"https:\/\/distribucionarc.com\/wp-content\/uploads\/2024\/10\/distribucion-ARC-COLOR-SIN-FONDO-e1732295305345.png\",\"width\":1164,\"height\":558,\"caption\":\"Distribuci\u00f3n ARC\"},\"image\":{\"@id\":\"https:\/\/distribucionarc.com\/de\/#\/schema\/logo\/image\/\"},\"description\":\"Empresa especializada en la fabricaci\u00f3n y distribuci\u00f3n de maquinaria industrial para los sectores alimentario y farmac\u00e9utico. Nos especializamos en: M\u00e1quinas de cortar carne Fabricaci\u00f3n de comprimidos Sistemas de transporte industrial L\u00edneas de embotellado Dosificadores Y mucho m\u00e1s... Ofrecemos soluciones innovadoras y personalizadas para optimizar los procesos productivos de tu empresa.\",\"email\":\"Admistracion@distribucionarc.com\",\"telephone\":\"+34 643496664\",\"legalName\":\"ARC TECH SOLUTIONS\",\"foundingDate\":\"2024-04-09\",\"vatID\":\"B55480172\",\"numberOfEmployees\":{\"@type\":\"QuantitativeValue\",\"minValue\":\"1\",\"maxValue\":\"10\"}}]}<\/script>\n<!-- \/ Yoast SEO Premium plugin. -->","yoast_head_json":{"title":"Rasnita electrica eficienta, concasor fructe sau legume 1000 kg\/h - distributie ARC","robots":{"index":"index","follow":"follow","max-snippet":"max-snippet:-1","max-image-preview":"max-image-preview:large","max-video-preview":"max-video-preview:-1"},"canonical":"https:\/\/www.distribucionarc.com\/ro\/producto\/molinillo-electrico-eficiente-trituradora-de-fruta-o-verdura-1000-kg-h\/","og_locale":"ro_RO","og_type":"article","og_title":"Molinillo el\u00e9ctrico eficiente, trituradora de fruta o verdura 1000 kg\/h","og_description":"Molinillo el\u00e9ctrico eficiente, trituradora de fruta o verdura 1000 kg\/h Este\u00a0molinillo de frutas\u00a0ARC\u00a0es la herramienta ideal. Con \u00e9l, puede picar f\u00e1cilmente variedad de frutas duras o incluso con semilla. La forma m\u00e1s eficaz de hacer zumos naturales, macerados o pur\u00e9s de frutas. Gracias a la potencia eficiente de su motor y sus aspas de acero inox afiladas el proceso de picado ser\u00e1 instant\u00e1neo. Garant\u00eda\u00a0ARC 2 A\u00d1OS Molinillo el\u00e9ctrico eficiente, bajo consumo 1000w soporte t\u00e9cnico incluido","og_url":"https:\/\/www.distribucionarc.com\/ro\/producto\/molinillo-electrico-eficiente-trituradora-de-fruta-o-verdura-1000-kg-h\/","og_site_name":"distribuci\u00f3n ARC","article_modified_time":"2024-10-01T18:48:14+00:00","og_image":[{"width":1000,"height":1000,"url":"https:\/\/distribucionarc.com\/wp-content\/uploads\/2020\/08\/Molinillo-el\u00e9ctrico-eficiente-trituradora-de-fruta-o-verdura-1000-kg-h-0.jpg","type":"image\/jpeg"}],"twitter_card":"summary_large_image","twitter_misc":{"Timp estimat pentru citire":"2 minute"},"schema":{"@context":"https:\/\/schema.org","@graph":[{"@type":"WebPage","@id":"https:\/\/www.distribucionarc.com\/ro\/producto\/molinillo-electrico-eficiente-trituradora-de-fruta-o-verdura-1000-kg-h\/","url":"https:\/\/www.distribucionarc.com\/ro\/producto\/molinillo-electrico-eficiente-trituradora-de-fruta-o-verdura-1000-kg-h\/","name":"Rasnita electrica eficienta, concasor fructe sau legume 1000 kg\/h - distributie ARC","isPartOf":{"@id":"https:\/\/distribucionarc.com\/de\/#website"},"primaryImageOfPage":{"@id":"https:\/\/www.distribucionarc.com\/ro\/producto\/molinillo-electrico-eficiente-trituradora-de-fruta-o-verdura-1000-kg-h\/#primaryimage"},"image":{"@id":"https:\/\/www.distribucionarc.com\/ro\/producto\/molinillo-electrico-eficiente-trituradora-de-fruta-o-verdura-1000-kg-h\/#primaryimage"},"thumbnailUrl":"https:\/\/distribucionarc.com\/wp-content\/uploads\/2020\/08\/Molinillo-el\u00e9ctrico-eficiente-trituradora-de-fruta-o-verdura-1000-kg-h-0.jpg","datePublished":"2020-08-12T11:15:41+00:00","dateModified":"2024-10-01T18:48:14+00:00","breadcrumb":{"@id":"https:\/\/www.distribucionarc.com\/ro\/producto\/molinillo-electrico-eficiente-trituradora-de-fruta-o-verdura-1000-kg-h\/#breadcrumb"},"inLanguage":"ro-RO","potentialAction":[{"@type":"ReadAction","target":["https:\/\/www.distribucionarc.com\/ro\/producto\/molinillo-electrico-eficiente-trituradora-de-fruta-o-verdura-1000-kg-h\/"]}]},{"@type":"ImageObject","inLanguage":"ro-RO","@id":"https:\/\/www.distribucionarc.com\/ro\/producto\/molinillo-electrico-eficiente-trituradora-de-fruta-o-verdura-1000-kg-h\/#primaryimage","url":"https:\/\/distribucionarc.com\/wp-content\/uploads\/2020\/08\/Molinillo-el\u00e9ctrico-eficiente-trituradora-de-fruta-o-verdura-1000-kg-h-0.jpg","contentUrl":"https:\/\/distribucionarc.com\/wp-content\/uploads\/2020\/08\/Molinillo-el\u00e9ctrico-eficiente-trituradora-de-fruta-o-verdura-1000-kg-h-0.jpg","width":1000,"height":1000,"caption":"Molinillo el\u00e9ctrico eficiente trituradora de fruta o verdura 1000 kg\/h"},{"@type":"BreadcrumbList","@id":"https:\/\/www.distribucionarc.com\/ro\/producto\/molinillo-electrico-eficiente-trituradora-de-fruta-o-verdura-1000-kg-h\/#breadcrumb","itemListElement":[{"@type":"ListItem","position":1,"name":"Portada","item":"https:\/\/distribucionarc.com\/pl\/"},{"@type":"ListItem","position":2,"name":"Produkty","item":"https:\/\/distribucionarc.com\/pl\/shop\/"},{"@type":"ListItem","position":3,"name":"Molinillo el\u00e9ctrico eficiente, trituradora de fruta o verdura 1000 kg\/h"}]},{"@type":"WebSite","@id":"https:\/\/distribucionarc.com\/de\/#website","url":"https:\/\/distribucionarc.com\/de\/","name":"Distribu\u021bie ARC","description":"Companie specializat\u0103 \u00een fabricarea \u0219i distribu\u021bia de utilaje industriale, ma\u0219ini de sigilat cutii, ma\u0219ini de fabricat tablete, ma\u0219ini de t\u0103iat carne...","publisher":{"@id":"https:\/\/distribucionarc.com\/de\/#organization"},"potentialAction":[{"@type":"SearchAction","target":{"@type":"EntryPoint","urlTemplate":"https:\/\/distribucionarc.com\/de\/?s={search_term_string}"},"query-input":{"@type":"PropertyValueSpecification","valueRequired":true,"valueName":"search_term_string"}}],"inLanguage":"ro-RO"},{"@type":"Organization","@id":"https:\/\/distribucionarc.com\/de\/#organization","name":"Distribu\u021bie ARC","url":"https:\/\/distribucionarc.com\/de\/","logo":{"@type":"ImageObject","inLanguage":"ro-RO","@id":"https:\/\/distribucionarc.com\/de\/#\/schema\/logo\/image\/","url":"https:\/\/distribucionarc.com\/wp-content\/uploads\/2024\/10\/distribucion-ARC-COLOR-SIN-FONDO-e1732295305345.png","contentUrl":"https:\/\/distribucionarc.com\/wp-content\/uploads\/2024\/10\/distribucion-ARC-COLOR-SIN-FONDO-e1732295305345.png","width":1164,"height":558,"caption":"Distribuci\u00f3n ARC"},"image":{"@id":"https:\/\/distribucionarc.com\/de\/#\/schema\/logo\/image\/"},"description":"Companie specializat\u0103 \u00een fabricarea \u0219i distribu\u021bia de utilaje industriale pentru sectoarele alimentar \u0219i farmaceutic. Suntem specializa\u021bi \u00een: Ma\u0219ini de t\u0103iat carne Fabricarea tabletelor Sisteme de transport industrial Linii de \u00eembuteliere Distribuitoare \u0218i multe altele... Oferim solu\u021bii inovatoare \u0219i personalizate pentru a optimiza procesele de produc\u021bie ale companiei dumneavoastr\u0103.","email":"Admistracion@distribucionarc.com","telephone":"+34 643496664","legalName":"ARC TECH SOLUTIONS","foundingDate":"2024-04-09","vatID":"B55480172","numberOfEmployees":{"@type":"QuantitativeValue","minValue":"1","maxValue":"10"}}]}},"_links":{"self":[{"href":"https:\/\/distribucionarc.com\/ro\/wp-json\/wp\/v2\/product\/2202","targetHints":{"allow":["GET"]}}],"collection":[{"href":"https:\/\/distribucionarc.com\/ro\/wp-json\/wp\/v2\/product"}],"about":[{"href":"https:\/\/distribucionarc.com\/ro\/wp-json\/wp\/v2\/types\/product"}],"replies":[{"embeddable":true,"href":"https:\/\/distribucionarc.com\/ro\/wp-json\/wp\/v2\/comments?post=2202"}],"version-history":[{"count":0,"href":"https:\/\/distribucionarc.com\/ro\/wp-json\/wp\/v2\/product\/2202\/revisions"}],"wp:featuredmedia":[{"embeddable":true,"href":"https:\/\/distribucionarc.com\/ro\/wp-json\/wp\/v2\/media\/2203"}],"wp:attachment":[{"href":"https:\/\/distribucionarc.com\/ro\/wp-json\/wp\/v2\/media?parent=2202"}],"wp:term":[{"taxonomy":"product_brand","embeddable":true,"href":"https:\/\/distribucionarc.com\/ro\/wp-json\/wp\/v2\/product_brand?post=2202"},{"taxonomy":"product_cat","embeddable":true,"href":"https:\/\/distribucionarc.com\/ro\/wp-json\/wp\/v2\/product_cat?post=2202"},{"taxonomy":"product_tag","embeddable":true,"href":"https:\/\/distribucionarc.com\/ro\/wp-json\/wp\/v2\/product_tag?post=2202"}],"curies":[{"name":"wp","href":"https:\/\/api.w.org\/{rel}","templated":true}]}}