{"id":2278,"date":"2020-08-13T14:39:36","date_gmt":"2020-08-13T14:39:36","guid":{"rendered":"https:\/\/distribucionarc.com\/?post_type=product&#038;p=2278"},"modified":"2020-09-30T11:51:48","modified_gmt":"2020-09-30T11:51:48","slug":"designer-incalzitor-mancare-caldura-conservatoare-x-2","status":"publish","type":"product","link":"https:\/\/distribucionarc.com\/ro\/producto\/calentador-de-alimentos-conservador-de-calor-de-diseno-x-2\/","title":{"rendered":"\u00cenc\u0103lzitor de alimente, conservator de c\u0103ldur\u0103 de design x 2"},"content":{"rendered":"<h3>\u00cenc\u0103lzitor de alimente, conservator de c\u0103ldur\u0103 de design x 2<\/h3>\n<p>Aceste t\u0103vi de c\u0103ldur\u0103 rezist\u0103 f\u0103r\u0103 probleme la o utilizare lung\u0103. Sunt u\u0219or de depozitat \u0219i cur\u0103\u021bat \u0219i v\u0103 permit s\u0103 afi\u0219a\u021bi rapid \u0219i u\u0219or cele mai gustoase feluri de m\u00e2ncare. Acest\u00a0<strong>contra\u00a0<\/strong><b>sferic<\/b>\u00a0combin\u0103 stilul \u0219i durabilitatea pentru a asigura un produs durabil care v\u0103 va impresiona clien\u021bii.<\/p>\n<p>The\u00a0<strong>\u00eenc\u0103lzitoare <span style=\"color: #ff0000;\">LA<\/span><span style=\"color: #0000ff;\">R<\/span>CBCA2.8<\/strong> rezist\u0103 la coroziune \u0219i ofer\u0103 un exterior argintiu str\u0103lucitor. M\u00e2nerul decorativ de pe capac asigur\u0103 accesul u\u0219or \u0219i sigur la alimente. Capacul se blocheaz\u0103 la 90 de grade sau se rote\u0219te la 180 de grade. Ofer\u0103 acces u\u0219or din toate unghiurile. Ajut\u0103 la men\u021binerea m\u00e2nc\u0103rurilor calde \u0219i suculente.<\/p>\n<p>Aceste\u00a0<strong>conservan\u021bi termici<\/strong>\u00a0\u00a0<strong><span style=\"color: #ff0000;\">LA<\/span><span style=\"color: #0000ff;\">R<\/span>c<\/strong>\u00a0sunt aproape de tava de ap\u0103, men\u021bin\u00e2nd temperatura corespunz\u0103toare a alimentelor, \u00een timp ce\u00a0<strong>minimizeaz\u0103 expunerea la fl\u0103c\u0103ri<\/strong>, pentru a asigura siguran\u021ba oaspe\u021bilor \u0219i a personalului.  Cele dou\u0103 m\u00e2nere de pe fiecare parte sunt proiectate pentru a ajuta la servirea m\u00e2nc\u0103rurilor \u0219i pentru a oferi siguran\u021b\u0103. Picioarele te\u0219ite asigur\u0103, de asemenea, o stabilitate optim\u0103. Este atractiv \u0219i accesibil, perfect pentru a afi\u0219a m\u00e2ncarea \u0219i pentru a le men\u021bine cald pentru oaspe\u021bi.<\/p>\n<h6><\/h6>\n<h6><strong>garan\u021bie\u00a0<span style=\"color: #ff0000;\">LA<\/span><span style=\"color: #0000ff;\">R<\/span>c<\/strong><strong>\u00a02 ANI<\/strong><\/h6>\n<h6><strong>suport tehnic inclus<\/strong><\/h6>\n<p>&nbsp;<\/p>\n<table role=\"presentation\" width=\"100%\" cellspacing=\"0\" cellpadding=\"0\">\n<tbody>\n<tr>\n<td class=\"attrLabels\">Garantie:<\/td>\n<td width=\"50.0%\">\u00a02 ANI<\/td>\n<\/tr>\n<tr>\n<td class=\"attrLabels\">\u021aara de distribu\u021bie:<\/td>\n<td width=\"50.0%\">Spania, Germania, SUA<\/td>\n<td class=\"attrLabels\">Greutate:<\/td>\n<td width=\"50.0%\">16,3 kg<\/td>\n<\/tr>\n<tr>\n<td class=\"attrLabels\">Marca:<\/td>\n<td width=\"50.0%\">ARC<\/td>\n<td class=\"attrLabels\">\u00cen\u0103l\u0163ime:<\/td>\n<td width=\"50.0%\">68 cm<\/td>\n<\/tr>\n<tr>\n<td class=\"attrLabels\">Culoare:<\/td>\n<td width=\"50.0%\">Argint<\/td>\n<td class=\"attrLabels\">Lung:<\/td>\n<td width=\"50.0%\">52 cm<\/td>\n<\/tr>\n<tr>\n<td class=\"attrLabels\">Tip produs:<\/td>\n<td width=\"50.0%\">Conservator de c\u0103ldur\u0103<\/td>\n<td class=\"attrLabels\">Larg:<\/td>\n<td width=\"50.0%\">50 cm<\/td>\n<\/tr>\n<tr>\n<td class=\"attrLabels\">Numar producator:<\/td>\n<td width=\"50.0%\">ARCBCA2.8<\/td>\n<td class=\"attrLabels\">Diametrul tavii:<\/td>\n<td width=\"50.0%\">35 cm<\/td>\n<\/tr>\n<tr>\n<td class=\"attrLabels\">Material:<\/td>\n<td width=\"50.0%\">o\u021bel inoxidabil 401<\/td>\n<td class=\"attrLabels\">Inaltime capac:<\/td>\n<td width=\"50.0%\">53 cm<\/td>\n<\/tr>\n<tr>\n<td class=\"attrLabels\">Include:<\/td>\n<td width=\"50.0%\">2 t\u0103vi de c\u0103ldur\u0103 rotunde complete<\/td>\n<td class=\"attrLabels\">\u00cenchidere:<\/td>\n<td width=\"50.0%\">180\u00ba<\/td>\n<\/tr>\n<tr>\n<td class=\"attrLabels\">Abilitatea:<\/td>\n<td width=\"50.0%\">6,8 L<\/td>\n<td class=\"attrLabels\">Blocad\u0103:<\/td>\n<td width=\"50.0%\">90\u00ba<\/td>\n<\/tr>\n<\/tbody>\n<\/table>","protected":false},"excerpt":{"rendered":"<h2>\u00cenc\u0103lzitor de alimente, conservator de c\u0103ldur\u0103 de design x 2<\/h2>\n<p>The\u00a0<strong>\u00eenc\u0103lzitoare de alimente<\/strong>\u00a0o\u021bel inoxidabil alimentar\u00a0<strong><span style=\"color: #ff0000;\">LA<\/span><span style=\"color: #0000ff;\">R<\/span>c<\/strong> de <strong>8 litri<\/strong> Ele asigur\u0103 durabilitate pe termen lung \u0219i, de asemenea, atrag aten\u021bia datorit\u0103 designului lor izbitor cu \u00eenchidere la 180\u00ba. F\u0103c\u00e2ndu-l ideal pentru bufete, zone de mic dejun, hoteluri, restaurante, recep\u021bii, banchete de nunt\u0103 \u0219i medii cu autoservire.<\/p>\n<h6><strong>garan\u021bie\u00a0<span style=\"color: #ff0000;\">LA<\/span><span style=\"color: #0000ff;\">R<\/span>c<\/strong><strong>\u00a02 ANI<\/strong><\/h6>\n<h6><strong>suport tehnic inclus<\/strong><\/h6>","protected":false},"featured_media":2279,"comment_status":"open","ping_status":"closed","template":"","meta":{"wds_primary_product_brand":0,"wds_primary_product_cat":0},"product_brand":[],"product_cat":[41],"product_tag":[],"class_list":{"0":"post-2278","1":"product","2":"type-product","3":"status-publish","4":"has-post-thumbnail","6":"product_cat-expositor-de-alimentos","7":"product_shipping_class-hosteleria","9":"first","10":"instock","11":"sale","12":"taxable","13":"shipping-taxable","14":"purchasable","15":"product-type-simple"},"yoast_head":"<!-- This site is optimized with the Yoast SEO Premium plugin v24.9 (Yoast SEO v26.1) - https:\/\/yoast.com\/wordpress\/plugins\/seo\/ -->\n<title>Calentador de alimentos, conservador de calor de dise\u00f1o x 2 - distribuci\u00f3n ARC<\/title>\n<meta name=\"robots\" content=\"index, follow, max-snippet:-1, max-image-preview:large, max-video-preview:-1\" \/>\n<link rel=\"canonical\" href=\"https:\/\/distribucionarc.com\/ro\/produs\/designer-incalzitor-mancare-caldura-conservatoare-x-2\/\" \/>\n<meta property=\"og:locale\" content=\"ro_RO\" \/>\n<meta property=\"og:type\" content=\"article\" \/>\n<meta property=\"og:title\" content=\"Calentador de alimentos, conservador de calor de dise\u00f1o x 2\" \/>\n<meta property=\"og:description\" content=\"Calentador de alimentos, conservador de calor de dise\u00f1o x 2 Los\u00a0calentadores de alimentos\u00a0de acero inoxidable alimentario\u00a0ARC de 8 litros aseguran una durabilidad a largo plazo adem\u00e1s de llamar la atenci\u00f3n gracias a su dise\u00f1o llamativo con cierre de 180\u00ba. Por lo que es ideal para buffets, \u00e1reas de desayuno, hoteles, restaurantes, recepciones, banquetes de boda y ambientes de autoservicio. Garant\u00eda\u00a0ARC\u00a02 A\u00d1OS soporte t\u00e9cnico incluido\" \/>\n<meta property=\"og:url\" content=\"https:\/\/distribucionarc.com\/ro\/produs\/designer-incalzitor-mancare-caldura-conservatoare-x-2\/\" \/>\n<meta property=\"og:site_name\" content=\"distribuci\u00f3n ARC\" \/>\n<meta property=\"article:modified_time\" content=\"2020-09-30T11:51:48+00:00\" \/>\n<meta property=\"og:image\" content=\"https:\/\/distribucionarc.com\/wp-content\/uploads\/2020\/08\/Calentador-de-alimentos-conservador-de-calor-de-dise\u00f1o-x-2-0.jpg\" \/>\n\t<meta property=\"og:image:width\" content=\"1600\" \/>\n\t<meta property=\"og:image:height\" content=\"1600\" \/>\n\t<meta property=\"og:image:type\" content=\"image\/jpeg\" \/>\n<meta name=\"twitter:card\" content=\"summary_large_image\" \/>\n<meta name=\"twitter:label1\" content=\"Timp estimat pentru citire\" \/>\n\t<meta name=\"twitter:data1\" content=\"1 minut\" \/>\n<script type=\"application\/ld+json\" class=\"yoast-schema-graph\">{\"@context\":\"https:\/\/schema.org\",\"@graph\":[{\"@type\":\"WebPage\",\"@id\":\"https:\/\/distribucionarc.com\/producto\/calentador-de-alimentos-conservador-de-calor-de-diseno-x-2\/\",\"url\":\"https:\/\/distribucionarc.com\/producto\/calentador-de-alimentos-conservador-de-calor-de-diseno-x-2\/\",\"name\":\"Calentador de alimentos, conservador de calor de dise\u00f1o x 2 - distribuci\u00f3n ARC\",\"isPartOf\":{\"@id\":\"https:\/\/www.distribucionarc.com\/tr\/#website\"},\"primaryImageOfPage\":{\"@id\":\"https:\/\/distribucionarc.com\/producto\/calentador-de-alimentos-conservador-de-calor-de-diseno-x-2\/#primaryimage\"},\"image\":{\"@id\":\"https:\/\/distribucionarc.com\/producto\/calentador-de-alimentos-conservador-de-calor-de-diseno-x-2\/#primaryimage\"},\"thumbnailUrl\":\"https:\/\/distribucionarc.com\/wp-content\/uploads\/2020\/08\/Calentador-de-alimentos-conservador-de-calor-de-dise\u00f1o-x-2-0.jpg\",\"datePublished\":\"2020-08-13T14:39:36+00:00\",\"dateModified\":\"2020-09-30T11:51:48+00:00\",\"breadcrumb\":{\"@id\":\"https:\/\/distribucionarc.com\/producto\/calentador-de-alimentos-conservador-de-calor-de-diseno-x-2\/#breadcrumb\"},\"inLanguage\":\"ro-RO\",\"potentialAction\":[{\"@type\":\"ReadAction\",\"target\":[\"https:\/\/distribucionarc.com\/producto\/calentador-de-alimentos-conservador-de-calor-de-diseno-x-2\/\"]}]},{\"@type\":\"ImageObject\",\"inLanguage\":\"ro-RO\",\"@id\":\"https:\/\/distribucionarc.com\/producto\/calentador-de-alimentos-conservador-de-calor-de-diseno-x-2\/#primaryimage\",\"url\":\"https:\/\/distribucionarc.com\/wp-content\/uploads\/2020\/08\/Calentador-de-alimentos-conservador-de-calor-de-dise\u00f1o-x-2-0.jpg\",\"contentUrl\":\"https:\/\/distribucionarc.com\/wp-content\/uploads\/2020\/08\/Calentador-de-alimentos-conservador-de-calor-de-dise\u00f1o-x-2-0.jpg\",\"width\":1600,\"height\":1600,\"caption\":\"Calentador de alimentos, conservador de calor de dise\u00f1o x 2\"},{\"@type\":\"BreadcrumbList\",\"@id\":\"https:\/\/distribucionarc.com\/producto\/calentador-de-alimentos-conservador-de-calor-de-diseno-x-2\/#breadcrumb\",\"itemListElement\":[{\"@type\":\"ListItem\",\"position\":1,\"name\":\"Portada\",\"item\":\"https:\/\/www.distribucionarc.com\/tr\/\"},{\"@type\":\"ListItem\",\"position\":2,\"name\":\"Produktai\",\"item\":\"https:\/\/distribucionarc.com\/lt\/parduotuve\/\"},{\"@type\":\"ListItem\",\"position\":3,\"name\":\"Calentador de alimentos, conservador de calor de dise\u00f1o x 2\"}]},{\"@type\":\"WebSite\",\"@id\":\"https:\/\/www.distribucionarc.com\/tr\/#website\",\"url\":\"https:\/\/www.distribucionarc.com\/tr\/\",\"name\":\"distribuci\u00f3n ARC\",\"description\":\"Empresa especializada en la fabricaci\u00f3n y distribuci\u00f3n de maquinaria industrial, selladoras de latas, Maquinas de hacer pastillas, Maquinas de cortar carne...\",\"publisher\":{\"@id\":\"https:\/\/www.distribucionarc.com\/tr\/#organization\"},\"potentialAction\":[{\"@type\":\"SearchAction\",\"target\":{\"@type\":\"EntryPoint\",\"urlTemplate\":\"https:\/\/www.distribucionarc.com\/tr\/?s={search_term_string}\"},\"query-input\":{\"@type\":\"PropertyValueSpecification\",\"valueRequired\":true,\"valueName\":\"search_term_string\"}}],\"inLanguage\":\"ro-RO\"},{\"@type\":\"Organization\",\"@id\":\"https:\/\/www.distribucionarc.com\/tr\/#organization\",\"name\":\"Distribuci\u00f3n ARC\",\"url\":\"https:\/\/www.distribucionarc.com\/tr\/\",\"logo\":{\"@type\":\"ImageObject\",\"inLanguage\":\"ro-RO\",\"@id\":\"https:\/\/www.distribucionarc.com\/tr\/#\/schema\/logo\/image\/\",\"url\":\"https:\/\/distribucionarc.com\/wp-content\/uploads\/2024\/10\/distribucion-ARC-COLOR-SIN-FONDO-e1732295305345.png\",\"contentUrl\":\"https:\/\/distribucionarc.com\/wp-content\/uploads\/2024\/10\/distribucion-ARC-COLOR-SIN-FONDO-e1732295305345.png\",\"width\":1164,\"height\":558,\"caption\":\"Distribuci\u00f3n ARC\"},\"image\":{\"@id\":\"https:\/\/www.distribucionarc.com\/tr\/#\/schema\/logo\/image\/\"},\"description\":\"Empresa especializada en la fabricaci\u00f3n y distribuci\u00f3n de maquinaria industrial para los sectores alimentario y farmac\u00e9utico. Nos especializamos en: M\u00e1quinas de cortar carne Fabricaci\u00f3n de comprimidos Sistemas de transporte industrial L\u00edneas de embotellado Dosificadores Y mucho m\u00e1s... Ofrecemos soluciones innovadoras y personalizadas para optimizar los procesos productivos de tu empresa.\",\"email\":\"Admistracion@distribucionarc.com\",\"telephone\":\"+34 643496664\",\"legalName\":\"ARC TECH SOLUTIONS\",\"foundingDate\":\"2024-04-09\",\"vatID\":\"B55480172\",\"numberOfEmployees\":{\"@type\":\"QuantitativeValue\",\"minValue\":\"1\",\"maxValue\":\"10\"}}]}<\/script>\n<!-- \/ Yoast SEO Premium plugin. -->","yoast_head_json":{"title":"\u00cenc\u0103lzitor de alimente, conservator de c\u0103ldur\u0103 de designer x 2 - distribu\u021bie ARC","robots":{"index":"index","follow":"follow","max-snippet":"max-snippet:-1","max-image-preview":"max-image-preview:large","max-video-preview":"max-video-preview:-1"},"canonical":"https:\/\/distribucionarc.com\/ro\/produs\/designer-incalzitor-mancare-caldura-conservatoare-x-2\/","og_locale":"ro_RO","og_type":"article","og_title":"Calentador de alimentos, conservador de calor de dise\u00f1o x 2","og_description":"Calentador de alimentos, conservador de calor de dise\u00f1o x 2 Los\u00a0calentadores de alimentos\u00a0de acero inoxidable alimentario\u00a0ARC de 8 litros aseguran una durabilidad a largo plazo adem\u00e1s de llamar la atenci\u00f3n gracias a su dise\u00f1o llamativo con cierre de 180\u00ba. Por lo que es ideal para buffets, \u00e1reas de desayuno, hoteles, restaurantes, recepciones, banquetes de boda y ambientes de autoservicio. Garant\u00eda\u00a0ARC\u00a02 A\u00d1OS soporte t\u00e9cnico incluido","og_url":"https:\/\/distribucionarc.com\/ro\/produs\/designer-incalzitor-mancare-caldura-conservatoare-x-2\/","og_site_name":"distribuci\u00f3n ARC","article_modified_time":"2020-09-30T11:51:48+00:00","og_image":[{"width":1600,"height":1600,"url":"https:\/\/distribucionarc.com\/wp-content\/uploads\/2020\/08\/Calentador-de-alimentos-conservador-de-calor-de-dise\u00f1o-x-2-0.jpg","type":"image\/jpeg"}],"twitter_card":"summary_large_image","twitter_misc":{"Timp estimat pentru citire":"1 minut"},"schema":{"@context":"https:\/\/schema.org","@graph":[{"@type":"WebPage","@id":"https:\/\/distribucionarc.com\/producto\/calentador-de-alimentos-conservador-de-calor-de-diseno-x-2\/","url":"https:\/\/distribucionarc.com\/producto\/calentador-de-alimentos-conservador-de-calor-de-diseno-x-2\/","name":"\u00cenc\u0103lzitor de alimente, conservator de c\u0103ldur\u0103 de designer x 2 - distribu\u021bie ARC","isPartOf":{"@id":"https:\/\/www.distribucionarc.com\/tr\/#website"},"primaryImageOfPage":{"@id":"https:\/\/distribucionarc.com\/producto\/calentador-de-alimentos-conservador-de-calor-de-diseno-x-2\/#primaryimage"},"image":{"@id":"https:\/\/distribucionarc.com\/producto\/calentador-de-alimentos-conservador-de-calor-de-diseno-x-2\/#primaryimage"},"thumbnailUrl":"https:\/\/distribucionarc.com\/wp-content\/uploads\/2020\/08\/Calentador-de-alimentos-conservador-de-calor-de-dise\u00f1o-x-2-0.jpg","datePublished":"2020-08-13T14:39:36+00:00","dateModified":"2020-09-30T11:51:48+00:00","breadcrumb":{"@id":"https:\/\/distribucionarc.com\/producto\/calentador-de-alimentos-conservador-de-calor-de-diseno-x-2\/#breadcrumb"},"inLanguage":"ro-RO","potentialAction":[{"@type":"ReadAction","target":["https:\/\/distribucionarc.com\/producto\/calentador-de-alimentos-conservador-de-calor-de-diseno-x-2\/"]}]},{"@type":"ImageObject","inLanguage":"ro-RO","@id":"https:\/\/distribucionarc.com\/producto\/calentador-de-alimentos-conservador-de-calor-de-diseno-x-2\/#primaryimage","url":"https:\/\/distribucionarc.com\/wp-content\/uploads\/2020\/08\/Calentador-de-alimentos-conservador-de-calor-de-dise\u00f1o-x-2-0.jpg","contentUrl":"https:\/\/distribucionarc.com\/wp-content\/uploads\/2020\/08\/Calentador-de-alimentos-conservador-de-calor-de-dise\u00f1o-x-2-0.jpg","width":1600,"height":1600,"caption":"Calentador de alimentos, conservador de calor de dise\u00f1o x 2"},{"@type":"BreadcrumbList","@id":"https:\/\/distribucionarc.com\/producto\/calentador-de-alimentos-conservador-de-calor-de-diseno-x-2\/#breadcrumb","itemListElement":[{"@type":"ListItem","position":1,"name":"Portada","item":"https:\/\/www.distribucionarc.com\/tr\/"},{"@type":"ListItem","position":2,"name":"Produktai","item":"https:\/\/distribucionarc.com\/lt\/parduotuve\/"},{"@type":"ListItem","position":3,"name":"Calentador de alimentos, conservador de calor de dise\u00f1o x 2"}]},{"@type":"WebSite","@id":"https:\/\/www.distribucionarc.com\/tr\/#website","url":"https:\/\/www.distribucionarc.com\/tr\/","name":"Distribu\u021bie ARC","description":"Companie specializat\u0103 \u00een fabricarea \u0219i distribu\u021bia de utilaje industriale, ma\u0219ini de sigilat cutii, ma\u0219ini de fabricat tablete, ma\u0219ini de t\u0103iat carne...","publisher":{"@id":"https:\/\/www.distribucionarc.com\/tr\/#organization"},"potentialAction":[{"@type":"SearchAction","target":{"@type":"EntryPoint","urlTemplate":"https:\/\/www.distribucionarc.com\/tr\/?s={search_term_string}"},"query-input":{"@type":"PropertyValueSpecification","valueRequired":true,"valueName":"search_term_string"}}],"inLanguage":"ro-RO"},{"@type":"Organization","@id":"https:\/\/www.distribucionarc.com\/tr\/#organization","name":"Distribu\u021bie ARC","url":"https:\/\/www.distribucionarc.com\/tr\/","logo":{"@type":"ImageObject","inLanguage":"ro-RO","@id":"https:\/\/www.distribucionarc.com\/tr\/#\/schema\/logo\/image\/","url":"https:\/\/distribucionarc.com\/wp-content\/uploads\/2024\/10\/distribucion-ARC-COLOR-SIN-FONDO-e1732295305345.png","contentUrl":"https:\/\/distribucionarc.com\/wp-content\/uploads\/2024\/10\/distribucion-ARC-COLOR-SIN-FONDO-e1732295305345.png","width":1164,"height":558,"caption":"Distribuci\u00f3n ARC"},"image":{"@id":"https:\/\/www.distribucionarc.com\/tr\/#\/schema\/logo\/image\/"},"description":"Companie specializat\u0103 \u00een fabricarea \u0219i distribu\u021bia de utilaje industriale pentru sectoarele alimentar \u0219i farmaceutic. Suntem specializa\u021bi \u00een: Ma\u0219ini de t\u0103iat carne Fabricarea tabletelor Sisteme de transport industrial Linii de \u00eembuteliere Distribuitoare \u0218i multe altele... Oferim solu\u021bii inovatoare \u0219i personalizate pentru a optimiza procesele de produc\u021bie ale companiei dumneavoastr\u0103.","email":"Admistracion@distribucionarc.com","telephone":"+34 643496664","legalName":"ARC TECH SOLUTIONS","foundingDate":"2024-04-09","vatID":"B55480172","numberOfEmployees":{"@type":"QuantitativeValue","minValue":"1","maxValue":"10"}}]}},"_links":{"self":[{"href":"https:\/\/distribucionarc.com\/ro\/wp-json\/wp\/v2\/product\/2278","targetHints":{"allow":["GET"]}}],"collection":[{"href":"https:\/\/distribucionarc.com\/ro\/wp-json\/wp\/v2\/product"}],"about":[{"href":"https:\/\/distribucionarc.com\/ro\/wp-json\/wp\/v2\/types\/product"}],"replies":[{"embeddable":true,"href":"https:\/\/distribucionarc.com\/ro\/wp-json\/wp\/v2\/comments?post=2278"}],"version-history":[{"count":0,"href":"https:\/\/distribucionarc.com\/ro\/wp-json\/wp\/v2\/product\/2278\/revisions"}],"wp:featuredmedia":[{"embeddable":true,"href":"https:\/\/distribucionarc.com\/ro\/wp-json\/wp\/v2\/media\/2279"}],"wp:attachment":[{"href":"https:\/\/distribucionarc.com\/ro\/wp-json\/wp\/v2\/media?parent=2278"}],"wp:term":[{"taxonomy":"product_brand","embeddable":true,"href":"https:\/\/distribucionarc.com\/ro\/wp-json\/wp\/v2\/product_brand?post=2278"},{"taxonomy":"product_cat","embeddable":true,"href":"https:\/\/distribucionarc.com\/ro\/wp-json\/wp\/v2\/product_cat?post=2278"},{"taxonomy":"product_tag","embeddable":true,"href":"https:\/\/distribucionarc.com\/ro\/wp-json\/wp\/v2\/product_tag?post=2278"}],"curies":[{"name":"wp","href":"https:\/\/api.w.org\/{rel}","templated":true}]}}