{"id":2389,"date":"2020-08-17T14:24:01","date_gmt":"2020-08-17T14:24:01","guid":{"rendered":"https:\/\/distribucionarc.com\/?post_type=product&#038;p=2389"},"modified":"2022-11-04T00:01:30","modified_gmt":"2022-11-04T00:01:30","slug":"masina-automata-de-etansare-a-recipientelor-instantanee-proaspata-de-bauturi","status":"publish","type":"product","link":"https:\/\/distribucionarc.com\/ro\/producto\/selladora-de-envases-automatica-tapadora-de-bebidas-frescas-instantanea\/","title":{"rendered":"Ma\u0219in\u0103 automat\u0103 de etan\u0219are a containerelor, capac instant pentru b\u0103uturi proaspete\u00a0"},"content":{"rendered":"<h3>Ma\u0219in\u0103 automat\u0103 de etan\u0219are a containerelor, capac instant pentru b\u0103uturi proaspete<\/h3>\n<p>Cu <strong>recipient capper <span style=\"color: #ff0000;\">LA<\/span><span style=\"color: #0000ff;\">R<\/span>c<\/strong> Clien\u021bii t\u0103i nu vor a\u0219tepta mult s\u0103 se bucure de produsul t\u0103u recomandat pentru sucuri naturale, shake-uri, smoothie-uri, cafea, ceai cu perle, b\u0103uturi cu perle aromate etc. Cea mai bun\u0103 alternativ\u0103 pentru ca clien\u021bii t\u0103i s\u0103 se r\u0103coreasc\u0103 oriunde. Pe l\u00e2ng\u0103 p\u0103strarea tuturor aromei \u0219i nutrien\u021bilor produsului, <strong>etan\u0219are anti picurare<\/strong> va asigura produsul \u00een orice situa\u021bie.<\/p>\n<p>Procesul cu <strong>sigilantul <span style=\"color: #ff0000;\">LA<\/span><span style=\"color: #0000ff;\">R<\/span>CSEA9<\/strong> Este complet automat\u0103 \u0219i inteligent\u0103, pur \u0219i simplu ad\u0103uga\u021bi rola de etan\u0219are pe care dori\u021bi s\u0103 preg\u0103ti\u021bi ma\u0219ina de acoperire, regla\u021bi dimensiunea \u0219i temperatura dorite, pozi\u021biona\u021bi recipientul \u0219i ap\u0103sa\u021bi butonul de rulare. <strong>Can<\/strong> ajunge la <strong>sigila\u021bi 400 p\u00e2n\u0103 la 600 de containere \u00eentr-o or\u0103<\/strong>. Acest <strong>ma\u0219in\u0103 de etan\u0219are<\/strong> Este proiectat s\u0103 r\u0103m\u00e2n\u0103 opera\u021bional atunci c\u00e2nd este necesar, economisind energie atunci c\u00e2nd func\u021bia sa nu este necesar\u0103.<\/p>\n<p>Este realizat din otel inoxidabil pentru a-i asigura durabilitatea si stabilitatea, are grile de ventilatie pentru a preveni supraincalzirea motorului precum si garnitura de etansare. Lui <span style=\"color: #008000;\"><strong>motorul eficient contribuie la un consum redus de energie<\/strong><\/span>.<\/p>\n<p>&nbsp;<\/p>\n<p><iframe loading=\"lazy\" src=\"https:\/\/www.youtube.com\/embed\/K5TmxbdJghU\" width=\"560\" height=\"315\" frameborder=\"0\" allowfullscreen=\"allowfullscreen\"><\/iframe><\/p>\n<h6>garan\u021bie<strong>\u00a0<\/strong><span style=\"color: #ff0000;\"><strong>LA<\/strong><\/span><span style=\"color: #0000ff;\"><strong>R<\/strong><\/span><strong>C 2 ANI<\/strong><\/h6>\n<h6><span style=\"color: #008000;\">cel mai eficient motor consum redus 300W<\/span><\/h6>\n<h6>suport tehnic inclus.<\/h6>\n<p>&nbsp;<\/p>\n<p>&nbsp;<\/p>\n<table role=\"presentation\" width=\"100%\" cellspacing=\"0\" cellpadding=\"0\">\n<tbody>\n<tr>\n<td class=\"attrLabels\">Garantie:<\/td>\n<td width=\"50.0%\">2 ANI<\/td>\n<\/tr>\n<tr>\n<td class=\"attrLabels\">Culoare:<\/td>\n<td width=\"50.0%\">Argint<\/td>\n<td class=\"attrLabels\">\u00cen\u0103l\u0163ime:<\/td>\n<td width=\"50.0%\">53 cm<\/td>\n<\/tr>\n<tr>\n<td class=\"attrLabels\">\u021aara de distribu\u021bie:<\/td>\n<td width=\"50.0%\">Spania, Germania, SUA<\/td>\n<td class=\"attrLabels\">Lung:<\/td>\n<td width=\"50.0%\">30 cm<\/td>\n<\/tr>\n<tr>\n<td class=\"attrLabels\">Marca:<\/td>\n<td width=\"50.0%\">ARC<\/td>\n<td class=\"attrLabels\">Larg:<\/td>\n<td width=\"50.0%\">\u00a033 cm<\/td>\n<\/tr>\n<tr>\n<td class=\"attrLabels\">Tip produs:<\/td>\n<td width=\"50.0%\">Sigilator profesional pentru b\u0103uturi<\/td>\n<td class=\"attrLabels\">Putere:<\/td>\n<td width=\"50.0%\">300W<\/td>\n<\/tr>\n<tr>\n<td class=\"attrLabels\">Numar producator:<\/td>\n<td width=\"50.0%\">ARCSEA9<\/td>\n<td class=\"attrLabels\">Voltaj:<\/td>\n<td width=\"50.0%\">220V 50Hz<\/td>\n<\/tr>\n<tr>\n<td class=\"attrLabels\">Material:<\/td>\n<td width=\"50.0%\">O\u021bel inoxidabil 304, motor eficient, control al temperaturii<\/td>\n<td class=\"attrLabels\">Diametru cupa:<\/td>\n<td width=\"50.0%\">9 cm p\u00e2n\u0103 la 9,5 cm<\/td>\n<\/tr>\n<tr>\n<td class=\"attrLabels\">Instrumente de instalare:<\/td>\n<td width=\"50.0%\">Da<\/td>\n<td class=\"attrLabels\">Viteza de etan\u0219are:<\/td>\n<td width=\"50.0%\">400 \u2013 600 pe or\u0103<\/td>\n<\/tr>\n<tr>\n<td class=\"attrLabels\">Greutate:<\/td>\n<td width=\"50.0%\">18 kg<\/td>\n<td class=\"attrLabels\">Intervalele de temperatur\u0103:<\/td>\n<td width=\"50.0%\">50\u00baC \u2013 250\u00baC<\/td>\n<\/tr>\n<\/tbody>\n<\/table>\n<p>&nbsp;<\/p>\n<p>&nbsp;<\/p>","protected":false},"excerpt":{"rendered":"<h2>Ma\u0219in\u0103 automat\u0103 de etan\u0219are a containerelor, capac instant pentru b\u0103uturi proaspete<\/h2>\n<p>Dac\u0103 dori\u021bi ca clien\u021bii dvs. s\u0103 p\u0103streze toate propriet\u0103\u021bile sucurilor, smoothie-urilor, ceaiului cu toppinguri etc. The <strong>sigilant automat <span style=\"color: #ff0000;\">LA<\/span><span style=\"color: #0000ff;\">R<\/span>c<\/strong> Te va ajuta datorita vitezei sale, reuseste sa acopere <strong>9 containere \u00een<\/strong> doar <strong>un minut<\/strong>. Procesul de etan\u0219are este complet automat, depinde doar de un buton pentru a activa capacul recipientului.<\/p>\n<h6>garan\u021bie<strong>\u00a0<\/strong><span style=\"color: #ff0000;\"><strong>LA<\/strong><\/span><span style=\"color: #0000ff;\"><strong>R<\/strong><\/span><strong>C 2 ANI<\/strong><\/h6>\n<h6><span style=\"color: #008000;\">cel mai eficient motor consum redus 300W<\/span><\/h6>\n<h6>suport tehnic inclus.<\/h6>","protected":false},"featured_media":2395,"comment_status":"open","ping_status":"closed","template":"","meta":{"wds_primary_product_brand":0,"wds_primary_product_cat":0},"product_brand":[],"product_cat":[28],"product_tag":[],"class_list":{"0":"post-2389","1":"product","2":"type-product","3":"status-publish","4":"has-post-thumbnail","6":"product_cat-tapadoras","7":"product_shipping_class-express","9":"first","10":"instock","11":"sale","12":"taxable","13":"shipping-taxable","14":"purchasable","15":"product-type-simple"},"yoast_head":"<!-- This site is optimized with the Yoast SEO Premium plugin v24.9 (Yoast SEO v26.1) - https:\/\/yoast.com\/wordpress\/plugins\/seo\/ -->\n<title>Selladora de envases autom\u00e1tica, tapadora de bebidas frescas instant\u00e1nea\u00a0 - distribuci\u00f3n ARC<\/title>\n<meta name=\"robots\" content=\"index, follow, max-snippet:-1, max-image-preview:large, max-video-preview:-1\" \/>\n<link rel=\"canonical\" href=\"https:\/\/distribucionarc.com\/ro\/produs\/masina-automata-de-etansare-a-recipientelor-instantanee-proaspata-de-bauturi\/\" \/>\n<meta property=\"og:locale\" content=\"ro_RO\" \/>\n<meta property=\"og:type\" content=\"article\" \/>\n<meta property=\"og:title\" content=\"Selladora de envases autom\u00e1tica, tapadora de bebidas frescas instant\u00e1nea\u00a0\" \/>\n<meta property=\"og:description\" content=\"Selladora de envases autom\u00e1tica, tapadora de bebidas frescas instant\u00e1nea Si quiere que sus clientes conserven todas las propiedades de sus zumos, batidos, t\u00e9 con toppings, etc. La selladora autom\u00e1tica ARC le ayudar\u00e1 gracias a su velocidad,\u00a0 logra tapar 9 envases en tan solo un minuto. El proceso de sellado es completamente autom\u00e1tico solo depende de un bot\u00f3n para accionar la tapadora de envases. Garant\u00eda\u00a0ARC 2 A\u00d1OS motor m\u00e1s eficiente bajo consumo 300W soporte t\u00e9cnico\u00a0incluido.\" \/>\n<meta property=\"og:url\" content=\"https:\/\/distribucionarc.com\/ro\/produs\/masina-automata-de-etansare-a-recipientelor-instantanee-proaspata-de-bauturi\/\" \/>\n<meta property=\"og:site_name\" content=\"distribuci\u00f3n ARC\" \/>\n<meta property=\"article:modified_time\" content=\"2022-11-04T00:01:30+00:00\" \/>\n<meta property=\"og:image\" content=\"https:\/\/distribucionarc.com\/wp-content\/uploads\/2020\/08\/Selladora-de-envases-autom\u00e1tica-tapadora-de-bebidas-frescas-instant\u00e1nea-1.jpg\" \/>\n\t<meta property=\"og:image:width\" content=\"800\" \/>\n\t<meta property=\"og:image:height\" content=\"800\" \/>\n\t<meta property=\"og:image:type\" content=\"image\/jpeg\" \/>\n<meta name=\"twitter:card\" content=\"summary_large_image\" \/>\n<meta name=\"twitter:label1\" content=\"Timp estimat pentru citire\" \/>\n\t<meta name=\"twitter:data1\" content=\"1 minut\" \/>\n<script type=\"application\/ld+json\" class=\"yoast-schema-graph\">{\"@context\":\"https:\/\/schema.org\",\"@graph\":[{\"@type\":\"WebPage\",\"@id\":\"https:\/\/distribucionarc.com\/pt\/producto\/selladora-de-envases-automatica-tapadora-de-bebidas-frescas-instantanea\/\",\"url\":\"https:\/\/distribucionarc.com\/pt\/producto\/selladora-de-envases-automatica-tapadora-de-bebidas-frescas-instantanea\/\",\"name\":\"Selladora de envases autom\u00e1tica, tapadora de bebidas frescas instant\u00e1nea\u00a0 - distribuci\u00f3n ARC\",\"isPartOf\":{\"@id\":\"https:\/\/distribucionarc.com\/de\/#website\"},\"primaryImageOfPage\":{\"@id\":\"https:\/\/distribucionarc.com\/pt\/producto\/selladora-de-envases-automatica-tapadora-de-bebidas-frescas-instantanea\/#primaryimage\"},\"image\":{\"@id\":\"https:\/\/distribucionarc.com\/pt\/producto\/selladora-de-envases-automatica-tapadora-de-bebidas-frescas-instantanea\/#primaryimage\"},\"thumbnailUrl\":\"https:\/\/distribucionarc.com\/wp-content\/uploads\/2020\/08\/Selladora-de-envases-autom\u00e1tica-tapadora-de-bebidas-frescas-instant\u00e1nea-1.jpg\",\"datePublished\":\"2020-08-17T14:24:01+00:00\",\"dateModified\":\"2022-11-04T00:01:30+00:00\",\"breadcrumb\":{\"@id\":\"https:\/\/distribucionarc.com\/pt\/producto\/selladora-de-envases-automatica-tapadora-de-bebidas-frescas-instantanea\/#breadcrumb\"},\"inLanguage\":\"ro-RO\",\"potentialAction\":[{\"@type\":\"ReadAction\",\"target\":[\"https:\/\/distribucionarc.com\/pt\/producto\/selladora-de-envases-automatica-tapadora-de-bebidas-frescas-instantanea\/\"]}]},{\"@type\":\"ImageObject\",\"inLanguage\":\"ro-RO\",\"@id\":\"https:\/\/distribucionarc.com\/pt\/producto\/selladora-de-envases-automatica-tapadora-de-bebidas-frescas-instantanea\/#primaryimage\",\"url\":\"https:\/\/distribucionarc.com\/wp-content\/uploads\/2020\/08\/Selladora-de-envases-autom\u00e1tica-tapadora-de-bebidas-frescas-instant\u00e1nea-1.jpg\",\"contentUrl\":\"https:\/\/distribucionarc.com\/wp-content\/uploads\/2020\/08\/Selladora-de-envases-autom\u00e1tica-tapadora-de-bebidas-frescas-instant\u00e1nea-1.jpg\",\"width\":800,\"height\":800,\"caption\":\"Selladora de envases autom\u00e1tica, tapadora de bebidas frescas instant\u00e1nea\u00a0\"},{\"@type\":\"BreadcrumbList\",\"@id\":\"https:\/\/distribucionarc.com\/pt\/producto\/selladora-de-envases-automatica-tapadora-de-bebidas-frescas-instantanea\/#breadcrumb\",\"itemListElement\":[{\"@type\":\"ListItem\",\"position\":1,\"name\":\"Portada\",\"item\":\"https:\/\/distribucionarc.com\/pl\/\"},{\"@type\":\"ListItem\",\"position\":2,\"name\":\"Produkty\",\"item\":\"https:\/\/distribucionarc.com\/pl\/shop\/\"},{\"@type\":\"ListItem\",\"position\":3,\"name\":\"Selladora de envases autom\u00e1tica, tapadora de bebidas frescas instant\u00e1nea\u00a0\"}]},{\"@type\":\"WebSite\",\"@id\":\"https:\/\/distribucionarc.com\/de\/#website\",\"url\":\"https:\/\/distribucionarc.com\/de\/\",\"name\":\"distribuci\u00f3n ARC\",\"description\":\"Empresa especializada en la fabricaci\u00f3n y distribuci\u00f3n de maquinaria industrial, selladoras de latas, Maquinas de hacer pastillas, Maquinas de cortar carne...\",\"publisher\":{\"@id\":\"https:\/\/distribucionarc.com\/de\/#organization\"},\"potentialAction\":[{\"@type\":\"SearchAction\",\"target\":{\"@type\":\"EntryPoint\",\"urlTemplate\":\"https:\/\/distribucionarc.com\/de\/?s={search_term_string}\"},\"query-input\":{\"@type\":\"PropertyValueSpecification\",\"valueRequired\":true,\"valueName\":\"search_term_string\"}}],\"inLanguage\":\"ro-RO\"},{\"@type\":\"Organization\",\"@id\":\"https:\/\/distribucionarc.com\/de\/#organization\",\"name\":\"Distribuci\u00f3n ARC\",\"url\":\"https:\/\/distribucionarc.com\/de\/\",\"logo\":{\"@type\":\"ImageObject\",\"inLanguage\":\"ro-RO\",\"@id\":\"https:\/\/distribucionarc.com\/de\/#\/schema\/logo\/image\/\",\"url\":\"https:\/\/distribucionarc.com\/wp-content\/uploads\/2024\/10\/distribucion-ARC-COLOR-SIN-FONDO-e1732295305345.png\",\"contentUrl\":\"https:\/\/distribucionarc.com\/wp-content\/uploads\/2024\/10\/distribucion-ARC-COLOR-SIN-FONDO-e1732295305345.png\",\"width\":1164,\"height\":558,\"caption\":\"Distribuci\u00f3n ARC\"},\"image\":{\"@id\":\"https:\/\/distribucionarc.com\/de\/#\/schema\/logo\/image\/\"},\"description\":\"Empresa especializada en la fabricaci\u00f3n y distribuci\u00f3n de maquinaria industrial para los sectores alimentario y farmac\u00e9utico. Nos especializamos en: M\u00e1quinas de cortar carne Fabricaci\u00f3n de comprimidos Sistemas de transporte industrial L\u00edneas de embotellado Dosificadores Y mucho m\u00e1s... Ofrecemos soluciones innovadoras y personalizadas para optimizar los procesos productivos de tu empresa.\",\"email\":\"Admistracion@distribucionarc.com\",\"telephone\":\"+34 643496664\",\"legalName\":\"ARC TECH SOLUTIONS\",\"foundingDate\":\"2024-04-09\",\"vatID\":\"B55480172\",\"numberOfEmployees\":{\"@type\":\"QuantitativeValue\",\"minValue\":\"1\",\"maxValue\":\"10\"}}]}<\/script>\n<!-- \/ Yoast SEO Premium plugin. -->","yoast_head_json":{"title":"Ma\u0219in\u0103 automat\u0103 de etan\u0219are a containerelor, capsul\u0103 instant pentru b\u0103uturi proaspete - distribu\u021bie ARC","robots":{"index":"index","follow":"follow","max-snippet":"max-snippet:-1","max-image-preview":"max-image-preview:large","max-video-preview":"max-video-preview:-1"},"canonical":"https:\/\/distribucionarc.com\/ro\/produs\/masina-automata-de-etansare-a-recipientelor-instantanee-proaspata-de-bauturi\/","og_locale":"ro_RO","og_type":"article","og_title":"Selladora de envases autom\u00e1tica, tapadora de bebidas frescas instant\u00e1nea\u00a0","og_description":"Selladora de envases autom\u00e1tica, tapadora de bebidas frescas instant\u00e1nea Si quiere que sus clientes conserven todas las propiedades de sus zumos, batidos, t\u00e9 con toppings, etc. La selladora autom\u00e1tica ARC le ayudar\u00e1 gracias a su velocidad,\u00a0 logra tapar 9 envases en tan solo un minuto. El proceso de sellado es completamente autom\u00e1tico solo depende de un bot\u00f3n para accionar la tapadora de envases. Garant\u00eda\u00a0ARC 2 A\u00d1OS motor m\u00e1s eficiente bajo consumo 300W soporte t\u00e9cnico\u00a0incluido.","og_url":"https:\/\/distribucionarc.com\/ro\/produs\/masina-automata-de-etansare-a-recipientelor-instantanee-proaspata-de-bauturi\/","og_site_name":"distribuci\u00f3n ARC","article_modified_time":"2022-11-04T00:01:30+00:00","og_image":[{"width":800,"height":800,"url":"https:\/\/distribucionarc.com\/wp-content\/uploads\/2020\/08\/Selladora-de-envases-autom\u00e1tica-tapadora-de-bebidas-frescas-instant\u00e1nea-1.jpg","type":"image\/jpeg"}],"twitter_card":"summary_large_image","twitter_misc":{"Timp estimat pentru citire":"1 minut"},"schema":{"@context":"https:\/\/schema.org","@graph":[{"@type":"WebPage","@id":"https:\/\/distribucionarc.com\/pt\/producto\/selladora-de-envases-automatica-tapadora-de-bebidas-frescas-instantanea\/","url":"https:\/\/distribucionarc.com\/pt\/producto\/selladora-de-envases-automatica-tapadora-de-bebidas-frescas-instantanea\/","name":"Ma\u0219in\u0103 automat\u0103 de etan\u0219are a containerelor, capsul\u0103 instant pentru b\u0103uturi proaspete - distribu\u021bie ARC","isPartOf":{"@id":"https:\/\/distribucionarc.com\/de\/#website"},"primaryImageOfPage":{"@id":"https:\/\/distribucionarc.com\/pt\/producto\/selladora-de-envases-automatica-tapadora-de-bebidas-frescas-instantanea\/#primaryimage"},"image":{"@id":"https:\/\/distribucionarc.com\/pt\/producto\/selladora-de-envases-automatica-tapadora-de-bebidas-frescas-instantanea\/#primaryimage"},"thumbnailUrl":"https:\/\/distribucionarc.com\/wp-content\/uploads\/2020\/08\/Selladora-de-envases-autom\u00e1tica-tapadora-de-bebidas-frescas-instant\u00e1nea-1.jpg","datePublished":"2020-08-17T14:24:01+00:00","dateModified":"2022-11-04T00:01:30+00:00","breadcrumb":{"@id":"https:\/\/distribucionarc.com\/pt\/producto\/selladora-de-envases-automatica-tapadora-de-bebidas-frescas-instantanea\/#breadcrumb"},"inLanguage":"ro-RO","potentialAction":[{"@type":"ReadAction","target":["https:\/\/distribucionarc.com\/pt\/producto\/selladora-de-envases-automatica-tapadora-de-bebidas-frescas-instantanea\/"]}]},{"@type":"ImageObject","inLanguage":"ro-RO","@id":"https:\/\/distribucionarc.com\/pt\/producto\/selladora-de-envases-automatica-tapadora-de-bebidas-frescas-instantanea\/#primaryimage","url":"https:\/\/distribucionarc.com\/wp-content\/uploads\/2020\/08\/Selladora-de-envases-autom\u00e1tica-tapadora-de-bebidas-frescas-instant\u00e1nea-1.jpg","contentUrl":"https:\/\/distribucionarc.com\/wp-content\/uploads\/2020\/08\/Selladora-de-envases-autom\u00e1tica-tapadora-de-bebidas-frescas-instant\u00e1nea-1.jpg","width":800,"height":800,"caption":"Selladora de envases autom\u00e1tica, tapadora de bebidas frescas instant\u00e1nea\u00a0"},{"@type":"BreadcrumbList","@id":"https:\/\/distribucionarc.com\/pt\/producto\/selladora-de-envases-automatica-tapadora-de-bebidas-frescas-instantanea\/#breadcrumb","itemListElement":[{"@type":"ListItem","position":1,"name":"Portada","item":"https:\/\/distribucionarc.com\/pl\/"},{"@type":"ListItem","position":2,"name":"Produkty","item":"https:\/\/distribucionarc.com\/pl\/shop\/"},{"@type":"ListItem","position":3,"name":"Selladora de envases autom\u00e1tica, tapadora de bebidas frescas instant\u00e1nea\u00a0"}]},{"@type":"WebSite","@id":"https:\/\/distribucionarc.com\/de\/#website","url":"https:\/\/distribucionarc.com\/de\/","name":"Distribu\u021bie ARC","description":"Companie specializat\u0103 \u00een fabricarea \u0219i distribu\u021bia de utilaje industriale, ma\u0219ini de sigilat cutii, ma\u0219ini de fabricat tablete, ma\u0219ini de t\u0103iat carne...","publisher":{"@id":"https:\/\/distribucionarc.com\/de\/#organization"},"potentialAction":[{"@type":"SearchAction","target":{"@type":"EntryPoint","urlTemplate":"https:\/\/distribucionarc.com\/de\/?s={search_term_string}"},"query-input":{"@type":"PropertyValueSpecification","valueRequired":true,"valueName":"search_term_string"}}],"inLanguage":"ro-RO"},{"@type":"Organization","@id":"https:\/\/distribucionarc.com\/de\/#organization","name":"Distribu\u021bie ARC","url":"https:\/\/distribucionarc.com\/de\/","logo":{"@type":"ImageObject","inLanguage":"ro-RO","@id":"https:\/\/distribucionarc.com\/de\/#\/schema\/logo\/image\/","url":"https:\/\/distribucionarc.com\/wp-content\/uploads\/2024\/10\/distribucion-ARC-COLOR-SIN-FONDO-e1732295305345.png","contentUrl":"https:\/\/distribucionarc.com\/wp-content\/uploads\/2024\/10\/distribucion-ARC-COLOR-SIN-FONDO-e1732295305345.png","width":1164,"height":558,"caption":"Distribuci\u00f3n ARC"},"image":{"@id":"https:\/\/distribucionarc.com\/de\/#\/schema\/logo\/image\/"},"description":"Companie specializat\u0103 \u00een fabricarea \u0219i distribu\u021bia de utilaje industriale pentru sectoarele alimentar \u0219i farmaceutic. Suntem specializa\u021bi \u00een: Ma\u0219ini de t\u0103iat carne Fabricarea tabletelor Sisteme de transport industrial Linii de \u00eembuteliere Distribuitoare \u0218i multe altele... Oferim solu\u021bii inovatoare \u0219i personalizate pentru a optimiza procesele de produc\u021bie ale companiei dumneavoastr\u0103.","email":"Admistracion@distribucionarc.com","telephone":"+34 643496664","legalName":"ARC TECH SOLUTIONS","foundingDate":"2024-04-09","vatID":"B55480172","numberOfEmployees":{"@type":"QuantitativeValue","minValue":"1","maxValue":"10"}}]}},"_links":{"self":[{"href":"https:\/\/distribucionarc.com\/ro\/wp-json\/wp\/v2\/product\/2389","targetHints":{"allow":["GET"]}}],"collection":[{"href":"https:\/\/distribucionarc.com\/ro\/wp-json\/wp\/v2\/product"}],"about":[{"href":"https:\/\/distribucionarc.com\/ro\/wp-json\/wp\/v2\/types\/product"}],"replies":[{"embeddable":true,"href":"https:\/\/distribucionarc.com\/ro\/wp-json\/wp\/v2\/comments?post=2389"}],"version-history":[{"count":0,"href":"https:\/\/distribucionarc.com\/ro\/wp-json\/wp\/v2\/product\/2389\/revisions"}],"wp:featuredmedia":[{"embeddable":true,"href":"https:\/\/distribucionarc.com\/ro\/wp-json\/wp\/v2\/media\/2395"}],"wp:attachment":[{"href":"https:\/\/distribucionarc.com\/ro\/wp-json\/wp\/v2\/media?parent=2389"}],"wp:term":[{"taxonomy":"product_brand","embeddable":true,"href":"https:\/\/distribucionarc.com\/ro\/wp-json\/wp\/v2\/product_brand?post=2389"},{"taxonomy":"product_cat","embeddable":true,"href":"https:\/\/distribucionarc.com\/ro\/wp-json\/wp\/v2\/product_cat?post=2389"},{"taxonomy":"product_tag","embeddable":true,"href":"https:\/\/distribucionarc.com\/ro\/wp-json\/wp\/v2\/product_tag?post=2389"}],"curies":[{"name":"wp","href":"https:\/\/api.w.org\/{rel}","templated":true}]}}