{"id":2399,"date":"2020-08-17T15:30:58","date_gmt":"2020-08-17T15:30:58","guid":{"rendered":"https:\/\/distribucionarc.com\/?post_type=product&#038;p=2399"},"modified":"2024-01-26T14:18:18","modified_gmt":"2024-01-26T14:18:18","slug":"mixer-industrial-pentru-brutarie-30-l","status":"publish","type":"product","link":"https:\/\/distribucionarc.com\/ro\/producto\/mezclador-industrial-para-panaderia-30-l\/","title":{"rendered":"Mixer industrial pentru panificatie 30 L"},"content":{"rendered":"<h2>Mixer industrial pentru panificatie 30 L<\/h2>\n<p>El <strong>agitator industrial <span style=\"color: #ff0000;\">LA<\/span><span style=\"color: #0000ff;\">R<\/span>c<\/strong> Este echipat cu un bol din o\u021bel inoxidabil 304 alimentar de 30 de litri. Este capabil s\u0103 amestece cu u\u0219urin\u021b\u0103 re\u021bete de p\u00e2n\u0103 la 22 kg \u00eentr-un singur bol.<\/p>\n<p><strong>Mixerul industrial<span style=\"color: #ff0000;\"> LA<\/span><span style=\"color: #0000ff;\">R<\/span>CBMP30<\/strong> Este echipat cu trei accesorii \u00eenlocuibile, inclusiv un c\u00e2rlig de aluat \u00een spiral\u0103, un b\u0103t\u0103tor plat \u0219i un bici de s\u00e2rm\u0103. Proiectat perfect pentru a putea face toate tipurile de amestecuri alimentare. O protec\u021bie de siguran\u021b\u0103 a bolului din o\u021bel inoxidabil ata\u0219at\u0103 la mixer va \u00eempiedica \u00eempro\u0219carea ingredientelor sau a obiectelor mari s\u0103 cad\u0103 \u00een bol \u00een timp ce pute\u021bi observa procesul de amestecare.<\/p>\n<p>El <span style=\"color: #008000;\"><strong>Motor eficient de 1000 W<\/strong><\/span> asigur\u0103 o func\u021bionare stabil\u0103, oferind trei viteze de amestecare reglabile (105 RPM\/180 RPM\/408 RPM) pentru a v\u0103 ajuta s\u0103 v\u0103 amesteca\u021bi alimentele \u00een mod eficient.<\/p>\n<p>Acest<strong> mixer pentru aluat<\/strong> Adopt\u0103 o roat\u0103 rotativ\u0103 pentru a cobor\u00ee sau ridica vasul, care atinge o \u00een\u0103l\u021bime satisf\u0103c\u0103toare, se poate adapta perfect la diverse cerin\u021be de amestecare.<\/p>\n<h6>garan\u021bie <span style=\"color: #ff0000;\"><strong style=\"font-size: 1.1em;\">LA<\/strong><\/span><strong style=\"font-style: normal; font-size: 17.6px; color: #0000ff;\">R<\/strong><strong style=\"font-size: 1.1em;\">C 2 ANI<\/strong><\/h6>\n<h6><span style=\"color: #008000;\">Cel mai eficient motor cu consum redus de 1000 W<\/span><\/h6>\n<h6>suport tehnic inclus.<\/h6>\n<p>&nbsp;<\/p>\n<table role=\"presentation\" width=\"100%\" cellspacing=\"0\" cellpadding=\"0\">\n<tbody>\n<tr>\n<td class=\"attrLabels\">Garantie:<\/td>\n<td width=\"50.0%\">2 ANI<\/td>\n<\/tr>\n<tr>\n<td class=\"attrLabels\">Culoare:<\/td>\n<td width=\"50.0%\">Argint<\/td>\n<td class=\"attrLabels\">\u00cen\u0103l\u0163ime:<\/td>\n<td width=\"50.0%\">83 cm<\/td>\n<\/tr>\n<tr>\n<td class=\"attrLabels\">\u021aara de distribu\u021bie:<\/td>\n<td width=\"50.0%\">Spania, Germania, SUA<\/td>\n<td class=\"attrLabels\">Lung:<\/td>\n<td width=\"50.0%\">44,50 cm<\/td>\n<\/tr>\n<tr>\n<td class=\"attrLabels\">Marca:<\/td>\n<td width=\"50.0%\">ARC<\/td>\n<td class=\"attrLabels\">Larg:<\/td>\n<td width=\"50.0%\">\u00a0 54,50 cm<\/td>\n<\/tr>\n<tr>\n<td class=\"attrLabels\">Tip produs:<\/td>\n<td width=\"50.0%\">Mixer profesional<\/td>\n<td class=\"attrLabels\">Putere:<\/td>\n<td width=\"50.0%\">1000W<\/td>\n<\/tr>\n<tr>\n<td class=\"attrLabels\">Numar producator:<\/td>\n<td width=\"50.0%\">ARCBMP30<\/td>\n<td class=\"attrLabels\">Voltaj:<\/td>\n<td width=\"50.0%\">110V 60Hz<\/td>\n<\/tr>\n<tr>\n<td class=\"attrLabels\">Material:<\/td>\n<td width=\"50.0%\">Otel inoxidabil 304, motor eficient<\/td>\n<td class=\"attrLabels\">Volumul bolului:<\/td>\n<td width=\"50.0%\">30L<\/td>\n<\/tr>\n<tr>\n<td class=\"attrLabels\">Instrumente de instalare:<\/td>\n<td width=\"50.0%\">Da<\/td>\n<td class=\"attrLabels\">Capacitate de framantare:<\/td>\n<td width=\"50.0%\">22 kg<\/td>\n<\/tr>\n<tr>\n<td class=\"attrLabels\">Greutate:<\/td>\n<td width=\"50.0%\">86 kg<\/td>\n<td class=\"attrLabels\">Viteza de amestecare:<\/td>\n<td width=\"50.0%\">105 rpm 180 rpm 408 rpm<\/td>\n<\/tr>\n<\/tbody>\n<\/table>","protected":false},"excerpt":{"rendered":"<h2 style=\"font-style: normal;\">Mixer industrial pentru panificatie 30L<\/h2>\n<p>Acest <strong>blender alimentar<\/strong> Este indicat pentru amestecarea f\u0103inilor, aluatului, umpluturii, ou\u0103lor b\u0103tute etc. Datorit\u0103 motorului s\u0103u puternic de 1000 W \u0219i vasului s\u0103u robust din o\u021bel inoxidabil, procesul de fr\u0103m\u00e2ntare se realizeaz\u0103 rapid \u0219i u\u0219or, acest lucru<strong> mixer <span style=\"color: #ff0000;\">LA<\/span><span style=\"color: #0000ff;\">R<\/span>c<\/strong> Este o ma\u0219in\u0103 robust\u0103, durabil\u0103 \u0219i fiabil\u0103. Pute\u021bi alege diferite viteze pentru procesul de care ave\u021bi nevoie <strong>framanta, amesteca, bate<\/strong>. Toate p\u0103r\u021bile sale \u00een contact cu alimentele respect\u0103 standardele de s\u0103n\u0103tate.<\/p>\n<h6>garan\u021bie<strong>\u00a0<\/strong><span style=\"color: #ff0000;\"><strong>LA<\/strong><\/span><span style=\"color: #0000ff;\"><strong>R<\/strong><\/span><strong>C 2 ANI<\/strong><\/h6>\n<h6><span style=\"color: #008000;\">Cel mai eficient motor cu consum redus de 1000 W<\/span><\/h6>\n<h6>suport tehnic inclus.<\/h6>","protected":false},"featured_media":2405,"comment_status":"open","ping_status":"closed","template":"","meta":{"wds_primary_product_brand":0,"wds_primary_product_cat":0},"product_brand":[],"product_cat":[53],"product_tag":[],"class_list":{"0":"post-2399","1":"product","2":"type-product","3":"status-publish","4":"has-post-thumbnail","6":"product_cat-panaderia-y-pasteleria-industrial","7":"product_shipping_class-express","9":"first","10":"instock","11":"sale","12":"taxable","13":"shipping-taxable","14":"purchasable","15":"product-type-simple"},"yoast_head":"<!-- This site is optimized with the Yoast SEO Premium plugin v24.9 (Yoast SEO v26.1) - https:\/\/yoast.com\/wordpress\/plugins\/seo\/ -->\n<title>Mezclador industrial para panader\u00eda 30 L - distribuci\u00f3n ARC<\/title>\n<meta name=\"robots\" content=\"index, follow, max-snippet:-1, max-image-preview:large, max-video-preview:-1\" \/>\n<link rel=\"canonical\" href=\"https:\/\/www.distribucionarc.com\/it\/producto\/mezclador-industrial-para-panaderia-30-l\/\" \/>\n<meta property=\"og:locale\" content=\"ro_RO\" \/>\n<meta property=\"og:type\" content=\"article\" \/>\n<meta property=\"og:title\" content=\"Mezclador industrial para panader\u00eda 30 L\" \/>\n<meta property=\"og:description\" content=\"Mezclador industrial para panader\u00eda 30L Esta batidora de alimentos es la indicada para mezclar harinas, masa, relleno, huevos batidos, etc. Gracias a su potente motor de 1000W y su robusto bol de acero inoxidable el proceso de amasado se realiza r\u00e1pida y sencillamente, esta mezcladora ARC es una m\u00e1quina robusta, duradera y fiable. Puede elegir diferentes velocidades para el proceso que requiera ya sea amasar, mezclar, batir. Todas sus piezas de contacto con los alimentos cumplen con las normas sanitarias. Garant\u00eda\u00a0ARC 2 A\u00d1OS motor m\u00e1s eficiente bajo consumo 1000W soporte t\u00e9cnico\u00a0incluido.\" \/>\n<meta property=\"og:url\" content=\"https:\/\/www.distribucionarc.com\/it\/producto\/mezclador-industrial-para-panaderia-30-l\/\" \/>\n<meta property=\"og:site_name\" content=\"distribuci\u00f3n ARC\" \/>\n<meta property=\"article:modified_time\" content=\"2024-01-26T14:18:18+00:00\" \/>\n<meta property=\"og:image\" content=\"https:\/\/distribucionarc.com\/wp-content\/uploads\/2020\/08\/Mezclador-industrial-para-panader\u00eda-30L-0.jpg\" \/>\n\t<meta property=\"og:image:width\" content=\"1600\" \/>\n\t<meta property=\"og:image:height\" content=\"1600\" \/>\n\t<meta property=\"og:image:type\" content=\"image\/jpeg\" \/>\n<meta name=\"twitter:card\" content=\"summary_large_image\" \/>\n<meta name=\"twitter:label1\" content=\"Timp estimat pentru citire\" \/>\n\t<meta name=\"twitter:data1\" content=\"1 minut\" \/>\n<script type=\"application\/ld+json\" class=\"yoast-schema-graph\">{\"@context\":\"https:\/\/schema.org\",\"@graph\":[{\"@type\":\"WebPage\",\"@id\":\"https:\/\/www.distribucionarc.com\/it\/producto\/mezclador-industrial-para-panaderia-30-l\/\",\"url\":\"https:\/\/www.distribucionarc.com\/it\/producto\/mezclador-industrial-para-panaderia-30-l\/\",\"name\":\"Mezclador industrial para panader\u00eda 30 L - distribuci\u00f3n ARC\",\"isPartOf\":{\"@id\":\"https:\/\/www.distribucionarc.com\/sl\/#website\"},\"primaryImageOfPage\":{\"@id\":\"https:\/\/www.distribucionarc.com\/it\/producto\/mezclador-industrial-para-panaderia-30-l\/#primaryimage\"},\"image\":{\"@id\":\"https:\/\/www.distribucionarc.com\/it\/producto\/mezclador-industrial-para-panaderia-30-l\/#primaryimage\"},\"thumbnailUrl\":\"https:\/\/distribucionarc.com\/wp-content\/uploads\/2020\/08\/Mezclador-industrial-para-panader\u00eda-30L-0.jpg\",\"datePublished\":\"2020-08-17T15:30:58+00:00\",\"dateModified\":\"2024-01-26T14:18:18+00:00\",\"breadcrumb\":{\"@id\":\"https:\/\/www.distribucionarc.com\/it\/producto\/mezclador-industrial-para-panaderia-30-l\/#breadcrumb\"},\"inLanguage\":\"ro-RO\",\"potentialAction\":[{\"@type\":\"ReadAction\",\"target\":[\"https:\/\/www.distribucionarc.com\/it\/producto\/mezclador-industrial-para-panaderia-30-l\/\"]}]},{\"@type\":\"ImageObject\",\"inLanguage\":\"ro-RO\",\"@id\":\"https:\/\/www.distribucionarc.com\/it\/producto\/mezclador-industrial-para-panaderia-30-l\/#primaryimage\",\"url\":\"https:\/\/distribucionarc.com\/wp-content\/uploads\/2020\/08\/Mezclador-industrial-para-panader\u00eda-30L-0.jpg\",\"contentUrl\":\"https:\/\/distribucionarc.com\/wp-content\/uploads\/2020\/08\/Mezclador-industrial-para-panader\u00eda-30L-0.jpg\",\"width\":1600,\"height\":1600,\"caption\":\"Mezclador industrial para panader\u00eda 30L\"},{\"@type\":\"BreadcrumbList\",\"@id\":\"https:\/\/www.distribucionarc.com\/it\/producto\/mezclador-industrial-para-panaderia-30-l\/#breadcrumb\",\"itemListElement\":[{\"@type\":\"ListItem\",\"position\":1,\"name\":\"Portada\",\"item\":\"https:\/\/www.distribucionarc.com\/\"},{\"@type\":\"ListItem\",\"position\":2,\"name\":\"\u00dcr\u00fcnler\",\"item\":\"https:\/\/www.distribucionarc.com\/tr\/magaza\/\"},{\"@type\":\"ListItem\",\"position\":3,\"name\":\"Mezclador industrial para panader\u00eda 30 L\"}]},{\"@type\":\"WebSite\",\"@id\":\"https:\/\/www.distribucionarc.com\/sl\/#website\",\"url\":\"https:\/\/www.distribucionarc.com\/sl\/\",\"name\":\"distribuci\u00f3n ARC\",\"description\":\"Empresa especializada en la fabricaci\u00f3n y distribuci\u00f3n de maquinaria industrial, selladoras de latas, Maquinas de hacer pastillas, Maquinas de cortar carne...\",\"publisher\":{\"@id\":\"https:\/\/www.distribucionarc.com\/sl\/#organization\"},\"potentialAction\":[{\"@type\":\"SearchAction\",\"target\":{\"@type\":\"EntryPoint\",\"urlTemplate\":\"https:\/\/www.distribucionarc.com\/sl\/?s={search_term_string}\"},\"query-input\":{\"@type\":\"PropertyValueSpecification\",\"valueRequired\":true,\"valueName\":\"search_term_string\"}}],\"inLanguage\":\"ro-RO\"},{\"@type\":\"Organization\",\"@id\":\"https:\/\/www.distribucionarc.com\/sl\/#organization\",\"name\":\"Distribuci\u00f3n ARC\",\"url\":\"https:\/\/www.distribucionarc.com\/sl\/\",\"logo\":{\"@type\":\"ImageObject\",\"inLanguage\":\"ro-RO\",\"@id\":\"https:\/\/www.distribucionarc.com\/sl\/#\/schema\/logo\/image\/\",\"url\":\"https:\/\/distribucionarc.com\/wp-content\/uploads\/2024\/10\/distribucion-ARC-COLOR-SIN-FONDO-e1732295305345.png\",\"contentUrl\":\"https:\/\/distribucionarc.com\/wp-content\/uploads\/2024\/10\/distribucion-ARC-COLOR-SIN-FONDO-e1732295305345.png\",\"width\":1164,\"height\":558,\"caption\":\"Distribuci\u00f3n ARC\"},\"image\":{\"@id\":\"https:\/\/www.distribucionarc.com\/sl\/#\/schema\/logo\/image\/\"},\"description\":\"Empresa especializada en la fabricaci\u00f3n y distribuci\u00f3n de maquinaria industrial para los sectores alimentario y farmac\u00e9utico. Nos especializamos en: M\u00e1quinas de cortar carne Fabricaci\u00f3n de comprimidos Sistemas de transporte industrial L\u00edneas de embotellado Dosificadores Y mucho m\u00e1s... Ofrecemos soluciones innovadoras y personalizadas para optimizar los procesos productivos de tu empresa.\",\"email\":\"Admistracion@distribucionarc.com\",\"telephone\":\"+34 643496664\",\"legalName\":\"ARC TECH SOLUTIONS\",\"foundingDate\":\"2024-04-09\",\"vatID\":\"B55480172\",\"numberOfEmployees\":{\"@type\":\"QuantitativeValue\",\"minValue\":\"1\",\"maxValue\":\"10\"}}]}<\/script>\n<!-- \/ Yoast SEO Premium plugin. -->","yoast_head_json":{"title":"Mixer industrial pentru panificatie 30 L - distributie ARC","robots":{"index":"index","follow":"follow","max-snippet":"max-snippet:-1","max-image-preview":"max-image-preview:large","max-video-preview":"max-video-preview:-1"},"canonical":"https:\/\/www.distribucionarc.com\/it\/producto\/mezclador-industrial-para-panaderia-30-l\/","og_locale":"ro_RO","og_type":"article","og_title":"Mezclador industrial para panader\u00eda 30 L","og_description":"Mezclador industrial para panader\u00eda 30L Esta batidora de alimentos es la indicada para mezclar harinas, masa, relleno, huevos batidos, etc. Gracias a su potente motor de 1000W y su robusto bol de acero inoxidable el proceso de amasado se realiza r\u00e1pida y sencillamente, esta mezcladora ARC es una m\u00e1quina robusta, duradera y fiable. Puede elegir diferentes velocidades para el proceso que requiera ya sea amasar, mezclar, batir. Todas sus piezas de contacto con los alimentos cumplen con las normas sanitarias. Garant\u00eda\u00a0ARC 2 A\u00d1OS motor m\u00e1s eficiente bajo consumo 1000W soporte t\u00e9cnico\u00a0incluido.","og_url":"https:\/\/www.distribucionarc.com\/it\/producto\/mezclador-industrial-para-panaderia-30-l\/","og_site_name":"distribuci\u00f3n ARC","article_modified_time":"2024-01-26T14:18:18+00:00","og_image":[{"width":1600,"height":1600,"url":"https:\/\/distribucionarc.com\/wp-content\/uploads\/2020\/08\/Mezclador-industrial-para-panader\u00eda-30L-0.jpg","type":"image\/jpeg"}],"twitter_card":"summary_large_image","twitter_misc":{"Timp estimat pentru citire":"1 minut"},"schema":{"@context":"https:\/\/schema.org","@graph":[{"@type":"WebPage","@id":"https:\/\/www.distribucionarc.com\/it\/producto\/mezclador-industrial-para-panaderia-30-l\/","url":"https:\/\/www.distribucionarc.com\/it\/producto\/mezclador-industrial-para-panaderia-30-l\/","name":"Mixer industrial pentru panificatie 30 L - distributie ARC","isPartOf":{"@id":"https:\/\/www.distribucionarc.com\/sl\/#website"},"primaryImageOfPage":{"@id":"https:\/\/www.distribucionarc.com\/it\/producto\/mezclador-industrial-para-panaderia-30-l\/#primaryimage"},"image":{"@id":"https:\/\/www.distribucionarc.com\/it\/producto\/mezclador-industrial-para-panaderia-30-l\/#primaryimage"},"thumbnailUrl":"https:\/\/distribucionarc.com\/wp-content\/uploads\/2020\/08\/Mezclador-industrial-para-panader\u00eda-30L-0.jpg","datePublished":"2020-08-17T15:30:58+00:00","dateModified":"2024-01-26T14:18:18+00:00","breadcrumb":{"@id":"https:\/\/www.distribucionarc.com\/it\/producto\/mezclador-industrial-para-panaderia-30-l\/#breadcrumb"},"inLanguage":"ro-RO","potentialAction":[{"@type":"ReadAction","target":["https:\/\/www.distribucionarc.com\/it\/producto\/mezclador-industrial-para-panaderia-30-l\/"]}]},{"@type":"ImageObject","inLanguage":"ro-RO","@id":"https:\/\/www.distribucionarc.com\/it\/producto\/mezclador-industrial-para-panaderia-30-l\/#primaryimage","url":"https:\/\/distribucionarc.com\/wp-content\/uploads\/2020\/08\/Mezclador-industrial-para-panader\u00eda-30L-0.jpg","contentUrl":"https:\/\/distribucionarc.com\/wp-content\/uploads\/2020\/08\/Mezclador-industrial-para-panader\u00eda-30L-0.jpg","width":1600,"height":1600,"caption":"Mezclador industrial para panader\u00eda 30L"},{"@type":"BreadcrumbList","@id":"https:\/\/www.distribucionarc.com\/it\/producto\/mezclador-industrial-para-panaderia-30-l\/#breadcrumb","itemListElement":[{"@type":"ListItem","position":1,"name":"Portada","item":"https:\/\/www.distribucionarc.com\/"},{"@type":"ListItem","position":2,"name":"\u00dcr\u00fcnler","item":"https:\/\/www.distribucionarc.com\/tr\/magaza\/"},{"@type":"ListItem","position":3,"name":"Mezclador industrial para panader\u00eda 30 L"}]},{"@type":"WebSite","@id":"https:\/\/www.distribucionarc.com\/sl\/#website","url":"https:\/\/www.distribucionarc.com\/sl\/","name":"Distribu\u021bie ARC","description":"Companie specializat\u0103 \u00een fabricarea \u0219i distribu\u021bia de utilaje industriale, ma\u0219ini de sigilat cutii, ma\u0219ini de fabricat tablete, ma\u0219ini de t\u0103iat carne...","publisher":{"@id":"https:\/\/www.distribucionarc.com\/sl\/#organization"},"potentialAction":[{"@type":"SearchAction","target":{"@type":"EntryPoint","urlTemplate":"https:\/\/www.distribucionarc.com\/sl\/?s={search_term_string}"},"query-input":{"@type":"PropertyValueSpecification","valueRequired":true,"valueName":"search_term_string"}}],"inLanguage":"ro-RO"},{"@type":"Organization","@id":"https:\/\/www.distribucionarc.com\/sl\/#organization","name":"Distribu\u021bie ARC","url":"https:\/\/www.distribucionarc.com\/sl\/","logo":{"@type":"ImageObject","inLanguage":"ro-RO","@id":"https:\/\/www.distribucionarc.com\/sl\/#\/schema\/logo\/image\/","url":"https:\/\/distribucionarc.com\/wp-content\/uploads\/2024\/10\/distribucion-ARC-COLOR-SIN-FONDO-e1732295305345.png","contentUrl":"https:\/\/distribucionarc.com\/wp-content\/uploads\/2024\/10\/distribucion-ARC-COLOR-SIN-FONDO-e1732295305345.png","width":1164,"height":558,"caption":"Distribuci\u00f3n ARC"},"image":{"@id":"https:\/\/www.distribucionarc.com\/sl\/#\/schema\/logo\/image\/"},"description":"Companie specializat\u0103 \u00een fabricarea \u0219i distribu\u021bia de utilaje industriale pentru sectoarele alimentar \u0219i farmaceutic. Suntem specializa\u021bi \u00een: Ma\u0219ini de t\u0103iat carne Fabricarea tabletelor Sisteme de transport industrial Linii de \u00eembuteliere Distribuitoare \u0218i multe altele... Oferim solu\u021bii inovatoare \u0219i personalizate pentru a optimiza procesele de produc\u021bie ale companiei dumneavoastr\u0103.","email":"Admistracion@distribucionarc.com","telephone":"+34 643496664","legalName":"ARC TECH SOLUTIONS","foundingDate":"2024-04-09","vatID":"B55480172","numberOfEmployees":{"@type":"QuantitativeValue","minValue":"1","maxValue":"10"}}]}},"_links":{"self":[{"href":"https:\/\/distribucionarc.com\/ro\/wp-json\/wp\/v2\/product\/2399","targetHints":{"allow":["GET"]}}],"collection":[{"href":"https:\/\/distribucionarc.com\/ro\/wp-json\/wp\/v2\/product"}],"about":[{"href":"https:\/\/distribucionarc.com\/ro\/wp-json\/wp\/v2\/types\/product"}],"replies":[{"embeddable":true,"href":"https:\/\/distribucionarc.com\/ro\/wp-json\/wp\/v2\/comments?post=2399"}],"version-history":[{"count":0,"href":"https:\/\/distribucionarc.com\/ro\/wp-json\/wp\/v2\/product\/2399\/revisions"}],"wp:featuredmedia":[{"embeddable":true,"href":"https:\/\/distribucionarc.com\/ro\/wp-json\/wp\/v2\/media\/2405"}],"wp:attachment":[{"href":"https:\/\/distribucionarc.com\/ro\/wp-json\/wp\/v2\/media?parent=2399"}],"wp:term":[{"taxonomy":"product_brand","embeddable":true,"href":"https:\/\/distribucionarc.com\/ro\/wp-json\/wp\/v2\/product_brand?post=2399"},{"taxonomy":"product_cat","embeddable":true,"href":"https:\/\/distribucionarc.com\/ro\/wp-json\/wp\/v2\/product_cat?post=2399"},{"taxonomy":"product_tag","embeddable":true,"href":"https:\/\/distribucionarc.com\/ro\/wp-json\/wp\/v2\/product_tag?post=2399"}],"curies":[{"name":"wp","href":"https:\/\/api.w.org\/{rel}","templated":true}]}}