{"id":2427,"date":"2020-08-18T10:29:11","date_gmt":"2020-08-18T10:29:11","guid":{"rendered":"https:\/\/distribucionarc.com\/?post_type=product&#038;p=2427"},"modified":"2023-07-05T16:12:33","modified_gmt":"2023-07-05T16:12:33","slug":"masina-de-curatat-cartofi-automata-15-20-kg","status":"publish","type":"product","link":"https:\/\/distribucionarc.com\/ro\/producto\/pelador-automatico-de-patatas-15-20-kg\/","title":{"rendered":"Masina de curatat cartofi automata 15-20 Kg"},"content":{"rendered":"<h3>Masina de curatat cartofi automata 15-20 Kg<\/h3>\n<p>The<strong> cur\u0103\u021b\u0103tor de legume <span style=\"color: #ff0000;\">LA<\/span><span style=\"color: #0000ff;\">R<\/span>c<\/strong> Adopt\u0103 o\u021bel inoxidabil 201 de \u00eenalt\u0103 calitate, care nu rugine\u0219te, nu este u\u0219or de deformat \u0219i este u\u0219or de cur\u0103\u021bat cu un aspect atr\u0103g\u0103tor. Dotat cu a <span style=\"color: #008000;\"><strong>motor de mare putere<\/strong><\/span> 1500W, adic\u0103 <span style=\"color: #008000;\"><strong>stabil si eficient<\/strong><\/span>. <strong>Can<\/strong> termina <strong>cur\u0103\u021ba\u021bi 15-20 kg cartofi \u00een 20 de minute<\/strong>.<\/p>\n<p>Peretele interior al butoiului este realizat din material matuit. Designul convex inferior poate r\u0103sturna eficient cartofii pentru a ob\u021bine coajarea la 360 de grade a cartofilor.<\/p>\n<p>Un comutator de precizie este inclus pentru mai mult\u0103 siguran\u021b\u0103, confort \u0219i u\u0219urin\u021b\u0103 \u00een utilizare. Ecranul extern transparent protejeaz\u0103 eficient comutatorul. Prin rotirea supapei, debitul de ap\u0103 poate fi controlat dup\u0103 cum este necesar.<\/p>\n<p>The <strong>ma\u0219in\u0103 de decojit <span style=\"color: #ff0000;\">LA<\/span><span style=\"color: #0000ff;\">R<\/span>CPAP15<\/strong> Prevazut cu un orificiu mare de iesire pentru colectarea rapida a cartofilor curatati; evacuare a resturilor cu diametru mare pentru drenarea rapid\u0103 a resturilor, economisind timp \u0219i efort; M\u00e2ner umanizat \u0219i ro\u021bi pentru o mi\u0219care convenabil\u0103.<\/p>\n<h6><\/h6>\n<h6>garan\u021bie<strong>\u00a0<\/strong><span style=\"color: #ff0000;\"><strong>LA<\/strong><\/span><span style=\"color: #0000ff;\"><strong>R<\/strong><\/span><strong>C 2 ANI<\/strong><\/h6>\n<h6><span style=\"color: #008000;\">Cel mai eficient motor cu consum redus de 1500 W<\/span><\/h6>\n<h6>suport tehnic inclus<\/h6>\n<p>&nbsp;<\/p>\n<table role=\"presentation\" width=\"100%\" cellspacing=\"0\" cellpadding=\"0\">\n<tbody>\n<tr>\n<td class=\"attrLabels\">Garantie:<\/td>\n<td width=\"50.0%\">2 ANI<\/td>\n<\/tr>\n<tr>\n<td class=\"attrLabels\">Culoare:<\/td>\n<td width=\"50.0%\">Argint<\/td>\n<td class=\"attrLabels\">\u00cen\u0103l\u0163ime:<\/td>\n<td width=\"50.0%\">85 cm<\/td>\n<\/tr>\n<tr>\n<td class=\"attrLabels\">\u021aara de distribu\u021bie:<\/td>\n<td width=\"50.0%\">Spania, Germania, SUA<\/td>\n<td class=\"attrLabels\">Lung:<\/td>\n<td width=\"50.0%\">55 cm<\/td>\n<\/tr>\n<tr>\n<td class=\"attrLabels\">Marca:<\/td>\n<td width=\"50.0%\">ARC<\/td>\n<td class=\"attrLabels\">Larg:<\/td>\n<td width=\"50.0%\">\u00a0 60 cm<\/td>\n<\/tr>\n<tr>\n<td class=\"attrLabels\">Tip produs:<\/td>\n<td width=\"50.0%\">Cur\u0103\u021b\u0103 automat\u0103 de cartofi<\/td>\n<td class=\"attrLabels\">Putere:<\/td>\n<td width=\"50.0%\">1500W<\/td>\n<\/tr>\n<tr>\n<td class=\"attrLabels\">Numar producator:<\/td>\n<td width=\"50.0%\">ARCPAP15<\/td>\n<td class=\"attrLabels\">Voltaj:<\/td>\n<td width=\"50.0%\">220V 60Hz<\/td>\n<\/tr>\n<tr>\n<td class=\"attrLabels\">Material:<\/td>\n<td width=\"50.0%\">201 otel inoxidabil, motor eficient<\/td>\n<td class=\"attrLabels\">Capacitate de productie:<\/td>\n<td width=\"50.0%\">15 \u2013 20 kg<\/td>\n<\/tr>\n<tr>\n<td class=\"attrLabels\">Instrumente de instalare:<\/td>\n<td width=\"50.0%\">Da<\/td>\n<td class=\"attrLabels\">Timp de a\u0219teptare:<\/td>\n<td width=\"50.0%\">20 de minute<\/td>\n<\/tr>\n<tr>\n<td class=\"attrLabels\">Greutate:<\/td>\n<td width=\"50.0%\">56 kg<\/td>\n<td class=\"attrLabels\">Operare:<\/td>\n<td width=\"50.0%\">electric si apa<\/td>\n<\/tr>\n<\/tbody>\n<\/table>","protected":false},"excerpt":{"rendered":"<h2>Masina de curatat cartofi automata 15-20 Kg<\/h2>\n<p>Acest <strong>ma\u0219in\u0103 automat\u0103 de decojit <span style=\"color: #ff0000;\">LA<span style=\"color: #0000ff;\">R<\/span><\/span>c<\/strong> Este capabil s\u0103 cure\u021be \u0219i s\u0103 spele diverse legume, precum cartofi, cartofi dulci, ghimbir, taros etc., f\u0103r\u0103 a le deteriora pulpa. Peelingul eficient se realizeaz\u0103 prin rota\u021bie centrifug\u0103 \u0219i tehnologii de peeling prin frecare, se poate ajunge<strong> Cur\u0103\u021ba\u021bi 15 p\u00e2n\u0103 la 20 kg \u00een 20 de minute.<\/strong> \u00centreaga ma\u0219in\u0103 este realizat\u0103 din o\u021bel inoxidabil 201 pentru o cur\u0103\u021bare f\u0103r\u0103 efort, cu ro\u021bi rotative \u0219i m\u00e2ner pentru o mi\u0219care confortabil\u0103.<\/p>\n<h6>garan\u021bie<strong>\u00a0<\/strong><span style=\"color: #ff0000;\"><strong>LA<\/strong><\/span><span style=\"color: #0000ff;\"><strong>R<\/strong><\/span><strong>C 2 ANI<\/strong><\/h6>\n<h6><span style=\"color: #008000;\">Cel mai eficient motor cu consum redus de 1500 W<\/span><\/h6>\n<h6>suport tehnic inclus<\/h6>","protected":false},"featured_media":2434,"comment_status":"open","ping_status":"closed","template":"","meta":{"wds_primary_product_brand":0,"wds_primary_product_cat":0},"product_brand":[],"product_cat":[43,61],"product_tag":[],"class_list":{"0":"post-2427","1":"product","2":"type-product","3":"status-publish","4":"has-post-thumbnail","6":"product_cat-cortadoras-de-alimentos","7":"product_cat-peladoras-de-alimentos","8":"product_shipping_class-express","10":"first","11":"instock","12":"taxable","13":"shipping-taxable","14":"purchasable","15":"product-type-simple"},"yoast_head":"<!-- This site is optimized with the Yoast SEO Premium plugin v24.9 (Yoast SEO v26.1) - https:\/\/yoast.com\/wordpress\/plugins\/seo\/ -->\n<title>Pelador autom\u00e1tico de patatas 15-20 Kg - distribuci\u00f3n ARC<\/title>\n<meta name=\"robots\" content=\"index, follow, max-snippet:-1, max-image-preview:large, max-video-preview:-1\" \/>\n<link rel=\"canonical\" href=\"https:\/\/distribucionarc.com\/ro\/produs\/masina-de-curatat-cartofi-automata-15-20-kg\/\" \/>\n<meta property=\"og:locale\" content=\"ro_RO\" \/>\n<meta property=\"og:type\" content=\"article\" \/>\n<meta property=\"og:title\" content=\"Pelador autom\u00e1tico de patatas 15-20 Kg\" \/>\n<meta property=\"og:description\" content=\"Pelador autom\u00e1tico de patatas 15-20 Kg Esta m\u00e1quina peladora autom\u00e1tica ARC es capaz de pelar y lavar varios vegetales, como papas, batatas, jengibres, taros, etc., sin da\u00f1ar su pulpa. El pelado efectivo se consigue mediante tecnolog\u00edas de rotaci\u00f3n centr\u00edfuga y de pelado por fricci\u00f3n, puede llegar a pelar de 15 a 20 kg en 20 minutos. Toda la m\u00e1quina est\u00e1 fabricada en acero inoxidable 201 para una limpieza sin esfuerzo, con ruedas giratorias y mango para un c\u00f3modo desplazamiento. Garant\u00eda\u00a0ARC 2 A\u00d1OS motor m\u00e1s eficiente bajo consumo 1500W soporte t\u00e9cnico\u00a0incluido\" \/>\n<meta property=\"og:url\" content=\"https:\/\/distribucionarc.com\/ro\/produs\/masina-de-curatat-cartofi-automata-15-20-kg\/\" \/>\n<meta property=\"og:site_name\" content=\"distribuci\u00f3n ARC\" \/>\n<meta property=\"article:modified_time\" content=\"2023-07-05T16:12:33+00:00\" \/>\n<meta property=\"og:image\" content=\"https:\/\/distribucionarc.com\/wp-content\/uploads\/2020\/08\/Pelador-autom\u00e1tico-de-patatas-15-20-Kg-0.jpg\" \/>\n\t<meta property=\"og:image:width\" content=\"1600\" \/>\n\t<meta property=\"og:image:height\" content=\"1600\" \/>\n\t<meta property=\"og:image:type\" content=\"image\/jpeg\" \/>\n<meta name=\"twitter:card\" content=\"summary_large_image\" \/>\n<meta name=\"twitter:label1\" content=\"Timp estimat pentru citire\" \/>\n\t<meta name=\"twitter:data1\" content=\"1 minut\" \/>\n<script type=\"application\/ld+json\" class=\"yoast-schema-graph\">{\"@context\":\"https:\/\/schema.org\",\"@graph\":[{\"@type\":\"WebPage\",\"@id\":\"https:\/\/distribucionarc.com\/nl\/producto\/pelador-automatico-de-patatas-15-20-kg\/\",\"url\":\"https:\/\/distribucionarc.com\/nl\/producto\/pelador-automatico-de-patatas-15-20-kg\/\",\"name\":\"Pelador autom\u00e1tico de patatas 15-20 Kg - distribuci\u00f3n ARC\",\"isPartOf\":{\"@id\":\"https:\/\/distribucionarc.com\/bg\/#website\"},\"primaryImageOfPage\":{\"@id\":\"https:\/\/distribucionarc.com\/nl\/producto\/pelador-automatico-de-patatas-15-20-kg\/#primaryimage\"},\"image\":{\"@id\":\"https:\/\/distribucionarc.com\/nl\/producto\/pelador-automatico-de-patatas-15-20-kg\/#primaryimage\"},\"thumbnailUrl\":\"https:\/\/distribucionarc.com\/wp-content\/uploads\/2020\/08\/Pelador-autom\u00e1tico-de-patatas-15-20-Kg-0.jpg\",\"datePublished\":\"2020-08-18T10:29:11+00:00\",\"dateModified\":\"2023-07-05T16:12:33+00:00\",\"breadcrumb\":{\"@id\":\"https:\/\/distribucionarc.com\/nl\/producto\/pelador-automatico-de-patatas-15-20-kg\/#breadcrumb\"},\"inLanguage\":\"ro-RO\",\"potentialAction\":[{\"@type\":\"ReadAction\",\"target\":[\"https:\/\/distribucionarc.com\/nl\/producto\/pelador-automatico-de-patatas-15-20-kg\/\"]}]},{\"@type\":\"ImageObject\",\"inLanguage\":\"ro-RO\",\"@id\":\"https:\/\/distribucionarc.com\/nl\/producto\/pelador-automatico-de-patatas-15-20-kg\/#primaryimage\",\"url\":\"https:\/\/distribucionarc.com\/wp-content\/uploads\/2020\/08\/Pelador-autom\u00e1tico-de-patatas-15-20-Kg-0.jpg\",\"contentUrl\":\"https:\/\/distribucionarc.com\/wp-content\/uploads\/2020\/08\/Pelador-autom\u00e1tico-de-patatas-15-20-Kg-0.jpg\",\"width\":1600,\"height\":1600,\"caption\":\"Pelador autom\u00e1tico de patatas 15-20 Kg\"},{\"@type\":\"BreadcrumbList\",\"@id\":\"https:\/\/distribucionarc.com\/nl\/producto\/pelador-automatico-de-patatas-15-20-kg\/#breadcrumb\",\"itemListElement\":[{\"@type\":\"ListItem\",\"position\":1,\"name\":\"Portada\",\"item\":\"https:\/\/distribucionarc.com\/nb\/\"},{\"@type\":\"ListItem\",\"position\":2,\"name\":\"Products\",\"item\":\"https:\/\/www.distribucionarc.com\/en\/shop\/\"},{\"@type\":\"ListItem\",\"position\":3,\"name\":\"Pelador autom\u00e1tico de patatas 15-20 Kg\"}]},{\"@type\":\"WebSite\",\"@id\":\"https:\/\/distribucionarc.com\/bg\/#website\",\"url\":\"https:\/\/distribucionarc.com\/bg\/\",\"name\":\"distribuci\u00f3n ARC\",\"description\":\"Empresa especializada en la fabricaci\u00f3n y distribuci\u00f3n de maquinaria industrial, selladoras de latas, Maquinas de hacer pastillas, Maquinas de cortar carne...\",\"publisher\":{\"@id\":\"https:\/\/distribucionarc.com\/bg\/#organization\"},\"potentialAction\":[{\"@type\":\"SearchAction\",\"target\":{\"@type\":\"EntryPoint\",\"urlTemplate\":\"https:\/\/distribucionarc.com\/bg\/?s={search_term_string}\"},\"query-input\":{\"@type\":\"PropertyValueSpecification\",\"valueRequired\":true,\"valueName\":\"search_term_string\"}}],\"inLanguage\":\"ro-RO\"},{\"@type\":\"Organization\",\"@id\":\"https:\/\/distribucionarc.com\/bg\/#organization\",\"name\":\"Distribuci\u00f3n ARC\",\"url\":\"https:\/\/distribucionarc.com\/bg\/\",\"logo\":{\"@type\":\"ImageObject\",\"inLanguage\":\"ro-RO\",\"@id\":\"https:\/\/distribucionarc.com\/bg\/#\/schema\/logo\/image\/\",\"url\":\"https:\/\/distribucionarc.com\/wp-content\/uploads\/2024\/10\/distribucion-ARC-COLOR-SIN-FONDO-e1732295305345.png\",\"contentUrl\":\"https:\/\/distribucionarc.com\/wp-content\/uploads\/2024\/10\/distribucion-ARC-COLOR-SIN-FONDO-e1732295305345.png\",\"width\":1164,\"height\":558,\"caption\":\"Distribuci\u00f3n ARC\"},\"image\":{\"@id\":\"https:\/\/distribucionarc.com\/bg\/#\/schema\/logo\/image\/\"},\"description\":\"Empresa especializada en la fabricaci\u00f3n y distribuci\u00f3n de maquinaria industrial para los sectores alimentario y farmac\u00e9utico. Nos especializamos en: M\u00e1quinas de cortar carne Fabricaci\u00f3n de comprimidos Sistemas de transporte industrial L\u00edneas de embotellado Dosificadores Y mucho m\u00e1s... Ofrecemos soluciones innovadoras y personalizadas para optimizar los procesos productivos de tu empresa.\",\"email\":\"Admistracion@distribucionarc.com\",\"telephone\":\"+34 643496664\",\"legalName\":\"ARC TECH SOLUTIONS\",\"foundingDate\":\"2024-04-09\",\"vatID\":\"B55480172\",\"numberOfEmployees\":{\"@type\":\"QuantitativeValue\",\"minValue\":\"1\",\"maxValue\":\"10\"}}]}<\/script>\n<!-- \/ Yoast SEO Premium plugin. -->","yoast_head_json":{"title":"Cojitor automat de cartofi 15-20 Kg - distributie ARC","robots":{"index":"index","follow":"follow","max-snippet":"max-snippet:-1","max-image-preview":"max-image-preview:large","max-video-preview":"max-video-preview:-1"},"canonical":"https:\/\/distribucionarc.com\/ro\/produs\/masina-de-curatat-cartofi-automata-15-20-kg\/","og_locale":"ro_RO","og_type":"article","og_title":"Pelador autom\u00e1tico de patatas 15-20 Kg","og_description":"Pelador autom\u00e1tico de patatas 15-20 Kg Esta m\u00e1quina peladora autom\u00e1tica ARC es capaz de pelar y lavar varios vegetales, como papas, batatas, jengibres, taros, etc., sin da\u00f1ar su pulpa. El pelado efectivo se consigue mediante tecnolog\u00edas de rotaci\u00f3n centr\u00edfuga y de pelado por fricci\u00f3n, puede llegar a pelar de 15 a 20 kg en 20 minutos. Toda la m\u00e1quina est\u00e1 fabricada en acero inoxidable 201 para una limpieza sin esfuerzo, con ruedas giratorias y mango para un c\u00f3modo desplazamiento. Garant\u00eda\u00a0ARC 2 A\u00d1OS motor m\u00e1s eficiente bajo consumo 1500W soporte t\u00e9cnico\u00a0incluido","og_url":"https:\/\/distribucionarc.com\/ro\/produs\/masina-de-curatat-cartofi-automata-15-20-kg\/","og_site_name":"distribuci\u00f3n ARC","article_modified_time":"2023-07-05T16:12:33+00:00","og_image":[{"width":1600,"height":1600,"url":"https:\/\/distribucionarc.com\/wp-content\/uploads\/2020\/08\/Pelador-autom\u00e1tico-de-patatas-15-20-Kg-0.jpg","type":"image\/jpeg"}],"twitter_card":"summary_large_image","twitter_misc":{"Timp estimat pentru citire":"1 minut"},"schema":{"@context":"https:\/\/schema.org","@graph":[{"@type":"WebPage","@id":"https:\/\/distribucionarc.com\/nl\/producto\/pelador-automatico-de-patatas-15-20-kg\/","url":"https:\/\/distribucionarc.com\/nl\/producto\/pelador-automatico-de-patatas-15-20-kg\/","name":"Cojitor automat de cartofi 15-20 Kg - distributie ARC","isPartOf":{"@id":"https:\/\/distribucionarc.com\/bg\/#website"},"primaryImageOfPage":{"@id":"https:\/\/distribucionarc.com\/nl\/producto\/pelador-automatico-de-patatas-15-20-kg\/#primaryimage"},"image":{"@id":"https:\/\/distribucionarc.com\/nl\/producto\/pelador-automatico-de-patatas-15-20-kg\/#primaryimage"},"thumbnailUrl":"https:\/\/distribucionarc.com\/wp-content\/uploads\/2020\/08\/Pelador-autom\u00e1tico-de-patatas-15-20-Kg-0.jpg","datePublished":"2020-08-18T10:29:11+00:00","dateModified":"2023-07-05T16:12:33+00:00","breadcrumb":{"@id":"https:\/\/distribucionarc.com\/nl\/producto\/pelador-automatico-de-patatas-15-20-kg\/#breadcrumb"},"inLanguage":"ro-RO","potentialAction":[{"@type":"ReadAction","target":["https:\/\/distribucionarc.com\/nl\/producto\/pelador-automatico-de-patatas-15-20-kg\/"]}]},{"@type":"ImageObject","inLanguage":"ro-RO","@id":"https:\/\/distribucionarc.com\/nl\/producto\/pelador-automatico-de-patatas-15-20-kg\/#primaryimage","url":"https:\/\/distribucionarc.com\/wp-content\/uploads\/2020\/08\/Pelador-autom\u00e1tico-de-patatas-15-20-Kg-0.jpg","contentUrl":"https:\/\/distribucionarc.com\/wp-content\/uploads\/2020\/08\/Pelador-autom\u00e1tico-de-patatas-15-20-Kg-0.jpg","width":1600,"height":1600,"caption":"Pelador autom\u00e1tico de patatas 15-20 Kg"},{"@type":"BreadcrumbList","@id":"https:\/\/distribucionarc.com\/nl\/producto\/pelador-automatico-de-patatas-15-20-kg\/#breadcrumb","itemListElement":[{"@type":"ListItem","position":1,"name":"Portada","item":"https:\/\/distribucionarc.com\/nb\/"},{"@type":"ListItem","position":2,"name":"Products","item":"https:\/\/www.distribucionarc.com\/en\/shop\/"},{"@type":"ListItem","position":3,"name":"Pelador autom\u00e1tico de patatas 15-20 Kg"}]},{"@type":"WebSite","@id":"https:\/\/distribucionarc.com\/bg\/#website","url":"https:\/\/distribucionarc.com\/bg\/","name":"Distribu\u021bie ARC","description":"Companie specializat\u0103 \u00een fabricarea \u0219i distribu\u021bia de utilaje industriale, ma\u0219ini de sigilat cutii, ma\u0219ini de fabricat tablete, ma\u0219ini de t\u0103iat carne...","publisher":{"@id":"https:\/\/distribucionarc.com\/bg\/#organization"},"potentialAction":[{"@type":"SearchAction","target":{"@type":"EntryPoint","urlTemplate":"https:\/\/distribucionarc.com\/bg\/?s={search_term_string}"},"query-input":{"@type":"PropertyValueSpecification","valueRequired":true,"valueName":"search_term_string"}}],"inLanguage":"ro-RO"},{"@type":"Organization","@id":"https:\/\/distribucionarc.com\/bg\/#organization","name":"Distribu\u021bie ARC","url":"https:\/\/distribucionarc.com\/bg\/","logo":{"@type":"ImageObject","inLanguage":"ro-RO","@id":"https:\/\/distribucionarc.com\/bg\/#\/schema\/logo\/image\/","url":"https:\/\/distribucionarc.com\/wp-content\/uploads\/2024\/10\/distribucion-ARC-COLOR-SIN-FONDO-e1732295305345.png","contentUrl":"https:\/\/distribucionarc.com\/wp-content\/uploads\/2024\/10\/distribucion-ARC-COLOR-SIN-FONDO-e1732295305345.png","width":1164,"height":558,"caption":"Distribuci\u00f3n ARC"},"image":{"@id":"https:\/\/distribucionarc.com\/bg\/#\/schema\/logo\/image\/"},"description":"Companie specializat\u0103 \u00een fabricarea \u0219i distribu\u021bia de utilaje industriale pentru sectoarele alimentar \u0219i farmaceutic. Suntem specializa\u021bi \u00een: Ma\u0219ini de t\u0103iat carne Fabricarea tabletelor Sisteme de transport industrial Linii de \u00eembuteliere Distribuitoare \u0218i multe altele... Oferim solu\u021bii inovatoare \u0219i personalizate pentru a optimiza procesele de produc\u021bie ale companiei dumneavoastr\u0103.","email":"Admistracion@distribucionarc.com","telephone":"+34 643496664","legalName":"ARC TECH SOLUTIONS","foundingDate":"2024-04-09","vatID":"B55480172","numberOfEmployees":{"@type":"QuantitativeValue","minValue":"1","maxValue":"10"}}]}},"_links":{"self":[{"href":"https:\/\/distribucionarc.com\/ro\/wp-json\/wp\/v2\/product\/2427","targetHints":{"allow":["GET"]}}],"collection":[{"href":"https:\/\/distribucionarc.com\/ro\/wp-json\/wp\/v2\/product"}],"about":[{"href":"https:\/\/distribucionarc.com\/ro\/wp-json\/wp\/v2\/types\/product"}],"replies":[{"embeddable":true,"href":"https:\/\/distribucionarc.com\/ro\/wp-json\/wp\/v2\/comments?post=2427"}],"version-history":[{"count":0,"href":"https:\/\/distribucionarc.com\/ro\/wp-json\/wp\/v2\/product\/2427\/revisions"}],"wp:featuredmedia":[{"embeddable":true,"href":"https:\/\/distribucionarc.com\/ro\/wp-json\/wp\/v2\/media\/2434"}],"wp:attachment":[{"href":"https:\/\/distribucionarc.com\/ro\/wp-json\/wp\/v2\/media?parent=2427"}],"wp:term":[{"taxonomy":"product_brand","embeddable":true,"href":"https:\/\/distribucionarc.com\/ro\/wp-json\/wp\/v2\/product_brand?post=2427"},{"taxonomy":"product_cat","embeddable":true,"href":"https:\/\/distribucionarc.com\/ro\/wp-json\/wp\/v2\/product_cat?post=2427"},{"taxonomy":"product_tag","embeddable":true,"href":"https:\/\/distribucionarc.com\/ro\/wp-json\/wp\/v2\/product_tag?post=2427"}],"curies":[{"name":"wp","href":"https:\/\/api.w.org\/{rel}","templated":true}]}}