{"id":2466,"date":"2020-08-18T18:03:34","date_gmt":"2020-08-18T18:03:34","guid":{"rendered":"https:\/\/distribucionarc.com\/?post_type=product&#038;p=2466"},"modified":"2020-10-01T07:45:43","modified_gmt":"2020-10-01T07:45:43","slug":"distilator-apa-alcool-12l","status":"publish","type":"product","link":"https:\/\/distribucionarc.com\/ro\/producto\/destilador-alcohol-de-agua-12l\/","title":{"rendered":"Distilator apa alcool 12L"},"content":{"rendered":"<h3>Distilator apa alcool 12L<\/h3>\n<p>El\u00a0<strong>distilator de alcool<\/strong>\u00a0de\u00a0<strong><span style=\"color: #ff0000;\">LA<\/span><span style=\"color: #0000ff;\">R<\/span>c<\/strong>\u00a0Este potrivit pentru distilarea vinului de fructe, apei, rachiului, extragerea plantelor etc. Recomandat at\u00e2t pentru \u00eencep\u0103tori, c\u00e2t \u0219i pentru profesioni\u0219ti. Capabil s\u0103 aplice toate tipurile de metode de \u00eenc\u0103lzire.<\/p>\n<p>El\u00a0<strong>distilator de alcool<\/strong>\u00a0<strong><span style=\"color: #ff0000;\">LA<\/span><span style=\"color: #0000ff;\">R<\/span>c<\/strong> Are o capacitate mare de produc\u021bie pentru a produce p\u00e2n\u0103 la <strong>20L<\/strong>\u00a0de materie. Robustul\u00a0<strong>distilator<\/strong>\u00a0O\u021belul inoxidabil dureaz\u0103 ani de zile. Fundul \u00eengro\u0219at permite toate tipurile de metode de \u00eenc\u0103lzire.<\/p>\n<p>R\u0103cirea de\u00a0<strong>distilator de ap\u0103<\/strong>\u00a0Este de tip deschis, cu design dublu butoi. Bobinele de cupru au o zon\u0103 mare de contact cu lichidul de r\u0103cire cu apa, care ofer\u0103 a\u00a0<span style=\"color: #0000ff;\"><strong>performan\u021ba de r\u0103cire \u0219i men\u021binerea unei temperaturi destul de sc\u0103zute a produsului distilat<\/strong><\/span>. Apa care circul\u0103 intr\u0103 prin orificiul de admisie inferioar\u0103 \u0219i se scurge din orificiul de evacuare superior. Tuburile flexibile \u0219i robuste din silicon de calitate alimentar\u0103 asigur\u0103 un flux rapid de ap\u0103. Pompa suplimentar\u0103 de ap\u0103 de circula\u021bie economise\u0219te ap\u0103 \u0219i asigur\u0103 mai mult\u0103 produc\u021bie. Termometrul \u00eencorporat \u00een capacul\u00a0<strong>distilator de alcool<\/strong>\u00a0<strong><span style=\"color: #ff0000;\">LA<\/span><span style=\"color: #0000ff;\">R<\/span>CDAF12<\/strong>\u00a0Permite monitorizarea u\u0219oar\u0103 a temperaturii \u00een timpul procesului de distilare.<\/p>\n<p>Patru c\u00e2rlige rapide ajut\u0103 la etan\u0219area etan\u0219\u0103\u00a0<strong>trusa de distilare<\/strong>, m\u00e2nerele de ridicare ata\u0219ate cupei men\u021bin o cantitate mare de tensiune. Con\u021bine supap\u0103 de evacuare a aerului unidirec\u021bional\u0103 implicat\u0103 pentru aplicarea \u00een procesul de fermentare a cerealelor.<\/p>\n<h6><\/h6>\n<h6><strong>garan\u021bie<span style=\"color: #ff0000;\">\u00a0LA<\/span><span style=\"color: #0000ff;\">R<\/span>C 2 ANI<\/strong><\/h6>\n<h6><span style=\"color: #0000ff;\">Sistem de racire rapida<\/span><\/h6>\n<h6><strong>suport tehnic inclus.<\/strong><\/h6>\n<p>&nbsp;<\/p>\n<table role=\"presentation\" width=\"100%\" cellspacing=\"0\" cellpadding=\"0\">\n<tbody>\n<tr>\n<td class=\"attrLabels\">Temperatur\u0103:<\/td>\n<td width=\"50.0%\">0-350\u00baC adaptabilitate la c\u0103ldur\u0103<\/td>\n<\/tr>\n<tr>\n<td class=\"attrLabels\">\u021aara de distribu\u021bie:<\/td>\n<td width=\"50.0%\">Spania, Germania, SUA<\/td>\n<td class=\"attrLabels\">Greutate:<\/td>\n<td width=\"50.0%\">9 kg<\/td>\n<\/tr>\n<tr>\n<td class=\"attrLabels\">Marca:<\/td>\n<td width=\"50.0%\">ARC<\/td>\n<td class=\"attrLabels\">\u00cen\u0103l\u0163ime:<\/td>\n<td width=\"50.0%\">38 cm<\/td>\n<\/tr>\n<tr>\n<td class=\"attrLabels\">Culoare:<\/td>\n<td width=\"50.0%\">Argint<\/td>\n<td class=\"attrLabels\">Lung:<\/td>\n<td width=\"50.0%\">\u00a030 cm<\/td>\n<\/tr>\n<tr>\n<td class=\"attrLabels\">Tip produs:<\/td>\n<td width=\"50.0%\">distilator de alcool de ap\u0103<\/td>\n<td class=\"attrLabels\">Larg:<\/td>\n<td width=\"50.0%\">30 cm<\/td>\n<\/tr>\n<tr>\n<td class=\"attrLabels\">Numar producator:<\/td>\n<td width=\"50.0%\">ARCDAF12<\/td>\n<td class=\"attrLabels\">Tip de o\u021bel:<\/td>\n<td width=\"50.0%\">304<\/td>\n<\/tr>\n<tr>\n<td class=\"attrLabels\">Material:<\/td>\n<td width=\"50.0%\">o\u021bel inoxidabil, baz\u0103 special\u0103, control al presiunii \u0219i temperaturii<\/td>\n<td class=\"attrLabels\">Tip capac:<\/td>\n<td width=\"50.0%\">\u00cenchidere ermetic\u0103, c\u00e2rlige de \u00eenchidere<\/td>\n<\/tr>\n<tr>\n<td class=\"attrLabels\">Dimensiunea butoiului:<\/td>\n<td width=\"50.0%\">30x30cm<\/td>\n<td class=\"attrLabels\">Garantie:<\/td>\n<td width=\"50.0%\">2 ANI<\/td>\n<\/tr>\n<tr>\n<td class=\"attrLabels\">Litri:<\/td>\n<td width=\"50.0%\">12L<\/td>\n<td class=\"attrLabels\">Instrumente de instalare:<\/td>\n<td width=\"50.0%\">Da<\/td>\n<\/tr>\n<\/tbody>\n<\/table>\n<p>&nbsp;<\/p>","protected":false},"excerpt":{"rendered":"<h2>Distilator apa alcool 12L<\/h2>\n<p>Aceast\u0103 oal\u0103 din o\u021bel inoxidabil. Poate fi \u00eenc\u0103lzit cu aragazul cu induc\u021bie, aragaz sau orice alt\u0103 surs\u0103 de \u00eenc\u0103lzire.  The\u00a0<strong><span style=\"color: #ff0000;\">LA<\/span><span style=\"color: #0000ff;\">R<\/span>CDAF12 <\/strong>Are butoaie duble pentru rezultate mai bune de distilare. Acest\u00a0<strong>distilator de ap\u0103<\/strong>\u00a0Adopt\u0103 metoda de r\u0103cire de tip deschis, bobinele de cupru cu conductivitate termic\u0103 rapid\u0103 asigur\u0103 performan\u021be promi\u021b\u0103toare de r\u0103cire \u00eempreun\u0103 cu o zon\u0103 mare de contact cu lichidul de r\u0103cire, oferind o temperatur\u0103 destul de sc\u0103zut\u0103 a produsului distilat. El\u00a0<strong>distilator de alcool<\/strong>\u00a0de\u00a0<strong><span style=\"color: #ff0000;\">LA<\/span><span style=\"color: #0000ff;\">R<\/span>c<\/strong>\u00a0Este perfect\u0103 pentru ad\u0103ugarea de arome produsului dumneavoastr\u0103, Pomp\u0103 de ap\u0103 circulant\u0103 ata\u0219at\u0103 pentru a economisi apa de r\u0103cire \u0219i pentru a oferi mai mult\u0103 arom\u0103.<\/p>\n<h6><strong>garan\u021bie\u00a0<span style=\"color: #ff0000;\">LA<\/span><span style=\"color: #0000ff;\">R<\/span>C 2 ANI<\/strong><\/h6>\n<h6><span style=\"color: #0000ff;\">Sistem de racire rapida\u00a0<\/span><\/h6>\n<h6><strong>suport tehnic inclus<\/strong><\/h6>","protected":false},"featured_media":2475,"comment_status":"open","ping_status":"closed","template":"","meta":{"wds_primary_product_brand":0,"wds_primary_product_cat":0},"product_brand":[],"product_cat":[54],"product_tag":[],"class_list":{"0":"post-2466","1":"product","2":"type-product","3":"status-publish","4":"has-post-thumbnail","6":"product_cat-maceracion-fermentacion","7":"product_shipping_class-hosteleria","9":"first","10":"instock","11":"sale","12":"taxable","13":"shipping-taxable","14":"purchasable","15":"product-type-simple"},"yoast_head":"<!-- This site is optimized with the Yoast SEO Premium plugin v24.9 (Yoast SEO v26.1) - https:\/\/yoast.com\/wordpress\/plugins\/seo\/ -->\n<title>Destilador alcohol de agua 12L - distribuci\u00f3n ARC<\/title>\n<meta name=\"robots\" content=\"index, follow, max-snippet:-1, max-image-preview:large, max-video-preview:-1\" \/>\n<link rel=\"canonical\" href=\"https:\/\/distribucionarc.com\/ro\/produs\/distilator-apa-alcool-12l\/\" \/>\n<meta property=\"og:locale\" content=\"ro_RO\" \/>\n<meta property=\"og:type\" content=\"article\" \/>\n<meta property=\"og:title\" content=\"Destilador alcohol de agua 12L\" \/>\n<meta property=\"og:description\" content=\"Destilador alcohol de agua 12L Esta olla de acero inox. se puede calentar por cocina de inducci\u00f3n, estufa o cualquier otra fuente de calefacci\u00f3n. \u00a0La\u00a0ARCDAF12 cuenta\u00a0 con barriles dobles para obtener mejores resultados de destilaci\u00f3n. Este\u00a0destilador de agua\u00a0adopta el m\u00e9todo de enfriamiento de tipo abierto, las bobinas de cobre con conductividad t\u00e9rmica r\u00e1pida aseguran un rendimiento de enfriamiento prometedor junto con una gran \u00e1rea de contacto con el refrigerante, proporcionando una temperatura bastante baja del producto destilado. El\u00a0destilador de alcohol\u00a0de\u00a0ARC\u00a0es el \u00a0perfecto para a\u00f1adir sabores a su producto, Bomba de agua circulante unida para ahorrar agua de refrigeraci\u00f3n y proporcionar m\u00e1s sabor. Garant\u00eda\u00a0ARC 2 A\u00d1OS Sistema de enfriado r\u00e1pido\u00a0 soporte t\u00e9cnico incluido\" \/>\n<meta property=\"og:url\" content=\"https:\/\/distribucionarc.com\/ro\/produs\/distilator-apa-alcool-12l\/\" \/>\n<meta property=\"og:site_name\" content=\"distribuci\u00f3n ARC\" \/>\n<meta property=\"article:modified_time\" content=\"2020-10-01T07:45:43+00:00\" \/>\n<meta property=\"og:image\" content=\"https:\/\/distribucionarc.com\/wp-content\/uploads\/2020\/08\/Destilador-alcohol-de-agua-12L-0.jpg\" \/>\n\t<meta property=\"og:image:width\" content=\"1000\" \/>\n\t<meta property=\"og:image:height\" content=\"1000\" \/>\n\t<meta property=\"og:image:type\" content=\"image\/jpeg\" \/>\n<meta name=\"twitter:card\" content=\"summary_large_image\" \/>\n<meta name=\"twitter:label1\" content=\"Timp estimat pentru citire\" \/>\n\t<meta name=\"twitter:data1\" content=\"2 minute\" \/>\n<script type=\"application\/ld+json\" class=\"yoast-schema-graph\">{\"@context\":\"https:\/\/schema.org\",\"@graph\":[{\"@type\":\"WebPage\",\"@id\":\"https:\/\/distribucionarc.com\/fr\/producto\/destilador-alcohol-de-agua-12l\/\",\"url\":\"https:\/\/distribucionarc.com\/fr\/producto\/destilador-alcohol-de-agua-12l\/\",\"name\":\"Destilador alcohol de agua 12L - distribuci\u00f3n ARC\",\"isPartOf\":{\"@id\":\"https:\/\/www.distribucionarc.com\/de\/#website\"},\"primaryImageOfPage\":{\"@id\":\"https:\/\/distribucionarc.com\/fr\/producto\/destilador-alcohol-de-agua-12l\/#primaryimage\"},\"image\":{\"@id\":\"https:\/\/distribucionarc.com\/fr\/producto\/destilador-alcohol-de-agua-12l\/#primaryimage\"},\"thumbnailUrl\":\"https:\/\/distribucionarc.com\/wp-content\/uploads\/2020\/08\/Destilador-alcohol-de-agua-12L-0.jpg\",\"datePublished\":\"2020-08-18T18:03:34+00:00\",\"dateModified\":\"2020-10-01T07:45:43+00:00\",\"breadcrumb\":{\"@id\":\"https:\/\/distribucionarc.com\/fr\/producto\/destilador-alcohol-de-agua-12l\/#breadcrumb\"},\"inLanguage\":\"ro-RO\",\"potentialAction\":[{\"@type\":\"ReadAction\",\"target\":[\"https:\/\/distribucionarc.com\/fr\/producto\/destilador-alcohol-de-agua-12l\/\"]}]},{\"@type\":\"ImageObject\",\"inLanguage\":\"ro-RO\",\"@id\":\"https:\/\/distribucionarc.com\/fr\/producto\/destilador-alcohol-de-agua-12l\/#primaryimage\",\"url\":\"https:\/\/distribucionarc.com\/wp-content\/uploads\/2020\/08\/Destilador-alcohol-de-agua-12L-0.jpg\",\"contentUrl\":\"https:\/\/distribucionarc.com\/wp-content\/uploads\/2020\/08\/Destilador-alcohol-de-agua-12L-0.jpg\",\"width\":1000,\"height\":1000,\"caption\":\"Destilador alcohol de agua 12L\"},{\"@type\":\"BreadcrumbList\",\"@id\":\"https:\/\/distribucionarc.com\/fr\/producto\/destilador-alcohol-de-agua-12l\/#breadcrumb\",\"itemListElement\":[{\"@type\":\"ListItem\",\"position\":1,\"name\":\"Portada\",\"item\":\"https:\/\/www.distribucionarc.com\/en\/\"},{\"@type\":\"ListItem\",\"position\":2,\"name\":\"Products\",\"item\":\"https:\/\/www.distribucionarc.com\/en\/shop\/\"},{\"@type\":\"ListItem\",\"position\":3,\"name\":\"Destilador alcohol de agua 12L\"}]},{\"@type\":\"WebSite\",\"@id\":\"https:\/\/www.distribucionarc.com\/de\/#website\",\"url\":\"https:\/\/www.distribucionarc.com\/de\/\",\"name\":\"distribuci\u00f3n ARC\",\"description\":\"Empresa especializada en la fabricaci\u00f3n y distribuci\u00f3n de maquinaria industrial, selladoras de latas, Maquinas de hacer pastillas, Maquinas de cortar carne...\",\"publisher\":{\"@id\":\"https:\/\/www.distribucionarc.com\/de\/#organization\"},\"potentialAction\":[{\"@type\":\"SearchAction\",\"target\":{\"@type\":\"EntryPoint\",\"urlTemplate\":\"https:\/\/www.distribucionarc.com\/de\/?s={search_term_string}\"},\"query-input\":{\"@type\":\"PropertyValueSpecification\",\"valueRequired\":true,\"valueName\":\"search_term_string\"}}],\"inLanguage\":\"ro-RO\"},{\"@type\":\"Organization\",\"@id\":\"https:\/\/www.distribucionarc.com\/de\/#organization\",\"name\":\"Distribuci\u00f3n ARC\",\"url\":\"https:\/\/www.distribucionarc.com\/de\/\",\"logo\":{\"@type\":\"ImageObject\",\"inLanguage\":\"ro-RO\",\"@id\":\"https:\/\/www.distribucionarc.com\/de\/#\/schema\/logo\/image\/\",\"url\":\"https:\/\/distribucionarc.com\/wp-content\/uploads\/2024\/10\/distribucion-ARC-COLOR-SIN-FONDO-e1732295305345.png\",\"contentUrl\":\"https:\/\/distribucionarc.com\/wp-content\/uploads\/2024\/10\/distribucion-ARC-COLOR-SIN-FONDO-e1732295305345.png\",\"width\":1164,\"height\":558,\"caption\":\"Distribuci\u00f3n ARC\"},\"image\":{\"@id\":\"https:\/\/www.distribucionarc.com\/de\/#\/schema\/logo\/image\/\"},\"description\":\"Empresa especializada en la fabricaci\u00f3n y distribuci\u00f3n de maquinaria industrial para los sectores alimentario y farmac\u00e9utico. Nos especializamos en: M\u00e1quinas de cortar carne Fabricaci\u00f3n de comprimidos Sistemas de transporte industrial L\u00edneas de embotellado Dosificadores Y mucho m\u00e1s... Ofrecemos soluciones innovadoras y personalizadas para optimizar los procesos productivos de tu empresa.\",\"email\":\"Admistracion@distribucionarc.com\",\"telephone\":\"+34 643496664\",\"legalName\":\"ARC TECH SOLUTIONS\",\"foundingDate\":\"2024-04-09\",\"vatID\":\"B55480172\",\"numberOfEmployees\":{\"@type\":\"QuantitativeValue\",\"minValue\":\"1\",\"maxValue\":\"10\"}}]}<\/script>\n<!-- \/ Yoast SEO Premium plugin. -->","yoast_head_json":{"title":"Distilator apa alcool 12L - distributie ARC","robots":{"index":"index","follow":"follow","max-snippet":"max-snippet:-1","max-image-preview":"max-image-preview:large","max-video-preview":"max-video-preview:-1"},"canonical":"https:\/\/distribucionarc.com\/ro\/produs\/distilator-apa-alcool-12l\/","og_locale":"ro_RO","og_type":"article","og_title":"Destilador alcohol de agua 12L","og_description":"Destilador alcohol de agua 12L Esta olla de acero inox. se puede calentar por cocina de inducci\u00f3n, estufa o cualquier otra fuente de calefacci\u00f3n. \u00a0La\u00a0ARCDAF12 cuenta\u00a0 con barriles dobles para obtener mejores resultados de destilaci\u00f3n. Este\u00a0destilador de agua\u00a0adopta el m\u00e9todo de enfriamiento de tipo abierto, las bobinas de cobre con conductividad t\u00e9rmica r\u00e1pida aseguran un rendimiento de enfriamiento prometedor junto con una gran \u00e1rea de contacto con el refrigerante, proporcionando una temperatura bastante baja del producto destilado. El\u00a0destilador de alcohol\u00a0de\u00a0ARC\u00a0es el \u00a0perfecto para a\u00f1adir sabores a su producto, Bomba de agua circulante unida para ahorrar agua de refrigeraci\u00f3n y proporcionar m\u00e1s sabor. Garant\u00eda\u00a0ARC 2 A\u00d1OS Sistema de enfriado r\u00e1pido\u00a0 soporte t\u00e9cnico incluido","og_url":"https:\/\/distribucionarc.com\/ro\/produs\/distilator-apa-alcool-12l\/","og_site_name":"distribuci\u00f3n ARC","article_modified_time":"2020-10-01T07:45:43+00:00","og_image":[{"width":1000,"height":1000,"url":"https:\/\/distribucionarc.com\/wp-content\/uploads\/2020\/08\/Destilador-alcohol-de-agua-12L-0.jpg","type":"image\/jpeg"}],"twitter_card":"summary_large_image","twitter_misc":{"Timp estimat pentru citire":"2 minute"},"schema":{"@context":"https:\/\/schema.org","@graph":[{"@type":"WebPage","@id":"https:\/\/distribucionarc.com\/fr\/producto\/destilador-alcohol-de-agua-12l\/","url":"https:\/\/distribucionarc.com\/fr\/producto\/destilador-alcohol-de-agua-12l\/","name":"Distilator apa alcool 12L - distributie ARC","isPartOf":{"@id":"https:\/\/www.distribucionarc.com\/de\/#website"},"primaryImageOfPage":{"@id":"https:\/\/distribucionarc.com\/fr\/producto\/destilador-alcohol-de-agua-12l\/#primaryimage"},"image":{"@id":"https:\/\/distribucionarc.com\/fr\/producto\/destilador-alcohol-de-agua-12l\/#primaryimage"},"thumbnailUrl":"https:\/\/distribucionarc.com\/wp-content\/uploads\/2020\/08\/Destilador-alcohol-de-agua-12L-0.jpg","datePublished":"2020-08-18T18:03:34+00:00","dateModified":"2020-10-01T07:45:43+00:00","breadcrumb":{"@id":"https:\/\/distribucionarc.com\/fr\/producto\/destilador-alcohol-de-agua-12l\/#breadcrumb"},"inLanguage":"ro-RO","potentialAction":[{"@type":"ReadAction","target":["https:\/\/distribucionarc.com\/fr\/producto\/destilador-alcohol-de-agua-12l\/"]}]},{"@type":"ImageObject","inLanguage":"ro-RO","@id":"https:\/\/distribucionarc.com\/fr\/producto\/destilador-alcohol-de-agua-12l\/#primaryimage","url":"https:\/\/distribucionarc.com\/wp-content\/uploads\/2020\/08\/Destilador-alcohol-de-agua-12L-0.jpg","contentUrl":"https:\/\/distribucionarc.com\/wp-content\/uploads\/2020\/08\/Destilador-alcohol-de-agua-12L-0.jpg","width":1000,"height":1000,"caption":"Destilador alcohol de agua 12L"},{"@type":"BreadcrumbList","@id":"https:\/\/distribucionarc.com\/fr\/producto\/destilador-alcohol-de-agua-12l\/#breadcrumb","itemListElement":[{"@type":"ListItem","position":1,"name":"Portada","item":"https:\/\/www.distribucionarc.com\/en\/"},{"@type":"ListItem","position":2,"name":"Products","item":"https:\/\/www.distribucionarc.com\/en\/shop\/"},{"@type":"ListItem","position":3,"name":"Destilador alcohol de agua 12L"}]},{"@type":"WebSite","@id":"https:\/\/www.distribucionarc.com\/de\/#website","url":"https:\/\/www.distribucionarc.com\/de\/","name":"Distribu\u021bie ARC","description":"Companie specializat\u0103 \u00een fabricarea \u0219i distribu\u021bia de utilaje industriale, ma\u0219ini de sigilat cutii, ma\u0219ini de fabricat tablete, ma\u0219ini de t\u0103iat carne...","publisher":{"@id":"https:\/\/www.distribucionarc.com\/de\/#organization"},"potentialAction":[{"@type":"SearchAction","target":{"@type":"EntryPoint","urlTemplate":"https:\/\/www.distribucionarc.com\/de\/?s={search_term_string}"},"query-input":{"@type":"PropertyValueSpecification","valueRequired":true,"valueName":"search_term_string"}}],"inLanguage":"ro-RO"},{"@type":"Organization","@id":"https:\/\/www.distribucionarc.com\/de\/#organization","name":"Distribu\u021bie ARC","url":"https:\/\/www.distribucionarc.com\/de\/","logo":{"@type":"ImageObject","inLanguage":"ro-RO","@id":"https:\/\/www.distribucionarc.com\/de\/#\/schema\/logo\/image\/","url":"https:\/\/distribucionarc.com\/wp-content\/uploads\/2024\/10\/distribucion-ARC-COLOR-SIN-FONDO-e1732295305345.png","contentUrl":"https:\/\/distribucionarc.com\/wp-content\/uploads\/2024\/10\/distribucion-ARC-COLOR-SIN-FONDO-e1732295305345.png","width":1164,"height":558,"caption":"Distribuci\u00f3n ARC"},"image":{"@id":"https:\/\/www.distribucionarc.com\/de\/#\/schema\/logo\/image\/"},"description":"Companie specializat\u0103 \u00een fabricarea \u0219i distribu\u021bia de utilaje industriale pentru sectoarele alimentar \u0219i farmaceutic. Suntem specializa\u021bi \u00een: Ma\u0219ini de t\u0103iat carne Fabricarea tabletelor Sisteme de transport industrial Linii de \u00eembuteliere Distribuitoare \u0218i multe altele... Oferim solu\u021bii inovatoare \u0219i personalizate pentru a optimiza procesele de produc\u021bie ale companiei dumneavoastr\u0103.","email":"Admistracion@distribucionarc.com","telephone":"+34 643496664","legalName":"ARC TECH SOLUTIONS","foundingDate":"2024-04-09","vatID":"B55480172","numberOfEmployees":{"@type":"QuantitativeValue","minValue":"1","maxValue":"10"}}]}},"_links":{"self":[{"href":"https:\/\/distribucionarc.com\/ro\/wp-json\/wp\/v2\/product\/2466","targetHints":{"allow":["GET"]}}],"collection":[{"href":"https:\/\/distribucionarc.com\/ro\/wp-json\/wp\/v2\/product"}],"about":[{"href":"https:\/\/distribucionarc.com\/ro\/wp-json\/wp\/v2\/types\/product"}],"replies":[{"embeddable":true,"href":"https:\/\/distribucionarc.com\/ro\/wp-json\/wp\/v2\/comments?post=2466"}],"version-history":[{"count":0,"href":"https:\/\/distribucionarc.com\/ro\/wp-json\/wp\/v2\/product\/2466\/revisions"}],"wp:featuredmedia":[{"embeddable":true,"href":"https:\/\/distribucionarc.com\/ro\/wp-json\/wp\/v2\/media\/2475"}],"wp:attachment":[{"href":"https:\/\/distribucionarc.com\/ro\/wp-json\/wp\/v2\/media?parent=2466"}],"wp:term":[{"taxonomy":"product_brand","embeddable":true,"href":"https:\/\/distribucionarc.com\/ro\/wp-json\/wp\/v2\/product_brand?post=2466"},{"taxonomy":"product_cat","embeddable":true,"href":"https:\/\/distribucionarc.com\/ro\/wp-json\/wp\/v2\/product_cat?post=2466"},{"taxonomy":"product_tag","embeddable":true,"href":"https:\/\/distribucionarc.com\/ro\/wp-json\/wp\/v2\/product_tag?post=2466"}],"curies":[{"name":"wp","href":"https:\/\/api.w.org\/{rel}","templated":true}]}}