{"id":2608,"date":"2020-08-19T16:59:17","date_gmt":"2020-08-19T16:59:17","guid":{"rendered":"https:\/\/distribucionarc.com\/?post_type=product&#038;p=2608"},"modified":"2023-06-04T18:46:12","modified_gmt":"2023-06-04T18:46:12","slug":"feliere-electrice-tocat-fructe-legume-si-carne","status":"publish","type":"product","link":"https:\/\/distribucionarc.com\/ro\/producto\/cortadora-picadora-electrica-de-frutas-verduras-y-carne\/","title":{"rendered":"Felia, tocator electric pentru fructe, legume si carne"},"content":{"rendered":"<h3>T\u0103i\u0103tor, toc\u0103tor electric pentru fructe, legume \u0219i procesor carne legume<\/h3>\n<p>El\u00a0<strong>t\u0103ietor profesional de legume\u00a0<span style=\"color: #ff0000;\">LA<\/span><span style=\"color: #0000ff;\">R<\/span>c<\/strong> Este realizat din otel inoxidabil si aliaj de aluminiu turnat cu suprafata anodizata argintie. Anticoroziv. Motorul de \u00eenalt\u0103 eficien\u021b\u0103 de 500 W permite o vitez\u0103 mare de rota\u021bie de 1600 r\/min. Viteza de rota\u021bie a discurilor de t\u0103iere este de 270 r\/min.<\/p>\n<p>Picioarele din cauciuc antiderapante asigur\u0103 stabilitatea\u00a0<strong>t\u0103ietor profesional<\/strong>; Comutatorul de alimentare cu capac asigur\u0103 siguran\u021b\u0103; bara de putere previne r\u0103nirea m\u00e2inilor; M\u00e2nerul ergonomic faciliteaz\u0103 t\u0103ierea.<\/p>\n<p>Potrivit pentru t\u0103ierea diferitelor legume, fructe \u0219i br\u00e2nzeturi. Capabil s\u0103 efectueze t\u0103ierea, m\u0103run\u021birea \u0219i t\u0103ierea cubule\u021be folosind diferite discuri de t\u0103iere.<\/p>\n<h6>garan\u021bie<strong>\u00a0<span style=\"color: #ff0000;\">LA<\/span><span style=\"color: #0000ff;\">R<\/span>c<\/strong><\/h6>\n<h6><span style=\"color: #008000;\"><strong>Robot de bucatarie pentru legume, consum mic 500w<\/strong><\/span><\/h6>\n<h6>suport tehnic inclus<\/h6>\n<p>&nbsp;<\/p>\n<table role=\"presentation\" width=\"100%\" cellspacing=\"0\" cellpadding=\"0\">\n<tbody>\n<tr>\n<td class=\"attrLabels\">Garantie:<\/td>\n<td width=\"50.0%\">ARC 2 ANI<\/td>\n<\/tr>\n<tr>\n<td class=\"attrLabels\">\u021aara de distribu\u021bie:<\/td>\n<td width=\"50.0%\">Spania, Germania, SUA<\/td>\n<td class=\"attrLabels\">Greutate:<\/td>\n<td width=\"50.0%\">9,7 kg<\/td>\n<\/tr>\n<tr>\n<td class=\"attrLabels\">Marca:<\/td>\n<td width=\"50.0%\">ARC<\/td>\n<td class=\"attrLabels\">\u00cen\u0103l\u0163ime:<\/td>\n<td width=\"50.0%\">46 cm<\/td>\n<\/tr>\n<tr>\n<td class=\"attrLabels\">Culoare:<\/td>\n<td width=\"50.0%\">Argint<\/td>\n<td class=\"attrLabels\">Lung:<\/td>\n<td width=\"50.0%\">30 cm<\/td>\n<\/tr>\n<tr>\n<td class=\"attrLabels\">Tip produs:<\/td>\n<td width=\"50.0%\">T\u0103i\u0103tor profesional de legume<\/td>\n<td class=\"attrLabels\">Larg:<\/td>\n<td width=\"50.0%\">21 cm<\/td>\n<\/tr>\n<tr>\n<td class=\"attrLabels\">Numar producator:<\/td>\n<td width=\"50.0%\">ARCCVPC25<\/td>\n<td class=\"attrLabels\">Putere:<\/td>\n<td width=\"50.0%\">500W<\/td>\n<\/tr>\n<tr>\n<td class=\"attrLabels\">Material:<\/td>\n<td width=\"50.0%\">o\u0163el inoxidabil<\/td>\n<td class=\"attrLabels\">tensiune de intrare<\/td>\n<td width=\"50.0%\">220V \u2013 50Hz<\/td>\n<\/tr>\n<tr>\n<td class=\"attrLabels\">tipuri de t\u0103iere:<\/td>\n<td width=\"50.0%\">fin, m\u0103cinat, zdrobit<\/td>\n<td class=\"attrLabels\">Rotatie motor:<\/td>\n<td width=\"50.0%\">1600 rpm<\/td>\n<\/tr>\n<tr>\n<td class=\"attrLabels\">Instrumente de instalare:<\/td>\n<td width=\"50.0%\">Da<\/td>\n<td class=\"attrLabels\">viteza discului de taiere:<\/td>\n<td width=\"50.0%\">270 rpm<\/td>\n<\/tr>\n<\/tbody>\n<\/table>","protected":false},"excerpt":{"rendered":"<h2>T\u0103i\u0103tor, toc\u0103tor electric pentru fructe, legume \u0219i procesor carne legume<\/h2>\n<p>Cu\u00a0<strong>t\u0103ietor de legume<\/strong>\u00a0de\u00a0<strong><span style=\"color: #ff0000;\">LA<\/span><span style=\"color: #0000ff;\">R<\/span>c<\/strong>\u00a0Ve\u021bi economisi timp \u0219i bani, v\u0103 ve\u021bi preg\u0103ti salate, hash browns, cartofi pr\u0103ji\u021bi etc. \u00cen cel mai eficient \u0219i simplu mod.<\/p>\n<p>Acest\u00a0<strong>t\u0103ietor de alimente\u00a0<span style=\"color: #ff0000;\">LA<\/span><span style=\"color: #0000ff;\">R<\/span>CCVPC25<\/strong> Este realizat din o\u021bel inoxidabil de calitate alimentar\u0103 \u0219i aliaj de aluminiu turnat de \u00eenalt\u0103 calitate, cu suprafa\u021b\u0103 anodizat\u0103 cu argint. Acest tocator de legume din comert este perfect pentru a toca diverse carni, legume si fructe!<\/p>\n<h6>garan\u021bie<strong>\u00a0<span style=\"color: #ff0000;\">LA<\/span><span style=\"color: #0000ff;\">R<\/span>c<\/strong><\/h6>\n<h6><span style=\"color: #008000;\"><strong>Robot de bucatarie pentru legume, consum mic 500w<\/strong><\/span><\/h6>\n<h6>suport tehnic inclus<\/h6>","protected":false},"featured_media":2616,"comment_status":"open","ping_status":"closed","template":"","meta":{"wds_primary_product_brand":0,"wds_primary_product_cat":0},"product_brand":[],"product_cat":[43],"product_tag":[],"class_list":{"0":"post-2608","1":"product","2":"type-product","3":"status-publish","4":"has-post-thumbnail","6":"product_cat-cortadoras-de-alimentos","7":"product_shipping_class-hosteleria","9":"first","10":"instock","11":"taxable","12":"shipping-taxable","13":"purchasable","14":"product-type-simple"},"yoast_head":"<!-- This site is optimized with the Yoast SEO Premium plugin v24.9 (Yoast SEO v26.1) - https:\/\/yoast.com\/wordpress\/plugins\/seo\/ -->\n<title>Cortadora, picadora el\u00e9ctrica de frutas, verduras y carne - distribuci\u00f3n ARC<\/title>\n<meta name=\"robots\" content=\"index, follow, max-snippet:-1, max-image-preview:large, max-video-preview:-1\" \/>\n<link rel=\"canonical\" href=\"https:\/\/distribucionarc.com\/ro\/produs\/feliere-electrice-tocat-fructe-legume-si-carne\/\" \/>\n<meta property=\"og:locale\" content=\"ro_RO\" \/>\n<meta property=\"og:type\" content=\"article\" \/>\n<meta property=\"og:title\" content=\"Cortadora, picadora el\u00e9ctrica de frutas, verduras y carne\" \/>\n<meta property=\"og:description\" content=\"Cortadora, picadora el\u00e9ctrica de frutas, verduras y carne procesador de verduras Con la\u00a0cortadora de verduras\u00a0de\u00a0ARC\u00a0ahorraras tiempo y dinero, preparar tus ensaladas, picadillos, salteados, etc. De la forma m\u00e1s eficaz y sencilla.  Este\u00a0cortador de alimentos\u00a0ARCCVPC25 est\u00e1 hecho de acero inoxidable de grado alimenticio y aleaci\u00f3n de aluminio fundido de alta calidad con superficie anodizada de plata. \u00a1Este picador de verduras comercial es perfecto para cortar varias carnes, verduras y frutas! Garant\u00eda\u00a0ARC Procesador de alimentos vegetales, bajo consumo 500w soporte t\u00e9cnico\u00a0incluido\" \/>\n<meta property=\"og:url\" content=\"https:\/\/distribucionarc.com\/ro\/produs\/feliere-electrice-tocat-fructe-legume-si-carne\/\" \/>\n<meta property=\"og:site_name\" content=\"distribuci\u00f3n ARC\" \/>\n<meta property=\"article:modified_time\" content=\"2023-06-04T18:46:12+00:00\" \/>\n<meta property=\"og:image\" content=\"https:\/\/distribucionarc.com\/wp-content\/uploads\/2020\/08\/Cortadora-picadora-el\u00e9ctrica-de-frutas-verduras-y-carne-0.jpg\" \/>\n\t<meta property=\"og:image:width\" content=\"1001\" \/>\n\t<meta property=\"og:image:height\" content=\"1001\" \/>\n\t<meta property=\"og:image:type\" content=\"image\/jpeg\" \/>\n<meta name=\"twitter:card\" content=\"summary_large_image\" \/>\n<meta name=\"twitter:label1\" content=\"Timp estimat pentru citire\" \/>\n\t<meta name=\"twitter:data1\" content=\"1 minut\" \/>\n<script type=\"application\/ld+json\" class=\"yoast-schema-graph\">{\"@context\":\"https:\/\/schema.org\",\"@graph\":[{\"@type\":\"WebPage\",\"@id\":\"https:\/\/distribucionarc.com\/nl\/producto\/cortadora-picadora-electrica-de-frutas-verduras-y-carne\/\",\"url\":\"https:\/\/distribucionarc.com\/nl\/producto\/cortadora-picadora-electrica-de-frutas-verduras-y-carne\/\",\"name\":\"Cortadora, picadora el\u00e9ctrica de frutas, verduras y carne - distribuci\u00f3n ARC\",\"isPartOf\":{\"@id\":\"https:\/\/distribucionarc.com\/de\/#website\"},\"primaryImageOfPage\":{\"@id\":\"https:\/\/distribucionarc.com\/nl\/producto\/cortadora-picadora-electrica-de-frutas-verduras-y-carne\/#primaryimage\"},\"image\":{\"@id\":\"https:\/\/distribucionarc.com\/nl\/producto\/cortadora-picadora-electrica-de-frutas-verduras-y-carne\/#primaryimage\"},\"thumbnailUrl\":\"https:\/\/distribucionarc.com\/wp-content\/uploads\/2020\/08\/Cortadora-picadora-el\u00e9ctrica-de-frutas-verduras-y-carne-0.jpg\",\"datePublished\":\"2020-08-19T16:59:17+00:00\",\"dateModified\":\"2023-06-04T18:46:12+00:00\",\"breadcrumb\":{\"@id\":\"https:\/\/distribucionarc.com\/nl\/producto\/cortadora-picadora-electrica-de-frutas-verduras-y-carne\/#breadcrumb\"},\"inLanguage\":\"ro-RO\",\"potentialAction\":[{\"@type\":\"ReadAction\",\"target\":[\"https:\/\/distribucionarc.com\/nl\/producto\/cortadora-picadora-electrica-de-frutas-verduras-y-carne\/\"]}]},{\"@type\":\"ImageObject\",\"inLanguage\":\"ro-RO\",\"@id\":\"https:\/\/distribucionarc.com\/nl\/producto\/cortadora-picadora-electrica-de-frutas-verduras-y-carne\/#primaryimage\",\"url\":\"https:\/\/distribucionarc.com\/wp-content\/uploads\/2020\/08\/Cortadora-picadora-el\u00e9ctrica-de-frutas-verduras-y-carne-0.jpg\",\"contentUrl\":\"https:\/\/distribucionarc.com\/wp-content\/uploads\/2020\/08\/Cortadora-picadora-el\u00e9ctrica-de-frutas-verduras-y-carne-0.jpg\",\"width\":1001,\"height\":1001,\"caption\":\"Cortadora, picadora el\u00e9ctrica de frutas, verduras y carne\"},{\"@type\":\"BreadcrumbList\",\"@id\":\"https:\/\/distribucionarc.com\/nl\/producto\/cortadora-picadora-electrica-de-frutas-verduras-y-carne\/#breadcrumb\",\"itemListElement\":[{\"@type\":\"ListItem\",\"position\":1,\"name\":\"Portada\",\"item\":\"https:\/\/distribucionarc.com\/pl\/\"},{\"@type\":\"ListItem\",\"position\":2,\"name\":\"Produkty\",\"item\":\"https:\/\/distribucionarc.com\/pl\/shop\/\"},{\"@type\":\"ListItem\",\"position\":3,\"name\":\"Cortadora, picadora el\u00e9ctrica de frutas, verduras y carne\"}]},{\"@type\":\"WebSite\",\"@id\":\"https:\/\/distribucionarc.com\/de\/#website\",\"url\":\"https:\/\/distribucionarc.com\/de\/\",\"name\":\"distribuci\u00f3n ARC\",\"description\":\"Empresa especializada en la fabricaci\u00f3n y distribuci\u00f3n de maquinaria industrial, selladoras de latas, Maquinas de hacer pastillas, Maquinas de cortar carne...\",\"publisher\":{\"@id\":\"https:\/\/distribucionarc.com\/de\/#organization\"},\"potentialAction\":[{\"@type\":\"SearchAction\",\"target\":{\"@type\":\"EntryPoint\",\"urlTemplate\":\"https:\/\/distribucionarc.com\/de\/?s={search_term_string}\"},\"query-input\":{\"@type\":\"PropertyValueSpecification\",\"valueRequired\":true,\"valueName\":\"search_term_string\"}}],\"inLanguage\":\"ro-RO\"},{\"@type\":\"Organization\",\"@id\":\"https:\/\/distribucionarc.com\/de\/#organization\",\"name\":\"Distribuci\u00f3n ARC\",\"url\":\"https:\/\/distribucionarc.com\/de\/\",\"logo\":{\"@type\":\"ImageObject\",\"inLanguage\":\"ro-RO\",\"@id\":\"https:\/\/distribucionarc.com\/de\/#\/schema\/logo\/image\/\",\"url\":\"https:\/\/distribucionarc.com\/wp-content\/uploads\/2024\/10\/distribucion-ARC-COLOR-SIN-FONDO-e1732295305345.png\",\"contentUrl\":\"https:\/\/distribucionarc.com\/wp-content\/uploads\/2024\/10\/distribucion-ARC-COLOR-SIN-FONDO-e1732295305345.png\",\"width\":1164,\"height\":558,\"caption\":\"Distribuci\u00f3n ARC\"},\"image\":{\"@id\":\"https:\/\/distribucionarc.com\/de\/#\/schema\/logo\/image\/\"},\"description\":\"Empresa especializada en la fabricaci\u00f3n y distribuci\u00f3n de maquinaria industrial para los sectores alimentario y farmac\u00e9utico. Nos especializamos en: M\u00e1quinas de cortar carne Fabricaci\u00f3n de comprimidos Sistemas de transporte industrial L\u00edneas de embotellado Dosificadores Y mucho m\u00e1s... Ofrecemos soluciones innovadoras y personalizadas para optimizar los procesos productivos de tu empresa.\",\"email\":\"Admistracion@distribucionarc.com\",\"telephone\":\"+34 643496664\",\"legalName\":\"ARC TECH SOLUTIONS\",\"foundingDate\":\"2024-04-09\",\"vatID\":\"B55480172\",\"numberOfEmployees\":{\"@type\":\"QuantitativeValue\",\"minValue\":\"1\",\"maxValue\":\"10\"}}]}<\/script>\n<!-- \/ Yoast SEO Premium plugin. -->","yoast_head_json":{"title":"T\u0103i\u0103tor, tocator electric pentru fructe, legume \u0219i carne - distribu\u021bie ARC","robots":{"index":"index","follow":"follow","max-snippet":"max-snippet:-1","max-image-preview":"max-image-preview:large","max-video-preview":"max-video-preview:-1"},"canonical":"https:\/\/distribucionarc.com\/ro\/produs\/feliere-electrice-tocat-fructe-legume-si-carne\/","og_locale":"ro_RO","og_type":"article","og_title":"Cortadora, picadora el\u00e9ctrica de frutas, verduras y carne","og_description":"Cortadora, picadora el\u00e9ctrica de frutas, verduras y carne procesador de verduras Con la\u00a0cortadora de verduras\u00a0de\u00a0ARC\u00a0ahorraras tiempo y dinero, preparar tus ensaladas, picadillos, salteados, etc. De la forma m\u00e1s eficaz y sencilla.  Este\u00a0cortador de alimentos\u00a0ARCCVPC25 est\u00e1 hecho de acero inoxidable de grado alimenticio y aleaci\u00f3n de aluminio fundido de alta calidad con superficie anodizada de plata. \u00a1Este picador de verduras comercial es perfecto para cortar varias carnes, verduras y frutas! Garant\u00eda\u00a0ARC Procesador de alimentos vegetales, bajo consumo 500w soporte t\u00e9cnico\u00a0incluido","og_url":"https:\/\/distribucionarc.com\/ro\/produs\/feliere-electrice-tocat-fructe-legume-si-carne\/","og_site_name":"distribuci\u00f3n ARC","article_modified_time":"2023-06-04T18:46:12+00:00","og_image":[{"width":1001,"height":1001,"url":"https:\/\/distribucionarc.com\/wp-content\/uploads\/2020\/08\/Cortadora-picadora-el\u00e9ctrica-de-frutas-verduras-y-carne-0.jpg","type":"image\/jpeg"}],"twitter_card":"summary_large_image","twitter_misc":{"Timp estimat pentru citire":"1 minut"},"schema":{"@context":"https:\/\/schema.org","@graph":[{"@type":"WebPage","@id":"https:\/\/distribucionarc.com\/nl\/producto\/cortadora-picadora-electrica-de-frutas-verduras-y-carne\/","url":"https:\/\/distribucionarc.com\/nl\/producto\/cortadora-picadora-electrica-de-frutas-verduras-y-carne\/","name":"T\u0103i\u0103tor, tocator electric pentru fructe, legume \u0219i carne - distribu\u021bie ARC","isPartOf":{"@id":"https:\/\/distribucionarc.com\/de\/#website"},"primaryImageOfPage":{"@id":"https:\/\/distribucionarc.com\/nl\/producto\/cortadora-picadora-electrica-de-frutas-verduras-y-carne\/#primaryimage"},"image":{"@id":"https:\/\/distribucionarc.com\/nl\/producto\/cortadora-picadora-electrica-de-frutas-verduras-y-carne\/#primaryimage"},"thumbnailUrl":"https:\/\/distribucionarc.com\/wp-content\/uploads\/2020\/08\/Cortadora-picadora-el\u00e9ctrica-de-frutas-verduras-y-carne-0.jpg","datePublished":"2020-08-19T16:59:17+00:00","dateModified":"2023-06-04T18:46:12+00:00","breadcrumb":{"@id":"https:\/\/distribucionarc.com\/nl\/producto\/cortadora-picadora-electrica-de-frutas-verduras-y-carne\/#breadcrumb"},"inLanguage":"ro-RO","potentialAction":[{"@type":"ReadAction","target":["https:\/\/distribucionarc.com\/nl\/producto\/cortadora-picadora-electrica-de-frutas-verduras-y-carne\/"]}]},{"@type":"ImageObject","inLanguage":"ro-RO","@id":"https:\/\/distribucionarc.com\/nl\/producto\/cortadora-picadora-electrica-de-frutas-verduras-y-carne\/#primaryimage","url":"https:\/\/distribucionarc.com\/wp-content\/uploads\/2020\/08\/Cortadora-picadora-el\u00e9ctrica-de-frutas-verduras-y-carne-0.jpg","contentUrl":"https:\/\/distribucionarc.com\/wp-content\/uploads\/2020\/08\/Cortadora-picadora-el\u00e9ctrica-de-frutas-verduras-y-carne-0.jpg","width":1001,"height":1001,"caption":"Cortadora, picadora el\u00e9ctrica de frutas, verduras y carne"},{"@type":"BreadcrumbList","@id":"https:\/\/distribucionarc.com\/nl\/producto\/cortadora-picadora-electrica-de-frutas-verduras-y-carne\/#breadcrumb","itemListElement":[{"@type":"ListItem","position":1,"name":"Portada","item":"https:\/\/distribucionarc.com\/pl\/"},{"@type":"ListItem","position":2,"name":"Produkty","item":"https:\/\/distribucionarc.com\/pl\/shop\/"},{"@type":"ListItem","position":3,"name":"Cortadora, picadora el\u00e9ctrica de frutas, verduras y carne"}]},{"@type":"WebSite","@id":"https:\/\/distribucionarc.com\/de\/#website","url":"https:\/\/distribucionarc.com\/de\/","name":"Distribu\u021bie ARC","description":"Companie specializat\u0103 \u00een fabricarea \u0219i distribu\u021bia de utilaje industriale, ma\u0219ini de sigilat cutii, ma\u0219ini de fabricat tablete, ma\u0219ini de t\u0103iat carne...","publisher":{"@id":"https:\/\/distribucionarc.com\/de\/#organization"},"potentialAction":[{"@type":"SearchAction","target":{"@type":"EntryPoint","urlTemplate":"https:\/\/distribucionarc.com\/de\/?s={search_term_string}"},"query-input":{"@type":"PropertyValueSpecification","valueRequired":true,"valueName":"search_term_string"}}],"inLanguage":"ro-RO"},{"@type":"Organization","@id":"https:\/\/distribucionarc.com\/de\/#organization","name":"Distribu\u021bie ARC","url":"https:\/\/distribucionarc.com\/de\/","logo":{"@type":"ImageObject","inLanguage":"ro-RO","@id":"https:\/\/distribucionarc.com\/de\/#\/schema\/logo\/image\/","url":"https:\/\/distribucionarc.com\/wp-content\/uploads\/2024\/10\/distribucion-ARC-COLOR-SIN-FONDO-e1732295305345.png","contentUrl":"https:\/\/distribucionarc.com\/wp-content\/uploads\/2024\/10\/distribucion-ARC-COLOR-SIN-FONDO-e1732295305345.png","width":1164,"height":558,"caption":"Distribuci\u00f3n ARC"},"image":{"@id":"https:\/\/distribucionarc.com\/de\/#\/schema\/logo\/image\/"},"description":"Companie specializat\u0103 \u00een fabricarea \u0219i distribu\u021bia de utilaje industriale pentru sectoarele alimentar \u0219i farmaceutic. Suntem specializa\u021bi \u00een: Ma\u0219ini de t\u0103iat carne Fabricarea tabletelor Sisteme de transport industrial Linii de \u00eembuteliere Distribuitoare \u0218i multe altele... Oferim solu\u021bii inovatoare \u0219i personalizate pentru a optimiza procesele de produc\u021bie ale companiei dumneavoastr\u0103.","email":"Admistracion@distribucionarc.com","telephone":"+34 643496664","legalName":"ARC TECH SOLUTIONS","foundingDate":"2024-04-09","vatID":"B55480172","numberOfEmployees":{"@type":"QuantitativeValue","minValue":"1","maxValue":"10"}}]}},"_links":{"self":[{"href":"https:\/\/distribucionarc.com\/ro\/wp-json\/wp\/v2\/product\/2608","targetHints":{"allow":["GET"]}}],"collection":[{"href":"https:\/\/distribucionarc.com\/ro\/wp-json\/wp\/v2\/product"}],"about":[{"href":"https:\/\/distribucionarc.com\/ro\/wp-json\/wp\/v2\/types\/product"}],"replies":[{"embeddable":true,"href":"https:\/\/distribucionarc.com\/ro\/wp-json\/wp\/v2\/comments?post=2608"}],"version-history":[{"count":0,"href":"https:\/\/distribucionarc.com\/ro\/wp-json\/wp\/v2\/product\/2608\/revisions"}],"wp:featuredmedia":[{"embeddable":true,"href":"https:\/\/distribucionarc.com\/ro\/wp-json\/wp\/v2\/media\/2616"}],"wp:attachment":[{"href":"https:\/\/distribucionarc.com\/ro\/wp-json\/wp\/v2\/media?parent=2608"}],"wp:term":[{"taxonomy":"product_brand","embeddable":true,"href":"https:\/\/distribucionarc.com\/ro\/wp-json\/wp\/v2\/product_brand?post=2608"},{"taxonomy":"product_cat","embeddable":true,"href":"https:\/\/distribucionarc.com\/ro\/wp-json\/wp\/v2\/product_cat?post=2608"},{"taxonomy":"product_tag","embeddable":true,"href":"https:\/\/distribucionarc.com\/ro\/wp-json\/wp\/v2\/product_tag?post=2608"}],"curies":[{"name":"wp","href":"https:\/\/api.w.org\/{rel}","templated":true}]}}