{"id":2623,"date":"2020-08-19T22:27:34","date_gmt":"2020-08-19T22:27:34","guid":{"rendered":"https:\/\/distribucionarc.com\/?post_type=product&#038;p=2623"},"modified":"2020-10-01T08:42:05","modified_gmt":"2020-10-01T08:42:05","slug":"lampi-incalzitoare-alimente","status":"publish","type":"product","link":"https:\/\/distribucionarc.com\/ro\/producto\/calentador-de-alimentos-lamparas-de-calor\/","title":{"rendered":"\u00cenc\u0103lzitor de alimente, l\u0103mpi de \u00eenc\u0103lzire"},"content":{"rendered":"<h3>\u00cenc\u0103lzitor de alimente, l\u0103mpi de \u00eenc\u0103lzire<\/h3>\n<p>Construc\u021bia \u00eengro\u0219at\u0103 din o\u021bel inoxidabil a <strong>conservan\u021bi termici<span style=\"color: #ff0000;\"> LA<\/span><span style=\"color: #0000ff;\">R<\/span>c<\/strong> f\u0103-l robust, durabil \u0219i u\u0219or de cur\u0103\u021bat. Fierul de calcat este de inalta calitate cu cea mai buna izolare termica. Lumin\u0103 termic\u0103 cu infraro\u0219u <strong>\u00eenc\u0103lze\u0219te rapid alimentele \u0219i previne uscarea acestora<\/strong>.<\/p>\n<p>Refrac\u021bie mai puternic\u0103 \u00een diametrul abajururilor. G\u0103urile de emisie de c\u0103ldur\u0103 ajut\u0103 la men\u021binerea temperaturii corespunz\u0103toare prin disiparea c\u0103ldurii. Butonul rotativ la 360 de grade controleaz\u0103 temperatura cu precizie.<\/p>\n<p>P\u0103stra\u021bi gustul alimentelor la o temperatur\u0103 uniform\u0103 cu <strong>incalzitor de mancare <span style=\"color: #ff0000;\">LA<\/span><span style=\"color: #0000ff;\">R<\/span>CCCL3<\/strong> prevenind uscarea acestora, datorita structurii sale robuste nu veti avea probleme in a gasi un loc pentru acest incalzitor de farfurii elegant si captivant.<\/p>\n<h6><strong>garan\u021bie\u00a0<span style=\"color: #ff0000;\">LA<\/span><span style=\"color: #0000ff;\">R<\/span>c<\/strong><strong>\u00a02 ANI<\/strong><\/h6>\n<h6><span style=\"color: #008000;\">\u00cenc\u0103lzitor eficient de alimente, consum redus 800w<\/span><\/h6>\n<h6><strong>suport tehnic inclus<\/strong><\/h6>\n<p>&nbsp;<\/p>\n<table role=\"presentation\" width=\"100%\" cellspacing=\"0\" cellpadding=\"0\">\n<tbody>\n<tr>\n<td class=\"attrLabels\">Temperatur\u0103:<\/td>\n<td width=\"50.0%\">0-70\u00baC<\/td>\n<\/tr>\n<tr>\n<td class=\"attrLabels\">\u021aara de distribu\u021bie:<\/td>\n<td width=\"50.0%\">Spania, Germania, SUA<\/td>\n<td class=\"attrLabels\">Greutate:<\/td>\n<td width=\"50.0%\">18,8 kg<\/td>\n<\/tr>\n<tr>\n<td class=\"attrLabels\">Marca:<\/td>\n<td width=\"50.0%\">ARC<\/td>\n<td class=\"attrLabels\">\u00cen\u0103l\u0163ime:<\/td>\n<td width=\"50.0%\">62,9 cm<\/td>\n<\/tr>\n<tr>\n<td class=\"attrLabels\">Culoare:<\/td>\n<td width=\"50.0%\">Argint, aur<\/td>\n<td class=\"attrLabels\">Lung:<\/td>\n<td width=\"50.0%\">105,5 cm<\/td>\n<\/tr>\n<tr>\n<td class=\"attrLabels\">Tip produs:<\/td>\n<td width=\"50.0%\">Vitrina fierbinte<\/td>\n<td class=\"attrLabels\">Larg:<\/td>\n<td width=\"50.0%\">49,8 cm<\/td>\n<\/tr>\n<tr>\n<td class=\"attrLabels\">Numar producator:<\/td>\n<td width=\"50.0%\">ARCCCL3<\/td>\n<td class=\"attrLabels\">Putere:<\/td>\n<td width=\"50.0%\">800W<\/td>\n<\/tr>\n<tr>\n<td class=\"attrLabels\">Material:<\/td>\n<td width=\"50.0%\">otel inoxidabil, control al temperaturii<\/td>\n<td class=\"attrLabels\">tensiune de intrare<\/td>\n<td width=\"50.0%\">220-240V \u2013 60Hz<\/td>\n<\/tr>\n<tr>\n<td class=\"attrLabels\">L\u0103mpi termice:<\/td>\n<td width=\"50.0%\">3<\/td>\n<td class=\"attrLabels\">Diametrul l\u0103mpii:<\/td>\n<td width=\"50.0%\">19 cm<\/td>\n<\/tr>\n<tr>\n<td class=\"attrLabels\">Instrumente de instalare:<\/td>\n<td width=\"50.0%\">Da<\/td>\n<td class=\"attrLabels\">Garantie:<\/td>\n<td width=\"50.0%\">2 ANI<\/td>\n<\/tr>\n<\/tbody>\n<\/table>","protected":false},"excerpt":{"rendered":"<h2>\u00cenc\u0103lzitor de alimente, l\u0103mpi de \u00eenc\u0103lzire<\/h2>\n<p>The <strong>lamp\u0103 pentru \u00eenc\u0103lzirea alimentelor <span style=\"color: #ff0000;\">LA<\/span><span style=\"color: #0000ff;\">R<\/span>c<\/strong> Este cel mai frapant \u0219i func\u021bional, potrivit pentru restaurante, hoteluri, bufete, wok-uri, cafenele etc. Datorit\u0103 lui<strong> lumini termice<\/strong> Preparatele tale vor r\u0103m\u00e2ne fierbin\u021bi \u0219i vor oferi un aspect elegant spa\u021biilor tale. Apetitul clien\u021bilor dumneavoastr\u0103 este puternic sporit de culoarea izbitoare a l\u0103mpilor de c\u0103ldur\u0103.<\/p>\n<h6><strong>garan\u021bie\u00a0<span style=\"color: #ff0000;\">LA<\/span><span style=\"color: #0000ff;\">R<\/span>c<\/strong><strong>\u00a02 ANI<\/strong><\/h6>\n<h6><span style=\"color: #008000;\">\u00cenc\u0103lzitor eficient de alimente, consum redus 800w<\/span><\/h6>\n<h6><strong>suport tehnic inclus<\/strong><\/h6>","protected":false},"featured_media":2630,"comment_status":"open","ping_status":"closed","template":"","meta":{"wds_primary_product_brand":0,"wds_primary_product_cat":0},"product_brand":[],"product_cat":[41],"product_tag":[],"class_list":{"0":"post-2623","1":"product","2":"type-product","3":"status-publish","4":"has-post-thumbnail","6":"product_cat-expositor-de-alimentos","7":"product_shipping_class-hosteleria","9":"first","10":"instock","11":"sale","12":"taxable","13":"shipping-taxable","14":"purchasable","15":"product-type-simple"},"yoast_head":"<!-- This site is optimized with the Yoast SEO Premium plugin v24.9 (Yoast SEO v26.1) - https:\/\/yoast.com\/wordpress\/plugins\/seo\/ -->\n<title>Calentador de alimentos, l\u00e1mparas de calor - distribuci\u00f3n ARC<\/title>\n<meta name=\"robots\" content=\"index, follow, max-snippet:-1, max-image-preview:large, max-video-preview:-1\" \/>\n<link rel=\"canonical\" href=\"https:\/\/www.distribucionarc.com\/de\/producto\/calentador-de-alimentos-lamparas-de-calor\/\" \/>\n<meta property=\"og:locale\" content=\"ro_RO\" \/>\n<meta property=\"og:type\" content=\"article\" \/>\n<meta property=\"og:title\" content=\"Calentador de alimentos, l\u00e1mparas de calor\" \/>\n<meta property=\"og:description\" content=\"Calentador de alimentos, l\u00e1mparas de calor La l\u00e1mpara calentadora de alimentos ARC es la m\u00e1s llamativa y funcional indicada para restaurante, hoteles, buf\u00e9s, wok, cafeter\u00edas, etc. Gracias a las luces t\u00e9rmicas sus platos se mantendr\u00e1n calientes adem\u00e1s de aportar un aspecto elegante a su local. El apetito de sus clientes se realza fuertemente gracias al color llamativo de las l\u00e1mparas de calor. Garant\u00eda\u00a0ARC\u00a02 A\u00d1OS Calentador de alimentos eficiente, bajo consumo 800w soporte t\u00e9cnico incluido\" \/>\n<meta property=\"og:url\" content=\"https:\/\/www.distribucionarc.com\/de\/producto\/calentador-de-alimentos-lamparas-de-calor\/\" \/>\n<meta property=\"og:site_name\" content=\"distribuci\u00f3n ARC\" \/>\n<meta property=\"article:modified_time\" content=\"2020-10-01T08:42:05+00:00\" \/>\n<meta property=\"og:image\" content=\"https:\/\/distribucionarc.com\/wp-content\/uploads\/2020\/08\/Calentador-de-alimentos-l\u00e1mparas-de-calor-0.jpg\" \/>\n\t<meta property=\"og:image:width\" content=\"1001\" \/>\n\t<meta property=\"og:image:height\" content=\"1001\" \/>\n\t<meta property=\"og:image:type\" content=\"image\/jpeg\" \/>\n<meta name=\"twitter:card\" content=\"summary_large_image\" \/>\n<meta name=\"twitter:label1\" content=\"Timp estimat pentru citire\" \/>\n\t<meta name=\"twitter:data1\" content=\"1 minut\" \/>\n<script type=\"application\/ld+json\" class=\"yoast-schema-graph\">{\"@context\":\"https:\/\/schema.org\",\"@graph\":[{\"@type\":\"WebPage\",\"@id\":\"https:\/\/www.distribucionarc.com\/de\/producto\/calentador-de-alimentos-lamparas-de-calor\/\",\"url\":\"https:\/\/www.distribucionarc.com\/de\/producto\/calentador-de-alimentos-lamparas-de-calor\/\",\"name\":\"Calentador de alimentos, l\u00e1mparas de calor - distribuci\u00f3n ARC\",\"isPartOf\":{\"@id\":\"https:\/\/distribucionarc.com\/bg\/#website\"},\"primaryImageOfPage\":{\"@id\":\"https:\/\/www.distribucionarc.com\/de\/producto\/calentador-de-alimentos-lamparas-de-calor\/#primaryimage\"},\"image\":{\"@id\":\"https:\/\/www.distribucionarc.com\/de\/producto\/calentador-de-alimentos-lamparas-de-calor\/#primaryimage\"},\"thumbnailUrl\":\"https:\/\/distribucionarc.com\/wp-content\/uploads\/2020\/08\/Calentador-de-alimentos-l\u00e1mparas-de-calor-0.jpg\",\"datePublished\":\"2020-08-19T22:27:34+00:00\",\"dateModified\":\"2020-10-01T08:42:05+00:00\",\"breadcrumb\":{\"@id\":\"https:\/\/www.distribucionarc.com\/de\/producto\/calentador-de-alimentos-lamparas-de-calor\/#breadcrumb\"},\"inLanguage\":\"ro-RO\",\"potentialAction\":[{\"@type\":\"ReadAction\",\"target\":[\"https:\/\/www.distribucionarc.com\/de\/producto\/calentador-de-alimentos-lamparas-de-calor\/\"]}]},{\"@type\":\"ImageObject\",\"inLanguage\":\"ro-RO\",\"@id\":\"https:\/\/www.distribucionarc.com\/de\/producto\/calentador-de-alimentos-lamparas-de-calor\/#primaryimage\",\"url\":\"https:\/\/distribucionarc.com\/wp-content\/uploads\/2020\/08\/Calentador-de-alimentos-l\u00e1mparas-de-calor-0.jpg\",\"contentUrl\":\"https:\/\/distribucionarc.com\/wp-content\/uploads\/2020\/08\/Calentador-de-alimentos-l\u00e1mparas-de-calor-0.jpg\",\"width\":1001,\"height\":1001,\"caption\":\"Calentador de alimentos, l\u00e1mparas de calor\"},{\"@type\":\"BreadcrumbList\",\"@id\":\"https:\/\/www.distribucionarc.com\/de\/producto\/calentador-de-alimentos-lamparas-de-calor\/#breadcrumb\",\"itemListElement\":[{\"@type\":\"ListItem\",\"position\":1,\"name\":\"Portada\",\"item\":\"https:\/\/distribucionarc.com\/el\/\"},{\"@type\":\"ListItem\",\"position\":2,\"name\":\"Proizvodi\",\"item\":\"https:\/\/www.distribucionarc.com\/hr\/ducan\/\"},{\"@type\":\"ListItem\",\"position\":3,\"name\":\"Calentador de alimentos, l\u00e1mparas de calor\"}]},{\"@type\":\"WebSite\",\"@id\":\"https:\/\/distribucionarc.com\/bg\/#website\",\"url\":\"https:\/\/distribucionarc.com\/bg\/\",\"name\":\"distribuci\u00f3n ARC\",\"description\":\"Empresa especializada en la fabricaci\u00f3n y distribuci\u00f3n de maquinaria industrial, selladoras de latas, Maquinas de hacer pastillas, Maquinas de cortar carne...\",\"publisher\":{\"@id\":\"https:\/\/distribucionarc.com\/bg\/#organization\"},\"potentialAction\":[{\"@type\":\"SearchAction\",\"target\":{\"@type\":\"EntryPoint\",\"urlTemplate\":\"https:\/\/distribucionarc.com\/bg\/?s={search_term_string}\"},\"query-input\":{\"@type\":\"PropertyValueSpecification\",\"valueRequired\":true,\"valueName\":\"search_term_string\"}}],\"inLanguage\":\"ro-RO\"},{\"@type\":\"Organization\",\"@id\":\"https:\/\/distribucionarc.com\/bg\/#organization\",\"name\":\"Distribuci\u00f3n ARC\",\"url\":\"https:\/\/distribucionarc.com\/bg\/\",\"logo\":{\"@type\":\"ImageObject\",\"inLanguage\":\"ro-RO\",\"@id\":\"https:\/\/distribucionarc.com\/bg\/#\/schema\/logo\/image\/\",\"url\":\"https:\/\/distribucionarc.com\/wp-content\/uploads\/2024\/10\/distribucion-ARC-COLOR-SIN-FONDO-e1732295305345.png\",\"contentUrl\":\"https:\/\/distribucionarc.com\/wp-content\/uploads\/2024\/10\/distribucion-ARC-COLOR-SIN-FONDO-e1732295305345.png\",\"width\":1164,\"height\":558,\"caption\":\"Distribuci\u00f3n ARC\"},\"image\":{\"@id\":\"https:\/\/distribucionarc.com\/bg\/#\/schema\/logo\/image\/\"},\"description\":\"Empresa especializada en la fabricaci\u00f3n y distribuci\u00f3n de maquinaria industrial para los sectores alimentario y farmac\u00e9utico. Nos especializamos en: M\u00e1quinas de cortar carne Fabricaci\u00f3n de comprimidos Sistemas de transporte industrial L\u00edneas de embotellado Dosificadores Y mucho m\u00e1s... Ofrecemos soluciones innovadoras y personalizadas para optimizar los procesos productivos de tu empresa.\",\"email\":\"Admistracion@distribucionarc.com\",\"telephone\":\"+34 643496664\",\"legalName\":\"ARC TECH SOLUTIONS\",\"foundingDate\":\"2024-04-09\",\"vatID\":\"B55480172\",\"numberOfEmployees\":{\"@type\":\"QuantitativeValue\",\"minValue\":\"1\",\"maxValue\":\"10\"}}]}<\/script>\n<!-- \/ Yoast SEO Premium plugin. -->","yoast_head_json":{"title":"\u00cenc\u0103lzitor alimentar, l\u0103mpi de c\u0103ldur\u0103 - distribu\u021bie ARC","robots":{"index":"index","follow":"follow","max-snippet":"max-snippet:-1","max-image-preview":"max-image-preview:large","max-video-preview":"max-video-preview:-1"},"canonical":"https:\/\/www.distribucionarc.com\/de\/producto\/calentador-de-alimentos-lamparas-de-calor\/","og_locale":"ro_RO","og_type":"article","og_title":"Calentador de alimentos, l\u00e1mparas de calor","og_description":"Calentador de alimentos, l\u00e1mparas de calor La l\u00e1mpara calentadora de alimentos ARC es la m\u00e1s llamativa y funcional indicada para restaurante, hoteles, buf\u00e9s, wok, cafeter\u00edas, etc. Gracias a las luces t\u00e9rmicas sus platos se mantendr\u00e1n calientes adem\u00e1s de aportar un aspecto elegante a su local. El apetito de sus clientes se realza fuertemente gracias al color llamativo de las l\u00e1mparas de calor. Garant\u00eda\u00a0ARC\u00a02 A\u00d1OS Calentador de alimentos eficiente, bajo consumo 800w soporte t\u00e9cnico incluido","og_url":"https:\/\/www.distribucionarc.com\/de\/producto\/calentador-de-alimentos-lamparas-de-calor\/","og_site_name":"distribuci\u00f3n ARC","article_modified_time":"2020-10-01T08:42:05+00:00","og_image":[{"width":1001,"height":1001,"url":"https:\/\/distribucionarc.com\/wp-content\/uploads\/2020\/08\/Calentador-de-alimentos-l\u00e1mparas-de-calor-0.jpg","type":"image\/jpeg"}],"twitter_card":"summary_large_image","twitter_misc":{"Timp estimat pentru citire":"1 minut"},"schema":{"@context":"https:\/\/schema.org","@graph":[{"@type":"WebPage","@id":"https:\/\/www.distribucionarc.com\/de\/producto\/calentador-de-alimentos-lamparas-de-calor\/","url":"https:\/\/www.distribucionarc.com\/de\/producto\/calentador-de-alimentos-lamparas-de-calor\/","name":"\u00cenc\u0103lzitor alimentar, l\u0103mpi de c\u0103ldur\u0103 - distribu\u021bie ARC","isPartOf":{"@id":"https:\/\/distribucionarc.com\/bg\/#website"},"primaryImageOfPage":{"@id":"https:\/\/www.distribucionarc.com\/de\/producto\/calentador-de-alimentos-lamparas-de-calor\/#primaryimage"},"image":{"@id":"https:\/\/www.distribucionarc.com\/de\/producto\/calentador-de-alimentos-lamparas-de-calor\/#primaryimage"},"thumbnailUrl":"https:\/\/distribucionarc.com\/wp-content\/uploads\/2020\/08\/Calentador-de-alimentos-l\u00e1mparas-de-calor-0.jpg","datePublished":"2020-08-19T22:27:34+00:00","dateModified":"2020-10-01T08:42:05+00:00","breadcrumb":{"@id":"https:\/\/www.distribucionarc.com\/de\/producto\/calentador-de-alimentos-lamparas-de-calor\/#breadcrumb"},"inLanguage":"ro-RO","potentialAction":[{"@type":"ReadAction","target":["https:\/\/www.distribucionarc.com\/de\/producto\/calentador-de-alimentos-lamparas-de-calor\/"]}]},{"@type":"ImageObject","inLanguage":"ro-RO","@id":"https:\/\/www.distribucionarc.com\/de\/producto\/calentador-de-alimentos-lamparas-de-calor\/#primaryimage","url":"https:\/\/distribucionarc.com\/wp-content\/uploads\/2020\/08\/Calentador-de-alimentos-l\u00e1mparas-de-calor-0.jpg","contentUrl":"https:\/\/distribucionarc.com\/wp-content\/uploads\/2020\/08\/Calentador-de-alimentos-l\u00e1mparas-de-calor-0.jpg","width":1001,"height":1001,"caption":"Calentador de alimentos, l\u00e1mparas de calor"},{"@type":"BreadcrumbList","@id":"https:\/\/www.distribucionarc.com\/de\/producto\/calentador-de-alimentos-lamparas-de-calor\/#breadcrumb","itemListElement":[{"@type":"ListItem","position":1,"name":"Portada","item":"https:\/\/distribucionarc.com\/el\/"},{"@type":"ListItem","position":2,"name":"Proizvodi","item":"https:\/\/www.distribucionarc.com\/hr\/ducan\/"},{"@type":"ListItem","position":3,"name":"Calentador de alimentos, l\u00e1mparas de calor"}]},{"@type":"WebSite","@id":"https:\/\/distribucionarc.com\/bg\/#website","url":"https:\/\/distribucionarc.com\/bg\/","name":"Distribu\u021bie ARC","description":"Companie specializat\u0103 \u00een fabricarea \u0219i distribu\u021bia de utilaje industriale, ma\u0219ini de sigilat cutii, ma\u0219ini de fabricat tablete, ma\u0219ini de t\u0103iat carne...","publisher":{"@id":"https:\/\/distribucionarc.com\/bg\/#organization"},"potentialAction":[{"@type":"SearchAction","target":{"@type":"EntryPoint","urlTemplate":"https:\/\/distribucionarc.com\/bg\/?s={search_term_string}"},"query-input":{"@type":"PropertyValueSpecification","valueRequired":true,"valueName":"search_term_string"}}],"inLanguage":"ro-RO"},{"@type":"Organization","@id":"https:\/\/distribucionarc.com\/bg\/#organization","name":"Distribu\u021bie ARC","url":"https:\/\/distribucionarc.com\/bg\/","logo":{"@type":"ImageObject","inLanguage":"ro-RO","@id":"https:\/\/distribucionarc.com\/bg\/#\/schema\/logo\/image\/","url":"https:\/\/distribucionarc.com\/wp-content\/uploads\/2024\/10\/distribucion-ARC-COLOR-SIN-FONDO-e1732295305345.png","contentUrl":"https:\/\/distribucionarc.com\/wp-content\/uploads\/2024\/10\/distribucion-ARC-COLOR-SIN-FONDO-e1732295305345.png","width":1164,"height":558,"caption":"Distribuci\u00f3n ARC"},"image":{"@id":"https:\/\/distribucionarc.com\/bg\/#\/schema\/logo\/image\/"},"description":"Companie specializat\u0103 \u00een fabricarea \u0219i distribu\u021bia de utilaje industriale pentru sectoarele alimentar \u0219i farmaceutic. Suntem specializa\u021bi \u00een: Ma\u0219ini de t\u0103iat carne Fabricarea tabletelor Sisteme de transport industrial Linii de \u00eembuteliere Distribuitoare \u0218i multe altele... Oferim solu\u021bii inovatoare \u0219i personalizate pentru a optimiza procesele de produc\u021bie ale companiei dumneavoastr\u0103.","email":"Admistracion@distribucionarc.com","telephone":"+34 643496664","legalName":"ARC TECH SOLUTIONS","foundingDate":"2024-04-09","vatID":"B55480172","numberOfEmployees":{"@type":"QuantitativeValue","minValue":"1","maxValue":"10"}}]}},"_links":{"self":[{"href":"https:\/\/distribucionarc.com\/ro\/wp-json\/wp\/v2\/product\/2623","targetHints":{"allow":["GET"]}}],"collection":[{"href":"https:\/\/distribucionarc.com\/ro\/wp-json\/wp\/v2\/product"}],"about":[{"href":"https:\/\/distribucionarc.com\/ro\/wp-json\/wp\/v2\/types\/product"}],"replies":[{"embeddable":true,"href":"https:\/\/distribucionarc.com\/ro\/wp-json\/wp\/v2\/comments?post=2623"}],"version-history":[{"count":0,"href":"https:\/\/distribucionarc.com\/ro\/wp-json\/wp\/v2\/product\/2623\/revisions"}],"wp:featuredmedia":[{"embeddable":true,"href":"https:\/\/distribucionarc.com\/ro\/wp-json\/wp\/v2\/media\/2630"}],"wp:attachment":[{"href":"https:\/\/distribucionarc.com\/ro\/wp-json\/wp\/v2\/media?parent=2623"}],"wp:term":[{"taxonomy":"product_brand","embeddable":true,"href":"https:\/\/distribucionarc.com\/ro\/wp-json\/wp\/v2\/product_brand?post=2623"},{"taxonomy":"product_cat","embeddable":true,"href":"https:\/\/distribucionarc.com\/ro\/wp-json\/wp\/v2\/product_cat?post=2623"},{"taxonomy":"product_tag","embeddable":true,"href":"https:\/\/distribucionarc.com\/ro\/wp-json\/wp\/v2\/product_tag?post=2623"}],"curies":[{"name":"wp","href":"https:\/\/api.w.org\/{rel}","templated":true}]}}