{"id":2665,"date":"2020-08-20T10:37:15","date_gmt":"2020-08-20T10:37:15","guid":{"rendered":"https:\/\/distribucionarc.com\/?post_type=product&#038;p=2665"},"modified":"2020-10-08T15:02:12","modified_gmt":"2020-10-08T15:02:12","slug":"display-pentru-hot-dogs","status":"publish","type":"product","link":"https:\/\/distribucionarc.com\/ro\/producto\/expositor-para-perritos-calientes\/","title":{"rendered":"Display de hot dog"},"content":{"rendered":"<h3>Display de hot dog<\/h3>\n<p>Corpul lui <strong>\u00cenc\u0103lzitor pentru hot dog <span style=\"color: #ff0000;\">LA<\/span><span style=\"color: #0000ff;\">R<\/span>c<\/strong> Este realizat din otel inoxidabil 304 alimentar, foarte rezistent la rugin\u0103, robust \u0219i u\u0219or de cur\u0103\u021bat. T\u0103vile \u0219i u\u0219ile sunt deta\u0219abile pentru o cur\u0103\u021bare u\u0219oar\u0103 \u00een chiuvet\u0103 sau ma\u0219in\u0103 de sp\u0103lat vase.<\/p>\n<p>Ad\u0103poste\u0219te hot-dog \u0219i c\u00e2rna\u021bi de orice dimensiune, p\u0103str\u00e2ndu-le \u00een cel mai bun mod posibil pentru a-\u021bi satisface clien\u021bii Termostatul poate fi reglat pentru orice nevoie de g\u0103tit sau de re\u021binere a c\u0103ldurii.<\/p>\n<p>The<strong> vitrina pentru hot dog <span style=\"color: #ff0000;\">LA<\/span><span style=\"color: #0000ff;\">R<\/span>CVCP3<\/strong> V\u0103 va anun\u021ba cu un indicator LED c\u00e2nd nivelul apei este sc\u0103zut, <strong>mare izolare<\/strong> asigur\u0103 perioade lungi de lucru \u00een aer liber sau \u00een interior.  Aspectul s\u0103u atent \u00eel face foarte <strong>lovind de la c\u00e2\u021biva metri distan\u021b\u0103<\/strong>, u\u0219or de utilizat \u0219i confortabil de utilizat datorit\u0103 u\u0219ilor sale glisante cu acces u\u0219or.<\/p>\n<h6><strong>garan\u021bie\u00a0<span style=\"color: #ff0000;\">LA<\/span><span style=\"color: #0000ff;\">R<\/span>c<\/strong><strong>\u00a02 ANI<\/strong><\/h6>\n<h6><span style=\"color: #008000;\">Incalzitor hot dog eficient, consum redus 1350w<\/span><\/h6>\n<h6><strong>suport tehnic inclus<\/strong><\/h6>\n<p>&nbsp;<\/p>\n<p>&nbsp;<\/p>\n<table width=\"100%\">\n<tbody>\n<tr>\n<td>Marca:<\/td>\n<td width=\"32%\">ARC<\/td>\n<td>Greutate:<\/td>\n<td width=\"30%\">10 kg<\/td>\n<\/tr>\n<tr>\n<td>\u021aara de distribu\u021bie:<\/td>\n<td width=\"32%\">Spania, Germania, SUA<\/td>\n<td>\u00cen\u0103l\u0163ime:<\/td>\n<td width=\"30%\">61,3 cm<\/td>\n<\/tr>\n<tr>\n<td>Culoare:<\/td>\n<td width=\"32%\">Argint<\/td>\n<td>Lung:<\/td>\n<td width=\"30%\">34,7 cm<\/td>\n<\/tr>\n<tr>\n<td>Tip produs:<\/td>\n<td width=\"32%\">\u00cenc\u0103lzitor pentru hot dog<\/td>\n<td>Larg:<\/td>\n<td width=\"30%\">40,8 cm<\/td>\n<\/tr>\n<tr>\n<td>Numar producator:<\/td>\n<td width=\"32%\">ARCVCP3<\/td>\n<td>Putere:<\/td>\n<td width=\"30%\">1350W<\/td>\n<\/tr>\n<tr>\n<td>Material:<\/td>\n<td width=\"32%\">Otel inoxidabil, control temperatura, sticla termica<\/td>\n<td>Garantie:<\/td>\n<td width=\"30%\">2 ANI<\/td>\n<\/tr>\n<tr>\n<td>Interval de temperatur\u0103:<\/td>\n<td width=\"32%\">30 \u2013 110 C\u00ba<\/td>\n<td>Instrumente de instalare:<\/td>\n<td width=\"30%\">Da<\/td>\n<\/tr>\n<\/tbody>\n<\/table>","protected":false},"excerpt":{"rendered":"<h2>Display de hot dog<\/h2>\n<p>Acest <strong>Vitrina pentru hot dog <span style=\"color: #ff0000;\">LA<\/span><span style=\"color: #0000ff;\">R<\/span>c <\/strong>Profesional pentru servicii indelungate, este ideal pentru multe evenimente si ocazii... targuri, cafenele, petreceri, restaurante fast-food, festivaluri si multe altele. \u00cenc\u0103lze\u0219te alimentele \u00een mod uniform \u0219i p\u0103streaz\u0103 gustul alimentelor proaspete pentru o lung\u0103 perioad\u0103 de timp. Sticla securizata rezistenta la caldura va mentine alimentele la temperatura potrivita <strong>p\u0103str\u00e2ndu-\u0219i str\u0103lucirea \u0219i aroma pentru a trezi apetitul clien\u021bilor t\u0103i.<\/strong> Designul s\u0103u tradi\u021bional elegant \u00eel face vizibil de la mare distan\u021b\u0103, are <span style=\"color: #008000;\"><strong>un motor eficient, cu consum redus.<\/strong><\/span> Necesit\u0103 pu\u021bin asamblare pentru un transport u\u0219or<\/p>\n<h6><strong>garan\u021bie\u00a0<span style=\"color: #ff0000;\">LA<\/span><span style=\"color: #0000ff;\">R<\/span>c<\/strong><strong>\u00a02 ANI<\/strong><\/h6>\n<h6><span style=\"color: #008000;\">Incalzitor hot dog eficient, consum redus 1350w<\/span><\/h6>\n<h6><strong>suport tehnic inclus<\/strong><\/h6>","protected":false},"featured_media":2672,"comment_status":"open","ping_status":"closed","template":"","meta":{"wds_primary_product_brand":0,"wds_primary_product_cat":0},"product_brand":[],"product_cat":[56,41],"product_tag":[],"class_list":{"0":"post-2665","1":"product","2":"type-product","3":"status-publish","4":"has-post-thumbnail","6":"product_cat-maquinaria-para-ferias","7":"product_cat-expositor-de-alimentos","8":"product_shipping_class-hosteleria","10":"first","11":"instock","12":"sale","13":"taxable","14":"shipping-taxable","15":"purchasable","16":"product-type-simple"},"yoast_head":"<!-- This site is optimized with the Yoast SEO Premium plugin v24.9 (Yoast SEO v26.1) - https:\/\/yoast.com\/wordpress\/plugins\/seo\/ -->\n<title>Expositor para perritos calientes - distribuci\u00f3n ARC<\/title>\n<meta name=\"robots\" content=\"index, follow, max-snippet:-1, max-image-preview:large, max-video-preview:-1\" \/>\n<link rel=\"canonical\" href=\"https:\/\/www.distribucionarc.com\/sl\/producto\/expositor-para-perritos-calientes\/\" \/>\n<meta property=\"og:locale\" content=\"ro_RO\" \/>\n<meta property=\"og:type\" content=\"article\" \/>\n<meta property=\"og:title\" content=\"Expositor para perritos calientes\" \/>\n<meta property=\"og:description\" content=\"Expositor para perritos calientes Este Vitrina para perritos calientes ARC profesional para largos servicios, es ideal para muchos eventos y ocasiones...ferias, cafeter\u00edas, fiestas, restaurantes de comida r\u00e1pida, festivales y mucho m\u00e1s. Calienta los alimentos uniformemente y mantiene el sabor fresco de los alimentos durante mucho tiempo. Los cristales templados resistentes al calor conservar\u00e1n los alimentos a la temperatura adecuada conservando su brillo y sabor para despertar el apetito de sus clientes. Su elegante dise\u00f1o tradicional la hace visible a gran distancia, cuenta con un motor eficiente de bajo consumo. Requiere de poco montaje para facilitar su transporte Garant\u00eda\u00a0ARC\u00a02 A\u00d1OS Calentador de perritos calientes eficiente, bajo consumo 1350w soporte t\u00e9cnico incluido\" \/>\n<meta property=\"og:url\" content=\"https:\/\/www.distribucionarc.com\/sl\/producto\/expositor-para-perritos-calientes\/\" \/>\n<meta property=\"og:site_name\" content=\"distribuci\u00f3n ARC\" \/>\n<meta property=\"article:modified_time\" content=\"2020-10-08T15:02:12+00:00\" \/>\n<meta property=\"og:image\" content=\"https:\/\/www.distribucionarc.com\/wp-content\/uploads\/2020\/08\/Expositor-para-perritos-calientes-0.jpg\" \/>\n\t<meta property=\"og:image:width\" content=\"1001\" \/>\n\t<meta property=\"og:image:height\" content=\"1001\" \/>\n\t<meta property=\"og:image:type\" content=\"image\/jpeg\" \/>\n<meta name=\"twitter:card\" content=\"summary_large_image\" \/>\n<meta name=\"twitter:label1\" content=\"Timp estimat pentru citire\" \/>\n\t<meta name=\"twitter:data1\" content=\"1 minut\" \/>\n<script type=\"application\/ld+json\" class=\"yoast-schema-graph\">{\"@context\":\"https:\/\/schema.org\",\"@graph\":[{\"@type\":\"WebPage\",\"@id\":\"https:\/\/www.distribucionarc.com\/sl\/producto\/expositor-para-perritos-calientes\/\",\"url\":\"https:\/\/www.distribucionarc.com\/sl\/producto\/expositor-para-perritos-calientes\/\",\"name\":\"Expositor para perritos calientes - distribuci\u00f3n ARC\",\"isPartOf\":{\"@id\":\"https:\/\/www.distribucionarc.com\/sl\/#website\"},\"primaryImageOfPage\":{\"@id\":\"https:\/\/www.distribucionarc.com\/sl\/producto\/expositor-para-perritos-calientes\/#primaryimage\"},\"image\":{\"@id\":\"https:\/\/www.distribucionarc.com\/sl\/producto\/expositor-para-perritos-calientes\/#primaryimage\"},\"thumbnailUrl\":\"https:\/\/distribucionarc.com\/wp-content\/uploads\/2020\/08\/Expositor-para-perritos-calientes-0.jpg\",\"datePublished\":\"2020-08-20T10:37:15+00:00\",\"dateModified\":\"2020-10-08T15:02:12+00:00\",\"breadcrumb\":{\"@id\":\"https:\/\/www.distribucionarc.com\/sl\/producto\/expositor-para-perritos-calientes\/#breadcrumb\"},\"inLanguage\":\"ro-RO\",\"potentialAction\":[{\"@type\":\"ReadAction\",\"target\":[\"https:\/\/www.distribucionarc.com\/sl\/producto\/expositor-para-perritos-calientes\/\"]}]},{\"@type\":\"ImageObject\",\"inLanguage\":\"ro-RO\",\"@id\":\"https:\/\/www.distribucionarc.com\/sl\/producto\/expositor-para-perritos-calientes\/#primaryimage\",\"url\":\"https:\/\/distribucionarc.com\/wp-content\/uploads\/2020\/08\/Expositor-para-perritos-calientes-0.jpg\",\"contentUrl\":\"https:\/\/distribucionarc.com\/wp-content\/uploads\/2020\/08\/Expositor-para-perritos-calientes-0.jpg\",\"width\":1001,\"height\":1001,\"caption\":\"Expositor para perritos calientes\"},{\"@type\":\"BreadcrumbList\",\"@id\":\"https:\/\/www.distribucionarc.com\/sl\/producto\/expositor-para-perritos-calientes\/#breadcrumb\",\"itemListElement\":[{\"@type\":\"ListItem\",\"position\":1,\"name\":\"Portada\",\"item\":\"https:\/\/www.distribucionarc.com\/\"},{\"@type\":\"ListItem\",\"position\":2,\"name\":\"\u00dcr\u00fcnler\",\"item\":\"https:\/\/www.distribucionarc.com\/tr\/magaza\/\"},{\"@type\":\"ListItem\",\"position\":3,\"name\":\"Expositor para perritos calientes\"}]},{\"@type\":\"WebSite\",\"@id\":\"https:\/\/www.distribucionarc.com\/sl\/#website\",\"url\":\"https:\/\/www.distribucionarc.com\/sl\/\",\"name\":\"distribuci\u00f3n ARC\",\"description\":\"Empresa especializada en la fabricaci\u00f3n y distribuci\u00f3n de maquinaria industrial, selladoras de latas, Maquinas de hacer pastillas, Maquinas de cortar carne...\",\"publisher\":{\"@id\":\"https:\/\/www.distribucionarc.com\/sl\/#organization\"},\"potentialAction\":[{\"@type\":\"SearchAction\",\"target\":{\"@type\":\"EntryPoint\",\"urlTemplate\":\"https:\/\/www.distribucionarc.com\/sl\/?s={search_term_string}\"},\"query-input\":{\"@type\":\"PropertyValueSpecification\",\"valueRequired\":true,\"valueName\":\"search_term_string\"}}],\"inLanguage\":\"ro-RO\"},{\"@type\":\"Organization\",\"@id\":\"https:\/\/www.distribucionarc.com\/sl\/#organization\",\"name\":\"Distribuci\u00f3n ARC\",\"url\":\"https:\/\/www.distribucionarc.com\/sl\/\",\"logo\":{\"@type\":\"ImageObject\",\"inLanguage\":\"ro-RO\",\"@id\":\"https:\/\/www.distribucionarc.com\/sl\/#\/schema\/logo\/image\/\",\"url\":\"https:\/\/distribucionarc.com\/wp-content\/uploads\/2024\/10\/distribucion-ARC-COLOR-SIN-FONDO-e1732295305345.png\",\"contentUrl\":\"https:\/\/distribucionarc.com\/wp-content\/uploads\/2024\/10\/distribucion-ARC-COLOR-SIN-FONDO-e1732295305345.png\",\"width\":1164,\"height\":558,\"caption\":\"Distribuci\u00f3n ARC\"},\"image\":{\"@id\":\"https:\/\/www.distribucionarc.com\/sl\/#\/schema\/logo\/image\/\"},\"description\":\"Empresa especializada en la fabricaci\u00f3n y distribuci\u00f3n de maquinaria industrial para los sectores alimentario y farmac\u00e9utico. Nos especializamos en: M\u00e1quinas de cortar carne Fabricaci\u00f3n de comprimidos Sistemas de transporte industrial L\u00edneas de embotellado Dosificadores Y mucho m\u00e1s... Ofrecemos soluciones innovadoras y personalizadas para optimizar los procesos productivos de tu empresa.\",\"email\":\"Admistracion@distribucionarc.com\",\"telephone\":\"+34 643496664\",\"legalName\":\"ARC TECH SOLUTIONS\",\"foundingDate\":\"2024-04-09\",\"vatID\":\"B55480172\",\"numberOfEmployees\":{\"@type\":\"QuantitativeValue\",\"minValue\":\"1\",\"maxValue\":\"10\"}}]}<\/script>\n<!-- \/ Yoast SEO Premium plugin. -->","yoast_head_json":{"title":"Display hot dog - distributie ARC","robots":{"index":"index","follow":"follow","max-snippet":"max-snippet:-1","max-image-preview":"max-image-preview:large","max-video-preview":"max-video-preview:-1"},"canonical":"https:\/\/www.distribucionarc.com\/sl\/producto\/expositor-para-perritos-calientes\/","og_locale":"ro_RO","og_type":"article","og_title":"Expositor para perritos calientes","og_description":"Expositor para perritos calientes Este Vitrina para perritos calientes ARC profesional para largos servicios, es ideal para muchos eventos y ocasiones...ferias, cafeter\u00edas, fiestas, restaurantes de comida r\u00e1pida, festivales y mucho m\u00e1s. Calienta los alimentos uniformemente y mantiene el sabor fresco de los alimentos durante mucho tiempo. Los cristales templados resistentes al calor conservar\u00e1n los alimentos a la temperatura adecuada conservando su brillo y sabor para despertar el apetito de sus clientes. Su elegante dise\u00f1o tradicional la hace visible a gran distancia, cuenta con un motor eficiente de bajo consumo. Requiere de poco montaje para facilitar su transporte Garant\u00eda\u00a0ARC\u00a02 A\u00d1OS Calentador de perritos calientes eficiente, bajo consumo 1350w soporte t\u00e9cnico incluido","og_url":"https:\/\/www.distribucionarc.com\/sl\/producto\/expositor-para-perritos-calientes\/","og_site_name":"distribuci\u00f3n ARC","article_modified_time":"2020-10-08T15:02:12+00:00","og_image":[{"width":1001,"height":1001,"url":"https:\/\/www.distribucionarc.com\/wp-content\/uploads\/2020\/08\/Expositor-para-perritos-calientes-0.jpg","type":"image\/jpeg"}],"twitter_card":"summary_large_image","twitter_misc":{"Timp estimat pentru citire":"1 minut"},"schema":{"@context":"https:\/\/schema.org","@graph":[{"@type":"WebPage","@id":"https:\/\/www.distribucionarc.com\/sl\/producto\/expositor-para-perritos-calientes\/","url":"https:\/\/www.distribucionarc.com\/sl\/producto\/expositor-para-perritos-calientes\/","name":"Display hot dog - distributie ARC","isPartOf":{"@id":"https:\/\/www.distribucionarc.com\/sl\/#website"},"primaryImageOfPage":{"@id":"https:\/\/www.distribucionarc.com\/sl\/producto\/expositor-para-perritos-calientes\/#primaryimage"},"image":{"@id":"https:\/\/www.distribucionarc.com\/sl\/producto\/expositor-para-perritos-calientes\/#primaryimage"},"thumbnailUrl":"https:\/\/distribucionarc.com\/wp-content\/uploads\/2020\/08\/Expositor-para-perritos-calientes-0.jpg","datePublished":"2020-08-20T10:37:15+00:00","dateModified":"2020-10-08T15:02:12+00:00","breadcrumb":{"@id":"https:\/\/www.distribucionarc.com\/sl\/producto\/expositor-para-perritos-calientes\/#breadcrumb"},"inLanguage":"ro-RO","potentialAction":[{"@type":"ReadAction","target":["https:\/\/www.distribucionarc.com\/sl\/producto\/expositor-para-perritos-calientes\/"]}]},{"@type":"ImageObject","inLanguage":"ro-RO","@id":"https:\/\/www.distribucionarc.com\/sl\/producto\/expositor-para-perritos-calientes\/#primaryimage","url":"https:\/\/distribucionarc.com\/wp-content\/uploads\/2020\/08\/Expositor-para-perritos-calientes-0.jpg","contentUrl":"https:\/\/distribucionarc.com\/wp-content\/uploads\/2020\/08\/Expositor-para-perritos-calientes-0.jpg","width":1001,"height":1001,"caption":"Expositor para perritos calientes"},{"@type":"BreadcrumbList","@id":"https:\/\/www.distribucionarc.com\/sl\/producto\/expositor-para-perritos-calientes\/#breadcrumb","itemListElement":[{"@type":"ListItem","position":1,"name":"Portada","item":"https:\/\/www.distribucionarc.com\/"},{"@type":"ListItem","position":2,"name":"\u00dcr\u00fcnler","item":"https:\/\/www.distribucionarc.com\/tr\/magaza\/"},{"@type":"ListItem","position":3,"name":"Expositor para perritos calientes"}]},{"@type":"WebSite","@id":"https:\/\/www.distribucionarc.com\/sl\/#website","url":"https:\/\/www.distribucionarc.com\/sl\/","name":"Distribu\u021bie ARC","description":"Companie specializat\u0103 \u00een fabricarea \u0219i distribu\u021bia de utilaje industriale, ma\u0219ini de sigilat cutii, ma\u0219ini de fabricat tablete, ma\u0219ini de t\u0103iat carne...","publisher":{"@id":"https:\/\/www.distribucionarc.com\/sl\/#organization"},"potentialAction":[{"@type":"SearchAction","target":{"@type":"EntryPoint","urlTemplate":"https:\/\/www.distribucionarc.com\/sl\/?s={search_term_string}"},"query-input":{"@type":"PropertyValueSpecification","valueRequired":true,"valueName":"search_term_string"}}],"inLanguage":"ro-RO"},{"@type":"Organization","@id":"https:\/\/www.distribucionarc.com\/sl\/#organization","name":"Distribu\u021bie ARC","url":"https:\/\/www.distribucionarc.com\/sl\/","logo":{"@type":"ImageObject","inLanguage":"ro-RO","@id":"https:\/\/www.distribucionarc.com\/sl\/#\/schema\/logo\/image\/","url":"https:\/\/distribucionarc.com\/wp-content\/uploads\/2024\/10\/distribucion-ARC-COLOR-SIN-FONDO-e1732295305345.png","contentUrl":"https:\/\/distribucionarc.com\/wp-content\/uploads\/2024\/10\/distribucion-ARC-COLOR-SIN-FONDO-e1732295305345.png","width":1164,"height":558,"caption":"Distribuci\u00f3n ARC"},"image":{"@id":"https:\/\/www.distribucionarc.com\/sl\/#\/schema\/logo\/image\/"},"description":"Companie specializat\u0103 \u00een fabricarea \u0219i distribu\u021bia de utilaje industriale pentru sectoarele alimentar \u0219i farmaceutic. Suntem specializa\u021bi \u00een: Ma\u0219ini de t\u0103iat carne Fabricarea tabletelor Sisteme de transport industrial Linii de \u00eembuteliere Distribuitoare \u0218i multe altele... Oferim solu\u021bii inovatoare \u0219i personalizate pentru a optimiza procesele de produc\u021bie ale companiei dumneavoastr\u0103.","email":"Admistracion@distribucionarc.com","telephone":"+34 643496664","legalName":"ARC TECH SOLUTIONS","foundingDate":"2024-04-09","vatID":"B55480172","numberOfEmployees":{"@type":"QuantitativeValue","minValue":"1","maxValue":"10"}}]}},"_links":{"self":[{"href":"https:\/\/distribucionarc.com\/ro\/wp-json\/wp\/v2\/product\/2665","targetHints":{"allow":["GET"]}}],"collection":[{"href":"https:\/\/distribucionarc.com\/ro\/wp-json\/wp\/v2\/product"}],"about":[{"href":"https:\/\/distribucionarc.com\/ro\/wp-json\/wp\/v2\/types\/product"}],"replies":[{"embeddable":true,"href":"https:\/\/distribucionarc.com\/ro\/wp-json\/wp\/v2\/comments?post=2665"}],"version-history":[{"count":0,"href":"https:\/\/distribucionarc.com\/ro\/wp-json\/wp\/v2\/product\/2665\/revisions"}],"wp:featuredmedia":[{"embeddable":true,"href":"https:\/\/distribucionarc.com\/ro\/wp-json\/wp\/v2\/media\/2672"}],"wp:attachment":[{"href":"https:\/\/distribucionarc.com\/ro\/wp-json\/wp\/v2\/media?parent=2665"}],"wp:term":[{"taxonomy":"product_brand","embeddable":true,"href":"https:\/\/distribucionarc.com\/ro\/wp-json\/wp\/v2\/product_brand?post=2665"},{"taxonomy":"product_cat","embeddable":true,"href":"https:\/\/distribucionarc.com\/ro\/wp-json\/wp\/v2\/product_cat?post=2665"},{"taxonomy":"product_tag","embeddable":true,"href":"https:\/\/distribucionarc.com\/ro\/wp-json\/wp\/v2\/product_tag?post=2665"}],"curies":[{"name":"wp","href":"https:\/\/api.w.org\/{rel}","templated":true}]}}