{"id":2678,"date":"2020-08-20T11:22:08","date_gmt":"2020-08-20T11:22:08","guid":{"rendered":"https:\/\/distribucionarc.com\/?post_type=product&#038;p=2678"},"modified":"2023-02-06T13:00:10","modified_gmt":"2023-02-06T13:00:10","slug":"fantana-ciocolata-cu-5-niveluri","status":"publish","type":"product","link":"https:\/\/distribucionarc.com\/ro\/producto\/fuente-de-chocolate-5-niveles\/","title":{"rendered":"F\u00e2nt\u00e2n\u0103 de ciocolat\u0103 5 nivele"},"content":{"rendered":"<h3>F\u00e2nt\u00e2n\u0103 de ciocolat\u0103 5 nivele<\/h3>\n<p>The\u00a0<strong>fantana de ciocolata<\/strong>\u00a0de\u00a0<strong><span style=\"color: #ff0000;\">LA<\/span><span style=\"color: #0000ff;\">R<\/span>c<\/strong>\u00a0are o\u00a0<strong>sistem de nou\u0103 genera\u021bie care economise\u0219te energie<\/strong>\u00a0\u0219i \u00eenc\u0103lzi\u021bi dispozitivul cu control automat \u0219i temperatur\u0103 constant\u0103. Topi\u021bi ciocolata cel mai repede, pute\u021bi seta f\u00e2nt\u00e2na la temperatura camerei. Astfel compozi\u021bia ciocolatei nu este modificat\u0103.<\/p>\n<p>Fabricat din o\u021bel inoxidabil 304 de calitate alimentar\u0103,\u00a0<strong>fantana de ciocolata <span style=\"color: #ff0000;\">LA<\/span><span style=\"color: #0000ff;\">R<\/span>CFCH5<\/strong>\u00a0Este complet \u00eenchis pentru a evita problemele de scurgere. Motorul s\u0103u silentios \u0219i eficient \u00eel face ideal pentru banchete, nun\u021bi, bufete, evenimente, petreceri etc.<\/p>\n<h6>garan\u021bie<strong>\u00a0<span style=\"color: #ff0000;\">LA<\/span><span style=\"color: #0000ff;\">R<\/span>c<\/strong><\/h6>\n<h6><span style=\"color: #008000;\"><strong>F\u00e2nt\u00e2n\u0103 de ciocolat\u0103 eficient\u0103, consum redus 120W\u00a0<\/strong><\/span><\/h6>\n<h6>suport tehnic inclus<\/h6>\n<p>&nbsp;<\/p>\n<table role=\"presentation\" width=\"100%\" cellspacing=\"0\" cellpadding=\"0\">\n<tbody>\n<tr>\n<td class=\"attrLabels\">Garantie:<\/td>\n<td width=\"50.0%\">ARC 2 ANI<\/td>\n<\/tr>\n<tr>\n<td class=\"attrLabels\">\u021aara de distribu\u021bie:<\/td>\n<td width=\"50.0%\">Spania, Germania, SUA<\/td>\n<td class=\"attrLabels\">Greutate:<\/td>\n<td width=\"50.0%\">9 kg<\/td>\n<\/tr>\n<tr>\n<td class=\"attrLabels\">Marca:<\/td>\n<td width=\"50.0%\">ARC<\/td>\n<td class=\"attrLabels\">\u00cen\u0103l\u0163ime:<\/td>\n<td width=\"50.0%\">\u00a071 cm<\/td>\n<\/tr>\n<tr>\n<td class=\"attrLabels\">Culoare:<\/td>\n<td width=\"50.0%\">Argint<\/td>\n<td class=\"attrLabels\">Lung:<\/td>\n<td width=\"50.0%\">39 cm<\/td>\n<\/tr>\n<tr>\n<td class=\"attrLabels\">Tip produs:<\/td>\n<td width=\"50.0%\">fantana de ciocolata<\/td>\n<td class=\"attrLabels\">Larg:<\/td>\n<td width=\"50.0%\">39 cm<\/td>\n<\/tr>\n<tr>\n<td class=\"attrLabels\">Numar producator:<\/td>\n<td width=\"50.0%\">ARCFCH5<\/td>\n<td class=\"attrLabels\">Putere:<\/td>\n<td width=\"50.0%\">120W<\/td>\n<\/tr>\n<tr>\n<td class=\"attrLabels\">Material:<\/td>\n<td width=\"50.0%\">o\u0163el inoxidabil<\/td>\n<td class=\"attrLabels\">Interval de temperatur\u0103:<\/td>\n<td width=\"50.0%\">0\u00b0 \u2013 150\u00b0C<\/td>\n<\/tr>\n<tr>\n<td class=\"attrLabels\">niveluri:<\/td>\n<td width=\"50.0%\">5<\/td>\n<td class=\"attrLabels\">Diametru maxim:<\/td>\n<td width=\"50.0%\">33 cm<\/td>\n<\/tr>\n<tr>\n<td class=\"attrLabels\">Instrumente de instalare:<\/td>\n<td width=\"50.0%\">Da<\/td>\n<td class=\"attrLabels\">Abilitatea:<\/td>\n<td width=\"50.0%\">3L<\/td>\n<\/tr>\n<\/tbody>\n<\/table>","protected":false},"excerpt":{"rendered":"<h2>F\u00e2nt\u00e2n\u0103 de ciocolat\u0103 5 nivele<\/h2>\n<p>The\u00a0<strong>fantana de ciocolata<\/strong>\u00a0de\u00a0<strong><span style=\"color: #ff0000;\">LA<\/span><span style=\"color: #0000ff;\">R<\/span>c<\/strong> Are 5 niveluri pentru a produce un efect de cascad\u0103 de neegalat.<\/p>\n<p>Ciocolata care coboar\u0103 apetisant \u0219i cu aspect m\u0103t\u0103sos prin aceasta\u00a0<strong>fantana de ciocolata <span style=\"color: #ff0000;\">LA<\/span><span style=\"color: #0000ff;\">R<\/span>CFCH5<\/strong>\u00a0Poate fi o pl\u0103cere extraordinar\u0103, creeaz\u0103 efecte unice. \u00cen plus, poate fi \u00eenlocuit \u0219i cu alte alimente, cum ar fi ciocolat\u0103 cu lapte, ciocolat\u0103 neagr\u0103, dulce de leche, c\u0103p\u0219uni, mere, fursecuri, bile de \u00eenghe\u021bat\u0103, bile de arahide \u0219i multe altele.<\/p>\n<h6>garan\u021bie<strong>\u00a0<span style=\"color: #ff0000;\">LA<\/span><span style=\"color: #0000ff;\">R<\/span>c<\/strong><\/h6>\n<h6><span style=\"color: #008000;\"><strong>F\u00e2nt\u00e2n\u0103 de ciocolat\u0103 eficient\u0103, consum redus 120W\u00a0<\/strong><\/span><\/h6>\n<h6>suport tehnic inclus<\/h6>","protected":false},"featured_media":2684,"comment_status":"open","ping_status":"closed","template":"","meta":{"wds_primary_product_brand":0,"wds_primary_product_cat":0},"product_brand":[],"product_cat":[57,56],"product_tag":[],"class_list":{"0":"post-2678","1":"product","2":"type-product","3":"status-publish","4":"has-post-thumbnail","6":"product_cat-dosificadores-dispensadores","7":"product_cat-maquinaria-para-ferias","8":"product_shipping_class-hosteleria","10":"first","11":"instock","12":"sale","13":"taxable","14":"shipping-taxable","15":"purchasable","16":"product-type-simple"},"yoast_head":"<!-- This site is optimized with the Yoast SEO Premium plugin v24.9 (Yoast SEO v26.1) - https:\/\/yoast.com\/wordpress\/plugins\/seo\/ -->\n<title>Fuente de chocolate 5 niveles - distribuci\u00f3n ARC<\/title>\n<meta name=\"robots\" content=\"index, follow, max-snippet:-1, max-image-preview:large, max-video-preview:-1\" \/>\n<link rel=\"canonical\" href=\"https:\/\/www.distribucionarc.com\/lt\/producto\/fuente-de-chocolate-5-niveles\/\" \/>\n<meta property=\"og:locale\" content=\"ro_RO\" \/>\n<meta property=\"og:type\" content=\"article\" \/>\n<meta property=\"og:title\" content=\"Fuente de chocolate 5 niveles\" \/>\n<meta property=\"og:description\" content=\"Fuente de chocolate 5 niveles La\u00a0fuente de chocolate\u00a0de\u00a0ARC dispone de 5 niveles para producir un efecto cascada inigualable.  El chocolate que desciende apetitosamente y con un aspecto sedoso por esta\u00a0fuente de chocolate ARCFCH5\u00a0puede ser un placer extraordinario, crea efectos \u00fanicos. Adem\u00e1s, tambi\u00e9n puede sustituirse con otros alimentos, tales como chocolate con leche, chocolate negro, dulce de leche, fresa, manzana, galletas, bolas de helado, bolas de cacahuete, y muchos m\u00e1s. Garant\u00eda\u00a0ARC Fuente de chocolate eficiente, bajo consumo 120W\u00a0 soporte t\u00e9cnico\u00a0incluido\" \/>\n<meta property=\"og:url\" content=\"https:\/\/www.distribucionarc.com\/lt\/producto\/fuente-de-chocolate-5-niveles\/\" \/>\n<meta property=\"og:site_name\" content=\"distribuci\u00f3n ARC\" \/>\n<meta property=\"article:modified_time\" content=\"2023-02-06T13:00:10+00:00\" \/>\n<meta property=\"og:image\" content=\"https:\/\/www.distribucionarc.com\/wp-content\/uploads\/2020\/08\/Fuente-de-chocolate-5-niveles-1.jpg\" \/>\n\t<meta property=\"og:image:width\" content=\"1000\" \/>\n\t<meta property=\"og:image:height\" content=\"1000\" \/>\n\t<meta property=\"og:image:type\" content=\"image\/jpeg\" \/>\n<meta name=\"twitter:card\" content=\"summary_large_image\" \/>\n<meta name=\"twitter:label1\" content=\"Timp estimat pentru citire\" \/>\n\t<meta name=\"twitter:data1\" content=\"1 minut\" \/>\n<script type=\"application\/ld+json\" class=\"yoast-schema-graph\">{\"@context\":\"https:\/\/schema.org\",\"@graph\":[{\"@type\":\"WebPage\",\"@id\":\"https:\/\/www.distribucionarc.com\/lt\/producto\/fuente-de-chocolate-5-niveles\/\",\"url\":\"https:\/\/www.distribucionarc.com\/lt\/producto\/fuente-de-chocolate-5-niveles\/\",\"name\":\"Fuente de chocolate 5 niveles - distribuci\u00f3n ARC\",\"isPartOf\":{\"@id\":\"https:\/\/distribucionarc.com\/ro\/#website\"},\"primaryImageOfPage\":{\"@id\":\"https:\/\/www.distribucionarc.com\/lt\/producto\/fuente-de-chocolate-5-niveles\/#primaryimage\"},\"image\":{\"@id\":\"https:\/\/www.distribucionarc.com\/lt\/producto\/fuente-de-chocolate-5-niveles\/#primaryimage\"},\"thumbnailUrl\":\"https:\/\/distribucionarc.com\/wp-content\/uploads\/2020\/08\/Fuente-de-chocolate-5-niveles-1.jpg\",\"datePublished\":\"2020-08-20T11:22:08+00:00\",\"dateModified\":\"2023-02-06T13:00:10+00:00\",\"breadcrumb\":{\"@id\":\"https:\/\/www.distribucionarc.com\/lt\/producto\/fuente-de-chocolate-5-niveles\/#breadcrumb\"},\"inLanguage\":\"ro-RO\",\"potentialAction\":[{\"@type\":\"ReadAction\",\"target\":[\"https:\/\/www.distribucionarc.com\/lt\/producto\/fuente-de-chocolate-5-niveles\/\"]}]},{\"@type\":\"ImageObject\",\"inLanguage\":\"ro-RO\",\"@id\":\"https:\/\/www.distribucionarc.com\/lt\/producto\/fuente-de-chocolate-5-niveles\/#primaryimage\",\"url\":\"https:\/\/distribucionarc.com\/wp-content\/uploads\/2020\/08\/Fuente-de-chocolate-5-niveles-1.jpg\",\"contentUrl\":\"https:\/\/distribucionarc.com\/wp-content\/uploads\/2020\/08\/Fuente-de-chocolate-5-niveles-1.jpg\",\"width\":1000,\"height\":1000,\"caption\":\"Fuente de chocolate 5 niveles\"},{\"@type\":\"BreadcrumbList\",\"@id\":\"https:\/\/www.distribucionarc.com\/lt\/producto\/fuente-de-chocolate-5-niveles\/#breadcrumb\",\"itemListElement\":[{\"@type\":\"ListItem\",\"position\":1,\"name\":\"Portada\",\"item\":\"https:\/\/distribucionarc.com\/ar\/\"},{\"@type\":\"ListItem\",\"position\":2,\"name\":\"Proizvodi\",\"item\":\"https:\/\/www.distribucionarc.com\/hr\/ducan\/\"},{\"@type\":\"ListItem\",\"position\":3,\"name\":\"Fuente de chocolate 5 niveles\"}]},{\"@type\":\"WebSite\",\"@id\":\"https:\/\/distribucionarc.com\/ro\/#website\",\"url\":\"https:\/\/distribucionarc.com\/ro\/\",\"name\":\"distribuci\u00f3n ARC\",\"description\":\"Empresa especializada en la fabricaci\u00f3n y distribuci\u00f3n de maquinaria industrial, selladoras de latas, Maquinas de hacer pastillas, Maquinas de cortar carne...\",\"publisher\":{\"@id\":\"https:\/\/distribucionarc.com\/ro\/#organization\"},\"potentialAction\":[{\"@type\":\"SearchAction\",\"target\":{\"@type\":\"EntryPoint\",\"urlTemplate\":\"https:\/\/distribucionarc.com\/ro\/?s={search_term_string}\"},\"query-input\":{\"@type\":\"PropertyValueSpecification\",\"valueRequired\":true,\"valueName\":\"search_term_string\"}}],\"inLanguage\":\"ro-RO\"},{\"@type\":\"Organization\",\"@id\":\"https:\/\/distribucionarc.com\/ro\/#organization\",\"name\":\"Distribuci\u00f3n ARC\",\"url\":\"https:\/\/distribucionarc.com\/ro\/\",\"logo\":{\"@type\":\"ImageObject\",\"inLanguage\":\"ro-RO\",\"@id\":\"https:\/\/distribucionarc.com\/ro\/#\/schema\/logo\/image\/\",\"url\":\"https:\/\/distribucionarc.com\/wp-content\/uploads\/2024\/10\/distribucion-ARC-COLOR-SIN-FONDO-e1732295305345.png\",\"contentUrl\":\"https:\/\/distribucionarc.com\/wp-content\/uploads\/2024\/10\/distribucion-ARC-COLOR-SIN-FONDO-e1732295305345.png\",\"width\":1164,\"height\":558,\"caption\":\"Distribuci\u00f3n ARC\"},\"image\":{\"@id\":\"https:\/\/distribucionarc.com\/ro\/#\/schema\/logo\/image\/\"},\"description\":\"Empresa especializada en la fabricaci\u00f3n y distribuci\u00f3n de maquinaria industrial para los sectores alimentario y farmac\u00e9utico. Nos especializamos en: M\u00e1quinas de cortar carne Fabricaci\u00f3n de comprimidos Sistemas de transporte industrial L\u00edneas de embotellado Dosificadores Y mucho m\u00e1s... Ofrecemos soluciones innovadoras y personalizadas para optimizar los procesos productivos de tu empresa.\",\"email\":\"Admistracion@distribucionarc.com\",\"telephone\":\"+34 643496664\",\"legalName\":\"ARC TECH SOLUTIONS\",\"foundingDate\":\"2024-04-09\",\"vatID\":\"B55480172\",\"numberOfEmployees\":{\"@type\":\"QuantitativeValue\",\"minValue\":\"1\",\"maxValue\":\"10\"}}]}<\/script>\n<!-- \/ Yoast SEO Premium plugin. -->","yoast_head_json":{"title":"F\u00e2nt\u00e2n\u0103 de ciocolat\u0103 5 nivele - distribu\u021bie ARC","robots":{"index":"index","follow":"follow","max-snippet":"max-snippet:-1","max-image-preview":"max-image-preview:large","max-video-preview":"max-video-preview:-1"},"canonical":"https:\/\/www.distribucionarc.com\/lt\/producto\/fuente-de-chocolate-5-niveles\/","og_locale":"ro_RO","og_type":"article","og_title":"Fuente de chocolate 5 niveles","og_description":"Fuente de chocolate 5 niveles La\u00a0fuente de chocolate\u00a0de\u00a0ARC dispone de 5 niveles para producir un efecto cascada inigualable.  El chocolate que desciende apetitosamente y con un aspecto sedoso por esta\u00a0fuente de chocolate ARCFCH5\u00a0puede ser un placer extraordinario, crea efectos \u00fanicos. Adem\u00e1s, tambi\u00e9n puede sustituirse con otros alimentos, tales como chocolate con leche, chocolate negro, dulce de leche, fresa, manzana, galletas, bolas de helado, bolas de cacahuete, y muchos m\u00e1s. Garant\u00eda\u00a0ARC Fuente de chocolate eficiente, bajo consumo 120W\u00a0 soporte t\u00e9cnico\u00a0incluido","og_url":"https:\/\/www.distribucionarc.com\/lt\/producto\/fuente-de-chocolate-5-niveles\/","og_site_name":"distribuci\u00f3n ARC","article_modified_time":"2023-02-06T13:00:10+00:00","og_image":[{"width":1000,"height":1000,"url":"https:\/\/www.distribucionarc.com\/wp-content\/uploads\/2020\/08\/Fuente-de-chocolate-5-niveles-1.jpg","type":"image\/jpeg"}],"twitter_card":"summary_large_image","twitter_misc":{"Timp estimat pentru citire":"1 minut"},"schema":{"@context":"https:\/\/schema.org","@graph":[{"@type":"WebPage","@id":"https:\/\/www.distribucionarc.com\/lt\/producto\/fuente-de-chocolate-5-niveles\/","url":"https:\/\/www.distribucionarc.com\/lt\/producto\/fuente-de-chocolate-5-niveles\/","name":"F\u00e2nt\u00e2n\u0103 de ciocolat\u0103 5 nivele - distribu\u021bie ARC","isPartOf":{"@id":"https:\/\/distribucionarc.com\/ro\/#website"},"primaryImageOfPage":{"@id":"https:\/\/www.distribucionarc.com\/lt\/producto\/fuente-de-chocolate-5-niveles\/#primaryimage"},"image":{"@id":"https:\/\/www.distribucionarc.com\/lt\/producto\/fuente-de-chocolate-5-niveles\/#primaryimage"},"thumbnailUrl":"https:\/\/distribucionarc.com\/wp-content\/uploads\/2020\/08\/Fuente-de-chocolate-5-niveles-1.jpg","datePublished":"2020-08-20T11:22:08+00:00","dateModified":"2023-02-06T13:00:10+00:00","breadcrumb":{"@id":"https:\/\/www.distribucionarc.com\/lt\/producto\/fuente-de-chocolate-5-niveles\/#breadcrumb"},"inLanguage":"ro-RO","potentialAction":[{"@type":"ReadAction","target":["https:\/\/www.distribucionarc.com\/lt\/producto\/fuente-de-chocolate-5-niveles\/"]}]},{"@type":"ImageObject","inLanguage":"ro-RO","@id":"https:\/\/www.distribucionarc.com\/lt\/producto\/fuente-de-chocolate-5-niveles\/#primaryimage","url":"https:\/\/distribucionarc.com\/wp-content\/uploads\/2020\/08\/Fuente-de-chocolate-5-niveles-1.jpg","contentUrl":"https:\/\/distribucionarc.com\/wp-content\/uploads\/2020\/08\/Fuente-de-chocolate-5-niveles-1.jpg","width":1000,"height":1000,"caption":"Fuente de chocolate 5 niveles"},{"@type":"BreadcrumbList","@id":"https:\/\/www.distribucionarc.com\/lt\/producto\/fuente-de-chocolate-5-niveles\/#breadcrumb","itemListElement":[{"@type":"ListItem","position":1,"name":"Portada","item":"https:\/\/distribucionarc.com\/ar\/"},{"@type":"ListItem","position":2,"name":"Proizvodi","item":"https:\/\/www.distribucionarc.com\/hr\/ducan\/"},{"@type":"ListItem","position":3,"name":"Fuente de chocolate 5 niveles"}]},{"@type":"WebSite","@id":"https:\/\/distribucionarc.com\/ro\/#website","url":"https:\/\/distribucionarc.com\/ro\/","name":"Distribu\u021bie ARC","description":"Companie specializat\u0103 \u00een fabricarea \u0219i distribu\u021bia de utilaje industriale, ma\u0219ini de sigilat cutii, ma\u0219ini de fabricat tablete, ma\u0219ini de t\u0103iat carne...","publisher":{"@id":"https:\/\/distribucionarc.com\/ro\/#organization"},"potentialAction":[{"@type":"SearchAction","target":{"@type":"EntryPoint","urlTemplate":"https:\/\/distribucionarc.com\/ro\/?s={search_term_string}"},"query-input":{"@type":"PropertyValueSpecification","valueRequired":true,"valueName":"search_term_string"}}],"inLanguage":"ro-RO"},{"@type":"Organization","@id":"https:\/\/distribucionarc.com\/ro\/#organization","name":"Distribu\u021bie ARC","url":"https:\/\/distribucionarc.com\/ro\/","logo":{"@type":"ImageObject","inLanguage":"ro-RO","@id":"https:\/\/distribucionarc.com\/ro\/#\/schema\/logo\/image\/","url":"https:\/\/distribucionarc.com\/wp-content\/uploads\/2024\/10\/distribucion-ARC-COLOR-SIN-FONDO-e1732295305345.png","contentUrl":"https:\/\/distribucionarc.com\/wp-content\/uploads\/2024\/10\/distribucion-ARC-COLOR-SIN-FONDO-e1732295305345.png","width":1164,"height":558,"caption":"Distribuci\u00f3n ARC"},"image":{"@id":"https:\/\/distribucionarc.com\/ro\/#\/schema\/logo\/image\/"},"description":"Companie specializat\u0103 \u00een fabricarea \u0219i distribu\u021bia de utilaje industriale pentru sectoarele alimentar \u0219i farmaceutic. Suntem specializa\u021bi \u00een: Ma\u0219ini de t\u0103iat carne Fabricarea tabletelor Sisteme de transport industrial Linii de \u00eembuteliere Distribuitoare \u0218i multe altele... Oferim solu\u021bii inovatoare \u0219i personalizate pentru a optimiza procesele de produc\u021bie ale companiei dumneavoastr\u0103.","email":"Admistracion@distribucionarc.com","telephone":"+34 643496664","legalName":"ARC TECH SOLUTIONS","foundingDate":"2024-04-09","vatID":"B55480172","numberOfEmployees":{"@type":"QuantitativeValue","minValue":"1","maxValue":"10"}}]}},"_links":{"self":[{"href":"https:\/\/distribucionarc.com\/ro\/wp-json\/wp\/v2\/product\/2678","targetHints":{"allow":["GET"]}}],"collection":[{"href":"https:\/\/distribucionarc.com\/ro\/wp-json\/wp\/v2\/product"}],"about":[{"href":"https:\/\/distribucionarc.com\/ro\/wp-json\/wp\/v2\/types\/product"}],"replies":[{"embeddable":true,"href":"https:\/\/distribucionarc.com\/ro\/wp-json\/wp\/v2\/comments?post=2678"}],"version-history":[{"count":0,"href":"https:\/\/distribucionarc.com\/ro\/wp-json\/wp\/v2\/product\/2678\/revisions"}],"wp:featuredmedia":[{"embeddable":true,"href":"https:\/\/distribucionarc.com\/ro\/wp-json\/wp\/v2\/media\/2684"}],"wp:attachment":[{"href":"https:\/\/distribucionarc.com\/ro\/wp-json\/wp\/v2\/media?parent=2678"}],"wp:term":[{"taxonomy":"product_brand","embeddable":true,"href":"https:\/\/distribucionarc.com\/ro\/wp-json\/wp\/v2\/product_brand?post=2678"},{"taxonomy":"product_cat","embeddable":true,"href":"https:\/\/distribucionarc.com\/ro\/wp-json\/wp\/v2\/product_cat?post=2678"},{"taxonomy":"product_tag","embeddable":true,"href":"https:\/\/distribucionarc.com\/ro\/wp-json\/wp\/v2\/product_tag?post=2678"}],"curies":[{"name":"wp","href":"https:\/\/api.w.org\/{rel}","templated":true}]}}