{"id":2698,"date":"2020-08-20T15:47:46","date_gmt":"2020-08-20T15:47:46","guid":{"rendered":"https:\/\/distribucionarc.com\/?post_type=product&#038;p=2698"},"modified":"2020-10-01T09:35:32","modified_gmt":"2020-10-01T09:35:32","slug":"sonda-cu-camera-inspectia-tevilor","status":"publish","type":"product","link":"https:\/\/distribucionarc.com\/ro\/producto\/sonda-con-camara-inspeccion-de-tuberias\/","title":{"rendered":"Sonda cu camera, inspectie tevi\u00a0"},"content":{"rendered":"<h3>Sonda cu camera, inspectie tevi<\/h3>\n<p style=\"line-height: 21.0pt;\"><span style=\"font-size: 13.0pt; font-family: 'Arial',sans-serif; color: black;\">The<strong> camera de inspectie a conductelor <span style=\"color: #ff0000;\">LA<\/span><span style=\"color: #0000ff;\">R<\/span>c<\/strong> Combin\u0103 o sond\u0103 cu v\u00e2rful camerei cu un monitor LCD de 7 inchi pentru a vizualiza o zon\u0103 de inspec\u021bie greu accesibil\u0103. The <strong>Camer\u0103 HD cu unghi de vizualizare de 145\u00ba<\/strong>, v\u0103 vor oferi o imagine complet\u0103 \u0219i clar\u0103. Bateria poate fi folosita 8 ore, in stare buna.<\/span><\/p>\n<p style=\"line-height: 21.0pt;\"><span style=\"font-size: 13.0pt; font-family: 'Arial',sans-serif; color: black;\">Protectorul din piele asigur\u0103 o vedere clar\u0103 \u00een inspec\u021bia \u00een aer liber \u0219i protec\u021bie suplimentar\u0103 pentru monitor.<\/span> <span style=\"font-size: 13.0pt; font-family: 'Arial',sans-serif; color: black;\">Cutia din aluminiu cu design integrat este u\u0219or de utilizat, nu necesit\u0103 asamblare, toate accesoriile pot fi g\u0103zduite \u00een cutie pentru un transport sigur, durabil \u0219i robust.<\/span><\/p>\n<p style=\"line-height: 21.0pt;\"><span style=\"font-size: 13.0pt; font-family: 'Arial',sans-serif; color: black;\">Lungimea cablului prelungitor <strong>Sonda cu camera <span style=\"color: #ff0000;\">LA<\/span><span style=\"color: #0000ff;\">R<\/span>CSCT2<\/strong> Disponibil este de 30m, rezistent la frig, impermeabil \u0219i rezistent la trac\u021biune. Design impermeabil IP68, durabil pentru a rezista la diverse medii.<\/span><\/p>\n<h6><strong>garan\u021bie\u00a0<span style=\"color: #ff0000;\">LA<\/span><span style=\"color: #0000ff;\">R<\/span>C 2 ANI<\/strong><\/h6>\n<h6><span style=\"color: #008000;\">Autonomie baterie 8h<\/span><\/h6>\n<h6><strong>suport tehnic inclus<\/strong><\/h6>\n<p>&nbsp;<\/p>\n<table role=\"presentation\" width=\"100%\" cellspacing=\"0\" cellpadding=\"0\">\n<tbody>\n<tr>\n<td class=\"attrLabels\">Marca:<\/td>\n<td width=\"50.0%\">ARC<\/td>\n<\/tr>\n<tr>\n<td class=\"attrLabels\">\u021aara de distribu\u021bie:<\/td>\n<td width=\"50.0%\">Spania, Germania, SUA<\/td>\n<td class=\"attrLabels\">Greutate:<\/td>\n<td width=\"50.0%\">15 kg<\/td>\n<\/tr>\n<tr>\n<td class=\"attrLabels\">Marca:<\/td>\n<td width=\"50.0%\">ARC<\/td>\n<td class=\"attrLabels\">Lungimea cablului:<\/td>\n<td width=\"50.0%\">30 cm<\/td>\n<\/tr>\n<tr>\n<td class=\"attrLabels\">Culoare:<\/td>\n<td width=\"50.0%\">argintiu, negru<\/td>\n<td class=\"attrLabels\">Monitorizare pixeli:<\/td>\n<td width=\"50.0%\">800(\u00een\u0103l\u021bime) x 480(V)<\/td>\n<\/tr>\n<tr>\n<td class=\"attrLabels\">Tip produs:<\/td>\n<td width=\"50.0%\">Camer\u0103 de inspec\u021bie a conductelor<\/td>\n<td class=\"attrLabels\">Durata de via\u021b\u0103 a bateriei:<\/td>\n<td width=\"50.0%\">8 ore<\/td>\n<\/tr>\n<tr>\n<td class=\"attrLabels\">Numar producator:<\/td>\n<td width=\"50.0%\">ARCSCT2<\/td>\n<td class=\"attrLabels\">Amperi baterie:<\/td>\n<td width=\"50.0%\">250W<\/td>\n<\/tr>\n<tr>\n<td class=\"attrLabels\">Material:<\/td>\n<td width=\"50.0%\">Camer\u0103 HD, Protector de piele<\/td>\n<td class=\"attrLabels\">tensiune de intrare<\/td>\n<td width=\"50.0%\">220V \u2013 60Hz<\/td>\n<\/tr>\n<tr>\n<td class=\"attrLabels\">Garantie:<\/td>\n<td width=\"50.0%\">\u00a0 2 ani<\/td>\n<td class=\"attrLabels\">\u00cenc\u0103rc\u0103tor:<\/td>\n<td width=\"50.0%\">AC100-240V DC12.6V 1000MA<\/td>\n<\/tr>\n<tr>\n<td class=\"attrLabels\">Instrumente de instalare:<\/td>\n<td width=\"50.0%\">Da<\/td>\n<td class=\"attrLabels\">\u00a0Sursa de lumina camerei:<\/td>\n<td width=\"50.0%\">6 LED-uri de 1W cu lumin\u0103 alb\u0103 mare (reglabile)<\/td>\n<\/tr>\n<\/tbody>\n<\/table>\n<p>&nbsp;<\/p>\n<p>&nbsp;<\/p>","protected":false},"excerpt":{"rendered":"<h2><strong>Sonda cu camera, inspectie tevi\u00a0<\/strong><\/h2>\n<p><span style=\"font-size: 13.0pt; font-family: 'Arial',sans-serif; color: black; font-weight: normal;\"><span style=\"background: white;\"><span style=\"text-align: start; float: none;\">The<strong> camera de inspectie a conductelor <span style=\"color: #ff0000;\">LA<\/span><span style=\"color: #0000ff;\">R<\/span>c<\/strong> Combin\u0103 o sond\u0103 cu o camer\u0103 pe v\u00e2rf \u00eenso\u021bit\u0103 de un monitor LCD de 7 inchi pentru a vizualiza zonele de inspec\u021bie greu accesibile. Bagajul de lux din piele ofer\u0103 o vedere clar\u0103 la inspec\u021bia \u00een aer liber \u0219i protec\u021bie suplimentar\u0103 pentru monitor. Vine cu o cutie complet c\u0103ptu\u0219it\u0103 care depoziteaz\u0103 toate kiturile pentru transport \u0219i utilizare u\u0219oar\u0103. Elimina nevoia de a rupe gips-carton pentru a localiza scurgerile si ajuta la rezolvarea problemelor de instalatii sanitare.<\/span><\/span><\/span><\/p>\n<h6><strong>garan\u021bie\u00a0<span style=\"color: #ff0000;\">LA<\/span><span style=\"color: #0000ff;\">R<\/span>C 2 ANI<\/strong><\/h6>\n<h6><span style=\"color: #008000;\">Autonomie baterie 8h<\/span><\/h6>\n<h6><strong>suport tehnic inclus<\/strong><\/h6>","protected":false},"featured_media":2700,"comment_status":"open","ping_status":"closed","template":"","meta":{"wds_primary_product_brand":0,"wds_primary_product_cat":0},"product_brand":[],"product_cat":[69],"product_tag":[],"class_list":{"0":"post-2698","1":"product","2":"type-product","3":"status-publish","4":"has-post-thumbnail","6":"product_cat-maquinas-variadas","7":"product_shipping_class-express","9":"first","10":"instock","11":"sale","12":"taxable","13":"shipping-taxable","14":"purchasable","15":"product-type-simple"},"yoast_head":"<!-- This site is optimized with the Yoast SEO Premium plugin v24.9 (Yoast SEO v26.1) - https:\/\/yoast.com\/wordpress\/plugins\/seo\/ -->\n<title>Sonda con c\u00e1mara, inspecci\u00f3n de tuber\u00edas\u00a0 - distribuci\u00f3n ARC<\/title>\n<meta name=\"robots\" content=\"index, follow, max-snippet:-1, max-image-preview:large, max-video-preview:-1\" \/>\n<link rel=\"canonical\" href=\"https:\/\/distribucionarc.com\/ro\/produs\/sonda-cu-camera-inspectia-tevilor\/\" \/>\n<meta property=\"og:locale\" content=\"ro_RO\" \/>\n<meta property=\"og:type\" content=\"article\" \/>\n<meta property=\"og:title\" content=\"Sonda con c\u00e1mara, inspecci\u00f3n de tuber\u00edas\u00a0\" \/>\n<meta property=\"og:description\" content=\"Sonda con c\u00e1mara, inspecci\u00f3n de tuber\u00edas\u00a0 La c\u00e1mara de inspecci\u00f3n de tuber\u00edas ARC combina una sonda con una c\u00e1mara en la punta acompa\u00f1ada de un monitor LCD de 7 pulgadas para ver el \u00e1rea de inspecci\u00f3n de dif\u00edcil acceso. El equipaje de cuero de lujo proporciona una visi\u00f3n clara en la inspecci\u00f3n al aire libre y protecci\u00f3n adicional para el monitor. Viene con una caja totalmente acolchada que almacena todos los kits para facilitar el transporte y el uso.\u00a0 Elimina las necesidad de desgarramiento de paneles de yeso para localizar fugas y ayuda a resolver problemas de tuber\u00edas. Garant\u00eda\u00a0ARC 2 A\u00d1OS Duraci\u00f3n de la bater\u00eda 8h soporte t\u00e9cnico incluido\" \/>\n<meta property=\"og:url\" content=\"https:\/\/distribucionarc.com\/ro\/produs\/sonda-cu-camera-inspectia-tevilor\/\" \/>\n<meta property=\"og:site_name\" content=\"distribuci\u00f3n ARC\" \/>\n<meta property=\"article:modified_time\" content=\"2020-10-01T09:35:32+00:00\" \/>\n<meta property=\"og:image\" content=\"https:\/\/distribucionarc.com\/wp-content\/uploads\/2020\/08\/Sonda-con-c\u00e1mara-inspecci\u00f3n-de-tuber\u00edas-2.jpg\" \/>\n\t<meta property=\"og:image:width\" content=\"1001\" \/>\n\t<meta property=\"og:image:height\" content=\"1001\" \/>\n\t<meta property=\"og:image:type\" content=\"image\/jpeg\" \/>\n<meta name=\"twitter:card\" content=\"summary_large_image\" \/>\n<meta name=\"twitter:label1\" content=\"Timp estimat pentru citire\" \/>\n\t<meta name=\"twitter:data1\" content=\"1 minut\" \/>\n<script type=\"application\/ld+json\" class=\"yoast-schema-graph\">{\"@context\":\"https:\/\/schema.org\",\"@graph\":[{\"@type\":\"WebPage\",\"@id\":\"https:\/\/distribucionarc.com\/nb\/producto\/sonda-con-camara-inspeccion-de-tuberias\/\",\"url\":\"https:\/\/distribucionarc.com\/nb\/producto\/sonda-con-camara-inspeccion-de-tuberias\/\",\"name\":\"Sonda con c\u00e1mara, inspecci\u00f3n de tuber\u00edas\u00a0 - distribuci\u00f3n ARC\",\"isPartOf\":{\"@id\":\"https:\/\/distribucionarc.com\/ro\/#website\"},\"primaryImageOfPage\":{\"@id\":\"https:\/\/distribucionarc.com\/nb\/producto\/sonda-con-camara-inspeccion-de-tuberias\/#primaryimage\"},\"image\":{\"@id\":\"https:\/\/distribucionarc.com\/nb\/producto\/sonda-con-camara-inspeccion-de-tuberias\/#primaryimage\"},\"thumbnailUrl\":\"https:\/\/distribucionarc.com\/wp-content\/uploads\/2020\/08\/Sonda-con-c\u00e1mara-inspecci\u00f3n-de-tuber\u00edas-2.jpg\",\"datePublished\":\"2020-08-20T15:47:46+00:00\",\"dateModified\":\"2020-10-01T09:35:32+00:00\",\"breadcrumb\":{\"@id\":\"https:\/\/distribucionarc.com\/nb\/producto\/sonda-con-camara-inspeccion-de-tuberias\/#breadcrumb\"},\"inLanguage\":\"ro-RO\",\"potentialAction\":[{\"@type\":\"ReadAction\",\"target\":[\"https:\/\/distribucionarc.com\/nb\/producto\/sonda-con-camara-inspeccion-de-tuberias\/\"]}]},{\"@type\":\"ImageObject\",\"inLanguage\":\"ro-RO\",\"@id\":\"https:\/\/distribucionarc.com\/nb\/producto\/sonda-con-camara-inspeccion-de-tuberias\/#primaryimage\",\"url\":\"https:\/\/distribucionarc.com\/wp-content\/uploads\/2020\/08\/Sonda-con-c\u00e1mara-inspecci\u00f3n-de-tuber\u00edas-2.jpg\",\"contentUrl\":\"https:\/\/distribucionarc.com\/wp-content\/uploads\/2020\/08\/Sonda-con-c\u00e1mara-inspecci\u00f3n-de-tuber\u00edas-2.jpg\",\"width\":1001,\"height\":1001,\"caption\":\"Sonda con c\u00e1mara, inspecci\u00f3n de tuber\u00edas\u00a0\"},{\"@type\":\"BreadcrumbList\",\"@id\":\"https:\/\/distribucionarc.com\/nb\/producto\/sonda-con-camara-inspeccion-de-tuberias\/#breadcrumb\",\"itemListElement\":[{\"@type\":\"ListItem\",\"position\":1,\"name\":\"Portada\",\"item\":\"https:\/\/distribucionarc.com\/ar\/\"},{\"@type\":\"ListItem\",\"position\":2,\"name\":\"Proizvodi\",\"item\":\"https:\/\/www.distribucionarc.com\/hr\/ducan\/\"},{\"@type\":\"ListItem\",\"position\":3,\"name\":\"Sonda con c\u00e1mara, inspecci\u00f3n de tuber\u00edas\u00a0\"}]},{\"@type\":\"WebSite\",\"@id\":\"https:\/\/distribucionarc.com\/ro\/#website\",\"url\":\"https:\/\/distribucionarc.com\/ro\/\",\"name\":\"distribuci\u00f3n ARC\",\"description\":\"Empresa especializada en la fabricaci\u00f3n y distribuci\u00f3n de maquinaria industrial, selladoras de latas, Maquinas de hacer pastillas, Maquinas de cortar carne...\",\"publisher\":{\"@id\":\"https:\/\/distribucionarc.com\/ro\/#organization\"},\"potentialAction\":[{\"@type\":\"SearchAction\",\"target\":{\"@type\":\"EntryPoint\",\"urlTemplate\":\"https:\/\/distribucionarc.com\/ro\/?s={search_term_string}\"},\"query-input\":{\"@type\":\"PropertyValueSpecification\",\"valueRequired\":true,\"valueName\":\"search_term_string\"}}],\"inLanguage\":\"ro-RO\"},{\"@type\":\"Organization\",\"@id\":\"https:\/\/distribucionarc.com\/ro\/#organization\",\"name\":\"Distribuci\u00f3n ARC\",\"url\":\"https:\/\/distribucionarc.com\/ro\/\",\"logo\":{\"@type\":\"ImageObject\",\"inLanguage\":\"ro-RO\",\"@id\":\"https:\/\/distribucionarc.com\/ro\/#\/schema\/logo\/image\/\",\"url\":\"https:\/\/distribucionarc.com\/wp-content\/uploads\/2024\/10\/distribucion-ARC-COLOR-SIN-FONDO-e1732295305345.png\",\"contentUrl\":\"https:\/\/distribucionarc.com\/wp-content\/uploads\/2024\/10\/distribucion-ARC-COLOR-SIN-FONDO-e1732295305345.png\",\"width\":1164,\"height\":558,\"caption\":\"Distribuci\u00f3n ARC\"},\"image\":{\"@id\":\"https:\/\/distribucionarc.com\/ro\/#\/schema\/logo\/image\/\"},\"description\":\"Empresa especializada en la fabricaci\u00f3n y distribuci\u00f3n de maquinaria industrial para los sectores alimentario y farmac\u00e9utico. Nos especializamos en: M\u00e1quinas de cortar carne Fabricaci\u00f3n de comprimidos Sistemas de transporte industrial L\u00edneas de embotellado Dosificadores Y mucho m\u00e1s... Ofrecemos soluciones innovadoras y personalizadas para optimizar los procesos productivos de tu empresa.\",\"email\":\"Admistracion@distribucionarc.com\",\"telephone\":\"+34 643496664\",\"legalName\":\"ARC TECH SOLUTIONS\",\"foundingDate\":\"2024-04-09\",\"vatID\":\"B55480172\",\"numberOfEmployees\":{\"@type\":\"QuantitativeValue\",\"minValue\":\"1\",\"maxValue\":\"10\"}}]}<\/script>\n<!-- \/ Yoast SEO Premium plugin. -->","yoast_head_json":{"title":"Sonda cu camera, inspectie conducte - distributie ARC","robots":{"index":"index","follow":"follow","max-snippet":"max-snippet:-1","max-image-preview":"max-image-preview:large","max-video-preview":"max-video-preview:-1"},"canonical":"https:\/\/distribucionarc.com\/ro\/produs\/sonda-cu-camera-inspectia-tevilor\/","og_locale":"ro_RO","og_type":"article","og_title":"Sonda con c\u00e1mara, inspecci\u00f3n de tuber\u00edas\u00a0","og_description":"Sonda con c\u00e1mara, inspecci\u00f3n de tuber\u00edas\u00a0 La c\u00e1mara de inspecci\u00f3n de tuber\u00edas ARC combina una sonda con una c\u00e1mara en la punta acompa\u00f1ada de un monitor LCD de 7 pulgadas para ver el \u00e1rea de inspecci\u00f3n de dif\u00edcil acceso. El equipaje de cuero de lujo proporciona una visi\u00f3n clara en la inspecci\u00f3n al aire libre y protecci\u00f3n adicional para el monitor. Viene con una caja totalmente acolchada que almacena todos los kits para facilitar el transporte y el uso.\u00a0 Elimina las necesidad de desgarramiento de paneles de yeso para localizar fugas y ayuda a resolver problemas de tuber\u00edas. Garant\u00eda\u00a0ARC 2 A\u00d1OS Duraci\u00f3n de la bater\u00eda 8h soporte t\u00e9cnico incluido","og_url":"https:\/\/distribucionarc.com\/ro\/produs\/sonda-cu-camera-inspectia-tevilor\/","og_site_name":"distribuci\u00f3n ARC","article_modified_time":"2020-10-01T09:35:32+00:00","og_image":[{"width":1001,"height":1001,"url":"https:\/\/distribucionarc.com\/wp-content\/uploads\/2020\/08\/Sonda-con-c\u00e1mara-inspecci\u00f3n-de-tuber\u00edas-2.jpg","type":"image\/jpeg"}],"twitter_card":"summary_large_image","twitter_misc":{"Timp estimat pentru citire":"1 minut"},"schema":{"@context":"https:\/\/schema.org","@graph":[{"@type":"WebPage","@id":"https:\/\/distribucionarc.com\/nb\/producto\/sonda-con-camara-inspeccion-de-tuberias\/","url":"https:\/\/distribucionarc.com\/nb\/producto\/sonda-con-camara-inspeccion-de-tuberias\/","name":"Sonda cu camera, inspectie conducte - distributie ARC","isPartOf":{"@id":"https:\/\/distribucionarc.com\/ro\/#website"},"primaryImageOfPage":{"@id":"https:\/\/distribucionarc.com\/nb\/producto\/sonda-con-camara-inspeccion-de-tuberias\/#primaryimage"},"image":{"@id":"https:\/\/distribucionarc.com\/nb\/producto\/sonda-con-camara-inspeccion-de-tuberias\/#primaryimage"},"thumbnailUrl":"https:\/\/distribucionarc.com\/wp-content\/uploads\/2020\/08\/Sonda-con-c\u00e1mara-inspecci\u00f3n-de-tuber\u00edas-2.jpg","datePublished":"2020-08-20T15:47:46+00:00","dateModified":"2020-10-01T09:35:32+00:00","breadcrumb":{"@id":"https:\/\/distribucionarc.com\/nb\/producto\/sonda-con-camara-inspeccion-de-tuberias\/#breadcrumb"},"inLanguage":"ro-RO","potentialAction":[{"@type":"ReadAction","target":["https:\/\/distribucionarc.com\/nb\/producto\/sonda-con-camara-inspeccion-de-tuberias\/"]}]},{"@type":"ImageObject","inLanguage":"ro-RO","@id":"https:\/\/distribucionarc.com\/nb\/producto\/sonda-con-camara-inspeccion-de-tuberias\/#primaryimage","url":"https:\/\/distribucionarc.com\/wp-content\/uploads\/2020\/08\/Sonda-con-c\u00e1mara-inspecci\u00f3n-de-tuber\u00edas-2.jpg","contentUrl":"https:\/\/distribucionarc.com\/wp-content\/uploads\/2020\/08\/Sonda-con-c\u00e1mara-inspecci\u00f3n-de-tuber\u00edas-2.jpg","width":1001,"height":1001,"caption":"Sonda con c\u00e1mara, inspecci\u00f3n de tuber\u00edas\u00a0"},{"@type":"BreadcrumbList","@id":"https:\/\/distribucionarc.com\/nb\/producto\/sonda-con-camara-inspeccion-de-tuberias\/#breadcrumb","itemListElement":[{"@type":"ListItem","position":1,"name":"Portada","item":"https:\/\/distribucionarc.com\/ar\/"},{"@type":"ListItem","position":2,"name":"Proizvodi","item":"https:\/\/www.distribucionarc.com\/hr\/ducan\/"},{"@type":"ListItem","position":3,"name":"Sonda con c\u00e1mara, inspecci\u00f3n de tuber\u00edas\u00a0"}]},{"@type":"WebSite","@id":"https:\/\/distribucionarc.com\/ro\/#website","url":"https:\/\/distribucionarc.com\/ro\/","name":"Distribu\u021bie ARC","description":"Companie specializat\u0103 \u00een fabricarea \u0219i distribu\u021bia de utilaje industriale, ma\u0219ini de sigilat cutii, ma\u0219ini de fabricat tablete, ma\u0219ini de t\u0103iat carne...","publisher":{"@id":"https:\/\/distribucionarc.com\/ro\/#organization"},"potentialAction":[{"@type":"SearchAction","target":{"@type":"EntryPoint","urlTemplate":"https:\/\/distribucionarc.com\/ro\/?s={search_term_string}"},"query-input":{"@type":"PropertyValueSpecification","valueRequired":true,"valueName":"search_term_string"}}],"inLanguage":"ro-RO"},{"@type":"Organization","@id":"https:\/\/distribucionarc.com\/ro\/#organization","name":"Distribu\u021bie ARC","url":"https:\/\/distribucionarc.com\/ro\/","logo":{"@type":"ImageObject","inLanguage":"ro-RO","@id":"https:\/\/distribucionarc.com\/ro\/#\/schema\/logo\/image\/","url":"https:\/\/distribucionarc.com\/wp-content\/uploads\/2024\/10\/distribucion-ARC-COLOR-SIN-FONDO-e1732295305345.png","contentUrl":"https:\/\/distribucionarc.com\/wp-content\/uploads\/2024\/10\/distribucion-ARC-COLOR-SIN-FONDO-e1732295305345.png","width":1164,"height":558,"caption":"Distribuci\u00f3n ARC"},"image":{"@id":"https:\/\/distribucionarc.com\/ro\/#\/schema\/logo\/image\/"},"description":"Companie specializat\u0103 \u00een fabricarea \u0219i distribu\u021bia de utilaje industriale pentru sectoarele alimentar \u0219i farmaceutic. Suntem specializa\u021bi \u00een: Ma\u0219ini de t\u0103iat carne Fabricarea tabletelor Sisteme de transport industrial Linii de \u00eembuteliere Distribuitoare \u0218i multe altele... Oferim solu\u021bii inovatoare \u0219i personalizate pentru a optimiza procesele de produc\u021bie ale companiei dumneavoastr\u0103.","email":"Admistracion@distribucionarc.com","telephone":"+34 643496664","legalName":"ARC TECH SOLUTIONS","foundingDate":"2024-04-09","vatID":"B55480172","numberOfEmployees":{"@type":"QuantitativeValue","minValue":"1","maxValue":"10"}}]}},"_links":{"self":[{"href":"https:\/\/distribucionarc.com\/ro\/wp-json\/wp\/v2\/product\/2698","targetHints":{"allow":["GET"]}}],"collection":[{"href":"https:\/\/distribucionarc.com\/ro\/wp-json\/wp\/v2\/product"}],"about":[{"href":"https:\/\/distribucionarc.com\/ro\/wp-json\/wp\/v2\/types\/product"}],"replies":[{"embeddable":true,"href":"https:\/\/distribucionarc.com\/ro\/wp-json\/wp\/v2\/comments?post=2698"}],"version-history":[{"count":0,"href":"https:\/\/distribucionarc.com\/ro\/wp-json\/wp\/v2\/product\/2698\/revisions"}],"wp:featuredmedia":[{"embeddable":true,"href":"https:\/\/distribucionarc.com\/ro\/wp-json\/wp\/v2\/media\/2700"}],"wp:attachment":[{"href":"https:\/\/distribucionarc.com\/ro\/wp-json\/wp\/v2\/media?parent=2698"}],"wp:term":[{"taxonomy":"product_brand","embeddable":true,"href":"https:\/\/distribucionarc.com\/ro\/wp-json\/wp\/v2\/product_brand?post=2698"},{"taxonomy":"product_cat","embeddable":true,"href":"https:\/\/distribucionarc.com\/ro\/wp-json\/wp\/v2\/product_cat?post=2698"},{"taxonomy":"product_tag","embeddable":true,"href":"https:\/\/distribucionarc.com\/ro\/wp-json\/wp\/v2\/product_tag?post=2698"}],"curies":[{"name":"wp","href":"https:\/\/api.w.org\/{rel}","templated":true}]}}