{"id":2708,"date":"2020-08-20T16:39:22","date_gmt":"2020-08-20T16:39:22","guid":{"rendered":"https:\/\/distribucionarc.com\/?post_type=product&#038;p=2708"},"modified":"2020-10-01T09:49:43","modified_gmt":"2020-10-01T09:49:43","slug":"masina-pentru-inscriptii-pe-inele","status":"publish","type":"product","link":"https:\/\/distribucionarc.com\/ro\/producto\/maquina-para-inscripciones-en-anillos\/","title":{"rendered":"Ma\u0219in\u0103 de inscrip\u021bionare a inelelor"},"content":{"rendered":"<h3>Ma\u0219in\u0103 de inscrip\u021bionare a inelelor<\/h3>\n<p><strong>Gravor profesional inel interior <span style=\"color: #ff0000;\">LA<\/span><span style=\"color: #0000ff;\">R<\/span>c<\/strong>, cu marcaj standard bloc de litere. Grava\u021bi ini\u021biale, date sau fraze str\u0103lucitoare pe interiorul aproape oric\u0103rui inel. Poate g\u0103zdui diverse forme de inel de diferite diametre \u0219i grosimi.<\/p>\n<p>Sfera m\u0103soar\u0103 aproximativ (12,5 cm) \u00een diametru. Are un cadran cu majuscule pe dou\u0103 fe\u021be, care are litere \u0219i cifre. Nu ve\u021bi avea probleme \u00een a face inscrip\u021bii datorit\u0103 v\u00e2rfului s\u0103u de diamant. Plus centrarea automat\u0103 a literelor, spa\u021bierea uniform\u0103 a caracterelor \u0219i ad\u00e2ncimea uniform\u0103 a grav\u0103rii.<\/p>\n<p>Cu acest practic <strong>gravor inel<span style=\"color: #ff0000;\"> LA<\/span><span style=\"color: #0000ff;\">R<\/span>CGPA1<\/strong> \u00cen interior, \u00ee\u021bi po\u021bi surprinde clien\u021bii cu satisfac\u021bii instantanee \u0219i po\u021bi transforma fiecare inel \u00eentr-un suvenir personalizat grav\u00e2nd nume, ini\u021biale, date comemorative, un mesaj scurt etc.<\/p>\n<h6><\/h6>\n<h6><strong>garan\u021bie<span style=\"color: #ff0000;\">\u00a0<\/span><\/strong><span style=\"color: #ff0000;\"><strong>LA<\/strong><\/span><span style=\"color: #0000ff;\"><strong>R<\/strong><\/span><strong>C 2 ANI<\/strong><\/h6>\n<h6><strong>suport tehnic inclus<\/strong><\/h6>\n<p>&nbsp;<\/p>\n<table width=\"100%\">\n<tbody>\n<tr>\n<td>Tip:<\/td>\n<td width=\"50%\">Manual<\/td>\n<td colspan=\"2\" width=\"327\"><\/td>\n<\/tr>\n<tr>\n<td>\u021aara de distribu\u021bie:<\/td>\n<td width=\"50%\">Spania, Germania, SUA<\/td>\n<td>Greutate:<\/td>\n<td width=\"50%\">6,5 kg<\/td>\n<\/tr>\n<tr>\n<td>Marca:<\/td>\n<td width=\"50%\">ARC<\/td>\n<td>\u00cen\u0103l\u0163ime:<\/td>\n<td width=\"50%\">45 cm<\/td>\n<\/tr>\n<tr>\n<td>Culoare:<\/td>\n<td width=\"50%\">Argint<\/td>\n<td>Lung:<\/td>\n<td width=\"50%\">\u00a025 cm<\/td>\n<\/tr>\n<tr>\n<td>Tip produs:<\/td>\n<td width=\"50%\">gravor inel<\/td>\n<td>Larg:<\/td>\n<td width=\"50%\">23 cm<\/td>\n<\/tr>\n<tr>\n<td>Numar producator:<\/td>\n<td width=\"50%\">ARCGPA1<\/td>\n<td>Unghi de rotire:<\/td>\n<td width=\"50%\">360\u00ba<\/td>\n<\/tr>\n<tr>\n<td>Material:<\/td>\n<td width=\"50%\">\u00a0o\u021bel inoxidabil, v\u00e2rf de diamant<\/td>\n<td>Dimensiune intrare:<\/td>\n<td width=\"50%\">8,6x8,6 cm<\/td>\n<\/tr>\n<tr>\n<td>Garantie:<\/td>\n<td width=\"50%\">2 ANI<\/td>\n<td>Diametrul sferei:<\/td>\n<td width=\"50%\">12,5 cm<\/td>\n<\/tr>\n<tr>\n<td>Instrumente de instalare:<\/td>\n<td width=\"50%\">Da<\/td>\n<td>Pachetul include:<\/td>\n<td width=\"50%\">1 x ma\u0219in\u0103 de gravat cu inel interior<br \/>\n1 x cadran cu dou\u0103 fe\u021be<\/td>\n<\/tr>\n<\/tbody>\n<\/table>","protected":false},"excerpt":{"rendered":"<h2>Ma\u0219in\u0103 de inscrip\u021bionare a inelelor<\/h2>\n<p>Acest <strong>masina de gravat <span style=\"color: #ff0000;\">LA<\/span><span style=\"color: #0000ff;\">R<\/span>c<\/strong> Graveaz\u0103 profesional aurul, argintul \u0219i alte materiale \u0219i se potrive\u0219te cu inele \u00eenguste, largi \u0219i fixate. Cu a <strong>v\u00e2rf creion diamant<\/strong> care asigur\u0103 gravarea clar\u0103 \u0219i centrarea automat\u0103<\/p>\n<p>Este conceput pentru a <strong>gravare rapida si usoara<\/strong> pe interiorul mai multor inele, practic imposibil de distins de gravarea manual\u0103. Transmisia automat\u0103 a vitezei permite mandrina s\u0103 continue s\u0103 se roteasc\u0103 dup\u0103 ce fiecare caracter este gravat. Sfera de gravare pe dou\u0103 fe\u021be permite gravarea pe aproape toate tipurile de inele cu \u00een\u0103l\u021bimi \u0219i grosimi diferite.<\/p>\n<h6><strong>garan\u021bie<span style=\"color: #ff0000;\">\u00a0<\/span><\/strong><span style=\"color: #ff0000;\"><strong>LA<\/strong><\/span><span style=\"color: #0000ff;\"><strong>R<\/strong><\/span><strong>C 2 ANI<\/strong><\/h6>\n<h6><strong>suport tehnic inclus<\/strong><\/h6>","protected":false},"featured_media":2715,"comment_status":"open","ping_status":"closed","template":"","meta":{"wds_primary_product_brand":0,"wds_primary_product_cat":0},"product_brand":[],"product_cat":[69,70],"product_tag":[],"class_list":{"0":"post-2708","1":"product","2":"type-product","3":"status-publish","4":"has-post-thumbnail","6":"product_cat-maquinas-variadas","7":"product_cat-talladoras-marcadoras-de-metal-grabadoras-laser","8":"product_shipping_class-express","10":"first","11":"instock","12":"sale","13":"taxable","14":"shipping-taxable","15":"purchasable","16":"product-type-simple"},"yoast_head":"<!-- This site is optimized with the Yoast SEO Premium plugin v24.9 (Yoast SEO v26.1) - https:\/\/yoast.com\/wordpress\/plugins\/seo\/ -->\n<title>Maquina para inscripciones en anillos - distribuci\u00f3n ARC<\/title>\n<meta name=\"robots\" content=\"index, follow, max-snippet:-1, max-image-preview:large, max-video-preview:-1\" \/>\n<link rel=\"canonical\" href=\"https:\/\/www.distribucionarc.com\/sl\/producto\/maquina-para-inscripciones-en-anillos\/\" \/>\n<meta property=\"og:locale\" content=\"ro_RO\" \/>\n<meta property=\"og:type\" content=\"article\" \/>\n<meta property=\"og:title\" content=\"Maquina para inscripciones en anillos\" \/>\n<meta property=\"og:description\" content=\"Maquina para inscripciones en anillos Esta m\u00e1quina de grabado ARC graba profesionalmente oro, plata y otros materiales y se adapta con anillos estrechos, anchos y de conjunto. Con una punta de l\u00e1piz de diamante que asegura el grabado claro y el centrado autom\u00e1tico  Est\u00e1 dise\u00f1ado para un grabado r\u00e1pido y sencillo en el interior de varios anillos, pr\u00e1cticamente indistinguible del grabado a mano. La transmisi\u00f3n autom\u00e1tica de engranajes permite que el portabrocas siga girando despu\u00e9s de grabar cada car\u00e1cter. La esfera de grabado de doble cara permite grabar en casi todo tipo de anillos con diferentes alturas y espesores. Garant\u00eda\u00a0ARC 2 A\u00d1OS soporte t\u00e9cnico\u00a0incluido\" \/>\n<meta property=\"og:url\" content=\"https:\/\/www.distribucionarc.com\/sl\/producto\/maquina-para-inscripciones-en-anillos\/\" \/>\n<meta property=\"og:site_name\" content=\"distribuci\u00f3n ARC\" \/>\n<meta property=\"article:modified_time\" content=\"2020-10-01T09:49:43+00:00\" \/>\n<meta property=\"og:image\" content=\"https:\/\/distribucionarc.com\/wp-content\/uploads\/2020\/08\/M\u00e1quina-para-inscripciones-en-anillos-0.jpg\" \/>\n\t<meta property=\"og:image:width\" content=\"1001\" \/>\n\t<meta property=\"og:image:height\" content=\"1001\" \/>\n\t<meta property=\"og:image:type\" content=\"image\/jpeg\" \/>\n<meta name=\"twitter:card\" content=\"summary_large_image\" \/>\n<meta name=\"twitter:label1\" content=\"Timp estimat pentru citire\" \/>\n\t<meta name=\"twitter:data1\" content=\"1 minut\" \/>\n<script type=\"application\/ld+json\" class=\"yoast-schema-graph\">{\"@context\":\"https:\/\/schema.org\",\"@graph\":[{\"@type\":\"WebPage\",\"@id\":\"https:\/\/www.distribucionarc.com\/sl\/producto\/maquina-para-inscripciones-en-anillos\/\",\"url\":\"https:\/\/www.distribucionarc.com\/sl\/producto\/maquina-para-inscripciones-en-anillos\/\",\"name\":\"Maquina para inscripciones en anillos - distribuci\u00f3n ARC\",\"isPartOf\":{\"@id\":\"https:\/\/www.distribucionarc.com\/tr\/#website\"},\"primaryImageOfPage\":{\"@id\":\"https:\/\/www.distribucionarc.com\/sl\/producto\/maquina-para-inscripciones-en-anillos\/#primaryimage\"},\"image\":{\"@id\":\"https:\/\/www.distribucionarc.com\/sl\/producto\/maquina-para-inscripciones-en-anillos\/#primaryimage\"},\"thumbnailUrl\":\"https:\/\/distribucionarc.com\/wp-content\/uploads\/2020\/08\/M\u00e1quina-para-inscripciones-en-anillos-0.jpg\",\"datePublished\":\"2020-08-20T16:39:22+00:00\",\"dateModified\":\"2020-10-01T09:49:43+00:00\",\"breadcrumb\":{\"@id\":\"https:\/\/www.distribucionarc.com\/sl\/producto\/maquina-para-inscripciones-en-anillos\/#breadcrumb\"},\"inLanguage\":\"ro-RO\",\"potentialAction\":[{\"@type\":\"ReadAction\",\"target\":[\"https:\/\/www.distribucionarc.com\/sl\/producto\/maquina-para-inscripciones-en-anillos\/\"]}]},{\"@type\":\"ImageObject\",\"inLanguage\":\"ro-RO\",\"@id\":\"https:\/\/www.distribucionarc.com\/sl\/producto\/maquina-para-inscripciones-en-anillos\/#primaryimage\",\"url\":\"https:\/\/distribucionarc.com\/wp-content\/uploads\/2020\/08\/M\u00e1quina-para-inscripciones-en-anillos-0.jpg\",\"contentUrl\":\"https:\/\/distribucionarc.com\/wp-content\/uploads\/2020\/08\/M\u00e1quina-para-inscripciones-en-anillos-0.jpg\",\"width\":1001,\"height\":1001,\"caption\":\"Maquina para inscripciones en anillos\"},{\"@type\":\"BreadcrumbList\",\"@id\":\"https:\/\/www.distribucionarc.com\/sl\/producto\/maquina-para-inscripciones-en-anillos\/#breadcrumb\",\"itemListElement\":[{\"@type\":\"ListItem\",\"position\":1,\"name\":\"Portada\",\"item\":\"https:\/\/www.distribucionarc.com\/tr\/\"},{\"@type\":\"ListItem\",\"position\":2,\"name\":\"Produktai\",\"item\":\"https:\/\/distribucionarc.com\/lt\/parduotuve\/\"},{\"@type\":\"ListItem\",\"position\":3,\"name\":\"Maquina para inscripciones en anillos\"}]},{\"@type\":\"WebSite\",\"@id\":\"https:\/\/www.distribucionarc.com\/tr\/#website\",\"url\":\"https:\/\/www.distribucionarc.com\/tr\/\",\"name\":\"distribuci\u00f3n ARC\",\"description\":\"Empresa especializada en la fabricaci\u00f3n y distribuci\u00f3n de maquinaria industrial, selladoras de latas, Maquinas de hacer pastillas, Maquinas de cortar carne...\",\"publisher\":{\"@id\":\"https:\/\/www.distribucionarc.com\/tr\/#organization\"},\"potentialAction\":[{\"@type\":\"SearchAction\",\"target\":{\"@type\":\"EntryPoint\",\"urlTemplate\":\"https:\/\/www.distribucionarc.com\/tr\/?s={search_term_string}\"},\"query-input\":{\"@type\":\"PropertyValueSpecification\",\"valueRequired\":true,\"valueName\":\"search_term_string\"}}],\"inLanguage\":\"ro-RO\"},{\"@type\":\"Organization\",\"@id\":\"https:\/\/www.distribucionarc.com\/tr\/#organization\",\"name\":\"Distribuci\u00f3n ARC\",\"url\":\"https:\/\/www.distribucionarc.com\/tr\/\",\"logo\":{\"@type\":\"ImageObject\",\"inLanguage\":\"ro-RO\",\"@id\":\"https:\/\/www.distribucionarc.com\/tr\/#\/schema\/logo\/image\/\",\"url\":\"https:\/\/distribucionarc.com\/wp-content\/uploads\/2024\/10\/distribucion-ARC-COLOR-SIN-FONDO-e1732295305345.png\",\"contentUrl\":\"https:\/\/distribucionarc.com\/wp-content\/uploads\/2024\/10\/distribucion-ARC-COLOR-SIN-FONDO-e1732295305345.png\",\"width\":1164,\"height\":558,\"caption\":\"Distribuci\u00f3n ARC\"},\"image\":{\"@id\":\"https:\/\/www.distribucionarc.com\/tr\/#\/schema\/logo\/image\/\"},\"description\":\"Empresa especializada en la fabricaci\u00f3n y distribuci\u00f3n de maquinaria industrial para los sectores alimentario y farmac\u00e9utico. Nos especializamos en: M\u00e1quinas de cortar carne Fabricaci\u00f3n de comprimidos Sistemas de transporte industrial L\u00edneas de embotellado Dosificadores Y mucho m\u00e1s... Ofrecemos soluciones innovadoras y personalizadas para optimizar los procesos productivos de tu empresa.\",\"email\":\"Admistracion@distribucionarc.com\",\"telephone\":\"+34 643496664\",\"legalName\":\"ARC TECH SOLUTIONS\",\"foundingDate\":\"2024-04-09\",\"vatID\":\"B55480172\",\"numberOfEmployees\":{\"@type\":\"QuantitativeValue\",\"minValue\":\"1\",\"maxValue\":\"10\"}}]}<\/script>\n<!-- \/ Yoast SEO Premium plugin. -->","yoast_head_json":{"title":"Ma\u0219in\u0103 de inscrip\u021bionare cu inele - distribu\u021bie ARC","robots":{"index":"index","follow":"follow","max-snippet":"max-snippet:-1","max-image-preview":"max-image-preview:large","max-video-preview":"max-video-preview:-1"},"canonical":"https:\/\/www.distribucionarc.com\/sl\/producto\/maquina-para-inscripciones-en-anillos\/","og_locale":"ro_RO","og_type":"article","og_title":"Maquina para inscripciones en anillos","og_description":"Maquina para inscripciones en anillos Esta m\u00e1quina de grabado ARC graba profesionalmente oro, plata y otros materiales y se adapta con anillos estrechos, anchos y de conjunto. Con una punta de l\u00e1piz de diamante que asegura el grabado claro y el centrado autom\u00e1tico  Est\u00e1 dise\u00f1ado para un grabado r\u00e1pido y sencillo en el interior de varios anillos, pr\u00e1cticamente indistinguible del grabado a mano. La transmisi\u00f3n autom\u00e1tica de engranajes permite que el portabrocas siga girando despu\u00e9s de grabar cada car\u00e1cter. La esfera de grabado de doble cara permite grabar en casi todo tipo de anillos con diferentes alturas y espesores. Garant\u00eda\u00a0ARC 2 A\u00d1OS soporte t\u00e9cnico\u00a0incluido","og_url":"https:\/\/www.distribucionarc.com\/sl\/producto\/maquina-para-inscripciones-en-anillos\/","og_site_name":"distribuci\u00f3n ARC","article_modified_time":"2020-10-01T09:49:43+00:00","og_image":[{"width":1001,"height":1001,"url":"https:\/\/distribucionarc.com\/wp-content\/uploads\/2020\/08\/M\u00e1quina-para-inscripciones-en-anillos-0.jpg","type":"image\/jpeg"}],"twitter_card":"summary_large_image","twitter_misc":{"Timp estimat pentru citire":"1 minut"},"schema":{"@context":"https:\/\/schema.org","@graph":[{"@type":"WebPage","@id":"https:\/\/www.distribucionarc.com\/sl\/producto\/maquina-para-inscripciones-en-anillos\/","url":"https:\/\/www.distribucionarc.com\/sl\/producto\/maquina-para-inscripciones-en-anillos\/","name":"Ma\u0219in\u0103 de inscrip\u021bionare cu inele - distribu\u021bie ARC","isPartOf":{"@id":"https:\/\/www.distribucionarc.com\/tr\/#website"},"primaryImageOfPage":{"@id":"https:\/\/www.distribucionarc.com\/sl\/producto\/maquina-para-inscripciones-en-anillos\/#primaryimage"},"image":{"@id":"https:\/\/www.distribucionarc.com\/sl\/producto\/maquina-para-inscripciones-en-anillos\/#primaryimage"},"thumbnailUrl":"https:\/\/distribucionarc.com\/wp-content\/uploads\/2020\/08\/M\u00e1quina-para-inscripciones-en-anillos-0.jpg","datePublished":"2020-08-20T16:39:22+00:00","dateModified":"2020-10-01T09:49:43+00:00","breadcrumb":{"@id":"https:\/\/www.distribucionarc.com\/sl\/producto\/maquina-para-inscripciones-en-anillos\/#breadcrumb"},"inLanguage":"ro-RO","potentialAction":[{"@type":"ReadAction","target":["https:\/\/www.distribucionarc.com\/sl\/producto\/maquina-para-inscripciones-en-anillos\/"]}]},{"@type":"ImageObject","inLanguage":"ro-RO","@id":"https:\/\/www.distribucionarc.com\/sl\/producto\/maquina-para-inscripciones-en-anillos\/#primaryimage","url":"https:\/\/distribucionarc.com\/wp-content\/uploads\/2020\/08\/M\u00e1quina-para-inscripciones-en-anillos-0.jpg","contentUrl":"https:\/\/distribucionarc.com\/wp-content\/uploads\/2020\/08\/M\u00e1quina-para-inscripciones-en-anillos-0.jpg","width":1001,"height":1001,"caption":"Maquina para inscripciones en anillos"},{"@type":"BreadcrumbList","@id":"https:\/\/www.distribucionarc.com\/sl\/producto\/maquina-para-inscripciones-en-anillos\/#breadcrumb","itemListElement":[{"@type":"ListItem","position":1,"name":"Portada","item":"https:\/\/www.distribucionarc.com\/tr\/"},{"@type":"ListItem","position":2,"name":"Produktai","item":"https:\/\/distribucionarc.com\/lt\/parduotuve\/"},{"@type":"ListItem","position":3,"name":"Maquina para inscripciones en anillos"}]},{"@type":"WebSite","@id":"https:\/\/www.distribucionarc.com\/tr\/#website","url":"https:\/\/www.distribucionarc.com\/tr\/","name":"Distribu\u021bie ARC","description":"Companie specializat\u0103 \u00een fabricarea \u0219i distribu\u021bia de utilaje industriale, ma\u0219ini de sigilat cutii, ma\u0219ini de fabricat tablete, ma\u0219ini de t\u0103iat carne...","publisher":{"@id":"https:\/\/www.distribucionarc.com\/tr\/#organization"},"potentialAction":[{"@type":"SearchAction","target":{"@type":"EntryPoint","urlTemplate":"https:\/\/www.distribucionarc.com\/tr\/?s={search_term_string}"},"query-input":{"@type":"PropertyValueSpecification","valueRequired":true,"valueName":"search_term_string"}}],"inLanguage":"ro-RO"},{"@type":"Organization","@id":"https:\/\/www.distribucionarc.com\/tr\/#organization","name":"Distribu\u021bie ARC","url":"https:\/\/www.distribucionarc.com\/tr\/","logo":{"@type":"ImageObject","inLanguage":"ro-RO","@id":"https:\/\/www.distribucionarc.com\/tr\/#\/schema\/logo\/image\/","url":"https:\/\/distribucionarc.com\/wp-content\/uploads\/2024\/10\/distribucion-ARC-COLOR-SIN-FONDO-e1732295305345.png","contentUrl":"https:\/\/distribucionarc.com\/wp-content\/uploads\/2024\/10\/distribucion-ARC-COLOR-SIN-FONDO-e1732295305345.png","width":1164,"height":558,"caption":"Distribuci\u00f3n ARC"},"image":{"@id":"https:\/\/www.distribucionarc.com\/tr\/#\/schema\/logo\/image\/"},"description":"Companie specializat\u0103 \u00een fabricarea \u0219i distribu\u021bia de utilaje industriale pentru sectoarele alimentar \u0219i farmaceutic. Suntem specializa\u021bi \u00een: Ma\u0219ini de t\u0103iat carne Fabricarea tabletelor Sisteme de transport industrial Linii de \u00eembuteliere Distribuitoare \u0218i multe altele... Oferim solu\u021bii inovatoare \u0219i personalizate pentru a optimiza procesele de produc\u021bie ale companiei dumneavoastr\u0103.","email":"Admistracion@distribucionarc.com","telephone":"+34 643496664","legalName":"ARC TECH SOLUTIONS","foundingDate":"2024-04-09","vatID":"B55480172","numberOfEmployees":{"@type":"QuantitativeValue","minValue":"1","maxValue":"10"}}]}},"_links":{"self":[{"href":"https:\/\/distribucionarc.com\/ro\/wp-json\/wp\/v2\/product\/2708","targetHints":{"allow":["GET"]}}],"collection":[{"href":"https:\/\/distribucionarc.com\/ro\/wp-json\/wp\/v2\/product"}],"about":[{"href":"https:\/\/distribucionarc.com\/ro\/wp-json\/wp\/v2\/types\/product"}],"replies":[{"embeddable":true,"href":"https:\/\/distribucionarc.com\/ro\/wp-json\/wp\/v2\/comments?post=2708"}],"version-history":[{"count":0,"href":"https:\/\/distribucionarc.com\/ro\/wp-json\/wp\/v2\/product\/2708\/revisions"}],"wp:featuredmedia":[{"embeddable":true,"href":"https:\/\/distribucionarc.com\/ro\/wp-json\/wp\/v2\/media\/2715"}],"wp:attachment":[{"href":"https:\/\/distribucionarc.com\/ro\/wp-json\/wp\/v2\/media?parent=2708"}],"wp:term":[{"taxonomy":"product_brand","embeddable":true,"href":"https:\/\/distribucionarc.com\/ro\/wp-json\/wp\/v2\/product_brand?post=2708"},{"taxonomy":"product_cat","embeddable":true,"href":"https:\/\/distribucionarc.com\/ro\/wp-json\/wp\/v2\/product_cat?post=2708"},{"taxonomy":"product_tag","embeddable":true,"href":"https:\/\/distribucionarc.com\/ro\/wp-json\/wp\/v2\/product_tag?post=2708"}],"curies":[{"name":"wp","href":"https:\/\/api.w.org\/{rel}","templated":true}]}}