{"id":2721,"date":"2020-08-21T09:41:26","date_gmt":"2020-08-21T09:41:26","guid":{"rendered":"https:\/\/distribucionarc.com\/?post_type=product&#038;p=2721"},"modified":"2020-10-08T15:02:25","modified_gmt":"2020-10-08T15:02:25","slug":"masina-de-gravura-metal-laser","status":"publish","type":"product","link":"https:\/\/distribucionarc.com\/ro\/producto\/maquina-de-grabado-laser-de-metal\/","title":{"rendered":"Ma\u0219in\u0103 de gravat cu laser metal 24 x 17 cm"},"content":{"rendered":"<h3>Ma\u0219in\u0103 de gravat cu laser metal 24 x 17 cm<\/h3>\n<p>El <b>marker cu laser <span style=\"color: #ff0000;\">LA<\/span><span style=\"color: #0000ff;\">R<\/span>c<\/b> Este o ma\u0219in\u0103 care \u00eencorporeaz\u0103 cea mai recent\u0103 tehnologie \u0219i cele mai bune materiale din aluminiu \u0219i acril, \u00eencorporeaz\u0103 software simplu, u\u0219or de utilizat, cu actualiz\u0103ri gratuite pentru totdeauna.<\/p>\n<p>\u00cen\u0103l\u021bimea de gravare este nelimitat\u0103 \u0219i poate fi plasat\u0103 direct deasupra pentru a lucra mai aproape de metal <strong>masina de gravat<span style=\"color: #ff0000;\"> LA<\/span><span style=\"color: #0000ff;\">R<\/span>CMGLA1<\/strong> Este multifunc\u021bional cu o varietate de metale \u0219i o\u021beluri.<\/p>\n<p>Dac\u0103 ave\u021bi o pasiune pentru art\u0103, aceast\u0103 ma\u0219in\u0103 v\u0103 va oferi o modalitate excelent\u0103 de a repeta procesele \u0219i de a face lucruri pe care nicio unealt\u0103 manual\u0103 nu v-a permis s\u0103 le face\u021bi.<\/p>\n<h6><strong>garan\u021bie\u00a0<span style=\"color: #ff0000;\">LA<\/span><span style=\"color: #0000ff;\">R<\/span>C 2 ANI<\/strong><\/h6>\n<h6><span style=\"color: #008000;\">Gravoare laser eficient\u0103, surs\u0103 de alimentare 12V 5A<\/span><\/h6>\n<h6><strong>suport tehnic inclus<\/strong><\/h6>\n<p>&nbsp;<\/p>\n<table role=\"presentation\" width=\"100%\" cellspacing=\"0\" cellpadding=\"0\">\n<tbody>\n<tr>\n<td class=\"attrLabels\">Marca:<\/td>\n<td width=\"50.0%\">ARC<\/td>\n<\/tr>\n<tr>\n<td class=\"attrLabels\">\u021aara de distribu\u021bie:<\/td>\n<td width=\"50.0%\">Spania, Germania, SUA<\/td>\n<td class=\"attrLabels\">Greutate:<\/td>\n<td width=\"50.0%\">8,25 kg<\/td>\n<\/tr>\n<tr>\n<td class=\"attrLabels\">Marca:<\/td>\n<td width=\"50.0%\">ARC<\/td>\n<td class=\"attrLabels\">\u00cen\u0103l\u0163ime:<\/td>\n<td width=\"50.0%\">33 cm<\/td>\n<\/tr>\n<tr>\n<td class=\"attrLabels\">Culoare:<\/td>\n<td width=\"50.0%\">Argint<\/td>\n<td class=\"attrLabels\">Lung:<\/td>\n<td width=\"50.0%\">43 cm<\/td>\n<\/tr>\n<tr>\n<td class=\"attrLabels\">Tip produs:<\/td>\n<td width=\"50.0%\">gravator cu laser<\/td>\n<td class=\"attrLabels\">Larg:<\/td>\n<td width=\"50.0%\">43 cm<\/td>\n<\/tr>\n<tr>\n<td class=\"attrLabels\">Numar producator:<\/td>\n<td width=\"50.0%\">ARCMLGA1<\/td>\n<td class=\"attrLabels\">Alimentare electric\u0103:<\/td>\n<td width=\"50.0%\">12V 5A<\/td>\n<\/tr>\n<tr>\n<td class=\"attrLabels\">Material:<\/td>\n<td width=\"50.0%\">otel inoxidabil, microcalculatoare, control automat<\/td>\n<td class=\"attrLabels\">tensiune de intrare<\/td>\n<td width=\"50.0%\">220V \u2013 50Hz 1.5A<\/td>\n<\/tr>\n<tr>\n<td class=\"attrLabels\">Garantie:<\/td>\n<td width=\"50.0%\">\u00a0 2 ani<\/td>\n<td class=\"attrLabels\">Axa vitezei:<\/td>\n<td width=\"50.0%\">5000 rpm<\/td>\n<\/tr>\n<tr>\n<td class=\"attrLabels\">Instrumente de instalare:<\/td>\n<td width=\"50.0%\">Da<\/td>\n<td class=\"attrLabels\">Zona de gravare:<\/td>\n<td width=\"50.0%\">24x17cm<\/td>\n<\/tr>\n<\/tbody>\n<\/table>","protected":false},"excerpt":{"rendered":"<h2>Ma\u0219in\u0103 de gravat cu laser metal 24 x 17 cm<\/h2>\n<p>Acest<strong> ma\u0219in\u0103 de marcat cu laser <span style=\"color: #ff0000;\">LA<\/span><span style=\"color: #0000ff;\">R<\/span>c<\/strong> pentru bricolaj este ideal pentru utilizarea grav\u0103rii cu laser cu imprimare \u00een tonuri de gri, pozi\u021bionare \u00een lumin\u0103 sc\u0103zut\u0103 \u0219i func\u021bii de pozi\u021bionare liber\u0103. Acest mini aparat este perfect pentru arti\u0219ti, profesioni\u0219ti \u0219i me\u0219teri. Trebuie doar s\u0103-l conecta\u021bi la computer \u0219i apoi pute\u021bi imprima orice imagine dori\u021bi cu propria creativitate.<\/p>\n<h6><strong>garan\u021bie\u00a0<span style=\"color: #ff0000;\">LA<\/span><span style=\"color: #0000ff;\">R<\/span>C 2 ANI<\/strong><\/h6>\n<h6><span style=\"color: #008000;\">Gravoare laser eficient\u0103, surs\u0103 de alimentare 12V 5A<\/span><\/h6>\n<h6><strong>suport tehnic inclus<\/strong><\/h6>","protected":false},"featured_media":2727,"comment_status":"open","ping_status":"closed","template":"","meta":{"wds_primary_product_brand":0,"wds_primary_product_cat":0},"product_brand":[],"product_cat":[69,70],"product_tag":[],"class_list":{"0":"post-2721","1":"product","2":"type-product","3":"status-publish","4":"has-post-thumbnail","6":"product_cat-maquinas-variadas","7":"product_cat-talladoras-marcadoras-de-metal-grabadoras-laser","8":"product_shipping_class-express","10":"first","11":"instock","12":"sale","13":"taxable","14":"shipping-taxable","15":"purchasable","16":"product-type-simple"},"yoast_head":"<!-- This site is optimized with the Yoast SEO Premium plugin v24.9 (Yoast SEO v26.1) - https:\/\/yoast.com\/wordpress\/plugins\/seo\/ -->\n<title>M\u00e1quina de grabado l\u00e1ser de metal 24 x 17 cm - distribuci\u00f3n ARC<\/title>\n<meta name=\"robots\" content=\"index, follow, max-snippet:-1, max-image-preview:large, max-video-preview:-1\" \/>\n<link rel=\"canonical\" href=\"https:\/\/distribucionarc.com\/ro\/produs\/masina-de-gravura-metal-laser\/\" \/>\n<meta property=\"og:locale\" content=\"ro_RO\" \/>\n<meta property=\"og:type\" content=\"article\" \/>\n<meta property=\"og:title\" content=\"M\u00e1quina de grabado l\u00e1ser de metal 24 x 17 cm\" \/>\n<meta property=\"og:description\" content=\"M\u00e1quina de grabado l\u00e1ser de metal 24 x 17\u00a0 cm Esta m\u00e1quina de marcado l\u00e1ser ARC para bricolaje es ideal para el uso de grabado l\u00e1ser con funciones de impresi\u00f3n en escala de grises, posicionamiento con poca luz y posicionamiento de libertad. Esta mini m\u00e1quina es perfecta para artistas, profesionales y artesanos. Solo necesita conectarlo al ordenador, y luego puede imprimir cualquier imagen que desee con su propia creatividad. Garant\u00eda\u00a0ARC 2 A\u00d1OS Grabador l\u00e1ser eficiente, fuente alimentacion\u00a0 12V 5A soporte t\u00e9cnico incluido\" \/>\n<meta property=\"og:url\" content=\"https:\/\/distribucionarc.com\/ro\/produs\/masina-de-gravura-metal-laser\/\" \/>\n<meta property=\"og:site_name\" content=\"distribuci\u00f3n ARC\" \/>\n<meta property=\"article:modified_time\" content=\"2020-10-08T15:02:25+00:00\" \/>\n<meta property=\"og:image\" content=\"https:\/\/distribucionarc.com\/wp-content\/uploads\/2020\/08\/M\u00e1quina-de-grabado-l\u00e1ser-de-metal-0.jpg\" \/>\n\t<meta property=\"og:image:width\" content=\"800\" \/>\n\t<meta property=\"og:image:height\" content=\"800\" \/>\n\t<meta property=\"og:image:type\" content=\"image\/jpeg\" \/>\n<meta name=\"twitter:card\" content=\"summary_large_image\" \/>\n<meta name=\"twitter:label1\" content=\"Timp estimat pentru citire\" \/>\n\t<meta name=\"twitter:data1\" content=\"1 minut\" \/>\n<script type=\"application\/ld+json\" class=\"yoast-schema-graph\">{\"@context\":\"https:\/\/schema.org\",\"@graph\":[{\"@type\":\"WebPage\",\"@id\":\"https:\/\/distribucionarc.com\/ro\/producto\/maquina-de-grabado-laser-de-metal\/\",\"url\":\"https:\/\/distribucionarc.com\/ro\/producto\/maquina-de-grabado-laser-de-metal\/\",\"name\":\"M\u00e1quina de grabado l\u00e1ser de metal 24 x 17 cm - distribuci\u00f3n ARC\",\"isPartOf\":{\"@id\":\"https:\/\/distribucionarc.com\/de\/#website\"},\"primaryImageOfPage\":{\"@id\":\"https:\/\/distribucionarc.com\/ro\/producto\/maquina-de-grabado-laser-de-metal\/#primaryimage\"},\"image\":{\"@id\":\"https:\/\/distribucionarc.com\/ro\/producto\/maquina-de-grabado-laser-de-metal\/#primaryimage\"},\"thumbnailUrl\":\"https:\/\/distribucionarc.com\/wp-content\/uploads\/2020\/08\/M\u00e1quina-de-grabado-l\u00e1ser-de-metal-0.jpg\",\"datePublished\":\"2020-08-21T09:41:26+00:00\",\"dateModified\":\"2020-10-08T15:02:25+00:00\",\"breadcrumb\":{\"@id\":\"https:\/\/distribucionarc.com\/ro\/producto\/maquina-de-grabado-laser-de-metal\/#breadcrumb\"},\"inLanguage\":\"ro-RO\",\"potentialAction\":[{\"@type\":\"ReadAction\",\"target\":[\"https:\/\/distribucionarc.com\/ro\/producto\/maquina-de-grabado-laser-de-metal\/\"]}]},{\"@type\":\"ImageObject\",\"inLanguage\":\"ro-RO\",\"@id\":\"https:\/\/distribucionarc.com\/ro\/producto\/maquina-de-grabado-laser-de-metal\/#primaryimage\",\"url\":\"https:\/\/distribucionarc.com\/wp-content\/uploads\/2020\/08\/M\u00e1quina-de-grabado-l\u00e1ser-de-metal-0.jpg\",\"contentUrl\":\"https:\/\/distribucionarc.com\/wp-content\/uploads\/2020\/08\/M\u00e1quina-de-grabado-l\u00e1ser-de-metal-0.jpg\",\"width\":800,\"height\":800,\"caption\":\"M\u00e1quina de grabado l\u00e1ser de metal\"},{\"@type\":\"BreadcrumbList\",\"@id\":\"https:\/\/distribucionarc.com\/ro\/producto\/maquina-de-grabado-laser-de-metal\/#breadcrumb\",\"itemListElement\":[{\"@type\":\"ListItem\",\"position\":1,\"name\":\"Portada\",\"item\":\"https:\/\/distribucionarc.com\/pl\/\"},{\"@type\":\"ListItem\",\"position\":2,\"name\":\"Produkty\",\"item\":\"https:\/\/distribucionarc.com\/pl\/shop\/\"},{\"@type\":\"ListItem\",\"position\":3,\"name\":\"M\u00e1quina de grabado l\u00e1ser de metal 24 x 17 cm\"}]},{\"@type\":\"WebSite\",\"@id\":\"https:\/\/distribucionarc.com\/de\/#website\",\"url\":\"https:\/\/distribucionarc.com\/de\/\",\"name\":\"distribuci\u00f3n ARC\",\"description\":\"Empresa especializada en la fabricaci\u00f3n y distribuci\u00f3n de maquinaria industrial, selladoras de latas, Maquinas de hacer pastillas, Maquinas de cortar carne...\",\"publisher\":{\"@id\":\"https:\/\/distribucionarc.com\/de\/#organization\"},\"potentialAction\":[{\"@type\":\"SearchAction\",\"target\":{\"@type\":\"EntryPoint\",\"urlTemplate\":\"https:\/\/distribucionarc.com\/de\/?s={search_term_string}\"},\"query-input\":{\"@type\":\"PropertyValueSpecification\",\"valueRequired\":true,\"valueName\":\"search_term_string\"}}],\"inLanguage\":\"ro-RO\"},{\"@type\":\"Organization\",\"@id\":\"https:\/\/distribucionarc.com\/de\/#organization\",\"name\":\"Distribuci\u00f3n ARC\",\"url\":\"https:\/\/distribucionarc.com\/de\/\",\"logo\":{\"@type\":\"ImageObject\",\"inLanguage\":\"ro-RO\",\"@id\":\"https:\/\/distribucionarc.com\/de\/#\/schema\/logo\/image\/\",\"url\":\"https:\/\/distribucionarc.com\/wp-content\/uploads\/2024\/10\/distribucion-ARC-COLOR-SIN-FONDO-e1732295305345.png\",\"contentUrl\":\"https:\/\/distribucionarc.com\/wp-content\/uploads\/2024\/10\/distribucion-ARC-COLOR-SIN-FONDO-e1732295305345.png\",\"width\":1164,\"height\":558,\"caption\":\"Distribuci\u00f3n ARC\"},\"image\":{\"@id\":\"https:\/\/distribucionarc.com\/de\/#\/schema\/logo\/image\/\"},\"description\":\"Empresa especializada en la fabricaci\u00f3n y distribuci\u00f3n de maquinaria industrial para los sectores alimentario y farmac\u00e9utico. Nos especializamos en: M\u00e1quinas de cortar carne Fabricaci\u00f3n de comprimidos Sistemas de transporte industrial L\u00edneas de embotellado Dosificadores Y mucho m\u00e1s... Ofrecemos soluciones innovadoras y personalizadas para optimizar los procesos productivos de tu empresa.\",\"email\":\"Admistracion@distribucionarc.com\",\"telephone\":\"+34 643496664\",\"legalName\":\"ARC TECH SOLUTIONS\",\"foundingDate\":\"2024-04-09\",\"vatID\":\"B55480172\",\"numberOfEmployees\":{\"@type\":\"QuantitativeValue\",\"minValue\":\"1\",\"maxValue\":\"10\"}}]}<\/script>\n<!-- \/ Yoast SEO Premium plugin. -->","yoast_head_json":{"title":"Ma\u0219in\u0103 de gravat laser metal 24 x 17 cm - distribu\u021bie ARC","robots":{"index":"index","follow":"follow","max-snippet":"max-snippet:-1","max-image-preview":"max-image-preview:large","max-video-preview":"max-video-preview:-1"},"canonical":"https:\/\/distribucionarc.com\/ro\/produs\/masina-de-gravura-metal-laser\/","og_locale":"ro_RO","og_type":"article","og_title":"M\u00e1quina de grabado l\u00e1ser de metal 24 x 17 cm","og_description":"M\u00e1quina de grabado l\u00e1ser de metal 24 x 17\u00a0 cm Esta m\u00e1quina de marcado l\u00e1ser ARC para bricolaje es ideal para el uso de grabado l\u00e1ser con funciones de impresi\u00f3n en escala de grises, posicionamiento con poca luz y posicionamiento de libertad. Esta mini m\u00e1quina es perfecta para artistas, profesionales y artesanos. Solo necesita conectarlo al ordenador, y luego puede imprimir cualquier imagen que desee con su propia creatividad. Garant\u00eda\u00a0ARC 2 A\u00d1OS Grabador l\u00e1ser eficiente, fuente alimentacion\u00a0 12V 5A soporte t\u00e9cnico incluido","og_url":"https:\/\/distribucionarc.com\/ro\/produs\/masina-de-gravura-metal-laser\/","og_site_name":"distribuci\u00f3n ARC","article_modified_time":"2020-10-08T15:02:25+00:00","og_image":[{"width":800,"height":800,"url":"https:\/\/distribucionarc.com\/wp-content\/uploads\/2020\/08\/M\u00e1quina-de-grabado-l\u00e1ser-de-metal-0.jpg","type":"image\/jpeg"}],"twitter_card":"summary_large_image","twitter_misc":{"Timp estimat pentru citire":"1 minut"},"schema":{"@context":"https:\/\/schema.org","@graph":[{"@type":"WebPage","@id":"https:\/\/distribucionarc.com\/ro\/producto\/maquina-de-grabado-laser-de-metal\/","url":"https:\/\/distribucionarc.com\/ro\/producto\/maquina-de-grabado-laser-de-metal\/","name":"Ma\u0219in\u0103 de gravat laser metal 24 x 17 cm - distribu\u021bie ARC","isPartOf":{"@id":"https:\/\/distribucionarc.com\/de\/#website"},"primaryImageOfPage":{"@id":"https:\/\/distribucionarc.com\/ro\/producto\/maquina-de-grabado-laser-de-metal\/#primaryimage"},"image":{"@id":"https:\/\/distribucionarc.com\/ro\/producto\/maquina-de-grabado-laser-de-metal\/#primaryimage"},"thumbnailUrl":"https:\/\/distribucionarc.com\/wp-content\/uploads\/2020\/08\/M\u00e1quina-de-grabado-l\u00e1ser-de-metal-0.jpg","datePublished":"2020-08-21T09:41:26+00:00","dateModified":"2020-10-08T15:02:25+00:00","breadcrumb":{"@id":"https:\/\/distribucionarc.com\/ro\/producto\/maquina-de-grabado-laser-de-metal\/#breadcrumb"},"inLanguage":"ro-RO","potentialAction":[{"@type":"ReadAction","target":["https:\/\/distribucionarc.com\/ro\/producto\/maquina-de-grabado-laser-de-metal\/"]}]},{"@type":"ImageObject","inLanguage":"ro-RO","@id":"https:\/\/distribucionarc.com\/ro\/producto\/maquina-de-grabado-laser-de-metal\/#primaryimage","url":"https:\/\/distribucionarc.com\/wp-content\/uploads\/2020\/08\/M\u00e1quina-de-grabado-l\u00e1ser-de-metal-0.jpg","contentUrl":"https:\/\/distribucionarc.com\/wp-content\/uploads\/2020\/08\/M\u00e1quina-de-grabado-l\u00e1ser-de-metal-0.jpg","width":800,"height":800,"caption":"M\u00e1quina de grabado l\u00e1ser de metal"},{"@type":"BreadcrumbList","@id":"https:\/\/distribucionarc.com\/ro\/producto\/maquina-de-grabado-laser-de-metal\/#breadcrumb","itemListElement":[{"@type":"ListItem","position":1,"name":"Portada","item":"https:\/\/distribucionarc.com\/pl\/"},{"@type":"ListItem","position":2,"name":"Produkty","item":"https:\/\/distribucionarc.com\/pl\/shop\/"},{"@type":"ListItem","position":3,"name":"M\u00e1quina de grabado l\u00e1ser de metal 24 x 17 cm"}]},{"@type":"WebSite","@id":"https:\/\/distribucionarc.com\/de\/#website","url":"https:\/\/distribucionarc.com\/de\/","name":"Distribu\u021bie ARC","description":"Companie specializat\u0103 \u00een fabricarea \u0219i distribu\u021bia de utilaje industriale, ma\u0219ini de sigilat cutii, ma\u0219ini de fabricat tablete, ma\u0219ini de t\u0103iat carne...","publisher":{"@id":"https:\/\/distribucionarc.com\/de\/#organization"},"potentialAction":[{"@type":"SearchAction","target":{"@type":"EntryPoint","urlTemplate":"https:\/\/distribucionarc.com\/de\/?s={search_term_string}"},"query-input":{"@type":"PropertyValueSpecification","valueRequired":true,"valueName":"search_term_string"}}],"inLanguage":"ro-RO"},{"@type":"Organization","@id":"https:\/\/distribucionarc.com\/de\/#organization","name":"Distribu\u021bie ARC","url":"https:\/\/distribucionarc.com\/de\/","logo":{"@type":"ImageObject","inLanguage":"ro-RO","@id":"https:\/\/distribucionarc.com\/de\/#\/schema\/logo\/image\/","url":"https:\/\/distribucionarc.com\/wp-content\/uploads\/2024\/10\/distribucion-ARC-COLOR-SIN-FONDO-e1732295305345.png","contentUrl":"https:\/\/distribucionarc.com\/wp-content\/uploads\/2024\/10\/distribucion-ARC-COLOR-SIN-FONDO-e1732295305345.png","width":1164,"height":558,"caption":"Distribuci\u00f3n ARC"},"image":{"@id":"https:\/\/distribucionarc.com\/de\/#\/schema\/logo\/image\/"},"description":"Companie specializat\u0103 \u00een fabricarea \u0219i distribu\u021bia de utilaje industriale pentru sectoarele alimentar \u0219i farmaceutic. Suntem specializa\u021bi \u00een: Ma\u0219ini de t\u0103iat carne Fabricarea tabletelor Sisteme de transport industrial Linii de \u00eembuteliere Distribuitoare \u0218i multe altele... Oferim solu\u021bii inovatoare \u0219i personalizate pentru a optimiza procesele de produc\u021bie ale companiei dumneavoastr\u0103.","email":"Admistracion@distribucionarc.com","telephone":"+34 643496664","legalName":"ARC TECH SOLUTIONS","foundingDate":"2024-04-09","vatID":"B55480172","numberOfEmployees":{"@type":"QuantitativeValue","minValue":"1","maxValue":"10"}}]}},"_links":{"self":[{"href":"https:\/\/distribucionarc.com\/ro\/wp-json\/wp\/v2\/product\/2721","targetHints":{"allow":["GET"]}}],"collection":[{"href":"https:\/\/distribucionarc.com\/ro\/wp-json\/wp\/v2\/product"}],"about":[{"href":"https:\/\/distribucionarc.com\/ro\/wp-json\/wp\/v2\/types\/product"}],"replies":[{"embeddable":true,"href":"https:\/\/distribucionarc.com\/ro\/wp-json\/wp\/v2\/comments?post=2721"}],"version-history":[{"count":0,"href":"https:\/\/distribucionarc.com\/ro\/wp-json\/wp\/v2\/product\/2721\/revisions"}],"wp:featuredmedia":[{"embeddable":true,"href":"https:\/\/distribucionarc.com\/ro\/wp-json\/wp\/v2\/media\/2727"}],"wp:attachment":[{"href":"https:\/\/distribucionarc.com\/ro\/wp-json\/wp\/v2\/media?parent=2721"}],"wp:term":[{"taxonomy":"product_brand","embeddable":true,"href":"https:\/\/distribucionarc.com\/ro\/wp-json\/wp\/v2\/product_brand?post=2721"},{"taxonomy":"product_cat","embeddable":true,"href":"https:\/\/distribucionarc.com\/ro\/wp-json\/wp\/v2\/product_cat?post=2721"},{"taxonomy":"product_tag","embeddable":true,"href":"https:\/\/distribucionarc.com\/ro\/wp-json\/wp\/v2\/product_tag?post=2721"}],"curies":[{"name":"wp","href":"https:\/\/api.w.org\/{rel}","templated":true}]}}