{"id":2734,"date":"2020-08-21T10:57:23","date_gmt":"2020-08-21T10:57:23","guid":{"rendered":"https:\/\/distribucionarc.com\/?post_type=product&#038;p=2734"},"modified":"2020-10-09T11:14:52","modified_gmt":"2020-10-09T11:14:52","slug":"masina-de-gravura-laser-co2","status":"publish","type":"product","link":"https:\/\/distribucionarc.com\/ro\/producto\/maquina-de-grabado-laser-de-co2\/","title":{"rendered":"Ma\u0219in\u0103 de gravat cu laser CO2 30 x 20 cm"},"content":{"rendered":"<h3 style=\"margin: 0cm;\"><strong><span style=\"font-family: 'Arial',sans-serif; color: black;\">Ma\u0219in\u0103 de gravat cu laser CO2 30 x 20 cm\u00a0<\/span><\/strong><\/h3>\n<p>Capul laser de \u00eenalt\u0103 precizie <strong>ma\u0219in\u0103 de marcat<span style=\"color: #ff0000;\"> LA<span style=\"color: #0000ff;\">R<\/span><\/span>c<\/strong>, cu performan\u021b\u0103 \u0219i durabilitate de \u00eenalt\u0103 calitate, fiabile, \u00eembun\u0103t\u0103\u021be\u0219te precizia \u0219i performan\u021ba grav\u0103rii. Adopt\u0103 un avansat<strong> Tub laser CO2<\/strong> A treia genera\u021bie cu putere \u0219i vitez\u0103 ridicate. Durata de via\u021b\u0103 a acestui tub laser este de p\u00e2n\u0103 la 1000-1300 de ore.<\/p>\n<p>Are comutator de pornire\/oprire, comutator laser, comutator de testare, reglare curent\u0103 \u0219i indicare a curentului pe placa de control, pentru un control mai intuitiv \u0219i convenabil al grav\u0103rii. Sunt incluse un extractor de conducte, aerisire \u0219i ventilator, care reduc efectiv temperatura tuturor componentelor electronice, prelungind astfel durata de via\u021b\u0103 a acestora.<\/p>\n<p>Utilizeaz\u0103 un port USB pentru o conexiune convenabil\u0103 la un PC sau laptop, pentru un control mai bun \u0219i mai precis al grav\u0103rii. \u00cen plus, cel <strong>gravator cu laser <span style=\"color: #ff0000;\">LA<\/span><span style=\"color: #0000ff;\">R<\/span>CGLCO2<\/strong> este dotat cu a <strong>motor pas cu pas<\/strong> Precizie ridicat\u0103, eficient\u0103 \u0219i stabil\u0103, realiz\u00e2nd gravare mai precis\u0103.<\/p>\n<h6><strong>garan\u021bie\u00a0<span style=\"color: #ff0000;\">LA<\/span><span style=\"color: #0000ff;\">R<\/span>C 2 ANI<\/strong><\/h6>\n<h6><span style=\"color: #008000;\">Gravoare laser eficient\u0103, consum \u2264250W<\/span><\/h6>\n<h6><strong>suport tehnic inclus<br \/>\n<\/strong><\/h6>\n<p>&nbsp;<\/p>\n<hr \/>\n<ul>\n<li><strong>Viteza de gravare: 0-350 mm\/s<\/strong><\/li>\n<li><strong>Conform FDA: Da<\/strong><\/li>\n<li><strong>Viteza de taiere: 0-35mm\/s<\/strong><\/li>\n<li><strong>Certificare CE: Da<\/strong><\/li>\n<li><strong>Caracter minim pentru modelare: 1mm X 1mm<\/strong><\/li>\n<li><strong>Certificat de calitate ISO 9001: Da<\/strong><\/li>\n<li><strong>Raport rezolu\u021bie: 0,026 mm<\/strong><\/li>\n<li><strong>Tip laser: gaz CO2<\/strong><\/li>\n<li><strong>Resetare pozi\u021bionare: \u22640,01 mm<\/strong><\/li>\n<li><strong>unitate tub: 20KV<\/strong><\/li>\n<li><strong>Tip motor: motor pas cu pas<\/strong><\/li>\n<li><strong>tub de lucru: 15KV<\/strong><\/li>\n<li><strong>Software compatibil: software CorelDraw<\/strong><\/li>\n<li><strong>Curent: 0~22mA<\/strong><\/li>\n<li><strong>Consum de energie: \u2264250W<\/strong><\/li>\n<li><strong>Suprafata de gravare: 12\u00d78 inch<\/strong><\/li>\n<li><strong>Formate grafice acceptate: BMP\/JPG\/JPEG\/WMF\/EMF\/PLT<\/strong><\/li>\n<li><strong>Tub laser: 1000-1300 ore<\/strong><\/li>\n<li><strong>R\u0103cire cu ap\u0103: pomp\u0103 de ap\u0103 inclus\u0103<\/strong><\/li>\n<li><strong>Putere laser: 40W<\/strong><\/li>\n<\/ul>","protected":false},"excerpt":{"rendered":"<h2 style=\"margin: 0cm;\"><strong><span style=\"font-family: 'Arial',sans-serif; color: black;\">Ma\u0219in\u0103 de gravat cu laser CO2 30 x 20 cm<\/span><\/strong><\/h2>\n<p style=\"margin: 0cm; text-align: start;\"><span style=\"font-family: 'Arial',sans-serif; color: black;\">Acest <strong>ma\u0219in\u0103 de marcat<\/strong> integreaz\u0103 cea mai nou\u0103 mi\u0219care mecanic\u0103 u\u0219oar\u0103 de pe pia\u021b\u0103, reportofon modal de trei genera\u021bii care v\u0103 va asigura <strong>mare precizie si viteza<\/strong>. Noul <strong>Gravoare cu laser CO2<\/strong> <strong><span style=\"color: #ff0000;\">LA<\/span><span style=\"color: #0000ff;\">R<\/span>CGLCO2<\/strong> Este echipat cu tub laser de r\u0103cire cu ap\u0103 de 40W, motoare de rulare pas cu pas pentru precizie perfect\u0103, panou de control de \u00eenalt\u0103 calitate. Utilizeaz\u0103 un port USB pentru a se conecta la laptop sau PC. Suport software este inclus, CorelDraw, aceast\u0103 ma\u0219in\u0103 poate func\u021biona bine cu mai multe formate grafice, inclusiv EMF\/JPG\/PLT\/WMF.<\/span><\/p>\n<h6><\/h6>\n<h6><strong>garan\u021bie\u00a0<span style=\"color: #ff0000;\">LA<\/span><span style=\"color: #0000ff;\">R<\/span>C 2 ANI<\/strong><\/h6>\n<h6><span style=\"color: #008000;\">Gravoare laser eficient\u0103, consum \u2264250W<\/span><\/h6>\n<h6><strong>suport tehnic inclus<\/strong><\/h6>","protected":false},"featured_media":2741,"comment_status":"open","ping_status":"closed","template":"","meta":{"wds_primary_product_brand":0,"wds_primary_product_cat":0},"product_brand":[],"product_cat":[69,70],"product_tag":[],"class_list":{"0":"post-2734","1":"product","2":"type-product","3":"status-publish","4":"has-post-thumbnail","6":"product_cat-maquinas-variadas","7":"product_cat-talladoras-marcadoras-de-metal-grabadoras-laser","8":"product_shipping_class-express","10":"first","11":"instock","12":"sale","13":"taxable","14":"shipping-taxable","15":"purchasable","16":"product-type-simple"},"yoast_head":"<!-- This site is optimized with the Yoast SEO Premium plugin v24.9 (Yoast SEO v26.1) - https:\/\/yoast.com\/wordpress\/plugins\/seo\/ -->\n<title>M\u00e1quina de Grabado L\u00e1ser de CO2 30 x 20 cm - distribuci\u00f3n ARC<\/title>\n<meta name=\"robots\" content=\"index, follow, max-snippet:-1, max-image-preview:large, max-video-preview:-1\" \/>\n<link rel=\"canonical\" href=\"https:\/\/www.distribucionarc.com\/pl\/producto\/maquina-de-grabado-laser-de-co2\/\" \/>\n<meta property=\"og:locale\" content=\"ro_RO\" \/>\n<meta property=\"og:type\" content=\"article\" \/>\n<meta property=\"og:title\" content=\"M\u00e1quina de Grabado L\u00e1ser de CO2 30 x 20 cm\" \/>\n<meta property=\"og:description\" content=\"M\u00e1quina de Grabado L\u00e1ser de CO2 30 x 20 cm Esta m\u00e1quina de marcado integra el movimiento mec\u00e1nico de luz m\u00e1s nuevo del mercado, grabador modal de tres generaciones que le asegurara alta precisi\u00f3n y velocidad. El nuevo grabador l\u00e1ser de CO2 ARCGLCO2 est\u00e1 equipado con un tubo l\u00e1ser de refrigeraci\u00f3n por agua de 40 W, motores de ejecuci\u00f3n paso a paso para una precisi\u00f3n perfecta, panel de control de alta calidad. Emplea un puerto USB para conectarse a su port\u00e1til o PC. El soporte del software est\u00e1 incluido, CorelDraw, esta m\u00e1quina puede funcionar bien con m\u00faltiples formatos gr\u00e1ficos, incluidos EMF \/ JPG \/ PLT \/ WMF.   Garant\u00eda\u00a0ARC 2 A\u00d1OS Grabador l\u00e1ser eficiente, consumo \u2264250W soporte t\u00e9cnico incluido\" \/>\n<meta property=\"og:url\" content=\"https:\/\/www.distribucionarc.com\/pl\/producto\/maquina-de-grabado-laser-de-co2\/\" \/>\n<meta property=\"og:site_name\" content=\"distribuci\u00f3n ARC\" \/>\n<meta property=\"article:modified_time\" content=\"2020-10-09T11:14:52+00:00\" \/>\n<meta property=\"og:image\" content=\"https:\/\/distribucionarc.com\/wp-content\/uploads\/2020\/08\/M\u00e1quina-de-Grabado-L\u00e1ser-de-CO2-0.jpg\" \/>\n\t<meta property=\"og:image:width\" content=\"1600\" \/>\n\t<meta property=\"og:image:height\" content=\"1600\" \/>\n\t<meta property=\"og:image:type\" content=\"image\/jpeg\" \/>\n<meta name=\"twitter:card\" content=\"summary_large_image\" \/>\n<meta name=\"twitter:label1\" content=\"Timp estimat pentru citire\" \/>\n\t<meta name=\"twitter:data1\" content=\"2 minute\" \/>\n<script type=\"application\/ld+json\" class=\"yoast-schema-graph\">{\"@context\":\"https:\/\/schema.org\",\"@graph\":[{\"@type\":\"WebPage\",\"@id\":\"https:\/\/www.distribucionarc.com\/pl\/producto\/maquina-de-grabado-laser-de-co2\/\",\"url\":\"https:\/\/www.distribucionarc.com\/pl\/producto\/maquina-de-grabado-laser-de-co2\/\",\"name\":\"M\u00e1quina de Grabado L\u00e1ser de CO2 30 x 20 cm - distribuci\u00f3n ARC\",\"isPartOf\":{\"@id\":\"https:\/\/distribucionarc.com\/ro\/#website\"},\"primaryImageOfPage\":{\"@id\":\"https:\/\/www.distribucionarc.com\/pl\/producto\/maquina-de-grabado-laser-de-co2\/#primaryimage\"},\"image\":{\"@id\":\"https:\/\/www.distribucionarc.com\/pl\/producto\/maquina-de-grabado-laser-de-co2\/#primaryimage\"},\"thumbnailUrl\":\"https:\/\/distribucionarc.com\/wp-content\/uploads\/2020\/08\/M\u00e1quina-de-Grabado-L\u00e1ser-de-CO2-0.jpg\",\"datePublished\":\"2020-08-21T10:57:23+00:00\",\"dateModified\":\"2020-10-09T11:14:52+00:00\",\"breadcrumb\":{\"@id\":\"https:\/\/www.distribucionarc.com\/pl\/producto\/maquina-de-grabado-laser-de-co2\/#breadcrumb\"},\"inLanguage\":\"ro-RO\",\"potentialAction\":[{\"@type\":\"ReadAction\",\"target\":[\"https:\/\/www.distribucionarc.com\/pl\/producto\/maquina-de-grabado-laser-de-co2\/\"]}]},{\"@type\":\"ImageObject\",\"inLanguage\":\"ro-RO\",\"@id\":\"https:\/\/www.distribucionarc.com\/pl\/producto\/maquina-de-grabado-laser-de-co2\/#primaryimage\",\"url\":\"https:\/\/distribucionarc.com\/wp-content\/uploads\/2020\/08\/M\u00e1quina-de-Grabado-L\u00e1ser-de-CO2-0.jpg\",\"contentUrl\":\"https:\/\/distribucionarc.com\/wp-content\/uploads\/2020\/08\/M\u00e1quina-de-Grabado-L\u00e1ser-de-CO2-0.jpg\",\"width\":1600,\"height\":1600,\"caption\":\"M\u00e1quina de Grabado L\u00e1ser de CO2\"},{\"@type\":\"BreadcrumbList\",\"@id\":\"https:\/\/www.distribucionarc.com\/pl\/producto\/maquina-de-grabado-laser-de-co2\/#breadcrumb\",\"itemListElement\":[{\"@type\":\"ListItem\",\"position\":1,\"name\":\"Portada\",\"item\":\"https:\/\/distribucionarc.com\/ar\/\"},{\"@type\":\"ListItem\",\"position\":2,\"name\":\"Proizvodi\",\"item\":\"https:\/\/www.distribucionarc.com\/hr\/ducan\/\"},{\"@type\":\"ListItem\",\"position\":3,\"name\":\"M\u00e1quina de Grabado L\u00e1ser de CO2 30 x 20 cm\"}]},{\"@type\":\"WebSite\",\"@id\":\"https:\/\/distribucionarc.com\/ro\/#website\",\"url\":\"https:\/\/distribucionarc.com\/ro\/\",\"name\":\"distribuci\u00f3n ARC\",\"description\":\"Empresa especializada en la fabricaci\u00f3n y distribuci\u00f3n de maquinaria industrial, selladoras de latas, Maquinas de hacer pastillas, Maquinas de cortar carne...\",\"publisher\":{\"@id\":\"https:\/\/distribucionarc.com\/ro\/#organization\"},\"potentialAction\":[{\"@type\":\"SearchAction\",\"target\":{\"@type\":\"EntryPoint\",\"urlTemplate\":\"https:\/\/distribucionarc.com\/ro\/?s={search_term_string}\"},\"query-input\":{\"@type\":\"PropertyValueSpecification\",\"valueRequired\":true,\"valueName\":\"search_term_string\"}}],\"inLanguage\":\"ro-RO\"},{\"@type\":\"Organization\",\"@id\":\"https:\/\/distribucionarc.com\/ro\/#organization\",\"name\":\"Distribuci\u00f3n ARC\",\"url\":\"https:\/\/distribucionarc.com\/ro\/\",\"logo\":{\"@type\":\"ImageObject\",\"inLanguage\":\"ro-RO\",\"@id\":\"https:\/\/distribucionarc.com\/ro\/#\/schema\/logo\/image\/\",\"url\":\"https:\/\/distribucionarc.com\/wp-content\/uploads\/2024\/10\/distribucion-ARC-COLOR-SIN-FONDO-e1732295305345.png\",\"contentUrl\":\"https:\/\/distribucionarc.com\/wp-content\/uploads\/2024\/10\/distribucion-ARC-COLOR-SIN-FONDO-e1732295305345.png\",\"width\":1164,\"height\":558,\"caption\":\"Distribuci\u00f3n ARC\"},\"image\":{\"@id\":\"https:\/\/distribucionarc.com\/ro\/#\/schema\/logo\/image\/\"},\"description\":\"Empresa especializada en la fabricaci\u00f3n y distribuci\u00f3n de maquinaria industrial para los sectores alimentario y farmac\u00e9utico. Nos especializamos en: M\u00e1quinas de cortar carne Fabricaci\u00f3n de comprimidos Sistemas de transporte industrial L\u00edneas de embotellado Dosificadores Y mucho m\u00e1s... Ofrecemos soluciones innovadoras y personalizadas para optimizar los procesos productivos de tu empresa.\",\"email\":\"Admistracion@distribucionarc.com\",\"telephone\":\"+34 643496664\",\"legalName\":\"ARC TECH SOLUTIONS\",\"foundingDate\":\"2024-04-09\",\"vatID\":\"B55480172\",\"numberOfEmployees\":{\"@type\":\"QuantitativeValue\",\"minValue\":\"1\",\"maxValue\":\"10\"}}]}<\/script>\n<!-- \/ Yoast SEO Premium plugin. -->","yoast_head_json":{"title":"Ma\u0219in\u0103 de gravat cu laser CO2 30 x 20 cm - distribu\u021bie ARC","robots":{"index":"index","follow":"follow","max-snippet":"max-snippet:-1","max-image-preview":"max-image-preview:large","max-video-preview":"max-video-preview:-1"},"canonical":"https:\/\/www.distribucionarc.com\/pl\/producto\/maquina-de-grabado-laser-de-co2\/","og_locale":"ro_RO","og_type":"article","og_title":"M\u00e1quina de Grabado L\u00e1ser de CO2 30 x 20 cm","og_description":"M\u00e1quina de Grabado L\u00e1ser de CO2 30 x 20 cm Esta m\u00e1quina de marcado integra el movimiento mec\u00e1nico de luz m\u00e1s nuevo del mercado, grabador modal de tres generaciones que le asegurara alta precisi\u00f3n y velocidad. El nuevo grabador l\u00e1ser de CO2 ARCGLCO2 est\u00e1 equipado con un tubo l\u00e1ser de refrigeraci\u00f3n por agua de 40 W, motores de ejecuci\u00f3n paso a paso para una precisi\u00f3n perfecta, panel de control de alta calidad. Emplea un puerto USB para conectarse a su port\u00e1til o PC. El soporte del software est\u00e1 incluido, CorelDraw, esta m\u00e1quina puede funcionar bien con m\u00faltiples formatos gr\u00e1ficos, incluidos EMF \/ JPG \/ PLT \/ WMF.   Garant\u00eda\u00a0ARC 2 A\u00d1OS Grabador l\u00e1ser eficiente, consumo \u2264250W soporte t\u00e9cnico incluido","og_url":"https:\/\/www.distribucionarc.com\/pl\/producto\/maquina-de-grabado-laser-de-co2\/","og_site_name":"distribuci\u00f3n ARC","article_modified_time":"2020-10-09T11:14:52+00:00","og_image":[{"width":1600,"height":1600,"url":"https:\/\/distribucionarc.com\/wp-content\/uploads\/2020\/08\/M\u00e1quina-de-Grabado-L\u00e1ser-de-CO2-0.jpg","type":"image\/jpeg"}],"twitter_card":"summary_large_image","twitter_misc":{"Timp estimat pentru citire":"2 minute"},"schema":{"@context":"https:\/\/schema.org","@graph":[{"@type":"WebPage","@id":"https:\/\/www.distribucionarc.com\/pl\/producto\/maquina-de-grabado-laser-de-co2\/","url":"https:\/\/www.distribucionarc.com\/pl\/producto\/maquina-de-grabado-laser-de-co2\/","name":"Ma\u0219in\u0103 de gravat cu laser CO2 30 x 20 cm - distribu\u021bie ARC","isPartOf":{"@id":"https:\/\/distribucionarc.com\/ro\/#website"},"primaryImageOfPage":{"@id":"https:\/\/www.distribucionarc.com\/pl\/producto\/maquina-de-grabado-laser-de-co2\/#primaryimage"},"image":{"@id":"https:\/\/www.distribucionarc.com\/pl\/producto\/maquina-de-grabado-laser-de-co2\/#primaryimage"},"thumbnailUrl":"https:\/\/distribucionarc.com\/wp-content\/uploads\/2020\/08\/M\u00e1quina-de-Grabado-L\u00e1ser-de-CO2-0.jpg","datePublished":"2020-08-21T10:57:23+00:00","dateModified":"2020-10-09T11:14:52+00:00","breadcrumb":{"@id":"https:\/\/www.distribucionarc.com\/pl\/producto\/maquina-de-grabado-laser-de-co2\/#breadcrumb"},"inLanguage":"ro-RO","potentialAction":[{"@type":"ReadAction","target":["https:\/\/www.distribucionarc.com\/pl\/producto\/maquina-de-grabado-laser-de-co2\/"]}]},{"@type":"ImageObject","inLanguage":"ro-RO","@id":"https:\/\/www.distribucionarc.com\/pl\/producto\/maquina-de-grabado-laser-de-co2\/#primaryimage","url":"https:\/\/distribucionarc.com\/wp-content\/uploads\/2020\/08\/M\u00e1quina-de-Grabado-L\u00e1ser-de-CO2-0.jpg","contentUrl":"https:\/\/distribucionarc.com\/wp-content\/uploads\/2020\/08\/M\u00e1quina-de-Grabado-L\u00e1ser-de-CO2-0.jpg","width":1600,"height":1600,"caption":"M\u00e1quina de Grabado L\u00e1ser de CO2"},{"@type":"BreadcrumbList","@id":"https:\/\/www.distribucionarc.com\/pl\/producto\/maquina-de-grabado-laser-de-co2\/#breadcrumb","itemListElement":[{"@type":"ListItem","position":1,"name":"Portada","item":"https:\/\/distribucionarc.com\/ar\/"},{"@type":"ListItem","position":2,"name":"Proizvodi","item":"https:\/\/www.distribucionarc.com\/hr\/ducan\/"},{"@type":"ListItem","position":3,"name":"M\u00e1quina de Grabado L\u00e1ser de CO2 30 x 20 cm"}]},{"@type":"WebSite","@id":"https:\/\/distribucionarc.com\/ro\/#website","url":"https:\/\/distribucionarc.com\/ro\/","name":"Distribu\u021bie ARC","description":"Companie specializat\u0103 \u00een fabricarea \u0219i distribu\u021bia de utilaje industriale, ma\u0219ini de sigilat cutii, ma\u0219ini de fabricat tablete, ma\u0219ini de t\u0103iat carne...","publisher":{"@id":"https:\/\/distribucionarc.com\/ro\/#organization"},"potentialAction":[{"@type":"SearchAction","target":{"@type":"EntryPoint","urlTemplate":"https:\/\/distribucionarc.com\/ro\/?s={search_term_string}"},"query-input":{"@type":"PropertyValueSpecification","valueRequired":true,"valueName":"search_term_string"}}],"inLanguage":"ro-RO"},{"@type":"Organization","@id":"https:\/\/distribucionarc.com\/ro\/#organization","name":"Distribu\u021bie ARC","url":"https:\/\/distribucionarc.com\/ro\/","logo":{"@type":"ImageObject","inLanguage":"ro-RO","@id":"https:\/\/distribucionarc.com\/ro\/#\/schema\/logo\/image\/","url":"https:\/\/distribucionarc.com\/wp-content\/uploads\/2024\/10\/distribucion-ARC-COLOR-SIN-FONDO-e1732295305345.png","contentUrl":"https:\/\/distribucionarc.com\/wp-content\/uploads\/2024\/10\/distribucion-ARC-COLOR-SIN-FONDO-e1732295305345.png","width":1164,"height":558,"caption":"Distribuci\u00f3n ARC"},"image":{"@id":"https:\/\/distribucionarc.com\/ro\/#\/schema\/logo\/image\/"},"description":"Companie specializat\u0103 \u00een fabricarea \u0219i distribu\u021bia de utilaje industriale pentru sectoarele alimentar \u0219i farmaceutic. Suntem specializa\u021bi \u00een: Ma\u0219ini de t\u0103iat carne Fabricarea tabletelor Sisteme de transport industrial Linii de \u00eembuteliere Distribuitoare \u0218i multe altele... Oferim solu\u021bii inovatoare \u0219i personalizate pentru a optimiza procesele de produc\u021bie ale companiei dumneavoastr\u0103.","email":"Admistracion@distribucionarc.com","telephone":"+34 643496664","legalName":"ARC TECH SOLUTIONS","foundingDate":"2024-04-09","vatID":"B55480172","numberOfEmployees":{"@type":"QuantitativeValue","minValue":"1","maxValue":"10"}}]}},"_links":{"self":[{"href":"https:\/\/distribucionarc.com\/ro\/wp-json\/wp\/v2\/product\/2734","targetHints":{"allow":["GET"]}}],"collection":[{"href":"https:\/\/distribucionarc.com\/ro\/wp-json\/wp\/v2\/product"}],"about":[{"href":"https:\/\/distribucionarc.com\/ro\/wp-json\/wp\/v2\/types\/product"}],"replies":[{"embeddable":true,"href":"https:\/\/distribucionarc.com\/ro\/wp-json\/wp\/v2\/comments?post=2734"}],"version-history":[{"count":0,"href":"https:\/\/distribucionarc.com\/ro\/wp-json\/wp\/v2\/product\/2734\/revisions"}],"wp:featuredmedia":[{"embeddable":true,"href":"https:\/\/distribucionarc.com\/ro\/wp-json\/wp\/v2\/media\/2741"}],"wp:attachment":[{"href":"https:\/\/distribucionarc.com\/ro\/wp-json\/wp\/v2\/media?parent=2734"}],"wp:term":[{"taxonomy":"product_brand","embeddable":true,"href":"https:\/\/distribucionarc.com\/ro\/wp-json\/wp\/v2\/product_brand?post=2734"},{"taxonomy":"product_cat","embeddable":true,"href":"https:\/\/distribucionarc.com\/ro\/wp-json\/wp\/v2\/product_cat?post=2734"},{"taxonomy":"product_tag","embeddable":true,"href":"https:\/\/distribucionarc.com\/ro\/wp-json\/wp\/v2\/product_tag?post=2734"}],"curies":[{"name":"wp","href":"https:\/\/api.w.org\/{rel}","templated":true}]}}