{"id":2817,"date":"2020-08-24T13:40:48","date_gmt":"2020-08-24T13:40:48","guid":{"rendered":"https:\/\/distribucionarc.com\/?post_type=product&#038;p=2817"},"modified":"2023-02-24T10:45:23","modified_gmt":"2023-02-24T10:45:23","slug":"masina-de-sigilat-ambalat-vid-alimente","status":"publish","type":"product","link":"https:\/\/distribucionarc.com\/ro\/producto\/maquina-de-sellado-empaquetadora-al-vacio-de-alimentos\/","title":{"rendered":"Ma\u0219in\u0103 de sigilat, ma\u0219in\u0103 de ambalat \u00een vid pentru alimente"},"content":{"rendered":"<h3>Ma\u0219in\u0103 de sigilat, ma\u0219in\u0103 de ambalat \u00een vid pentru alimente<\/h3>\n<p>Acest<strong> sigilare automat\u0103 \u00een vid <span style=\"color: #ff0000;\">LA<\/span><span style=\"color: #0000ff;\">R<\/span>c<\/strong> Adopt\u0103 o pomp\u0103 de vid de 800 W, are componente electrice premium, are un efect de etan\u0219are excelent cu a<span style=\"color: #000000;\"> <strong>viteza mare de ambalare<\/strong><\/span>, este <span style=\"color: #008000;\"><strong>eficient si eficient<\/strong><\/span>. Echipat cu ventila\u021bie care ajut\u0103 la disiparea aerului \u0219i la distribuirea mai u\u0219or a c\u0103ldurii, procesul de etan\u0219are este garantat sigur pentru o func\u021bionare rapid\u0103.<\/p>\n<p>Dou\u0103 bare de etan\u0219are de \u00eenc\u0103lzire realizate din material epoxidic importat rezistent la temperaturi \u00eenalte, au performan\u021be de etan\u0219are extraordinare. \u00cen plus, aceste bare sunt u\u0219or de \u00eenlocuit, de\u0219i materialul lor de \u00eenalt\u0103 calitate asigur\u0103 o durabilitate ridicat\u0103. Capacul din sticl\u0103 organic\u0103 transparent\u0103 cu cataram\u0103 de siguran\u021b\u0103 serve\u0219te la fixarea capacului atunci c\u00e2nd aspira\u021bi \u0219i etan\u0219a\u021bi. Utilizatorii pot observa \u00eentregul proces prin capac.<\/p>\n<p>Acest <strong>sigilant cu vid <span style=\"color: #ff0000;\">LA<\/span><span style=\"color: #0000ff;\">R<\/span>CMSV800<\/strong> Este controlat de microcomputer, ma\u0219ina controleaz\u0103 automat \u00eentregul proces, inclusiv aspirarea, etan\u0219area, imprimarea, r\u0103cirea \u0219i ventilarea. Are un buton \u201estop\u201d \u00een cazul \u00een care trebuie s\u0103 opri\u021bi complet procesul.<\/p>\n<h6><strong>garan\u021bie\u00a0<span style=\"color: #ff0000;\">LA<\/span><span style=\"color: #0000ff;\">R<\/span>C 2 ANI<\/strong><\/h6>\n<h6><span style=\"color: #008000;\">Aparat de etan\u0219are \u00een vid eficient, consum redus 800W<\/span><\/h6>\n<h6><strong>suport tehnic inclus<\/strong><\/h6>\n<p>&nbsp;<\/p>\n<p>&nbsp;<\/p>\n<table role=\"presentation\" width=\"100%\" cellspacing=\"0\" cellpadding=\"0\">\n<tbody>\n<tr>\n<td class=\"attrLabels\">Garantie:<\/td>\n<td width=\"50.0%\">2 ANI<\/td>\n<\/tr>\n<tr>\n<td class=\"attrLabels\">Culoare:<\/td>\n<td width=\"50.0%\">Argint<\/td>\n<td class=\"attrLabels\">\u00cen\u0103l\u0163ime:<\/td>\n<td width=\"50.0%\">96 cm<\/td>\n<\/tr>\n<tr>\n<td class=\"attrLabels\">\u021aara de distribu\u021bie:<\/td>\n<td width=\"50.0%\">Spania, Germania, SUA<\/td>\n<td class=\"attrLabels\">Lung:<\/td>\n<td width=\"50.0%\">54,1 cm<\/td>\n<\/tr>\n<tr>\n<td class=\"attrLabels\">Marca:<\/td>\n<td width=\"50.0%\">ARC<\/td>\n<td class=\"attrLabels\">Larg:<\/td>\n<td width=\"50.0%\">\u00a049 cm<\/td>\n<\/tr>\n<tr>\n<td class=\"attrLabels\">Tip produs:<\/td>\n<td width=\"50.0%\">Aparat de etan\u0219are \u00een vid<\/td>\n<td class=\"attrLabels\">Putere:<\/td>\n<td width=\"50.0%\">800W<\/td>\n<\/tr>\n<tr>\n<td class=\"attrLabels\">Numar producator:<\/td>\n<td width=\"50.0%\">ARCMSV800<\/td>\n<td class=\"attrLabels\">Voltaj:<\/td>\n<td width=\"50.0%\">220V 50Hz<\/td>\n<\/tr>\n<tr>\n<td class=\"attrLabels\">Material:<\/td>\n<td width=\"50.0%\">otel inoxidabil 304<\/td>\n<td class=\"attrLabels\">Dimensiunile camerei:<\/td>\n<td width=\"50.0%\">39,9 x 39,9 x 11,4 cm<\/td>\n<\/tr>\n<tr>\n<td class=\"attrLabels\">Instrumente de instalare:<\/td>\n<td width=\"50.0%\">Da<\/td>\n<td class=\"attrLabels\">Dimensiunea sigiliului:<\/td>\n<td width=\"50.0%\">39,9 x 1 cm (L x H)<\/td>\n<\/tr>\n<tr>\n<td class=\"attrLabels\">Greutate:<\/td>\n<td width=\"50.0%\">78 kg<\/td>\n<td class=\"attrLabels\">Viteza pompei de vid:<\/td>\n<td width=\"50.0%\">20 m\u00b3\/h (2x 10\u00b2 Pa)<\/td>\n<\/tr>\n<\/tbody>\n<\/table>","protected":false},"excerpt":{"rendered":"<h3>Ma\u0219in\u0103 de sigilat, ma\u0219in\u0103 de ambalat \u00een vid pentru alimente<\/h3>\n<p>Cu <strong>ma\u0219in\u0103 de ambalat \u00een vid cu o singur\u0103 camer\u0103 <span style=\"color: #ff0000;\">LA<\/span><span style=\"color: #0000ff;\">R<\/span>c<\/strong> Pute\u021bi utiliza filmul compozit din plastic sau filmul compozit din folie de plastic ca materiale de ambalare, este potrivit pentru alimente, medicamente, produse acvatice, materii prime chimice, componente electronice \u0219i alte articole (solide, lichide sau pulbere). Produsul nostru este construit cu un capac din sticl\u0103 transparent\u0103, astfel \u00eenc\u00e2t procesul de ambalare vi se arat\u0103 complet. Produsul nostru compact este cu siguran\u021b\u0103 cea mai bun\u0103 alegere.<\/p>\n<h6><strong>garan\u021bie\u00a0<span style=\"color: #ff0000;\">LA<\/span><span style=\"color: #0000ff;\">R<\/span>C 2 ANI<\/strong><\/h6>\n<h6><span style=\"color: #008000;\">Fer\u0103str\u0103u electric eficient, cu consum redus, de 800 W<\/span><\/h6>\n<h6><strong>suport tehnic inclus<\/strong><\/h6>","protected":false},"featured_media":2818,"comment_status":"open","ping_status":"closed","template":"","meta":{"wds_primary_product_brand":0,"wds_primary_product_cat":0},"product_brand":[],"product_cat":[49],"product_tag":[],"class_list":{"0":"post-2817","1":"product","2":"type-product","3":"status-publish","4":"has-post-thumbnail","6":"product_cat-envasadoras-al-vacio","7":"product_shipping_class-express","9":"first","10":"instock","11":"sale","12":"taxable","13":"shipping-taxable","14":"purchasable","15":"product-type-simple"},"yoast_head":"<!-- This site is optimized with the Yoast SEO Premium plugin v24.9 (Yoast SEO v26.1) - https:\/\/yoast.com\/wordpress\/plugins\/seo\/ -->\n<title>M\u00e1quina de sellado, empaquetadora al vac\u00edo de alimentos - distribuci\u00f3n ARC<\/title>\n<meta name=\"robots\" content=\"index, follow, max-snippet:-1, max-image-preview:large, max-video-preview:-1\" \/>\n<link rel=\"canonical\" href=\"https:\/\/distribucionarc.com\/ro\/produs\/masina-de-sigilat-ambalat-vid-alimente\/\" \/>\n<meta property=\"og:locale\" content=\"ro_RO\" \/>\n<meta property=\"og:type\" content=\"article\" \/>\n<meta property=\"og:title\" content=\"M\u00e1quina de sellado, empaquetadora al vac\u00edo de alimentos\" \/>\n<meta property=\"og:description\" content=\"M\u00e1quina de sellado, empaquetadora al vac\u00edo de alimentos Con la empaquetadora al vac\u00edo de una c\u00e1mara ARC usted puede usar la pel\u00edcula compuesta de pl\u00e1stico o la pel\u00edcula compuesta de l\u00e1mina de pl\u00e1stico como los materiales de empaque, es adecuada para alimentos, medicinas, productos acu\u00e1ticos, materias primas qu\u00edmicas, componentes electr\u00f3nicos y otros art\u00edculos (s\u00f3lidos, l\u00edquidos o en polvo). Nuestro producto est\u00e1 construido con una tapa de vidrio transparente, por lo que el proceso de envasado se muestra completamente a usted. Nuestro producto compacto es definitivamente su mejor opci\u00f3n. Garant\u00eda\u00a0ARC 2 A\u00d1OS Sierra el\u00e9ctrica para huesos eficiente, bajo consumo\u00a0 800W soporte t\u00e9cnico incluido\" \/>\n<meta property=\"og:url\" content=\"https:\/\/distribucionarc.com\/ro\/produs\/masina-de-sigilat-ambalat-vid-alimente\/\" \/>\n<meta property=\"og:site_name\" content=\"distribuci\u00f3n ARC\" \/>\n<meta property=\"article:modified_time\" content=\"2023-02-24T10:45:23+00:00\" \/>\n<meta property=\"og:image\" content=\"https:\/\/distribucionarc.com\/wp-content\/uploads\/2020\/08\/M\u00e1quina-de-sellado-empaquetadora-al-vac\u00edo-de-alimentos-0.jpg\" \/>\n\t<meta property=\"og:image:width\" content=\"1600\" \/>\n\t<meta property=\"og:image:height\" content=\"1600\" \/>\n\t<meta property=\"og:image:type\" content=\"image\/jpeg\" \/>\n<meta name=\"twitter:card\" content=\"summary_large_image\" \/>\n<meta name=\"twitter:label1\" content=\"Timp estimat pentru citire\" \/>\n\t<meta name=\"twitter:data1\" content=\"2 minute\" \/>\n<script type=\"application\/ld+json\" class=\"yoast-schema-graph\">{\"@context\":\"https:\/\/schema.org\",\"@graph\":[{\"@type\":\"WebPage\",\"@id\":\"https:\/\/distribucionarc.com\/hr\/producto\/maquina-de-sellado-empaquetadora-al-vacio-de-alimentos\/\",\"url\":\"https:\/\/distribucionarc.com\/hr\/producto\/maquina-de-sellado-empaquetadora-al-vacio-de-alimentos\/\",\"name\":\"M\u00e1quina de sellado, empaquetadora al vac\u00edo de alimentos - distribuci\u00f3n ARC\",\"isPartOf\":{\"@id\":\"https:\/\/www.distribucionarc.com\/sl\/#website\"},\"primaryImageOfPage\":{\"@id\":\"https:\/\/distribucionarc.com\/hr\/producto\/maquina-de-sellado-empaquetadora-al-vacio-de-alimentos\/#primaryimage\"},\"image\":{\"@id\":\"https:\/\/distribucionarc.com\/hr\/producto\/maquina-de-sellado-empaquetadora-al-vacio-de-alimentos\/#primaryimage\"},\"thumbnailUrl\":\"https:\/\/distribucionarc.com\/wp-content\/uploads\/2020\/08\/M\u00e1quina-de-sellado-empaquetadora-al-vac\u00edo-de-alimentos-0.jpg\",\"datePublished\":\"2020-08-24T13:40:48+00:00\",\"dateModified\":\"2023-02-24T10:45:23+00:00\",\"breadcrumb\":{\"@id\":\"https:\/\/distribucionarc.com\/hr\/producto\/maquina-de-sellado-empaquetadora-al-vacio-de-alimentos\/#breadcrumb\"},\"inLanguage\":\"ro-RO\",\"potentialAction\":[{\"@type\":\"ReadAction\",\"target\":[\"https:\/\/distribucionarc.com\/hr\/producto\/maquina-de-sellado-empaquetadora-al-vacio-de-alimentos\/\"]}]},{\"@type\":\"ImageObject\",\"inLanguage\":\"ro-RO\",\"@id\":\"https:\/\/distribucionarc.com\/hr\/producto\/maquina-de-sellado-empaquetadora-al-vacio-de-alimentos\/#primaryimage\",\"url\":\"https:\/\/distribucionarc.com\/wp-content\/uploads\/2020\/08\/M\u00e1quina-de-sellado-empaquetadora-al-vac\u00edo-de-alimentos-0.jpg\",\"contentUrl\":\"https:\/\/distribucionarc.com\/wp-content\/uploads\/2020\/08\/M\u00e1quina-de-sellado-empaquetadora-al-vac\u00edo-de-alimentos-0.jpg\",\"width\":1600,\"height\":1600,\"caption\":\"M\u00e1quina de sellado, empaquetadora al vac\u00edo de alimentos\"},{\"@type\":\"BreadcrumbList\",\"@id\":\"https:\/\/distribucionarc.com\/hr\/producto\/maquina-de-sellado-empaquetadora-al-vacio-de-alimentos\/#breadcrumb\",\"itemListElement\":[{\"@type\":\"ListItem\",\"position\":1,\"name\":\"Portada\",\"item\":\"https:\/\/www.distribucionarc.com\/\"},{\"@type\":\"ListItem\",\"position\":2,\"name\":\"\u00dcr\u00fcnler\",\"item\":\"https:\/\/www.distribucionarc.com\/tr\/magaza\/\"},{\"@type\":\"ListItem\",\"position\":3,\"name\":\"M\u00e1quina de sellado, empaquetadora al vac\u00edo de alimentos\"}]},{\"@type\":\"WebSite\",\"@id\":\"https:\/\/www.distribucionarc.com\/sl\/#website\",\"url\":\"https:\/\/www.distribucionarc.com\/sl\/\",\"name\":\"distribuci\u00f3n ARC\",\"description\":\"Empresa especializada en la fabricaci\u00f3n y distribuci\u00f3n de maquinaria industrial, selladoras de latas, Maquinas de hacer pastillas, Maquinas de cortar carne...\",\"publisher\":{\"@id\":\"https:\/\/www.distribucionarc.com\/sl\/#organization\"},\"potentialAction\":[{\"@type\":\"SearchAction\",\"target\":{\"@type\":\"EntryPoint\",\"urlTemplate\":\"https:\/\/www.distribucionarc.com\/sl\/?s={search_term_string}\"},\"query-input\":{\"@type\":\"PropertyValueSpecification\",\"valueRequired\":true,\"valueName\":\"search_term_string\"}}],\"inLanguage\":\"ro-RO\"},{\"@type\":\"Organization\",\"@id\":\"https:\/\/www.distribucionarc.com\/sl\/#organization\",\"name\":\"Distribuci\u00f3n ARC\",\"url\":\"https:\/\/www.distribucionarc.com\/sl\/\",\"logo\":{\"@type\":\"ImageObject\",\"inLanguage\":\"ro-RO\",\"@id\":\"https:\/\/www.distribucionarc.com\/sl\/#\/schema\/logo\/image\/\",\"url\":\"https:\/\/distribucionarc.com\/wp-content\/uploads\/2024\/10\/distribucion-ARC-COLOR-SIN-FONDO-e1732295305345.png\",\"contentUrl\":\"https:\/\/distribucionarc.com\/wp-content\/uploads\/2024\/10\/distribucion-ARC-COLOR-SIN-FONDO-e1732295305345.png\",\"width\":1164,\"height\":558,\"caption\":\"Distribuci\u00f3n ARC\"},\"image\":{\"@id\":\"https:\/\/www.distribucionarc.com\/sl\/#\/schema\/logo\/image\/\"},\"description\":\"Empresa especializada en la fabricaci\u00f3n y distribuci\u00f3n de maquinaria industrial para los sectores alimentario y farmac\u00e9utico. Nos especializamos en: M\u00e1quinas de cortar carne Fabricaci\u00f3n de comprimidos Sistemas de transporte industrial L\u00edneas de embotellado Dosificadores Y mucho m\u00e1s... Ofrecemos soluciones innovadoras y personalizadas para optimizar los procesos productivos de tu empresa.\",\"email\":\"Admistracion@distribucionarc.com\",\"telephone\":\"+34 643496664\",\"legalName\":\"ARC TECH SOLUTIONS\",\"foundingDate\":\"2024-04-09\",\"vatID\":\"B55480172\",\"numberOfEmployees\":{\"@type\":\"QuantitativeValue\",\"minValue\":\"1\",\"maxValue\":\"10\"}}]}<\/script>\n<!-- \/ Yoast SEO Premium plugin. -->","yoast_head_json":{"title":"Ma\u0219in\u0103 de sigilat, ma\u0219in\u0103 de ambalat \u00een vid pentru alimente - distribu\u021bie ARC","robots":{"index":"index","follow":"follow","max-snippet":"max-snippet:-1","max-image-preview":"max-image-preview:large","max-video-preview":"max-video-preview:-1"},"canonical":"https:\/\/distribucionarc.com\/ro\/produs\/masina-de-sigilat-ambalat-vid-alimente\/","og_locale":"ro_RO","og_type":"article","og_title":"M\u00e1quina de sellado, empaquetadora al vac\u00edo de alimentos","og_description":"M\u00e1quina de sellado, empaquetadora al vac\u00edo de alimentos Con la empaquetadora al vac\u00edo de una c\u00e1mara ARC usted puede usar la pel\u00edcula compuesta de pl\u00e1stico o la pel\u00edcula compuesta de l\u00e1mina de pl\u00e1stico como los materiales de empaque, es adecuada para alimentos, medicinas, productos acu\u00e1ticos, materias primas qu\u00edmicas, componentes electr\u00f3nicos y otros art\u00edculos (s\u00f3lidos, l\u00edquidos o en polvo). Nuestro producto est\u00e1 construido con una tapa de vidrio transparente, por lo que el proceso de envasado se muestra completamente a usted. Nuestro producto compacto es definitivamente su mejor opci\u00f3n. Garant\u00eda\u00a0ARC 2 A\u00d1OS Sierra el\u00e9ctrica para huesos eficiente, bajo consumo\u00a0 800W soporte t\u00e9cnico incluido","og_url":"https:\/\/distribucionarc.com\/ro\/produs\/masina-de-sigilat-ambalat-vid-alimente\/","og_site_name":"distribuci\u00f3n ARC","article_modified_time":"2023-02-24T10:45:23+00:00","og_image":[{"width":1600,"height":1600,"url":"https:\/\/distribucionarc.com\/wp-content\/uploads\/2020\/08\/M\u00e1quina-de-sellado-empaquetadora-al-vac\u00edo-de-alimentos-0.jpg","type":"image\/jpeg"}],"twitter_card":"summary_large_image","twitter_misc":{"Timp estimat pentru citire":"2 minute"},"schema":{"@context":"https:\/\/schema.org","@graph":[{"@type":"WebPage","@id":"https:\/\/distribucionarc.com\/hr\/producto\/maquina-de-sellado-empaquetadora-al-vacio-de-alimentos\/","url":"https:\/\/distribucionarc.com\/hr\/producto\/maquina-de-sellado-empaquetadora-al-vacio-de-alimentos\/","name":"Ma\u0219in\u0103 de sigilat, ma\u0219in\u0103 de ambalat \u00een vid pentru alimente - distribu\u021bie ARC","isPartOf":{"@id":"https:\/\/www.distribucionarc.com\/sl\/#website"},"primaryImageOfPage":{"@id":"https:\/\/distribucionarc.com\/hr\/producto\/maquina-de-sellado-empaquetadora-al-vacio-de-alimentos\/#primaryimage"},"image":{"@id":"https:\/\/distribucionarc.com\/hr\/producto\/maquina-de-sellado-empaquetadora-al-vacio-de-alimentos\/#primaryimage"},"thumbnailUrl":"https:\/\/distribucionarc.com\/wp-content\/uploads\/2020\/08\/M\u00e1quina-de-sellado-empaquetadora-al-vac\u00edo-de-alimentos-0.jpg","datePublished":"2020-08-24T13:40:48+00:00","dateModified":"2023-02-24T10:45:23+00:00","breadcrumb":{"@id":"https:\/\/distribucionarc.com\/hr\/producto\/maquina-de-sellado-empaquetadora-al-vacio-de-alimentos\/#breadcrumb"},"inLanguage":"ro-RO","potentialAction":[{"@type":"ReadAction","target":["https:\/\/distribucionarc.com\/hr\/producto\/maquina-de-sellado-empaquetadora-al-vacio-de-alimentos\/"]}]},{"@type":"ImageObject","inLanguage":"ro-RO","@id":"https:\/\/distribucionarc.com\/hr\/producto\/maquina-de-sellado-empaquetadora-al-vacio-de-alimentos\/#primaryimage","url":"https:\/\/distribucionarc.com\/wp-content\/uploads\/2020\/08\/M\u00e1quina-de-sellado-empaquetadora-al-vac\u00edo-de-alimentos-0.jpg","contentUrl":"https:\/\/distribucionarc.com\/wp-content\/uploads\/2020\/08\/M\u00e1quina-de-sellado-empaquetadora-al-vac\u00edo-de-alimentos-0.jpg","width":1600,"height":1600,"caption":"M\u00e1quina de sellado, empaquetadora al vac\u00edo de alimentos"},{"@type":"BreadcrumbList","@id":"https:\/\/distribucionarc.com\/hr\/producto\/maquina-de-sellado-empaquetadora-al-vacio-de-alimentos\/#breadcrumb","itemListElement":[{"@type":"ListItem","position":1,"name":"Portada","item":"https:\/\/www.distribucionarc.com\/"},{"@type":"ListItem","position":2,"name":"\u00dcr\u00fcnler","item":"https:\/\/www.distribucionarc.com\/tr\/magaza\/"},{"@type":"ListItem","position":3,"name":"M\u00e1quina de sellado, empaquetadora al vac\u00edo de alimentos"}]},{"@type":"WebSite","@id":"https:\/\/www.distribucionarc.com\/sl\/#website","url":"https:\/\/www.distribucionarc.com\/sl\/","name":"Distribu\u021bie ARC","description":"Companie specializat\u0103 \u00een fabricarea \u0219i distribu\u021bia de utilaje industriale, ma\u0219ini de sigilat cutii, ma\u0219ini de fabricat tablete, ma\u0219ini de t\u0103iat carne...","publisher":{"@id":"https:\/\/www.distribucionarc.com\/sl\/#organization"},"potentialAction":[{"@type":"SearchAction","target":{"@type":"EntryPoint","urlTemplate":"https:\/\/www.distribucionarc.com\/sl\/?s={search_term_string}"},"query-input":{"@type":"PropertyValueSpecification","valueRequired":true,"valueName":"search_term_string"}}],"inLanguage":"ro-RO"},{"@type":"Organization","@id":"https:\/\/www.distribucionarc.com\/sl\/#organization","name":"Distribu\u021bie ARC","url":"https:\/\/www.distribucionarc.com\/sl\/","logo":{"@type":"ImageObject","inLanguage":"ro-RO","@id":"https:\/\/www.distribucionarc.com\/sl\/#\/schema\/logo\/image\/","url":"https:\/\/distribucionarc.com\/wp-content\/uploads\/2024\/10\/distribucion-ARC-COLOR-SIN-FONDO-e1732295305345.png","contentUrl":"https:\/\/distribucionarc.com\/wp-content\/uploads\/2024\/10\/distribucion-ARC-COLOR-SIN-FONDO-e1732295305345.png","width":1164,"height":558,"caption":"Distribuci\u00f3n ARC"},"image":{"@id":"https:\/\/www.distribucionarc.com\/sl\/#\/schema\/logo\/image\/"},"description":"Companie specializat\u0103 \u00een fabricarea \u0219i distribu\u021bia de utilaje industriale pentru sectoarele alimentar \u0219i farmaceutic. Suntem specializa\u021bi \u00een: Ma\u0219ini de t\u0103iat carne Fabricarea tabletelor Sisteme de transport industrial Linii de \u00eembuteliere Distribuitoare \u0218i multe altele... Oferim solu\u021bii inovatoare \u0219i personalizate pentru a optimiza procesele de produc\u021bie ale companiei dumneavoastr\u0103.","email":"Admistracion@distribucionarc.com","telephone":"+34 643496664","legalName":"ARC TECH SOLUTIONS","foundingDate":"2024-04-09","vatID":"B55480172","numberOfEmployees":{"@type":"QuantitativeValue","minValue":"1","maxValue":"10"}}]}},"_links":{"self":[{"href":"https:\/\/distribucionarc.com\/ro\/wp-json\/wp\/v2\/product\/2817","targetHints":{"allow":["GET"]}}],"collection":[{"href":"https:\/\/distribucionarc.com\/ro\/wp-json\/wp\/v2\/product"}],"about":[{"href":"https:\/\/distribucionarc.com\/ro\/wp-json\/wp\/v2\/types\/product"}],"replies":[{"embeddable":true,"href":"https:\/\/distribucionarc.com\/ro\/wp-json\/wp\/v2\/comments?post=2817"}],"version-history":[{"count":0,"href":"https:\/\/distribucionarc.com\/ro\/wp-json\/wp\/v2\/product\/2817\/revisions"}],"wp:featuredmedia":[{"embeddable":true,"href":"https:\/\/distribucionarc.com\/ro\/wp-json\/wp\/v2\/media\/2818"}],"wp:attachment":[{"href":"https:\/\/distribucionarc.com\/ro\/wp-json\/wp\/v2\/media?parent=2817"}],"wp:term":[{"taxonomy":"product_brand","embeddable":true,"href":"https:\/\/distribucionarc.com\/ro\/wp-json\/wp\/v2\/product_brand?post=2817"},{"taxonomy":"product_cat","embeddable":true,"href":"https:\/\/distribucionarc.com\/ro\/wp-json\/wp\/v2\/product_cat?post=2817"},{"taxonomy":"product_tag","embeddable":true,"href":"https:\/\/distribucionarc.com\/ro\/wp-json\/wp\/v2\/product_tag?post=2817"}],"curies":[{"name":"wp","href":"https:\/\/api.w.org\/{rel}","templated":true}]}}