{"id":2830,"date":"2020-08-24T14:40:16","date_gmt":"2020-08-24T14:40:16","guid":{"rendered":"https:\/\/distribucionarc.com\/?post_type=product&#038;p=2830"},"modified":"2022-03-02T10:04:22","modified_gmt":"2022-03-02T10:04:22","slug":"banda-transportoare-cu-balustrada-banda-transportatoare-industriala-60w","status":"publish","type":"product","link":"https:\/\/distribucionarc.com\/ro\/producto\/cinta-transportadora-con-barandilla-banda-transportadora-industrial-60w\/","title":{"rendered":"Band\u0103 transportoare cu balustrad\u0103, Band\u0103 transportoare industrial\u0103 60W"},"content":{"rendered":"<h3>Band\u0103 transportoare cu balustrad\u0103, Band\u0103 transportoare industrial\u0103 60W<\/h3>\n<p>The <strong>band\u0103 rulant\u0103 <span style=\"color: #ff0000;\">LA<\/span><span style=\"color: #0000ff;\">R<\/span>c<\/strong> Este realizat \u00een \u00eentregime din o\u021bel inoxidabil rezistent, care este durabil, anticoroziv \u0219i anti-rugin\u0103. Proiectat pentru o via\u021b\u0103 lung\u0103. El <span style=\"color: #008000;\"><strong>motorul de calitate economise\u0219te energie<\/strong><\/span>, reduce consumul, asigura fiabilitate ridicata si garanteaza stabilitate.<\/p>\n<p>The <strong>masa de transport <span style=\"color: #ff0000;\">LA<\/span><span style=\"color: #0000ff;\">R<\/span>CCTA60<\/strong> Este echipat cu o band\u0103 PVC foarte antistatic\u0103 care protejeaz\u0103 produsul de deteriorarea cauzat\u0103 de frecare \u00een timpul transportului. Asigura\u021bi-v\u0103 c\u0103 \u00een\u0103l\u021bimea balustradei se potrive\u0219te perfect cu \u00een\u0103l\u021bimea produsului, ceea ce favorizeaz\u0103 stabilitatea transmisiei \u0219i nu va provoca c\u0103derea produsului.<\/p>\n<p>Circuitul regulator electronic de viteza constanta asigura o stabilitate mai mare. Regla\u021bi corect viteza benzii transportoare pentru a transfera produsele.<\/p>\n<h6><strong>garan\u021bie\u00a0<span style=\"color: #ff0000;\">LA<\/span><span style=\"color: #0000ff;\">R<\/span>C 2 ANI<\/strong><\/h6>\n<h6><span style=\"color: #008000;\">Banda transportoare eficienta, consum redus 60W<\/span><\/h6>\n<h6><strong>suport tehnic inclus<\/strong><\/h6>\n<p>&nbsp;<\/p>\n<table role=\"presentation\" width=\"100%\" cellspacing=\"0\" cellpadding=\"0\">\n<tbody>\n<tr>\n<td class=\"attrLabels\">Garantie:<\/td>\n<td width=\"50.0%\">2 ANI<\/td>\n<\/tr>\n<tr>\n<td class=\"attrLabels\">Culoare:<\/td>\n<td width=\"50.0%\">Argint<\/td>\n<td class=\"attrLabels\">\u00cen\u0103l\u0163ime:<\/td>\n<td width=\"50.0%\">74,9 cm<\/td>\n<\/tr>\n<tr>\n<td class=\"attrLabels\">\u021aara de distribu\u021bie:<\/td>\n<td width=\"50.0%\">Spania, Germania, SUA<\/td>\n<td class=\"attrLabels\">Lung:<\/td>\n<td width=\"50.0%\">150 cm<\/td>\n<\/tr>\n<tr>\n<td class=\"attrLabels\">Marca:<\/td>\n<td width=\"50.0%\">ARC<\/td>\n<td class=\"attrLabels\">Larg:<\/td>\n<td width=\"50.0%\">\u00a025 cm<\/td>\n<\/tr>\n<tr>\n<td class=\"attrLabels\">Tip produs:<\/td>\n<td width=\"50.0%\">band\u0103 rulant\u0103<\/td>\n<td class=\"attrLabels\">Putere:<\/td>\n<td width=\"50.0%\">60W<\/td>\n<\/tr>\n<tr>\n<td class=\"attrLabels\">Numar producator:<\/td>\n<td width=\"50.0%\">ARCCTA60<\/td>\n<td class=\"attrLabels\">Voltaj:<\/td>\n<td width=\"50.0%\">220V 50Hz<\/td>\n<\/tr>\n<tr>\n<td class=\"attrLabels\">Material:<\/td>\n<td width=\"50.0%\">O\u021bel inoxidabil 304, motor din cupru<\/td>\n<td class=\"attrLabels\">Viteza de operare:<\/td>\n<td width=\"50.0%\">0 \u2013 82 min<\/td>\n<\/tr>\n<tr>\n<td class=\"attrLabels\">Instrumente de instalare:<\/td>\n<td width=\"50.0%\">Da<\/td>\n<td class=\"attrLabels\">L\u0103\u021bimea benzii:<\/td>\n<td width=\"50.0%\">20 cm<\/td>\n<\/tr>\n<tr>\n<td class=\"attrLabels\">Greutate:<\/td>\n<td width=\"50.0%\">22 kg<\/td>\n<td class=\"attrLabels\">Banda de la sol:<\/td>\n<td width=\"50.0%\">75 cm<\/td>\n<\/tr>\n<\/tbody>\n<\/table>","protected":false},"excerpt":{"rendered":"<h2>Band\u0103 transportoare cu balustrad\u0103, Band\u0103 transportoare industrial\u0103 60W<\/h2>\n<p><strong>Transportor cu band\u0103 din PVC<\/strong> de <strong>otel inoxidabil cu o singura balustrada<\/strong> de <strong><span style=\"color: #ff0000;\">LA<\/span><span style=\"color: #0000ff;\">R<\/span>c<\/strong>. Poate fi folosit pentru ma\u0219inile cu coduri cu jet sau utilizat independent. Prin utilizarea acestei ma\u0219ini de \u00eencredere,<strong> eficienta si viteza de lucru<\/strong> Acestea vor fi mult \u00eembun\u0103t\u0103\u021bite \u00een nenum\u0103rate sectoare de aplicare, inclusiv produse alimentare, b\u0103uturi, farmaceutice, piese electronice, piese chimice \u0219i auto, economisind timp \u0219i for\u021b\u0103 de munc\u0103, precum \u0219i costuri de produc\u021bie.<\/p>\n<h6><strong>garan\u021bie\u00a0<span style=\"color: #ff0000;\">LA<\/span><span style=\"color: #0000ff;\">R<\/span>C 2 ANI<\/strong><\/h6>\n<h6><span style=\"color: #008000;\">Banda transportoare eficienta, consum redus 60W<\/span><\/h6>\n<h6><strong>suport tehnic inclus<\/strong><\/h6>\n<p>&nbsp;<\/p>","protected":false},"featured_media":2831,"comment_status":"open","ping_status":"closed","template":"","meta":{"wds_primary_product_brand":0,"wds_primary_product_cat":0},"product_brand":[],"product_cat":[29,69],"product_tag":[],"class_list":{"0":"post-2830","1":"product","2":"type-product","3":"status-publish","4":"has-post-thumbnail","6":"product_cat-maquinas-industria-quimica","7":"product_cat-maquinas-variadas","8":"product_shipping_class-express","10":"first","11":"instock","12":"taxable","13":"shipping-taxable","14":"purchasable","15":"product-type-simple"},"yoast_head":"<!-- This site is optimized with the Yoast SEO Premium plugin v24.9 (Yoast SEO v26.1) - https:\/\/yoast.com\/wordpress\/plugins\/seo\/ -->\n<title>Cinta transportadora con barandilla, Banda transportadora industrial 60W - distribuci\u00f3n ARC<\/title>\n<meta name=\"robots\" content=\"index, follow, max-snippet:-1, max-image-preview:large, max-video-preview:-1\" \/>\n<link rel=\"canonical\" href=\"https:\/\/distribucionarc.com\/ro\/produs\/banda-transportoare-cu-balustrada-banda-transportatoare-industriala-60w\/\" \/>\n<meta property=\"og:locale\" content=\"ro_RO\" \/>\n<meta property=\"og:type\" content=\"article\" \/>\n<meta property=\"og:title\" content=\"Cinta transportadora con barandilla, Banda transportadora industrial 60W\" \/>\n<meta property=\"og:description\" content=\"Cinta transportadora con barandilla, Banda transportadora industrial 60W Transportador de banda de PVC de acero inoxidable con barandilla simple de ARC. Se puede usar para m\u00e1quinas de c\u00f3digo de chorro o se puede usar de forma independiente. Al utilizar esta m\u00e1quina confiable, la eficiencia y la velocidad de trabajo mejorar\u00e1n enormemente en innumerables sectores de aplicaci\u00f3n, incluida la industria alimentaria, bebidas, farmac\u00e9utica, piezas electr\u00f3nicas, qu\u00edmicas y autopartes, lo que ahorrar\u00e1 tiempo y mano de obra, as\u00ed como costos de producci\u00f3n. Garant\u00eda\u00a0ARC 2 A\u00d1OS Cinta transportadora eficiente, bajo consumo\u00a0 60W soporte t\u00e9cnico incluido &nbsp;\" \/>\n<meta property=\"og:url\" content=\"https:\/\/distribucionarc.com\/ro\/produs\/banda-transportoare-cu-balustrada-banda-transportatoare-industriala-60w\/\" \/>\n<meta property=\"og:site_name\" content=\"distribuci\u00f3n ARC\" \/>\n<meta property=\"article:modified_time\" content=\"2022-03-02T10:04:22+00:00\" \/>\n<meta property=\"og:image\" content=\"https:\/\/distribucionarc.com\/wp-content\/uploads\/2020\/08\/Cinta-transportadora-con-barandilla-Banda-transportadora-industrial-60W-0.jpg\" \/>\n\t<meta property=\"og:image:width\" content=\"1600\" \/>\n\t<meta property=\"og:image:height\" content=\"1600\" \/>\n\t<meta property=\"og:image:type\" content=\"image\/jpeg\" \/>\n<meta name=\"twitter:card\" content=\"summary_large_image\" \/>\n<meta name=\"twitter:label1\" content=\"Timp estimat pentru citire\" \/>\n\t<meta name=\"twitter:data1\" content=\"1 minut\" \/>\n<script type=\"application\/ld+json\" class=\"yoast-schema-graph\">{\"@context\":\"https:\/\/schema.org\",\"@graph\":[{\"@type\":\"WebPage\",\"@id\":\"https:\/\/distribucionarc.com\/pt\/producto\/cinta-transportadora-con-barandilla-banda-transportadora-industrial-60w\/\",\"url\":\"https:\/\/distribucionarc.com\/pt\/producto\/cinta-transportadora-con-barandilla-banda-transportadora-industrial-60w\/\",\"name\":\"Cinta transportadora con barandilla, Banda transportadora industrial 60W - distribuci\u00f3n ARC\",\"isPartOf\":{\"@id\":\"https:\/\/www.distribucionarc.com\/de\/#website\"},\"primaryImageOfPage\":{\"@id\":\"https:\/\/distribucionarc.com\/pt\/producto\/cinta-transportadora-con-barandilla-banda-transportadora-industrial-60w\/#primaryimage\"},\"image\":{\"@id\":\"https:\/\/distribucionarc.com\/pt\/producto\/cinta-transportadora-con-barandilla-banda-transportadora-industrial-60w\/#primaryimage\"},\"thumbnailUrl\":\"https:\/\/distribucionarc.com\/wp-content\/uploads\/2020\/08\/Cinta-transportadora-con-barandilla-Banda-transportadora-industrial-60W-0.jpg\",\"datePublished\":\"2020-08-24T14:40:16+00:00\",\"dateModified\":\"2022-03-02T10:04:22+00:00\",\"breadcrumb\":{\"@id\":\"https:\/\/distribucionarc.com\/pt\/producto\/cinta-transportadora-con-barandilla-banda-transportadora-industrial-60w\/#breadcrumb\"},\"inLanguage\":\"ro-RO\",\"potentialAction\":[{\"@type\":\"ReadAction\",\"target\":[\"https:\/\/distribucionarc.com\/pt\/producto\/cinta-transportadora-con-barandilla-banda-transportadora-industrial-60w\/\"]}]},{\"@type\":\"ImageObject\",\"inLanguage\":\"ro-RO\",\"@id\":\"https:\/\/distribucionarc.com\/pt\/producto\/cinta-transportadora-con-barandilla-banda-transportadora-industrial-60w\/#primaryimage\",\"url\":\"https:\/\/distribucionarc.com\/wp-content\/uploads\/2020\/08\/Cinta-transportadora-con-barandilla-Banda-transportadora-industrial-60W-0.jpg\",\"contentUrl\":\"https:\/\/distribucionarc.com\/wp-content\/uploads\/2020\/08\/Cinta-transportadora-con-barandilla-Banda-transportadora-industrial-60W-0.jpg\",\"width\":1600,\"height\":1600,\"caption\":\"Cinta transportadora con barandilla, Banda transportadora industrial 60W\"},{\"@type\":\"BreadcrumbList\",\"@id\":\"https:\/\/distribucionarc.com\/pt\/producto\/cinta-transportadora-con-barandilla-banda-transportadora-industrial-60w\/#breadcrumb\",\"itemListElement\":[{\"@type\":\"ListItem\",\"position\":1,\"name\":\"Portada\",\"item\":\"https:\/\/www.distribucionarc.com\/en\/\"},{\"@type\":\"ListItem\",\"position\":2,\"name\":\"Products\",\"item\":\"https:\/\/www.distribucionarc.com\/en\/shop\/\"},{\"@type\":\"ListItem\",\"position\":3,\"name\":\"Cinta transportadora con barandilla, Banda transportadora industrial 60W\"}]},{\"@type\":\"WebSite\",\"@id\":\"https:\/\/www.distribucionarc.com\/de\/#website\",\"url\":\"https:\/\/www.distribucionarc.com\/de\/\",\"name\":\"distribuci\u00f3n ARC\",\"description\":\"Empresa especializada en la fabricaci\u00f3n y distribuci\u00f3n de maquinaria industrial, selladoras de latas, Maquinas de hacer pastillas, Maquinas de cortar carne...\",\"publisher\":{\"@id\":\"https:\/\/www.distribucionarc.com\/de\/#organization\"},\"potentialAction\":[{\"@type\":\"SearchAction\",\"target\":{\"@type\":\"EntryPoint\",\"urlTemplate\":\"https:\/\/www.distribucionarc.com\/de\/?s={search_term_string}\"},\"query-input\":{\"@type\":\"PropertyValueSpecification\",\"valueRequired\":true,\"valueName\":\"search_term_string\"}}],\"inLanguage\":\"ro-RO\"},{\"@type\":\"Organization\",\"@id\":\"https:\/\/www.distribucionarc.com\/de\/#organization\",\"name\":\"Distribuci\u00f3n ARC\",\"url\":\"https:\/\/www.distribucionarc.com\/de\/\",\"logo\":{\"@type\":\"ImageObject\",\"inLanguage\":\"ro-RO\",\"@id\":\"https:\/\/www.distribucionarc.com\/de\/#\/schema\/logo\/image\/\",\"url\":\"https:\/\/distribucionarc.com\/wp-content\/uploads\/2024\/10\/distribucion-ARC-COLOR-SIN-FONDO-e1732295305345.png\",\"contentUrl\":\"https:\/\/distribucionarc.com\/wp-content\/uploads\/2024\/10\/distribucion-ARC-COLOR-SIN-FONDO-e1732295305345.png\",\"width\":1164,\"height\":558,\"caption\":\"Distribuci\u00f3n ARC\"},\"image\":{\"@id\":\"https:\/\/www.distribucionarc.com\/de\/#\/schema\/logo\/image\/\"},\"description\":\"Empresa especializada en la fabricaci\u00f3n y distribuci\u00f3n de maquinaria industrial para los sectores alimentario y farmac\u00e9utico. Nos especializamos en: M\u00e1quinas de cortar carne Fabricaci\u00f3n de comprimidos Sistemas de transporte industrial L\u00edneas de embotellado Dosificadores Y mucho m\u00e1s... Ofrecemos soluciones innovadoras y personalizadas para optimizar los procesos productivos de tu empresa.\",\"email\":\"Admistracion@distribucionarc.com\",\"telephone\":\"+34 643496664\",\"legalName\":\"ARC TECH SOLUTIONS\",\"foundingDate\":\"2024-04-09\",\"vatID\":\"B55480172\",\"numberOfEmployees\":{\"@type\":\"QuantitativeValue\",\"minValue\":\"1\",\"maxValue\":\"10\"}}]}<\/script>\n<!-- \/ Yoast SEO Premium plugin. -->","yoast_head_json":{"title":"Banda transportoare cu balustrada, Banda transportoare industriala 60W - distributie ARC","robots":{"index":"index","follow":"follow","max-snippet":"max-snippet:-1","max-image-preview":"max-image-preview:large","max-video-preview":"max-video-preview:-1"},"canonical":"https:\/\/distribucionarc.com\/ro\/produs\/banda-transportoare-cu-balustrada-banda-transportatoare-industriala-60w\/","og_locale":"ro_RO","og_type":"article","og_title":"Cinta transportadora con barandilla, Banda transportadora industrial 60W","og_description":"Cinta transportadora con barandilla, Banda transportadora industrial 60W Transportador de banda de PVC de acero inoxidable con barandilla simple de ARC. Se puede usar para m\u00e1quinas de c\u00f3digo de chorro o se puede usar de forma independiente. Al utilizar esta m\u00e1quina confiable, la eficiencia y la velocidad de trabajo mejorar\u00e1n enormemente en innumerables sectores de aplicaci\u00f3n, incluida la industria alimentaria, bebidas, farmac\u00e9utica, piezas electr\u00f3nicas, qu\u00edmicas y autopartes, lo que ahorrar\u00e1 tiempo y mano de obra, as\u00ed como costos de producci\u00f3n. Garant\u00eda\u00a0ARC 2 A\u00d1OS Cinta transportadora eficiente, bajo consumo\u00a0 60W soporte t\u00e9cnico incluido &nbsp;","og_url":"https:\/\/distribucionarc.com\/ro\/produs\/banda-transportoare-cu-balustrada-banda-transportatoare-industriala-60w\/","og_site_name":"distribuci\u00f3n ARC","article_modified_time":"2022-03-02T10:04:22+00:00","og_image":[{"width":1600,"height":1600,"url":"https:\/\/distribucionarc.com\/wp-content\/uploads\/2020\/08\/Cinta-transportadora-con-barandilla-Banda-transportadora-industrial-60W-0.jpg","type":"image\/jpeg"}],"twitter_card":"summary_large_image","twitter_misc":{"Timp estimat pentru citire":"1 minut"},"schema":{"@context":"https:\/\/schema.org","@graph":[{"@type":"WebPage","@id":"https:\/\/distribucionarc.com\/pt\/producto\/cinta-transportadora-con-barandilla-banda-transportadora-industrial-60w\/","url":"https:\/\/distribucionarc.com\/pt\/producto\/cinta-transportadora-con-barandilla-banda-transportadora-industrial-60w\/","name":"Banda transportoare cu balustrada, Banda transportoare industriala 60W - distributie ARC","isPartOf":{"@id":"https:\/\/www.distribucionarc.com\/de\/#website"},"primaryImageOfPage":{"@id":"https:\/\/distribucionarc.com\/pt\/producto\/cinta-transportadora-con-barandilla-banda-transportadora-industrial-60w\/#primaryimage"},"image":{"@id":"https:\/\/distribucionarc.com\/pt\/producto\/cinta-transportadora-con-barandilla-banda-transportadora-industrial-60w\/#primaryimage"},"thumbnailUrl":"https:\/\/distribucionarc.com\/wp-content\/uploads\/2020\/08\/Cinta-transportadora-con-barandilla-Banda-transportadora-industrial-60W-0.jpg","datePublished":"2020-08-24T14:40:16+00:00","dateModified":"2022-03-02T10:04:22+00:00","breadcrumb":{"@id":"https:\/\/distribucionarc.com\/pt\/producto\/cinta-transportadora-con-barandilla-banda-transportadora-industrial-60w\/#breadcrumb"},"inLanguage":"ro-RO","potentialAction":[{"@type":"ReadAction","target":["https:\/\/distribucionarc.com\/pt\/producto\/cinta-transportadora-con-barandilla-banda-transportadora-industrial-60w\/"]}]},{"@type":"ImageObject","inLanguage":"ro-RO","@id":"https:\/\/distribucionarc.com\/pt\/producto\/cinta-transportadora-con-barandilla-banda-transportadora-industrial-60w\/#primaryimage","url":"https:\/\/distribucionarc.com\/wp-content\/uploads\/2020\/08\/Cinta-transportadora-con-barandilla-Banda-transportadora-industrial-60W-0.jpg","contentUrl":"https:\/\/distribucionarc.com\/wp-content\/uploads\/2020\/08\/Cinta-transportadora-con-barandilla-Banda-transportadora-industrial-60W-0.jpg","width":1600,"height":1600,"caption":"Cinta transportadora con barandilla, Banda transportadora industrial 60W"},{"@type":"BreadcrumbList","@id":"https:\/\/distribucionarc.com\/pt\/producto\/cinta-transportadora-con-barandilla-banda-transportadora-industrial-60w\/#breadcrumb","itemListElement":[{"@type":"ListItem","position":1,"name":"Portada","item":"https:\/\/www.distribucionarc.com\/en\/"},{"@type":"ListItem","position":2,"name":"Products","item":"https:\/\/www.distribucionarc.com\/en\/shop\/"},{"@type":"ListItem","position":3,"name":"Cinta transportadora con barandilla, Banda transportadora industrial 60W"}]},{"@type":"WebSite","@id":"https:\/\/www.distribucionarc.com\/de\/#website","url":"https:\/\/www.distribucionarc.com\/de\/","name":"Distribu\u021bie ARC","description":"Companie specializat\u0103 \u00een fabricarea \u0219i distribu\u021bia de utilaje industriale, ma\u0219ini de sigilat cutii, ma\u0219ini de fabricat tablete, ma\u0219ini de t\u0103iat carne...","publisher":{"@id":"https:\/\/www.distribucionarc.com\/de\/#organization"},"potentialAction":[{"@type":"SearchAction","target":{"@type":"EntryPoint","urlTemplate":"https:\/\/www.distribucionarc.com\/de\/?s={search_term_string}"},"query-input":{"@type":"PropertyValueSpecification","valueRequired":true,"valueName":"search_term_string"}}],"inLanguage":"ro-RO"},{"@type":"Organization","@id":"https:\/\/www.distribucionarc.com\/de\/#organization","name":"Distribu\u021bie ARC","url":"https:\/\/www.distribucionarc.com\/de\/","logo":{"@type":"ImageObject","inLanguage":"ro-RO","@id":"https:\/\/www.distribucionarc.com\/de\/#\/schema\/logo\/image\/","url":"https:\/\/distribucionarc.com\/wp-content\/uploads\/2024\/10\/distribucion-ARC-COLOR-SIN-FONDO-e1732295305345.png","contentUrl":"https:\/\/distribucionarc.com\/wp-content\/uploads\/2024\/10\/distribucion-ARC-COLOR-SIN-FONDO-e1732295305345.png","width":1164,"height":558,"caption":"Distribuci\u00f3n ARC"},"image":{"@id":"https:\/\/www.distribucionarc.com\/de\/#\/schema\/logo\/image\/"},"description":"Companie specializat\u0103 \u00een fabricarea \u0219i distribu\u021bia de utilaje industriale pentru sectoarele alimentar \u0219i farmaceutic. Suntem specializa\u021bi \u00een: Ma\u0219ini de t\u0103iat carne Fabricarea tabletelor Sisteme de transport industrial Linii de \u00eembuteliere Distribuitoare \u0218i multe altele... Oferim solu\u021bii inovatoare \u0219i personalizate pentru a optimiza procesele de produc\u021bie ale companiei dumneavoastr\u0103.","email":"Admistracion@distribucionarc.com","telephone":"+34 643496664","legalName":"ARC TECH SOLUTIONS","foundingDate":"2024-04-09","vatID":"B55480172","numberOfEmployees":{"@type":"QuantitativeValue","minValue":"1","maxValue":"10"}}]}},"_links":{"self":[{"href":"https:\/\/distribucionarc.com\/ro\/wp-json\/wp\/v2\/product\/2830","targetHints":{"allow":["GET"]}}],"collection":[{"href":"https:\/\/distribucionarc.com\/ro\/wp-json\/wp\/v2\/product"}],"about":[{"href":"https:\/\/distribucionarc.com\/ro\/wp-json\/wp\/v2\/types\/product"}],"replies":[{"embeddable":true,"href":"https:\/\/distribucionarc.com\/ro\/wp-json\/wp\/v2\/comments?post=2830"}],"version-history":[{"count":0,"href":"https:\/\/distribucionarc.com\/ro\/wp-json\/wp\/v2\/product\/2830\/revisions"}],"wp:featuredmedia":[{"embeddable":true,"href":"https:\/\/distribucionarc.com\/ro\/wp-json\/wp\/v2\/media\/2831"}],"wp:attachment":[{"href":"https:\/\/distribucionarc.com\/ro\/wp-json\/wp\/v2\/media?parent=2830"}],"wp:term":[{"taxonomy":"product_brand","embeddable":true,"href":"https:\/\/distribucionarc.com\/ro\/wp-json\/wp\/v2\/product_brand?post=2830"},{"taxonomy":"product_cat","embeddable":true,"href":"https:\/\/distribucionarc.com\/ro\/wp-json\/wp\/v2\/product_cat?post=2830"},{"taxonomy":"product_tag","embeddable":true,"href":"https:\/\/distribucionarc.com\/ro\/wp-json\/wp\/v2\/product_tag?post=2830"}],"curies":[{"name":"wp","href":"https:\/\/api.w.org\/{rel}","templated":true}]}}