{"id":2868,"date":"2020-08-25T10:29:59","date_gmt":"2020-08-25T10:29:59","guid":{"rendered":"https:\/\/distribucionarc.com\/?post_type=product&#038;p=2868"},"modified":"2023-05-04T07:38:59","modified_gmt":"2023-05-04T07:38:59","slug":"rasnita-electrica-pentru-cereale-cereale-comprimate","status":"publish","type":"product","link":"https:\/\/distribucionarc.com\/ro\/producto\/molinillo-electrico-para-granos-cereales-comprimidos\/","title":{"rendered":"Rasnita electrica pentru cereale, cereale, tablete"},"content":{"rendered":"<h3>Rasnita electrica pentru cereale, cereale, tablete<\/h3>\n<p>El <strong>r\u00e2\u0219ni\u021b\u0103 electric\u0103<span style=\"color: #ff0000;\"> LA<\/span><span style=\"color: #0000ff;\">R<\/span>c<\/strong> Este construit din material din o\u021bel inoxidabil, care este durabil \u0219i robust. Adopt\u0103 lama ascu\u021bit\u0103 cu o vitez\u0103 de rota\u021bie de 25000 rpm, care poate distruge rapid \u0219i u\u0219or tot felul de alimente deshidratate.<\/p>\n<p>Include un buton de protectie la suprasarcina, care asigura siguranta masinii. Se opre\u0219te automat c\u00e2nd apare suprasarcin\u0103. Reporni\u021bi u\u0219or ap\u0103s\u00e2nd butonul dup\u0103 alte 10 minute. El <strong>moara electrica <span style=\"color: #ff0000;\">LA<\/span><span style=\"color: #0000ff;\">R<\/span>CMEG1M<\/strong> Proiectat cu catarame multiple pentru a str\u00e2nge capacul. Cronometrul ro\u0219u v\u0103 permite s\u0103 seta\u021bi liber timpul de lucru (0-5 minute).<\/p>\n<p>Motorul de cupru pur de mare putere de 1800 de wa\u021bi v\u0103 permite <strong>permite macinarea unei capacitati mari de 1000 g<\/strong> in acelasi timp imbunatatind foarte mult eficienta macinarii alimentelor. Pute\u021bi \u021bine m\u00e2nerul pentru a roti corpul camerei pentru a v\u0103rsa praful \u0219i utiliza\u021bi peria pentru a cur\u0103\u021ba praful rezidual<\/p>\n<h6><strong>garan\u021bie\u00a0<span style=\"color: #ff0000;\">LA<\/span><span style=\"color: #0000ff;\">R<\/span>C 2 ANI<\/strong><\/h6>\n<h6><span style=\"color: #008000;\">Polizor electric eficient, consum redus 1800w<\/span><\/h6>\n<h6><strong>suport tehnic inclus<\/strong><\/h6>\n<p>&nbsp;<\/p>\n<table role=\"presentation\" width=\"100%\" cellspacing=\"0\" cellpadding=\"0\">\n<tbody>\n<tr>\n<td class=\"attrLabels\">Marca:<\/td>\n<td width=\"50.0%\">ARC<\/td>\n<\/tr>\n<tr>\n<td class=\"attrLabels\">\u021aara de distribu\u021bie:<\/td>\n<td width=\"50.0%\">Spania, Germania, SUA<\/td>\n<td class=\"attrLabels\">Greutate:<\/td>\n<td width=\"50.0%\">6,6 kg<\/td>\n<\/tr>\n<tr>\n<td class=\"attrLabels\">Marca:<\/td>\n<td width=\"50.0%\">ARC<\/td>\n<td class=\"attrLabels\">\u00cen\u0103l\u0163ime:<\/td>\n<td width=\"50.0%\">36 cm<\/td>\n<\/tr>\n<tr>\n<td class=\"attrLabels\">Culoare:<\/td>\n<td width=\"50.0%\">Argint<\/td>\n<td class=\"attrLabels\">Lung:<\/td>\n<td width=\"50.0%\">13,4 cm<\/td>\n<\/tr>\n<tr>\n<td class=\"attrLabels\">Tip produs:<\/td>\n<td width=\"50.0%\">r\u00e2\u0219ni\u021b\u0103 electric\u0103<\/td>\n<td class=\"attrLabels\">Larg:<\/td>\n<td width=\"50.0%\">19,1 cm<\/td>\n<\/tr>\n<tr>\n<td class=\"attrLabels\">Numar producator:<\/td>\n<td width=\"50.0%\">ARCMEG1M<\/td>\n<td class=\"attrLabels\">Putere:<\/td>\n<td width=\"50.0%\">1800W<\/td>\n<\/tr>\n<tr>\n<td class=\"attrLabels\">Material:<\/td>\n<td width=\"50.0%\">otel inoxidabil, motor din cupru<\/td>\n<td class=\"attrLabels\">Turatie motor:<\/td>\n<td width=\"50.0%\">25000 rpm<\/td>\n<\/tr>\n<tr>\n<td class=\"attrLabels\">Garantie:<\/td>\n<td width=\"50.0%\">\u00a0 2 ani<\/td>\n<td class=\"attrLabels\">Timp de m\u0103cinare:<\/td>\n<td width=\"50.0%\">0 \u2013 5 minute<\/td>\n<\/tr>\n<tr>\n<td class=\"attrLabels\">Tensiune de intrare:<\/td>\n<td width=\"50.0%\">230V 50Hz<\/td>\n<td class=\"attrLabels\">Timp de interval:<\/td>\n<td width=\"50.0%\">5 \u2013 10 minute<\/td>\n<\/tr>\n<\/tbody>\n<\/table>\n<p>&nbsp;<\/p>","protected":false},"excerpt":{"rendered":"<h2>Rasnita electrica pentru cereale, cereale, tablete<\/h2>\n<p><strong><span style=\"color: #ff0000;\">LA<\/span><span style=\"color: #0000ff;\">R<\/span>c<\/strong> \u00ce\u021bi ofer\u0103 o <strong>r\u00e2\u0219ni\u021b\u0103 electric\u0103<\/strong> calitate superioar\u0103. Dimensiuni mici, u\u0219oare, foarte eficiente \u0219i u\u0219or de utilizat. Fabricat din material inoxidabil de calitate alimentar\u0103, sigur \u0219i durabil. Cu motorul puternic de 1800 de wa\u021bi, poate m\u0103cina 1000 g de alimente \u00een acela\u0219i timp. De asemenea, are protec\u021bie la suprasarcin\u0103 sigur\u0103 pentru a preveni arderea motorului. Poate face rapid pulbere din tot felul de alimente deshidratate, orez, porumb, susan, soia, hrana din pe\u0219te, piper, medicamente etc., potrivite pentru toate tipurile de materiale.<\/p>\n<h6><strong>garan\u021bie\u00a0<span style=\"color: #ff0000;\">LA<\/span><span style=\"color: #0000ff;\">R<\/span>C 2 ANI<\/strong><\/h6>\n<h6><span style=\"color: #008000;\">Polizor electric eficient, consum redus 1800w<\/span><\/h6>\n<h6><strong>suport tehnic inclus<\/strong><\/h6>\n<p>&nbsp;<\/p>","protected":false},"featured_media":2869,"comment_status":"open","ping_status":"closed","template":"","meta":{"wds_primary_product_brand":0,"wds_primary_product_cat":0},"product_brand":[],"product_cat":[30],"product_tag":[],"class_list":{"0":"post-2868","1":"product","2":"type-product","3":"status-publish","4":"has-post-thumbnail","6":"product_cat-maquinaria-apicola","7":"product_shipping_class-hosteleria","9":"first","10":"instock","11":"taxable","12":"shipping-taxable","13":"purchasable","14":"product-type-simple"},"yoast_head":"<!-- This site is optimized with the Yoast SEO Premium plugin v24.9 (Yoast SEO v26.1) - https:\/\/yoast.com\/wordpress\/plugins\/seo\/ -->\n<title>Molinillo electrico para granos, cereales, comprimidos - distribuci\u00f3n ARC<\/title>\n<meta name=\"robots\" content=\"index, follow, max-snippet:-1, max-image-preview:large, max-video-preview:-1\" \/>\n<link rel=\"canonical\" href=\"https:\/\/distribucionarc.com\/ro\/produs\/rasnita-electrica-pentru-cereale-cereale-comprimate\/\" \/>\n<meta property=\"og:locale\" content=\"ro_RO\" \/>\n<meta property=\"og:type\" content=\"article\" \/>\n<meta property=\"og:title\" content=\"Molinillo electrico para granos, cereales, comprimidos\" \/>\n<meta property=\"og:description\" content=\"Molinillo electrico para granos, cereales, comprimidos ARC Te ofrece un molinillo el\u00e9ctrico de alta calidad. De tama\u00f1o peque\u00f1o, liviano, altamente eficiente y f\u00e1cil de usar. Hecho de material inoxidable de grado alimenticio, seguro y duradero. Con el potente motor de 1800 vatios, puede moler 1000 g de comida al mismo tiempo. Tambi\u00e9n cuenta con protecci\u00f3n segura contra sobrecargas para evitar que el motor se queme. Puede hacer polvo r\u00e1pidamente todo tipo de alimentos deshidratados, arroz, ma\u00edz, s\u00e9samo, soja, alimento para peces, pimienta, medicamentos, etc., adecuado para todo tipo de material. Garant\u00eda\u00a0ARC 2 A\u00d1OS Molinillo el\u00e9ctrico eficiente, bajo consumo 1800w soporte t\u00e9cnico incluido &nbsp;\" \/>\n<meta property=\"og:url\" content=\"https:\/\/distribucionarc.com\/ro\/produs\/rasnita-electrica-pentru-cereale-cereale-comprimate\/\" \/>\n<meta property=\"og:site_name\" content=\"distribuci\u00f3n ARC\" \/>\n<meta property=\"article:modified_time\" content=\"2023-05-04T07:38:59+00:00\" \/>\n<meta property=\"og:image\" content=\"https:\/\/distribucionarc.com\/wp-content\/uploads\/2020\/08\/Molinillo-el\u00e9ctrico-para-granos-cereales-comprimidos-0.jpg\" \/>\n\t<meta property=\"og:image:width\" content=\"1600\" \/>\n\t<meta property=\"og:image:height\" content=\"1600\" \/>\n\t<meta property=\"og:image:type\" content=\"image\/jpeg\" \/>\n<meta name=\"twitter:card\" content=\"summary_large_image\" \/>\n<meta name=\"twitter:label1\" content=\"Timp estimat pentru citire\" \/>\n\t<meta name=\"twitter:data1\" content=\"1 minut\" \/>\n<script type=\"application\/ld+json\" class=\"yoast-schema-graph\">{\"@context\":\"https:\/\/schema.org\",\"@graph\":[{\"@type\":\"WebPage\",\"@id\":\"https:\/\/distribucionarc.com\/sk\/producto\/molinillo-electrico-para-granos-cereales-comprimidos\/\",\"url\":\"https:\/\/distribucionarc.com\/sk\/producto\/molinillo-electrico-para-granos-cereales-comprimidos\/\",\"name\":\"Molinillo electrico para granos, cereales, comprimidos - distribuci\u00f3n ARC\",\"isPartOf\":{\"@id\":\"https:\/\/www.distribucionarc.com\/de\/#website\"},\"primaryImageOfPage\":{\"@id\":\"https:\/\/distribucionarc.com\/sk\/producto\/molinillo-electrico-para-granos-cereales-comprimidos\/#primaryimage\"},\"image\":{\"@id\":\"https:\/\/distribucionarc.com\/sk\/producto\/molinillo-electrico-para-granos-cereales-comprimidos\/#primaryimage\"},\"thumbnailUrl\":\"https:\/\/distribucionarc.com\/wp-content\/uploads\/2020\/08\/Molinillo-el\u00e9ctrico-para-granos-cereales-comprimidos-0.jpg\",\"datePublished\":\"2020-08-25T10:29:59+00:00\",\"dateModified\":\"2023-05-04T07:38:59+00:00\",\"breadcrumb\":{\"@id\":\"https:\/\/distribucionarc.com\/sk\/producto\/molinillo-electrico-para-granos-cereales-comprimidos\/#breadcrumb\"},\"inLanguage\":\"ro-RO\",\"potentialAction\":[{\"@type\":\"ReadAction\",\"target\":[\"https:\/\/distribucionarc.com\/sk\/producto\/molinillo-electrico-para-granos-cereales-comprimidos\/\"]}]},{\"@type\":\"ImageObject\",\"inLanguage\":\"ro-RO\",\"@id\":\"https:\/\/distribucionarc.com\/sk\/producto\/molinillo-electrico-para-granos-cereales-comprimidos\/#primaryimage\",\"url\":\"https:\/\/distribucionarc.com\/wp-content\/uploads\/2020\/08\/Molinillo-el\u00e9ctrico-para-granos-cereales-comprimidos-0.jpg\",\"contentUrl\":\"https:\/\/distribucionarc.com\/wp-content\/uploads\/2020\/08\/Molinillo-el\u00e9ctrico-para-granos-cereales-comprimidos-0.jpg\",\"width\":1600,\"height\":1600,\"caption\":\"Molinillo electrico para granos, cereales, comprimidos\"},{\"@type\":\"BreadcrumbList\",\"@id\":\"https:\/\/distribucionarc.com\/sk\/producto\/molinillo-electrico-para-granos-cereales-comprimidos\/#breadcrumb\",\"itemListElement\":[{\"@type\":\"ListItem\",\"position\":1,\"name\":\"Portada\",\"item\":\"https:\/\/www.distribucionarc.com\/en\/\"},{\"@type\":\"ListItem\",\"position\":2,\"name\":\"Products\",\"item\":\"https:\/\/www.distribucionarc.com\/en\/shop\/\"},{\"@type\":\"ListItem\",\"position\":3,\"name\":\"Molinillo electrico para granos, cereales, comprimidos\"}]},{\"@type\":\"WebSite\",\"@id\":\"https:\/\/www.distribucionarc.com\/de\/#website\",\"url\":\"https:\/\/www.distribucionarc.com\/de\/\",\"name\":\"distribuci\u00f3n ARC\",\"description\":\"Empresa especializada en la fabricaci\u00f3n y distribuci\u00f3n de maquinaria industrial, selladoras de latas, Maquinas de hacer pastillas, Maquinas de cortar carne...\",\"publisher\":{\"@id\":\"https:\/\/www.distribucionarc.com\/de\/#organization\"},\"potentialAction\":[{\"@type\":\"SearchAction\",\"target\":{\"@type\":\"EntryPoint\",\"urlTemplate\":\"https:\/\/www.distribucionarc.com\/de\/?s={search_term_string}\"},\"query-input\":{\"@type\":\"PropertyValueSpecification\",\"valueRequired\":true,\"valueName\":\"search_term_string\"}}],\"inLanguage\":\"ro-RO\"},{\"@type\":\"Organization\",\"@id\":\"https:\/\/www.distribucionarc.com\/de\/#organization\",\"name\":\"Distribuci\u00f3n ARC\",\"url\":\"https:\/\/www.distribucionarc.com\/de\/\",\"logo\":{\"@type\":\"ImageObject\",\"inLanguage\":\"ro-RO\",\"@id\":\"https:\/\/www.distribucionarc.com\/de\/#\/schema\/logo\/image\/\",\"url\":\"https:\/\/distribucionarc.com\/wp-content\/uploads\/2024\/10\/distribucion-ARC-COLOR-SIN-FONDO-e1732295305345.png\",\"contentUrl\":\"https:\/\/distribucionarc.com\/wp-content\/uploads\/2024\/10\/distribucion-ARC-COLOR-SIN-FONDO-e1732295305345.png\",\"width\":1164,\"height\":558,\"caption\":\"Distribuci\u00f3n ARC\"},\"image\":{\"@id\":\"https:\/\/www.distribucionarc.com\/de\/#\/schema\/logo\/image\/\"},\"description\":\"Empresa especializada en la fabricaci\u00f3n y distribuci\u00f3n de maquinaria industrial para los sectores alimentario y farmac\u00e9utico. Nos especializamos en: M\u00e1quinas de cortar carne Fabricaci\u00f3n de comprimidos Sistemas de transporte industrial L\u00edneas de embotellado Dosificadores Y mucho m\u00e1s... Ofrecemos soluciones innovadoras y personalizadas para optimizar los procesos productivos de tu empresa.\",\"email\":\"Admistracion@distribucionarc.com\",\"telephone\":\"+34 643496664\",\"legalName\":\"ARC TECH SOLUTIONS\",\"foundingDate\":\"2024-04-09\",\"vatID\":\"B55480172\",\"numberOfEmployees\":{\"@type\":\"QuantitativeValue\",\"minValue\":\"1\",\"maxValue\":\"10\"}}]}<\/script>\n<!-- \/ Yoast SEO Premium plugin. -->","yoast_head_json":{"title":"Rasnita electrica pentru cereale, cereale, tablete - distributie ARC","robots":{"index":"index","follow":"follow","max-snippet":"max-snippet:-1","max-image-preview":"max-image-preview:large","max-video-preview":"max-video-preview:-1"},"canonical":"https:\/\/distribucionarc.com\/ro\/produs\/rasnita-electrica-pentru-cereale-cereale-comprimate\/","og_locale":"ro_RO","og_type":"article","og_title":"Molinillo electrico para granos, cereales, comprimidos","og_description":"Molinillo electrico para granos, cereales, comprimidos ARC Te ofrece un molinillo el\u00e9ctrico de alta calidad. De tama\u00f1o peque\u00f1o, liviano, altamente eficiente y f\u00e1cil de usar. Hecho de material inoxidable de grado alimenticio, seguro y duradero. Con el potente motor de 1800 vatios, puede moler 1000 g de comida al mismo tiempo. Tambi\u00e9n cuenta con protecci\u00f3n segura contra sobrecargas para evitar que el motor se queme. Puede hacer polvo r\u00e1pidamente todo tipo de alimentos deshidratados, arroz, ma\u00edz, s\u00e9samo, soja, alimento para peces, pimienta, medicamentos, etc., adecuado para todo tipo de material. Garant\u00eda\u00a0ARC 2 A\u00d1OS Molinillo el\u00e9ctrico eficiente, bajo consumo 1800w soporte t\u00e9cnico incluido &nbsp;","og_url":"https:\/\/distribucionarc.com\/ro\/produs\/rasnita-electrica-pentru-cereale-cereale-comprimate\/","og_site_name":"distribuci\u00f3n ARC","article_modified_time":"2023-05-04T07:38:59+00:00","og_image":[{"width":1600,"height":1600,"url":"https:\/\/distribucionarc.com\/wp-content\/uploads\/2020\/08\/Molinillo-el\u00e9ctrico-para-granos-cereales-comprimidos-0.jpg","type":"image\/jpeg"}],"twitter_card":"summary_large_image","twitter_misc":{"Timp estimat pentru citire":"1 minut"},"schema":{"@context":"https:\/\/schema.org","@graph":[{"@type":"WebPage","@id":"https:\/\/distribucionarc.com\/sk\/producto\/molinillo-electrico-para-granos-cereales-comprimidos\/","url":"https:\/\/distribucionarc.com\/sk\/producto\/molinillo-electrico-para-granos-cereales-comprimidos\/","name":"Rasnita electrica pentru cereale, cereale, tablete - distributie ARC","isPartOf":{"@id":"https:\/\/www.distribucionarc.com\/de\/#website"},"primaryImageOfPage":{"@id":"https:\/\/distribucionarc.com\/sk\/producto\/molinillo-electrico-para-granos-cereales-comprimidos\/#primaryimage"},"image":{"@id":"https:\/\/distribucionarc.com\/sk\/producto\/molinillo-electrico-para-granos-cereales-comprimidos\/#primaryimage"},"thumbnailUrl":"https:\/\/distribucionarc.com\/wp-content\/uploads\/2020\/08\/Molinillo-el\u00e9ctrico-para-granos-cereales-comprimidos-0.jpg","datePublished":"2020-08-25T10:29:59+00:00","dateModified":"2023-05-04T07:38:59+00:00","breadcrumb":{"@id":"https:\/\/distribucionarc.com\/sk\/producto\/molinillo-electrico-para-granos-cereales-comprimidos\/#breadcrumb"},"inLanguage":"ro-RO","potentialAction":[{"@type":"ReadAction","target":["https:\/\/distribucionarc.com\/sk\/producto\/molinillo-electrico-para-granos-cereales-comprimidos\/"]}]},{"@type":"ImageObject","inLanguage":"ro-RO","@id":"https:\/\/distribucionarc.com\/sk\/producto\/molinillo-electrico-para-granos-cereales-comprimidos\/#primaryimage","url":"https:\/\/distribucionarc.com\/wp-content\/uploads\/2020\/08\/Molinillo-el\u00e9ctrico-para-granos-cereales-comprimidos-0.jpg","contentUrl":"https:\/\/distribucionarc.com\/wp-content\/uploads\/2020\/08\/Molinillo-el\u00e9ctrico-para-granos-cereales-comprimidos-0.jpg","width":1600,"height":1600,"caption":"Molinillo electrico para granos, cereales, comprimidos"},{"@type":"BreadcrumbList","@id":"https:\/\/distribucionarc.com\/sk\/producto\/molinillo-electrico-para-granos-cereales-comprimidos\/#breadcrumb","itemListElement":[{"@type":"ListItem","position":1,"name":"Portada","item":"https:\/\/www.distribucionarc.com\/en\/"},{"@type":"ListItem","position":2,"name":"Products","item":"https:\/\/www.distribucionarc.com\/en\/shop\/"},{"@type":"ListItem","position":3,"name":"Molinillo electrico para granos, cereales, comprimidos"}]},{"@type":"WebSite","@id":"https:\/\/www.distribucionarc.com\/de\/#website","url":"https:\/\/www.distribucionarc.com\/de\/","name":"Distribu\u021bie ARC","description":"Companie specializat\u0103 \u00een fabricarea \u0219i distribu\u021bia de utilaje industriale, ma\u0219ini de sigilat cutii, ma\u0219ini de fabricat tablete, ma\u0219ini de t\u0103iat carne...","publisher":{"@id":"https:\/\/www.distribucionarc.com\/de\/#organization"},"potentialAction":[{"@type":"SearchAction","target":{"@type":"EntryPoint","urlTemplate":"https:\/\/www.distribucionarc.com\/de\/?s={search_term_string}"},"query-input":{"@type":"PropertyValueSpecification","valueRequired":true,"valueName":"search_term_string"}}],"inLanguage":"ro-RO"},{"@type":"Organization","@id":"https:\/\/www.distribucionarc.com\/de\/#organization","name":"Distribu\u021bie ARC","url":"https:\/\/www.distribucionarc.com\/de\/","logo":{"@type":"ImageObject","inLanguage":"ro-RO","@id":"https:\/\/www.distribucionarc.com\/de\/#\/schema\/logo\/image\/","url":"https:\/\/distribucionarc.com\/wp-content\/uploads\/2024\/10\/distribucion-ARC-COLOR-SIN-FONDO-e1732295305345.png","contentUrl":"https:\/\/distribucionarc.com\/wp-content\/uploads\/2024\/10\/distribucion-ARC-COLOR-SIN-FONDO-e1732295305345.png","width":1164,"height":558,"caption":"Distribuci\u00f3n ARC"},"image":{"@id":"https:\/\/www.distribucionarc.com\/de\/#\/schema\/logo\/image\/"},"description":"Companie specializat\u0103 \u00een fabricarea \u0219i distribu\u021bia de utilaje industriale pentru sectoarele alimentar \u0219i farmaceutic. Suntem specializa\u021bi \u00een: Ma\u0219ini de t\u0103iat carne Fabricarea tabletelor Sisteme de transport industrial Linii de \u00eembuteliere Distribuitoare \u0218i multe altele... Oferim solu\u021bii inovatoare \u0219i personalizate pentru a optimiza procesele de produc\u021bie ale companiei dumneavoastr\u0103.","email":"Admistracion@distribucionarc.com","telephone":"+34 643496664","legalName":"ARC TECH SOLUTIONS","foundingDate":"2024-04-09","vatID":"B55480172","numberOfEmployees":{"@type":"QuantitativeValue","minValue":"1","maxValue":"10"}}]}},"_links":{"self":[{"href":"https:\/\/distribucionarc.com\/ro\/wp-json\/wp\/v2\/product\/2868","targetHints":{"allow":["GET"]}}],"collection":[{"href":"https:\/\/distribucionarc.com\/ro\/wp-json\/wp\/v2\/product"}],"about":[{"href":"https:\/\/distribucionarc.com\/ro\/wp-json\/wp\/v2\/types\/product"}],"replies":[{"embeddable":true,"href":"https:\/\/distribucionarc.com\/ro\/wp-json\/wp\/v2\/comments?post=2868"}],"version-history":[{"count":0,"href":"https:\/\/distribucionarc.com\/ro\/wp-json\/wp\/v2\/product\/2868\/revisions"}],"wp:featuredmedia":[{"embeddable":true,"href":"https:\/\/distribucionarc.com\/ro\/wp-json\/wp\/v2\/media\/2869"}],"wp:attachment":[{"href":"https:\/\/distribucionarc.com\/ro\/wp-json\/wp\/v2\/media?parent=2868"}],"wp:term":[{"taxonomy":"product_brand","embeddable":true,"href":"https:\/\/distribucionarc.com\/ro\/wp-json\/wp\/v2\/product_brand?post=2868"},{"taxonomy":"product_cat","embeddable":true,"href":"https:\/\/distribucionarc.com\/ro\/wp-json\/wp\/v2\/product_cat?post=2868"},{"taxonomy":"product_tag","embeddable":true,"href":"https:\/\/distribucionarc.com\/ro\/wp-json\/wp\/v2\/product_tag?post=2868"}],"curies":[{"name":"wp","href":"https:\/\/api.w.org\/{rel}","templated":true}]}}