{"id":288,"date":"2020-04-16T17:00:25","date_gmt":"2020-04-16T17:00:25","guid":{"rendered":"https:\/\/distribucionarc.com\/?post_type=product&#038;p=288"},"modified":"2025-05-09T14:33:02","modified_gmt":"2025-05-09T12:33:02","slug":"dozator-imbuteliere-pentru-produse-dense-si-pastoase-50ml-%f0%9f%a7%b4-pneumatic","status":"publish","type":"product","link":"https:\/\/distribucionarc.com\/ro\/producto\/dosificadora-embotelladora-productos-densos-y-pastosos-50ml-%f0%9f%a7%b4-neumatica\/","title":{"rendered":"Dozare, \u00eembuteliere produse dense \u0219i v\u00e2scoase 50 ml Pneumatic"},"content":{"rendered":"<h2 data-start=\"430\" data-end=\"499\">\ud83c\udfaf Ma\u0219in\u0103 de umplere pneumatic\u0103 compact\u0103 pentru lichide v\u00e2scoase \u2013 5 p\u00e2n\u0103 la 50 ml<\/h2>\n<p data-start=\"501\" data-end=\"810\">The <strong data-start=\"504\" data-end=\"535\">umplere pneumatic\u0103 5\u201350 ml<\/strong> Este cel mai compact, cel mai u\u0219or \u0219i cel mai u\u0219or de manevrat din \u00eentreaga gam\u0103. Special conceput pentru umplere <strong data-start=\"641\" data-end=\"678\">lichide cu v\u00e2scozitate medie-\u00eenalt\u0103<\/strong>, permite o <strong data-start=\"692\" data-end=\"745\">dozare precis\u0103, rapid\u0103 \u0219i f\u0103r\u0103 probleme<\/strong>, datorit\u0103 sistemului s\u0103u pneumatic cu piston cu reglare manual\u0103.<\/p>\n<p data-start=\"812\" data-end=\"1132\">Este ideal pentru ateliere, laboratoare \u0219i produc\u0103tori care lucreaz\u0103 cu doze mici \u0219i au nevoie <strong data-start=\"907\" data-end=\"941\">flexibilitate \u0219i cur\u0103\u021bare rapid\u0103<\/strong> \u00eentre un produs \u0219i altul. Printr-o <strong data-start=\"983\" data-end=\"1018\">turnichet cu reglare manual\u0103<\/strong>, utilizatorul poate regla cu precizie volumul care urmeaz\u0103 s\u0103 fie distribuit, men\u021bin\u00e2nd controlul complet asupra umplerii.<\/p>\n<p data-start=\"1134\" data-end=\"1408\">Unul dintre cele mai mari avantaje ale sale este <strong data-start=\"1168\" data-end=\"1193\">u\u0219urin\u021ba cur\u0103\u021b\u0103rii<\/strong>. Cu un design simplu \u0219i accesibil, <strong data-start=\"1239\" data-end=\"1319\">P\u0103r\u021bile care intr\u0103 \u00een contact cu produsul pot fi demontate \u0219i sp\u0103late \u00een doar c\u00e2teva minute.<\/strong>, ceea ce permite <strong data-start=\"1336\" data-end=\"1407\">schimbarea rapid\u0103 a produselor f\u0103r\u0103 risc de contaminare \u00eencruci\u0219at\u0103<\/strong>.<\/p>\n<h3 data-start=\"1410\" data-end=\"1446\">\u2705 Exemple de produse ideale:<\/h3>\n<ul data-start=\"1448\" data-end=\"1700\">\n<li data-start=\"1448\" data-end=\"1485\">\n<p data-start=\"1450\" data-end=\"1485\">\ud83d\udc84 <strong data-start=\"1453\" data-end=\"1485\">Baze de machiaj lichide<\/strong><\/p>\n<\/li>\n<li data-start=\"1486\" data-end=\"1511\">\n<p data-start=\"1488\" data-end=\"1511\">\ud83d\udc85 <strong data-start=\"1491\" data-end=\"1511\">Oje<\/strong><\/p>\n<\/li>\n<li data-start=\"1512\" data-end=\"1560\">\n<p data-start=\"1514\" data-end=\"1560\">\ud83d\udd8b\ufe0f <strong data-start=\"1518\" data-end=\"1560\">Cerneluri, coloran\u021bi, pigmen\u021bi lichizi<\/strong><\/p>\n<\/li>\n<li data-start=\"1561\" data-end=\"1601\">\n<p data-start=\"1563\" data-end=\"1601\">\ud83e\uddf4 <strong data-start=\"1566\" data-end=\"1601\">Geluri u\u0219oare, seruri, lo\u021biuni<\/strong><\/p>\n<\/li>\n<li data-start=\"1602\" data-end=\"1645\">\n<p data-start=\"1604\" data-end=\"1645\">\ud83e\uddec <strong data-start=\"1607\" data-end=\"1645\">Reactivi chimici sau farmaceutici<\/strong><\/p>\n<\/li>\n<li data-start=\"1646\" data-end=\"1700\">\n<p data-start=\"1648\" data-end=\"1700\">\ud83c\udf6f <strong data-start=\"1651\" data-end=\"1700\">Mostre de miere lichid\u0103 sau siropuri f\u0103r\u0103 cocoloa\u0219e<\/strong><\/p>\n<\/li>\n<\/ul>\n<h3 data-start=\"1702\" data-end=\"1749\">\ud83d\udd01 Exemple de schimb\u0103ri rapide de produse:<\/h3>\n<ul data-start=\"1751\" data-end=\"1967\">\n<li data-start=\"1751\" data-end=\"1809\">\n<p data-start=\"1753\" data-end=\"1809\">De <strong data-start=\"1756\" data-end=\"1780\">email transparent<\/strong> la <strong data-start=\"1783\" data-end=\"1807\">smal\u021b cu pigment<\/strong><\/p>\n<\/li>\n<li data-start=\"1810\" data-end=\"1849\">\n<p data-start=\"1812\" data-end=\"1849\">De <strong data-start=\"1815\" data-end=\"1830\">cerneal\u0103 neagr\u0103<\/strong> la <strong data-start=\"1833\" data-end=\"1847\">cerneal\u0103 ro\u0219ie<\/strong><\/p>\n<\/li>\n<li data-start=\"1850\" data-end=\"1905\">\n<p data-start=\"1852\" data-end=\"1905\">De <strong data-start=\"1855\" data-end=\"1879\">gel cosmetic neutru<\/strong> la <strong data-start=\"1882\" data-end=\"1903\">gel de parfum<\/strong><\/p>\n<\/li>\n<li data-start=\"1906\" data-end=\"1967\">\n<p data-start=\"1908\" data-end=\"1967\">De <strong data-start=\"1911\" data-end=\"1944\">mostre de sirop f\u0103r\u0103 zah\u0103r<\/strong> la <strong data-start=\"1947\" data-end=\"1967\">sirop aromat<\/strong><\/p>\n<\/li>\n<\/ul>\n<p data-start=\"1969\" data-end=\"2161\">Mul\u021bumesc lui <strong data-start=\"1982\" data-end=\"2000\">bunc\u0103r de 10 kg<\/strong>Datorit\u0103 designului s\u0103u compact \u0219i structurii din o\u021bel inoxidabil 304, aceast\u0103 ma\u0219in\u0103 este perfect\u0103 pentru produc\u021bia \u00een loturi mici, e\u0219antionare sau produse cu ciclu de via\u021b\u0103 mare.<\/p>\n<hr data-start=\"2163\" data-end=\"2166\" \/>\n<h3 data-start=\"2168\" data-end=\"2197\">Specificatii tehnice<\/h3>\n<div class=\"_tableContainer_16hzy_1\">\n<div class=\"_tableWrapper_16hzy_14 group flex w-fit flex-col-reverse\" tabindex=\"-1\">\n<table class=\"w-fit min-w-(--thread-content-width)\" data-start=\"2199\" data-end=\"3626\">\n<thead data-start=\"2199\" data-end=\"2274\">\n<tr data-start=\"2199\" data-end=\"2274\">\n<th data-start=\"2199\" data-end=\"2233\" data-col-size=\"sm\">Caracteristic\u0103<\/th>\n<th data-start=\"2233\" data-end=\"2274\" data-col-size=\"md\">Detaliu<\/th>\n<\/tr>\n<\/thead>\n<tbody data-start=\"2351\" data-end=\"3626\">\n<tr data-start=\"2351\" data-end=\"2439\">\n<td data-start=\"2351\" data-end=\"2385\" data-col-size=\"sm\">Tipul ma\u0219inii<\/td>\n<td data-col-size=\"md\" data-start=\"2385\" data-end=\"2439\">Umplere pneumatic\u0103 manual\u0103 pentru volume mici<\/td>\n<\/tr>\n<tr data-start=\"2440\" data-end=\"2516\">\n<td data-start=\"2440\" data-end=\"2474\" data-col-size=\"sm\">Tipul de produse<\/td>\n<td data-col-size=\"md\" data-start=\"2474\" data-end=\"2516\">Lichide v\u00e2scoase f\u0103r\u0103 particule<\/td>\n<\/tr>\n<tr data-start=\"2517\" data-end=\"2601\">\n<td data-start=\"2517\" data-end=\"2551\" data-col-size=\"sm\">Aplica\u021bii<\/td>\n<td data-col-size=\"md\" data-start=\"2551\" data-end=\"2601\">Cosmetice, laborator, farmacie, alimente<\/td>\n<\/tr>\n<tr data-start=\"2602\" data-end=\"2691\">\n<td data-start=\"2602\" data-end=\"2636\" data-col-size=\"sm\">Produse compatibile<\/td>\n<td data-col-size=\"md\" data-start=\"2636\" data-end=\"2691\">Machiaj lichid, oje, cerneluri, seruri, geluri<\/td>\n<\/tr>\n<tr data-start=\"2692\" data-end=\"2767\">\n<td data-start=\"2692\" data-end=\"2726\" data-col-size=\"sm\">Sistem de umplere<\/td>\n<td data-col-size=\"md\" data-start=\"2726\" data-end=\"2767\">Piston pneumatic reglat manual<\/td>\n<\/tr>\n<tr data-start=\"2768\" data-end=\"2844\">\n<td data-start=\"2768\" data-end=\"2802\" data-col-size=\"sm\">Interval de umplere<\/td>\n<td data-col-size=\"md\" data-start=\"2802\" data-end=\"2844\">5 ml \u2013 50 ml<\/td>\n<\/tr>\n<tr data-start=\"2845\" data-end=\"2921\">\n<td data-start=\"2845\" data-end=\"2879\" data-col-size=\"sm\">Precizia umplerii<\/td>\n<td data-col-size=\"md\" data-start=\"2879\" data-end=\"2921\">\u00b1 0,2 \u2013 1 ml<\/td>\n<\/tr>\n<tr data-start=\"2922\" data-end=\"2997\">\n<td data-start=\"2922\" data-end=\"2956\" data-col-size=\"sm\">Viteza de produc\u021bie<\/td>\n<td data-col-size=\"md\" data-start=\"2956\" data-end=\"2997\">P\u00e2n\u0103 la 40 de focuri pe minut<\/td>\n<\/tr>\n<tr data-start=\"2998\" data-end=\"3074\">\n<td data-start=\"2998\" data-end=\"3032\" data-col-size=\"sm\">Presiunea de lucru<\/td>\n<td data-col-size=\"md\" data-start=\"3032\" data-end=\"3074\">0,4 \u2013 0,6 MPa (58\u201387 PSI)<\/td>\n<\/tr>\n<tr data-start=\"3075\" data-end=\"3150\">\n<td data-start=\"3075\" data-end=\"3109\" data-col-size=\"sm\">Mod de func\u021bionare<\/td>\n<td data-col-size=\"md\" data-start=\"3109\" data-end=\"3150\">Manual cu ac\u021bionare pneumatic\u0103<\/td>\n<\/tr>\n<tr data-start=\"3151\" data-end=\"3227\">\n<td data-start=\"3151\" data-end=\"3185\" data-col-size=\"sm\">Capacitatea bunc\u0103rului<\/td>\n<td data-col-size=\"md\" data-start=\"3185\" data-end=\"3227\">10 kg<\/td>\n<\/tr>\n<tr data-start=\"3228\" data-end=\"3303\">\n<td data-start=\"3228\" data-end=\"3262\" data-col-size=\"sm\">Materialul \u00een contact<\/td>\n<td data-col-size=\"md\" data-start=\"3262\" data-end=\"3303\">O\u021bel inoxidabil 304<\/td>\n<\/tr>\n<tr data-start=\"3304\" data-end=\"3395\">\n<td data-start=\"3304\" data-end=\"3338\" data-col-size=\"sm\">Curatenie<\/td>\n<td data-col-size=\"md\" data-start=\"3338\" data-end=\"3395\">Demontare foarte u\u0219oar\u0103 \u0219i rapid\u0103 pentru schimbarea produsului<\/td>\n<\/tr>\n<tr data-start=\"3396\" data-end=\"3472\">\n<td data-start=\"3396\" data-end=\"3430\" data-col-size=\"sm\">Dimensiune \u0219i portabilitate<\/td>\n<td data-col-size=\"md\" data-start=\"3430\" data-end=\"3472\">Compact \u0219i u\u0219or<\/td>\n<\/tr>\n<tr data-start=\"3473\" data-end=\"3549\">\n<td data-start=\"3473\" data-end=\"3507\" data-col-size=\"sm\">Certificare<\/td>\n<td data-col-size=\"md\" data-start=\"3507\" data-end=\"3549\">CE (\u00een func\u021bie de model)<\/td>\n<\/tr>\n<tr data-start=\"3550\" data-end=\"3626\">\n<td data-start=\"3550\" data-end=\"3584\" data-col-size=\"sm\">Suport tehnic<\/td>\n<td data-col-size=\"md\" data-start=\"3584\" data-end=\"3626\">Inclusiv<\/td>\n<\/tr>\n<\/tbody>\n<\/table>\n<div class=\"sticky end-(--thread-content-margin) h-0 self-end select-none\">\n<div class=\"absolute end-0 flex items-end\"><\/div>\n<\/div>\n<\/div>\n<\/div>\n<p><iframe loading=\"lazy\" src=\"https:\/\/www.youtube.com\/embed\/Y7kk4IGd9fQ\" width=\"560\" height=\"315\" frameborder=\"0\" allowfullscreen=\"allowfullscreen\"><\/iframe><\/p>","protected":false},"excerpt":{"rendered":"<p>Noua masina de umplere pneumatica care adopta structura pistonului, speciala pentru lichide vascoase, interval de umplere de 5 \u27a1\ufe0f 50 ml. Utilizat pe scar\u0103 larg\u0103 \u00een umplerea lichidelor, cum ar fi: alimente lichide, uleiuri, \u0219ampon, creme \u0219i alte substan\u021be lichide \u0219i v\u00e2scoase. Este aplicabil produselor farmaceutice, cosmeticelor, alimentelor, pesticidelor, precum \u0219i industriei speciale, f\u0103r\u0103 \u00eendoial\u0103, acesta este echipamentul semi-automat ideal pentru umplerea lichidelor v\u00e2scoase pentru afaceri.<\/p>","protected":false},"featured_media":289,"comment_status":"open","ping_status":"closed","template":"","meta":{"wds_primary_product_brand":0,"wds_primary_product_cat":0},"product_brand":[],"product_cat":[18,20,74,73,75,320,321,29,21],"product_tag":[],"class_list":{"0":"post-288","1":"product","2":"type-product","3":"status-publish","4":"has-post-thumbnail","6":"product_cat-dosificadoras","7":"product_cat-dosificadoras-de-pastosos","8":"product_cat-llenadoras-de-botellas","9":"product_cat-llenadoras-de-liquidos","10":"product_cat-llenadoras-de-masas-y-salsas","11":"product_cat-llenadoras-de-liquidos-por-gravedad","12":"product_cat-llenadoras-de-piston","13":"product_cat-maquinas-industria-quimica","14":"product_cat-maquinas-llenadoras","15":"product_shipping_class-express","17":"first","18":"instock","19":"sale","20":"taxable","21":"shipping-taxable","22":"purchasable","23":"product-type-simple"},"yoast_head":"<!-- This site is optimized with the Yoast SEO Premium plugin v24.9 (Yoast SEO v26.1) - https:\/\/yoast.com\/wordpress\/plugins\/seo\/ -->\n<title>Dosificadora, Embotelladora Productos Densos y Viscosos 50 ml Neum\u00e1tica - distribuci\u00f3n ARC<\/title>\n<meta name=\"robots\" content=\"index, follow, max-snippet:-1, max-image-preview:large, max-video-preview:-1\" \/>\n<link rel=\"canonical\" href=\"https:\/\/distribucionarc.com\/ro\/produs\/dozator-imbuteliere-pentru-produse-dense-si-pastoase-50ml-\ud83e\uddf4-pneumatic\/\" \/>\n<meta property=\"og:locale\" content=\"ro_RO\" \/>\n<meta property=\"og:type\" content=\"article\" \/>\n<meta property=\"og:title\" content=\"Dosificadora, Embotelladora Productos Densos y Viscosos 50 ml Neum\u00e1tica\" \/>\n<meta property=\"og:description\" content=\"Nueva m\u00e1quina de llenado neum\u00e1tico que adopta una estructura con pist\u00f3n, especial para l\u00edquidos viscosos, rango de llenado de 5 \u27a1\ufe0f 50 ml. Ampliamente utilizada en el llenado de l\u00edquidos, como: alimentos l\u00edquidos, aceites, champ\u00fa, cremas y otras sustancia l\u00edquidas y viscosas. Es aplicable a los productos farmac\u00e9uticos, cosm\u00e9ticos, alimentos, plaguicidas, as\u00ed como la industria especial, sin dudas este es el equipo semiautom\u00e1tico ideal para el llenado de l\u00edquidos viscosos para los negocios.\" \/>\n<meta property=\"og:url\" content=\"https:\/\/distribucionarc.com\/ro\/produs\/dozator-imbuteliere-pentru-produse-dense-si-pastoase-50ml-\ud83e\uddf4-pneumatic\/\" \/>\n<meta property=\"og:site_name\" content=\"distribuci\u00f3n ARC\" \/>\n<meta property=\"article:modified_time\" content=\"2025-05-09T12:33:02+00:00\" \/>\n<meta property=\"og:image\" content=\"https:\/\/distribucionarc.com\/wp-content\/uploads\/2020\/04\/dosificadora_embotelladora_productos_densos_y_pastosos_50ml_neumatica_0.jpg\" \/>\n\t<meta property=\"og:image:width\" content=\"1001\" \/>\n\t<meta property=\"og:image:height\" content=\"1001\" \/>\n\t<meta property=\"og:image:type\" content=\"image\/jpeg\" \/>\n<meta name=\"twitter:card\" content=\"summary_large_image\" \/>\n<meta name=\"twitter:label1\" content=\"Timp estimat pentru citire\" \/>\n\t<meta name=\"twitter:data1\" content=\"2 minute\" \/>\n<script type=\"application\/ld+json\" class=\"yoast-schema-graph\">{\"@context\":\"https:\/\/schema.org\",\"@graph\":[{\"@type\":\"WebPage\",\"@id\":\"https:\/\/distribucionarc.com\/producto\/dosificadora-embotelladora-productos-densos-y-pastosos-50ml-%f0%9f%a7%b4-neumatica\/\",\"url\":\"https:\/\/distribucionarc.com\/producto\/dosificadora-embotelladora-productos-densos-y-pastosos-50ml-%f0%9f%a7%b4-neumatica\/\",\"name\":\"Dosificadora, Embotelladora Productos Densos y Viscosos 50 ml Neum\u00e1tica - distribuci\u00f3n ARC\",\"isPartOf\":{\"@id\":\"https:\/\/www.distribucionarc.com\/sl\/#website\"},\"primaryImageOfPage\":{\"@id\":\"https:\/\/distribucionarc.com\/producto\/dosificadora-embotelladora-productos-densos-y-pastosos-50ml-%f0%9f%a7%b4-neumatica\/#primaryimage\"},\"image\":{\"@id\":\"https:\/\/distribucionarc.com\/producto\/dosificadora-embotelladora-productos-densos-y-pastosos-50ml-%f0%9f%a7%b4-neumatica\/#primaryimage\"},\"thumbnailUrl\":\"https:\/\/distribucionarc.com\/wp-content\/uploads\/2020\/04\/dosificadora_embotelladora_productos_densos_y_pastosos_50ml_neumatica_0.jpg\",\"datePublished\":\"2020-04-16T17:00:25+00:00\",\"dateModified\":\"2025-05-09T12:33:02+00:00\",\"breadcrumb\":{\"@id\":\"https:\/\/distribucionarc.com\/producto\/dosificadora-embotelladora-productos-densos-y-pastosos-50ml-%f0%9f%a7%b4-neumatica\/#breadcrumb\"},\"inLanguage\":\"ro-RO\",\"potentialAction\":[{\"@type\":\"ReadAction\",\"target\":[\"https:\/\/distribucionarc.com\/producto\/dosificadora-embotelladora-productos-densos-y-pastosos-50ml-%f0%9f%a7%b4-neumatica\/\"]}]},{\"@type\":\"ImageObject\",\"inLanguage\":\"ro-RO\",\"@id\":\"https:\/\/distribucionarc.com\/producto\/dosificadora-embotelladora-productos-densos-y-pastosos-50ml-%f0%9f%a7%b4-neumatica\/#primaryimage\",\"url\":\"https:\/\/distribucionarc.com\/wp-content\/uploads\/2020\/04\/dosificadora_embotelladora_productos_densos_y_pastosos_50ml_neumatica_0.jpg\",\"contentUrl\":\"https:\/\/distribucionarc.com\/wp-content\/uploads\/2020\/04\/dosificadora_embotelladora_productos_densos_y_pastosos_50ml_neumatica_0.jpg\",\"width\":1001,\"height\":1001,\"caption\":\"dosificadora_embotelladora_productos_densos_y_pastosos_50ml_neumatica\"},{\"@type\":\"BreadcrumbList\",\"@id\":\"https:\/\/distribucionarc.com\/producto\/dosificadora-embotelladora-productos-densos-y-pastosos-50ml-%f0%9f%a7%b4-neumatica\/#breadcrumb\",\"itemListElement\":[{\"@type\":\"ListItem\",\"position\":1,\"name\":\"Portada\",\"item\":\"https:\/\/www.distribucionarc.com\/\"},{\"@type\":\"ListItem\",\"position\":2,\"name\":\"\u00dcr\u00fcnler\",\"item\":\"https:\/\/www.distribucionarc.com\/tr\/magaza\/\"},{\"@type\":\"ListItem\",\"position\":3,\"name\":\"Dosificadora, Embotelladora Productos Densos y Viscosos 50 ml Neum\u00e1tica\"}]},{\"@type\":\"WebSite\",\"@id\":\"https:\/\/www.distribucionarc.com\/sl\/#website\",\"url\":\"https:\/\/www.distribucionarc.com\/sl\/\",\"name\":\"distribuci\u00f3n ARC\",\"description\":\"Empresa especializada en la fabricaci\u00f3n y distribuci\u00f3n de maquinaria industrial, selladoras de latas, Maquinas de hacer pastillas, Maquinas de cortar carne...\",\"publisher\":{\"@id\":\"https:\/\/www.distribucionarc.com\/sl\/#organization\"},\"potentialAction\":[{\"@type\":\"SearchAction\",\"target\":{\"@type\":\"EntryPoint\",\"urlTemplate\":\"https:\/\/www.distribucionarc.com\/sl\/?s={search_term_string}\"},\"query-input\":{\"@type\":\"PropertyValueSpecification\",\"valueRequired\":true,\"valueName\":\"search_term_string\"}}],\"inLanguage\":\"ro-RO\"},{\"@type\":\"Organization\",\"@id\":\"https:\/\/www.distribucionarc.com\/sl\/#organization\",\"name\":\"Distribuci\u00f3n ARC\",\"url\":\"https:\/\/www.distribucionarc.com\/sl\/\",\"logo\":{\"@type\":\"ImageObject\",\"inLanguage\":\"ro-RO\",\"@id\":\"https:\/\/www.distribucionarc.com\/sl\/#\/schema\/logo\/image\/\",\"url\":\"https:\/\/distribucionarc.com\/wp-content\/uploads\/2024\/10\/distribucion-ARC-COLOR-SIN-FONDO-e1732295305345.png\",\"contentUrl\":\"https:\/\/distribucionarc.com\/wp-content\/uploads\/2024\/10\/distribucion-ARC-COLOR-SIN-FONDO-e1732295305345.png\",\"width\":1164,\"height\":558,\"caption\":\"Distribuci\u00f3n ARC\"},\"image\":{\"@id\":\"https:\/\/www.distribucionarc.com\/sl\/#\/schema\/logo\/image\/\"},\"description\":\"Empresa especializada en la fabricaci\u00f3n y distribuci\u00f3n de maquinaria industrial para los sectores alimentario y farmac\u00e9utico. Nos especializamos en: M\u00e1quinas de cortar carne Fabricaci\u00f3n de comprimidos Sistemas de transporte industrial L\u00edneas de embotellado Dosificadores Y mucho m\u00e1s... Ofrecemos soluciones innovadoras y personalizadas para optimizar los procesos productivos de tu empresa.\",\"email\":\"Admistracion@distribucionarc.com\",\"telephone\":\"+34 643496664\",\"legalName\":\"ARC TECH SOLUTIONS\",\"foundingDate\":\"2024-04-09\",\"vatID\":\"B55480172\",\"numberOfEmployees\":{\"@type\":\"QuantitativeValue\",\"minValue\":\"1\",\"maxValue\":\"10\"}}]}<\/script>\n<!-- \/ Yoast SEO Premium plugin. -->","yoast_head_json":{"title":"Dozare, \u00eembuteliere Produse Dense \u0219i V\u00e2scoase 50 ml Pneumatic - Distribu\u021bie ARC","robots":{"index":"index","follow":"follow","max-snippet":"max-snippet:-1","max-image-preview":"max-image-preview:large","max-video-preview":"max-video-preview:-1"},"canonical":"https:\/\/distribucionarc.com\/ro\/produs\/dozator-imbuteliere-pentru-produse-dense-si-pastoase-50ml-\ud83e\uddf4-pneumatic\/","og_locale":"ro_RO","og_type":"article","og_title":"Dosificadora, Embotelladora Productos Densos y Viscosos 50 ml Neum\u00e1tica","og_description":"Nueva m\u00e1quina de llenado neum\u00e1tico que adopta una estructura con pist\u00f3n, especial para l\u00edquidos viscosos, rango de llenado de 5 \u27a1\ufe0f 50 ml. Ampliamente utilizada en el llenado de l\u00edquidos, como: alimentos l\u00edquidos, aceites, champ\u00fa, cremas y otras sustancia l\u00edquidas y viscosas. Es aplicable a los productos farmac\u00e9uticos, cosm\u00e9ticos, alimentos, plaguicidas, as\u00ed como la industria especial, sin dudas este es el equipo semiautom\u00e1tico ideal para el llenado de l\u00edquidos viscosos para los negocios.","og_url":"https:\/\/distribucionarc.com\/ro\/produs\/dozator-imbuteliere-pentru-produse-dense-si-pastoase-50ml-\ud83e\uddf4-pneumatic\/","og_site_name":"distribuci\u00f3n ARC","article_modified_time":"2025-05-09T12:33:02+00:00","og_image":[{"width":1001,"height":1001,"url":"https:\/\/distribucionarc.com\/wp-content\/uploads\/2020\/04\/dosificadora_embotelladora_productos_densos_y_pastosos_50ml_neumatica_0.jpg","type":"image\/jpeg"}],"twitter_card":"summary_large_image","twitter_misc":{"Timp estimat pentru citire":"2 minute"},"schema":{"@context":"https:\/\/schema.org","@graph":[{"@type":"WebPage","@id":"https:\/\/distribucionarc.com\/producto\/dosificadora-embotelladora-productos-densos-y-pastosos-50ml-%f0%9f%a7%b4-neumatica\/","url":"https:\/\/distribucionarc.com\/producto\/dosificadora-embotelladora-productos-densos-y-pastosos-50ml-%f0%9f%a7%b4-neumatica\/","name":"Dozare, \u00eembuteliere Produse Dense \u0219i V\u00e2scoase 50 ml Pneumatic - Distribu\u021bie ARC","isPartOf":{"@id":"https:\/\/www.distribucionarc.com\/sl\/#website"},"primaryImageOfPage":{"@id":"https:\/\/distribucionarc.com\/producto\/dosificadora-embotelladora-productos-densos-y-pastosos-50ml-%f0%9f%a7%b4-neumatica\/#primaryimage"},"image":{"@id":"https:\/\/distribucionarc.com\/producto\/dosificadora-embotelladora-productos-densos-y-pastosos-50ml-%f0%9f%a7%b4-neumatica\/#primaryimage"},"thumbnailUrl":"https:\/\/distribucionarc.com\/wp-content\/uploads\/2020\/04\/dosificadora_embotelladora_productos_densos_y_pastosos_50ml_neumatica_0.jpg","datePublished":"2020-04-16T17:00:25+00:00","dateModified":"2025-05-09T12:33:02+00:00","breadcrumb":{"@id":"https:\/\/distribucionarc.com\/producto\/dosificadora-embotelladora-productos-densos-y-pastosos-50ml-%f0%9f%a7%b4-neumatica\/#breadcrumb"},"inLanguage":"ro-RO","potentialAction":[{"@type":"ReadAction","target":["https:\/\/distribucionarc.com\/producto\/dosificadora-embotelladora-productos-densos-y-pastosos-50ml-%f0%9f%a7%b4-neumatica\/"]}]},{"@type":"ImageObject","inLanguage":"ro-RO","@id":"https:\/\/distribucionarc.com\/producto\/dosificadora-embotelladora-productos-densos-y-pastosos-50ml-%f0%9f%a7%b4-neumatica\/#primaryimage","url":"https:\/\/distribucionarc.com\/wp-content\/uploads\/2020\/04\/dosificadora_embotelladora_productos_densos_y_pastosos_50ml_neumatica_0.jpg","contentUrl":"https:\/\/distribucionarc.com\/wp-content\/uploads\/2020\/04\/dosificadora_embotelladora_productos_densos_y_pastosos_50ml_neumatica_0.jpg","width":1001,"height":1001,"caption":"dosificadora_embotelladora_productos_densos_y_pastosos_50ml_neumatica"},{"@type":"BreadcrumbList","@id":"https:\/\/distribucionarc.com\/producto\/dosificadora-embotelladora-productos-densos-y-pastosos-50ml-%f0%9f%a7%b4-neumatica\/#breadcrumb","itemListElement":[{"@type":"ListItem","position":1,"name":"Portada","item":"https:\/\/www.distribucionarc.com\/"},{"@type":"ListItem","position":2,"name":"\u00dcr\u00fcnler","item":"https:\/\/www.distribucionarc.com\/tr\/magaza\/"},{"@type":"ListItem","position":3,"name":"Dosificadora, Embotelladora Productos Densos y Viscosos 50 ml Neum\u00e1tica"}]},{"@type":"WebSite","@id":"https:\/\/www.distribucionarc.com\/sl\/#website","url":"https:\/\/www.distribucionarc.com\/sl\/","name":"Distribu\u021bie ARC","description":"Companie specializat\u0103 \u00een fabricarea \u0219i distribu\u021bia de utilaje industriale, ma\u0219ini de sigilat cutii, ma\u0219ini de fabricat tablete, ma\u0219ini de t\u0103iat carne...","publisher":{"@id":"https:\/\/www.distribucionarc.com\/sl\/#organization"},"potentialAction":[{"@type":"SearchAction","target":{"@type":"EntryPoint","urlTemplate":"https:\/\/www.distribucionarc.com\/sl\/?s={search_term_string}"},"query-input":{"@type":"PropertyValueSpecification","valueRequired":true,"valueName":"search_term_string"}}],"inLanguage":"ro-RO"},{"@type":"Organization","@id":"https:\/\/www.distribucionarc.com\/sl\/#organization","name":"Distribu\u021bie ARC","url":"https:\/\/www.distribucionarc.com\/sl\/","logo":{"@type":"ImageObject","inLanguage":"ro-RO","@id":"https:\/\/www.distribucionarc.com\/sl\/#\/schema\/logo\/image\/","url":"https:\/\/distribucionarc.com\/wp-content\/uploads\/2024\/10\/distribucion-ARC-COLOR-SIN-FONDO-e1732295305345.png","contentUrl":"https:\/\/distribucionarc.com\/wp-content\/uploads\/2024\/10\/distribucion-ARC-COLOR-SIN-FONDO-e1732295305345.png","width":1164,"height":558,"caption":"Distribuci\u00f3n ARC"},"image":{"@id":"https:\/\/www.distribucionarc.com\/sl\/#\/schema\/logo\/image\/"},"description":"Companie specializat\u0103 \u00een fabricarea \u0219i distribu\u021bia de utilaje industriale pentru sectoarele alimentar \u0219i farmaceutic. Suntem specializa\u021bi \u00een: Ma\u0219ini de t\u0103iat carne Fabricarea tabletelor Sisteme de transport industrial Linii de \u00eembuteliere Distribuitoare \u0218i multe altele... Oferim solu\u021bii inovatoare \u0219i personalizate pentru a optimiza procesele de produc\u021bie ale companiei dumneavoastr\u0103.","email":"Admistracion@distribucionarc.com","telephone":"+34 643496664","legalName":"ARC TECH SOLUTIONS","foundingDate":"2024-04-09","vatID":"B55480172","numberOfEmployees":{"@type":"QuantitativeValue","minValue":"1","maxValue":"10"}}]}},"_links":{"self":[{"href":"https:\/\/distribucionarc.com\/ro\/wp-json\/wp\/v2\/product\/288","targetHints":{"allow":["GET"]}}],"collection":[{"href":"https:\/\/distribucionarc.com\/ro\/wp-json\/wp\/v2\/product"}],"about":[{"href":"https:\/\/distribucionarc.com\/ro\/wp-json\/wp\/v2\/types\/product"}],"replies":[{"embeddable":true,"href":"https:\/\/distribucionarc.com\/ro\/wp-json\/wp\/v2\/comments?post=288"}],"version-history":[{"count":3,"href":"https:\/\/distribucionarc.com\/ro\/wp-json\/wp\/v2\/product\/288\/revisions"}],"predecessor-version":[{"id":17473,"href":"https:\/\/distribucionarc.com\/ro\/wp-json\/wp\/v2\/product\/288\/revisions\/17473"}],"wp:featuredmedia":[{"embeddable":true,"href":"https:\/\/distribucionarc.com\/ro\/wp-json\/wp\/v2\/media\/289"}],"wp:attachment":[{"href":"https:\/\/distribucionarc.com\/ro\/wp-json\/wp\/v2\/media?parent=288"}],"wp:term":[{"taxonomy":"product_brand","embeddable":true,"href":"https:\/\/distribucionarc.com\/ro\/wp-json\/wp\/v2\/product_brand?post=288"},{"taxonomy":"product_cat","embeddable":true,"href":"https:\/\/distribucionarc.com\/ro\/wp-json\/wp\/v2\/product_cat?post=288"},{"taxonomy":"product_tag","embeddable":true,"href":"https:\/\/distribucionarc.com\/ro\/wp-json\/wp\/v2\/product_tag?post=288"}],"curies":[{"name":"wp","href":"https:\/\/api.w.org\/{rel}","templated":true}]}}