{"id":2973,"date":"2020-08-27T13:53:19","date_gmt":"2020-08-27T13:53:19","guid":{"rendered":"https:\/\/distribucionarc.com\/?post_type=product&#038;p=2973"},"modified":"2020-10-01T11:38:37","modified_gmt":"2020-10-01T11:38:37","slug":"presare-manuala-pentru-a-face-hamburgeri","status":"publish","type":"product","link":"https:\/\/distribucionarc.com\/ro\/producto\/prensa-manual-para-fabricar-hamburguesas\/","title":{"rendered":"Pres\u0103 manual\u0103 pentru a face hamburgeri de 10 cm"},"content":{"rendered":"<h2>Pres\u0103 manual\u0103 pentru a face hamburgeri de 10 cm<\/h2>\n<p>Acest <strong>presa de burgeri <span style=\"color: #ff0000;\">LA<\/span><span style=\"color: #0000ff;\">R<\/span>CPHM3<\/strong> Este realizat din aluminiu turnat premium \u0219i o\u021bel inoxidabil 304. Suprafa\u021ba este anodizat\u0103, ferm\u0103 \u0219i rezistent\u0103 la rugin\u0103. Tava este realizat\u0103 din o\u021bel inoxidabil 304, sigur pentru alimente, cu diametrul de 100 mm. Este greu de deformat \u0219i ruginit.<\/p>\n<p>Grosimea burgerului se poate regla in functie de cantitatea de carne pe care o contine. Grosimea maxima este de 25 mm. Sub fiecare col\u021b exist\u0103 un tampon pentru a preveni alunecarea. Materialul cauciucat reduce vibra\u021biile datorit\u0103 elasticit\u0103\u021bii sale pentru stabilitate \u00een timpul func\u021bion\u0103rii.<\/p>\n<p>Sunt incluse 1000 de coli de h\u00e2rtie absorbant\u0103 de ulei. Acestea pot fi depozitate \u00een suportul situat \u00een partea de sus a ma\u0219inii. Aceste foi \u00eempiedic\u0103 alimentele s\u0103 se ating\u0103 \u0219i p\u0103streaz\u0103 fiecare burger proasp\u0103t \u0219i suculent.<\/p>\n<h6><\/h6>\n<h6><strong>garan\u021bie\u00a0<\/strong><span style=\"color: #ff0000;\"><strong>LA<\/strong><\/span><span style=\"color: #0000ff;\"><strong>R<\/strong><\/span><strong>C 2 ANI<\/strong><\/h6>\n<h6><strong>suport tehnic inclus<\/strong><\/h6>\n<p>&nbsp;<\/p>\n<table width=\"100%\">\n<tbody>\n<tr>\n<td>Tip:<\/td>\n<td width=\"50%\">Manual<\/td>\n<td colspan=\"2\" width=\"327\"><\/td>\n<\/tr>\n<tr>\n<td>\u021aara de distribu\u021bie:<\/td>\n<td width=\"50%\">Spania, Germania, SUA<\/td>\n<td>Greutate:<\/td>\n<td width=\"50%\">6 kg<\/td>\n<\/tr>\n<tr>\n<td>Marca:<\/td>\n<td width=\"50%\">ARC<\/td>\n<td>\u00cen\u0103l\u0163ime:<\/td>\n<td width=\"50%\">27,9 cm<\/td>\n<\/tr>\n<tr>\n<td>Culoare:<\/td>\n<td width=\"50%\">Argint<\/td>\n<td>Lung:<\/td>\n<td width=\"50%\">24,1 cm<\/td>\n<\/tr>\n<tr>\n<td>Tip produs:<\/td>\n<td width=\"50%\">aparat de burgeri<\/td>\n<td>Larg:<\/td>\n<td width=\"50%\">16,5 cm<\/td>\n<\/tr>\n<tr>\n<td>Numar producator:<\/td>\n<td width=\"50%\">ARCPHM3<\/td>\n<td>Tip de presare:<\/td>\n<td width=\"50%\">o m\u00e2n\u0103<\/td>\n<\/tr>\n<tr>\n<td>Material:<\/td>\n<td width=\"50%\">\u00a0o\u021bel inoxidabil alimentar<\/td>\n<td>Dimensiunea matri\u021bei:<\/td>\n<td width=\"50%\">10 cm<\/td>\n<\/tr>\n<tr>\n<td>Garantie:<\/td>\n<td width=\"50%\">2 ANI<\/td>\n<td>Grosimea hamburgerului:<\/td>\n<td width=\"50%\">2,5 cm<\/td>\n<\/tr>\n<tr>\n<td>Instrumente de instalare:<\/td>\n<td width=\"50%\">Da<\/td>\n<td>Echipament:<\/td>\n<td width=\"50%\">1000 de coli de h\u00e2rtie absorbant\u0103<\/td>\n<\/tr>\n<\/tbody>\n<\/table>","protected":false},"excerpt":{"rendered":"<h2>Pres\u0103 manual\u0103 pentru a face hamburgeri de 10 cm<\/h2>\n<p>Acest <strong>presa de burgeri<span style=\"color: #ff0000;\"> LA<\/span><span style=\"color: #0000ff;\">R<\/span>c<\/strong> Structura robust\u0103 este realizat\u0103 din aluminiu turnat \u0219i o\u021bel inoxidabil 304 alimentar. Aparatul de burgeri vine cu o tav\u0103 cu diametrul de 10 cm, un suport pentru h\u00e2rtie \u0219i un m\u00e2ner ergonomic. Capabil s\u0103 transforme rapid carnea tocat\u0103 \u00eentr-un burger rotund perfect cobor\u00e2nd f\u0103r\u0103 efort p\u00e2rghia. Aparatul pentru burgeri este potrivit pentru uz comercial.<\/p>\n<h6><strong>garan\u021bie\u00a0<\/strong><span style=\"color: #ff0000;\"><strong>LA<\/strong><\/span><span style=\"color: #0000ff;\"><strong>R<\/strong><\/span><strong>C 2 ANI<\/strong><\/h6>\n<h6><strong>suport tehnic inclus<\/strong><\/h6>","protected":false},"featured_media":2974,"comment_status":"open","ping_status":"closed","template":"","meta":{"wds_primary_product_brand":0,"wds_primary_product_cat":0},"product_brand":[],"product_cat":[50],"product_tag":[],"class_list":{"0":"post-2973","1":"product","2":"type-product","3":"status-publish","4":"has-post-thumbnail","6":"product_cat-elaboradoras-de-croquetas-y-albondigas","7":"product_shipping_class-hosteleria","9":"first","10":"instock","11":"sale","12":"taxable","13":"shipping-taxable","14":"purchasable","15":"product-type-simple"},"yoast_head":"<!-- This site is optimized with the Yoast SEO Premium plugin v24.9 (Yoast SEO v26.1) - https:\/\/yoast.com\/wordpress\/plugins\/seo\/ -->\n<title>Prensa manual para fabricar hamburguesas\u00a010cm - distribuci\u00f3n ARC<\/title>\n<meta name=\"robots\" content=\"index, follow, max-snippet:-1, max-image-preview:large, max-video-preview:-1\" \/>\n<link rel=\"canonical\" href=\"https:\/\/www.distribucionarc.com\/nb\/producto\/prensa-manual-para-fabricar-hamburguesas\/\" \/>\n<meta property=\"og:locale\" content=\"ro_RO\" \/>\n<meta property=\"og:type\" content=\"article\" \/>\n<meta property=\"og:title\" content=\"Prensa manual para fabricar hamburguesas\u00a010cm\" \/>\n<meta property=\"og:description\" content=\"Prensa manual para fabricar hamburguesas 10cm Esta prensa para hamburguesas ARC de estructura resistente est\u00e1 hecha de aluminio fundido y acero inoxidable 304 de calidad alimentaria. La m\u00e1quina para hacer hamburguesas viene con una bandeja de 10cm de di\u00e1metro, un soporte para papel y un mango ergon\u00f3mico. Capaz de convertir r\u00e1pidamente la carne picada en una hamburguesa redonda perfecta bajando la palanca sin esfuerzo. La m\u00e1quina de hamburguesas es adecuada para uso comercial. Garant\u00eda\u00a0ARC 2 A\u00d1OS soporte t\u00e9cnico\u00a0incluido\" \/>\n<meta property=\"og:url\" content=\"https:\/\/www.distribucionarc.com\/nb\/producto\/prensa-manual-para-fabricar-hamburguesas\/\" \/>\n<meta property=\"og:site_name\" content=\"distribuci\u00f3n ARC\" \/>\n<meta property=\"article:modified_time\" content=\"2020-10-01T11:38:37+00:00\" \/>\n<meta property=\"og:image\" content=\"https:\/\/www.distribucionarc.com\/wp-content\/uploads\/2020\/08\/Prensa-manual-para-fabricar-hamburguesas-10cm-0.jpg\" \/>\n\t<meta property=\"og:image:width\" content=\"1600\" \/>\n\t<meta property=\"og:image:height\" content=\"1600\" \/>\n\t<meta property=\"og:image:type\" content=\"image\/jpeg\" \/>\n<meta name=\"twitter:card\" content=\"summary_large_image\" \/>\n<meta name=\"twitter:label1\" content=\"Timp estimat pentru citire\" \/>\n\t<meta name=\"twitter:data1\" content=\"1 minut\" \/>\n<script type=\"application\/ld+json\" class=\"yoast-schema-graph\">{\"@context\":\"https:\/\/schema.org\",\"@graph\":[{\"@type\":\"WebPage\",\"@id\":\"https:\/\/www.distribucionarc.com\/nb\/producto\/prensa-manual-para-fabricar-hamburguesas\/\",\"url\":\"https:\/\/www.distribucionarc.com\/nb\/producto\/prensa-manual-para-fabricar-hamburguesas\/\",\"name\":\"Prensa manual para fabricar hamburguesas\u00a010cm - distribuci\u00f3n ARC\",\"isPartOf\":{\"@id\":\"https:\/\/www.distribucionarc.com\/sl\/#website\"},\"primaryImageOfPage\":{\"@id\":\"https:\/\/www.distribucionarc.com\/nb\/producto\/prensa-manual-para-fabricar-hamburguesas\/#primaryimage\"},\"image\":{\"@id\":\"https:\/\/www.distribucionarc.com\/nb\/producto\/prensa-manual-para-fabricar-hamburguesas\/#primaryimage\"},\"thumbnailUrl\":\"https:\/\/distribucionarc.com\/wp-content\/uploads\/2020\/08\/Prensa-manual-para-fabricar-hamburguesas-10cm-0.jpg\",\"datePublished\":\"2020-08-27T13:53:19+00:00\",\"dateModified\":\"2020-10-01T11:38:37+00:00\",\"breadcrumb\":{\"@id\":\"https:\/\/www.distribucionarc.com\/nb\/producto\/prensa-manual-para-fabricar-hamburguesas\/#breadcrumb\"},\"inLanguage\":\"ro-RO\",\"potentialAction\":[{\"@type\":\"ReadAction\",\"target\":[\"https:\/\/www.distribucionarc.com\/nb\/producto\/prensa-manual-para-fabricar-hamburguesas\/\"]}]},{\"@type\":\"ImageObject\",\"inLanguage\":\"ro-RO\",\"@id\":\"https:\/\/www.distribucionarc.com\/nb\/producto\/prensa-manual-para-fabricar-hamburguesas\/#primaryimage\",\"url\":\"https:\/\/distribucionarc.com\/wp-content\/uploads\/2020\/08\/Prensa-manual-para-fabricar-hamburguesas-10cm-0.jpg\",\"contentUrl\":\"https:\/\/distribucionarc.com\/wp-content\/uploads\/2020\/08\/Prensa-manual-para-fabricar-hamburguesas-10cm-0.jpg\",\"width\":1600,\"height\":1600,\"caption\":\"Prensa manual para fabricar hamburguesas\u00a0\"},{\"@type\":\"BreadcrumbList\",\"@id\":\"https:\/\/www.distribucionarc.com\/nb\/producto\/prensa-manual-para-fabricar-hamburguesas\/#breadcrumb\",\"itemListElement\":[{\"@type\":\"ListItem\",\"position\":1,\"name\":\"Portada\",\"item\":\"https:\/\/www.distribucionarc.com\/\"},{\"@type\":\"ListItem\",\"position\":2,\"name\":\"\u00dcr\u00fcnler\",\"item\":\"https:\/\/www.distribucionarc.com\/tr\/magaza\/\"},{\"@type\":\"ListItem\",\"position\":3,\"name\":\"Prensa manual para fabricar hamburguesas\u00a010cm\"}]},{\"@type\":\"WebSite\",\"@id\":\"https:\/\/www.distribucionarc.com\/sl\/#website\",\"url\":\"https:\/\/www.distribucionarc.com\/sl\/\",\"name\":\"distribuci\u00f3n ARC\",\"description\":\"Empresa especializada en la fabricaci\u00f3n y distribuci\u00f3n de maquinaria industrial, selladoras de latas, Maquinas de hacer pastillas, Maquinas de cortar carne...\",\"publisher\":{\"@id\":\"https:\/\/www.distribucionarc.com\/sl\/#organization\"},\"potentialAction\":[{\"@type\":\"SearchAction\",\"target\":{\"@type\":\"EntryPoint\",\"urlTemplate\":\"https:\/\/www.distribucionarc.com\/sl\/?s={search_term_string}\"},\"query-input\":{\"@type\":\"PropertyValueSpecification\",\"valueRequired\":true,\"valueName\":\"search_term_string\"}}],\"inLanguage\":\"ro-RO\"},{\"@type\":\"Organization\",\"@id\":\"https:\/\/www.distribucionarc.com\/sl\/#organization\",\"name\":\"Distribuci\u00f3n ARC\",\"url\":\"https:\/\/www.distribucionarc.com\/sl\/\",\"logo\":{\"@type\":\"ImageObject\",\"inLanguage\":\"ro-RO\",\"@id\":\"https:\/\/www.distribucionarc.com\/sl\/#\/schema\/logo\/image\/\",\"url\":\"https:\/\/distribucionarc.com\/wp-content\/uploads\/2024\/10\/distribucion-ARC-COLOR-SIN-FONDO-e1732295305345.png\",\"contentUrl\":\"https:\/\/distribucionarc.com\/wp-content\/uploads\/2024\/10\/distribucion-ARC-COLOR-SIN-FONDO-e1732295305345.png\",\"width\":1164,\"height\":558,\"caption\":\"Distribuci\u00f3n ARC\"},\"image\":{\"@id\":\"https:\/\/www.distribucionarc.com\/sl\/#\/schema\/logo\/image\/\"},\"description\":\"Empresa especializada en la fabricaci\u00f3n y distribuci\u00f3n de maquinaria industrial para los sectores alimentario y farmac\u00e9utico. Nos especializamos en: M\u00e1quinas de cortar carne Fabricaci\u00f3n de comprimidos Sistemas de transporte industrial L\u00edneas de embotellado Dosificadores Y mucho m\u00e1s... Ofrecemos soluciones innovadoras y personalizadas para optimizar los procesos productivos de tu empresa.\",\"email\":\"Admistracion@distribucionarc.com\",\"telephone\":\"+34 643496664\",\"legalName\":\"ARC TECH SOLUTIONS\",\"foundingDate\":\"2024-04-09\",\"vatID\":\"B55480172\",\"numberOfEmployees\":{\"@type\":\"QuantitativeValue\",\"minValue\":\"1\",\"maxValue\":\"10\"}}]}<\/script>\n<!-- \/ Yoast SEO Premium plugin. -->","yoast_head_json":{"title":"Presa manuala pentru a face hamburgeri de 10cm - distributie ARC","robots":{"index":"index","follow":"follow","max-snippet":"max-snippet:-1","max-image-preview":"max-image-preview:large","max-video-preview":"max-video-preview:-1"},"canonical":"https:\/\/www.distribucionarc.com\/nb\/producto\/prensa-manual-para-fabricar-hamburguesas\/","og_locale":"ro_RO","og_type":"article","og_title":"Prensa manual para fabricar hamburguesas\u00a010cm","og_description":"Prensa manual para fabricar hamburguesas 10cm Esta prensa para hamburguesas ARC de estructura resistente est\u00e1 hecha de aluminio fundido y acero inoxidable 304 de calidad alimentaria. La m\u00e1quina para hacer hamburguesas viene con una bandeja de 10cm de di\u00e1metro, un soporte para papel y un mango ergon\u00f3mico. Capaz de convertir r\u00e1pidamente la carne picada en una hamburguesa redonda perfecta bajando la palanca sin esfuerzo. La m\u00e1quina de hamburguesas es adecuada para uso comercial. Garant\u00eda\u00a0ARC 2 A\u00d1OS soporte t\u00e9cnico\u00a0incluido","og_url":"https:\/\/www.distribucionarc.com\/nb\/producto\/prensa-manual-para-fabricar-hamburguesas\/","og_site_name":"distribuci\u00f3n ARC","article_modified_time":"2020-10-01T11:38:37+00:00","og_image":[{"width":1600,"height":1600,"url":"https:\/\/www.distribucionarc.com\/wp-content\/uploads\/2020\/08\/Prensa-manual-para-fabricar-hamburguesas-10cm-0.jpg","type":"image\/jpeg"}],"twitter_card":"summary_large_image","twitter_misc":{"Timp estimat pentru citire":"1 minut"},"schema":{"@context":"https:\/\/schema.org","@graph":[{"@type":"WebPage","@id":"https:\/\/www.distribucionarc.com\/nb\/producto\/prensa-manual-para-fabricar-hamburguesas\/","url":"https:\/\/www.distribucionarc.com\/nb\/producto\/prensa-manual-para-fabricar-hamburguesas\/","name":"Presa manuala pentru a face hamburgeri de 10cm - distributie ARC","isPartOf":{"@id":"https:\/\/www.distribucionarc.com\/sl\/#website"},"primaryImageOfPage":{"@id":"https:\/\/www.distribucionarc.com\/nb\/producto\/prensa-manual-para-fabricar-hamburguesas\/#primaryimage"},"image":{"@id":"https:\/\/www.distribucionarc.com\/nb\/producto\/prensa-manual-para-fabricar-hamburguesas\/#primaryimage"},"thumbnailUrl":"https:\/\/distribucionarc.com\/wp-content\/uploads\/2020\/08\/Prensa-manual-para-fabricar-hamburguesas-10cm-0.jpg","datePublished":"2020-08-27T13:53:19+00:00","dateModified":"2020-10-01T11:38:37+00:00","breadcrumb":{"@id":"https:\/\/www.distribucionarc.com\/nb\/producto\/prensa-manual-para-fabricar-hamburguesas\/#breadcrumb"},"inLanguage":"ro-RO","potentialAction":[{"@type":"ReadAction","target":["https:\/\/www.distribucionarc.com\/nb\/producto\/prensa-manual-para-fabricar-hamburguesas\/"]}]},{"@type":"ImageObject","inLanguage":"ro-RO","@id":"https:\/\/www.distribucionarc.com\/nb\/producto\/prensa-manual-para-fabricar-hamburguesas\/#primaryimage","url":"https:\/\/distribucionarc.com\/wp-content\/uploads\/2020\/08\/Prensa-manual-para-fabricar-hamburguesas-10cm-0.jpg","contentUrl":"https:\/\/distribucionarc.com\/wp-content\/uploads\/2020\/08\/Prensa-manual-para-fabricar-hamburguesas-10cm-0.jpg","width":1600,"height":1600,"caption":"Prensa manual para fabricar hamburguesas\u00a0"},{"@type":"BreadcrumbList","@id":"https:\/\/www.distribucionarc.com\/nb\/producto\/prensa-manual-para-fabricar-hamburguesas\/#breadcrumb","itemListElement":[{"@type":"ListItem","position":1,"name":"Portada","item":"https:\/\/www.distribucionarc.com\/"},{"@type":"ListItem","position":2,"name":"\u00dcr\u00fcnler","item":"https:\/\/www.distribucionarc.com\/tr\/magaza\/"},{"@type":"ListItem","position":3,"name":"Prensa manual para fabricar hamburguesas\u00a010cm"}]},{"@type":"WebSite","@id":"https:\/\/www.distribucionarc.com\/sl\/#website","url":"https:\/\/www.distribucionarc.com\/sl\/","name":"Distribu\u021bie ARC","description":"Companie specializat\u0103 \u00een fabricarea \u0219i distribu\u021bia de utilaje industriale, ma\u0219ini de sigilat cutii, ma\u0219ini de fabricat tablete, ma\u0219ini de t\u0103iat carne...","publisher":{"@id":"https:\/\/www.distribucionarc.com\/sl\/#organization"},"potentialAction":[{"@type":"SearchAction","target":{"@type":"EntryPoint","urlTemplate":"https:\/\/www.distribucionarc.com\/sl\/?s={search_term_string}"},"query-input":{"@type":"PropertyValueSpecification","valueRequired":true,"valueName":"search_term_string"}}],"inLanguage":"ro-RO"},{"@type":"Organization","@id":"https:\/\/www.distribucionarc.com\/sl\/#organization","name":"Distribu\u021bie ARC","url":"https:\/\/www.distribucionarc.com\/sl\/","logo":{"@type":"ImageObject","inLanguage":"ro-RO","@id":"https:\/\/www.distribucionarc.com\/sl\/#\/schema\/logo\/image\/","url":"https:\/\/distribucionarc.com\/wp-content\/uploads\/2024\/10\/distribucion-ARC-COLOR-SIN-FONDO-e1732295305345.png","contentUrl":"https:\/\/distribucionarc.com\/wp-content\/uploads\/2024\/10\/distribucion-ARC-COLOR-SIN-FONDO-e1732295305345.png","width":1164,"height":558,"caption":"Distribuci\u00f3n ARC"},"image":{"@id":"https:\/\/www.distribucionarc.com\/sl\/#\/schema\/logo\/image\/"},"description":"Companie specializat\u0103 \u00een fabricarea \u0219i distribu\u021bia de utilaje industriale pentru sectoarele alimentar \u0219i farmaceutic. Suntem specializa\u021bi \u00een: Ma\u0219ini de t\u0103iat carne Fabricarea tabletelor Sisteme de transport industrial Linii de \u00eembuteliere Distribuitoare \u0218i multe altele... Oferim solu\u021bii inovatoare \u0219i personalizate pentru a optimiza procesele de produc\u021bie ale companiei dumneavoastr\u0103.","email":"Admistracion@distribucionarc.com","telephone":"+34 643496664","legalName":"ARC TECH SOLUTIONS","foundingDate":"2024-04-09","vatID":"B55480172","numberOfEmployees":{"@type":"QuantitativeValue","minValue":"1","maxValue":"10"}}]}},"_links":{"self":[{"href":"https:\/\/distribucionarc.com\/ro\/wp-json\/wp\/v2\/product\/2973","targetHints":{"allow":["GET"]}}],"collection":[{"href":"https:\/\/distribucionarc.com\/ro\/wp-json\/wp\/v2\/product"}],"about":[{"href":"https:\/\/distribucionarc.com\/ro\/wp-json\/wp\/v2\/types\/product"}],"replies":[{"embeddable":true,"href":"https:\/\/distribucionarc.com\/ro\/wp-json\/wp\/v2\/comments?post=2973"}],"version-history":[{"count":0,"href":"https:\/\/distribucionarc.com\/ro\/wp-json\/wp\/v2\/product\/2973\/revisions"}],"wp:featuredmedia":[{"embeddable":true,"href":"https:\/\/distribucionarc.com\/ro\/wp-json\/wp\/v2\/media\/2974"}],"wp:attachment":[{"href":"https:\/\/distribucionarc.com\/ro\/wp-json\/wp\/v2\/media?parent=2973"}],"wp:term":[{"taxonomy":"product_brand","embeddable":true,"href":"https:\/\/distribucionarc.com\/ro\/wp-json\/wp\/v2\/product_brand?post=2973"},{"taxonomy":"product_cat","embeddable":true,"href":"https:\/\/distribucionarc.com\/ro\/wp-json\/wp\/v2\/product_cat?post=2973"},{"taxonomy":"product_tag","embeddable":true,"href":"https:\/\/distribucionarc.com\/ro\/wp-json\/wp\/v2\/product_tag?post=2973"}],"curies":[{"name":"wp","href":"https:\/\/api.w.org\/{rel}","templated":true}]}}