{"id":3070,"date":"2020-09-21T12:14:29","date_gmt":"2020-09-21T12:14:29","guid":{"rendered":"https:\/\/distribucionarc.com\/?post_type=product&#038;p=3070"},"modified":"2020-10-01T13:48:45","modified_gmt":"2020-10-01T13:48:45","slug":"8-tavi-incalzitor-de-vase","status":"publish","type":"product","link":"https:\/\/distribucionarc.com\/ro\/producto\/calentador-de-platos-de-8-bandejas\/","title":{"rendered":"\u00cenc\u0103lzitor de vase cu 8 t\u0103vi"},"content":{"rendered":"<h3>\u00cenc\u0103lzitor de vase cu 8 t\u0103vi<\/h3>\n<p>Acest <strong>incalzitor bain-marie pentru alimente<\/strong> este fabricat din cele mai bune<strong>o\u021bel inoxidabil alimentar zero<\/strong>, care asigur\u0103 un produs durabil, care respect\u0103 reglement\u0103rile sanitare. Grosimea foilor ajunge p\u00e2n\u0103 la 0,7 mm. Elementul de \u00eenc\u0103lzire \u00een form\u0103 de U din o\u021bel inoxidabil 304 adopt\u0103 \u00eenc\u0103lzire tridimensional\u0103, cu circula\u021bie la temperatur\u0103 ridicat\u0103 \u0219i zon\u0103 de \u00eenc\u0103lzire mai mare, asigur\u00e2ndu-v\u0103 mai mult\u0103 eficien\u021b\u0103.<\/p>\n<p>Acest <strong>incalzitor de supa <span style=\"color: #ff0000;\">LA<\/span><span style=\"color: #0000ff;\">R<\/span>c<\/strong> Special pentru bufet, are un protector deta\u0219abil din sticl\u0103 c\u0103lit\u0103 de 8 mm grosime. Datorit\u0103 scutului de sticl\u0103, clien\u021bii t\u0103i \u00ee\u0219i pot observa direct felurile de m\u00e2ncare, asigur\u00e2nd \u00een acela\u0219i timp igiena alimentar\u0103.<\/p>\n<p>Acest <strong>tav\u0103 pentru a men\u021bine m\u00e2ncarea cald\u0103 <span style=\"color: #ff0000;\">LA<\/span><span style=\"color: #0000ff;\">R<\/span>CBBM8<\/strong> Vine cu opt crati\u021be deta\u0219abile de mare capacitate, care sunt fabricate din o\u021bel inoxidabil alimentar. Dimensiunea fiec\u0103ruia <strong>tav\u0103<\/strong> este din <strong>1\/2 dimensiune universal\u0103<\/strong>\u00a0(32,5\u00d726,5\u00d715 cm) de\u0219i acestea sunt cu p\u00e2n\u0103 la 5 cm mai ad\u00e2nci dec\u00e2t altele, ob\u021bin\u00e2nd o capacitate suplimentar\u0103 de 50%. Fiecare tav\u0103 de m\u00e2ncare are un capac din o\u021bel inoxidabil pentru a \u00eempiedica p\u0103trunderea prafului \u00een alimente.<\/p>\n<p>Pute\u021bi regla cu u\u0219urin\u021b\u0103 temperatura de la 30\u2103 la 85\u2103 cu ajutorul butonului rotativ. Un termometru v\u0103 arat\u0103 temperatura \u00een timp real. Este echipat cu un robinet de scurgere pentru a scurge cu u\u0219urin\u021b\u0103 excesul de ap\u0103.<\/p>\n<h6><strong>garan\u021bie\u00a0<span style=\"color: #ff0000;\">LA<\/span><span style=\"color: #0000ff;\">R<\/span>C 2 ANI<\/strong><\/h6>\n<h6><span style=\"color: #008000;\">\u00cenc\u0103lzitor eficient de alimente, consum redus 1350w<\/span><\/h6>\n<h6><strong>suport tehnic inclus<\/strong><\/h6>\n<p>&nbsp;<\/p>\n<table role=\"presentation\" width=\"100%\" cellspacing=\"0\" cellpadding=\"0\">\n<tbody>\n<tr>\n<td class=\"attrLabels\">Marca:<\/td>\n<td width=\"50.0%\">ARC<\/td>\n<\/tr>\n<tr>\n<td class=\"attrLabels\">\u021aara de distribu\u021bie:<\/td>\n<td width=\"50.0%\">Spania, Germania, SUA<\/td>\n<td class=\"attrLabels\">Greutate:<\/td>\n<td width=\"50.0%\">28 Kg<\/td>\n<\/tr>\n<tr>\n<td class=\"attrLabels\">Marca:<\/td>\n<td width=\"50.0%\">ARC<\/td>\n<td class=\"attrLabels\">\u00cen\u0103l\u0163ime:<\/td>\n<td width=\"50.0%\">40 cm<\/td>\n<\/tr>\n<tr>\n<td class=\"attrLabels\">Culoare:<\/td>\n<td width=\"50.0%\">Argint<\/td>\n<td class=\"attrLabels\">Lung:<\/td>\n<td width=\"50.0%\">147 cm<\/td>\n<\/tr>\n<tr>\n<td class=\"attrLabels\">Tip produs:<\/td>\n<td width=\"50.0%\">Tava pentru incalzirea alimentelor<\/td>\n<td class=\"attrLabels\">Larg:<\/td>\n<td width=\"50.0%\">57,9 cm<\/td>\n<\/tr>\n<tr>\n<td class=\"attrLabels\">Numar producator:<\/td>\n<td width=\"50.0%\">ARCBBM8<\/td>\n<td class=\"attrLabels\">Putere:<\/td>\n<td width=\"50.0%\">1350W<\/td>\n<\/tr>\n<tr>\n<td class=\"attrLabels\">Material:<\/td>\n<td width=\"50.0%\">otel inoxidabil, control al temperaturii<\/td>\n<td class=\"attrLabels\">tensiune de intrare<\/td>\n<td width=\"50.0%\">230V \u2013 50Hz<\/td>\n<\/tr>\n<tr>\n<td class=\"attrLabels\">Garantie:<\/td>\n<td width=\"50.0%\">\u00a0 2 ani<\/td>\n<td class=\"attrLabels\">Temperatur\u0103:<\/td>\n<td width=\"50.0%\">30\u00b0 \u2013 85\u00b0 C<\/td>\n<\/tr>\n<tr>\n<td class=\"attrLabels\">Instrumente de instalare:<\/td>\n<td width=\"50.0%\">Da<\/td>\n<td class=\"attrLabels\">Containere:<\/td>\n<td width=\"50.0%\">\u00a08 GN 1\/2 (32,5\u00d726,5\u00d715 cm)<\/td>\n<\/tr>\n<\/tbody>\n<\/table>","protected":false},"excerpt":{"rendered":"<h2>\u00cenc\u0103lzitor de vase cu 8 t\u0103vi<\/h2>\n<p>The<strong> \u00eenc\u0103lzitoare de farfurii <span style=\"color: #ff0000;\">LA<\/span><span style=\"color: #0000ff;\">R<\/span>c<\/strong> p\u0103streaz\u0103 alimentele preg\u0103tite la temperatura perfect\u0103, astfel \u00eenc\u00e2t s\u0103 \u00ee\u0219i p\u0103streze toat\u0103 savoarea \u0219i textura pentru perioade lungi de timp. Sunt realizate din cel mai bun o\u021bel inoxidabil alimentar, u\u0219or de cur\u0103\u021bat, igienic \u0219i nu altereaz\u0103 gustul produsului. Pur \u0219i simplu umple\u021bi nivelul de ap\u0103 indicat \u0219i regla\u021bi cele 8 t\u0103vi de pe blat. Are sticl\u0103 c\u0103lit\u0103 pentru a asigura o mai mare igien\u0103 \u0219i a facilita vizibilitatea alimentelor. Pute\u021bi regla temperatura \u00eentre 30\u2103 \u0219i 85\u2103 cu ajutorul butonului rotativ, pentru a men\u021bine alimentele calde f\u0103r\u0103 a se lipi, a arde sau a se usca. Aceste <strong>\u00eenc\u0103lzitoare cu boiler dublu<\/strong> Sunt ideale pentru bufete, restaurante, baruri, restaurante fast-food, hoteluri etc.<\/p>\n<h6><strong>garan\u021bie\u00a0<span style=\"color: #ff0000;\">LA<\/span><span style=\"color: #0000ff;\">R<\/span>C 2 ANI<\/strong><\/h6>\n<h6><span style=\"color: #008000;\">\u00cenc\u0103lzitor eficient de alimente, consum redus 1350w<\/span><\/h6>\n<h6><strong>suport tehnic inclus<\/strong><\/h6>","protected":false},"featured_media":3076,"comment_status":"open","ping_status":"closed","template":"","meta":{"wds_primary_product_brand":0,"wds_primary_product_cat":0},"product_brand":[],"product_cat":[41],"product_tag":[],"class_list":{"0":"post-3070","1":"product","2":"type-product","3":"status-publish","4":"has-post-thumbnail","6":"product_cat-expositor-de-alimentos","7":"product_shipping_class-express","9":"first","10":"instock","11":"sale","12":"taxable","13":"shipping-taxable","14":"purchasable","15":"product-type-simple"},"yoast_head":"<!-- This site is optimized with the Yoast SEO Premium plugin v24.9 (Yoast SEO v26.1) - https:\/\/yoast.com\/wordpress\/plugins\/seo\/ -->\n<title>Calentador de platos de 8 bandejas - distribuci\u00f3n ARC<\/title>\n<meta name=\"robots\" content=\"index, follow, max-snippet:-1, max-image-preview:large, max-video-preview:-1\" \/>\n<link rel=\"canonical\" href=\"https:\/\/www.distribucionarc.com\/nb\/producto\/calentador-de-platos-de-8-bandejas\/\" \/>\n<meta property=\"og:locale\" content=\"ro_RO\" \/>\n<meta property=\"og:type\" content=\"article\" \/>\n<meta property=\"og:title\" content=\"Calentador de platos de 8 bandejas\" \/>\n<meta property=\"og:description\" content=\"Calentador de platos de 8 bandejas Los calentadores de platos ARC mantiene la comida precocinada a la temperatura perfecta para que conserven todo el sabor y textura durante largos periodos de tiempo. Est\u00e1n fabricados del mejor acero inoxidable para alimentos f\u00e1cil de limpiar, higi\u00e9nico y no alteran el sabor del producto. Tan solo llene el nivel de agua indicado y ajuste las 8 bandejas en el mostrador, cuenta con vidrio de cristal templado para asegurar mayor higiene y facilitar la visibilidad de los alimentos. Puede ajustar la temperatura entre 30\u2103 y 85\u2103 con el bot\u00f3n giratorio, para mantener la comida caliente sin que se pegue, queme o se seque. Estos calentadores de ba\u00f1o mar\u00eda son ideales para buffets, restaurantes, bares, restaurantes de comida r\u00e1pida, hoteles, etc. Garant\u00eda\u00a0ARC 2 A\u00d1OS Calentador de alimentos eficiente, bajo consumo 1350w soporte t\u00e9cnico incluido\" \/>\n<meta property=\"og:url\" content=\"https:\/\/www.distribucionarc.com\/nb\/producto\/calentador-de-platos-de-8-bandejas\/\" \/>\n<meta property=\"og:site_name\" content=\"distribuci\u00f3n ARC\" \/>\n<meta property=\"article:modified_time\" content=\"2020-10-01T13:48:45+00:00\" \/>\n<meta property=\"og:image\" content=\"https:\/\/www.distribucionarc.com\/wp-content\/uploads\/2020\/09\/Calentador-de-platos-de-8-bandejas-10.jpg\" \/>\n\t<meta property=\"og:image:width\" content=\"1600\" \/>\n\t<meta property=\"og:image:height\" content=\"1600\" \/>\n\t<meta property=\"og:image:type\" content=\"image\/jpeg\" \/>\n<meta name=\"twitter:card\" content=\"summary_large_image\" \/>\n<meta name=\"twitter:label1\" content=\"Timp estimat pentru citire\" \/>\n\t<meta name=\"twitter:data1\" content=\"2 minute\" \/>\n<script type=\"application\/ld+json\" class=\"yoast-schema-graph\">{\"@context\":\"https:\/\/schema.org\",\"@graph\":[{\"@type\":\"WebPage\",\"@id\":\"https:\/\/www.distribucionarc.com\/nb\/producto\/calentador-de-platos-de-8-bandejas\/\",\"url\":\"https:\/\/www.distribucionarc.com\/nb\/producto\/calentador-de-platos-de-8-bandejas\/\",\"name\":\"Calentador de platos de 8 bandejas - distribuci\u00f3n ARC\",\"isPartOf\":{\"@id\":\"https:\/\/www.distribucionarc.com\/de\/#website\"},\"primaryImageOfPage\":{\"@id\":\"https:\/\/www.distribucionarc.com\/nb\/producto\/calentador-de-platos-de-8-bandejas\/#primaryimage\"},\"image\":{\"@id\":\"https:\/\/www.distribucionarc.com\/nb\/producto\/calentador-de-platos-de-8-bandejas\/#primaryimage\"},\"thumbnailUrl\":\"https:\/\/distribucionarc.com\/wp-content\/uploads\/2020\/09\/Calentador-de-platos-de-8-bandejas-10.jpg\",\"datePublished\":\"2020-09-21T12:14:29+00:00\",\"dateModified\":\"2020-10-01T13:48:45+00:00\",\"breadcrumb\":{\"@id\":\"https:\/\/www.distribucionarc.com\/nb\/producto\/calentador-de-platos-de-8-bandejas\/#breadcrumb\"},\"inLanguage\":\"ro-RO\",\"potentialAction\":[{\"@type\":\"ReadAction\",\"target\":[\"https:\/\/www.distribucionarc.com\/nb\/producto\/calentador-de-platos-de-8-bandejas\/\"]}]},{\"@type\":\"ImageObject\",\"inLanguage\":\"ro-RO\",\"@id\":\"https:\/\/www.distribucionarc.com\/nb\/producto\/calentador-de-platos-de-8-bandejas\/#primaryimage\",\"url\":\"https:\/\/distribucionarc.com\/wp-content\/uploads\/2020\/09\/Calentador-de-platos-de-8-bandejas-10.jpg\",\"contentUrl\":\"https:\/\/distribucionarc.com\/wp-content\/uploads\/2020\/09\/Calentador-de-platos-de-8-bandejas-10.jpg\",\"width\":1600,\"height\":1600,\"caption\":\"Calentador de platos de 8 bandejas\"},{\"@type\":\"BreadcrumbList\",\"@id\":\"https:\/\/www.distribucionarc.com\/nb\/producto\/calentador-de-platos-de-8-bandejas\/#breadcrumb\",\"itemListElement\":[{\"@type\":\"ListItem\",\"position\":1,\"name\":\"Portada\",\"item\":\"https:\/\/www.distribucionarc.com\/en\/\"},{\"@type\":\"ListItem\",\"position\":2,\"name\":\"Products\",\"item\":\"https:\/\/www.distribucionarc.com\/en\/shop\/\"},{\"@type\":\"ListItem\",\"position\":3,\"name\":\"Calentador de platos de 8 bandejas\"}]},{\"@type\":\"WebSite\",\"@id\":\"https:\/\/www.distribucionarc.com\/de\/#website\",\"url\":\"https:\/\/www.distribucionarc.com\/de\/\",\"name\":\"distribuci\u00f3n ARC\",\"description\":\"Empresa especializada en la fabricaci\u00f3n y distribuci\u00f3n de maquinaria industrial, selladoras de latas, Maquinas de hacer pastillas, Maquinas de cortar carne...\",\"publisher\":{\"@id\":\"https:\/\/www.distribucionarc.com\/de\/#organization\"},\"potentialAction\":[{\"@type\":\"SearchAction\",\"target\":{\"@type\":\"EntryPoint\",\"urlTemplate\":\"https:\/\/www.distribucionarc.com\/de\/?s={search_term_string}\"},\"query-input\":{\"@type\":\"PropertyValueSpecification\",\"valueRequired\":true,\"valueName\":\"search_term_string\"}}],\"inLanguage\":\"ro-RO\"},{\"@type\":\"Organization\",\"@id\":\"https:\/\/www.distribucionarc.com\/de\/#organization\",\"name\":\"Distribuci\u00f3n ARC\",\"url\":\"https:\/\/www.distribucionarc.com\/de\/\",\"logo\":{\"@type\":\"ImageObject\",\"inLanguage\":\"ro-RO\",\"@id\":\"https:\/\/www.distribucionarc.com\/de\/#\/schema\/logo\/image\/\",\"url\":\"https:\/\/distribucionarc.com\/wp-content\/uploads\/2024\/10\/distribucion-ARC-COLOR-SIN-FONDO-e1732295305345.png\",\"contentUrl\":\"https:\/\/distribucionarc.com\/wp-content\/uploads\/2024\/10\/distribucion-ARC-COLOR-SIN-FONDO-e1732295305345.png\",\"width\":1164,\"height\":558,\"caption\":\"Distribuci\u00f3n ARC\"},\"image\":{\"@id\":\"https:\/\/www.distribucionarc.com\/de\/#\/schema\/logo\/image\/\"},\"description\":\"Empresa especializada en la fabricaci\u00f3n y distribuci\u00f3n de maquinaria industrial para los sectores alimentario y farmac\u00e9utico. Nos especializamos en: M\u00e1quinas de cortar carne Fabricaci\u00f3n de comprimidos Sistemas de transporte industrial L\u00edneas de embotellado Dosificadores Y mucho m\u00e1s... Ofrecemos soluciones innovadoras y personalizadas para optimizar los procesos productivos de tu empresa.\",\"email\":\"Admistracion@distribucionarc.com\",\"telephone\":\"+34 643496664\",\"legalName\":\"ARC TECH SOLUTIONS\",\"foundingDate\":\"2024-04-09\",\"vatID\":\"B55480172\",\"numberOfEmployees\":{\"@type\":\"QuantitativeValue\",\"minValue\":\"1\",\"maxValue\":\"10\"}}]}<\/script>\n<!-- \/ Yoast SEO Premium plugin. -->","yoast_head_json":{"title":"\u00cenc\u0103lzitor de vase cu 8 t\u0103vi - distribu\u021bie ARC","robots":{"index":"index","follow":"follow","max-snippet":"max-snippet:-1","max-image-preview":"max-image-preview:large","max-video-preview":"max-video-preview:-1"},"canonical":"https:\/\/www.distribucionarc.com\/nb\/producto\/calentador-de-platos-de-8-bandejas\/","og_locale":"ro_RO","og_type":"article","og_title":"Calentador de platos de 8 bandejas","og_description":"Calentador de platos de 8 bandejas Los calentadores de platos ARC mantiene la comida precocinada a la temperatura perfecta para que conserven todo el sabor y textura durante largos periodos de tiempo. Est\u00e1n fabricados del mejor acero inoxidable para alimentos f\u00e1cil de limpiar, higi\u00e9nico y no alteran el sabor del producto. Tan solo llene el nivel de agua indicado y ajuste las 8 bandejas en el mostrador, cuenta con vidrio de cristal templado para asegurar mayor higiene y facilitar la visibilidad de los alimentos. Puede ajustar la temperatura entre 30\u2103 y 85\u2103 con el bot\u00f3n giratorio, para mantener la comida caliente sin que se pegue, queme o se seque. Estos calentadores de ba\u00f1o mar\u00eda son ideales para buffets, restaurantes, bares, restaurantes de comida r\u00e1pida, hoteles, etc. Garant\u00eda\u00a0ARC 2 A\u00d1OS Calentador de alimentos eficiente, bajo consumo 1350w soporte t\u00e9cnico incluido","og_url":"https:\/\/www.distribucionarc.com\/nb\/producto\/calentador-de-platos-de-8-bandejas\/","og_site_name":"distribuci\u00f3n ARC","article_modified_time":"2020-10-01T13:48:45+00:00","og_image":[{"width":1600,"height":1600,"url":"https:\/\/www.distribucionarc.com\/wp-content\/uploads\/2020\/09\/Calentador-de-platos-de-8-bandejas-10.jpg","type":"image\/jpeg"}],"twitter_card":"summary_large_image","twitter_misc":{"Timp estimat pentru citire":"2 minute"},"schema":{"@context":"https:\/\/schema.org","@graph":[{"@type":"WebPage","@id":"https:\/\/www.distribucionarc.com\/nb\/producto\/calentador-de-platos-de-8-bandejas\/","url":"https:\/\/www.distribucionarc.com\/nb\/producto\/calentador-de-platos-de-8-bandejas\/","name":"\u00cenc\u0103lzitor de vase cu 8 t\u0103vi - distribu\u021bie ARC","isPartOf":{"@id":"https:\/\/www.distribucionarc.com\/de\/#website"},"primaryImageOfPage":{"@id":"https:\/\/www.distribucionarc.com\/nb\/producto\/calentador-de-platos-de-8-bandejas\/#primaryimage"},"image":{"@id":"https:\/\/www.distribucionarc.com\/nb\/producto\/calentador-de-platos-de-8-bandejas\/#primaryimage"},"thumbnailUrl":"https:\/\/distribucionarc.com\/wp-content\/uploads\/2020\/09\/Calentador-de-platos-de-8-bandejas-10.jpg","datePublished":"2020-09-21T12:14:29+00:00","dateModified":"2020-10-01T13:48:45+00:00","breadcrumb":{"@id":"https:\/\/www.distribucionarc.com\/nb\/producto\/calentador-de-platos-de-8-bandejas\/#breadcrumb"},"inLanguage":"ro-RO","potentialAction":[{"@type":"ReadAction","target":["https:\/\/www.distribucionarc.com\/nb\/producto\/calentador-de-platos-de-8-bandejas\/"]}]},{"@type":"ImageObject","inLanguage":"ro-RO","@id":"https:\/\/www.distribucionarc.com\/nb\/producto\/calentador-de-platos-de-8-bandejas\/#primaryimage","url":"https:\/\/distribucionarc.com\/wp-content\/uploads\/2020\/09\/Calentador-de-platos-de-8-bandejas-10.jpg","contentUrl":"https:\/\/distribucionarc.com\/wp-content\/uploads\/2020\/09\/Calentador-de-platos-de-8-bandejas-10.jpg","width":1600,"height":1600,"caption":"Calentador de platos de 8 bandejas"},{"@type":"BreadcrumbList","@id":"https:\/\/www.distribucionarc.com\/nb\/producto\/calentador-de-platos-de-8-bandejas\/#breadcrumb","itemListElement":[{"@type":"ListItem","position":1,"name":"Portada","item":"https:\/\/www.distribucionarc.com\/en\/"},{"@type":"ListItem","position":2,"name":"Products","item":"https:\/\/www.distribucionarc.com\/en\/shop\/"},{"@type":"ListItem","position":3,"name":"Calentador de platos de 8 bandejas"}]},{"@type":"WebSite","@id":"https:\/\/www.distribucionarc.com\/de\/#website","url":"https:\/\/www.distribucionarc.com\/de\/","name":"Distribu\u021bie ARC","description":"Companie specializat\u0103 \u00een fabricarea \u0219i distribu\u021bia de utilaje industriale, ma\u0219ini de sigilat cutii, ma\u0219ini de fabricat tablete, ma\u0219ini de t\u0103iat carne...","publisher":{"@id":"https:\/\/www.distribucionarc.com\/de\/#organization"},"potentialAction":[{"@type":"SearchAction","target":{"@type":"EntryPoint","urlTemplate":"https:\/\/www.distribucionarc.com\/de\/?s={search_term_string}"},"query-input":{"@type":"PropertyValueSpecification","valueRequired":true,"valueName":"search_term_string"}}],"inLanguage":"ro-RO"},{"@type":"Organization","@id":"https:\/\/www.distribucionarc.com\/de\/#organization","name":"Distribu\u021bie ARC","url":"https:\/\/www.distribucionarc.com\/de\/","logo":{"@type":"ImageObject","inLanguage":"ro-RO","@id":"https:\/\/www.distribucionarc.com\/de\/#\/schema\/logo\/image\/","url":"https:\/\/distribucionarc.com\/wp-content\/uploads\/2024\/10\/distribucion-ARC-COLOR-SIN-FONDO-e1732295305345.png","contentUrl":"https:\/\/distribucionarc.com\/wp-content\/uploads\/2024\/10\/distribucion-ARC-COLOR-SIN-FONDO-e1732295305345.png","width":1164,"height":558,"caption":"Distribuci\u00f3n ARC"},"image":{"@id":"https:\/\/www.distribucionarc.com\/de\/#\/schema\/logo\/image\/"},"description":"Companie specializat\u0103 \u00een fabricarea \u0219i distribu\u021bia de utilaje industriale pentru sectoarele alimentar \u0219i farmaceutic. Suntem specializa\u021bi \u00een: Ma\u0219ini de t\u0103iat carne Fabricarea tabletelor Sisteme de transport industrial Linii de \u00eembuteliere Distribuitoare \u0218i multe altele... Oferim solu\u021bii inovatoare \u0219i personalizate pentru a optimiza procesele de produc\u021bie ale companiei dumneavoastr\u0103.","email":"Admistracion@distribucionarc.com","telephone":"+34 643496664","legalName":"ARC TECH SOLUTIONS","foundingDate":"2024-04-09","vatID":"B55480172","numberOfEmployees":{"@type":"QuantitativeValue","minValue":"1","maxValue":"10"}}]}},"_links":{"self":[{"href":"https:\/\/distribucionarc.com\/ro\/wp-json\/wp\/v2\/product\/3070","targetHints":{"allow":["GET"]}}],"collection":[{"href":"https:\/\/distribucionarc.com\/ro\/wp-json\/wp\/v2\/product"}],"about":[{"href":"https:\/\/distribucionarc.com\/ro\/wp-json\/wp\/v2\/types\/product"}],"replies":[{"embeddable":true,"href":"https:\/\/distribucionarc.com\/ro\/wp-json\/wp\/v2\/comments?post=3070"}],"version-history":[{"count":0,"href":"https:\/\/distribucionarc.com\/ro\/wp-json\/wp\/v2\/product\/3070\/revisions"}],"wp:featuredmedia":[{"embeddable":true,"href":"https:\/\/distribucionarc.com\/ro\/wp-json\/wp\/v2\/media\/3076"}],"wp:attachment":[{"href":"https:\/\/distribucionarc.com\/ro\/wp-json\/wp\/v2\/media?parent=3070"}],"wp:term":[{"taxonomy":"product_brand","embeddable":true,"href":"https:\/\/distribucionarc.com\/ro\/wp-json\/wp\/v2\/product_brand?post=3070"},{"taxonomy":"product_cat","embeddable":true,"href":"https:\/\/distribucionarc.com\/ro\/wp-json\/wp\/v2\/product_cat?post=3070"},{"taxonomy":"product_tag","embeddable":true,"href":"https:\/\/distribucionarc.com\/ro\/wp-json\/wp\/v2\/product_tag?post=3070"}],"curies":[{"name":"wp","href":"https:\/\/api.w.org\/{rel}","templated":true}]}}