{"id":3131,"date":"2020-10-01T15:46:09","date_gmt":"2020-10-01T15:46:09","guid":{"rendered":"https:\/\/distribucionarc.com\/?post_type=product&#038;p=3131"},"modified":"2023-01-12T02:47:55","modified_gmt":"2023-01-12T02:47:55","slug":"scaun-cu-rotile-pentru-a-urca-scarile","status":"publish","type":"product","link":"https:\/\/distribucionarc.com\/ro\/producto\/silla-de-ruedas-para-subir-escaleras\/","title":{"rendered":"Scaun cu rotile pentru urcat scarile"},"content":{"rendered":"<h3>Scaun cu rotile pentru urcat scarile<\/h3>\n<p>Scaunul \u0219i spatele <strong>scaun cu rotile <span style=\"color: #ff0000;\">LA<\/span><span style=\"color: #0000ff;\">R<\/span>c<\/strong> Sunt pufoase, moi \u0219i confortabile, de asemenea u\u0219or de sterilizat \u0219i de cur\u0103\u021bat. Dou\u0103 curele asigur\u0103 siguran\u021ba utilizatorilor la urcarea\/cobor\u00e2rea sc\u0103rilor. Cotiera pliabil\u0103 \u0219i suportul pentru picioare sunt ergonomice.  Suporta o capacitate mare de pana la 160 kg<\/p>\n<p>\u015eenile de cauciuc s-au \u00eengro\u015fat \u015fi s-au alungit. Se deschid \u0219i se \u00eenchid pur \u0219i simplu cu o ap\u0103sare u\u0219oar\u0103. Sunt concepute pentru a contracara gravita\u021bia \u0219i cobor\u00e2rea lent\u0103 cu frecare. Rotile sunt realizate din cauciuc, rezistente la zgarieturi si durabile.<\/p>\n<p>Spatele lui <strong>scaun de evacuare <span style=\"color: #ff0000;\">LA<\/span><span style=\"color: #0000ff;\">R<\/span>CSRE1<\/strong> Este proiectat cu dou\u0103 m\u00e2nere pliate care se blocheaz\u0103 \u00een pozi\u021bie, permi\u021b\u00e2nd operatorilor m\u00e2nere anti-alunecare pentru o manevrare sigur\u0103 \u0219i o direc\u021bie u\u0219oar\u0103. M\u00e2nerele din fa\u021b\u0103 sunt retractabile prin ap\u0103sarea butonului ro\u0219u, folosit pentru ridicarea scaunului.<\/p>\n<h6><strong>garan\u021bie\u00a0<\/strong><span style=\"color: #ff0000;\"><strong>LA<\/strong><span style=\"color: #0000ff;\"><strong>R<\/strong><\/span><\/span><strong>C 2 ANI<\/strong><\/h6>\n<h6><strong>suport tehnic inclus<\/strong><\/h6>\n<p>&nbsp;<\/p>\n<table width=\"100%\">\n<tbody>\n<tr>\n<td>Tip:<\/td>\n<td width=\"50%\">Manual<\/td>\n<td colspan=\"2\" width=\"327\"><\/td>\n<\/tr>\n<tr>\n<td>\u021aara de distribu\u021bie:<\/td>\n<td width=\"50%\">Spania, Germania, SUA<\/td>\n<td>Greutate:<\/td>\n<td width=\"50%\">26 kg<\/td>\n<\/tr>\n<tr>\n<td>Marca:<\/td>\n<td width=\"50%\">ARC<\/td>\n<td>\u00cen\u0103l\u0163ime:<\/td>\n<td width=\"50%\">105 cm<\/td>\n<\/tr>\n<tr>\n<td>Culoare:<\/td>\n<td width=\"50%\">Galben, negru<\/td>\n<td>Lung:<\/td>\n<td width=\"50%\">\u00a074 cm<\/td>\n<\/tr>\n<tr>\n<td>Tip produs:<\/td>\n<td width=\"50%\">scaun cu rotile scara<\/td>\n<td>Larg:<\/td>\n<td width=\"50%\">49 cm<\/td>\n<\/tr>\n<tr>\n<td>Numar producator:<\/td>\n<td width=\"50%\">ARCSRE1<\/td>\n<td>Tip de alpinist:<\/td>\n<td width=\"50%\">piste armate<\/td>\n<\/tr>\n<tr>\n<td>Material:<\/td>\n<td width=\"50%\">\u00a0aliaj de aluminiu, cauciuc \u00eengro\u0219at<\/td>\n<td>Inaltime maxima:<\/td>\n<td width=\"50%\">162 cm<\/td>\n<\/tr>\n<tr>\n<td>Garantie:<\/td>\n<td width=\"50%\">2 ANI<\/td>\n<td>Material scaun:<\/td>\n<td width=\"50%\">Spum\u0103 c\u0103ptu\u0219it\u0103<\/td>\n<\/tr>\n<tr>\n<td>Instrumente de instalare:<\/td>\n<td width=\"50%\">Da<\/td>\n<td>Material roata:<\/td>\n<td width=\"50%\">cauciuc<\/td>\n<\/tr>\n<\/tbody>\n<\/table>","protected":false},"excerpt":{"rendered":"<h2>Scaun cu rotile pentru urcat scarile<\/h2>\n<p>Cu asta <strong>scaun cu rotile <span style=\"color: #ff0000;\">LA<\/span><span style=\"color: #0000ff;\">R<\/span>c<\/strong> poate transporta pacien\u021bii prin spa\u021bii \u00eenguste \u0219i \u00een sus sau \u00een jos pe sc\u0103ri, \u00een siguran\u021b\u0103 \u0219i eficient. Echipat cu un cadru robust din aluminiu, este suficient de puternic pentru a sus\u021bine p\u00e2n\u0103 la <strong>160 kg<\/strong>. Centura de siguran\u021b\u0103 corporal\u0103 \u0219i alte modele ergonomice asigur\u0103 confortul \u0219i siguran\u021ba utilizatorilor. M\u00e2nerele cu diferite func\u021bii v\u0103 permit s\u0103 manevrezi acest lucru <strong>scaun de scar\u0103<\/strong> u\u015for.<\/p>\n<h6><strong>garan\u021bie\u00a0<\/strong><span style=\"color: #ff0000;\"><strong>LA<\/strong><span style=\"color: #0000ff;\"><strong>R<\/strong><\/span><\/span><strong>C 2 ANI<\/strong><\/h6>\n<h6><strong>suport tehnic inclus<\/strong><\/h6>","protected":false},"featured_media":3403,"comment_status":"open","ping_status":"closed","template":"","meta":{"wds_primary_product_brand":0,"wds_primary_product_cat":0},"product_brand":[],"product_cat":[69],"product_tag":[],"class_list":{"0":"post-3131","1":"product","2":"type-product","3":"status-publish","4":"has-post-thumbnail","6":"product_cat-maquinas-variadas","7":"product_shipping_class-express","9":"first","10":"instock","11":"taxable","12":"shipping-taxable","13":"purchasable","14":"product-type-simple"},"yoast_head":"<!-- This site is optimized with the Yoast SEO Premium plugin v24.9 (Yoast SEO v26.1) - https:\/\/yoast.com\/wordpress\/plugins\/seo\/ -->\n<title>Silla de ruedas para subir escaleras - distribuci\u00f3n ARC<\/title>\n<meta name=\"robots\" content=\"index, follow, max-snippet:-1, max-image-preview:large, max-video-preview:-1\" \/>\n<link rel=\"canonical\" href=\"https:\/\/distribucionarc.com\/ro\/produs\/scaun-cu-rotile-pentru-a-urca-scarile\/\" \/>\n<meta property=\"og:locale\" content=\"ro_RO\" \/>\n<meta property=\"og:type\" content=\"article\" \/>\n<meta property=\"og:title\" content=\"Silla de ruedas para subir escaleras\" \/>\n<meta property=\"og:description\" content=\"Silla de ruedas para subir escaleras Con esta silla de ruedas ARC puede transportar pacientes a trav\u00e9s de espacios reducidos y subir o bajar escaleras, de manera segura adem\u00e1s de eficiente. Equipada con un robusto marco de aluminio es lo suficientemente fuerte como para soportar hasta 160 Kg. El cintur\u00f3n de seguridad para el cuerpo y otros dise\u00f1os ergon\u00f3micos garantizan la comodidad y seguridad de los usuarios. Los mangos de diferentes funciones permiten maniobrar esta silla para escaleras f\u00e1cilmente. Garant\u00eda\u00a0ARC 2 A\u00d1OS soporte t\u00e9cnico\u00a0incluido\" \/>\n<meta property=\"og:url\" content=\"https:\/\/distribucionarc.com\/ro\/produs\/scaun-cu-rotile-pentru-a-urca-scarile\/\" \/>\n<meta property=\"og:site_name\" content=\"distribuci\u00f3n ARC\" \/>\n<meta property=\"article:modified_time\" content=\"2023-01-12T02:47:55+00:00\" \/>\n<meta property=\"og:image\" content=\"https:\/\/distribucionarc.com\/wp-content\/uploads\/2020\/10\/Silla-de-ruedas-para-subir-escaleras-0.jpg\" \/>\n\t<meta property=\"og:image:width\" content=\"1600\" \/>\n\t<meta property=\"og:image:height\" content=\"1600\" \/>\n\t<meta property=\"og:image:type\" content=\"image\/jpeg\" \/>\n<meta name=\"twitter:card\" content=\"summary_large_image\" \/>\n<meta name=\"twitter:label1\" content=\"Timp estimat pentru citire\" \/>\n\t<meta name=\"twitter:data1\" content=\"1 minut\" \/>\n<script type=\"application\/ld+json\" class=\"yoast-schema-graph\">{\"@context\":\"https:\/\/schema.org\",\"@graph\":[{\"@type\":\"WebPage\",\"@id\":\"https:\/\/distribucionarc.com\/nl\/producto\/silla-de-ruedas-para-subir-escaleras\/\",\"url\":\"https:\/\/distribucionarc.com\/nl\/producto\/silla-de-ruedas-para-subir-escaleras\/\",\"name\":\"Silla de ruedas para subir escaleras - distribuci\u00f3n ARC\",\"isPartOf\":{\"@id\":\"https:\/\/distribucionarc.com\/ro\/#website\"},\"primaryImageOfPage\":{\"@id\":\"https:\/\/distribucionarc.com\/nl\/producto\/silla-de-ruedas-para-subir-escaleras\/#primaryimage\"},\"image\":{\"@id\":\"https:\/\/distribucionarc.com\/nl\/producto\/silla-de-ruedas-para-subir-escaleras\/#primaryimage\"},\"thumbnailUrl\":\"https:\/\/distribucionarc.com\/wp-content\/uploads\/2020\/10\/Silla-de-ruedas-para-subir-escaleras-0.jpg\",\"datePublished\":\"2020-10-01T15:46:09+00:00\",\"dateModified\":\"2023-01-12T02:47:55+00:00\",\"breadcrumb\":{\"@id\":\"https:\/\/distribucionarc.com\/nl\/producto\/silla-de-ruedas-para-subir-escaleras\/#breadcrumb\"},\"inLanguage\":\"ro-RO\",\"potentialAction\":[{\"@type\":\"ReadAction\",\"target\":[\"https:\/\/distribucionarc.com\/nl\/producto\/silla-de-ruedas-para-subir-escaleras\/\"]}]},{\"@type\":\"ImageObject\",\"inLanguage\":\"ro-RO\",\"@id\":\"https:\/\/distribucionarc.com\/nl\/producto\/silla-de-ruedas-para-subir-escaleras\/#primaryimage\",\"url\":\"https:\/\/distribucionarc.com\/wp-content\/uploads\/2020\/10\/Silla-de-ruedas-para-subir-escaleras-0.jpg\",\"contentUrl\":\"https:\/\/distribucionarc.com\/wp-content\/uploads\/2020\/10\/Silla-de-ruedas-para-subir-escaleras-0.jpg\",\"width\":1600,\"height\":1600,\"caption\":\"Silla de ruedas para subir escaleras\"},{\"@type\":\"BreadcrumbList\",\"@id\":\"https:\/\/distribucionarc.com\/nl\/producto\/silla-de-ruedas-para-subir-escaleras\/#breadcrumb\",\"itemListElement\":[{\"@type\":\"ListItem\",\"position\":1,\"name\":\"Portada\",\"item\":\"https:\/\/distribucionarc.com\/ar\/\"},{\"@type\":\"ListItem\",\"position\":2,\"name\":\"Proizvodi\",\"item\":\"https:\/\/www.distribucionarc.com\/hr\/ducan\/\"},{\"@type\":\"ListItem\",\"position\":3,\"name\":\"Silla de ruedas para subir escaleras\"}]},{\"@type\":\"WebSite\",\"@id\":\"https:\/\/distribucionarc.com\/ro\/#website\",\"url\":\"https:\/\/distribucionarc.com\/ro\/\",\"name\":\"distribuci\u00f3n ARC\",\"description\":\"Empresa especializada en la fabricaci\u00f3n y distribuci\u00f3n de maquinaria industrial, selladoras de latas, Maquinas de hacer pastillas, Maquinas de cortar carne...\",\"publisher\":{\"@id\":\"https:\/\/distribucionarc.com\/ro\/#organization\"},\"potentialAction\":[{\"@type\":\"SearchAction\",\"target\":{\"@type\":\"EntryPoint\",\"urlTemplate\":\"https:\/\/distribucionarc.com\/ro\/?s={search_term_string}\"},\"query-input\":{\"@type\":\"PropertyValueSpecification\",\"valueRequired\":true,\"valueName\":\"search_term_string\"}}],\"inLanguage\":\"ro-RO\"},{\"@type\":\"Organization\",\"@id\":\"https:\/\/distribucionarc.com\/ro\/#organization\",\"name\":\"Distribuci\u00f3n ARC\",\"url\":\"https:\/\/distribucionarc.com\/ro\/\",\"logo\":{\"@type\":\"ImageObject\",\"inLanguage\":\"ro-RO\",\"@id\":\"https:\/\/distribucionarc.com\/ro\/#\/schema\/logo\/image\/\",\"url\":\"https:\/\/distribucionarc.com\/wp-content\/uploads\/2024\/10\/distribucion-ARC-COLOR-SIN-FONDO-e1732295305345.png\",\"contentUrl\":\"https:\/\/distribucionarc.com\/wp-content\/uploads\/2024\/10\/distribucion-ARC-COLOR-SIN-FONDO-e1732295305345.png\",\"width\":1164,\"height\":558,\"caption\":\"Distribuci\u00f3n ARC\"},\"image\":{\"@id\":\"https:\/\/distribucionarc.com\/ro\/#\/schema\/logo\/image\/\"},\"description\":\"Empresa especializada en la fabricaci\u00f3n y distribuci\u00f3n de maquinaria industrial para los sectores alimentario y farmac\u00e9utico. Nos especializamos en: M\u00e1quinas de cortar carne Fabricaci\u00f3n de comprimidos Sistemas de transporte industrial L\u00edneas de embotellado Dosificadores Y mucho m\u00e1s... Ofrecemos soluciones innovadoras y personalizadas para optimizar los procesos productivos de tu empresa.\",\"email\":\"Admistracion@distribucionarc.com\",\"telephone\":\"+34 643496664\",\"legalName\":\"ARC TECH SOLUTIONS\",\"foundingDate\":\"2024-04-09\",\"vatID\":\"B55480172\",\"numberOfEmployees\":{\"@type\":\"QuantitativeValue\",\"minValue\":\"1\",\"maxValue\":\"10\"}}]}<\/script>\n<!-- \/ Yoast SEO Premium plugin. -->","yoast_head_json":{"title":"Scaun rulant pentru urcat scarile - distributie ARC","robots":{"index":"index","follow":"follow","max-snippet":"max-snippet:-1","max-image-preview":"max-image-preview:large","max-video-preview":"max-video-preview:-1"},"canonical":"https:\/\/distribucionarc.com\/ro\/produs\/scaun-cu-rotile-pentru-a-urca-scarile\/","og_locale":"ro_RO","og_type":"article","og_title":"Silla de ruedas para subir escaleras","og_description":"Silla de ruedas para subir escaleras Con esta silla de ruedas ARC puede transportar pacientes a trav\u00e9s de espacios reducidos y subir o bajar escaleras, de manera segura adem\u00e1s de eficiente. Equipada con un robusto marco de aluminio es lo suficientemente fuerte como para soportar hasta 160 Kg. El cintur\u00f3n de seguridad para el cuerpo y otros dise\u00f1os ergon\u00f3micos garantizan la comodidad y seguridad de los usuarios. Los mangos de diferentes funciones permiten maniobrar esta silla para escaleras f\u00e1cilmente. Garant\u00eda\u00a0ARC 2 A\u00d1OS soporte t\u00e9cnico\u00a0incluido","og_url":"https:\/\/distribucionarc.com\/ro\/produs\/scaun-cu-rotile-pentru-a-urca-scarile\/","og_site_name":"distribuci\u00f3n ARC","article_modified_time":"2023-01-12T02:47:55+00:00","og_image":[{"width":1600,"height":1600,"url":"https:\/\/distribucionarc.com\/wp-content\/uploads\/2020\/10\/Silla-de-ruedas-para-subir-escaleras-0.jpg","type":"image\/jpeg"}],"twitter_card":"summary_large_image","twitter_misc":{"Timp estimat pentru citire":"1 minut"},"schema":{"@context":"https:\/\/schema.org","@graph":[{"@type":"WebPage","@id":"https:\/\/distribucionarc.com\/nl\/producto\/silla-de-ruedas-para-subir-escaleras\/","url":"https:\/\/distribucionarc.com\/nl\/producto\/silla-de-ruedas-para-subir-escaleras\/","name":"Scaun rulant pentru urcat scarile - distributie ARC","isPartOf":{"@id":"https:\/\/distribucionarc.com\/ro\/#website"},"primaryImageOfPage":{"@id":"https:\/\/distribucionarc.com\/nl\/producto\/silla-de-ruedas-para-subir-escaleras\/#primaryimage"},"image":{"@id":"https:\/\/distribucionarc.com\/nl\/producto\/silla-de-ruedas-para-subir-escaleras\/#primaryimage"},"thumbnailUrl":"https:\/\/distribucionarc.com\/wp-content\/uploads\/2020\/10\/Silla-de-ruedas-para-subir-escaleras-0.jpg","datePublished":"2020-10-01T15:46:09+00:00","dateModified":"2023-01-12T02:47:55+00:00","breadcrumb":{"@id":"https:\/\/distribucionarc.com\/nl\/producto\/silla-de-ruedas-para-subir-escaleras\/#breadcrumb"},"inLanguage":"ro-RO","potentialAction":[{"@type":"ReadAction","target":["https:\/\/distribucionarc.com\/nl\/producto\/silla-de-ruedas-para-subir-escaleras\/"]}]},{"@type":"ImageObject","inLanguage":"ro-RO","@id":"https:\/\/distribucionarc.com\/nl\/producto\/silla-de-ruedas-para-subir-escaleras\/#primaryimage","url":"https:\/\/distribucionarc.com\/wp-content\/uploads\/2020\/10\/Silla-de-ruedas-para-subir-escaleras-0.jpg","contentUrl":"https:\/\/distribucionarc.com\/wp-content\/uploads\/2020\/10\/Silla-de-ruedas-para-subir-escaleras-0.jpg","width":1600,"height":1600,"caption":"Silla de ruedas para subir escaleras"},{"@type":"BreadcrumbList","@id":"https:\/\/distribucionarc.com\/nl\/producto\/silla-de-ruedas-para-subir-escaleras\/#breadcrumb","itemListElement":[{"@type":"ListItem","position":1,"name":"Portada","item":"https:\/\/distribucionarc.com\/ar\/"},{"@type":"ListItem","position":2,"name":"Proizvodi","item":"https:\/\/www.distribucionarc.com\/hr\/ducan\/"},{"@type":"ListItem","position":3,"name":"Silla de ruedas para subir escaleras"}]},{"@type":"WebSite","@id":"https:\/\/distribucionarc.com\/ro\/#website","url":"https:\/\/distribucionarc.com\/ro\/","name":"Distribu\u021bie ARC","description":"Companie specializat\u0103 \u00een fabricarea \u0219i distribu\u021bia de utilaje industriale, ma\u0219ini de sigilat cutii, ma\u0219ini de fabricat tablete, ma\u0219ini de t\u0103iat carne...","publisher":{"@id":"https:\/\/distribucionarc.com\/ro\/#organization"},"potentialAction":[{"@type":"SearchAction","target":{"@type":"EntryPoint","urlTemplate":"https:\/\/distribucionarc.com\/ro\/?s={search_term_string}"},"query-input":{"@type":"PropertyValueSpecification","valueRequired":true,"valueName":"search_term_string"}}],"inLanguage":"ro-RO"},{"@type":"Organization","@id":"https:\/\/distribucionarc.com\/ro\/#organization","name":"Distribu\u021bie ARC","url":"https:\/\/distribucionarc.com\/ro\/","logo":{"@type":"ImageObject","inLanguage":"ro-RO","@id":"https:\/\/distribucionarc.com\/ro\/#\/schema\/logo\/image\/","url":"https:\/\/distribucionarc.com\/wp-content\/uploads\/2024\/10\/distribucion-ARC-COLOR-SIN-FONDO-e1732295305345.png","contentUrl":"https:\/\/distribucionarc.com\/wp-content\/uploads\/2024\/10\/distribucion-ARC-COLOR-SIN-FONDO-e1732295305345.png","width":1164,"height":558,"caption":"Distribuci\u00f3n ARC"},"image":{"@id":"https:\/\/distribucionarc.com\/ro\/#\/schema\/logo\/image\/"},"description":"Companie specializat\u0103 \u00een fabricarea \u0219i distribu\u021bia de utilaje industriale pentru sectoarele alimentar \u0219i farmaceutic. Suntem specializa\u021bi \u00een: Ma\u0219ini de t\u0103iat carne Fabricarea tabletelor Sisteme de transport industrial Linii de \u00eembuteliere Distribuitoare \u0218i multe altele... Oferim solu\u021bii inovatoare \u0219i personalizate pentru a optimiza procesele de produc\u021bie ale companiei dumneavoastr\u0103.","email":"Admistracion@distribucionarc.com","telephone":"+34 643496664","legalName":"ARC TECH SOLUTIONS","foundingDate":"2024-04-09","vatID":"B55480172","numberOfEmployees":{"@type":"QuantitativeValue","minValue":"1","maxValue":"10"}}]}},"_links":{"self":[{"href":"https:\/\/distribucionarc.com\/ro\/wp-json\/wp\/v2\/product\/3131","targetHints":{"allow":["GET"]}}],"collection":[{"href":"https:\/\/distribucionarc.com\/ro\/wp-json\/wp\/v2\/product"}],"about":[{"href":"https:\/\/distribucionarc.com\/ro\/wp-json\/wp\/v2\/types\/product"}],"replies":[{"embeddable":true,"href":"https:\/\/distribucionarc.com\/ro\/wp-json\/wp\/v2\/comments?post=3131"}],"version-history":[{"count":0,"href":"https:\/\/distribucionarc.com\/ro\/wp-json\/wp\/v2\/product\/3131\/revisions"}],"wp:featuredmedia":[{"embeddable":true,"href":"https:\/\/distribucionarc.com\/ro\/wp-json\/wp\/v2\/media\/3403"}],"wp:attachment":[{"href":"https:\/\/distribucionarc.com\/ro\/wp-json\/wp\/v2\/media?parent=3131"}],"wp:term":[{"taxonomy":"product_brand","embeddable":true,"href":"https:\/\/distribucionarc.com\/ro\/wp-json\/wp\/v2\/product_brand?post=3131"},{"taxonomy":"product_cat","embeddable":true,"href":"https:\/\/distribucionarc.com\/ro\/wp-json\/wp\/v2\/product_cat?post=3131"},{"taxonomy":"product_tag","embeddable":true,"href":"https:\/\/distribucionarc.com\/ro\/wp-json\/wp\/v2\/product_tag?post=3131"}],"curies":[{"name":"wp","href":"https:\/\/api.w.org\/{rel}","templated":true}]}}