{"id":342,"date":"2020-04-17T21:49:05","date_gmt":"2020-04-17T21:49:05","guid":{"rendered":"https:\/\/distribucionarc.com\/?post_type=product&#038;p=342"},"modified":"2022-10-15T21:16:01","modified_gmt":"2022-10-15T21:16:01","slug":"masina-de-dozare-imbuteliat-masina-de-umplere-cu-mixer-100ml-%f0%9f%94%9b-1000ml","status":"publish","type":"product","link":"https:\/\/distribucionarc.com\/ro\/producto\/dosificadora-embotelladora-llenadora-con-batidor-100ml-%f0%9f%94%9b-1000ml\/","title":{"rendered":"Dozator, imbuteliare, umplere cu tel 100 ml? 1000 ml"},"content":{"rendered":"<h3><strong>Dozator, imbuteliare, umplere cu tel 100 ml? 1000 ml<\/strong><\/h3>\n<p>&nbsp;<\/p>\n<p>Aceasta masina este perfecta pentru dozarea produselor precum dulceturi sau sosuri care necesita un tel\/agitator astfel incat produsul sa fie in continua miscare Are un motor cu viteza reglabila Este important sa reglezi viteza pentru a-l adapta la produsul tau ma\u0219ina este fabricat\u0103 din o\u021bel inoxidabil 316, sunt utilizate materiale de calitate superioar\u0103, astfel \u00eenc\u00e2t dozatorul s\u0103 \u00eendeplineasc\u0103 cerin\u021bele noastre exigente de calitate.<\/p>\n<p>Ma\u0219ina de \u00eembuteliere este proiectat\u0103 pe module \u00cen caz de avarie sau defec\u021biune, v\u0103 punem la dispozi\u021bie modulul complet pentru \u00eenlocuire, v\u0103 oferim suport tehnic \u0219i avem o garan\u021bie de 2 ani.<\/p>\n<p>Are certificatul CE<\/p>\n<p>\u00cen acest videoclip v\u0103 ar\u0103t\u0103m ma\u0219ina \u00een func\u021biune<\/p>\n<ul>\n<li>Design robust al sistemului de supape rotative.<\/li>\n<li>Umplere cu piston pneumatic.<\/li>\n<li>Viteza de alimentare a pistonului este reglabil\u0103.<\/li>\n<li>Cap reglabil cu sistem anti-picurare.<\/li>\n<li>Precizie de umplere (+\/- 1%)<\/li>\n<li>\u00centre\u021binere \u0219i cur\u0103\u021bare u\u0219oar\u0103.<\/li>\n<li>O\u021bel inoxidabil alimentar.<\/li>\n<li>Foarte u\u0219or de operat.<\/li>\n<li>Piese pneumatice u\u0219or de asamblat \u0219i dezasamblat.<\/li>\n<li>Comutator de umplere automat \u0219i semi-automat.<\/li>\n<li>Manometru aer.<\/li>\n<li>Volum \u0219i vitez\u0103 de umplere reglabile.<\/li>\n<\/ul>\n<ul>\n<li style=\"list-style-type: none;\">\n<ul>\n<li>Interval de umplere: 100 \u2796 1000 ml.<\/li>\n<li>Capacitate bunc\u0103r: 50 Kg.<\/li>\n<li>Viteza de pana la: 30 sticle\/min.<\/li>\n<li>Cap de umplere: o singur\u0103 duz\u0103.<\/li>\n<li>Material ma\u0219in\u0103: o\u021bel inoxidabil 304\/316.<\/li>\n<li>2\ufe0f\u20e3 GARAN\u021aIE DE AN<\/li>\n<li>Suport tehnic<\/li>\n<\/ul>\n<\/li>\n<\/ul>\n<p><iframe loading=\"lazy\" src=\"https:\/\/www.youtube.com\/embed\/UUTPSwHZ3Lk\" width=\"560\" height=\"315\" frameborder=\"0\" allowfullscreen=\"allowfullscreen\"><\/iframe><\/p>","protected":false},"excerpt":{"rendered":"<p>Ma\u0219in\u0103 semiautomat\u0103 pentru umplerea lichidelor foarte v\u00e2scoase, antrenat\u0103 de un piston pneumatic, fabricat\u0103 cu materiale de calitate superioar\u0103. Echipat cu cinci supape care controleaz\u0103 fluxul de produse. Structur\u0103 cu design superior \u0219i toate modelele sunt u\u0219or de operat. Componentele pneumatice utilizate sunt fabricate \u00een Germania \u0219i Taiwan. Toate materialele de contact utilizate sunt din o\u021bel inoxidabil 316 \u00een conformitate cu cerin\u021bele GMP. Volumul \u0219i viteza de umplere pot fi reglate cu mare precizie.<\/p>","protected":false},"featured_media":343,"comment_status":"open","ping_status":"closed","template":"","meta":{"wds_primary_product_brand":0,"wds_primary_product_cat":0},"product_brand":[],"product_cat":[18,20,74,73,75,21],"product_tag":[],"class_list":{"0":"post-342","1":"product","2":"type-product","3":"status-publish","4":"has-post-thumbnail","6":"product_cat-dosificadoras","7":"product_cat-dosificadoras-de-pastosos","8":"product_cat-llenadoras-de-botellas","9":"product_cat-llenadoras-de-liquidos","10":"product_cat-llenadoras-de-masas-y-salsas","11":"product_cat-maquinas-llenadoras","12":"product_shipping_class-express","14":"first","15":"instock","16":"sale","17":"taxable","18":"shipping-taxable","19":"purchasable","20":"product-type-simple"},"yoast_head":"<!-- This site is optimized with the Yoast SEO Premium plugin v24.9 (Yoast SEO v26.1) - https:\/\/yoast.com\/wordpress\/plugins\/seo\/ -->\n<title>Dosificadora, Embotelladora, Llenadora con Batidor 100 ml ? 1000 ml - distribuci\u00f3n ARC<\/title>\n<meta name=\"robots\" content=\"index, follow, max-snippet:-1, max-image-preview:large, max-video-preview:-1\" \/>\n<link rel=\"canonical\" href=\"https:\/\/distribucionarc.com\/ro\/produs\/masina-de-dozare-imbuteliat-masina-de-umplere-cu-mixer-100ml-\ud83d\udd1b-1000ml\/\" \/>\n<meta property=\"og:locale\" content=\"ro_RO\" \/>\n<meta property=\"og:type\" content=\"article\" \/>\n<meta property=\"og:title\" content=\"Dosificadora, Embotelladora, Llenadora con Batidor 100 ml ? 1000 ml\" \/>\n<meta property=\"og:description\" content=\"M\u00e1quina para llenado de l\u00edquidos muy viscosos semiautom\u00e1tica, impulsada por un pist\u00f3n neum\u00e1tico, fabricada con materiales de primera calidad. Equipada con cinco v\u00e1lvulas que controlan el flujo de los productos. Estructura con dise\u00f1o superior y todos los modelos son f\u00e1ciles de operar. Los componentes neum\u00e1ticos utilizados son hechos en Alemania y Taiwan. Todos los materiales de contacto utilizados, son de acero inoxidable 316 de acuerdo con los requisitos de GMP. La cantidad de volumen y la velocidad de llenado pueden ser regulados con una gran precisi\u00f3n.\" \/>\n<meta property=\"og:url\" content=\"https:\/\/distribucionarc.com\/ro\/produs\/masina-de-dozare-imbuteliat-masina-de-umplere-cu-mixer-100ml-\ud83d\udd1b-1000ml\/\" \/>\n<meta property=\"og:site_name\" content=\"distribuci\u00f3n ARC\" \/>\n<meta property=\"article:modified_time\" content=\"2022-10-15T21:16:01+00:00\" \/>\n<meta property=\"og:image\" content=\"https:\/\/distribucionarc.com\/wp-content\/uploads\/2020\/04\/Dosificadora_Embotelladora_Llenadora_con_batidor_100ml_?_1000ml_0.jpg\" \/>\n\t<meta property=\"og:image:width\" content=\"1\" \/>\n\t<meta property=\"og:image:height\" content=\"1\" \/>\n\t<meta property=\"og:image:type\" content=\"image\/jpeg\" \/>\n<meta name=\"twitter:card\" content=\"summary_large_image\" \/>\n<meta name=\"twitter:label1\" content=\"Timp estimat pentru citire\" \/>\n\t<meta name=\"twitter:data1\" content=\"1 minut\" \/>\n<script type=\"application\/ld+json\" class=\"yoast-schema-graph\">{\"@context\":\"https:\/\/schema.org\",\"@graph\":[{\"@type\":\"WebPage\",\"@id\":\"https:\/\/distribucionarc.com\/it\/producto\/dosificadora-embotelladora-llenadora-con-batidor-100ml-%f0%9f%94%9b-1000ml\/\",\"url\":\"https:\/\/distribucionarc.com\/it\/producto\/dosificadora-embotelladora-llenadora-con-batidor-100ml-%f0%9f%94%9b-1000ml\/\",\"name\":\"Dosificadora, Embotelladora, Llenadora con Batidor 100 ml ? 1000 ml - distribuci\u00f3n ARC\",\"isPartOf\":{\"@id\":\"https:\/\/www.distribucionarc.com\/sl\/#website\"},\"primaryImageOfPage\":{\"@id\":\"https:\/\/distribucionarc.com\/it\/producto\/dosificadora-embotelladora-llenadora-con-batidor-100ml-%f0%9f%94%9b-1000ml\/#primaryimage\"},\"image\":{\"@id\":\"https:\/\/distribucionarc.com\/it\/producto\/dosificadora-embotelladora-llenadora-con-batidor-100ml-%f0%9f%94%9b-1000ml\/#primaryimage\"},\"thumbnailUrl\":\"https:\/\/distribucionarc.com\/wp-content\/uploads\/2020\/04\/Dosificadora_Embotelladora_Llenadora_con_batidor_100ml_?_1000ml_0.jpg\",\"datePublished\":\"2020-04-17T21:49:05+00:00\",\"dateModified\":\"2022-10-15T21:16:01+00:00\",\"breadcrumb\":{\"@id\":\"https:\/\/distribucionarc.com\/it\/producto\/dosificadora-embotelladora-llenadora-con-batidor-100ml-%f0%9f%94%9b-1000ml\/#breadcrumb\"},\"inLanguage\":\"ro-RO\",\"potentialAction\":[{\"@type\":\"ReadAction\",\"target\":[\"https:\/\/distribucionarc.com\/it\/producto\/dosificadora-embotelladora-llenadora-con-batidor-100ml-%f0%9f%94%9b-1000ml\/\"]}]},{\"@type\":\"ImageObject\",\"inLanguage\":\"ro-RO\",\"@id\":\"https:\/\/distribucionarc.com\/it\/producto\/dosificadora-embotelladora-llenadora-con-batidor-100ml-%f0%9f%94%9b-1000ml\/#primaryimage\",\"url\":\"https:\/\/distribucionarc.com\/wp-content\/uploads\/2020\/04\/Dosificadora_Embotelladora_Llenadora_con_batidor_100ml_?_1000ml_0.jpg\",\"contentUrl\":\"https:\/\/distribucionarc.com\/wp-content\/uploads\/2020\/04\/Dosificadora_Embotelladora_Llenadora_con_batidor_100ml_?_1000ml_0.jpg\"},{\"@type\":\"BreadcrumbList\",\"@id\":\"https:\/\/distribucionarc.com\/it\/producto\/dosificadora-embotelladora-llenadora-con-batidor-100ml-%f0%9f%94%9b-1000ml\/#breadcrumb\",\"itemListElement\":[{\"@type\":\"ListItem\",\"position\":1,\"name\":\"Portada\",\"item\":\"https:\/\/www.distribucionarc.com\/\"},{\"@type\":\"ListItem\",\"position\":2,\"name\":\"\u00dcr\u00fcnler\",\"item\":\"https:\/\/www.distribucionarc.com\/tr\/magaza\/\"},{\"@type\":\"ListItem\",\"position\":3,\"name\":\"Dosificadora, Embotelladora, Llenadora con Batidor 100 ml ? 1000 ml\"}]},{\"@type\":\"WebSite\",\"@id\":\"https:\/\/www.distribucionarc.com\/sl\/#website\",\"url\":\"https:\/\/www.distribucionarc.com\/sl\/\",\"name\":\"distribuci\u00f3n ARC\",\"description\":\"Empresa especializada en la fabricaci\u00f3n y distribuci\u00f3n de maquinaria industrial, selladoras de latas, Maquinas de hacer pastillas, Maquinas de cortar carne...\",\"publisher\":{\"@id\":\"https:\/\/www.distribucionarc.com\/sl\/#organization\"},\"potentialAction\":[{\"@type\":\"SearchAction\",\"target\":{\"@type\":\"EntryPoint\",\"urlTemplate\":\"https:\/\/www.distribucionarc.com\/sl\/?s={search_term_string}\"},\"query-input\":{\"@type\":\"PropertyValueSpecification\",\"valueRequired\":true,\"valueName\":\"search_term_string\"}}],\"inLanguage\":\"ro-RO\"},{\"@type\":\"Organization\",\"@id\":\"https:\/\/www.distribucionarc.com\/sl\/#organization\",\"name\":\"Distribuci\u00f3n ARC\",\"url\":\"https:\/\/www.distribucionarc.com\/sl\/\",\"logo\":{\"@type\":\"ImageObject\",\"inLanguage\":\"ro-RO\",\"@id\":\"https:\/\/www.distribucionarc.com\/sl\/#\/schema\/logo\/image\/\",\"url\":\"https:\/\/distribucionarc.com\/wp-content\/uploads\/2024\/10\/distribucion-ARC-COLOR-SIN-FONDO-e1732295305345.png\",\"contentUrl\":\"https:\/\/distribucionarc.com\/wp-content\/uploads\/2024\/10\/distribucion-ARC-COLOR-SIN-FONDO-e1732295305345.png\",\"width\":1164,\"height\":558,\"caption\":\"Distribuci\u00f3n ARC\"},\"image\":{\"@id\":\"https:\/\/www.distribucionarc.com\/sl\/#\/schema\/logo\/image\/\"},\"description\":\"Empresa especializada en la fabricaci\u00f3n y distribuci\u00f3n de maquinaria industrial para los sectores alimentario y farmac\u00e9utico. Nos especializamos en: M\u00e1quinas de cortar carne Fabricaci\u00f3n de comprimidos Sistemas de transporte industrial L\u00edneas de embotellado Dosificadores Y mucho m\u00e1s... Ofrecemos soluciones innovadoras y personalizadas para optimizar los procesos productivos de tu empresa.\",\"email\":\"Admistracion@distribucionarc.com\",\"telephone\":\"+34 643496664\",\"legalName\":\"ARC TECH SOLUTIONS\",\"foundingDate\":\"2024-04-09\",\"vatID\":\"B55480172\",\"numberOfEmployees\":{\"@type\":\"QuantitativeValue\",\"minValue\":\"1\",\"maxValue\":\"10\"}}]}<\/script>\n<!-- \/ Yoast SEO Premium plugin. -->","yoast_head_json":{"title":"Dozator, imbuteliare, umplere cu tel 100 ml? 1000 ml - distribu\u021bie ARC","robots":{"index":"index","follow":"follow","max-snippet":"max-snippet:-1","max-image-preview":"max-image-preview:large","max-video-preview":"max-video-preview:-1"},"canonical":"https:\/\/distribucionarc.com\/ro\/produs\/masina-de-dozare-imbuteliat-masina-de-umplere-cu-mixer-100ml-\ud83d\udd1b-1000ml\/","og_locale":"ro_RO","og_type":"article","og_title":"Dosificadora, Embotelladora, Llenadora con Batidor 100 ml ? 1000 ml","og_description":"M\u00e1quina para llenado de l\u00edquidos muy viscosos semiautom\u00e1tica, impulsada por un pist\u00f3n neum\u00e1tico, fabricada con materiales de primera calidad. Equipada con cinco v\u00e1lvulas que controlan el flujo de los productos. Estructura con dise\u00f1o superior y todos los modelos son f\u00e1ciles de operar. Los componentes neum\u00e1ticos utilizados son hechos en Alemania y Taiwan. Todos los materiales de contacto utilizados, son de acero inoxidable 316 de acuerdo con los requisitos de GMP. La cantidad de volumen y la velocidad de llenado pueden ser regulados con una gran precisi\u00f3n.","og_url":"https:\/\/distribucionarc.com\/ro\/produs\/masina-de-dozare-imbuteliat-masina-de-umplere-cu-mixer-100ml-\ud83d\udd1b-1000ml\/","og_site_name":"distribuci\u00f3n ARC","article_modified_time":"2022-10-15T21:16:01+00:00","og_image":[{"url":"https:\/\/distribucionarc.com\/wp-content\/uploads\/2020\/04\/Dosificadora_Embotelladora_Llenadora_con_batidor_100ml_?_1000ml_0.jpg","width":1,"height":1,"type":"image\/jpeg"}],"twitter_card":"summary_large_image","twitter_misc":{"Timp estimat pentru citire":"1 minut"},"schema":{"@context":"https:\/\/schema.org","@graph":[{"@type":"WebPage","@id":"https:\/\/distribucionarc.com\/it\/producto\/dosificadora-embotelladora-llenadora-con-batidor-100ml-%f0%9f%94%9b-1000ml\/","url":"https:\/\/distribucionarc.com\/it\/producto\/dosificadora-embotelladora-llenadora-con-batidor-100ml-%f0%9f%94%9b-1000ml\/","name":"Dozator, imbuteliare, umplere cu tel 100 ml? 1000 ml - distribu\u021bie ARC","isPartOf":{"@id":"https:\/\/www.distribucionarc.com\/sl\/#website"},"primaryImageOfPage":{"@id":"https:\/\/distribucionarc.com\/it\/producto\/dosificadora-embotelladora-llenadora-con-batidor-100ml-%f0%9f%94%9b-1000ml\/#primaryimage"},"image":{"@id":"https:\/\/distribucionarc.com\/it\/producto\/dosificadora-embotelladora-llenadora-con-batidor-100ml-%f0%9f%94%9b-1000ml\/#primaryimage"},"thumbnailUrl":"https:\/\/distribucionarc.com\/wp-content\/uploads\/2020\/04\/Dosificadora_Embotelladora_Llenadora_con_batidor_100ml_?_1000ml_0.jpg","datePublished":"2020-04-17T21:49:05+00:00","dateModified":"2022-10-15T21:16:01+00:00","breadcrumb":{"@id":"https:\/\/distribucionarc.com\/it\/producto\/dosificadora-embotelladora-llenadora-con-batidor-100ml-%f0%9f%94%9b-1000ml\/#breadcrumb"},"inLanguage":"ro-RO","potentialAction":[{"@type":"ReadAction","target":["https:\/\/distribucionarc.com\/it\/producto\/dosificadora-embotelladora-llenadora-con-batidor-100ml-%f0%9f%94%9b-1000ml\/"]}]},{"@type":"ImageObject","inLanguage":"ro-RO","@id":"https:\/\/distribucionarc.com\/it\/producto\/dosificadora-embotelladora-llenadora-con-batidor-100ml-%f0%9f%94%9b-1000ml\/#primaryimage","url":"https:\/\/distribucionarc.com\/wp-content\/uploads\/2020\/04\/Dosificadora_Embotelladora_Llenadora_con_batidor_100ml_?_1000ml_0.jpg","contentUrl":"https:\/\/distribucionarc.com\/wp-content\/uploads\/2020\/04\/Dosificadora_Embotelladora_Llenadora_con_batidor_100ml_?_1000ml_0.jpg"},{"@type":"BreadcrumbList","@id":"https:\/\/distribucionarc.com\/it\/producto\/dosificadora-embotelladora-llenadora-con-batidor-100ml-%f0%9f%94%9b-1000ml\/#breadcrumb","itemListElement":[{"@type":"ListItem","position":1,"name":"Portada","item":"https:\/\/www.distribucionarc.com\/"},{"@type":"ListItem","position":2,"name":"\u00dcr\u00fcnler","item":"https:\/\/www.distribucionarc.com\/tr\/magaza\/"},{"@type":"ListItem","position":3,"name":"Dosificadora, Embotelladora, Llenadora con Batidor 100 ml ? 1000 ml"}]},{"@type":"WebSite","@id":"https:\/\/www.distribucionarc.com\/sl\/#website","url":"https:\/\/www.distribucionarc.com\/sl\/","name":"Distribu\u021bie ARC","description":"Companie specializat\u0103 \u00een fabricarea \u0219i distribu\u021bia de utilaje industriale, ma\u0219ini de sigilat cutii, ma\u0219ini de fabricat tablete, ma\u0219ini de t\u0103iat carne...","publisher":{"@id":"https:\/\/www.distribucionarc.com\/sl\/#organization"},"potentialAction":[{"@type":"SearchAction","target":{"@type":"EntryPoint","urlTemplate":"https:\/\/www.distribucionarc.com\/sl\/?s={search_term_string}"},"query-input":{"@type":"PropertyValueSpecification","valueRequired":true,"valueName":"search_term_string"}}],"inLanguage":"ro-RO"},{"@type":"Organization","@id":"https:\/\/www.distribucionarc.com\/sl\/#organization","name":"Distribu\u021bie ARC","url":"https:\/\/www.distribucionarc.com\/sl\/","logo":{"@type":"ImageObject","inLanguage":"ro-RO","@id":"https:\/\/www.distribucionarc.com\/sl\/#\/schema\/logo\/image\/","url":"https:\/\/distribucionarc.com\/wp-content\/uploads\/2024\/10\/distribucion-ARC-COLOR-SIN-FONDO-e1732295305345.png","contentUrl":"https:\/\/distribucionarc.com\/wp-content\/uploads\/2024\/10\/distribucion-ARC-COLOR-SIN-FONDO-e1732295305345.png","width":1164,"height":558,"caption":"Distribuci\u00f3n ARC"},"image":{"@id":"https:\/\/www.distribucionarc.com\/sl\/#\/schema\/logo\/image\/"},"description":"Companie specializat\u0103 \u00een fabricarea \u0219i distribu\u021bia de utilaje industriale pentru sectoarele alimentar \u0219i farmaceutic. Suntem specializa\u021bi \u00een: Ma\u0219ini de t\u0103iat carne Fabricarea tabletelor Sisteme de transport industrial Linii de \u00eembuteliere Distribuitoare \u0218i multe altele... Oferim solu\u021bii inovatoare \u0219i personalizate pentru a optimiza procesele de produc\u021bie ale companiei dumneavoastr\u0103.","email":"Admistracion@distribucionarc.com","telephone":"+34 643496664","legalName":"ARC TECH SOLUTIONS","foundingDate":"2024-04-09","vatID":"B55480172","numberOfEmployees":{"@type":"QuantitativeValue","minValue":"1","maxValue":"10"}}]}},"_links":{"self":[{"href":"https:\/\/distribucionarc.com\/ro\/wp-json\/wp\/v2\/product\/342","targetHints":{"allow":["GET"]}}],"collection":[{"href":"https:\/\/distribucionarc.com\/ro\/wp-json\/wp\/v2\/product"}],"about":[{"href":"https:\/\/distribucionarc.com\/ro\/wp-json\/wp\/v2\/types\/product"}],"replies":[{"embeddable":true,"href":"https:\/\/distribucionarc.com\/ro\/wp-json\/wp\/v2\/comments?post=342"}],"version-history":[{"count":0,"href":"https:\/\/distribucionarc.com\/ro\/wp-json\/wp\/v2\/product\/342\/revisions"}],"wp:featuredmedia":[{"embeddable":true,"href":"https:\/\/distribucionarc.com\/ro\/wp-json\/wp\/v2\/media\/343"}],"wp:attachment":[{"href":"https:\/\/distribucionarc.com\/ro\/wp-json\/wp\/v2\/media?parent=342"}],"wp:term":[{"taxonomy":"product_brand","embeddable":true,"href":"https:\/\/distribucionarc.com\/ro\/wp-json\/wp\/v2\/product_brand?post=342"},{"taxonomy":"product_cat","embeddable":true,"href":"https:\/\/distribucionarc.com\/ro\/wp-json\/wp\/v2\/product_cat?post=342"},{"taxonomy":"product_tag","embeddable":true,"href":"https:\/\/distribucionarc.com\/ro\/wp-json\/wp\/v2\/product_tag?post=342"}],"curies":[{"name":"wp","href":"https:\/\/api.w.org\/{rel}","templated":true}]}}