{"id":3456,"date":"2020-10-02T15:43:08","date_gmt":"2020-10-02T15:43:08","guid":{"rendered":"https:\/\/distribucionarc.com\/?post_type=product&#038;p=3456"},"modified":"2020-10-08T15:05:18","modified_gmt":"2020-10-08T15:05:18","slug":"electrostatic-sistem-vopsire-pulbere","status":"publish","type":"product","link":"https:\/\/distribucionarc.com\/ro\/producto\/sistema-de-pintado-en-polvo-electrostatico\/","title":{"rendered":"Sistem electrostatic de vopsire cu pulbere"},"content":{"rendered":"<h3>Sistem electrostatic de vopsire cu pulbere<\/h3>\n<p>Acest <strong>ma\u0219in\u0103 de vopsit cu pulbere<span style=\"color: #ff0000;\"> LA<\/span><span style=\"color: #0000ff;\">R<\/span>c<\/strong> Are un volum mic, dar asigur\u0103 o mare utilizare Designul m\u00e2nerului reduce oboseala utilizatorului, rezisten\u021ba sa ridicat\u0103 la \u00eengro\u0219are previne foarte mult \u00eentre\u021binerea.<\/p>\n<p>Protec\u021bia circuitului v\u0103 permite s\u0103 regla\u021bi nivelul de tensiune pentru a v\u0103 asigura un efect de pulverizare perfect. La r\u00e2ndul s\u0103u, modulul de \u00eenalt\u0103 tensiune din apropierea duzei poate fi schimbat la o tensiune mai mare sau mai mic\u0103 pentru a facilita \u00eentre\u021binerea.<\/p>\n<p>El <strong>sistem electrostatic de vopsire<span style=\"color: #ff0000;\"> LA<\/span><span style=\"color: #0000ff;\">R<\/span>CSPP40<\/strong> Are dou\u0103 modele centrale de gaz pentru a \u00eembun\u0103t\u0103\u021bi efectul de desc\u0103rcare, astfel \u00eenc\u00e2t acul s\u0103 nu mai fie pulbere fluid\u0103 ghidat\u0103 de ac. Fluxul de aer atomizat \u00eembun\u0103t\u0103\u021be\u0219te foarte mult calitatea acoperirii. Utilizarea componentelor pneumatice transform\u0103 presiunea aerului \u00eentr-o putere mai mic\u0103 pentru a cre\u0219te semnificativ puterea de pulverizare.<\/p>\n<h6><strong>garan\u021bie\u00a0<span style=\"color: #ff0000;\">LA<\/span><span style=\"color: #0000ff;\">R<\/span>C 2 ANI<\/strong><\/h6>\n<h6><span style=\"color: #008000;\">Ma\u0219in\u0103 de vopsit cu pulbere, consum redus 30w<\/span><\/h6>\n<h6><strong>suport tehnic inclus<\/strong><\/h6>\n<p>&nbsp;<\/p>\n<p>&nbsp;<\/p>\n<table role=\"presentation\" width=\"100%\" cellspacing=\"0\" cellpadding=\"0\">\n<tbody>\n<tr>\n<td class=\"attrLabels\">Temperatur\u0103:<\/td>\n<td width=\"50.0%\">Rece: 5 \u2013 12 \u00baC Cald: 50 \u2013 58 \u00baC<\/td>\n<\/tr>\n<tr>\n<td class=\"attrLabels\">\u021aara de distribu\u021bie:<\/td>\n<td width=\"50.0%\">Spania, Germania, SUA<\/td>\n<td class=\"attrLabels\">Greutate:<\/td>\n<td width=\"50.0%\">25,4 kg<\/td>\n<\/tr>\n<tr>\n<td class=\"attrLabels\">Marca:<\/td>\n<td width=\"50.0%\">ARC<\/td>\n<td class=\"attrLabels\">\u00cen\u0103l\u0163ime:<\/td>\n<td width=\"50.0%\">60 cm<\/td>\n<\/tr>\n<tr>\n<td class=\"attrLabels\">Culoare:<\/td>\n<td width=\"50.0%\">Argintiu, galben<\/td>\n<td class=\"attrLabels\">Lung:<\/td>\n<td width=\"50.0%\">48 cm<\/td>\n<\/tr>\n<tr>\n<td class=\"attrLabels\">Tip produs:<\/td>\n<td width=\"50.0%\">Sistem electrostatic de vopsire<\/td>\n<td class=\"attrLabels\">Larg:<\/td>\n<td width=\"50.0%\">\u00a048 cm<\/td>\n<\/tr>\n<tr>\n<td class=\"attrLabels\">Numar producator:<\/td>\n<td width=\"50.0%\">ARCSPP40<\/td>\n<td class=\"attrLabels\">Putere:<\/td>\n<td width=\"50.0%\">30W<\/td>\n<\/tr>\n<tr>\n<td class=\"attrLabels\">Material:<\/td>\n<td width=\"50.0%\">o\u0163el inoxidabil<\/td>\n<td class=\"attrLabels\">tensiune de intrare<\/td>\n<td width=\"50.0%\">220V \u2013 50\/60Hz<\/td>\n<\/tr>\n<tr>\n<td class=\"attrLabels\">Garantie:<\/td>\n<td width=\"50.0%\">2 ANI<\/td>\n<td class=\"attrLabels\">Greutatea butoiului:<\/td>\n<td width=\"50.0%\">480 g<\/td>\n<\/tr>\n<tr>\n<td class=\"attrLabels\">Instrumente de instalare:<\/td>\n<td width=\"50.0%\">Da<\/td>\n<td class=\"attrLabels\">Capacitate bunc\u0103r:<\/td>\n<td width=\"50.0%\">40 litri<\/td>\n<\/tr>\n<\/tbody>\n<\/table>","protected":false},"excerpt":{"rendered":"<h2>Sistem electrostatic de vopsire cu pulbere<\/h2>\n<p>Acest <strong>ma\u0219in\u0103 de vopsit cu pulbere electrostatic\u0103<\/strong> este un proces de finisare uscat\u0103, care utilizeaz\u0103 particule fin m\u0103cinate de pigment \u0219i r\u0103\u0219in\u0103 care sunt de obicei \u00eenc\u0103rcate electrostatic \u0219i pulverizate pe piesele \u00eemp\u0103m\u00e2ntate electric. Particulele de pulbere \u00eenc\u0103rcate ader\u0103 la p\u0103r\u021bi \u0219i r\u0103m\u00e2n acolo p\u00e2n\u0103 c\u00e2nd se topesc \u0219i se topesc \u00eentr-un strat neted \u00eentr-un cuptor de \u00eent\u0103rire.<\/p>\n<h6><strong>garan\u021bie\u00a0<span style=\"color: #ff0000;\">LA<\/span><span style=\"color: #0000ff;\">R<\/span>C 2 ANI<\/strong><\/h6>\n<h6><span style=\"color: #008000;\">Ma\u0219in\u0103 de vopsit cu pulbere, consum redus 30w<\/span><\/h6>\n<h6><strong>suport tehnic inclus<\/strong><\/h6>","protected":false},"featured_media":3464,"comment_status":"open","ping_status":"closed","template":"","meta":{"wds_primary_product_brand":0,"wds_primary_product_cat":0},"product_brand":[],"product_cat":[71,69],"product_tag":[],"class_list":{"0":"post-3456","1":"product","2":"type-product","3":"status-publish","4":"has-post-thumbnail","6":"product_cat-maquinas-para-pintar","7":"product_cat-maquinas-variadas","8":"product_shipping_class-express","10":"first","11":"instock","12":"sale","13":"taxable","14":"shipping-taxable","15":"purchasable","16":"product-type-simple"},"yoast_head":"<!-- This site is optimized with the Yoast SEO Premium plugin v24.9 (Yoast SEO v26.1) - https:\/\/yoast.com\/wordpress\/plugins\/seo\/ -->\n<title>Sistema de pintado en polvo electrost\u00e1tico - distribuci\u00f3n ARC<\/title>\n<meta name=\"robots\" content=\"index, follow, max-snippet:-1, max-image-preview:large, max-video-preview:-1\" \/>\n<link rel=\"canonical\" href=\"https:\/\/www.distribucionarc.com\/en\/producto\/sistema-de-pintado-en-polvo-electrostatico\/\" \/>\n<meta property=\"og:locale\" content=\"ro_RO\" \/>\n<meta property=\"og:type\" content=\"article\" \/>\n<meta property=\"og:title\" content=\"Sistema de pintado en polvo electrost\u00e1tico\" \/>\n<meta property=\"og:description\" content=\"Sistema de pintado en polvo electrost\u00e1tico Esta m\u00e1quina de recubrimiento en polvo electrost\u00e1tico es un proceso de acabado en seco, que utiliza part\u00edculas finamente molidas de pigmento y resina que generalmente se cargan electrost\u00e1ticamente y se pulverizan sobre piezas el\u00e9ctricamente puestas a tierra. Las part\u00edculas de polvo cargadas se adhieren a las piezas y se mantienen all\u00ed hasta que se derriten y se fusionan en un recubrimiento liso en un horno de curado. Garant\u00eda\u00a0ARC 2 A\u00d1OS M\u00e1quina de recubrimiento en polvo, bajo consumo 30w soporte t\u00e9cnico incluido\" \/>\n<meta property=\"og:url\" content=\"https:\/\/www.distribucionarc.com\/en\/producto\/sistema-de-pintado-en-polvo-electrostatico\/\" \/>\n<meta property=\"og:site_name\" content=\"distribuci\u00f3n ARC\" \/>\n<meta property=\"article:modified_time\" content=\"2020-10-08T15:05:18+00:00\" \/>\n<meta property=\"og:image\" content=\"https:\/\/distribucionarc.com\/wp-content\/uploads\/2020\/10\/Sistema-de-pintado-en-polvo-electrost\u00e1tico-0.jpg\" \/>\n\t<meta property=\"og:image:width\" content=\"1001\" \/>\n\t<meta property=\"og:image:height\" content=\"1001\" \/>\n\t<meta property=\"og:image:type\" content=\"image\/jpeg\" \/>\n<meta name=\"twitter:card\" content=\"summary_large_image\" \/>\n<meta name=\"twitter:label1\" content=\"Timp estimat pentru citire\" \/>\n\t<meta name=\"twitter:data1\" content=\"1 minut\" \/>\n<script type=\"application\/ld+json\" class=\"yoast-schema-graph\">{\"@context\":\"https:\/\/schema.org\",\"@graph\":[{\"@type\":\"WebPage\",\"@id\":\"https:\/\/www.distribucionarc.com\/en\/producto\/sistema-de-pintado-en-polvo-electrostatico\/\",\"url\":\"https:\/\/www.distribucionarc.com\/en\/producto\/sistema-de-pintado-en-polvo-electrostatico\/\",\"name\":\"Sistema de pintado en polvo electrost\u00e1tico - distribuci\u00f3n ARC\",\"isPartOf\":{\"@id\":\"https:\/\/www.distribucionarc.com\/#website\"},\"primaryImageOfPage\":{\"@id\":\"https:\/\/www.distribucionarc.com\/en\/producto\/sistema-de-pintado-en-polvo-electrostatico\/#primaryimage\"},\"image\":{\"@id\":\"https:\/\/www.distribucionarc.com\/en\/producto\/sistema-de-pintado-en-polvo-electrostatico\/#primaryimage\"},\"thumbnailUrl\":\"https:\/\/distribucionarc.com\/wp-content\/uploads\/2020\/10\/Sistema-de-pintado-en-polvo-electrost\u00e1tico-0.jpg\",\"datePublished\":\"2020-10-02T15:43:08+00:00\",\"dateModified\":\"2020-10-08T15:05:18+00:00\",\"breadcrumb\":{\"@id\":\"https:\/\/www.distribucionarc.com\/en\/producto\/sistema-de-pintado-en-polvo-electrostatico\/#breadcrumb\"},\"inLanguage\":\"ro-RO\",\"potentialAction\":[{\"@type\":\"ReadAction\",\"target\":[\"https:\/\/www.distribucionarc.com\/en\/producto\/sistema-de-pintado-en-polvo-electrostatico\/\"]}]},{\"@type\":\"ImageObject\",\"inLanguage\":\"ro-RO\",\"@id\":\"https:\/\/www.distribucionarc.com\/en\/producto\/sistema-de-pintado-en-polvo-electrostatico\/#primaryimage\",\"url\":\"https:\/\/distribucionarc.com\/wp-content\/uploads\/2020\/10\/Sistema-de-pintado-en-polvo-electrost\u00e1tico-0.jpg\",\"contentUrl\":\"https:\/\/distribucionarc.com\/wp-content\/uploads\/2020\/10\/Sistema-de-pintado-en-polvo-electrost\u00e1tico-0.jpg\",\"width\":1001,\"height\":1001,\"caption\":\"Sistema de pintado en polvo electrost\u00e1tico\"},{\"@type\":\"BreadcrumbList\",\"@id\":\"https:\/\/www.distribucionarc.com\/en\/producto\/sistema-de-pintado-en-polvo-electrostatico\/#breadcrumb\",\"itemListElement\":[{\"@type\":\"ListItem\",\"position\":1,\"name\":\"Portada\",\"item\":\"https:\/\/distribucionarc.com\/pl\/\"},{\"@type\":\"ListItem\",\"position\":2,\"name\":\"\u0627\u0644\u0645\u0646\u062a\u062c\u0627\u062a\",\"item\":\"https:\/\/www.distribucionarc.com\/ar\/%d9%85%d8%ad%d9%84\/\"},{\"@type\":\"ListItem\",\"position\":3,\"name\":\"Sistema de pintado en polvo electrost\u00e1tico\"}]},{\"@type\":\"WebSite\",\"@id\":\"https:\/\/www.distribucionarc.com\/#website\",\"url\":\"https:\/\/www.distribucionarc.com\/\",\"name\":\"distribuci\u00f3n ARC\",\"description\":\"Empresa especializada en la fabricaci\u00f3n y distribuci\u00f3n de maquinaria industrial, selladoras de latas, Maquinas de hacer pastillas, Maquinas de cortar carne...\",\"publisher\":{\"@id\":\"https:\/\/www.distribucionarc.com\/#organization\"},\"potentialAction\":[{\"@type\":\"SearchAction\",\"target\":{\"@type\":\"EntryPoint\",\"urlTemplate\":\"https:\/\/www.distribucionarc.com\/?s={search_term_string}\"},\"query-input\":{\"@type\":\"PropertyValueSpecification\",\"valueRequired\":true,\"valueName\":\"search_term_string\"}}],\"inLanguage\":\"ro-RO\"},{\"@type\":\"Organization\",\"@id\":\"https:\/\/www.distribucionarc.com\/#organization\",\"name\":\"Distribuci\u00f3n ARC\",\"url\":\"https:\/\/www.distribucionarc.com\/\",\"logo\":{\"@type\":\"ImageObject\",\"inLanguage\":\"ro-RO\",\"@id\":\"https:\/\/www.distribucionarc.com\/#\/schema\/logo\/image\/\",\"url\":\"https:\/\/distribucionarc.com\/wp-content\/uploads\/2024\/10\/distribucion-ARC-COLOR-SIN-FONDO-e1732295305345.png\",\"contentUrl\":\"https:\/\/distribucionarc.com\/wp-content\/uploads\/2024\/10\/distribucion-ARC-COLOR-SIN-FONDO-e1732295305345.png\",\"width\":1164,\"height\":558,\"caption\":\"Distribuci\u00f3n ARC\"},\"image\":{\"@id\":\"https:\/\/www.distribucionarc.com\/#\/schema\/logo\/image\/\"},\"description\":\"Empresa especializada en la fabricaci\u00f3n y distribuci\u00f3n de maquinaria industrial para los sectores alimentario y farmac\u00e9utico. Nos especializamos en: M\u00e1quinas de cortar carne Fabricaci\u00f3n de comprimidos Sistemas de transporte industrial L\u00edneas de embotellado Dosificadores Y mucho m\u00e1s... Ofrecemos soluciones innovadoras y personalizadas para optimizar los procesos productivos de tu empresa.\",\"email\":\"Admistracion@distribucionarc.com\",\"telephone\":\"+34 643496664\",\"legalName\":\"ARC TECH SOLUTIONS\",\"foundingDate\":\"2024-04-09\",\"vatID\":\"B55480172\",\"numberOfEmployees\":{\"@type\":\"QuantitativeValue\",\"minValue\":\"1\",\"maxValue\":\"10\"}}]}<\/script>\n<!-- \/ Yoast SEO Premium plugin. -->","yoast_head_json":{"title":"Sistem electrostatic de vopsire cu pulbere - distributie ARC","robots":{"index":"index","follow":"follow","max-snippet":"max-snippet:-1","max-image-preview":"max-image-preview:large","max-video-preview":"max-video-preview:-1"},"canonical":"https:\/\/www.distribucionarc.com\/en\/producto\/sistema-de-pintado-en-polvo-electrostatico\/","og_locale":"ro_RO","og_type":"article","og_title":"Sistema de pintado en polvo electrost\u00e1tico","og_description":"Sistema de pintado en polvo electrost\u00e1tico Esta m\u00e1quina de recubrimiento en polvo electrost\u00e1tico es un proceso de acabado en seco, que utiliza part\u00edculas finamente molidas de pigmento y resina que generalmente se cargan electrost\u00e1ticamente y se pulverizan sobre piezas el\u00e9ctricamente puestas a tierra. Las part\u00edculas de polvo cargadas se adhieren a las piezas y se mantienen all\u00ed hasta que se derriten y se fusionan en un recubrimiento liso en un horno de curado. Garant\u00eda\u00a0ARC 2 A\u00d1OS M\u00e1quina de recubrimiento en polvo, bajo consumo 30w soporte t\u00e9cnico incluido","og_url":"https:\/\/www.distribucionarc.com\/en\/producto\/sistema-de-pintado-en-polvo-electrostatico\/","og_site_name":"distribuci\u00f3n ARC","article_modified_time":"2020-10-08T15:05:18+00:00","og_image":[{"width":1001,"height":1001,"url":"https:\/\/distribucionarc.com\/wp-content\/uploads\/2020\/10\/Sistema-de-pintado-en-polvo-electrost\u00e1tico-0.jpg","type":"image\/jpeg"}],"twitter_card":"summary_large_image","twitter_misc":{"Timp estimat pentru citire":"1 minut"},"schema":{"@context":"https:\/\/schema.org","@graph":[{"@type":"WebPage","@id":"https:\/\/www.distribucionarc.com\/en\/producto\/sistema-de-pintado-en-polvo-electrostatico\/","url":"https:\/\/www.distribucionarc.com\/en\/producto\/sistema-de-pintado-en-polvo-electrostatico\/","name":"Sistem electrostatic de vopsire cu pulbere - distributie ARC","isPartOf":{"@id":"https:\/\/www.distribucionarc.com\/#website"},"primaryImageOfPage":{"@id":"https:\/\/www.distribucionarc.com\/en\/producto\/sistema-de-pintado-en-polvo-electrostatico\/#primaryimage"},"image":{"@id":"https:\/\/www.distribucionarc.com\/en\/producto\/sistema-de-pintado-en-polvo-electrostatico\/#primaryimage"},"thumbnailUrl":"https:\/\/distribucionarc.com\/wp-content\/uploads\/2020\/10\/Sistema-de-pintado-en-polvo-electrost\u00e1tico-0.jpg","datePublished":"2020-10-02T15:43:08+00:00","dateModified":"2020-10-08T15:05:18+00:00","breadcrumb":{"@id":"https:\/\/www.distribucionarc.com\/en\/producto\/sistema-de-pintado-en-polvo-electrostatico\/#breadcrumb"},"inLanguage":"ro-RO","potentialAction":[{"@type":"ReadAction","target":["https:\/\/www.distribucionarc.com\/en\/producto\/sistema-de-pintado-en-polvo-electrostatico\/"]}]},{"@type":"ImageObject","inLanguage":"ro-RO","@id":"https:\/\/www.distribucionarc.com\/en\/producto\/sistema-de-pintado-en-polvo-electrostatico\/#primaryimage","url":"https:\/\/distribucionarc.com\/wp-content\/uploads\/2020\/10\/Sistema-de-pintado-en-polvo-electrost\u00e1tico-0.jpg","contentUrl":"https:\/\/distribucionarc.com\/wp-content\/uploads\/2020\/10\/Sistema-de-pintado-en-polvo-electrost\u00e1tico-0.jpg","width":1001,"height":1001,"caption":"Sistema de pintado en polvo electrost\u00e1tico"},{"@type":"BreadcrumbList","@id":"https:\/\/www.distribucionarc.com\/en\/producto\/sistema-de-pintado-en-polvo-electrostatico\/#breadcrumb","itemListElement":[{"@type":"ListItem","position":1,"name":"Portada","item":"https:\/\/distribucionarc.com\/pl\/"},{"@type":"ListItem","position":2,"name":"\u0627\u0644\u0645\u0646\u062a\u062c\u0627\u062a","item":"https:\/\/www.distribucionarc.com\/ar\/%d9%85%d8%ad%d9%84\/"},{"@type":"ListItem","position":3,"name":"Sistema de pintado en polvo electrost\u00e1tico"}]},{"@type":"WebSite","@id":"https:\/\/www.distribucionarc.com\/#website","url":"https:\/\/www.distribucionarc.com\/","name":"Distribu\u021bie ARC","description":"Companie specializat\u0103 \u00een fabricarea \u0219i distribu\u021bia de utilaje industriale, ma\u0219ini de sigilat cutii, ma\u0219ini de fabricat tablete, ma\u0219ini de t\u0103iat carne...","publisher":{"@id":"https:\/\/www.distribucionarc.com\/#organization"},"potentialAction":[{"@type":"SearchAction","target":{"@type":"EntryPoint","urlTemplate":"https:\/\/www.distribucionarc.com\/?s={search_term_string}"},"query-input":{"@type":"PropertyValueSpecification","valueRequired":true,"valueName":"search_term_string"}}],"inLanguage":"ro-RO"},{"@type":"Organization","@id":"https:\/\/www.distribucionarc.com\/#organization","name":"Distribu\u021bie ARC","url":"https:\/\/www.distribucionarc.com\/","logo":{"@type":"ImageObject","inLanguage":"ro-RO","@id":"https:\/\/www.distribucionarc.com\/#\/schema\/logo\/image\/","url":"https:\/\/distribucionarc.com\/wp-content\/uploads\/2024\/10\/distribucion-ARC-COLOR-SIN-FONDO-e1732295305345.png","contentUrl":"https:\/\/distribucionarc.com\/wp-content\/uploads\/2024\/10\/distribucion-ARC-COLOR-SIN-FONDO-e1732295305345.png","width":1164,"height":558,"caption":"Distribuci\u00f3n ARC"},"image":{"@id":"https:\/\/www.distribucionarc.com\/#\/schema\/logo\/image\/"},"description":"Companie specializat\u0103 \u00een fabricarea \u0219i distribu\u021bia de utilaje industriale pentru sectoarele alimentar \u0219i farmaceutic. Suntem specializa\u021bi \u00een: Ma\u0219ini de t\u0103iat carne Fabricarea tabletelor Sisteme de transport industrial Linii de \u00eembuteliere Distribuitoare \u0218i multe altele... Oferim solu\u021bii inovatoare \u0219i personalizate pentru a optimiza procesele de produc\u021bie ale companiei dumneavoastr\u0103.","email":"Admistracion@distribucionarc.com","telephone":"+34 643496664","legalName":"ARC TECH SOLUTIONS","foundingDate":"2024-04-09","vatID":"B55480172","numberOfEmployees":{"@type":"QuantitativeValue","minValue":"1","maxValue":"10"}}]}},"_links":{"self":[{"href":"https:\/\/distribucionarc.com\/ro\/wp-json\/wp\/v2\/product\/3456","targetHints":{"allow":["GET"]}}],"collection":[{"href":"https:\/\/distribucionarc.com\/ro\/wp-json\/wp\/v2\/product"}],"about":[{"href":"https:\/\/distribucionarc.com\/ro\/wp-json\/wp\/v2\/types\/product"}],"replies":[{"embeddable":true,"href":"https:\/\/distribucionarc.com\/ro\/wp-json\/wp\/v2\/comments?post=3456"}],"version-history":[{"count":0,"href":"https:\/\/distribucionarc.com\/ro\/wp-json\/wp\/v2\/product\/3456\/revisions"}],"wp:featuredmedia":[{"embeddable":true,"href":"https:\/\/distribucionarc.com\/ro\/wp-json\/wp\/v2\/media\/3464"}],"wp:attachment":[{"href":"https:\/\/distribucionarc.com\/ro\/wp-json\/wp\/v2\/media?parent=3456"}],"wp:term":[{"taxonomy":"product_brand","embeddable":true,"href":"https:\/\/distribucionarc.com\/ro\/wp-json\/wp\/v2\/product_brand?post=3456"},{"taxonomy":"product_cat","embeddable":true,"href":"https:\/\/distribucionarc.com\/ro\/wp-json\/wp\/v2\/product_cat?post=3456"},{"taxonomy":"product_tag","embeddable":true,"href":"https:\/\/distribucionarc.com\/ro\/wp-json\/wp\/v2\/product_tag?post=3456"}],"curies":[{"name":"wp","href":"https:\/\/api.w.org\/{rel}","templated":true}]}}