{"id":3656,"date":"2020-10-06T08:43:12","date_gmt":"2020-10-06T08:43:12","guid":{"rendered":"https:\/\/distribucionarc.com\/?post_type=product&#038;p=3656"},"modified":"2023-11-13T10:16:14","modified_gmt":"2023-11-13T10:16:14","slug":"masina-bobinat-etichete","status":"publish","type":"product","link":"https:\/\/distribucionarc.com\/ro\/producto\/maquina-para-rebobinar-etiquetas\/","title":{"rendered":"Ma\u0219in\u0103 de bobinat etichete"},"content":{"rendered":"<h3>Ma\u0219in\u0103 de bobinat etichete<\/h3>\n<p>The <strong>ma\u0219in\u0103 de bobinat etichete <span style=\"color: #ff0000;\">LA<\/span><span style=\"color: #0000ff;\">R<\/span>c<\/strong> Este proiectat cu un buton de reglare manual\u0103 a vitezei. Roti\u021bi \u00een sensul acelor de ceasornic pentru a cre\u0219te viteza \u0219i \u00een sens invers acelor de ceasornic pentru a reduce viteza. Bara de defilare asigur\u0103 c\u0103 eticheta este \u00eengrijit\u0103 \u0219i previne alinierea gre\u0219it\u0103. Simplu de utilizat cu un comutator cu o singur\u0103 atingere pentru o operare sigur\u0103.<\/p>\n<p>Acest <strong>rebobinator electric <span style=\"color: #ff0000;\">LA<\/span><span style=\"color: #0000ff;\">R<\/span>CRE01<\/strong> Este realizat din otel inoxidabil si aluminiu ranforsat. Pentru a v\u0103 oferi un dispozitiv stabil \u0219i durabil. Gama de dimensiuni a rolei de etichete este: l\u0103\u021bimea rolei 115mm; diametrul exterior maxim de rulare 218 mm.<\/p>\n<p>The <strong>ma\u0219ini automate de bobinat etichete<\/strong> Ele pot fi utilizate cu diverse m\u0103rci de imprimante. Sunt potrivite pentru multe industrii care au nevoia de a derula cantit\u0103\u021bi mari de etichete, cum ar fi industria logistic\u0103, alimentar\u0103, farmaceutic\u0103 \u0219i electric\u0103.<\/p>\n<h6><strong>garan\u021bie\u00a0<span style=\"color: #ff0000;\">LA<\/span><span style=\"color: #0000ff;\">R<\/span>C 2 ANI<\/strong><\/h6>\n<h6><span style=\"color: #008000;\">Rebobinator electric eficient, consum redus 20w<\/span><\/h6>\n<h6><strong>suport tehnic inclus<\/strong><\/h6>\n<p>&nbsp;<\/p>\n<table role=\"presentation\" width=\"100%\" cellspacing=\"0\" cellpadding=\"0\">\n<tbody>\n<tr>\n<td class=\"attrLabels\">Marca:<\/td>\n<td width=\"50.0%\">ARC<\/td>\n<\/tr>\n<tr>\n<td class=\"attrLabels\">\u021aara de distribu\u021bie:<\/td>\n<td width=\"50.0%\">Spania, Germania, SUA<\/td>\n<td class=\"attrLabels\">Greutate:<\/td>\n<td width=\"50.0%\">3,5 kg<\/td>\n<\/tr>\n<tr>\n<td class=\"attrLabels\">Garantie:<\/td>\n<td width=\"50.0%\">2 ani<\/td>\n<td class=\"attrLabels\">\u00cen\u0103l\u0163ime:<\/td>\n<td width=\"50.0%\">24,1 cm<\/td>\n<\/tr>\n<tr>\n<td class=\"attrLabels\">Culoare:<\/td>\n<td width=\"50.0%\">Argint<\/td>\n<td class=\"attrLabels\">Lung:<\/td>\n<td width=\"50.0%\">20,3 cm<\/td>\n<\/tr>\n<tr>\n<td class=\"attrLabels\">Tip produs:<\/td>\n<td width=\"50.0%\">Ma\u0219in\u0103 de bobinat etichete<\/td>\n<td class=\"attrLabels\">Larg:<\/td>\n<td width=\"50.0%\">24,1 cm<\/td>\n<\/tr>\n<tr>\n<td class=\"attrLabels\">Numar producator:<\/td>\n<td width=\"50.0%\">ARCRE01<\/td>\n<td class=\"attrLabels\">Putere:<\/td>\n<td width=\"50.0%\">20W<\/td>\n<\/tr>\n<tr>\n<td class=\"attrLabels\">Material:<\/td>\n<td width=\"50.0%\">otel inoxidabil, aluminiu armat, control automat<\/td>\n<td class=\"attrLabels\">tensiune de intrare<\/td>\n<td width=\"50.0%\">220V \u2013 60Hz<\/td>\n<\/tr>\n<tr>\n<td class=\"attrLabels\">Instrumente de instalare:<\/td>\n<td width=\"50.0%\">Da<\/td>\n<td class=\"attrLabels\">Vitez\u0103:<\/td>\n<td width=\"50.0%\">0 \u2013 50 rpm reglabil<\/td>\n<\/tr>\n<tr>\n<td class=\"attrLabels\">Operare:<\/td>\n<td width=\"50.0%\">Electric\/manual<\/td>\n<td class=\"attrLabels\">Capacitate de num\u0103rare:<\/td>\n<td width=\"50.0%\">\u00a09999 de ture<\/td>\n<\/tr>\n<\/tbody>\n<\/table>","protected":false},"excerpt":{"rendered":"<h2>Ma\u0219in\u0103 de bobinat etichete<\/h2>\n<p>El<strong> derulare automat\u0103 a etichetei <span style=\"color: #ff0000;\">LA<\/span><span style=\"color: #0000ff;\">R<\/span>c<\/strong> Este ma\u0219ina potrivit\u0103 pentru industriile care \u00ee\u0219i realizeaz\u0103 propriile etichete, loturi, coduri de bare etc.; Configura\u021bi dispozitivul \u0219i activa\u021bi-l prin ap\u0103sarea unui buton pentru a le comanda \u00een c\u00e2teva minute.  Utilizarea acestui<strong> rebobinator de etichete<\/strong> V\u0103 va economisi for\u021ba de munc\u0103 \u0219i va reduce intensitatea muncii lucr\u0103torilor. Este un fel de dispozitiv practic potrivit pentru procesarea loturilor \u0219i imprimarea etichetelor.<\/p>\n<h6><strong>garan\u021bie\u00a0<span style=\"color: #ff0000;\">LA<\/span><span style=\"color: #0000ff;\">R<\/span>C 2 ANI<\/strong><\/h6>\n<h6><span style=\"color: #008000;\">Rebobinator electric eficient, consum redus 20w<\/span><\/h6>\n<h6><strong>suport tehnic inclus<\/strong><\/h6>","protected":false},"featured_media":3657,"comment_status":"open","ping_status":"closed","template":"","meta":{"wds_primary_product_brand":0,"wds_primary_product_cat":0},"product_brand":[],"product_cat":[44,69],"product_tag":[],"class_list":{"0":"post-3656","1":"product","2":"type-product","3":"status-publish","4":"has-post-thumbnail","6":"product_cat-etiquetadoras-de-botellas","7":"product_cat-maquinas-variadas","8":"product_shipping_class-hosteleria","10":"first","11":"instock","12":"taxable","13":"shipping-taxable","14":"purchasable","15":"product-type-simple"},"yoast_head":"<!-- This site is optimized with the Yoast SEO Premium plugin v24.9 (Yoast SEO v26.1) - https:\/\/yoast.com\/wordpress\/plugins\/seo\/ -->\n<title>M\u00e1quina para rebobinar etiquetas - distribuci\u00f3n ARC<\/title>\n<meta name=\"robots\" content=\"index, follow, max-snippet:-1, max-image-preview:large, max-video-preview:-1\" \/>\n<link rel=\"canonical\" href=\"https:\/\/www.distribucionarc.com\/pl\/producto\/maquina-para-rebobinar-etiquetas\/\" \/>\n<meta property=\"og:locale\" content=\"ro_RO\" \/>\n<meta property=\"og:type\" content=\"article\" \/>\n<meta property=\"og:title\" content=\"M\u00e1quina para rebobinar etiquetas\" \/>\n<meta property=\"og:description\" content=\"M\u00e1quina para rebobinar etiquetas El rebobinado autom\u00e1tico de etiquetas ARC es la m\u00e1quina adecuada para las industrias que elaboren sus propias etiquetas, lotes, c\u00f3digos de barras, etc; configure el dispositivo y acci\u00f3nelo pulsando un bot\u00f3n para ordenar las en unos minutos. \u00a0El uso de esta rebobinadora de etiquetas le ahorrar\u00e1 mano de obra y reducir\u00e1 la intensidad laboral de los trabajadores. Es un tipo de dispositivo pr\u00e1ctico adecuado para el procesamiento por lotes y la impresi\u00f3n de etiquetas. Garant\u00eda\u00a0ARC 2 A\u00d1OS Rebobinadora el\u00e9ctrica eficiente, bajo consumo 20w soporte t\u00e9cnico incluido\" \/>\n<meta property=\"og:url\" content=\"https:\/\/www.distribucionarc.com\/pl\/producto\/maquina-para-rebobinar-etiquetas\/\" \/>\n<meta property=\"og:site_name\" content=\"distribuci\u00f3n ARC\" \/>\n<meta property=\"article:modified_time\" content=\"2023-11-13T10:16:14+00:00\" \/>\n<meta property=\"og:image\" content=\"https:\/\/distribucionarc.com\/wp-content\/uploads\/2020\/10\/M\u00e1quina-para-rebobinar-etiquetas-0.jpg\" \/>\n\t<meta property=\"og:image:width\" content=\"1600\" \/>\n\t<meta property=\"og:image:height\" content=\"1600\" \/>\n\t<meta property=\"og:image:type\" content=\"image\/jpeg\" \/>\n<meta name=\"twitter:card\" content=\"summary_large_image\" \/>\n<meta name=\"twitter:label1\" content=\"Timp estimat pentru citire\" \/>\n\t<meta name=\"twitter:data1\" content=\"1 minut\" \/>\n<script type=\"application\/ld+json\" class=\"yoast-schema-graph\">{\"@context\":\"https:\/\/schema.org\",\"@graph\":[{\"@type\":\"WebPage\",\"@id\":\"https:\/\/www.distribucionarc.com\/pl\/producto\/maquina-para-rebobinar-etiquetas\/\",\"url\":\"https:\/\/www.distribucionarc.com\/pl\/producto\/maquina-para-rebobinar-etiquetas\/\",\"name\":\"M\u00e1quina para rebobinar etiquetas - distribuci\u00f3n ARC\",\"isPartOf\":{\"@id\":\"https:\/\/www.distribucionarc.com\/sl\/#website\"},\"primaryImageOfPage\":{\"@id\":\"https:\/\/www.distribucionarc.com\/pl\/producto\/maquina-para-rebobinar-etiquetas\/#primaryimage\"},\"image\":{\"@id\":\"https:\/\/www.distribucionarc.com\/pl\/producto\/maquina-para-rebobinar-etiquetas\/#primaryimage\"},\"thumbnailUrl\":\"https:\/\/distribucionarc.com\/wp-content\/uploads\/2020\/10\/M\u00e1quina-para-rebobinar-etiquetas-0.jpg\",\"datePublished\":\"2020-10-06T08:43:12+00:00\",\"dateModified\":\"2023-11-13T10:16:14+00:00\",\"breadcrumb\":{\"@id\":\"https:\/\/www.distribucionarc.com\/pl\/producto\/maquina-para-rebobinar-etiquetas\/#breadcrumb\"},\"inLanguage\":\"ro-RO\",\"potentialAction\":[{\"@type\":\"ReadAction\",\"target\":[\"https:\/\/www.distribucionarc.com\/pl\/producto\/maquina-para-rebobinar-etiquetas\/\"]}]},{\"@type\":\"ImageObject\",\"inLanguage\":\"ro-RO\",\"@id\":\"https:\/\/www.distribucionarc.com\/pl\/producto\/maquina-para-rebobinar-etiquetas\/#primaryimage\",\"url\":\"https:\/\/distribucionarc.com\/wp-content\/uploads\/2020\/10\/M\u00e1quina-para-rebobinar-etiquetas-0.jpg\",\"contentUrl\":\"https:\/\/distribucionarc.com\/wp-content\/uploads\/2020\/10\/M\u00e1quina-para-rebobinar-etiquetas-0.jpg\",\"width\":1600,\"height\":1600,\"caption\":\"M\u00e1quina para rebobinar etiquetas\"},{\"@type\":\"BreadcrumbList\",\"@id\":\"https:\/\/www.distribucionarc.com\/pl\/producto\/maquina-para-rebobinar-etiquetas\/#breadcrumb\",\"itemListElement\":[{\"@type\":\"ListItem\",\"position\":1,\"name\":\"Portada\",\"item\":\"https:\/\/www.distribucionarc.com\/\"},{\"@type\":\"ListItem\",\"position\":2,\"name\":\"\u00dcr\u00fcnler\",\"item\":\"https:\/\/www.distribucionarc.com\/tr\/magaza\/\"},{\"@type\":\"ListItem\",\"position\":3,\"name\":\"M\u00e1quina para rebobinar etiquetas\"}]},{\"@type\":\"WebSite\",\"@id\":\"https:\/\/www.distribucionarc.com\/sl\/#website\",\"url\":\"https:\/\/www.distribucionarc.com\/sl\/\",\"name\":\"distribuci\u00f3n ARC\",\"description\":\"Empresa especializada en la fabricaci\u00f3n y distribuci\u00f3n de maquinaria industrial, selladoras de latas, Maquinas de hacer pastillas, Maquinas de cortar carne...\",\"publisher\":{\"@id\":\"https:\/\/www.distribucionarc.com\/sl\/#organization\"},\"potentialAction\":[{\"@type\":\"SearchAction\",\"target\":{\"@type\":\"EntryPoint\",\"urlTemplate\":\"https:\/\/www.distribucionarc.com\/sl\/?s={search_term_string}\"},\"query-input\":{\"@type\":\"PropertyValueSpecification\",\"valueRequired\":true,\"valueName\":\"search_term_string\"}}],\"inLanguage\":\"ro-RO\"},{\"@type\":\"Organization\",\"@id\":\"https:\/\/www.distribucionarc.com\/sl\/#organization\",\"name\":\"Distribuci\u00f3n ARC\",\"url\":\"https:\/\/www.distribucionarc.com\/sl\/\",\"logo\":{\"@type\":\"ImageObject\",\"inLanguage\":\"ro-RO\",\"@id\":\"https:\/\/www.distribucionarc.com\/sl\/#\/schema\/logo\/image\/\",\"url\":\"https:\/\/distribucionarc.com\/wp-content\/uploads\/2024\/10\/distribucion-ARC-COLOR-SIN-FONDO-e1732295305345.png\",\"contentUrl\":\"https:\/\/distribucionarc.com\/wp-content\/uploads\/2024\/10\/distribucion-ARC-COLOR-SIN-FONDO-e1732295305345.png\",\"width\":1164,\"height\":558,\"caption\":\"Distribuci\u00f3n ARC\"},\"image\":{\"@id\":\"https:\/\/www.distribucionarc.com\/sl\/#\/schema\/logo\/image\/\"},\"description\":\"Empresa especializada en la fabricaci\u00f3n y distribuci\u00f3n de maquinaria industrial para los sectores alimentario y farmac\u00e9utico. Nos especializamos en: M\u00e1quinas de cortar carne Fabricaci\u00f3n de comprimidos Sistemas de transporte industrial L\u00edneas de embotellado Dosificadores Y mucho m\u00e1s... Ofrecemos soluciones innovadoras y personalizadas para optimizar los procesos productivos de tu empresa.\",\"email\":\"Admistracion@distribucionarc.com\",\"telephone\":\"+34 643496664\",\"legalName\":\"ARC TECH SOLUTIONS\",\"foundingDate\":\"2024-04-09\",\"vatID\":\"B55480172\",\"numberOfEmployees\":{\"@type\":\"QuantitativeValue\",\"minValue\":\"1\",\"maxValue\":\"10\"}}]}<\/script>\n<!-- \/ Yoast SEO Premium plugin. -->","yoast_head_json":{"title":"Ma\u0219in\u0103 de bobinat etichete - distribu\u021bie ARC","robots":{"index":"index","follow":"follow","max-snippet":"max-snippet:-1","max-image-preview":"max-image-preview:large","max-video-preview":"max-video-preview:-1"},"canonical":"https:\/\/www.distribucionarc.com\/pl\/producto\/maquina-para-rebobinar-etiquetas\/","og_locale":"ro_RO","og_type":"article","og_title":"M\u00e1quina para rebobinar etiquetas","og_description":"M\u00e1quina para rebobinar etiquetas El rebobinado autom\u00e1tico de etiquetas ARC es la m\u00e1quina adecuada para las industrias que elaboren sus propias etiquetas, lotes, c\u00f3digos de barras, etc; configure el dispositivo y acci\u00f3nelo pulsando un bot\u00f3n para ordenar las en unos minutos. \u00a0El uso de esta rebobinadora de etiquetas le ahorrar\u00e1 mano de obra y reducir\u00e1 la intensidad laboral de los trabajadores. Es un tipo de dispositivo pr\u00e1ctico adecuado para el procesamiento por lotes y la impresi\u00f3n de etiquetas. Garant\u00eda\u00a0ARC 2 A\u00d1OS Rebobinadora el\u00e9ctrica eficiente, bajo consumo 20w soporte t\u00e9cnico incluido","og_url":"https:\/\/www.distribucionarc.com\/pl\/producto\/maquina-para-rebobinar-etiquetas\/","og_site_name":"distribuci\u00f3n ARC","article_modified_time":"2023-11-13T10:16:14+00:00","og_image":[{"width":1600,"height":1600,"url":"https:\/\/distribucionarc.com\/wp-content\/uploads\/2020\/10\/M\u00e1quina-para-rebobinar-etiquetas-0.jpg","type":"image\/jpeg"}],"twitter_card":"summary_large_image","twitter_misc":{"Timp estimat pentru citire":"1 minut"},"schema":{"@context":"https:\/\/schema.org","@graph":[{"@type":"WebPage","@id":"https:\/\/www.distribucionarc.com\/pl\/producto\/maquina-para-rebobinar-etiquetas\/","url":"https:\/\/www.distribucionarc.com\/pl\/producto\/maquina-para-rebobinar-etiquetas\/","name":"Ma\u0219in\u0103 de bobinat etichete - distribu\u021bie ARC","isPartOf":{"@id":"https:\/\/www.distribucionarc.com\/sl\/#website"},"primaryImageOfPage":{"@id":"https:\/\/www.distribucionarc.com\/pl\/producto\/maquina-para-rebobinar-etiquetas\/#primaryimage"},"image":{"@id":"https:\/\/www.distribucionarc.com\/pl\/producto\/maquina-para-rebobinar-etiquetas\/#primaryimage"},"thumbnailUrl":"https:\/\/distribucionarc.com\/wp-content\/uploads\/2020\/10\/M\u00e1quina-para-rebobinar-etiquetas-0.jpg","datePublished":"2020-10-06T08:43:12+00:00","dateModified":"2023-11-13T10:16:14+00:00","breadcrumb":{"@id":"https:\/\/www.distribucionarc.com\/pl\/producto\/maquina-para-rebobinar-etiquetas\/#breadcrumb"},"inLanguage":"ro-RO","potentialAction":[{"@type":"ReadAction","target":["https:\/\/www.distribucionarc.com\/pl\/producto\/maquina-para-rebobinar-etiquetas\/"]}]},{"@type":"ImageObject","inLanguage":"ro-RO","@id":"https:\/\/www.distribucionarc.com\/pl\/producto\/maquina-para-rebobinar-etiquetas\/#primaryimage","url":"https:\/\/distribucionarc.com\/wp-content\/uploads\/2020\/10\/M\u00e1quina-para-rebobinar-etiquetas-0.jpg","contentUrl":"https:\/\/distribucionarc.com\/wp-content\/uploads\/2020\/10\/M\u00e1quina-para-rebobinar-etiquetas-0.jpg","width":1600,"height":1600,"caption":"M\u00e1quina para rebobinar etiquetas"},{"@type":"BreadcrumbList","@id":"https:\/\/www.distribucionarc.com\/pl\/producto\/maquina-para-rebobinar-etiquetas\/#breadcrumb","itemListElement":[{"@type":"ListItem","position":1,"name":"Portada","item":"https:\/\/www.distribucionarc.com\/"},{"@type":"ListItem","position":2,"name":"\u00dcr\u00fcnler","item":"https:\/\/www.distribucionarc.com\/tr\/magaza\/"},{"@type":"ListItem","position":3,"name":"M\u00e1quina para rebobinar etiquetas"}]},{"@type":"WebSite","@id":"https:\/\/www.distribucionarc.com\/sl\/#website","url":"https:\/\/www.distribucionarc.com\/sl\/","name":"Distribu\u021bie ARC","description":"Companie specializat\u0103 \u00een fabricarea \u0219i distribu\u021bia de utilaje industriale, ma\u0219ini de sigilat cutii, ma\u0219ini de fabricat tablete, ma\u0219ini de t\u0103iat carne...","publisher":{"@id":"https:\/\/www.distribucionarc.com\/sl\/#organization"},"potentialAction":[{"@type":"SearchAction","target":{"@type":"EntryPoint","urlTemplate":"https:\/\/www.distribucionarc.com\/sl\/?s={search_term_string}"},"query-input":{"@type":"PropertyValueSpecification","valueRequired":true,"valueName":"search_term_string"}}],"inLanguage":"ro-RO"},{"@type":"Organization","@id":"https:\/\/www.distribucionarc.com\/sl\/#organization","name":"Distribu\u021bie ARC","url":"https:\/\/www.distribucionarc.com\/sl\/","logo":{"@type":"ImageObject","inLanguage":"ro-RO","@id":"https:\/\/www.distribucionarc.com\/sl\/#\/schema\/logo\/image\/","url":"https:\/\/distribucionarc.com\/wp-content\/uploads\/2024\/10\/distribucion-ARC-COLOR-SIN-FONDO-e1732295305345.png","contentUrl":"https:\/\/distribucionarc.com\/wp-content\/uploads\/2024\/10\/distribucion-ARC-COLOR-SIN-FONDO-e1732295305345.png","width":1164,"height":558,"caption":"Distribuci\u00f3n ARC"},"image":{"@id":"https:\/\/www.distribucionarc.com\/sl\/#\/schema\/logo\/image\/"},"description":"Companie specializat\u0103 \u00een fabricarea \u0219i distribu\u021bia de utilaje industriale pentru sectoarele alimentar \u0219i farmaceutic. Suntem specializa\u021bi \u00een: Ma\u0219ini de t\u0103iat carne Fabricarea tabletelor Sisteme de transport industrial Linii de \u00eembuteliere Distribuitoare \u0218i multe altele... Oferim solu\u021bii inovatoare \u0219i personalizate pentru a optimiza procesele de produc\u021bie ale companiei dumneavoastr\u0103.","email":"Admistracion@distribucionarc.com","telephone":"+34 643496664","legalName":"ARC TECH SOLUTIONS","foundingDate":"2024-04-09","vatID":"B55480172","numberOfEmployees":{"@type":"QuantitativeValue","minValue":"1","maxValue":"10"}}]}},"_links":{"self":[{"href":"https:\/\/distribucionarc.com\/ro\/wp-json\/wp\/v2\/product\/3656","targetHints":{"allow":["GET"]}}],"collection":[{"href":"https:\/\/distribucionarc.com\/ro\/wp-json\/wp\/v2\/product"}],"about":[{"href":"https:\/\/distribucionarc.com\/ro\/wp-json\/wp\/v2\/types\/product"}],"replies":[{"embeddable":true,"href":"https:\/\/distribucionarc.com\/ro\/wp-json\/wp\/v2\/comments?post=3656"}],"version-history":[{"count":0,"href":"https:\/\/distribucionarc.com\/ro\/wp-json\/wp\/v2\/product\/3656\/revisions"}],"wp:featuredmedia":[{"embeddable":true,"href":"https:\/\/distribucionarc.com\/ro\/wp-json\/wp\/v2\/media\/3657"}],"wp:attachment":[{"href":"https:\/\/distribucionarc.com\/ro\/wp-json\/wp\/v2\/media?parent=3656"}],"wp:term":[{"taxonomy":"product_brand","embeddable":true,"href":"https:\/\/distribucionarc.com\/ro\/wp-json\/wp\/v2\/product_brand?post=3656"},{"taxonomy":"product_cat","embeddable":true,"href":"https:\/\/distribucionarc.com\/ro\/wp-json\/wp\/v2\/product_cat?post=3656"},{"taxonomy":"product_tag","embeddable":true,"href":"https:\/\/distribucionarc.com\/ro\/wp-json\/wp\/v2\/product_tag?post=3656"}],"curies":[{"name":"wp","href":"https:\/\/api.w.org\/{rel}","templated":true}]}}