{"id":3777,"date":"2020-10-08T10:21:14","date_gmt":"2020-10-08T10:21:14","guid":{"rendered":"https:\/\/distribucionarc.com\/?post_type=product&#038;p=3777"},"modified":"2020-10-08T10:21:14","modified_gmt":"2020-10-08T10:21:14","slug":"cuptor-digital-vid-uscare","status":"publish","type":"product","link":"https:\/\/distribucionarc.com\/ro\/producto\/horno-de-secado-al-vacio-digital\/","title":{"rendered":"Cuptor de uscare digital cu vid\u00a0"},"content":{"rendered":"<h3>Cuptor de uscare digital cu vid<\/h3>\n<p>El <strong><span style=\"color: #ff0000;\">LA<\/span><span style=\"color: #0000ff;\">R<\/span>CHS6020<\/strong> Este echipat cu un nou controler de temperatur\u0103 inteligent de \u00eenalt\u0103 performan\u021b\u0103, bazat pe MCU, cu algoritm PID avansat, care selecteaz\u0103 automat cel mai bun parametru \u00een func\u021bie de temperatur\u0103, nefiind astfel nicio interven\u021bie \u00een setarea parametrilor. Acest<strong> ma\u0219in\u0103 de copt cu vid<\/strong> Are o camer\u0103 de vid electro-lustruit\u0103 de \u00eenalt\u0103 rezisten\u021b\u0103, u\u0219or de cur\u0103\u021bat. Cu o izolare termic\u0103 bun\u0103 pentru a ob\u021bine un consum redus de energie. Datorit\u0103 etan\u0219\u0103rii u\u0219ii din cauciuc siliconic integrat, camera men\u021bine un nivel constant de vid chiar \u0219i \u00een timpul func\u021bion\u0103rii prelungite. U\u0219ile blindate din sticl\u0103 cu dou\u0103 etaje faciliteaz\u0103 observarea \u00een camera de lucru. Dispune de un ecran LCD mare, capabil s\u0103 afi\u0219eze date din mai multe grupuri.<\/p>\n<p>Acest<strong> cuptor de uscare cu vid <span style=\"color: #ff0000;\">LA<\/span><span style=\"color: #0000ff;\">R<\/span>c<\/strong> Este proiectat s\u0103 se usuce u\u0219or cu distribu\u021bia sa omogen\u0103 a temperaturii, asigur\u00e2nd un transfer optim de c\u0103ldur\u0103 \u0219i varia\u021bii minime de temperatur\u0103 \u00een spa\u021biu. Cu controler de temperatur\u0103 cu c\u00e2\u0219tig variabil, poate men\u021bine o precizie de +\/-0,5 \u00b0C de la temperatura ambiant\u0103 la 250 \u00b0C. Raftul din aluminiu \u0219tan\u021bat prin tehnici speciale este capabil s\u0103 conduc\u0103 rapid c\u0103ldura \u0219i s\u0103 reziste la oxidare la temperaturi ridicate.<\/p>\n<p>Utilizat pe scar\u0103 larg\u0103 \u00een industria biochimic\u0103, chimic\u0103 farmaceutic\u0103, s\u0103n\u0103tatea medical\u0103, cercetarea agricol\u0103, protec\u021bia mediului \u0219i alte domenii de cercetare. Deosebit de potrivit pentru uscarea rapid\u0103 \u0219i eficient\u0103 a articolelor din substan\u021be uscate sensibile la c\u0103ldur\u0103, u\u0219or descompuse sau foarte oxidabile, precum \u0219i a altor articole cu componente complexe.<\/p>\n<h6><strong>garan\u021bie\u00a0<span style=\"color: #ff0000;\">LA<\/span><span style=\"color: #0000ff;\">R<\/span>C 2 ANI<\/strong><\/h6>\n<h6><span style=\"color: #008000;\">Cuptor de uscare cu vid eficient, consum redus 350w<\/span><\/h6>\n<h6><strong>suport tehnic inclus<\/strong><\/h6>\n<p>&nbsp;<\/p>\n<table role=\"presentation\" width=\"100%\" cellspacing=\"0\" cellpadding=\"0\">\n<tbody>\n<tr>\n<td class=\"attrLabels\">Marca:<\/td>\n<td width=\"50.0%\">ARC<\/td>\n<\/tr>\n<tr>\n<td class=\"attrLabels\">\u021aara de distribu\u021bie:<\/td>\n<td width=\"50.0%\">Spania, Germania, SUA<\/td>\n<td class=\"attrLabels\">Dimensiuni masina:<\/td>\n<td width=\"50.0%\">58,5 x 47,2 x 45 cm<\/td>\n<\/tr>\n<tr>\n<td class=\"attrLabels\">Garantie:<\/td>\n<td width=\"50.0%\">2 ani<\/td>\n<td class=\"attrLabels\">Putere:<\/td>\n<td width=\"50.0%\">350W<\/td>\n<\/tr>\n<tr>\n<td class=\"attrLabels\">Culoare:<\/td>\n<td width=\"50.0%\">Argint<\/td>\n<td class=\"attrLabels\">Voltaj:<\/td>\n<td width=\"50.0%\">220V \u2013 60Hz<\/td>\n<\/tr>\n<tr>\n<td class=\"attrLabels\">Tip produs:<\/td>\n<td width=\"50.0%\">Cuptor de uscare cu vid<\/td>\n<td class=\"attrLabels\">Volumul camerei:<\/td>\n<td width=\"50.0%\">25L<\/td>\n<\/tr>\n<tr>\n<td class=\"attrLabels\">Numar producator:<\/td>\n<td width=\"50.0%\">ARCHS6020<\/td>\n<td class=\"attrLabels\">Dimensiunea c\u0103ptu\u0219elii:<\/td>\n<td width=\"50.0%\">30 x 29,5 x 27,5 cm<\/td>\n<\/tr>\n<tr>\n<td class=\"attrLabels\">Material:<\/td>\n<td width=\"50.0%\">Aluminiu \u0219tan\u021bat, controler inteligent de temperatur\u0103, u\u0219i blindate, ecran LCD, camer\u0103 electrolustruit\u0103<\/td>\n<td class=\"attrLabels\">Nivel final de vid:<\/td>\n<td width=\"50.0%\">&lt; 133 pascali<\/td>\n<\/tr>\n<tr>\n<td class=\"attrLabels\">Instrumente de instalare:<\/td>\n<td width=\"50.0%\">Da<\/td>\n<td class=\"attrLabels\">Interval de temperatur\u0103:<\/td>\n<td width=\"50.0%\">RT + 10 \u2013 250\u00b0C<\/td>\n<\/tr>\n<tr>\n<td class=\"attrLabels\">Greutate:<\/td>\n<td width=\"50.0%\">35,5 Kg<\/td>\n<td class=\"attrLabels\">Fluctua\u021bie constant\u0103 de temperatur\u0103:<\/td>\n<td width=\"50.0%\">\u00b1 1%<\/td>\n<\/tr>\n<\/tbody>\n<\/table>\n<p>&nbsp;<\/p>\n<p>&nbsp;<\/p>","protected":false},"excerpt":{"rendered":"<h2>Cuptor de uscare digital cu vid<\/h2>\n<p>Acest <strong>cuptor \u0219tiin\u021bific de uscare \u00een vid <span style=\"color: #ff0000;\">LA<\/span><span style=\"color: #0000ff;\">R<\/span>c<\/strong> Este conceput s\u0103 se usuce u\u0219or cu o distribu\u021bie omogen\u0103 a temperaturii, asigur\u00e2nd un transfer optim de c\u0103ldur\u0103 evit\u00e2nd \u00een acela\u0219i timp cea mai mic\u0103 varia\u021bie de temperatur\u0103 \u00een spa\u021biu. Acest instrument este potrivit pentru uscarea sau coacerea rapid\u0103 \u0219i eficient\u0103 a articolelor cu substan\u021be uscate sensibile la c\u0103ldur\u0103, precum \u0219i pentru dezinfec\u021bia \u0219i sterilizarea diferitelor tipuri de recipiente din sticl\u0103.<\/p>\n<h6><strong>garan\u021bie\u00a0<span style=\"color: #ff0000;\">LA<\/span><span style=\"color: #0000ff;\">R<\/span>C 2 ANI<\/strong><\/h6>\n<h6><span style=\"color: #008000;\">Cuptor de uscare cu vid eficient, consum redus 350w<\/span><\/h6>\n<h6><strong>suport tehnic inclus<\/strong><\/h6>","protected":false},"featured_media":3786,"comment_status":"open","ping_status":"closed","template":"","meta":{"wds_primary_product_brand":0,"wds_primary_product_cat":0},"product_brand":[],"product_cat":[29],"product_tag":[],"class_list":{"0":"post-3777","1":"product","2":"type-product","3":"status-publish","4":"has-post-thumbnail","6":"product_cat-maquinas-industria-quimica","7":"product_shipping_class-express","9":"first","10":"outofstock","11":"sale","12":"taxable","13":"shipping-taxable","14":"purchasable","15":"product-type-simple"},"yoast_head":"<!-- This site is optimized with the Yoast SEO Premium plugin v24.9 (Yoast SEO v26.1) - https:\/\/yoast.com\/wordpress\/plugins\/seo\/ -->\n<title>Horno de secado al vac\u00edo digital\u00a0 - distribuci\u00f3n ARC<\/title>\n<meta name=\"robots\" content=\"index, follow, max-snippet:-1, max-image-preview:large, max-video-preview:-1\" \/>\n<link rel=\"canonical\" href=\"https:\/\/www.distribucionarc.com\/lt\/producto\/horno-de-secado-al-vacio-digital\/\" \/>\n<meta property=\"og:locale\" content=\"ro_RO\" \/>\n<meta property=\"og:type\" content=\"article\" \/>\n<meta property=\"og:title\" content=\"Horno de secado al vac\u00edo digital\u00a0\" \/>\n<meta property=\"og:description\" content=\"Horno de secado al vac\u00edo digital Este horno de secado al vac\u00edo cient\u00edfico ARC est\u00e1 dise\u00f1ado para secar suavemente con una distribuci\u00f3n de temperatura homog\u00e9nea, lo que garantiza una transferencia de calor \u00f3ptima a su vez que evita la m\u00ednima variaci\u00f3n de temperatura en el espacio. Esta herramienta es adecuada para el secado u horneado r\u00e1pido y eficaz de art\u00edculos de sustancias secas sensibles al calor, adem\u00e1s de usarse para la desinfecci\u00f3n y esterilizaci\u00f3n de varios tipos de envases de vidrio. Garant\u00eda\u00a0ARC 2 A\u00d1OS Horno de secado al vac\u00edo eficiente, bajo consumo 350w soporte t\u00e9cnico incluido\" \/>\n<meta property=\"og:url\" content=\"https:\/\/www.distribucionarc.com\/lt\/producto\/horno-de-secado-al-vacio-digital\/\" \/>\n<meta property=\"og:site_name\" content=\"distribuci\u00f3n ARC\" \/>\n<meta property=\"og:image\" content=\"https:\/\/distribucionarc.com\/wp-content\/uploads\/2020\/10\/Horno-de-secado-al-vac\u00edo-digital-0.jpg\" \/>\n\t<meta property=\"og:image:width\" content=\"1001\" \/>\n\t<meta property=\"og:image:height\" content=\"1001\" \/>\n\t<meta property=\"og:image:type\" content=\"image\/jpeg\" \/>\n<meta name=\"twitter:card\" content=\"summary_large_image\" \/>\n<meta name=\"twitter:label1\" content=\"Timp estimat pentru citire\" \/>\n\t<meta name=\"twitter:data1\" content=\"2 minute\" \/>\n<script type=\"application\/ld+json\" class=\"yoast-schema-graph\">{\"@context\":\"https:\/\/schema.org\",\"@graph\":[{\"@type\":\"WebPage\",\"@id\":\"https:\/\/www.distribucionarc.com\/lt\/producto\/horno-de-secado-al-vacio-digital\/\",\"url\":\"https:\/\/www.distribucionarc.com\/lt\/producto\/horno-de-secado-al-vacio-digital\/\",\"name\":\"Horno de secado al vac\u00edo digital\u00a0 - distribuci\u00f3n ARC\",\"isPartOf\":{\"@id\":\"https:\/\/www.distribucionarc.com\/sl\/#website\"},\"primaryImageOfPage\":{\"@id\":\"https:\/\/www.distribucionarc.com\/lt\/producto\/horno-de-secado-al-vacio-digital\/#primaryimage\"},\"image\":{\"@id\":\"https:\/\/www.distribucionarc.com\/lt\/producto\/horno-de-secado-al-vacio-digital\/#primaryimage\"},\"thumbnailUrl\":\"https:\/\/distribucionarc.com\/wp-content\/uploads\/2020\/10\/Horno-de-secado-al-vac\u00edo-digital-0.jpg\",\"datePublished\":\"2020-10-08T10:21:14+00:00\",\"breadcrumb\":{\"@id\":\"https:\/\/www.distribucionarc.com\/lt\/producto\/horno-de-secado-al-vacio-digital\/#breadcrumb\"},\"inLanguage\":\"ro-RO\",\"potentialAction\":[{\"@type\":\"ReadAction\",\"target\":[\"https:\/\/www.distribucionarc.com\/lt\/producto\/horno-de-secado-al-vacio-digital\/\"]}]},{\"@type\":\"ImageObject\",\"inLanguage\":\"ro-RO\",\"@id\":\"https:\/\/www.distribucionarc.com\/lt\/producto\/horno-de-secado-al-vacio-digital\/#primaryimage\",\"url\":\"https:\/\/distribucionarc.com\/wp-content\/uploads\/2020\/10\/Horno-de-secado-al-vac\u00edo-digital-0.jpg\",\"contentUrl\":\"https:\/\/distribucionarc.com\/wp-content\/uploads\/2020\/10\/Horno-de-secado-al-vac\u00edo-digital-0.jpg\",\"width\":1001,\"height\":1001,\"caption\":\"Horno de secado al vac\u00edo digital\u00a0\"},{\"@type\":\"BreadcrumbList\",\"@id\":\"https:\/\/www.distribucionarc.com\/lt\/producto\/horno-de-secado-al-vacio-digital\/#breadcrumb\",\"itemListElement\":[{\"@type\":\"ListItem\",\"position\":1,\"name\":\"Portada\",\"item\":\"https:\/\/www.distribucionarc.com\/\"},{\"@type\":\"ListItem\",\"position\":2,\"name\":\"\u00dcr\u00fcnler\",\"item\":\"https:\/\/www.distribucionarc.com\/tr\/magaza\/\"},{\"@type\":\"ListItem\",\"position\":3,\"name\":\"Horno de secado al vac\u00edo digital\u00a0\"}]},{\"@type\":\"WebSite\",\"@id\":\"https:\/\/www.distribucionarc.com\/sl\/#website\",\"url\":\"https:\/\/www.distribucionarc.com\/sl\/\",\"name\":\"distribuci\u00f3n ARC\",\"description\":\"Empresa especializada en la fabricaci\u00f3n y distribuci\u00f3n de maquinaria industrial, selladoras de latas, Maquinas de hacer pastillas, Maquinas de cortar carne...\",\"publisher\":{\"@id\":\"https:\/\/www.distribucionarc.com\/sl\/#organization\"},\"potentialAction\":[{\"@type\":\"SearchAction\",\"target\":{\"@type\":\"EntryPoint\",\"urlTemplate\":\"https:\/\/www.distribucionarc.com\/sl\/?s={search_term_string}\"},\"query-input\":{\"@type\":\"PropertyValueSpecification\",\"valueRequired\":true,\"valueName\":\"search_term_string\"}}],\"inLanguage\":\"ro-RO\"},{\"@type\":\"Organization\",\"@id\":\"https:\/\/www.distribucionarc.com\/sl\/#organization\",\"name\":\"Distribuci\u00f3n ARC\",\"url\":\"https:\/\/www.distribucionarc.com\/sl\/\",\"logo\":{\"@type\":\"ImageObject\",\"inLanguage\":\"ro-RO\",\"@id\":\"https:\/\/www.distribucionarc.com\/sl\/#\/schema\/logo\/image\/\",\"url\":\"https:\/\/distribucionarc.com\/wp-content\/uploads\/2024\/10\/distribucion-ARC-COLOR-SIN-FONDO-e1732295305345.png\",\"contentUrl\":\"https:\/\/distribucionarc.com\/wp-content\/uploads\/2024\/10\/distribucion-ARC-COLOR-SIN-FONDO-e1732295305345.png\",\"width\":1164,\"height\":558,\"caption\":\"Distribuci\u00f3n ARC\"},\"image\":{\"@id\":\"https:\/\/www.distribucionarc.com\/sl\/#\/schema\/logo\/image\/\"},\"description\":\"Empresa especializada en la fabricaci\u00f3n y distribuci\u00f3n de maquinaria industrial para los sectores alimentario y farmac\u00e9utico. Nos especializamos en: M\u00e1quinas de cortar carne Fabricaci\u00f3n de comprimidos Sistemas de transporte industrial L\u00edneas de embotellado Dosificadores Y mucho m\u00e1s... Ofrecemos soluciones innovadoras y personalizadas para optimizar los procesos productivos de tu empresa.\",\"email\":\"Admistracion@distribucionarc.com\",\"telephone\":\"+34 643496664\",\"legalName\":\"ARC TECH SOLUTIONS\",\"foundingDate\":\"2024-04-09\",\"vatID\":\"B55480172\",\"numberOfEmployees\":{\"@type\":\"QuantitativeValue\",\"minValue\":\"1\",\"maxValue\":\"10\"}}]}<\/script>\n<!-- \/ Yoast SEO Premium plugin. -->","yoast_head_json":{"title":"Cuptor de uscare digital cu vid - distributie ARC","robots":{"index":"index","follow":"follow","max-snippet":"max-snippet:-1","max-image-preview":"max-image-preview:large","max-video-preview":"max-video-preview:-1"},"canonical":"https:\/\/www.distribucionarc.com\/lt\/producto\/horno-de-secado-al-vacio-digital\/","og_locale":"ro_RO","og_type":"article","og_title":"Horno de secado al vac\u00edo digital\u00a0","og_description":"Horno de secado al vac\u00edo digital Este horno de secado al vac\u00edo cient\u00edfico ARC est\u00e1 dise\u00f1ado para secar suavemente con una distribuci\u00f3n de temperatura homog\u00e9nea, lo que garantiza una transferencia de calor \u00f3ptima a su vez que evita la m\u00ednima variaci\u00f3n de temperatura en el espacio. Esta herramienta es adecuada para el secado u horneado r\u00e1pido y eficaz de art\u00edculos de sustancias secas sensibles al calor, adem\u00e1s de usarse para la desinfecci\u00f3n y esterilizaci\u00f3n de varios tipos de envases de vidrio. Garant\u00eda\u00a0ARC 2 A\u00d1OS Horno de secado al vac\u00edo eficiente, bajo consumo 350w soporte t\u00e9cnico incluido","og_url":"https:\/\/www.distribucionarc.com\/lt\/producto\/horno-de-secado-al-vacio-digital\/","og_site_name":"distribuci\u00f3n ARC","og_image":[{"width":1001,"height":1001,"url":"https:\/\/distribucionarc.com\/wp-content\/uploads\/2020\/10\/Horno-de-secado-al-vac\u00edo-digital-0.jpg","type":"image\/jpeg"}],"twitter_card":"summary_large_image","twitter_misc":{"Timp estimat pentru citire":"2 minute"},"schema":{"@context":"https:\/\/schema.org","@graph":[{"@type":"WebPage","@id":"https:\/\/www.distribucionarc.com\/lt\/producto\/horno-de-secado-al-vacio-digital\/","url":"https:\/\/www.distribucionarc.com\/lt\/producto\/horno-de-secado-al-vacio-digital\/","name":"Cuptor de uscare digital cu vid - distributie ARC","isPartOf":{"@id":"https:\/\/www.distribucionarc.com\/sl\/#website"},"primaryImageOfPage":{"@id":"https:\/\/www.distribucionarc.com\/lt\/producto\/horno-de-secado-al-vacio-digital\/#primaryimage"},"image":{"@id":"https:\/\/www.distribucionarc.com\/lt\/producto\/horno-de-secado-al-vacio-digital\/#primaryimage"},"thumbnailUrl":"https:\/\/distribucionarc.com\/wp-content\/uploads\/2020\/10\/Horno-de-secado-al-vac\u00edo-digital-0.jpg","datePublished":"2020-10-08T10:21:14+00:00","breadcrumb":{"@id":"https:\/\/www.distribucionarc.com\/lt\/producto\/horno-de-secado-al-vacio-digital\/#breadcrumb"},"inLanguage":"ro-RO","potentialAction":[{"@type":"ReadAction","target":["https:\/\/www.distribucionarc.com\/lt\/producto\/horno-de-secado-al-vacio-digital\/"]}]},{"@type":"ImageObject","inLanguage":"ro-RO","@id":"https:\/\/www.distribucionarc.com\/lt\/producto\/horno-de-secado-al-vacio-digital\/#primaryimage","url":"https:\/\/distribucionarc.com\/wp-content\/uploads\/2020\/10\/Horno-de-secado-al-vac\u00edo-digital-0.jpg","contentUrl":"https:\/\/distribucionarc.com\/wp-content\/uploads\/2020\/10\/Horno-de-secado-al-vac\u00edo-digital-0.jpg","width":1001,"height":1001,"caption":"Horno de secado al vac\u00edo digital\u00a0"},{"@type":"BreadcrumbList","@id":"https:\/\/www.distribucionarc.com\/lt\/producto\/horno-de-secado-al-vacio-digital\/#breadcrumb","itemListElement":[{"@type":"ListItem","position":1,"name":"Portada","item":"https:\/\/www.distribucionarc.com\/"},{"@type":"ListItem","position":2,"name":"\u00dcr\u00fcnler","item":"https:\/\/www.distribucionarc.com\/tr\/magaza\/"},{"@type":"ListItem","position":3,"name":"Horno de secado al vac\u00edo digital\u00a0"}]},{"@type":"WebSite","@id":"https:\/\/www.distribucionarc.com\/sl\/#website","url":"https:\/\/www.distribucionarc.com\/sl\/","name":"Distribu\u021bie ARC","description":"Companie specializat\u0103 \u00een fabricarea \u0219i distribu\u021bia de utilaje industriale, ma\u0219ini de sigilat cutii, ma\u0219ini de fabricat tablete, ma\u0219ini de t\u0103iat carne...","publisher":{"@id":"https:\/\/www.distribucionarc.com\/sl\/#organization"},"potentialAction":[{"@type":"SearchAction","target":{"@type":"EntryPoint","urlTemplate":"https:\/\/www.distribucionarc.com\/sl\/?s={search_term_string}"},"query-input":{"@type":"PropertyValueSpecification","valueRequired":true,"valueName":"search_term_string"}}],"inLanguage":"ro-RO"},{"@type":"Organization","@id":"https:\/\/www.distribucionarc.com\/sl\/#organization","name":"Distribu\u021bie ARC","url":"https:\/\/www.distribucionarc.com\/sl\/","logo":{"@type":"ImageObject","inLanguage":"ro-RO","@id":"https:\/\/www.distribucionarc.com\/sl\/#\/schema\/logo\/image\/","url":"https:\/\/distribucionarc.com\/wp-content\/uploads\/2024\/10\/distribucion-ARC-COLOR-SIN-FONDO-e1732295305345.png","contentUrl":"https:\/\/distribucionarc.com\/wp-content\/uploads\/2024\/10\/distribucion-ARC-COLOR-SIN-FONDO-e1732295305345.png","width":1164,"height":558,"caption":"Distribuci\u00f3n ARC"},"image":{"@id":"https:\/\/www.distribucionarc.com\/sl\/#\/schema\/logo\/image\/"},"description":"Companie specializat\u0103 \u00een fabricarea \u0219i distribu\u021bia de utilaje industriale pentru sectoarele alimentar \u0219i farmaceutic. Suntem specializa\u021bi \u00een: Ma\u0219ini de t\u0103iat carne Fabricarea tabletelor Sisteme de transport industrial Linii de \u00eembuteliere Distribuitoare \u0218i multe altele... Oferim solu\u021bii inovatoare \u0219i personalizate pentru a optimiza procesele de produc\u021bie ale companiei dumneavoastr\u0103.","email":"Admistracion@distribucionarc.com","telephone":"+34 643496664","legalName":"ARC TECH SOLUTIONS","foundingDate":"2024-04-09","vatID":"B55480172","numberOfEmployees":{"@type":"QuantitativeValue","minValue":"1","maxValue":"10"}}]}},"_links":{"self":[{"href":"https:\/\/distribucionarc.com\/ro\/wp-json\/wp\/v2\/product\/3777","targetHints":{"allow":["GET"]}}],"collection":[{"href":"https:\/\/distribucionarc.com\/ro\/wp-json\/wp\/v2\/product"}],"about":[{"href":"https:\/\/distribucionarc.com\/ro\/wp-json\/wp\/v2\/types\/product"}],"replies":[{"embeddable":true,"href":"https:\/\/distribucionarc.com\/ro\/wp-json\/wp\/v2\/comments?post=3777"}],"version-history":[{"count":0,"href":"https:\/\/distribucionarc.com\/ro\/wp-json\/wp\/v2\/product\/3777\/revisions"}],"wp:featuredmedia":[{"embeddable":true,"href":"https:\/\/distribucionarc.com\/ro\/wp-json\/wp\/v2\/media\/3786"}],"wp:attachment":[{"href":"https:\/\/distribucionarc.com\/ro\/wp-json\/wp\/v2\/media?parent=3777"}],"wp:term":[{"taxonomy":"product_brand","embeddable":true,"href":"https:\/\/distribucionarc.com\/ro\/wp-json\/wp\/v2\/product_brand?post=3777"},{"taxonomy":"product_cat","embeddable":true,"href":"https:\/\/distribucionarc.com\/ro\/wp-json\/wp\/v2\/product_cat?post=3777"},{"taxonomy":"product_tag","embeddable":true,"href":"https:\/\/distribucionarc.com\/ro\/wp-json\/wp\/v2\/product_tag?post=3777"}],"curies":[{"name":"wp","href":"https:\/\/api.w.org\/{rel}","templated":true}]}}