{"id":385,"date":"2020-04-18T15:20:05","date_gmt":"2020-04-18T15:20:05","guid":{"rendered":"https:\/\/distribucionarc.com\/?post_type=product&#038;p=385"},"modified":"2023-07-31T18:19:57","modified_gmt":"2023-07-31T18:19:57","slug":"etansator-automat-de-saci-%e2%99%be%ef%b8%8f-plasticluniomasina-de-auto-sigilare-pentru-sac-de-hartie","status":"publish","type":"product","link":"https:\/\/distribucionarc.com\/ro\/producto\/selladora-de-bolsas-automatica-%e2%99%be%ef%b8%8f-maquina-de-autosellado-de-bolsas-plasticoaluniopapel\/","title":{"rendered":"Sigilator automat de saci \u267e\ufe0f Ma\u0219in\u0103 de auto-sigilat pentru pungi de plastic, aluminiu, h\u00e2rtie"},"content":{"rendered":"<h3><strong>Sigilator automat de saci \u267e\ufe0f Ma\u0219in\u0103 de auto-sigilat pentru pungi de plastic, aluminiu, h\u00e2rtie<\/strong><\/h3>\n<p>&nbsp;<\/p>\n<ul>\n<li>Sudare orizontal\u0103 continu\u0103 a pungilor de mas\u0103 ideal\u0103 pentru produc\u021bii medii \u0219i mari.<\/li>\n<li>Fabricat \u00een\u00a0<strong>o\u0163el inoxidabil<\/strong>.<\/li>\n<li>Sudeaz\u0103 pungi din orice material plastic. Utilizarea sa poate varia de la alimente la pungi sterilizate pentru uz medical.<\/li>\n<li><strong>Viteza benzii transportoare reglabile.<\/strong><\/li>\n<li><strong>Temperatura de lipit reglabila.<\/strong><\/li>\n<li><strong>Include marker.<\/strong><\/li>\n<li>Este o pies\u0103 de echipament foarte robust\u0103 din o\u021bel vopsit, acest dispozitiv de etan\u0219are cu band\u0103 continu\u0103 este conceput pentru uz industrial.<\/li>\n<li>Trecerea de la un material la altul este foarte simpla, iar reglajele tipului de sudare se pot face rapid si usor de catre operator: presiunea sudarii, temperatura si viteza. In acest fel se obtine un rezultat perfect.<\/li>\n<li>L\u0103\u021bimea materialului de etan\u0219are ob\u021binut variaz\u0103 de la 6 mm la 12 mm \u0219i nu are limit\u0103 de lungime.<\/li>\n<li>\u00centre\u021binerea acestui aparat de sudur\u0103 este foarte u\u0219oar\u0103 \u0219i economic\u0103, dureaz\u0103 doar c\u00e2teva minute pentru a \u00eenlocui benzile de sudur\u0103.<\/li>\n<\/ul>\n<table border=\"0\" cellspacing=\"0\" cellpadding=\"0\">\n<thead>\n<tr>\n<th>CARACTERISTICI TEHNICE<\/th>\n<th>AR900 MA\u0218IN DE SUDARE CONTINU<\/th>\n<\/tr>\n<\/thead>\n<tfoot>\n<tr>\n<td colspan=\"2\"><\/td>\n<\/tr>\n<\/tfoot>\n<tbody>\n<tr>\n<td>Voltaj<\/td>\n<td>220\u00b110V,50HZ<\/td>\n<\/tr>\n<tr>\n<td>Putere<\/td>\n<td>500W<\/td>\n<\/tr>\n<tr>\n<td>Dimensiuni<\/td>\n<td>844 x 390 x 300 mm (lungime x l\u0103\u021bime x \u00een\u0103l\u021bime)<\/td>\n<\/tr>\n<tr>\n<td>L\u0103\u021bimea sudurii<\/td>\n<td>de la 6 mm la 12 mm<\/td>\n<\/tr>\n<tr>\n<td>Interval de temperatur\u0103<\/td>\n<td>0-300\u00baC<\/td>\n<\/tr>\n<tr>\n<td>Greutate<\/td>\n<td>30 kg<\/td>\n<\/tr>\n<tr>\n<td>Viteza de sudare<\/td>\n<td>0-12 metri\/min<\/td>\n<\/tr>\n<\/tbody>\n<\/table>\n<div class=\"row\"><\/div>\n<div class=\"row\"><\/div>\n<p><iframe loading=\"lazy\" src=\"https:\/\/www.youtube.com\/embed\/YzkENIqPNVY\" width=\"560\" height=\"315\" frameborder=\"0\" allowfullscreen=\"allowfullscreen\"><\/iframe><br \/>\n<iframe loading=\"lazy\" src=\"https:\/\/www.youtube.com\/embed\/G3fXjF5u1L4\" width=\"560\" height=\"315\" frameborder=\"0\" allowfullscreen=\"allowfullscreen\"><\/iframe><\/p>","protected":false},"excerpt":{"rendered":"<p><strong>Sigilant continuu pe orizontal\u0103<\/strong>.<\/p>\n<p>Ma\u0219in\u0103 de birou fabricat\u0103 \u00een\u00a0<strong>o\u0163el inoxidabil<\/strong>,\u00a0<strong>ideal pentru productii medii si mari.<\/strong><\/p>\n<p>Foarte u\u0219or de configurat, garanteaz\u0103 o sudur\u0103 perfect\u0103 a oric\u0103rui material termoetan\u0219abil: polietilen\u0103 (PE), polipropilen\u0103 (PP) \u0219i laminate.<\/p>\n<p>Potrivit pentru toate tipurile de gen\u021bi<\/p>","protected":false},"featured_media":418,"comment_status":"open","ping_status":"closed","template":"","meta":{"wds_primary_product_brand":0,"wds_primary_product_cat":0},"product_brand":[],"product_cat":[15,27],"product_tag":[],"class_list":{"0":"post-385","1":"product","2":"type-product","3":"status-publish","4":"has-post-thumbnail","6":"product_cat-llenadoras-y-selladoras-automaticas-flow-pack-sachet","7":"product_cat-selladoras-de-bolsas","9":"first","10":"instock","11":"sale","12":"taxable","13":"shipping-taxable","14":"purchasable","15":"product-type-simple"},"yoast_head":"<!-- This site is optimized with the Yoast SEO Premium plugin v24.9 (Yoast SEO v26.1) - https:\/\/yoast.com\/wordpress\/plugins\/seo\/ -->\n<title>Selladora de Bolsas Autom\u00e1tica \u267e\ufe0f M\u00e1quina de Autosellado de Bolsas de Pl\u00e1stico, Aluminio, Papel - distribuci\u00f3n ARC<\/title>\n<meta name=\"robots\" content=\"index, follow, max-snippet:-1, max-image-preview:large, max-video-preview:-1\" \/>\n<link rel=\"canonical\" href=\"https:\/\/www.distribucionarc.com\/en\/producto\/selladora-de-bolsas-automatica-\u267e\ufe0f-maquina-de-autosellado-de-bolsas-plasticoaluniopapel\/\" \/>\n<meta property=\"og:locale\" content=\"ro_RO\" \/>\n<meta property=\"og:type\" content=\"article\" \/>\n<meta property=\"og:title\" content=\"Selladora de Bolsas Autom\u00e1tica \u267e\ufe0f M\u00e1quina de Autosellado de Bolsas de Pl\u00e1stico, Aluminio, Papel\" \/>\n<meta property=\"og:description\" content=\"Selladora Horizontalmente en Continuo.  M\u00e1quina de sobremesa fabricada en\u00a0acero inoxidable,\u00a0ideal para medias y grandes producciones.  Muy f\u00e1cil de configurar, garantiza un soldado perfecto de cualquier material termosellable: polietileno (PE), polipropileno (PP) y laminados.  Adecuada para todo tipo de bolsas\" \/>\n<meta property=\"og:url\" content=\"https:\/\/www.distribucionarc.com\/en\/producto\/selladora-de-bolsas-automatica-\u267e\ufe0f-maquina-de-autosellado-de-bolsas-plasticoaluniopapel\/\" \/>\n<meta property=\"og:site_name\" content=\"distribuci\u00f3n ARC\" \/>\n<meta property=\"article:modified_time\" content=\"2023-07-31T18:19:57+00:00\" \/>\n<meta property=\"og:image\" content=\"https:\/\/distribucionarc.com\/wp-content\/uploads\/2020\/04\/selladora_de_bolsas_autom\u00e1tica_0.jpg\" \/>\n\t<meta property=\"og:image:width\" content=\"1600\" \/>\n\t<meta property=\"og:image:height\" content=\"1600\" \/>\n\t<meta property=\"og:image:type\" content=\"image\/jpeg\" \/>\n<meta name=\"twitter:card\" content=\"summary_large_image\" \/>\n<meta name=\"twitter:label1\" content=\"Timp estimat pentru citire\" \/>\n\t<meta name=\"twitter:data1\" content=\"1 minut\" \/>\n<script type=\"application\/ld+json\" class=\"yoast-schema-graph\">{\"@context\":\"https:\/\/schema.org\",\"@graph\":[{\"@type\":\"WebPage\",\"@id\":\"https:\/\/www.distribucionarc.com\/en\/producto\/selladora-de-bolsas-automatica-%e2%99%be%ef%b8%8f-maquina-de-autosellado-de-bolsas-plasticoaluniopapel\/\",\"url\":\"https:\/\/www.distribucionarc.com\/en\/producto\/selladora-de-bolsas-automatica-%e2%99%be%ef%b8%8f-maquina-de-autosellado-de-bolsas-plasticoaluniopapel\/\",\"name\":\"Selladora de Bolsas Autom\u00e1tica \u267e\ufe0f M\u00e1quina de Autosellado de Bolsas de Pl\u00e1stico, Aluminio, Papel - distribuci\u00f3n ARC\",\"isPartOf\":{\"@id\":\"https:\/\/www.distribucionarc.com\/sl\/#website\"},\"primaryImageOfPage\":{\"@id\":\"https:\/\/www.distribucionarc.com\/en\/producto\/selladora-de-bolsas-automatica-%e2%99%be%ef%b8%8f-maquina-de-autosellado-de-bolsas-plasticoaluniopapel\/#primaryimage\"},\"image\":{\"@id\":\"https:\/\/www.distribucionarc.com\/en\/producto\/selladora-de-bolsas-automatica-%e2%99%be%ef%b8%8f-maquina-de-autosellado-de-bolsas-plasticoaluniopapel\/#primaryimage\"},\"thumbnailUrl\":\"https:\/\/distribucionarc.com\/wp-content\/uploads\/2020\/04\/selladora_de_bolsas_autom\u00e1tica_0.jpg\",\"datePublished\":\"2020-04-18T15:20:05+00:00\",\"dateModified\":\"2023-07-31T18:19:57+00:00\",\"breadcrumb\":{\"@id\":\"https:\/\/www.distribucionarc.com\/en\/producto\/selladora-de-bolsas-automatica-%e2%99%be%ef%b8%8f-maquina-de-autosellado-de-bolsas-plasticoaluniopapel\/#breadcrumb\"},\"inLanguage\":\"ro-RO\",\"potentialAction\":[{\"@type\":\"ReadAction\",\"target\":[\"https:\/\/www.distribucionarc.com\/en\/producto\/selladora-de-bolsas-automatica-%e2%99%be%ef%b8%8f-maquina-de-autosellado-de-bolsas-plasticoaluniopapel\/\"]}]},{\"@type\":\"ImageObject\",\"inLanguage\":\"ro-RO\",\"@id\":\"https:\/\/www.distribucionarc.com\/en\/producto\/selladora-de-bolsas-automatica-%e2%99%be%ef%b8%8f-maquina-de-autosellado-de-bolsas-plasticoaluniopapel\/#primaryimage\",\"url\":\"https:\/\/distribucionarc.com\/wp-content\/uploads\/2020\/04\/selladora_de_bolsas_autom\u00e1tica_0.jpg\",\"contentUrl\":\"https:\/\/distribucionarc.com\/wp-content\/uploads\/2020\/04\/selladora_de_bolsas_autom\u00e1tica_0.jpg\",\"width\":1600,\"height\":1600},{\"@type\":\"BreadcrumbList\",\"@id\":\"https:\/\/www.distribucionarc.com\/en\/producto\/selladora-de-bolsas-automatica-%e2%99%be%ef%b8%8f-maquina-de-autosellado-de-bolsas-plasticoaluniopapel\/#breadcrumb\",\"itemListElement\":[{\"@type\":\"ListItem\",\"position\":1,\"name\":\"Portada\",\"item\":\"https:\/\/www.distribucionarc.com\/\"},{\"@type\":\"ListItem\",\"position\":2,\"name\":\"\u00dcr\u00fcnler\",\"item\":\"https:\/\/www.distribucionarc.com\/tr\/magaza\/\"},{\"@type\":\"ListItem\",\"position\":3,\"name\":\"Selladora de Bolsas Autom\u00e1tica \u267e\ufe0f M\u00e1quina de Autosellado de Bolsas de Pl\u00e1stico, Aluminio, Papel\"}]},{\"@type\":\"WebSite\",\"@id\":\"https:\/\/www.distribucionarc.com\/sl\/#website\",\"url\":\"https:\/\/www.distribucionarc.com\/sl\/\",\"name\":\"distribuci\u00f3n ARC\",\"description\":\"Empresa especializada en la fabricaci\u00f3n y distribuci\u00f3n de maquinaria industrial, selladoras de latas, Maquinas de hacer pastillas, Maquinas de cortar carne...\",\"publisher\":{\"@id\":\"https:\/\/www.distribucionarc.com\/sl\/#organization\"},\"potentialAction\":[{\"@type\":\"SearchAction\",\"target\":{\"@type\":\"EntryPoint\",\"urlTemplate\":\"https:\/\/www.distribucionarc.com\/sl\/?s={search_term_string}\"},\"query-input\":{\"@type\":\"PropertyValueSpecification\",\"valueRequired\":true,\"valueName\":\"search_term_string\"}}],\"inLanguage\":\"ro-RO\"},{\"@type\":\"Organization\",\"@id\":\"https:\/\/www.distribucionarc.com\/sl\/#organization\",\"name\":\"Distribuci\u00f3n ARC\",\"url\":\"https:\/\/www.distribucionarc.com\/sl\/\",\"logo\":{\"@type\":\"ImageObject\",\"inLanguage\":\"ro-RO\",\"@id\":\"https:\/\/www.distribucionarc.com\/sl\/#\/schema\/logo\/image\/\",\"url\":\"https:\/\/distribucionarc.com\/wp-content\/uploads\/2024\/10\/distribucion-ARC-COLOR-SIN-FONDO-e1732295305345.png\",\"contentUrl\":\"https:\/\/distribucionarc.com\/wp-content\/uploads\/2024\/10\/distribucion-ARC-COLOR-SIN-FONDO-e1732295305345.png\",\"width\":1164,\"height\":558,\"caption\":\"Distribuci\u00f3n ARC\"},\"image\":{\"@id\":\"https:\/\/www.distribucionarc.com\/sl\/#\/schema\/logo\/image\/\"},\"description\":\"Empresa especializada en la fabricaci\u00f3n y distribuci\u00f3n de maquinaria industrial para los sectores alimentario y farmac\u00e9utico. Nos especializamos en: M\u00e1quinas de cortar carne Fabricaci\u00f3n de comprimidos Sistemas de transporte industrial L\u00edneas de embotellado Dosificadores Y mucho m\u00e1s... Ofrecemos soluciones innovadoras y personalizadas para optimizar los procesos productivos de tu empresa.\",\"email\":\"Admistracion@distribucionarc.com\",\"telephone\":\"+34 643496664\",\"legalName\":\"ARC TECH SOLUTIONS\",\"foundingDate\":\"2024-04-09\",\"vatID\":\"B55480172\",\"numberOfEmployees\":{\"@type\":\"QuantitativeValue\",\"minValue\":\"1\",\"maxValue\":\"10\"}}]}<\/script>\n<!-- \/ Yoast SEO Premium plugin. -->","yoast_head_json":{"title":"Sigilator automat de saci \u267e\ufe0f Ma\u0219in\u0103 de auto-sigilat pentru pungi de plastic, aluminiu, h\u00e2rtie - distribu\u021bie ARC","robots":{"index":"index","follow":"follow","max-snippet":"max-snippet:-1","max-image-preview":"max-image-preview:large","max-video-preview":"max-video-preview:-1"},"canonical":"https:\/\/www.distribucionarc.com\/en\/producto\/selladora-de-bolsas-automatica-\u267e\ufe0f-maquina-de-autosellado-de-bolsas-plasticoaluniopapel\/","og_locale":"ro_RO","og_type":"article","og_title":"Selladora de Bolsas Autom\u00e1tica \u267e\ufe0f M\u00e1quina de Autosellado de Bolsas de Pl\u00e1stico, Aluminio, Papel","og_description":"Selladora Horizontalmente en Continuo.  M\u00e1quina de sobremesa fabricada en\u00a0acero inoxidable,\u00a0ideal para medias y grandes producciones.  Muy f\u00e1cil de configurar, garantiza un soldado perfecto de cualquier material termosellable: polietileno (PE), polipropileno (PP) y laminados.  Adecuada para todo tipo de bolsas","og_url":"https:\/\/www.distribucionarc.com\/en\/producto\/selladora-de-bolsas-automatica-\u267e\ufe0f-maquina-de-autosellado-de-bolsas-plasticoaluniopapel\/","og_site_name":"distribuci\u00f3n ARC","article_modified_time":"2023-07-31T18:19:57+00:00","og_image":[{"width":1600,"height":1600,"url":"https:\/\/distribucionarc.com\/wp-content\/uploads\/2020\/04\/selladora_de_bolsas_autom\u00e1tica_0.jpg","type":"image\/jpeg"}],"twitter_card":"summary_large_image","twitter_misc":{"Timp estimat pentru citire":"1 minut"},"schema":{"@context":"https:\/\/schema.org","@graph":[{"@type":"WebPage","@id":"https:\/\/www.distribucionarc.com\/en\/producto\/selladora-de-bolsas-automatica-%e2%99%be%ef%b8%8f-maquina-de-autosellado-de-bolsas-plasticoaluniopapel\/","url":"https:\/\/www.distribucionarc.com\/en\/producto\/selladora-de-bolsas-automatica-%e2%99%be%ef%b8%8f-maquina-de-autosellado-de-bolsas-plasticoaluniopapel\/","name":"Sigilator automat de saci \u267e\ufe0f Ma\u0219in\u0103 de auto-sigilat pentru pungi de plastic, aluminiu, h\u00e2rtie - distribu\u021bie ARC","isPartOf":{"@id":"https:\/\/www.distribucionarc.com\/sl\/#website"},"primaryImageOfPage":{"@id":"https:\/\/www.distribucionarc.com\/en\/producto\/selladora-de-bolsas-automatica-%e2%99%be%ef%b8%8f-maquina-de-autosellado-de-bolsas-plasticoaluniopapel\/#primaryimage"},"image":{"@id":"https:\/\/www.distribucionarc.com\/en\/producto\/selladora-de-bolsas-automatica-%e2%99%be%ef%b8%8f-maquina-de-autosellado-de-bolsas-plasticoaluniopapel\/#primaryimage"},"thumbnailUrl":"https:\/\/distribucionarc.com\/wp-content\/uploads\/2020\/04\/selladora_de_bolsas_autom\u00e1tica_0.jpg","datePublished":"2020-04-18T15:20:05+00:00","dateModified":"2023-07-31T18:19:57+00:00","breadcrumb":{"@id":"https:\/\/www.distribucionarc.com\/en\/producto\/selladora-de-bolsas-automatica-%e2%99%be%ef%b8%8f-maquina-de-autosellado-de-bolsas-plasticoaluniopapel\/#breadcrumb"},"inLanguage":"ro-RO","potentialAction":[{"@type":"ReadAction","target":["https:\/\/www.distribucionarc.com\/en\/producto\/selladora-de-bolsas-automatica-%e2%99%be%ef%b8%8f-maquina-de-autosellado-de-bolsas-plasticoaluniopapel\/"]}]},{"@type":"ImageObject","inLanguage":"ro-RO","@id":"https:\/\/www.distribucionarc.com\/en\/producto\/selladora-de-bolsas-automatica-%e2%99%be%ef%b8%8f-maquina-de-autosellado-de-bolsas-plasticoaluniopapel\/#primaryimage","url":"https:\/\/distribucionarc.com\/wp-content\/uploads\/2020\/04\/selladora_de_bolsas_autom\u00e1tica_0.jpg","contentUrl":"https:\/\/distribucionarc.com\/wp-content\/uploads\/2020\/04\/selladora_de_bolsas_autom\u00e1tica_0.jpg","width":1600,"height":1600},{"@type":"BreadcrumbList","@id":"https:\/\/www.distribucionarc.com\/en\/producto\/selladora-de-bolsas-automatica-%e2%99%be%ef%b8%8f-maquina-de-autosellado-de-bolsas-plasticoaluniopapel\/#breadcrumb","itemListElement":[{"@type":"ListItem","position":1,"name":"Portada","item":"https:\/\/www.distribucionarc.com\/"},{"@type":"ListItem","position":2,"name":"\u00dcr\u00fcnler","item":"https:\/\/www.distribucionarc.com\/tr\/magaza\/"},{"@type":"ListItem","position":3,"name":"Selladora de Bolsas Autom\u00e1tica \u267e\ufe0f M\u00e1quina de Autosellado de Bolsas de Pl\u00e1stico, Aluminio, Papel"}]},{"@type":"WebSite","@id":"https:\/\/www.distribucionarc.com\/sl\/#website","url":"https:\/\/www.distribucionarc.com\/sl\/","name":"Distribu\u021bie ARC","description":"Companie specializat\u0103 \u00een fabricarea \u0219i distribu\u021bia de utilaje industriale, ma\u0219ini de sigilat cutii, ma\u0219ini de fabricat tablete, ma\u0219ini de t\u0103iat carne...","publisher":{"@id":"https:\/\/www.distribucionarc.com\/sl\/#organization"},"potentialAction":[{"@type":"SearchAction","target":{"@type":"EntryPoint","urlTemplate":"https:\/\/www.distribucionarc.com\/sl\/?s={search_term_string}"},"query-input":{"@type":"PropertyValueSpecification","valueRequired":true,"valueName":"search_term_string"}}],"inLanguage":"ro-RO"},{"@type":"Organization","@id":"https:\/\/www.distribucionarc.com\/sl\/#organization","name":"Distribu\u021bie ARC","url":"https:\/\/www.distribucionarc.com\/sl\/","logo":{"@type":"ImageObject","inLanguage":"ro-RO","@id":"https:\/\/www.distribucionarc.com\/sl\/#\/schema\/logo\/image\/","url":"https:\/\/distribucionarc.com\/wp-content\/uploads\/2024\/10\/distribucion-ARC-COLOR-SIN-FONDO-e1732295305345.png","contentUrl":"https:\/\/distribucionarc.com\/wp-content\/uploads\/2024\/10\/distribucion-ARC-COLOR-SIN-FONDO-e1732295305345.png","width":1164,"height":558,"caption":"Distribuci\u00f3n ARC"},"image":{"@id":"https:\/\/www.distribucionarc.com\/sl\/#\/schema\/logo\/image\/"},"description":"Companie specializat\u0103 \u00een fabricarea \u0219i distribu\u021bia de utilaje industriale pentru sectoarele alimentar \u0219i farmaceutic. Suntem specializa\u021bi \u00een: Ma\u0219ini de t\u0103iat carne Fabricarea tabletelor Sisteme de transport industrial Linii de \u00eembuteliere Distribuitoare \u0218i multe altele... Oferim solu\u021bii inovatoare \u0219i personalizate pentru a optimiza procesele de produc\u021bie ale companiei dumneavoastr\u0103.","email":"Admistracion@distribucionarc.com","telephone":"+34 643496664","legalName":"ARC TECH SOLUTIONS","foundingDate":"2024-04-09","vatID":"B55480172","numberOfEmployees":{"@type":"QuantitativeValue","minValue":"1","maxValue":"10"}}]}},"_links":{"self":[{"href":"https:\/\/distribucionarc.com\/ro\/wp-json\/wp\/v2\/product\/385","targetHints":{"allow":["GET"]}}],"collection":[{"href":"https:\/\/distribucionarc.com\/ro\/wp-json\/wp\/v2\/product"}],"about":[{"href":"https:\/\/distribucionarc.com\/ro\/wp-json\/wp\/v2\/types\/product"}],"replies":[{"embeddable":true,"href":"https:\/\/distribucionarc.com\/ro\/wp-json\/wp\/v2\/comments?post=385"}],"version-history":[{"count":0,"href":"https:\/\/distribucionarc.com\/ro\/wp-json\/wp\/v2\/product\/385\/revisions"}],"wp:featuredmedia":[{"embeddable":true,"href":"https:\/\/distribucionarc.com\/ro\/wp-json\/wp\/v2\/media\/418"}],"wp:attachment":[{"href":"https:\/\/distribucionarc.com\/ro\/wp-json\/wp\/v2\/media?parent=385"}],"wp:term":[{"taxonomy":"product_brand","embeddable":true,"href":"https:\/\/distribucionarc.com\/ro\/wp-json\/wp\/v2\/product_brand?post=385"},{"taxonomy":"product_cat","embeddable":true,"href":"https:\/\/distribucionarc.com\/ro\/wp-json\/wp\/v2\/product_cat?post=385"},{"taxonomy":"product_tag","embeddable":true,"href":"https:\/\/distribucionarc.com\/ro\/wp-json\/wp\/v2\/product_tag?post=385"}],"curies":[{"name":"wp","href":"https:\/\/api.w.org\/{rel}","templated":true}]}}