{"id":3981,"date":"2020-10-14T15:42:05","date_gmt":"2020-10-14T15:42:05","guid":{"rendered":"https:\/\/distribucionarc.com\/?post_type=product&#038;p=3981"},"modified":"2020-11-17T07:49:41","modified_gmt":"2020-11-17T07:49:41","slug":"taietor-busteni-pneumatic","status":"publish","type":"product","link":"https:\/\/distribucionarc.com\/ro\/producto\/cortador-de-troncos-neumatico\/","title":{"rendered":"despicator pneumatic de busteni\u00a0"},"content":{"rendered":"<h3>despicator pneumatic de busteni<\/h3>\n<p>El<strong>\u00a0t\u0103ietor de bu\u0219teni\u00a0<span style=\"color: #ff0000;\">LA<\/span><span style=\"color: #0000ff;\">R<\/span>c<\/strong>\u00a0Are ac\u021bionare simultan\u0103 prin buton \u0219i p\u00e2rghie, astfel \u00eenc\u00e2t s\u0103 nu poat\u0103 fi ac\u021bionat cu o singur\u0103 m\u00e2n\u0103 pentru a \u00eendeplini\u00a0<strong><span style=\"color: #0000ff;\">cele mai recente standarde de securitate<\/span>.<\/strong><\/p>\n<p>Opera\u021bia se efectueaz\u0103 cu dou\u0103 m\u00e2ini prin ac\u021bionarea a dou\u0103 p\u00e2rghii \u00een afara cu\u0219tii pentru a asigura siguran\u021ba utilizatorului. Ap\u0103r\u0103toarea de siguran\u021b\u0103 v\u0103 permite s\u0103 desp\u0103r\u021bi\u021bi bu\u0219tenii \u0219i s\u0103 \u00eei re\u021bine\u021bi, astfel \u00eenc\u00e2t resturile s\u0103 zboare din cu\u0219c\u0103. Ap\u0103r\u0103toarea de siguran\u021b\u0103 este, de asemenea, diferit\u0103 de alte modele, prin eliminarea orificiilor din laterale, \u0219ansa ca un bu\u0219tean s\u0103 deterioreze ap\u0103r\u0103toarea este mult redus\u0103.<\/p>\n<p>Acest\u00a0<strong>tocator de bu\u0219teni <span style=\"color: #ff0000;\">LA<\/span><span style=\"color: #0000ff;\">R<\/span>CPTE500<\/strong>\u00a0este\u00a0<strong>capabil s\u0103 \u00eempart\u0103 650 de bu\u0219teni pe or\u0103<\/strong>, p\u00e2n\u0103 la 520 mm lungime \u0219i 250 mm \u00een diametru. Dimensiunea ideal\u0103 pentru persoanele cu focuri mici \u0219i sobe pe lemne care doresc s\u0103 despart\u0103 bu\u0219tenii scurti.<\/p>\n<h6><strong>garan\u021bie\u00a0<span style=\"color: #ff0000;\">LA<\/span><span style=\"color: #0000ff;\">R<\/span>C 2 ANI<\/strong><\/h6>\n<h6><span style=\"color: #008000;\">Despicator de busteni eficient, consum redus 1850W<\/span><\/h6>\n<h6><strong>suport tehnic inclus<\/strong><\/h6>\n<p>&nbsp;<\/p>\n<table role=\"presentation\" width=\"100%\" cellspacing=\"0\" cellpadding=\"0\">\n<tbody>\n<tr>\n<td class=\"attrLabels\">Marca:<\/td>\n<td width=\"50.0%\">ARC<\/td>\n<\/tr>\n<tr>\n<td class=\"attrLabels\">\u021aara de distribu\u021bie:<\/td>\n<td width=\"50.0%\">Spania, Germania, SUA<\/td>\n<td class=\"attrLabels\">Greutate:<\/td>\n<td width=\"50.0%\">36 kg<\/td>\n<\/tr>\n<tr>\n<td class=\"attrLabels\">Garantie:<\/td>\n<td width=\"50.0%\">2 ANI<\/td>\n<td class=\"attrLabels\">\u00cen\u0103l\u0163ime:<\/td>\n<td width=\"50.0%\">43,3 cm<\/td>\n<\/tr>\n<tr>\n<td class=\"attrLabels\">Culoare:<\/td>\n<td width=\"50.0%\">ro\u0219u, negru<\/td>\n<td class=\"attrLabels\">Lung:<\/td>\n<td width=\"50.0%\">94,3 cm<\/td>\n<\/tr>\n<tr>\n<td class=\"attrLabels\">Tip produs:<\/td>\n<td width=\"50.0%\">despicator de busteni<\/td>\n<td class=\"attrLabels\">Larg:<\/td>\n<td width=\"50.0%\">26,4 cm<\/td>\n<\/tr>\n<tr>\n<td class=\"attrLabels\">Numar producator:<\/td>\n<td width=\"50.0%\">ARCPTE500<\/td>\n<td class=\"attrLabels\">Putere:<\/td>\n<td width=\"50.0%\">2000W<\/td>\n<\/tr>\n<tr>\n<td class=\"attrLabels\">Material:<\/td>\n<td width=\"50.0%\">Motor eficient, otel armat<\/td>\n<td class=\"attrLabels\">tensiune de intrare<\/td>\n<td width=\"50.0%\">220V \u2013 50\/60Hz<\/td>\n<\/tr>\n<tr>\n<td class=\"attrLabels\">Instrumente de instalare:<\/td>\n<td width=\"50.0%\">Da<\/td>\n<td class=\"attrLabels\">Dimensiune de t\u0103iere:<\/td>\n<td width=\"50.0%\">37 cm lungime 25 cm diametru max<\/td>\n<\/tr>\n<tr>\n<td class=\"attrLabels\">Volum de ulei \u0219i hidraulic:<\/td>\n<td width=\"50.0%\">ulei 46 rezervor 2.4L<\/td>\n<td class=\"attrLabels\">Presiune maxima:<\/td>\n<td width=\"50.0%\">5000 kg<\/td>\n<\/tr>\n<\/tbody>\n<\/table>\n<p>&nbsp;<\/p>","protected":false},"excerpt":{"rendered":"<h2>despicator pneumatic de busteni<\/h2>\n<p>El\u00a0<strong>t\u0103ietor de bu\u0219teni\u00a0<span style=\"color: #ff0000;\">LA<\/span><span style=\"color: #0000ff;\">R<\/span>c<\/strong> Este ma\u0219ina perfect\u0103 pentru a \u00eemp\u0103r\u021bi lemnul verde sau uscat \u00een buc\u0103\u021bi scurte de bu\u0219teni. Echipat cu un motor de 2000 de wa\u021bi, ma\u0219ina exercit\u0103 5 tone de for\u021b\u0103 eficient \u0219i u\u0219or. Acest despicator de bu\u0219teni este capabil s\u0103 taie un bu\u0219tean \u00een mai pu\u021bin de 15 secunde datorit\u0103 <span style=\"color: #008000;\"><strong>motor eficient<\/strong><\/span>\u00a0si sistemul hidraulic. \u00cemp\u0103r\u021bi\u021bi jurnalele \u00een cele mai simple \u0219i rapide moduri.<\/p>\n<h6><strong>garan\u021bie\u00a0<span style=\"color: #ff0000;\">LA<\/span><span style=\"color: #0000ff;\">R<\/span>C 2 ANI<\/strong><\/h6>\n<h6><span style=\"color: #008000;\">Despicator de busteni eficient, consum redus 1850W<\/span><\/h6>\n<h6><strong>suport tehnic inclus<\/strong><\/h6>","protected":false},"featured_media":3992,"comment_status":"open","ping_status":"closed","template":"","meta":{"wds_primary_product_brand":0,"wds_primary_product_cat":0},"product_brand":[],"product_cat":[72,69],"product_tag":[],"class_list":{"0":"post-3981","1":"product","2":"type-product","3":"status-publish","4":"has-post-thumbnail","6":"product_cat-maquinaria-para-cortar-troncos","7":"product_cat-maquinas-variadas","8":"product_shipping_class-express","10":"first","11":"instock","12":"sale","13":"taxable","14":"shipping-taxable","15":"purchasable","16":"product-type-simple"},"yoast_head":"<!-- This site is optimized with the Yoast SEO Premium plugin v24.9 (Yoast SEO v26.1) - https:\/\/yoast.com\/wordpress\/plugins\/seo\/ -->\n<title>Cortador de troncos neum\u00e1tico\u00a0 - distribuci\u00f3n ARC<\/title>\n<meta name=\"robots\" content=\"index, follow, max-snippet:-1, max-image-preview:large, max-video-preview:-1\" \/>\n<link rel=\"canonical\" href=\"https:\/\/distribucionarc.com\/ro\/produs\/taietor-busteni-pneumatic\/\" \/>\n<meta property=\"og:locale\" content=\"ro_RO\" \/>\n<meta property=\"og:type\" content=\"article\" \/>\n<meta property=\"og:title\" content=\"Cortador de troncos neum\u00e1tico\u00a0\" \/>\n<meta property=\"og:description\" content=\"Cortador de troncos neum\u00e1tico El\u00a0cortador de troncos\u00a0ARC es la m\u00e1quina perfecta para partir su madera verde o seca, en troncos de cortos trozos. Equipada con un motor de 2000 vatios, la m\u00e1quina ejerce 5 toneladas de fuerza con eficacia y facilidad. Este partidor de troncos es capaz de cortar un trozo en menos de 15 segundos gracias al motor eficiente\u00a0y el sistema hidr\u00e1ulico. Divida troncos de la formas m\u00e1s sencilla y r\u00e1pida. Garant\u00eda\u00a0ARC 2 A\u00d1OS Partidora de troncos eficiente, bajo consumo 1850W soporte t\u00e9cnico incluido\" \/>\n<meta property=\"og:url\" content=\"https:\/\/distribucionarc.com\/ro\/produs\/taietor-busteni-pneumatic\/\" \/>\n<meta property=\"og:site_name\" content=\"distribuci\u00f3n ARC\" \/>\n<meta property=\"article:modified_time\" content=\"2020-11-17T07:49:41+00:00\" \/>\n<meta property=\"og:image\" content=\"https:\/\/distribucionarc.com\/wp-content\/uploads\/2020\/10\/Cortador-de-troncos-neum\u00e1tico-0-.jpg\" \/>\n\t<meta property=\"og:image:width\" content=\"1001\" \/>\n\t<meta property=\"og:image:height\" content=\"1001\" \/>\n\t<meta property=\"og:image:type\" content=\"image\/jpeg\" \/>\n<meta name=\"twitter:card\" content=\"summary_large_image\" \/>\n<meta name=\"twitter:label1\" content=\"Timp estimat pentru citire\" \/>\n\t<meta name=\"twitter:data1\" content=\"1 minut\" \/>\n<script type=\"application\/ld+json\" class=\"yoast-schema-graph\">{\"@context\":\"https:\/\/schema.org\",\"@graph\":[{\"@type\":\"WebPage\",\"@id\":\"https:\/\/distribucionarc.com\/sk\/producto\/cortador-de-troncos-neumatico\/\",\"url\":\"https:\/\/distribucionarc.com\/sk\/producto\/cortador-de-troncos-neumatico\/\",\"name\":\"Cortador de troncos neum\u00e1tico\u00a0 - distribuci\u00f3n ARC\",\"isPartOf\":{\"@id\":\"https:\/\/distribucionarc.com\/de\/#website\"},\"primaryImageOfPage\":{\"@id\":\"https:\/\/distribucionarc.com\/sk\/producto\/cortador-de-troncos-neumatico\/#primaryimage\"},\"image\":{\"@id\":\"https:\/\/distribucionarc.com\/sk\/producto\/cortador-de-troncos-neumatico\/#primaryimage\"},\"thumbnailUrl\":\"https:\/\/distribucionarc.com\/wp-content\/uploads\/2020\/10\/Cortador-de-troncos-neum\u00e1tico-0-.jpg\",\"datePublished\":\"2020-10-14T15:42:05+00:00\",\"dateModified\":\"2020-11-17T07:49:41+00:00\",\"breadcrumb\":{\"@id\":\"https:\/\/distribucionarc.com\/sk\/producto\/cortador-de-troncos-neumatico\/#breadcrumb\"},\"inLanguage\":\"ro-RO\",\"potentialAction\":[{\"@type\":\"ReadAction\",\"target\":[\"https:\/\/distribucionarc.com\/sk\/producto\/cortador-de-troncos-neumatico\/\"]}]},{\"@type\":\"ImageObject\",\"inLanguage\":\"ro-RO\",\"@id\":\"https:\/\/distribucionarc.com\/sk\/producto\/cortador-de-troncos-neumatico\/#primaryimage\",\"url\":\"https:\/\/distribucionarc.com\/wp-content\/uploads\/2020\/10\/Cortador-de-troncos-neum\u00e1tico-0-.jpg\",\"contentUrl\":\"https:\/\/distribucionarc.com\/wp-content\/uploads\/2020\/10\/Cortador-de-troncos-neum\u00e1tico-0-.jpg\",\"width\":1001,\"height\":1001,\"caption\":\"Cortador de troncos neum\u00e1tico\u00a0\"},{\"@type\":\"BreadcrumbList\",\"@id\":\"https:\/\/distribucionarc.com\/sk\/producto\/cortador-de-troncos-neumatico\/#breadcrumb\",\"itemListElement\":[{\"@type\":\"ListItem\",\"position\":1,\"name\":\"Portada\",\"item\":\"https:\/\/distribucionarc.com\/pl\/\"},{\"@type\":\"ListItem\",\"position\":2,\"name\":\"Produkty\",\"item\":\"https:\/\/distribucionarc.com\/pl\/shop\/\"},{\"@type\":\"ListItem\",\"position\":3,\"name\":\"Cortador de troncos neum\u00e1tico\u00a0\"}]},{\"@type\":\"WebSite\",\"@id\":\"https:\/\/distribucionarc.com\/de\/#website\",\"url\":\"https:\/\/distribucionarc.com\/de\/\",\"name\":\"distribuci\u00f3n ARC\",\"description\":\"Empresa especializada en la fabricaci\u00f3n y distribuci\u00f3n de maquinaria industrial, selladoras de latas, Maquinas de hacer pastillas, Maquinas de cortar carne...\",\"publisher\":{\"@id\":\"https:\/\/distribucionarc.com\/de\/#organization\"},\"potentialAction\":[{\"@type\":\"SearchAction\",\"target\":{\"@type\":\"EntryPoint\",\"urlTemplate\":\"https:\/\/distribucionarc.com\/de\/?s={search_term_string}\"},\"query-input\":{\"@type\":\"PropertyValueSpecification\",\"valueRequired\":true,\"valueName\":\"search_term_string\"}}],\"inLanguage\":\"ro-RO\"},{\"@type\":\"Organization\",\"@id\":\"https:\/\/distribucionarc.com\/de\/#organization\",\"name\":\"Distribuci\u00f3n ARC\",\"url\":\"https:\/\/distribucionarc.com\/de\/\",\"logo\":{\"@type\":\"ImageObject\",\"inLanguage\":\"ro-RO\",\"@id\":\"https:\/\/distribucionarc.com\/de\/#\/schema\/logo\/image\/\",\"url\":\"https:\/\/distribucionarc.com\/wp-content\/uploads\/2024\/10\/distribucion-ARC-COLOR-SIN-FONDO-e1732295305345.png\",\"contentUrl\":\"https:\/\/distribucionarc.com\/wp-content\/uploads\/2024\/10\/distribucion-ARC-COLOR-SIN-FONDO-e1732295305345.png\",\"width\":1164,\"height\":558,\"caption\":\"Distribuci\u00f3n ARC\"},\"image\":{\"@id\":\"https:\/\/distribucionarc.com\/de\/#\/schema\/logo\/image\/\"},\"description\":\"Empresa especializada en la fabricaci\u00f3n y distribuci\u00f3n de maquinaria industrial para los sectores alimentario y farmac\u00e9utico. Nos especializamos en: M\u00e1quinas de cortar carne Fabricaci\u00f3n de comprimidos Sistemas de transporte industrial L\u00edneas de embotellado Dosificadores Y mucho m\u00e1s... Ofrecemos soluciones innovadoras y personalizadas para optimizar los procesos productivos de tu empresa.\",\"email\":\"Admistracion@distribucionarc.com\",\"telephone\":\"+34 643496664\",\"legalName\":\"ARC TECH SOLUTIONS\",\"foundingDate\":\"2024-04-09\",\"vatID\":\"B55480172\",\"numberOfEmployees\":{\"@type\":\"QuantitativeValue\",\"minValue\":\"1\",\"maxValue\":\"10\"}}]}<\/script>\n<!-- \/ Yoast SEO Premium plugin. -->","yoast_head_json":{"title":"Despicator de busteni pneumatic - distributie ARC","robots":{"index":"index","follow":"follow","max-snippet":"max-snippet:-1","max-image-preview":"max-image-preview:large","max-video-preview":"max-video-preview:-1"},"canonical":"https:\/\/distribucionarc.com\/ro\/produs\/taietor-busteni-pneumatic\/","og_locale":"ro_RO","og_type":"article","og_title":"Cortador de troncos neum\u00e1tico\u00a0","og_description":"Cortador de troncos neum\u00e1tico El\u00a0cortador de troncos\u00a0ARC es la m\u00e1quina perfecta para partir su madera verde o seca, en troncos de cortos trozos. Equipada con un motor de 2000 vatios, la m\u00e1quina ejerce 5 toneladas de fuerza con eficacia y facilidad. Este partidor de troncos es capaz de cortar un trozo en menos de 15 segundos gracias al motor eficiente\u00a0y el sistema hidr\u00e1ulico. Divida troncos de la formas m\u00e1s sencilla y r\u00e1pida. Garant\u00eda\u00a0ARC 2 A\u00d1OS Partidora de troncos eficiente, bajo consumo 1850W soporte t\u00e9cnico incluido","og_url":"https:\/\/distribucionarc.com\/ro\/produs\/taietor-busteni-pneumatic\/","og_site_name":"distribuci\u00f3n ARC","article_modified_time":"2020-11-17T07:49:41+00:00","og_image":[{"width":1001,"height":1001,"url":"https:\/\/distribucionarc.com\/wp-content\/uploads\/2020\/10\/Cortador-de-troncos-neum\u00e1tico-0-.jpg","type":"image\/jpeg"}],"twitter_card":"summary_large_image","twitter_misc":{"Timp estimat pentru citire":"1 minut"},"schema":{"@context":"https:\/\/schema.org","@graph":[{"@type":"WebPage","@id":"https:\/\/distribucionarc.com\/sk\/producto\/cortador-de-troncos-neumatico\/","url":"https:\/\/distribucionarc.com\/sk\/producto\/cortador-de-troncos-neumatico\/","name":"Despicator de busteni pneumatic - distributie ARC","isPartOf":{"@id":"https:\/\/distribucionarc.com\/de\/#website"},"primaryImageOfPage":{"@id":"https:\/\/distribucionarc.com\/sk\/producto\/cortador-de-troncos-neumatico\/#primaryimage"},"image":{"@id":"https:\/\/distribucionarc.com\/sk\/producto\/cortador-de-troncos-neumatico\/#primaryimage"},"thumbnailUrl":"https:\/\/distribucionarc.com\/wp-content\/uploads\/2020\/10\/Cortador-de-troncos-neum\u00e1tico-0-.jpg","datePublished":"2020-10-14T15:42:05+00:00","dateModified":"2020-11-17T07:49:41+00:00","breadcrumb":{"@id":"https:\/\/distribucionarc.com\/sk\/producto\/cortador-de-troncos-neumatico\/#breadcrumb"},"inLanguage":"ro-RO","potentialAction":[{"@type":"ReadAction","target":["https:\/\/distribucionarc.com\/sk\/producto\/cortador-de-troncos-neumatico\/"]}]},{"@type":"ImageObject","inLanguage":"ro-RO","@id":"https:\/\/distribucionarc.com\/sk\/producto\/cortador-de-troncos-neumatico\/#primaryimage","url":"https:\/\/distribucionarc.com\/wp-content\/uploads\/2020\/10\/Cortador-de-troncos-neum\u00e1tico-0-.jpg","contentUrl":"https:\/\/distribucionarc.com\/wp-content\/uploads\/2020\/10\/Cortador-de-troncos-neum\u00e1tico-0-.jpg","width":1001,"height":1001,"caption":"Cortador de troncos neum\u00e1tico\u00a0"},{"@type":"BreadcrumbList","@id":"https:\/\/distribucionarc.com\/sk\/producto\/cortador-de-troncos-neumatico\/#breadcrumb","itemListElement":[{"@type":"ListItem","position":1,"name":"Portada","item":"https:\/\/distribucionarc.com\/pl\/"},{"@type":"ListItem","position":2,"name":"Produkty","item":"https:\/\/distribucionarc.com\/pl\/shop\/"},{"@type":"ListItem","position":3,"name":"Cortador de troncos neum\u00e1tico\u00a0"}]},{"@type":"WebSite","@id":"https:\/\/distribucionarc.com\/de\/#website","url":"https:\/\/distribucionarc.com\/de\/","name":"Distribu\u021bie ARC","description":"Companie specializat\u0103 \u00een fabricarea \u0219i distribu\u021bia de utilaje industriale, ma\u0219ini de sigilat cutii, ma\u0219ini de fabricat tablete, ma\u0219ini de t\u0103iat carne...","publisher":{"@id":"https:\/\/distribucionarc.com\/de\/#organization"},"potentialAction":[{"@type":"SearchAction","target":{"@type":"EntryPoint","urlTemplate":"https:\/\/distribucionarc.com\/de\/?s={search_term_string}"},"query-input":{"@type":"PropertyValueSpecification","valueRequired":true,"valueName":"search_term_string"}}],"inLanguage":"ro-RO"},{"@type":"Organization","@id":"https:\/\/distribucionarc.com\/de\/#organization","name":"Distribu\u021bie ARC","url":"https:\/\/distribucionarc.com\/de\/","logo":{"@type":"ImageObject","inLanguage":"ro-RO","@id":"https:\/\/distribucionarc.com\/de\/#\/schema\/logo\/image\/","url":"https:\/\/distribucionarc.com\/wp-content\/uploads\/2024\/10\/distribucion-ARC-COLOR-SIN-FONDO-e1732295305345.png","contentUrl":"https:\/\/distribucionarc.com\/wp-content\/uploads\/2024\/10\/distribucion-ARC-COLOR-SIN-FONDO-e1732295305345.png","width":1164,"height":558,"caption":"Distribuci\u00f3n ARC"},"image":{"@id":"https:\/\/distribucionarc.com\/de\/#\/schema\/logo\/image\/"},"description":"Companie specializat\u0103 \u00een fabricarea \u0219i distribu\u021bia de utilaje industriale pentru sectoarele alimentar \u0219i farmaceutic. Suntem specializa\u021bi \u00een: Ma\u0219ini de t\u0103iat carne Fabricarea tabletelor Sisteme de transport industrial Linii de \u00eembuteliere Distribuitoare \u0218i multe altele... Oferim solu\u021bii inovatoare \u0219i personalizate pentru a optimiza procesele de produc\u021bie ale companiei dumneavoastr\u0103.","email":"Admistracion@distribucionarc.com","telephone":"+34 643496664","legalName":"ARC TECH SOLUTIONS","foundingDate":"2024-04-09","vatID":"B55480172","numberOfEmployees":{"@type":"QuantitativeValue","minValue":"1","maxValue":"10"}}]}},"_links":{"self":[{"href":"https:\/\/distribucionarc.com\/ro\/wp-json\/wp\/v2\/product\/3981","targetHints":{"allow":["GET"]}}],"collection":[{"href":"https:\/\/distribucionarc.com\/ro\/wp-json\/wp\/v2\/product"}],"about":[{"href":"https:\/\/distribucionarc.com\/ro\/wp-json\/wp\/v2\/types\/product"}],"replies":[{"embeddable":true,"href":"https:\/\/distribucionarc.com\/ro\/wp-json\/wp\/v2\/comments?post=3981"}],"version-history":[{"count":0,"href":"https:\/\/distribucionarc.com\/ro\/wp-json\/wp\/v2\/product\/3981\/revisions"}],"wp:featuredmedia":[{"embeddable":true,"href":"https:\/\/distribucionarc.com\/ro\/wp-json\/wp\/v2\/media\/3992"}],"wp:attachment":[{"href":"https:\/\/distribucionarc.com\/ro\/wp-json\/wp\/v2\/media?parent=3981"}],"wp:term":[{"taxonomy":"product_brand","embeddable":true,"href":"https:\/\/distribucionarc.com\/ro\/wp-json\/wp\/v2\/product_brand?post=3981"},{"taxonomy":"product_cat","embeddable":true,"href":"https:\/\/distribucionarc.com\/ro\/wp-json\/wp\/v2\/product_cat?post=3981"},{"taxonomy":"product_tag","embeddable":true,"href":"https:\/\/distribucionarc.com\/ro\/wp-json\/wp\/v2\/product_tag?post=3981"}],"curies":[{"name":"wp","href":"https:\/\/api.w.org\/{rel}","templated":true}]}}