{"id":3998,"date":"2020-10-15T09:04:26","date_gmt":"2020-10-15T09:04:26","guid":{"rendered":"https:\/\/distribucionarc.com\/?post_type=product&#038;p=3998"},"modified":"2023-02-15T18:45:27","modified_gmt":"2023-02-15T18:45:27","slug":"magnetic-agitator-placa-incinsa","status":"publish","type":"product","link":"https:\/\/distribucionarc.com\/ro\/producto\/agitador-magnetico-placa-caliente\/","title":{"rendered":"Agitator magnetic cu plac\u0103 fierbinte"},"content":{"rendered":"<h2>Agitator magnetic cu plac\u0103 fierbinte<\/h2>\n<p>Acest <strong>agitator cu plac\u0103 fierbinte <span style=\"color: #ff0000;\">LA<\/span><span style=\"color: #0000ff;\">R<\/span>c<\/strong> Dispune de performan\u021b\u0103 ridicat\u0103, viteze diferite \u0219i temperatur\u0103 reglabil\u0103 pentru o mare varietate de laboratoare medicale, chimice \u0219i organice. Func\u021bionarea sa stabil\u0103, performan\u021ba fiabil\u0103 \u0219i func\u021bia simpl\u0103 vor face orice proces mai rapid \u0219i mai eficient.<\/p>\n<p>Are un afi\u0219aj digital pentru a vizualiza temperatura \u0219i viteza selectate. Acest <strong>Agitator cu plac\u0103 fierbinte <span style=\"color: #ff0000;\">LA<\/span><span style=\"color: #0000ff;\">R<\/span>CAMP852<\/strong>\u00a0Are motor silentios, bara de agitare este din PTFE, un material cu magnetism ridicat, rezistent la uzura, caldura si coroziune. Dac\u0103 balonul sau recipientul nu se afl\u0103 \u00een pozi\u021bia exact\u0103, <strong>agitator magnetic<\/strong> nu va fi opera\u021bional.<\/p>\n<h6><strong>garan\u021bie\u00a0<span style=\"color: #ff0000;\">LA<\/span><span style=\"color: #0000ff;\">R<\/span>c<\/strong><strong>\u00a02 ANI<\/strong><\/h6>\n<h6><span style=\"color: #008000;\">Agitator magnetic eficient, consum redus 300 + 20w (func\u021bionare maxim\u0103)<\/span><\/h6>\n<h6><strong>suport tehnic inclus<\/strong><\/h6>\n<p>&nbsp;<\/p>\n<p>&nbsp;<\/p>\n<table role=\"presentation\" width=\"100%\" cellspacing=\"0\" cellpadding=\"0\">\n<tbody>\n<tr>\n<td class=\"attrLabels\">Garantie:<\/td>\n<td width=\"50.0%\">\u00a02 ANI<\/td>\n<\/tr>\n<tr>\n<td class=\"attrLabels\">\u021aara de distribu\u021bie:<\/td>\n<td width=\"50.0%\">Spania, Germania, SUA<\/td>\n<td class=\"attrLabels\">Greutate:<\/td>\n<td width=\"50.0%\">2,5 kg<\/td>\n<\/tr>\n<tr>\n<td class=\"attrLabels\">Marca:<\/td>\n<td width=\"50.0%\">ARC<\/td>\n<td class=\"attrLabels\">\u00cen\u0103l\u0163ime:<\/td>\n<td width=\"50.0%\">50 cm<\/td>\n<\/tr>\n<tr>\n<td class=\"attrLabels\">Culoare:<\/td>\n<td width=\"50.0%\">Argint<\/td>\n<td class=\"attrLabels\">Lung:<\/td>\n<td width=\"50.0%\">25 cm<\/td>\n<\/tr>\n<tr>\n<td class=\"attrLabels\">Tip produs:<\/td>\n<td width=\"50.0%\">Agitator magnetic<\/td>\n<td class=\"attrLabels\">Larg:<\/td>\n<td width=\"50.0%\">18 cm<\/td>\n<\/tr>\n<tr>\n<td class=\"attrLabels\">Numar producator:<\/td>\n<td width=\"50.0%\">ARCAMP852<\/td>\n<td class=\"attrLabels\">Diametrul orbitei:<\/td>\n<td width=\"50.0%\">22 mm<\/td>\n<\/tr>\n<tr>\n<td class=\"attrLabels\">Material:<\/td>\n<td width=\"50.0%\">otel inoxidabil, complet automat<\/td>\n<td class=\"attrLabels\">Diametru suprafata de lucru:<\/td>\n<td width=\"50.0%\">130 mm<\/td>\n<\/tr>\n<tr>\n<td class=\"attrLabels\">Tensiune de intrare:<\/td>\n<td width=\"50.0%\">110V\/220V 20\/60Hz<\/td>\n<td class=\"attrLabels\">Vitez\u0103:<\/td>\n<td width=\"50.0%\">0 \u2013 2400 rpm (reglarea vitezei trepte, reglabil\u0103 0-99 grade)<\/td>\n<\/tr>\n<tr>\n<td class=\"attrLabels\">Putere:<\/td>\n<td width=\"50.0%\">Agitator 20W<\/p>\n<p>Placa de incalzire 300W<\/td>\n<td class=\"attrLabels\">Controlul temperaturii:<\/td>\n<td width=\"50.0%\">RT-100\u2103<\/td>\n<\/tr>\n<\/tbody>\n<\/table>","protected":false},"excerpt":{"rendered":"<h2>Agitator magnetic cu plac\u0103 fierbinte<\/h2>\n<p>El<strong> agitator magnetic <span style=\"color: #ff0000;\">LA<\/span><span style=\"color: #0000ff;\">R<\/span>c<\/strong> Are un afi\u0219aj digital pentru a controla viteza de amestecare, precum \u0219i temperatura dorit\u0103. Motorul de \u00eenalt\u0103 calitate produce foarte pu\u021bin zgomot. Placa de \u00eenc\u0103lzire este complet \u00eenchis\u0103 pentru o \u00eenc\u0103lzire precis\u0103. Bara de agitare este realizat\u0103 din PTFE de \u00eenalt\u0103 calitate \u0219i material magnetic, rezistent\u0103 la c\u0103ldur\u0103, are magnetism ridicat, rezistent\u0103 la uzur\u0103 \u0219i la coroziune. Este o ma\u0219in\u0103 perfect\u0103 pentru agitarea unui recipient \u00eenchis; Agitatorul poate regla \u0219i afi\u0219a temperatura fiind destul de precis \u0219i simplu.<\/p>\n<h6><strong>garan\u021bie\u00a0<span style=\"color: #ff0000;\">LA<\/span><span style=\"color: #0000ff;\">R<\/span>c<\/strong><strong>\u00a02 ANI<\/strong><\/h6>\n<h6><span style=\"color: #008000;\">Agitator magnetic eficient, consum redus 300 + 20w (func\u021bionare maxim\u0103)<\/span><\/h6>\n<h6><strong>suport tehnic inclus<\/strong><\/h6>","protected":false},"featured_media":4006,"comment_status":"open","ping_status":"closed","template":"","meta":{"wds_primary_product_brand":0,"wds_primary_product_cat":0},"product_brand":[],"product_cat":[29],"product_tag":[],"class_list":{"0":"post-3998","1":"product","2":"type-product","3":"status-publish","4":"has-post-thumbnail","6":"product_cat-maquinas-industria-quimica","7":"product_shipping_class-hosteleria","9":"first","10":"instock","11":"taxable","12":"shipping-taxable","13":"purchasable","14":"product-type-simple"},"yoast_head":"<!-- This site is optimized with the Yoast SEO Premium plugin v24.9 (Yoast SEO v26.1) - https:\/\/yoast.com\/wordpress\/plugins\/seo\/ -->\n<title>Agitador magn\u00e9tico placa caliente - distribuci\u00f3n ARC<\/title>\n<meta name=\"robots\" content=\"index, follow, max-snippet:-1, max-image-preview:large, max-video-preview:-1\" \/>\n<link rel=\"canonical\" href=\"https:\/\/distribucionarc.com\/ro\/produs\/magnetic-agitator-placa-incinsa\/\" \/>\n<meta property=\"og:locale\" content=\"ro_RO\" \/>\n<meta property=\"og:type\" content=\"article\" \/>\n<meta property=\"og:title\" content=\"Agitador magn\u00e9tico placa caliente\" \/>\n<meta property=\"og:description\" content=\"Agitador magn\u00e9tico placa caliente El agitador magn\u00e9tico ARC cuenta con una pantalla digital para controlar la velocidad de agitaci\u00f3n al igual que la temperatura deseada. El motor de alta calidad produce muy poco ruido. La placa de calentamiento es totalmente cerrada para un calentamiento preciso. La barra de agitaci\u00f3n est\u00e1 hecha de PTFE y material magn\u00e9tico de alta calidad, resistente al calor, cuenta con un alto magnetismo, resistente al desgaste y la corrosi\u00f3n. Es una m\u00e1quina perfecta para agitar un recipiente cerrado; El agitador puede ajustar y mostrar la temperatura siendo bastante preciso y directo. Garant\u00eda\u00a0ARC\u00a02 A\u00d1OS Agitador magn\u00e9tico eficiente, bajo consumo 300 + 20w (m\u00e1ximo funcionamiento) soporte t\u00e9cnico incluido\" \/>\n<meta property=\"og:url\" content=\"https:\/\/distribucionarc.com\/ro\/produs\/magnetic-agitator-placa-incinsa\/\" \/>\n<meta property=\"og:site_name\" content=\"distribuci\u00f3n ARC\" \/>\n<meta property=\"article:modified_time\" content=\"2023-02-15T18:45:27+00:00\" \/>\n<meta property=\"og:image\" content=\"https:\/\/distribucionarc.com\/wp-content\/uploads\/2020\/10\/Agitador-magn\u00e9tico-placa-caliente-0.jpg\" \/>\n\t<meta property=\"og:image:width\" content=\"1001\" \/>\n\t<meta property=\"og:image:height\" content=\"1001\" \/>\n\t<meta property=\"og:image:type\" content=\"image\/jpeg\" \/>\n<meta name=\"twitter:card\" content=\"summary_large_image\" \/>\n<meta name=\"twitter:label1\" content=\"Timp estimat pentru citire\" \/>\n\t<meta name=\"twitter:data1\" content=\"1 minut\" \/>\n<script type=\"application\/ld+json\" class=\"yoast-schema-graph\">{\"@context\":\"https:\/\/schema.org\",\"@graph\":[{\"@type\":\"WebPage\",\"@id\":\"https:\/\/distribucionarc.com\/fr\/producto\/agitador-magnetico-placa-caliente\/\",\"url\":\"https:\/\/distribucionarc.com\/fr\/producto\/agitador-magnetico-placa-caliente\/\",\"name\":\"Agitador magn\u00e9tico placa caliente - distribuci\u00f3n ARC\",\"isPartOf\":{\"@id\":\"https:\/\/distribucionarc.com\/de\/#website\"},\"primaryImageOfPage\":{\"@id\":\"https:\/\/distribucionarc.com\/fr\/producto\/agitador-magnetico-placa-caliente\/#primaryimage\"},\"image\":{\"@id\":\"https:\/\/distribucionarc.com\/fr\/producto\/agitador-magnetico-placa-caliente\/#primaryimage\"},\"thumbnailUrl\":\"https:\/\/distribucionarc.com\/wp-content\/uploads\/2020\/10\/Agitador-magn\u00e9tico-placa-caliente-0.jpg\",\"datePublished\":\"2020-10-15T09:04:26+00:00\",\"dateModified\":\"2023-02-15T18:45:27+00:00\",\"breadcrumb\":{\"@id\":\"https:\/\/distribucionarc.com\/fr\/producto\/agitador-magnetico-placa-caliente\/#breadcrumb\"},\"inLanguage\":\"ro-RO\",\"potentialAction\":[{\"@type\":\"ReadAction\",\"target\":[\"https:\/\/distribucionarc.com\/fr\/producto\/agitador-magnetico-placa-caliente\/\"]}]},{\"@type\":\"ImageObject\",\"inLanguage\":\"ro-RO\",\"@id\":\"https:\/\/distribucionarc.com\/fr\/producto\/agitador-magnetico-placa-caliente\/#primaryimage\",\"url\":\"https:\/\/distribucionarc.com\/wp-content\/uploads\/2020\/10\/Agitador-magn\u00e9tico-placa-caliente-0.jpg\",\"contentUrl\":\"https:\/\/distribucionarc.com\/wp-content\/uploads\/2020\/10\/Agitador-magn\u00e9tico-placa-caliente-0.jpg\",\"width\":1001,\"height\":1001,\"caption\":\"Agitador magn\u00e9tico placa caliente\"},{\"@type\":\"BreadcrumbList\",\"@id\":\"https:\/\/distribucionarc.com\/fr\/producto\/agitador-magnetico-placa-caliente\/#breadcrumb\",\"itemListElement\":[{\"@type\":\"ListItem\",\"position\":1,\"name\":\"Portada\",\"item\":\"https:\/\/distribucionarc.com\/pl\/\"},{\"@type\":\"ListItem\",\"position\":2,\"name\":\"Produkty\",\"item\":\"https:\/\/distribucionarc.com\/pl\/shop\/\"},{\"@type\":\"ListItem\",\"position\":3,\"name\":\"Agitador magn\u00e9tico placa caliente\"}]},{\"@type\":\"WebSite\",\"@id\":\"https:\/\/distribucionarc.com\/de\/#website\",\"url\":\"https:\/\/distribucionarc.com\/de\/\",\"name\":\"distribuci\u00f3n ARC\",\"description\":\"Empresa especializada en la fabricaci\u00f3n y distribuci\u00f3n de maquinaria industrial, selladoras de latas, Maquinas de hacer pastillas, Maquinas de cortar carne...\",\"publisher\":{\"@id\":\"https:\/\/distribucionarc.com\/de\/#organization\"},\"potentialAction\":[{\"@type\":\"SearchAction\",\"target\":{\"@type\":\"EntryPoint\",\"urlTemplate\":\"https:\/\/distribucionarc.com\/de\/?s={search_term_string}\"},\"query-input\":{\"@type\":\"PropertyValueSpecification\",\"valueRequired\":true,\"valueName\":\"search_term_string\"}}],\"inLanguage\":\"ro-RO\"},{\"@type\":\"Organization\",\"@id\":\"https:\/\/distribucionarc.com\/de\/#organization\",\"name\":\"Distribuci\u00f3n ARC\",\"url\":\"https:\/\/distribucionarc.com\/de\/\",\"logo\":{\"@type\":\"ImageObject\",\"inLanguage\":\"ro-RO\",\"@id\":\"https:\/\/distribucionarc.com\/de\/#\/schema\/logo\/image\/\",\"url\":\"https:\/\/distribucionarc.com\/wp-content\/uploads\/2024\/10\/distribucion-ARC-COLOR-SIN-FONDO-e1732295305345.png\",\"contentUrl\":\"https:\/\/distribucionarc.com\/wp-content\/uploads\/2024\/10\/distribucion-ARC-COLOR-SIN-FONDO-e1732295305345.png\",\"width\":1164,\"height\":558,\"caption\":\"Distribuci\u00f3n ARC\"},\"image\":{\"@id\":\"https:\/\/distribucionarc.com\/de\/#\/schema\/logo\/image\/\"},\"description\":\"Empresa especializada en la fabricaci\u00f3n y distribuci\u00f3n de maquinaria industrial para los sectores alimentario y farmac\u00e9utico. Nos especializamos en: M\u00e1quinas de cortar carne Fabricaci\u00f3n de comprimidos Sistemas de transporte industrial L\u00edneas de embotellado Dosificadores Y mucho m\u00e1s... Ofrecemos soluciones innovadoras y personalizadas para optimizar los procesos productivos de tu empresa.\",\"email\":\"Admistracion@distribucionarc.com\",\"telephone\":\"+34 643496664\",\"legalName\":\"ARC TECH SOLUTIONS\",\"foundingDate\":\"2024-04-09\",\"vatID\":\"B55480172\",\"numberOfEmployees\":{\"@type\":\"QuantitativeValue\",\"minValue\":\"1\",\"maxValue\":\"10\"}}]}<\/script>\n<!-- \/ Yoast SEO Premium plugin. -->","yoast_head_json":{"title":"Agitator magnetic cu plac\u0103 fierbinte - distribu\u021bie ARC","robots":{"index":"index","follow":"follow","max-snippet":"max-snippet:-1","max-image-preview":"max-image-preview:large","max-video-preview":"max-video-preview:-1"},"canonical":"https:\/\/distribucionarc.com\/ro\/produs\/magnetic-agitator-placa-incinsa\/","og_locale":"ro_RO","og_type":"article","og_title":"Agitador magn\u00e9tico placa caliente","og_description":"Agitador magn\u00e9tico placa caliente El agitador magn\u00e9tico ARC cuenta con una pantalla digital para controlar la velocidad de agitaci\u00f3n al igual que la temperatura deseada. El motor de alta calidad produce muy poco ruido. La placa de calentamiento es totalmente cerrada para un calentamiento preciso. La barra de agitaci\u00f3n est\u00e1 hecha de PTFE y material magn\u00e9tico de alta calidad, resistente al calor, cuenta con un alto magnetismo, resistente al desgaste y la corrosi\u00f3n. Es una m\u00e1quina perfecta para agitar un recipiente cerrado; El agitador puede ajustar y mostrar la temperatura siendo bastante preciso y directo. Garant\u00eda\u00a0ARC\u00a02 A\u00d1OS Agitador magn\u00e9tico eficiente, bajo consumo 300 + 20w (m\u00e1ximo funcionamiento) soporte t\u00e9cnico incluido","og_url":"https:\/\/distribucionarc.com\/ro\/produs\/magnetic-agitator-placa-incinsa\/","og_site_name":"distribuci\u00f3n ARC","article_modified_time":"2023-02-15T18:45:27+00:00","og_image":[{"width":1001,"height":1001,"url":"https:\/\/distribucionarc.com\/wp-content\/uploads\/2020\/10\/Agitador-magn\u00e9tico-placa-caliente-0.jpg","type":"image\/jpeg"}],"twitter_card":"summary_large_image","twitter_misc":{"Timp estimat pentru citire":"1 minut"},"schema":{"@context":"https:\/\/schema.org","@graph":[{"@type":"WebPage","@id":"https:\/\/distribucionarc.com\/fr\/producto\/agitador-magnetico-placa-caliente\/","url":"https:\/\/distribucionarc.com\/fr\/producto\/agitador-magnetico-placa-caliente\/","name":"Agitator magnetic cu plac\u0103 fierbinte - distribu\u021bie ARC","isPartOf":{"@id":"https:\/\/distribucionarc.com\/de\/#website"},"primaryImageOfPage":{"@id":"https:\/\/distribucionarc.com\/fr\/producto\/agitador-magnetico-placa-caliente\/#primaryimage"},"image":{"@id":"https:\/\/distribucionarc.com\/fr\/producto\/agitador-magnetico-placa-caliente\/#primaryimage"},"thumbnailUrl":"https:\/\/distribucionarc.com\/wp-content\/uploads\/2020\/10\/Agitador-magn\u00e9tico-placa-caliente-0.jpg","datePublished":"2020-10-15T09:04:26+00:00","dateModified":"2023-02-15T18:45:27+00:00","breadcrumb":{"@id":"https:\/\/distribucionarc.com\/fr\/producto\/agitador-magnetico-placa-caliente\/#breadcrumb"},"inLanguage":"ro-RO","potentialAction":[{"@type":"ReadAction","target":["https:\/\/distribucionarc.com\/fr\/producto\/agitador-magnetico-placa-caliente\/"]}]},{"@type":"ImageObject","inLanguage":"ro-RO","@id":"https:\/\/distribucionarc.com\/fr\/producto\/agitador-magnetico-placa-caliente\/#primaryimage","url":"https:\/\/distribucionarc.com\/wp-content\/uploads\/2020\/10\/Agitador-magn\u00e9tico-placa-caliente-0.jpg","contentUrl":"https:\/\/distribucionarc.com\/wp-content\/uploads\/2020\/10\/Agitador-magn\u00e9tico-placa-caliente-0.jpg","width":1001,"height":1001,"caption":"Agitador magn\u00e9tico placa caliente"},{"@type":"BreadcrumbList","@id":"https:\/\/distribucionarc.com\/fr\/producto\/agitador-magnetico-placa-caliente\/#breadcrumb","itemListElement":[{"@type":"ListItem","position":1,"name":"Portada","item":"https:\/\/distribucionarc.com\/pl\/"},{"@type":"ListItem","position":2,"name":"Produkty","item":"https:\/\/distribucionarc.com\/pl\/shop\/"},{"@type":"ListItem","position":3,"name":"Agitador magn\u00e9tico placa caliente"}]},{"@type":"WebSite","@id":"https:\/\/distribucionarc.com\/de\/#website","url":"https:\/\/distribucionarc.com\/de\/","name":"Distribu\u021bie ARC","description":"Companie specializat\u0103 \u00een fabricarea \u0219i distribu\u021bia de utilaje industriale, ma\u0219ini de sigilat cutii, ma\u0219ini de fabricat tablete, ma\u0219ini de t\u0103iat carne...","publisher":{"@id":"https:\/\/distribucionarc.com\/de\/#organization"},"potentialAction":[{"@type":"SearchAction","target":{"@type":"EntryPoint","urlTemplate":"https:\/\/distribucionarc.com\/de\/?s={search_term_string}"},"query-input":{"@type":"PropertyValueSpecification","valueRequired":true,"valueName":"search_term_string"}}],"inLanguage":"ro-RO"},{"@type":"Organization","@id":"https:\/\/distribucionarc.com\/de\/#organization","name":"Distribu\u021bie ARC","url":"https:\/\/distribucionarc.com\/de\/","logo":{"@type":"ImageObject","inLanguage":"ro-RO","@id":"https:\/\/distribucionarc.com\/de\/#\/schema\/logo\/image\/","url":"https:\/\/distribucionarc.com\/wp-content\/uploads\/2024\/10\/distribucion-ARC-COLOR-SIN-FONDO-e1732295305345.png","contentUrl":"https:\/\/distribucionarc.com\/wp-content\/uploads\/2024\/10\/distribucion-ARC-COLOR-SIN-FONDO-e1732295305345.png","width":1164,"height":558,"caption":"Distribuci\u00f3n ARC"},"image":{"@id":"https:\/\/distribucionarc.com\/de\/#\/schema\/logo\/image\/"},"description":"Companie specializat\u0103 \u00een fabricarea \u0219i distribu\u021bia de utilaje industriale pentru sectoarele alimentar \u0219i farmaceutic. Suntem specializa\u021bi \u00een: Ma\u0219ini de t\u0103iat carne Fabricarea tabletelor Sisteme de transport industrial Linii de \u00eembuteliere Distribuitoare \u0218i multe altele... Oferim solu\u021bii inovatoare \u0219i personalizate pentru a optimiza procesele de produc\u021bie ale companiei dumneavoastr\u0103.","email":"Admistracion@distribucionarc.com","telephone":"+34 643496664","legalName":"ARC TECH SOLUTIONS","foundingDate":"2024-04-09","vatID":"B55480172","numberOfEmployees":{"@type":"QuantitativeValue","minValue":"1","maxValue":"10"}}]}},"_links":{"self":[{"href":"https:\/\/distribucionarc.com\/ro\/wp-json\/wp\/v2\/product\/3998","targetHints":{"allow":["GET"]}}],"collection":[{"href":"https:\/\/distribucionarc.com\/ro\/wp-json\/wp\/v2\/product"}],"about":[{"href":"https:\/\/distribucionarc.com\/ro\/wp-json\/wp\/v2\/types\/product"}],"replies":[{"embeddable":true,"href":"https:\/\/distribucionarc.com\/ro\/wp-json\/wp\/v2\/comments?post=3998"}],"version-history":[{"count":0,"href":"https:\/\/distribucionarc.com\/ro\/wp-json\/wp\/v2\/product\/3998\/revisions"}],"wp:featuredmedia":[{"embeddable":true,"href":"https:\/\/distribucionarc.com\/ro\/wp-json\/wp\/v2\/media\/4006"}],"wp:attachment":[{"href":"https:\/\/distribucionarc.com\/ro\/wp-json\/wp\/v2\/media?parent=3998"}],"wp:term":[{"taxonomy":"product_brand","embeddable":true,"href":"https:\/\/distribucionarc.com\/ro\/wp-json\/wp\/v2\/product_brand?post=3998"},{"taxonomy":"product_cat","embeddable":true,"href":"https:\/\/distribucionarc.com\/ro\/wp-json\/wp\/v2\/product_cat?post=3998"},{"taxonomy":"product_tag","embeddable":true,"href":"https:\/\/distribucionarc.com\/ro\/wp-json\/wp\/v2\/product_tag?post=3998"}],"curies":[{"name":"wp","href":"https:\/\/api.w.org\/{rel}","templated":true}]}}