{"id":4012,"date":"2020-10-15T10:29:55","date_gmt":"2020-10-15T10:29:55","guid":{"rendered":"https:\/\/distribucionarc.com\/?post_type=product&#038;p=4012"},"modified":"2020-10-15T10:29:56","modified_gmt":"2020-10-15T10:29:56","slug":"pompa-centrifuga-pentru-aliment","status":"publish","type":"product","link":"https:\/\/distribucionarc.com\/ro\/producto\/bomba-centrifuga-para-alimentacion\/","title":{"rendered":"Pompa centrifuga de alimentare\u00a0\u00a0"},"content":{"rendered":"<h2>Pompa centrifuga de alimentare<\/h2>\n<p>Acest <strong>pompa centrifuga <span style=\"color: #ff0000;\">LA<\/span><span style=\"color: #0000ff;\">R<\/span>c<\/strong> Este realizat din otel inoxidabil 304, potrivit pentru industria alimentara. Fiind robust \u0219i rezistent la rugin\u0103. Poate rezista la lichide cu o temperatur\u0103 de p\u00e2n\u0103 la 80\u00baC. Puterea puternic\u0103 a acestei ma\u0219ini este capabil\u0103 s\u0103 curg\u0103 p\u00e2n\u0103 la 3 tone de lichid pe or\u0103.<\/p>\n<p>Aceast\u0103 ma\u0219in\u0103 nu poate func\u021biona f\u0103r\u0103 lichide. Se recomand\u0103 s\u0103 a\u0219tepta\u021bi p\u00e2n\u0103 c\u00e2nd capul pompei este plin de lichid \u0219i apoi s\u0103 \u00eel conecta\u021bi. Datorit\u0103 acestui lucru <b>dispozitiv de antrenare centrifugal <span style=\"color: #ff0000;\">LA<\/span><span style=\"color: #0000ff;\">R<\/span>CBIC3T<\/b> Poate preg\u0103ti, filtra, cur\u0103\u021ba, steriliza \u0219i umple produse din industria alimentar\u0103 precum ap\u0103, lapte animal sau vegetal, sucuri etc. De asemenea, este utilizat pe scar\u0103 larg\u0103 \u00een industria cosmetic\u0103.<\/p>\n<h6><strong>garan\u021bie\u00a0<span style=\"color: #ff0000;\">LA<\/span><span style=\"color: #0000ff;\">R<\/span>c<\/strong><strong>\u00a02 ANI<\/strong><\/h6>\n<h6><span style=\"color: #008000;\">Pompa centrifuga eficienta, consum redus 650w<\/span><\/h6>\n<h6><strong>suport tehnic inclus<\/strong><\/h6>\n<p>&nbsp;<\/p>\n<p>&nbsp;<\/p>\n<table role=\"presentation\" width=\"100%\" cellspacing=\"0\" cellpadding=\"0\">\n<tbody>\n<tr>\n<td class=\"attrLabels\">Marca:<\/td>\n<td width=\"50.0%\">ARC<\/td>\n<\/tr>\n<tr>\n<td class=\"attrLabels\">\u021aara de distribu\u021bie:<\/td>\n<td width=\"50.0%\">Spania, Germania, SUA<\/td>\n<td class=\"attrLabels\">Dimensiuni masina:<\/td>\n<td width=\"50.0%\">40 x 28 x 30 cm (L x l x \u00een\u0103l\u021bime)<\/td>\n<\/tr>\n<tr>\n<td class=\"attrLabels\">Garantie:<\/td>\n<td width=\"50.0%\">2 ani<\/td>\n<td class=\"attrLabels\">Putere:<\/td>\n<td width=\"50.0%\">650W<\/td>\n<\/tr>\n<tr>\n<td class=\"attrLabels\">Culoare:<\/td>\n<td width=\"50.0%\">Argint<\/td>\n<td class=\"attrLabels\">Voltaj:<\/td>\n<td width=\"50.0%\">220V \u2013 50Hz 60Hz<\/td>\n<\/tr>\n<tr>\n<td class=\"attrLabels\">Tip produs:<\/td>\n<td width=\"50.0%\">pompa centrifuga<\/td>\n<td class=\"attrLabels\">Cantitatea debitului:<\/td>\n<td width=\"50.0%\">3T\/h<\/td>\n<\/tr>\n<tr>\n<td class=\"attrLabels\">Numar producator:<\/td>\n<td width=\"50.0%\">ARCBIC3T<\/td>\n<td class=\"attrLabels\">Temperatura lichidului:<\/td>\n<td width=\"50.0%\">0 \u2013 80\u00baC<\/td>\n<\/tr>\n<tr>\n<td class=\"attrLabels\">Material:<\/td>\n<td width=\"50.0%\">otel inoxidabil 304<\/td>\n<td class=\"attrLabels\">Diametrul de intrare:<\/td>\n<td width=\"50.0%\">38 mm<\/td>\n<\/tr>\n<tr>\n<td class=\"attrLabels\">Instrumente de instalare:<\/td>\n<td width=\"50.0%\">Da<\/td>\n<td class=\"attrLabels\">Diametru de iesire:<\/td>\n<td width=\"50.0%\">32 mm<\/td>\n<\/tr>\n<tr>\n<td class=\"attrLabels\">Greutate:<\/td>\n<td width=\"50.0%\">26,4 kg<\/td>\n<td class=\"attrLabels\">Tip de lichide:<\/td>\n<td width=\"50.0%\">necorozive<\/td>\n<\/tr>\n<\/tbody>\n<\/table>\n<p>&nbsp;<\/p>","protected":false},"excerpt":{"rendered":"<h2>Pompa centrifuga de alimentare<\/h2>\n<p>Acest <strong>pompa centrifuga <span style=\"color: #ff0000;\">LA<\/span><span style=\"color: #0000ff;\">R<\/span>c<\/strong> Este realizat din otel inoxidabil specific pentru industria alimentara. Este conceput pentru prepararea, filtrarea, cur\u0103\u021barea, umplerea \u0219i sterilizarea produselor lactate, b\u0103uturi, alimente, cosmetice, aditivi alimentari, chimicale fine etc. Aceast\u0103 pomp\u0103 aplic\u0103 for\u021b\u0103 centrifug\u0103 pentru a produce vitez\u0103, folose\u0219te un rotor rotativ pentru a cre\u0219te viteza \u0219i \u00eempinge fluidul prin supapa de evacuare.<\/p>\n<h6><strong>garan\u021bie\u00a0<span style=\"color: #ff0000;\">LA<\/span><span style=\"color: #0000ff;\">R<\/span>c<\/strong><strong>\u00a02 ANI<\/strong><\/h6>\n<h6><span style=\"color: #008000;\">Pompa centrifuga eficienta, consum redus 650w<\/span><\/h6>\n<h6><strong>suport tehnic inclus<\/strong><\/h6>","protected":false},"featured_media":4020,"comment_status":"open","ping_status":"closed","template":"","meta":{"wds_primary_product_brand":0,"wds_primary_product_cat":0},"product_brand":[],"product_cat":[18,19],"product_tag":[],"class_list":{"0":"post-4012","1":"product","2":"type-product","3":"status-publish","4":"has-post-thumbnail","6":"product_cat-dosificadoras","7":"product_cat-dosificadoras-de-liquidos","8":"product_shipping_class-express","10":"first","11":"instock","12":"sale","13":"taxable","14":"shipping-taxable","15":"purchasable","16":"product-type-simple"},"yoast_head":"<!-- This site is optimized with the Yoast SEO Premium plugin v24.9 (Yoast SEO v26.1) - https:\/\/yoast.com\/wordpress\/plugins\/seo\/ -->\n<title>Bomba centr\u00edfuga para alimentaci\u00f3n\u00a0\u00a0 - distribuci\u00f3n ARC<\/title>\n<meta name=\"robots\" content=\"index, follow, max-snippet:-1, max-image-preview:large, max-video-preview:-1\" \/>\n<link rel=\"canonical\" href=\"https:\/\/www.distribucionarc.com\/fr\/producto\/bomba-centrifuga-para-alimentacion\/\" \/>\n<meta property=\"og:locale\" content=\"ro_RO\" \/>\n<meta property=\"og:type\" content=\"article\" \/>\n<meta property=\"og:title\" content=\"Bomba centr\u00edfuga para alimentaci\u00f3n\u00a0\u00a0\" \/>\n<meta property=\"og:description\" content=\"Bomba centr\u00edfuga para alimentaci\u00f3n Esta bomba centrifuga ARC est\u00e1 fabricada de acero inoxidable espec\u00edfico para la industria alimentaria. Est\u00e1 dise\u00f1ada para la elaboraci\u00f3n, filtraci\u00f3n, limpieza, llenado y esterilizaci\u00f3n de productos l\u00e1cteos, bebidas, alimentos, cosm\u00e9ticos, aditivos alimentarios, productos qu\u00edmicos finos, etc. Esta bomba aplica fuerza centr\u00edfuga para producir velocidad, utiliza un impulsor giratorio para aumentar la velocidad y empujar el fluido a trav\u00e9s de la v\u00e1lvula de salida. Garant\u00eda\u00a0ARC\u00a02 A\u00d1OS Bomba centr\u00edfuga eficiente, bajo consumo 650w soporte t\u00e9cnico incluido\" \/>\n<meta property=\"og:url\" content=\"https:\/\/www.distribucionarc.com\/fr\/producto\/bomba-centrifuga-para-alimentacion\/\" \/>\n<meta property=\"og:site_name\" content=\"distribuci\u00f3n ARC\" \/>\n<meta property=\"article:modified_time\" content=\"2020-10-15T10:29:56+00:00\" \/>\n<meta property=\"og:image\" content=\"https:\/\/distribucionarc.com\/wp-content\/uploads\/2020\/10\/Bomba-centr\u00edfuga-para-alimentaci\u00f3n-0.jpg\" \/>\n\t<meta property=\"og:image:width\" content=\"1001\" \/>\n\t<meta property=\"og:image:height\" content=\"1001\" \/>\n\t<meta property=\"og:image:type\" content=\"image\/jpeg\" \/>\n<meta name=\"twitter:card\" content=\"summary_large_image\" \/>\n<meta name=\"twitter:label1\" content=\"Timp estimat pentru citire\" \/>\n\t<meta name=\"twitter:data1\" content=\"1 minut\" \/>\n<script type=\"application\/ld+json\" class=\"yoast-schema-graph\">{\"@context\":\"https:\/\/schema.org\",\"@graph\":[{\"@type\":\"WebPage\",\"@id\":\"https:\/\/www.distribucionarc.com\/fr\/producto\/bomba-centrifuga-para-alimentacion\/\",\"url\":\"https:\/\/www.distribucionarc.com\/fr\/producto\/bomba-centrifuga-para-alimentacion\/\",\"name\":\"Bomba centr\u00edfuga para alimentaci\u00f3n\u00a0\u00a0 - distribuci\u00f3n ARC\",\"isPartOf\":{\"@id\":\"https:\/\/distribucionarc.com\/ar\/#website\"},\"primaryImageOfPage\":{\"@id\":\"https:\/\/www.distribucionarc.com\/fr\/producto\/bomba-centrifuga-para-alimentacion\/#primaryimage\"},\"image\":{\"@id\":\"https:\/\/www.distribucionarc.com\/fr\/producto\/bomba-centrifuga-para-alimentacion\/#primaryimage\"},\"thumbnailUrl\":\"https:\/\/distribucionarc.com\/wp-content\/uploads\/2020\/10\/Bomba-centr\u00edfuga-para-alimentaci\u00f3n-0.jpg\",\"datePublished\":\"2020-10-15T10:29:55+00:00\",\"dateModified\":\"2020-10-15T10:29:56+00:00\",\"breadcrumb\":{\"@id\":\"https:\/\/www.distribucionarc.com\/fr\/producto\/bomba-centrifuga-para-alimentacion\/#breadcrumb\"},\"inLanguage\":\"ro-RO\",\"potentialAction\":[{\"@type\":\"ReadAction\",\"target\":[\"https:\/\/www.distribucionarc.com\/fr\/producto\/bomba-centrifuga-para-alimentacion\/\"]}]},{\"@type\":\"ImageObject\",\"inLanguage\":\"ro-RO\",\"@id\":\"https:\/\/www.distribucionarc.com\/fr\/producto\/bomba-centrifuga-para-alimentacion\/#primaryimage\",\"url\":\"https:\/\/distribucionarc.com\/wp-content\/uploads\/2020\/10\/Bomba-centr\u00edfuga-para-alimentaci\u00f3n-0.jpg\",\"contentUrl\":\"https:\/\/distribucionarc.com\/wp-content\/uploads\/2020\/10\/Bomba-centr\u00edfuga-para-alimentaci\u00f3n-0.jpg\",\"width\":1001,\"height\":1001,\"caption\":\"Bomba centr\u00edfuga para alimentaci\u00f3n\u00a0\u00a0\"},{\"@type\":\"BreadcrumbList\",\"@id\":\"https:\/\/www.distribucionarc.com\/fr\/producto\/bomba-centrifuga-para-alimentacion\/#breadcrumb\",\"itemListElement\":[{\"@type\":\"ListItem\",\"position\":1,\"name\":\"Portada\",\"item\":\"https:\/\/www.distribucionarc.com\/pt\/\"},{\"@type\":\"ListItem\",\"position\":2,\"name\":\"Produtos\",\"item\":\"https:\/\/www.distribucionarc.com\/pt\/shop\/\"},{\"@type\":\"ListItem\",\"position\":3,\"name\":\"Bomba centr\u00edfuga para alimentaci\u00f3n\u00a0\u00a0\"}]},{\"@type\":\"WebSite\",\"@id\":\"https:\/\/distribucionarc.com\/ar\/#website\",\"url\":\"https:\/\/distribucionarc.com\/ar\/\",\"name\":\"distribuci\u00f3n ARC\",\"description\":\"Empresa especializada en la fabricaci\u00f3n y distribuci\u00f3n de maquinaria industrial, selladoras de latas, Maquinas de hacer pastillas, Maquinas de cortar carne...\",\"publisher\":{\"@id\":\"https:\/\/distribucionarc.com\/ar\/#organization\"},\"potentialAction\":[{\"@type\":\"SearchAction\",\"target\":{\"@type\":\"EntryPoint\",\"urlTemplate\":\"https:\/\/distribucionarc.com\/ar\/?s={search_term_string}\"},\"query-input\":{\"@type\":\"PropertyValueSpecification\",\"valueRequired\":true,\"valueName\":\"search_term_string\"}}],\"inLanguage\":\"ro-RO\"},{\"@type\":\"Organization\",\"@id\":\"https:\/\/distribucionarc.com\/ar\/#organization\",\"name\":\"Distribuci\u00f3n ARC\",\"url\":\"https:\/\/distribucionarc.com\/ar\/\",\"logo\":{\"@type\":\"ImageObject\",\"inLanguage\":\"ro-RO\",\"@id\":\"https:\/\/distribucionarc.com\/ar\/#\/schema\/logo\/image\/\",\"url\":\"https:\/\/distribucionarc.com\/wp-content\/uploads\/2024\/10\/distribucion-ARC-COLOR-SIN-FONDO-e1732295305345.png\",\"contentUrl\":\"https:\/\/distribucionarc.com\/wp-content\/uploads\/2024\/10\/distribucion-ARC-COLOR-SIN-FONDO-e1732295305345.png\",\"width\":1164,\"height\":558,\"caption\":\"Distribuci\u00f3n ARC\"},\"image\":{\"@id\":\"https:\/\/distribucionarc.com\/ar\/#\/schema\/logo\/image\/\"},\"description\":\"Empresa especializada en la fabricaci\u00f3n y distribuci\u00f3n de maquinaria industrial para los sectores alimentario y farmac\u00e9utico. Nos especializamos en: M\u00e1quinas de cortar carne Fabricaci\u00f3n de comprimidos Sistemas de transporte industrial L\u00edneas de embotellado Dosificadores Y mucho m\u00e1s... Ofrecemos soluciones innovadoras y personalizadas para optimizar los procesos productivos de tu empresa.\",\"email\":\"Admistracion@distribucionarc.com\",\"telephone\":\"+34 643496664\",\"legalName\":\"ARC TECH SOLUTIONS\",\"foundingDate\":\"2024-04-09\",\"vatID\":\"B55480172\",\"numberOfEmployees\":{\"@type\":\"QuantitativeValue\",\"minValue\":\"1\",\"maxValue\":\"10\"}}]}<\/script>\n<!-- \/ Yoast SEO Premium plugin. -->","yoast_head_json":{"title":"Pompa centrifuga pentru alimentare - distributie ARC","robots":{"index":"index","follow":"follow","max-snippet":"max-snippet:-1","max-image-preview":"max-image-preview:large","max-video-preview":"max-video-preview:-1"},"canonical":"https:\/\/www.distribucionarc.com\/fr\/producto\/bomba-centrifuga-para-alimentacion\/","og_locale":"ro_RO","og_type":"article","og_title":"Bomba centr\u00edfuga para alimentaci\u00f3n\u00a0\u00a0","og_description":"Bomba centr\u00edfuga para alimentaci\u00f3n Esta bomba centrifuga ARC est\u00e1 fabricada de acero inoxidable espec\u00edfico para la industria alimentaria. Est\u00e1 dise\u00f1ada para la elaboraci\u00f3n, filtraci\u00f3n, limpieza, llenado y esterilizaci\u00f3n de productos l\u00e1cteos, bebidas, alimentos, cosm\u00e9ticos, aditivos alimentarios, productos qu\u00edmicos finos, etc. Esta bomba aplica fuerza centr\u00edfuga para producir velocidad, utiliza un impulsor giratorio para aumentar la velocidad y empujar el fluido a trav\u00e9s de la v\u00e1lvula de salida. Garant\u00eda\u00a0ARC\u00a02 A\u00d1OS Bomba centr\u00edfuga eficiente, bajo consumo 650w soporte t\u00e9cnico incluido","og_url":"https:\/\/www.distribucionarc.com\/fr\/producto\/bomba-centrifuga-para-alimentacion\/","og_site_name":"distribuci\u00f3n ARC","article_modified_time":"2020-10-15T10:29:56+00:00","og_image":[{"width":1001,"height":1001,"url":"https:\/\/distribucionarc.com\/wp-content\/uploads\/2020\/10\/Bomba-centr\u00edfuga-para-alimentaci\u00f3n-0.jpg","type":"image\/jpeg"}],"twitter_card":"summary_large_image","twitter_misc":{"Timp estimat pentru citire":"1 minut"},"schema":{"@context":"https:\/\/schema.org","@graph":[{"@type":"WebPage","@id":"https:\/\/www.distribucionarc.com\/fr\/producto\/bomba-centrifuga-para-alimentacion\/","url":"https:\/\/www.distribucionarc.com\/fr\/producto\/bomba-centrifuga-para-alimentacion\/","name":"Pompa centrifuga pentru alimentare - distributie ARC","isPartOf":{"@id":"https:\/\/distribucionarc.com\/ar\/#website"},"primaryImageOfPage":{"@id":"https:\/\/www.distribucionarc.com\/fr\/producto\/bomba-centrifuga-para-alimentacion\/#primaryimage"},"image":{"@id":"https:\/\/www.distribucionarc.com\/fr\/producto\/bomba-centrifuga-para-alimentacion\/#primaryimage"},"thumbnailUrl":"https:\/\/distribucionarc.com\/wp-content\/uploads\/2020\/10\/Bomba-centr\u00edfuga-para-alimentaci\u00f3n-0.jpg","datePublished":"2020-10-15T10:29:55+00:00","dateModified":"2020-10-15T10:29:56+00:00","breadcrumb":{"@id":"https:\/\/www.distribucionarc.com\/fr\/producto\/bomba-centrifuga-para-alimentacion\/#breadcrumb"},"inLanguage":"ro-RO","potentialAction":[{"@type":"ReadAction","target":["https:\/\/www.distribucionarc.com\/fr\/producto\/bomba-centrifuga-para-alimentacion\/"]}]},{"@type":"ImageObject","inLanguage":"ro-RO","@id":"https:\/\/www.distribucionarc.com\/fr\/producto\/bomba-centrifuga-para-alimentacion\/#primaryimage","url":"https:\/\/distribucionarc.com\/wp-content\/uploads\/2020\/10\/Bomba-centr\u00edfuga-para-alimentaci\u00f3n-0.jpg","contentUrl":"https:\/\/distribucionarc.com\/wp-content\/uploads\/2020\/10\/Bomba-centr\u00edfuga-para-alimentaci\u00f3n-0.jpg","width":1001,"height":1001,"caption":"Bomba centr\u00edfuga para alimentaci\u00f3n\u00a0\u00a0"},{"@type":"BreadcrumbList","@id":"https:\/\/www.distribucionarc.com\/fr\/producto\/bomba-centrifuga-para-alimentacion\/#breadcrumb","itemListElement":[{"@type":"ListItem","position":1,"name":"Portada","item":"https:\/\/www.distribucionarc.com\/pt\/"},{"@type":"ListItem","position":2,"name":"Produtos","item":"https:\/\/www.distribucionarc.com\/pt\/shop\/"},{"@type":"ListItem","position":3,"name":"Bomba centr\u00edfuga para alimentaci\u00f3n\u00a0\u00a0"}]},{"@type":"WebSite","@id":"https:\/\/distribucionarc.com\/ar\/#website","url":"https:\/\/distribucionarc.com\/ar\/","name":"Distribu\u021bie ARC","description":"Companie specializat\u0103 \u00een fabricarea \u0219i distribu\u021bia de utilaje industriale, ma\u0219ini de sigilat cutii, ma\u0219ini de fabricat tablete, ma\u0219ini de t\u0103iat carne...","publisher":{"@id":"https:\/\/distribucionarc.com\/ar\/#organization"},"potentialAction":[{"@type":"SearchAction","target":{"@type":"EntryPoint","urlTemplate":"https:\/\/distribucionarc.com\/ar\/?s={search_term_string}"},"query-input":{"@type":"PropertyValueSpecification","valueRequired":true,"valueName":"search_term_string"}}],"inLanguage":"ro-RO"},{"@type":"Organization","@id":"https:\/\/distribucionarc.com\/ar\/#organization","name":"Distribu\u021bie ARC","url":"https:\/\/distribucionarc.com\/ar\/","logo":{"@type":"ImageObject","inLanguage":"ro-RO","@id":"https:\/\/distribucionarc.com\/ar\/#\/schema\/logo\/image\/","url":"https:\/\/distribucionarc.com\/wp-content\/uploads\/2024\/10\/distribucion-ARC-COLOR-SIN-FONDO-e1732295305345.png","contentUrl":"https:\/\/distribucionarc.com\/wp-content\/uploads\/2024\/10\/distribucion-ARC-COLOR-SIN-FONDO-e1732295305345.png","width":1164,"height":558,"caption":"Distribuci\u00f3n ARC"},"image":{"@id":"https:\/\/distribucionarc.com\/ar\/#\/schema\/logo\/image\/"},"description":"Companie specializat\u0103 \u00een fabricarea \u0219i distribu\u021bia de utilaje industriale pentru sectoarele alimentar \u0219i farmaceutic. Suntem specializa\u021bi \u00een: Ma\u0219ini de t\u0103iat carne Fabricarea tabletelor Sisteme de transport industrial Linii de \u00eembuteliere Distribuitoare \u0218i multe altele... Oferim solu\u021bii inovatoare \u0219i personalizate pentru a optimiza procesele de produc\u021bie ale companiei dumneavoastr\u0103.","email":"Admistracion@distribucionarc.com","telephone":"+34 643496664","legalName":"ARC TECH SOLUTIONS","foundingDate":"2024-04-09","vatID":"B55480172","numberOfEmployees":{"@type":"QuantitativeValue","minValue":"1","maxValue":"10"}}]}},"_links":{"self":[{"href":"https:\/\/distribucionarc.com\/ro\/wp-json\/wp\/v2\/product\/4012","targetHints":{"allow":["GET"]}}],"collection":[{"href":"https:\/\/distribucionarc.com\/ro\/wp-json\/wp\/v2\/product"}],"about":[{"href":"https:\/\/distribucionarc.com\/ro\/wp-json\/wp\/v2\/types\/product"}],"replies":[{"embeddable":true,"href":"https:\/\/distribucionarc.com\/ro\/wp-json\/wp\/v2\/comments?post=4012"}],"version-history":[{"count":0,"href":"https:\/\/distribucionarc.com\/ro\/wp-json\/wp\/v2\/product\/4012\/revisions"}],"wp:featuredmedia":[{"embeddable":true,"href":"https:\/\/distribucionarc.com\/ro\/wp-json\/wp\/v2\/media\/4020"}],"wp:attachment":[{"href":"https:\/\/distribucionarc.com\/ro\/wp-json\/wp\/v2\/media?parent=4012"}],"wp:term":[{"taxonomy":"product_brand","embeddable":true,"href":"https:\/\/distribucionarc.com\/ro\/wp-json\/wp\/v2\/product_brand?post=4012"},{"taxonomy":"product_cat","embeddable":true,"href":"https:\/\/distribucionarc.com\/ro\/wp-json\/wp\/v2\/product_cat?post=4012"},{"taxonomy":"product_tag","embeddable":true,"href":"https:\/\/distribucionarc.com\/ro\/wp-json\/wp\/v2\/product_tag?post=4012"}],"curies":[{"name":"wp","href":"https:\/\/api.w.org\/{rel}","templated":true}]}}