{"id":4026,"date":"2020-10-15T14:18:55","date_gmt":"2020-10-15T14:18:55","guid":{"rendered":"https:\/\/distribucionarc.com\/?post_type=product&#038;p=4026"},"modified":"2020-10-15T14:18:55","modified_gmt":"2020-10-15T14:18:55","slug":"masina-electrica-pentru-a-face-paste","status":"publish","type":"product","link":"https:\/\/distribucionarc.com\/ro\/producto\/maquina-electrica-para-hacer-pasta\/","title":{"rendered":"Aparat electric de paste\u00a0"},"content":{"rendered":"<h2>Aparat electric de paste<\/h2>\n<p>Acest <strong>aparat de paste <span style=\"color: #ff0000;\">LA<\/span><span style=\"color: #0000ff;\">R<\/span>c<\/strong> Este realizat din o\u021bel inoxidabil alimentar, ferm \u0219i durabil. Intrarea \u00een tav\u0103 a ma\u0219inii face operarea mai u\u0219oar\u0103 \u0219i mai sigur\u0103. Motorul puternic de 400 W este capabil s\u0103 produc\u0103 <strong>15 p\u00e2n\u0103 la 20 kg de paste <\/strong>de cas\u0103<strong>.<\/strong><\/p>\n<p>Cu ajutorul butonului de rulare pute\u021bi regla grosimea diferit\u0103 a aluatului \u00eentre 0,1 mm \u0219i 20 mm pentru diferite tipuri de paste. La fel cum pute\u021bi regla grosimea t\u0103i\u021beilor de la 3 mm la 9 mm. Func\u021bionarea acestuia <strong>aparat de paste <span style=\"color: #ff0000;\">LA<\/span><span style=\"color: #0000ff;\">R<\/span>CMP20<\/strong> Este u\u0219or datorit\u0103 butoanelor reglabile \u0219i ac\u021bion\u0103rii butoanelor.<\/p>\n<h6><strong>garan\u021bie\u00a0<span style=\"color: #ff0000;\">LA<\/span><span style=\"color: #0000ff;\">R<\/span>c<\/strong><strong>\u00a02 ANI<\/strong><\/h6>\n<h6><span style=\"color: #008000;\">Aparat de paste eficient, consum redus 350 \u2013 550w<\/span><\/h6>\n<h6><strong>suport tehnic inclus<\/strong><\/h6>\n<p>&nbsp;<\/p>\n<table role=\"presentation\" width=\"100%\" cellspacing=\"0\" cellpadding=\"0\">\n<tbody>\n<tr>\n<td class=\"attrLabels\">Marca:<\/td>\n<td width=\"50.0%\">ARC<\/td>\n<\/tr>\n<tr>\n<td class=\"attrLabels\">Garantie:<\/td>\n<td width=\"50.0%\">2 ani<\/td>\n<td class=\"attrLabels\">Greutate:<\/td>\n<td width=\"50.0%\">20 kg<\/td>\n<\/tr>\n<tr>\n<td class=\"attrLabels\">\u021aara de distribu\u021bie:<\/td>\n<td width=\"50.0%\">Spania, Germania, SUA<\/td>\n<td class=\"attrLabels\">\u00cen\u0103l\u0163ime:<\/td>\n<td width=\"50.0%\">48,1 cm<\/td>\n<\/tr>\n<tr>\n<td class=\"attrLabels\">Culoare:<\/td>\n<td width=\"50.0%\">Argint<\/td>\n<td class=\"attrLabels\">Lung:<\/td>\n<td width=\"50.0%\">23,6 cm<\/td>\n<\/tr>\n<tr>\n<td class=\"attrLabels\">Tip produs:<\/td>\n<td width=\"50.0%\">aparat de paste<\/td>\n<td class=\"attrLabels\">Larg:<\/td>\n<td width=\"50.0%\">34 cm<\/td>\n<\/tr>\n<tr>\n<td class=\"attrLabels\">Numar producator:<\/td>\n<td width=\"50.0%\">ARCMP20<\/td>\n<td class=\"attrLabels\">Lungimea cu\u021bitului de aluat:<\/td>\n<td width=\"50.0%\">18 cm<\/td>\n<\/tr>\n<tr>\n<td class=\"attrLabels\">Material:<\/td>\n<td width=\"50.0%\">O\u021bel inoxidabil alimentar 304<\/td>\n<td class=\"attrLabels\">Grosimea taiteilor:<\/td>\n<td width=\"50.0%\">3 mm - 9 mm<\/td>\n<\/tr>\n<tr>\n<td class=\"attrLabels\">Operare:<\/td>\n<td width=\"50.0%\">Energetic<\/td>\n<td class=\"attrLabels\">Grosimea masei:<\/td>\n<td width=\"50.0%\">0,1 mm - 20 mm<\/td>\n<\/tr>\n<tr>\n<td class=\"attrLabels\">Consum electric:<\/td>\n<td width=\"50.0%\">350W \u2013 550W<\/td>\n<td class=\"attrLabels\">Voltaj:<\/td>\n<td width=\"50.0%\">220V 50Hz<\/td>\n<\/tr>\n<\/tbody>\n<\/table>","protected":false},"excerpt":{"rendered":"<h2>Aparat electric de paste<\/h2>\n<p>Acest<strong> aparat electric de paste <span style=\"color: #ff0000;\">LA<\/span><span style=\"color: #0000ff;\">R<\/span>c<\/strong> Este potrivit pentru a-\u021bi face singur paste de cas\u0103, foarte solicitate \u00een industria alimentar\u0103 precum \u0219i \u00een restaurante, hoteluri, bufete etc. Pute\u021bi regla grosimea pastelor \u00een func\u021bie de nevoile dvs., l\u0103sa\u021bi-l s\u0103 se introduc\u0103 pur \u0219i simplu aluatul \u0219i ap\u0103sa\u021bi butonul pentru a ob\u021bine tagliatelle, spaghetti sau vermicelli delicioase. Motorul puternic asigur\u0103 o mul\u021bime de performan\u021be. <strong>15 \u2013 20 Kg de paste pe or\u0103.<\/strong><\/p>","protected":false},"featured_media":4028,"comment_status":"open","ping_status":"closed","template":"","meta":{"wds_primary_product_brand":0,"wds_primary_product_cat":0},"product_brand":[],"product_cat":[266],"product_tag":[],"class_list":{"0":"post-4026","1":"product","2":"type-product","3":"status-publish","4":"has-post-thumbnail","6":"product_cat-accessories","7":"product_shipping_class-hosteleria","9":"first","10":"instock","11":"sale","12":"taxable","13":"shipping-taxable","14":"purchasable","15":"product-type-simple"},"yoast_head":"<!-- This site is optimized with the Yoast SEO Premium plugin v24.9 (Yoast SEO v26.1) - https:\/\/yoast.com\/wordpress\/plugins\/seo\/ -->\n<title>M\u00e1quina el\u00e9ctrica\u00a0para hacer pasta\u00a0 - distribuci\u00f3n ARC<\/title>\n<meta name=\"robots\" content=\"index, follow, max-snippet:-1, max-image-preview:large, max-video-preview:-1\" \/>\n<link rel=\"canonical\" href=\"https:\/\/distribucionarc.com\/ro\/produs\/masina-electrica-pentru-a-face-paste\/\" \/>\n<meta property=\"og:locale\" content=\"ro_RO\" \/>\n<meta property=\"og:type\" content=\"article\" \/>\n<meta property=\"og:title\" content=\"M\u00e1quina el\u00e9ctrica\u00a0para hacer pasta\u00a0\" \/>\n<meta property=\"og:description\" content=\"M\u00e1quina el\u00e9ctrica para hacer pasta Esta m\u00e1quina para pasta el\u00e9ctrica ARC es la adecuada para elaborar su propia pasta casera muy demandada en industria alimentaria al igual que en restaurantes, hoteles, buf\u00e9s, etc. Puede ajustar el grosor de las pastas seg\u00fan sus necesidades, dejarla configurada para simplemente introducir la masa y accionar el bot\u00f3n para obtener deliciosos tallarines, espaguetis o fideos. El potente motor le asegura bastante rendimiento de 15 \u2013 20 Kg de pasta por hora.\" \/>\n<meta property=\"og:url\" content=\"https:\/\/distribucionarc.com\/ro\/produs\/masina-electrica-pentru-a-face-paste\/\" \/>\n<meta property=\"og:site_name\" content=\"distribuci\u00f3n ARC\" \/>\n<meta property=\"og:image\" content=\"https:\/\/distribucionarc.com\/wp-content\/uploads\/2020\/10\/M\u00e1quina-el\u00e9ctrica-para-hacer-pasta-1.jpg\" \/>\n\t<meta property=\"og:image:width\" content=\"1001\" \/>\n\t<meta property=\"og:image:height\" content=\"1001\" \/>\n\t<meta property=\"og:image:type\" content=\"image\/jpeg\" \/>\n<meta name=\"twitter:card\" content=\"summary_large_image\" \/>\n<meta name=\"twitter:label1\" content=\"Timp estimat pentru citire\" \/>\n\t<meta name=\"twitter:data1\" content=\"1 minut\" \/>\n<script type=\"application\/ld+json\" class=\"yoast-schema-graph\">{\"@context\":\"https:\/\/schema.org\",\"@graph\":[{\"@type\":\"WebPage\",\"@id\":\"https:\/\/distribucionarc.com\/bg\/producto\/maquina-electrica-para-hacer-pasta\/\",\"url\":\"https:\/\/distribucionarc.com\/bg\/producto\/maquina-electrica-para-hacer-pasta\/\",\"name\":\"M\u00e1quina el\u00e9ctrica\u00a0para hacer pasta\u00a0 - distribuci\u00f3n ARC\",\"isPartOf\":{\"@id\":\"https:\/\/distribucionarc.com\/de\/#website\"},\"primaryImageOfPage\":{\"@id\":\"https:\/\/distribucionarc.com\/bg\/producto\/maquina-electrica-para-hacer-pasta\/#primaryimage\"},\"image\":{\"@id\":\"https:\/\/distribucionarc.com\/bg\/producto\/maquina-electrica-para-hacer-pasta\/#primaryimage\"},\"thumbnailUrl\":\"https:\/\/distribucionarc.com\/wp-content\/uploads\/2020\/10\/M\u00e1quina-el\u00e9ctrica-para-hacer-pasta-1.jpg\",\"datePublished\":\"2020-10-15T14:18:55+00:00\",\"breadcrumb\":{\"@id\":\"https:\/\/distribucionarc.com\/bg\/producto\/maquina-electrica-para-hacer-pasta\/#breadcrumb\"},\"inLanguage\":\"ro-RO\",\"potentialAction\":[{\"@type\":\"ReadAction\",\"target\":[\"https:\/\/distribucionarc.com\/bg\/producto\/maquina-electrica-para-hacer-pasta\/\"]}]},{\"@type\":\"ImageObject\",\"inLanguage\":\"ro-RO\",\"@id\":\"https:\/\/distribucionarc.com\/bg\/producto\/maquina-electrica-para-hacer-pasta\/#primaryimage\",\"url\":\"https:\/\/distribucionarc.com\/wp-content\/uploads\/2020\/10\/M\u00e1quina-el\u00e9ctrica-para-hacer-pasta-1.jpg\",\"contentUrl\":\"https:\/\/distribucionarc.com\/wp-content\/uploads\/2020\/10\/M\u00e1quina-el\u00e9ctrica-para-hacer-pasta-1.jpg\",\"width\":1001,\"height\":1001,\"caption\":\"M\u00e1quina el\u00e9ctrica\u00a0para hacer pasta\u00a0\"},{\"@type\":\"BreadcrumbList\",\"@id\":\"https:\/\/distribucionarc.com\/bg\/producto\/maquina-electrica-para-hacer-pasta\/#breadcrumb\",\"itemListElement\":[{\"@type\":\"ListItem\",\"position\":1,\"name\":\"Portada\",\"item\":\"https:\/\/distribucionarc.com\/pl\/\"},{\"@type\":\"ListItem\",\"position\":2,\"name\":\"Produkty\",\"item\":\"https:\/\/distribucionarc.com\/pl\/shop\/\"},{\"@type\":\"ListItem\",\"position\":3,\"name\":\"M\u00e1quina el\u00e9ctrica\u00a0para hacer pasta\u00a0\"}]},{\"@type\":\"WebSite\",\"@id\":\"https:\/\/distribucionarc.com\/de\/#website\",\"url\":\"https:\/\/distribucionarc.com\/de\/\",\"name\":\"distribuci\u00f3n ARC\",\"description\":\"Empresa especializada en la fabricaci\u00f3n y distribuci\u00f3n de maquinaria industrial, selladoras de latas, Maquinas de hacer pastillas, Maquinas de cortar carne...\",\"publisher\":{\"@id\":\"https:\/\/distribucionarc.com\/de\/#organization\"},\"potentialAction\":[{\"@type\":\"SearchAction\",\"target\":{\"@type\":\"EntryPoint\",\"urlTemplate\":\"https:\/\/distribucionarc.com\/de\/?s={search_term_string}\"},\"query-input\":{\"@type\":\"PropertyValueSpecification\",\"valueRequired\":true,\"valueName\":\"search_term_string\"}}],\"inLanguage\":\"ro-RO\"},{\"@type\":\"Organization\",\"@id\":\"https:\/\/distribucionarc.com\/de\/#organization\",\"name\":\"Distribuci\u00f3n ARC\",\"url\":\"https:\/\/distribucionarc.com\/de\/\",\"logo\":{\"@type\":\"ImageObject\",\"inLanguage\":\"ro-RO\",\"@id\":\"https:\/\/distribucionarc.com\/de\/#\/schema\/logo\/image\/\",\"url\":\"https:\/\/distribucionarc.com\/wp-content\/uploads\/2024\/10\/distribucion-ARC-COLOR-SIN-FONDO-e1732295305345.png\",\"contentUrl\":\"https:\/\/distribucionarc.com\/wp-content\/uploads\/2024\/10\/distribucion-ARC-COLOR-SIN-FONDO-e1732295305345.png\",\"width\":1164,\"height\":558,\"caption\":\"Distribuci\u00f3n ARC\"},\"image\":{\"@id\":\"https:\/\/distribucionarc.com\/de\/#\/schema\/logo\/image\/\"},\"description\":\"Empresa especializada en la fabricaci\u00f3n y distribuci\u00f3n de maquinaria industrial para los sectores alimentario y farmac\u00e9utico. Nos especializamos en: M\u00e1quinas de cortar carne Fabricaci\u00f3n de comprimidos Sistemas de transporte industrial L\u00edneas de embotellado Dosificadores Y mucho m\u00e1s... Ofrecemos soluciones innovadoras y personalizadas para optimizar los procesos productivos de tu empresa.\",\"email\":\"Admistracion@distribucionarc.com\",\"telephone\":\"+34 643496664\",\"legalName\":\"ARC TECH SOLUTIONS\",\"foundingDate\":\"2024-04-09\",\"vatID\":\"B55480172\",\"numberOfEmployees\":{\"@type\":\"QuantitativeValue\",\"minValue\":\"1\",\"maxValue\":\"10\"}}]}<\/script>\n<!-- \/ Yoast SEO Premium plugin. -->","yoast_head_json":{"title":"Ma\u0219in\u0103 electric\u0103 de f\u0103cut paste - distribu\u021bie ARC","robots":{"index":"index","follow":"follow","max-snippet":"max-snippet:-1","max-image-preview":"max-image-preview:large","max-video-preview":"max-video-preview:-1"},"canonical":"https:\/\/distribucionarc.com\/ro\/produs\/masina-electrica-pentru-a-face-paste\/","og_locale":"ro_RO","og_type":"article","og_title":"M\u00e1quina el\u00e9ctrica\u00a0para hacer pasta\u00a0","og_description":"M\u00e1quina el\u00e9ctrica para hacer pasta Esta m\u00e1quina para pasta el\u00e9ctrica ARC es la adecuada para elaborar su propia pasta casera muy demandada en industria alimentaria al igual que en restaurantes, hoteles, buf\u00e9s, etc. Puede ajustar el grosor de las pastas seg\u00fan sus necesidades, dejarla configurada para simplemente introducir la masa y accionar el bot\u00f3n para obtener deliciosos tallarines, espaguetis o fideos. El potente motor le asegura bastante rendimiento de 15 \u2013 20 Kg de pasta por hora.","og_url":"https:\/\/distribucionarc.com\/ro\/produs\/masina-electrica-pentru-a-face-paste\/","og_site_name":"distribuci\u00f3n ARC","og_image":[{"width":1001,"height":1001,"url":"https:\/\/distribucionarc.com\/wp-content\/uploads\/2020\/10\/M\u00e1quina-el\u00e9ctrica-para-hacer-pasta-1.jpg","type":"image\/jpeg"}],"twitter_card":"summary_large_image","twitter_misc":{"Timp estimat pentru citire":"1 minut"},"schema":{"@context":"https:\/\/schema.org","@graph":[{"@type":"WebPage","@id":"https:\/\/distribucionarc.com\/bg\/producto\/maquina-electrica-para-hacer-pasta\/","url":"https:\/\/distribucionarc.com\/bg\/producto\/maquina-electrica-para-hacer-pasta\/","name":"Ma\u0219in\u0103 electric\u0103 de f\u0103cut paste - distribu\u021bie ARC","isPartOf":{"@id":"https:\/\/distribucionarc.com\/de\/#website"},"primaryImageOfPage":{"@id":"https:\/\/distribucionarc.com\/bg\/producto\/maquina-electrica-para-hacer-pasta\/#primaryimage"},"image":{"@id":"https:\/\/distribucionarc.com\/bg\/producto\/maquina-electrica-para-hacer-pasta\/#primaryimage"},"thumbnailUrl":"https:\/\/distribucionarc.com\/wp-content\/uploads\/2020\/10\/M\u00e1quina-el\u00e9ctrica-para-hacer-pasta-1.jpg","datePublished":"2020-10-15T14:18:55+00:00","breadcrumb":{"@id":"https:\/\/distribucionarc.com\/bg\/producto\/maquina-electrica-para-hacer-pasta\/#breadcrumb"},"inLanguage":"ro-RO","potentialAction":[{"@type":"ReadAction","target":["https:\/\/distribucionarc.com\/bg\/producto\/maquina-electrica-para-hacer-pasta\/"]}]},{"@type":"ImageObject","inLanguage":"ro-RO","@id":"https:\/\/distribucionarc.com\/bg\/producto\/maquina-electrica-para-hacer-pasta\/#primaryimage","url":"https:\/\/distribucionarc.com\/wp-content\/uploads\/2020\/10\/M\u00e1quina-el\u00e9ctrica-para-hacer-pasta-1.jpg","contentUrl":"https:\/\/distribucionarc.com\/wp-content\/uploads\/2020\/10\/M\u00e1quina-el\u00e9ctrica-para-hacer-pasta-1.jpg","width":1001,"height":1001,"caption":"M\u00e1quina el\u00e9ctrica\u00a0para hacer pasta\u00a0"},{"@type":"BreadcrumbList","@id":"https:\/\/distribucionarc.com\/bg\/producto\/maquina-electrica-para-hacer-pasta\/#breadcrumb","itemListElement":[{"@type":"ListItem","position":1,"name":"Portada","item":"https:\/\/distribucionarc.com\/pl\/"},{"@type":"ListItem","position":2,"name":"Produkty","item":"https:\/\/distribucionarc.com\/pl\/shop\/"},{"@type":"ListItem","position":3,"name":"M\u00e1quina el\u00e9ctrica\u00a0para hacer pasta\u00a0"}]},{"@type":"WebSite","@id":"https:\/\/distribucionarc.com\/de\/#website","url":"https:\/\/distribucionarc.com\/de\/","name":"Distribu\u021bie ARC","description":"Companie specializat\u0103 \u00een fabricarea \u0219i distribu\u021bia de utilaje industriale, ma\u0219ini de sigilat cutii, ma\u0219ini de fabricat tablete, ma\u0219ini de t\u0103iat carne...","publisher":{"@id":"https:\/\/distribucionarc.com\/de\/#organization"},"potentialAction":[{"@type":"SearchAction","target":{"@type":"EntryPoint","urlTemplate":"https:\/\/distribucionarc.com\/de\/?s={search_term_string}"},"query-input":{"@type":"PropertyValueSpecification","valueRequired":true,"valueName":"search_term_string"}}],"inLanguage":"ro-RO"},{"@type":"Organization","@id":"https:\/\/distribucionarc.com\/de\/#organization","name":"Distribu\u021bie ARC","url":"https:\/\/distribucionarc.com\/de\/","logo":{"@type":"ImageObject","inLanguage":"ro-RO","@id":"https:\/\/distribucionarc.com\/de\/#\/schema\/logo\/image\/","url":"https:\/\/distribucionarc.com\/wp-content\/uploads\/2024\/10\/distribucion-ARC-COLOR-SIN-FONDO-e1732295305345.png","contentUrl":"https:\/\/distribucionarc.com\/wp-content\/uploads\/2024\/10\/distribucion-ARC-COLOR-SIN-FONDO-e1732295305345.png","width":1164,"height":558,"caption":"Distribuci\u00f3n ARC"},"image":{"@id":"https:\/\/distribucionarc.com\/de\/#\/schema\/logo\/image\/"},"description":"Companie specializat\u0103 \u00een fabricarea \u0219i distribu\u021bia de utilaje industriale pentru sectoarele alimentar \u0219i farmaceutic. Suntem specializa\u021bi \u00een: Ma\u0219ini de t\u0103iat carne Fabricarea tabletelor Sisteme de transport industrial Linii de \u00eembuteliere Distribuitoare \u0218i multe altele... Oferim solu\u021bii inovatoare \u0219i personalizate pentru a optimiza procesele de produc\u021bie ale companiei dumneavoastr\u0103.","email":"Admistracion@distribucionarc.com","telephone":"+34 643496664","legalName":"ARC TECH SOLUTIONS","foundingDate":"2024-04-09","vatID":"B55480172","numberOfEmployees":{"@type":"QuantitativeValue","minValue":"1","maxValue":"10"}}]}},"_links":{"self":[{"href":"https:\/\/distribucionarc.com\/ro\/wp-json\/wp\/v2\/product\/4026","targetHints":{"allow":["GET"]}}],"collection":[{"href":"https:\/\/distribucionarc.com\/ro\/wp-json\/wp\/v2\/product"}],"about":[{"href":"https:\/\/distribucionarc.com\/ro\/wp-json\/wp\/v2\/types\/product"}],"replies":[{"embeddable":true,"href":"https:\/\/distribucionarc.com\/ro\/wp-json\/wp\/v2\/comments?post=4026"}],"version-history":[{"count":0,"href":"https:\/\/distribucionarc.com\/ro\/wp-json\/wp\/v2\/product\/4026\/revisions"}],"wp:featuredmedia":[{"embeddable":true,"href":"https:\/\/distribucionarc.com\/ro\/wp-json\/wp\/v2\/media\/4028"}],"wp:attachment":[{"href":"https:\/\/distribucionarc.com\/ro\/wp-json\/wp\/v2\/media?parent=4026"}],"wp:term":[{"taxonomy":"product_brand","embeddable":true,"href":"https:\/\/distribucionarc.com\/ro\/wp-json\/wp\/v2\/product_brand?post=4026"},{"taxonomy":"product_cat","embeddable":true,"href":"https:\/\/distribucionarc.com\/ro\/wp-json\/wp\/v2\/product_cat?post=4026"},{"taxonomy":"product_tag","embeddable":true,"href":"https:\/\/distribucionarc.com\/ro\/wp-json\/wp\/v2\/product_tag?post=4026"}],"curies":[{"name":"wp","href":"https:\/\/api.w.org\/{rel}","templated":true}]}}