{"id":4057,"date":"2020-10-28T16:17:57","date_gmt":"2020-10-28T16:17:57","guid":{"rendered":"https:\/\/distribucionarc.com\/?post_type=product&#038;p=4057"},"modified":"2021-01-26T09:21:13","modified_gmt":"2021-01-26T09:21:13","slug":"waffle-maker-bubbles-waffle-bubble","status":"publish","type":"product","link":"https:\/\/distribucionarc.com\/ro\/producto\/gofrera-burbujas-waffle-bubble\/","title":{"rendered":"Produc\u0103tor de vafe cu bule Bubble pentru vafe"},"content":{"rendered":"<h3>Produc\u0103tor de vafe cu bule Bubble pentru vafe<\/h3>\n<p>The\u00a0<strong>Aparat profesional de vafe\u00a0<\/strong>\u00a0de\u00a0<strong><span style=\"color: #ff0000;\">LA<\/span><span style=\"color: #0000ff;\">R<\/span>c<\/strong>, adopt\u0103 un design cu cap dublu, f\u0103c\u00e2nd procesul de g\u0103tit de\u00a0<strong>vafe<\/strong> fi mai eficient \u0219i mai profitabil. Puterea suficient\u0103 de 1250 W pentru fiecare matri\u021b\u0103 ofer\u0103 o \u00eenc\u0103lzire continu\u0103 la 360 de grade \u0219i o experien\u021b\u0103 mai bun\u0103 de coacere. \u0218i ei \u00eenc\u0103 mai contribuie <span style=\"color: #008000;\">r<strong>performan\u021b\u0103 energetic\u0103 eficient\u0103<\/strong><\/span>.<\/p>\n<p>Capul este controlat independent cu butoane din lemn, \u00eempiedic\u00e2ndu-le s\u0103 se \u00eenc\u0103lzeasc\u0103. Temperatura variaz\u0103 \u00eentre 50 \u0219i 300 \u00b0 C cu lumin\u0103 LED care arat\u0103 starea de func\u021bionare. The <strong>Aparat profesional de vafe <span style=\"color: #ff0000;\">LA<\/span><span style=\"color: #0000ff;\">R<\/span>CMGEB75<\/strong>\u00a0Are un cronometru precis de maxim 5 minute, cu o alarma clara si melodioasa cand vafele sunt gata.<\/p>\n<p>Fiecare cap al\u00a0\u00a0<strong>Aparat de vafe<\/strong>\u00a0Adopt\u0103 dou\u0103 matri\u021be (superioar\u0103 \u0219i inferioar\u0103). \u00cempreun\u0103 formeaz\u0103 vafe delicioase. Ambele matri\u021be v\u0103 asigur\u0103 o \u00eenc\u0103lzire uniform\u0103. Suprafa\u021ba de g\u0103tit acoperit\u0103 cu teflon este antiaderent\u0103 \u0219i face ma\u0219ina u\u0219or de cur\u0103\u021bat.\u00a0<strong>vafe<\/strong>. Set de m\u00e2nere din o\u021bel din lemn gros pentru prindere u\u0219oar\u0103 \u0219i utilizare f\u0103r\u0103 efort. Utilizarea unui material bun de disipare a c\u0103ldurii asigur\u0103 c\u0103 temperatura acestuia nu este prea ridicat\u0103. Protejeaz\u0103 utilizatorul de arsuri.<\/p>\n<p>Cu\u00a0<strong>Aparat profesional de vafe<\/strong>\u00a0de\u00a0<strong><span style=\"color: #ff0000;\">LA<\/span><span style=\"color: #0000ff;\">R<\/span>c<\/strong>\u00a0vei primi ceva\u00a0<strong>Vafe<\/strong> <strong>rotunde \u0219i cu bule spongioase,<\/strong> interior moale \u0219i exterior crocant, cu un postgust nesf\u00e2r\u0219it. Ciocolata, bomboane \u0219i alte decora\u021biuni pot fi ad\u0103ugate liber pentru a ad\u0103uga arom\u0103.<\/p>\n<p>&nbsp;<\/p>\n<h6><strong>garan\u021bie\u00a0<span style=\"color: #ff0000;\">LA<\/span><span style=\"color: #0000ff;\">R<\/span>C 2 ANI<\/strong><\/h6>\n<h6><span style=\"color: #008000;\">Aparat profesional de vafe, consum redus 1250w<\/span><\/h6>\n<h6><strong>suport tehnic inclus.<\/strong><\/h6>\n<p>&nbsp;<\/p>\n<table role=\"presentation\" width=\"100%\" cellspacing=\"0\" cellpadding=\"0\">\n<tbody>\n<tr>\n<td class=\"attrLabels\">Temperatur\u0103:<\/td>\n<td width=\"50.0%\">30-300\u00baC<\/td>\n<\/tr>\n<tr>\n<td class=\"attrLabels\">\u021aara de distribu\u021bie:<\/td>\n<td width=\"50.0%\">Spania, Germania, SUA<\/td>\n<td class=\"attrLabels\">Greutate:<\/td>\n<td width=\"50.0%\">6 kg<\/td>\n<\/tr>\n<tr>\n<td class=\"attrLabels\">Marca:<\/td>\n<td width=\"50.0%\">ARC<\/td>\n<td class=\"attrLabels\">\u00cen\u0103l\u0163ime:<\/td>\n<td width=\"50.0%\">50 cm<\/td>\n<\/tr>\n<tr>\n<td class=\"attrLabels\">Culoare:<\/td>\n<td width=\"50.0%\">Argint<\/td>\n<td class=\"attrLabels\">Lung:<\/td>\n<td width=\"50.0%\">22 cm<\/td>\n<\/tr>\n<tr>\n<td class=\"attrLabels\">Tip produs:<\/td>\n<td width=\"50.0%\">Aparat profesional de vafe<\/td>\n<td class=\"attrLabels\">Larg:<\/td>\n<td width=\"50.0%\">37 cm<\/td>\n<\/tr>\n<tr>\n<td class=\"attrLabels\">Numar producator:<\/td>\n<td width=\"50.0%\">ARCMGEB75<\/td>\n<td class=\"attrLabels\">Putere:<\/td>\n<td width=\"50.0%\">950W<\/td>\n<\/tr>\n<tr>\n<td class=\"attrLabels\">Material:<\/td>\n<td width=\"50.0%\">otel inoxidabil, placa de teflon, control al temperaturii<\/td>\n<td class=\"attrLabels\">tensiune de intrare<\/td>\n<td width=\"50.0%\">220V \u2013 60Hz<\/td>\n<\/tr>\n<tr>\n<td class=\"attrLabels\">Dimensiunea vafei:<\/td>\n<td width=\"50.0%\">\u00a020 cm diametru (30 mm bule)<\/td>\n<td class=\"attrLabels\">Garantie:<\/td>\n<td width=\"50.0%\">2 ANI<\/td>\n<\/tr>\n<tr>\n<td class=\"attrLabels\">Instrumente de instalare:<\/td>\n<td width=\"50.0%\">Da<\/td>\n<td class=\"attrLabels\">Productie:<\/td>\n<td width=\"50.0%\">1 buc\u0103\u021bi pe minut<\/td>\n<\/tr>\n<\/tbody>\n<\/table>\n<p>&nbsp;<\/p>\n<p>&nbsp;<\/p>\n<p>&nbsp;<\/p>","protected":false},"excerpt":{"rendered":"<h2>Produc\u0103tor de vafe cu bule Bubble pentru vafe<\/h2>\n<p>Noastre\u00a0<strong>Aparat de vafe cu bule<\/strong>\u00a0de\u00a0<strong><span style=\"color: #ff0000;\">\u00a0LA<\/span><span style=\"color: #0000ff;\">R<\/span>c<\/strong>\u00a0este cea mai bun\u0103 op\u021biune de f\u0103cut\u00a0<strong>vafe<\/strong>,\u00a0<strong>vafe, napolitane<\/strong>, <strong>conuri de inghetata\u00a0<\/strong> deoarece este multifunc\u021bional. Este ideal pentru profesioni\u0219ti \u0219i \u00eentreprinderi mici.<\/p>\n<p>The\u00a0<strong>Aparat electric de vafe<\/strong>\u00a0de\u00a0<strong><span style=\"color: #ff0000;\">LA<\/span><span style=\"color: #0000ff;\">R<\/span>c<\/strong>\u00a0Este fabricat din o\u021bel inoxidabil, care este rezistent la zg\u00e2rieturi \u0219i durabil. Placa din font\u0103 v\u0103 ofer\u0103 o tehnologie special\u0103 antiaderent.\u00a0<strong>Ma\u0219ina de vafe <span style=\"color: #ff0000;\">LA<\/span><span style=\"color: #0000ff;\">R<\/span>CMGEB75<\/strong>\u00a0este usor de folosit. The\u00a0<strong>Aparat de vafe pufos<\/strong> Se \u00eenc\u0103lze\u0219te rapid datorit\u0103 puterii sale de 1250 de wa\u021bi, ceea ce, la r\u00e2ndul s\u0103u, \u00eel face mai mult <span style=\"color: #008000;\"><strong>eficient pentru consumul s\u0103u electric<\/strong><\/span>. Are o tav\u0103 de picurare sub farfurie pentru o cur\u0103\u021bare u\u0219oar\u0103.<\/p>\n<h6><strong>garan\u021bie\u00a0<span style=\"color: #ff0000;\">LA<\/span><span style=\"color: #0000ff;\">R<\/span>C 2 ANI<\/strong><\/h6>\n<h6><span style=\"color: #008000;\">Aparat profesional de vafe, consum redus 1250w<\/span><\/h6>\n<h6><strong>suport tehnic inclus.<\/strong><\/h6>\n<p>&nbsp;<\/p>\n<p>&nbsp;<\/p>","protected":false},"featured_media":4064,"comment_status":"open","ping_status":"closed","template":"","meta":{"wds_primary_product_brand":0,"wds_primary_product_cat":0},"product_brand":[],"product_cat":[51],"product_tag":[],"class_list":{"0":"post-4057","1":"product","2":"type-product","3":"status-publish","4":"has-post-thumbnail","6":"product_cat-gofreras-profesionales","7":"product_shipping_class-hosteleria","9":"first","10":"instock","11":"sale","12":"taxable","13":"shipping-taxable","14":"purchasable","15":"product-type-simple"},"yoast_head":"<!-- This site is optimized with the Yoast SEO Premium plugin v24.9 (Yoast SEO v26.1) - https:\/\/yoast.com\/wordpress\/plugins\/seo\/ -->\n<title>Gofrera burbujas Waffle bubble - distribuci\u00f3n ARC<\/title>\n<meta name=\"robots\" content=\"index, follow, max-snippet:-1, max-image-preview:large, max-video-preview:-1\" \/>\n<link rel=\"canonical\" href=\"https:\/\/distribucionarc.com\/ro\/produs\/waffle-maker-bubbles-waffle-bubble\/\" \/>\n<meta property=\"og:locale\" content=\"ro_RO\" \/>\n<meta property=\"og:type\" content=\"article\" \/>\n<meta property=\"og:title\" content=\"Gofrera burbujas Waffle bubble\" \/>\n<meta property=\"og:description\" content=\"Gofrera burbujas Waffle bubble Nuestra\u00a0Gofrera Bubble\u00a0de\u00a0\u00a0ARC\u00a0es la mejor opci\u00f3n para hacer\u00a0gofres,\u00a0waffles, barquillos, conos de helado\u00a0 porque es multifuncional. Es ideal para profesionales y peque\u00f1os comercios .  La\u00a0Maquina de waffles el\u00e9ctrica\u00a0de\u00a0ARC\u00a0est\u00e1 hecha de acero inoxidable, que es resistente a los ara\u00f1azos y duradero. La placa de hierro fundido le proporciona una tecnolog\u00eda especial antiadherente.\u00a0La m\u00e1quina de gofres ARCMGEB75\u00a0es f\u00e1cil de usar. La\u00a0m\u00e1quina para hacer Waffles Esponjosos se calienta r\u00e1pidamente gracias a su potencia de 1250 vatios que la vuelven a su vez m\u00e1s eficiente por su consumo el\u00e9ctrico. Tiene una bandeja de goteo debajo de la placa para facilitar la limpieza. Garant\u00eda\u00a0ARC 2 A\u00d1OS Gofrera profesional , bajo consumo 1250w soporte t\u00e9cnico incluido. &nbsp;  &nbsp;\" \/>\n<meta property=\"og:url\" content=\"https:\/\/distribucionarc.com\/ro\/produs\/waffle-maker-bubbles-waffle-bubble\/\" \/>\n<meta property=\"og:site_name\" content=\"distribuci\u00f3n ARC\" \/>\n<meta property=\"article:modified_time\" content=\"2021-01-26T09:21:13+00:00\" \/>\n<meta property=\"og:image\" content=\"https:\/\/distribucionarc.com\/wp-content\/uploads\/2020\/10\/Gofrera-burbujas-Waffle-bubble-0.jpg\" \/>\n\t<meta property=\"og:image:width\" content=\"1600\" \/>\n\t<meta property=\"og:image:height\" content=\"1600\" \/>\n\t<meta property=\"og:image:type\" content=\"image\/jpeg\" \/>\n<meta name=\"twitter:card\" content=\"summary_large_image\" \/>\n<meta name=\"twitter:label1\" content=\"Timp estimat pentru citire\" \/>\n\t<meta name=\"twitter:data1\" content=\"2 minute\" \/>\n<script type=\"application\/ld+json\" class=\"yoast-schema-graph\">{\"@context\":\"https:\/\/schema.org\",\"@graph\":[{\"@type\":\"WebPage\",\"@id\":\"https:\/\/distribucionarc.com\/de\/producto\/gofrera-burbujas-waffle-bubble\/\",\"url\":\"https:\/\/distribucionarc.com\/de\/producto\/gofrera-burbujas-waffle-bubble\/\",\"name\":\"Gofrera burbujas Waffle bubble - distribuci\u00f3n ARC\",\"isPartOf\":{\"@id\":\"https:\/\/distribucionarc.com\/ro\/#website\"},\"primaryImageOfPage\":{\"@id\":\"https:\/\/distribucionarc.com\/de\/producto\/gofrera-burbujas-waffle-bubble\/#primaryimage\"},\"image\":{\"@id\":\"https:\/\/distribucionarc.com\/de\/producto\/gofrera-burbujas-waffle-bubble\/#primaryimage\"},\"thumbnailUrl\":\"https:\/\/distribucionarc.com\/wp-content\/uploads\/2020\/10\/Gofrera-burbujas-Waffle-bubble-0.jpg\",\"datePublished\":\"2020-10-28T16:17:57+00:00\",\"dateModified\":\"2021-01-26T09:21:13+00:00\",\"breadcrumb\":{\"@id\":\"https:\/\/distribucionarc.com\/de\/producto\/gofrera-burbujas-waffle-bubble\/#breadcrumb\"},\"inLanguage\":\"ro-RO\",\"potentialAction\":[{\"@type\":\"ReadAction\",\"target\":[\"https:\/\/distribucionarc.com\/de\/producto\/gofrera-burbujas-waffle-bubble\/\"]}]},{\"@type\":\"ImageObject\",\"inLanguage\":\"ro-RO\",\"@id\":\"https:\/\/distribucionarc.com\/de\/producto\/gofrera-burbujas-waffle-bubble\/#primaryimage\",\"url\":\"https:\/\/distribucionarc.com\/wp-content\/uploads\/2020\/10\/Gofrera-burbujas-Waffle-bubble-0.jpg\",\"contentUrl\":\"https:\/\/distribucionarc.com\/wp-content\/uploads\/2020\/10\/Gofrera-burbujas-Waffle-bubble-0.jpg\",\"width\":1600,\"height\":1600,\"caption\":\"Gofrera burbujas Waffle bubble\"},{\"@type\":\"BreadcrumbList\",\"@id\":\"https:\/\/distribucionarc.com\/de\/producto\/gofrera-burbujas-waffle-bubble\/#breadcrumb\",\"itemListElement\":[{\"@type\":\"ListItem\",\"position\":1,\"name\":\"Portada\",\"item\":\"https:\/\/distribucionarc.com\/ar\/\"},{\"@type\":\"ListItem\",\"position\":2,\"name\":\"Proizvodi\",\"item\":\"https:\/\/www.distribucionarc.com\/hr\/ducan\/\"},{\"@type\":\"ListItem\",\"position\":3,\"name\":\"Gofrera burbujas Waffle bubble\"}]},{\"@type\":\"WebSite\",\"@id\":\"https:\/\/distribucionarc.com\/ro\/#website\",\"url\":\"https:\/\/distribucionarc.com\/ro\/\",\"name\":\"distribuci\u00f3n ARC\",\"description\":\"Empresa especializada en la fabricaci\u00f3n y distribuci\u00f3n de maquinaria industrial, selladoras de latas, Maquinas de hacer pastillas, Maquinas de cortar carne...\",\"publisher\":{\"@id\":\"https:\/\/distribucionarc.com\/ro\/#organization\"},\"potentialAction\":[{\"@type\":\"SearchAction\",\"target\":{\"@type\":\"EntryPoint\",\"urlTemplate\":\"https:\/\/distribucionarc.com\/ro\/?s={search_term_string}\"},\"query-input\":{\"@type\":\"PropertyValueSpecification\",\"valueRequired\":true,\"valueName\":\"search_term_string\"}}],\"inLanguage\":\"ro-RO\"},{\"@type\":\"Organization\",\"@id\":\"https:\/\/distribucionarc.com\/ro\/#organization\",\"name\":\"Distribuci\u00f3n ARC\",\"url\":\"https:\/\/distribucionarc.com\/ro\/\",\"logo\":{\"@type\":\"ImageObject\",\"inLanguage\":\"ro-RO\",\"@id\":\"https:\/\/distribucionarc.com\/ro\/#\/schema\/logo\/image\/\",\"url\":\"https:\/\/distribucionarc.com\/wp-content\/uploads\/2024\/10\/distribucion-ARC-COLOR-SIN-FONDO-e1732295305345.png\",\"contentUrl\":\"https:\/\/distribucionarc.com\/wp-content\/uploads\/2024\/10\/distribucion-ARC-COLOR-SIN-FONDO-e1732295305345.png\",\"width\":1164,\"height\":558,\"caption\":\"Distribuci\u00f3n ARC\"},\"image\":{\"@id\":\"https:\/\/distribucionarc.com\/ro\/#\/schema\/logo\/image\/\"},\"description\":\"Empresa especializada en la fabricaci\u00f3n y distribuci\u00f3n de maquinaria industrial para los sectores alimentario y farmac\u00e9utico. Nos especializamos en: M\u00e1quinas de cortar carne Fabricaci\u00f3n de comprimidos Sistemas de transporte industrial L\u00edneas de embotellado Dosificadores Y mucho m\u00e1s... Ofrecemos soluciones innovadoras y personalizadas para optimizar los procesos productivos de tu empresa.\",\"email\":\"Admistracion@distribucionarc.com\",\"telephone\":\"+34 643496664\",\"legalName\":\"ARC TECH SOLUTIONS\",\"foundingDate\":\"2024-04-09\",\"vatID\":\"B55480172\",\"numberOfEmployees\":{\"@type\":\"QuantitativeValue\",\"minValue\":\"1\",\"maxValue\":\"10\"}}]}<\/script>\n<!-- \/ Yoast SEO Premium plugin. -->","yoast_head_json":{"title":"Aparat de vafe cu bule Waffle bubble - distributie ARC","robots":{"index":"index","follow":"follow","max-snippet":"max-snippet:-1","max-image-preview":"max-image-preview:large","max-video-preview":"max-video-preview:-1"},"canonical":"https:\/\/distribucionarc.com\/ro\/produs\/waffle-maker-bubbles-waffle-bubble\/","og_locale":"ro_RO","og_type":"article","og_title":"Gofrera burbujas Waffle bubble","og_description":"Gofrera burbujas Waffle bubble Nuestra\u00a0Gofrera Bubble\u00a0de\u00a0\u00a0ARC\u00a0es la mejor opci\u00f3n para hacer\u00a0gofres,\u00a0waffles, barquillos, conos de helado\u00a0 porque es multifuncional. Es ideal para profesionales y peque\u00f1os comercios .  La\u00a0Maquina de waffles el\u00e9ctrica\u00a0de\u00a0ARC\u00a0est\u00e1 hecha de acero inoxidable, que es resistente a los ara\u00f1azos y duradero. La placa de hierro fundido le proporciona una tecnolog\u00eda especial antiadherente.\u00a0La m\u00e1quina de gofres ARCMGEB75\u00a0es f\u00e1cil de usar. La\u00a0m\u00e1quina para hacer Waffles Esponjosos se calienta r\u00e1pidamente gracias a su potencia de 1250 vatios que la vuelven a su vez m\u00e1s eficiente por su consumo el\u00e9ctrico. Tiene una bandeja de goteo debajo de la placa para facilitar la limpieza. Garant\u00eda\u00a0ARC 2 A\u00d1OS Gofrera profesional , bajo consumo 1250w soporte t\u00e9cnico incluido. &nbsp;  &nbsp;","og_url":"https:\/\/distribucionarc.com\/ro\/produs\/waffle-maker-bubbles-waffle-bubble\/","og_site_name":"distribuci\u00f3n ARC","article_modified_time":"2021-01-26T09:21:13+00:00","og_image":[{"width":1600,"height":1600,"url":"https:\/\/distribucionarc.com\/wp-content\/uploads\/2020\/10\/Gofrera-burbujas-Waffle-bubble-0.jpg","type":"image\/jpeg"}],"twitter_card":"summary_large_image","twitter_misc":{"Timp estimat pentru citire":"2 minute"},"schema":{"@context":"https:\/\/schema.org","@graph":[{"@type":"WebPage","@id":"https:\/\/distribucionarc.com\/de\/producto\/gofrera-burbujas-waffle-bubble\/","url":"https:\/\/distribucionarc.com\/de\/producto\/gofrera-burbujas-waffle-bubble\/","name":"Aparat de vafe cu bule Waffle bubble - distributie ARC","isPartOf":{"@id":"https:\/\/distribucionarc.com\/ro\/#website"},"primaryImageOfPage":{"@id":"https:\/\/distribucionarc.com\/de\/producto\/gofrera-burbujas-waffle-bubble\/#primaryimage"},"image":{"@id":"https:\/\/distribucionarc.com\/de\/producto\/gofrera-burbujas-waffle-bubble\/#primaryimage"},"thumbnailUrl":"https:\/\/distribucionarc.com\/wp-content\/uploads\/2020\/10\/Gofrera-burbujas-Waffle-bubble-0.jpg","datePublished":"2020-10-28T16:17:57+00:00","dateModified":"2021-01-26T09:21:13+00:00","breadcrumb":{"@id":"https:\/\/distribucionarc.com\/de\/producto\/gofrera-burbujas-waffle-bubble\/#breadcrumb"},"inLanguage":"ro-RO","potentialAction":[{"@type":"ReadAction","target":["https:\/\/distribucionarc.com\/de\/producto\/gofrera-burbujas-waffle-bubble\/"]}]},{"@type":"ImageObject","inLanguage":"ro-RO","@id":"https:\/\/distribucionarc.com\/de\/producto\/gofrera-burbujas-waffle-bubble\/#primaryimage","url":"https:\/\/distribucionarc.com\/wp-content\/uploads\/2020\/10\/Gofrera-burbujas-Waffle-bubble-0.jpg","contentUrl":"https:\/\/distribucionarc.com\/wp-content\/uploads\/2020\/10\/Gofrera-burbujas-Waffle-bubble-0.jpg","width":1600,"height":1600,"caption":"Gofrera burbujas Waffle bubble"},{"@type":"BreadcrumbList","@id":"https:\/\/distribucionarc.com\/de\/producto\/gofrera-burbujas-waffle-bubble\/#breadcrumb","itemListElement":[{"@type":"ListItem","position":1,"name":"Portada","item":"https:\/\/distribucionarc.com\/ar\/"},{"@type":"ListItem","position":2,"name":"Proizvodi","item":"https:\/\/www.distribucionarc.com\/hr\/ducan\/"},{"@type":"ListItem","position":3,"name":"Gofrera burbujas Waffle bubble"}]},{"@type":"WebSite","@id":"https:\/\/distribucionarc.com\/ro\/#website","url":"https:\/\/distribucionarc.com\/ro\/","name":"Distribu\u021bie ARC","description":"Companie specializat\u0103 \u00een fabricarea \u0219i distribu\u021bia de utilaje industriale, ma\u0219ini de sigilat cutii, ma\u0219ini de fabricat tablete, ma\u0219ini de t\u0103iat carne...","publisher":{"@id":"https:\/\/distribucionarc.com\/ro\/#organization"},"potentialAction":[{"@type":"SearchAction","target":{"@type":"EntryPoint","urlTemplate":"https:\/\/distribucionarc.com\/ro\/?s={search_term_string}"},"query-input":{"@type":"PropertyValueSpecification","valueRequired":true,"valueName":"search_term_string"}}],"inLanguage":"ro-RO"},{"@type":"Organization","@id":"https:\/\/distribucionarc.com\/ro\/#organization","name":"Distribu\u021bie ARC","url":"https:\/\/distribucionarc.com\/ro\/","logo":{"@type":"ImageObject","inLanguage":"ro-RO","@id":"https:\/\/distribucionarc.com\/ro\/#\/schema\/logo\/image\/","url":"https:\/\/distribucionarc.com\/wp-content\/uploads\/2024\/10\/distribucion-ARC-COLOR-SIN-FONDO-e1732295305345.png","contentUrl":"https:\/\/distribucionarc.com\/wp-content\/uploads\/2024\/10\/distribucion-ARC-COLOR-SIN-FONDO-e1732295305345.png","width":1164,"height":558,"caption":"Distribuci\u00f3n ARC"},"image":{"@id":"https:\/\/distribucionarc.com\/ro\/#\/schema\/logo\/image\/"},"description":"Companie specializat\u0103 \u00een fabricarea \u0219i distribu\u021bia de utilaje industriale pentru sectoarele alimentar \u0219i farmaceutic. Suntem specializa\u021bi \u00een: Ma\u0219ini de t\u0103iat carne Fabricarea tabletelor Sisteme de transport industrial Linii de \u00eembuteliere Distribuitoare \u0218i multe altele... Oferim solu\u021bii inovatoare \u0219i personalizate pentru a optimiza procesele de produc\u021bie ale companiei dumneavoastr\u0103.","email":"Admistracion@distribucionarc.com","telephone":"+34 643496664","legalName":"ARC TECH SOLUTIONS","foundingDate":"2024-04-09","vatID":"B55480172","numberOfEmployees":{"@type":"QuantitativeValue","minValue":"1","maxValue":"10"}}]}},"_links":{"self":[{"href":"https:\/\/distribucionarc.com\/ro\/wp-json\/wp\/v2\/product\/4057","targetHints":{"allow":["GET"]}}],"collection":[{"href":"https:\/\/distribucionarc.com\/ro\/wp-json\/wp\/v2\/product"}],"about":[{"href":"https:\/\/distribucionarc.com\/ro\/wp-json\/wp\/v2\/types\/product"}],"replies":[{"embeddable":true,"href":"https:\/\/distribucionarc.com\/ro\/wp-json\/wp\/v2\/comments?post=4057"}],"version-history":[{"count":0,"href":"https:\/\/distribucionarc.com\/ro\/wp-json\/wp\/v2\/product\/4057\/revisions"}],"wp:featuredmedia":[{"embeddable":true,"href":"https:\/\/distribucionarc.com\/ro\/wp-json\/wp\/v2\/media\/4064"}],"wp:attachment":[{"href":"https:\/\/distribucionarc.com\/ro\/wp-json\/wp\/v2\/media?parent=4057"}],"wp:term":[{"taxonomy":"product_brand","embeddable":true,"href":"https:\/\/distribucionarc.com\/ro\/wp-json\/wp\/v2\/product_brand?post=4057"},{"taxonomy":"product_cat","embeddable":true,"href":"https:\/\/distribucionarc.com\/ro\/wp-json\/wp\/v2\/product_cat?post=4057"},{"taxonomy":"product_tag","embeddable":true,"href":"https:\/\/distribucionarc.com\/ro\/wp-json\/wp\/v2\/product_tag?post=4057"}],"curies":[{"name":"wp","href":"https:\/\/api.w.org\/{rel}","templated":true}]}}