{"id":4099,"date":"2020-11-18T13:53:14","date_gmt":"2020-11-18T13:53:14","guid":{"rendered":"https:\/\/distribucionarc.com\/?post_type=product&#038;p=4099"},"modified":"2021-01-26T09:22:51","modified_gmt":"2021-01-26T09:22:51","slug":"cnc-laser-gravor","status":"publish","type":"product","link":"https:\/\/distribucionarc.com\/ro\/producto\/grabador-laser-cnc\/","title":{"rendered":"Gravoare laser CNC"},"content":{"rendered":"<h3>Gravor, marcator laser CNC pentru lemn, PVC, PCB, metal<\/h3>\n<p>El\u00a0<b>marker cu laser\u00a0<span style=\"color: #ff0000;\">LA<\/span><span style=\"color: #0000ff;\">R<\/span>c<\/b>\u00a0Este o ma\u0219in\u0103 care \u00eencorporeaz\u0103 cea mai recent\u0103 tehnologie \u0219i cele mai bune materiale din aluminiu \u0219i acril, \u00eencorporeaz\u0103 software simplu, u\u0219or de utilizat, cu actualiz\u0103ri gratuite pentru totdeauna.<\/p>\n<p>\u00cen\u0103l\u021bimea de gravare este nelimitat\u0103 \u0219i poate fi plasat\u0103 direct deasupra pentru a lucra mai aproape de metal\u00a0<strong>masina de gravat\u00a0<span style=\"color: #ff0000;\">LA<\/span><span style=\"color: #0000ff;\">R<\/span>CMGLA1<\/strong>\u00a0Este multifunc\u021bional cu o varietate de metale \u0219i o\u021beluri.<\/p>\n<p>Dac\u0103 ave\u021bi o pasiune pentru art\u0103, aceast\u0103 ma\u0219in\u0103 v\u0103 va oferi o modalitate excelent\u0103 de a repeta procesele \u0219i de a face lucruri pe care nicio unealt\u0103 manual\u0103 nu v-a permis s\u0103 le face\u021bi.<\/p>\n<h6><strong>garan\u021bie\u00a0<span style=\"color: #ff0000;\">LA<\/span><span style=\"color: #0000ff;\">R<\/span>C 2 ANI<\/strong><\/h6>\n<h6><span style=\"color: #008000;\">Gravoare laser eficient\u0103, surs\u0103 de alimentare 12V 5A<\/span><\/h6>\n<h6><strong>suport tehnic inclus<\/strong><\/h6>\n<p>&nbsp;<\/p>\n<p>&nbsp;<\/p>\n<hr \/>\n<p>Zona de lucru: 30x18x4.5cm.<\/p>\n<p>Dimensiune rama: 33x40x24CM<\/p>\n<p>Ax: 775 motor ax (12-36V) 24V: 10000r\/min<\/p>\n<p>Colier ax: ER11<\/p>\n<p>Motor pas cu pas: pas Nema17, cuplu 0,3N\/M, 1,3A<\/p>\n<p>Alimentare: AC110-240V<\/p>\n<p>Software: driver GRBL<\/p>\n<p>Sistem suport: Windows XP \/ Win 7 \/ Win 8 \/ Win 10<\/p>\n<p>Burghie: v\u00e2rf de 0,1 mm, 20 grade, diametru 3,175 mm.<\/p>\n<p>Laser: suport 500mw 405nm, 12v\/2500mw 450nm, 12v\/5500mw 450nm, 12v.<\/p>","protected":false},"excerpt":{"rendered":"<h2>Gravor, marcator laser CNC pentru lemn, PVC, PCB, metal<\/h2>\n<p>Aceast\u0103 ma\u0219in\u0103<strong> marcaj cu laser\u00a0<span style=\"color: #ff0000;\">LA<\/span><span style=\"color: #0000ff;\">R<\/span>c<\/strong> pentru bricolaj este ideal pentru utilizarea grav\u0103rii cu laser cu imprimare \u00een tonuri de gri, pozi\u021bionare \u00een lumin\u0103 sc\u0103zut\u0103 \u0219i func\u021bii de pozi\u021bionare liber\u0103. Acest mini aparat este perfect pentru arti\u0219ti, profesioni\u0219ti \u0219i me\u0219teri. Trebuie doar s\u0103-l conecta\u021bi la computer \u0219i apoi pute\u021bi imprima orice imagine dori\u021bi cu propria creativitate.<\/p>\n<h6><strong>garan\u021bie\u00a0<span style=\"color: #ff0000;\">LA<\/span><span style=\"color: #0000ff;\">R<\/span>C 2 ANI<\/strong><\/h6>\n<h6><span style=\"color: #008000;\">Gravoare laser eficient\u0103, surs\u0103 de alimentare 12V 5A<\/span><\/h6>\n<h6><strong>suport tehnic inclus<\/strong><\/h6>\n<p>&nbsp;<\/p>","protected":false},"featured_media":4106,"comment_status":"open","ping_status":"closed","template":"","meta":{"wds_primary_product_brand":0,"wds_primary_product_cat":0},"product_brand":[],"product_cat":[69,70],"product_tag":[],"class_list":{"0":"post-4099","1":"product","2":"type-product","3":"status-publish","4":"has-post-thumbnail","6":"product_cat-maquinas-variadas","7":"product_cat-talladoras-marcadoras-de-metal-grabadoras-laser","8":"product_shipping_class-hosteleria","10":"first","11":"instock","12":"sale","13":"taxable","14":"shipping-taxable","15":"purchasable","16":"product-type-simple"},"yoast_head":"<!-- This site is optimized with the Yoast SEO Premium plugin v24.9 (Yoast SEO v26.1) - https:\/\/yoast.com\/wordpress\/plugins\/seo\/ -->\n<title>Grabador l\u00e1ser CNC - distribuci\u00f3n ARC<\/title>\n<meta name=\"robots\" content=\"index, follow, max-snippet:-1, max-image-preview:large, max-video-preview:-1\" \/>\n<link rel=\"canonical\" href=\"https:\/\/www.distribucionarc.com\/producto\/grabador-laser-cnc\/\" \/>\n<meta property=\"og:locale\" content=\"ro_RO\" \/>\n<meta property=\"og:type\" content=\"article\" \/>\n<meta property=\"og:title\" content=\"Grabador l\u00e1ser CNC\" \/>\n<meta property=\"og:description\" content=\"Grabador, marcador l\u00e1ser CNC para madera, PVC, PCB, metal Esta\u00a0m\u00e1quina de marcado l\u00e1ser\u00a0ARC para bricolaje es ideal para el uso de grabado l\u00e1ser con funciones de impresi\u00f3n en escala de grises, posicionamiento con poca luz y posicionamiento de libertad. Esta mini m\u00e1quina es perfecta para artistas, profesionales y artesanos. Solo necesita conectarlo al ordenador, y luego puede imprimir cualquier imagen que desee con su propia creatividad. Garant\u00eda\u00a0ARC 2 A\u00d1OS Grabador l\u00e1ser eficiente, fuente alimentacion\u00a0 12V 5A soporte t\u00e9cnico incluido &nbsp;\" \/>\n<meta property=\"og:url\" content=\"https:\/\/www.distribucionarc.com\/producto\/grabador-laser-cnc\/\" \/>\n<meta property=\"og:site_name\" content=\"distribuci\u00f3n ARC\" \/>\n<meta property=\"article:modified_time\" content=\"2021-01-26T09:22:51+00:00\" \/>\n<meta property=\"og:image\" content=\"https:\/\/distribucionarc.com\/wp-content\/uploads\/2020\/11\/Grabador-l\u00e1ser-CNC-5.jpg\" \/>\n\t<meta property=\"og:image:width\" content=\"980\" \/>\n\t<meta property=\"og:image:height\" content=\"964\" \/>\n\t<meta property=\"og:image:type\" content=\"image\/jpeg\" \/>\n<meta name=\"twitter:card\" content=\"summary_large_image\" \/>\n<meta name=\"twitter:label1\" content=\"Timp estimat pentru citire\" \/>\n\t<meta name=\"twitter:data1\" content=\"1 minut\" \/>\n<script type=\"application\/ld+json\" class=\"yoast-schema-graph\">{\"@context\":\"https:\/\/schema.org\",\"@graph\":[{\"@type\":\"WebPage\",\"@id\":\"https:\/\/www.distribucionarc.com\/producto\/grabador-laser-cnc\/\",\"url\":\"https:\/\/www.distribucionarc.com\/producto\/grabador-laser-cnc\/\",\"name\":\"Grabador l\u00e1ser CNC - distribuci\u00f3n ARC\",\"isPartOf\":{\"@id\":\"https:\/\/distribucionarc.com\/bg\/#website\"},\"primaryImageOfPage\":{\"@id\":\"https:\/\/www.distribucionarc.com\/producto\/grabador-laser-cnc\/#primaryimage\"},\"image\":{\"@id\":\"https:\/\/www.distribucionarc.com\/producto\/grabador-laser-cnc\/#primaryimage\"},\"thumbnailUrl\":\"https:\/\/distribucionarc.com\/wp-content\/uploads\/2020\/11\/Grabador-l\u00e1ser-CNC-5.jpg\",\"datePublished\":\"2020-11-18T13:53:14+00:00\",\"dateModified\":\"2021-01-26T09:22:51+00:00\",\"breadcrumb\":{\"@id\":\"https:\/\/www.distribucionarc.com\/producto\/grabador-laser-cnc\/#breadcrumb\"},\"inLanguage\":\"ro-RO\",\"potentialAction\":[{\"@type\":\"ReadAction\",\"target\":[\"https:\/\/www.distribucionarc.com\/producto\/grabador-laser-cnc\/\"]}]},{\"@type\":\"ImageObject\",\"inLanguage\":\"ro-RO\",\"@id\":\"https:\/\/www.distribucionarc.com\/producto\/grabador-laser-cnc\/#primaryimage\",\"url\":\"https:\/\/distribucionarc.com\/wp-content\/uploads\/2020\/11\/Grabador-l\u00e1ser-CNC-5.jpg\",\"contentUrl\":\"https:\/\/distribucionarc.com\/wp-content\/uploads\/2020\/11\/Grabador-l\u00e1ser-CNC-5.jpg\",\"width\":980,\"height\":964,\"caption\":\"Grabador l\u00e1ser CNC\"},{\"@type\":\"BreadcrumbList\",\"@id\":\"https:\/\/www.distribucionarc.com\/producto\/grabador-laser-cnc\/#breadcrumb\",\"itemListElement\":[{\"@type\":\"ListItem\",\"position\":1,\"name\":\"Portada\",\"item\":\"https:\/\/distribucionarc.com\/el\/\"},{\"@type\":\"ListItem\",\"position\":2,\"name\":\"Proizvodi\",\"item\":\"https:\/\/www.distribucionarc.com\/hr\/ducan\/\"},{\"@type\":\"ListItem\",\"position\":3,\"name\":\"Grabador l\u00e1ser CNC\"}]},{\"@type\":\"WebSite\",\"@id\":\"https:\/\/distribucionarc.com\/bg\/#website\",\"url\":\"https:\/\/distribucionarc.com\/bg\/\",\"name\":\"distribuci\u00f3n ARC\",\"description\":\"Empresa especializada en la fabricaci\u00f3n y distribuci\u00f3n de maquinaria industrial, selladoras de latas, Maquinas de hacer pastillas, Maquinas de cortar carne...\",\"publisher\":{\"@id\":\"https:\/\/distribucionarc.com\/bg\/#organization\"},\"potentialAction\":[{\"@type\":\"SearchAction\",\"target\":{\"@type\":\"EntryPoint\",\"urlTemplate\":\"https:\/\/distribucionarc.com\/bg\/?s={search_term_string}\"},\"query-input\":{\"@type\":\"PropertyValueSpecification\",\"valueRequired\":true,\"valueName\":\"search_term_string\"}}],\"inLanguage\":\"ro-RO\"},{\"@type\":\"Organization\",\"@id\":\"https:\/\/distribucionarc.com\/bg\/#organization\",\"name\":\"Distribuci\u00f3n ARC\",\"url\":\"https:\/\/distribucionarc.com\/bg\/\",\"logo\":{\"@type\":\"ImageObject\",\"inLanguage\":\"ro-RO\",\"@id\":\"https:\/\/distribucionarc.com\/bg\/#\/schema\/logo\/image\/\",\"url\":\"https:\/\/distribucionarc.com\/wp-content\/uploads\/2024\/10\/distribucion-ARC-COLOR-SIN-FONDO-e1732295305345.png\",\"contentUrl\":\"https:\/\/distribucionarc.com\/wp-content\/uploads\/2024\/10\/distribucion-ARC-COLOR-SIN-FONDO-e1732295305345.png\",\"width\":1164,\"height\":558,\"caption\":\"Distribuci\u00f3n ARC\"},\"image\":{\"@id\":\"https:\/\/distribucionarc.com\/bg\/#\/schema\/logo\/image\/\"},\"description\":\"Empresa especializada en la fabricaci\u00f3n y distribuci\u00f3n de maquinaria industrial para los sectores alimentario y farmac\u00e9utico. Nos especializamos en: M\u00e1quinas de cortar carne Fabricaci\u00f3n de comprimidos Sistemas de transporte industrial L\u00edneas de embotellado Dosificadores Y mucho m\u00e1s... Ofrecemos soluciones innovadoras y personalizadas para optimizar los procesos productivos de tu empresa.\",\"email\":\"Admistracion@distribucionarc.com\",\"telephone\":\"+34 643496664\",\"legalName\":\"ARC TECH SOLUTIONS\",\"foundingDate\":\"2024-04-09\",\"vatID\":\"B55480172\",\"numberOfEmployees\":{\"@type\":\"QuantitativeValue\",\"minValue\":\"1\",\"maxValue\":\"10\"}}]}<\/script>\n<!-- \/ Yoast SEO Premium plugin. -->","yoast_head_json":{"title":"Gravoare laser CNC - distribu\u021bie ARC","robots":{"index":"index","follow":"follow","max-snippet":"max-snippet:-1","max-image-preview":"max-image-preview:large","max-video-preview":"max-video-preview:-1"},"canonical":"https:\/\/www.distribucionarc.com\/producto\/grabador-laser-cnc\/","og_locale":"ro_RO","og_type":"article","og_title":"Grabador l\u00e1ser CNC","og_description":"Grabador, marcador l\u00e1ser CNC para madera, PVC, PCB, metal Esta\u00a0m\u00e1quina de marcado l\u00e1ser\u00a0ARC para bricolaje es ideal para el uso de grabado l\u00e1ser con funciones de impresi\u00f3n en escala de grises, posicionamiento con poca luz y posicionamiento de libertad. Esta mini m\u00e1quina es perfecta para artistas, profesionales y artesanos. Solo necesita conectarlo al ordenador, y luego puede imprimir cualquier imagen que desee con su propia creatividad. Garant\u00eda\u00a0ARC 2 A\u00d1OS Grabador l\u00e1ser eficiente, fuente alimentacion\u00a0 12V 5A soporte t\u00e9cnico incluido &nbsp;","og_url":"https:\/\/www.distribucionarc.com\/producto\/grabador-laser-cnc\/","og_site_name":"distribuci\u00f3n ARC","article_modified_time":"2021-01-26T09:22:51+00:00","og_image":[{"width":980,"height":964,"url":"https:\/\/distribucionarc.com\/wp-content\/uploads\/2020\/11\/Grabador-l\u00e1ser-CNC-5.jpg","type":"image\/jpeg"}],"twitter_card":"summary_large_image","twitter_misc":{"Timp estimat pentru citire":"1 minut"},"schema":{"@context":"https:\/\/schema.org","@graph":[{"@type":"WebPage","@id":"https:\/\/www.distribucionarc.com\/producto\/grabador-laser-cnc\/","url":"https:\/\/www.distribucionarc.com\/producto\/grabador-laser-cnc\/","name":"Gravoare laser CNC - distribu\u021bie ARC","isPartOf":{"@id":"https:\/\/distribucionarc.com\/bg\/#website"},"primaryImageOfPage":{"@id":"https:\/\/www.distribucionarc.com\/producto\/grabador-laser-cnc\/#primaryimage"},"image":{"@id":"https:\/\/www.distribucionarc.com\/producto\/grabador-laser-cnc\/#primaryimage"},"thumbnailUrl":"https:\/\/distribucionarc.com\/wp-content\/uploads\/2020\/11\/Grabador-l\u00e1ser-CNC-5.jpg","datePublished":"2020-11-18T13:53:14+00:00","dateModified":"2021-01-26T09:22:51+00:00","breadcrumb":{"@id":"https:\/\/www.distribucionarc.com\/producto\/grabador-laser-cnc\/#breadcrumb"},"inLanguage":"ro-RO","potentialAction":[{"@type":"ReadAction","target":["https:\/\/www.distribucionarc.com\/producto\/grabador-laser-cnc\/"]}]},{"@type":"ImageObject","inLanguage":"ro-RO","@id":"https:\/\/www.distribucionarc.com\/producto\/grabador-laser-cnc\/#primaryimage","url":"https:\/\/distribucionarc.com\/wp-content\/uploads\/2020\/11\/Grabador-l\u00e1ser-CNC-5.jpg","contentUrl":"https:\/\/distribucionarc.com\/wp-content\/uploads\/2020\/11\/Grabador-l\u00e1ser-CNC-5.jpg","width":980,"height":964,"caption":"Grabador l\u00e1ser CNC"},{"@type":"BreadcrumbList","@id":"https:\/\/www.distribucionarc.com\/producto\/grabador-laser-cnc\/#breadcrumb","itemListElement":[{"@type":"ListItem","position":1,"name":"Portada","item":"https:\/\/distribucionarc.com\/el\/"},{"@type":"ListItem","position":2,"name":"Proizvodi","item":"https:\/\/www.distribucionarc.com\/hr\/ducan\/"},{"@type":"ListItem","position":3,"name":"Grabador l\u00e1ser CNC"}]},{"@type":"WebSite","@id":"https:\/\/distribucionarc.com\/bg\/#website","url":"https:\/\/distribucionarc.com\/bg\/","name":"Distribu\u021bie ARC","description":"Companie specializat\u0103 \u00een fabricarea \u0219i distribu\u021bia de utilaje industriale, ma\u0219ini de sigilat cutii, ma\u0219ini de fabricat tablete, ma\u0219ini de t\u0103iat carne...","publisher":{"@id":"https:\/\/distribucionarc.com\/bg\/#organization"},"potentialAction":[{"@type":"SearchAction","target":{"@type":"EntryPoint","urlTemplate":"https:\/\/distribucionarc.com\/bg\/?s={search_term_string}"},"query-input":{"@type":"PropertyValueSpecification","valueRequired":true,"valueName":"search_term_string"}}],"inLanguage":"ro-RO"},{"@type":"Organization","@id":"https:\/\/distribucionarc.com\/bg\/#organization","name":"Distribu\u021bie ARC","url":"https:\/\/distribucionarc.com\/bg\/","logo":{"@type":"ImageObject","inLanguage":"ro-RO","@id":"https:\/\/distribucionarc.com\/bg\/#\/schema\/logo\/image\/","url":"https:\/\/distribucionarc.com\/wp-content\/uploads\/2024\/10\/distribucion-ARC-COLOR-SIN-FONDO-e1732295305345.png","contentUrl":"https:\/\/distribucionarc.com\/wp-content\/uploads\/2024\/10\/distribucion-ARC-COLOR-SIN-FONDO-e1732295305345.png","width":1164,"height":558,"caption":"Distribuci\u00f3n ARC"},"image":{"@id":"https:\/\/distribucionarc.com\/bg\/#\/schema\/logo\/image\/"},"description":"Companie specializat\u0103 \u00een fabricarea \u0219i distribu\u021bia de utilaje industriale pentru sectoarele alimentar \u0219i farmaceutic. Suntem specializa\u021bi \u00een: Ma\u0219ini de t\u0103iat carne Fabricarea tabletelor Sisteme de transport industrial Linii de \u00eembuteliere Distribuitoare \u0218i multe altele... Oferim solu\u021bii inovatoare \u0219i personalizate pentru a optimiza procesele de produc\u021bie ale companiei dumneavoastr\u0103.","email":"Admistracion@distribucionarc.com","telephone":"+34 643496664","legalName":"ARC TECH SOLUTIONS","foundingDate":"2024-04-09","vatID":"B55480172","numberOfEmployees":{"@type":"QuantitativeValue","minValue":"1","maxValue":"10"}}]}},"_links":{"self":[{"href":"https:\/\/distribucionarc.com\/ro\/wp-json\/wp\/v2\/product\/4099","targetHints":{"allow":["GET"]}}],"collection":[{"href":"https:\/\/distribucionarc.com\/ro\/wp-json\/wp\/v2\/product"}],"about":[{"href":"https:\/\/distribucionarc.com\/ro\/wp-json\/wp\/v2\/types\/product"}],"replies":[{"embeddable":true,"href":"https:\/\/distribucionarc.com\/ro\/wp-json\/wp\/v2\/comments?post=4099"}],"version-history":[{"count":0,"href":"https:\/\/distribucionarc.com\/ro\/wp-json\/wp\/v2\/product\/4099\/revisions"}],"wp:featuredmedia":[{"embeddable":true,"href":"https:\/\/distribucionarc.com\/ro\/wp-json\/wp\/v2\/media\/4106"}],"wp:attachment":[{"href":"https:\/\/distribucionarc.com\/ro\/wp-json\/wp\/v2\/media?parent=4099"}],"wp:term":[{"taxonomy":"product_brand","embeddable":true,"href":"https:\/\/distribucionarc.com\/ro\/wp-json\/wp\/v2\/product_brand?post=4099"},{"taxonomy":"product_cat","embeddable":true,"href":"https:\/\/distribucionarc.com\/ro\/wp-json\/wp\/v2\/product_cat?post=4099"},{"taxonomy":"product_tag","embeddable":true,"href":"https:\/\/distribucionarc.com\/ro\/wp-json\/wp\/v2\/product_tag?post=4099"}],"curies":[{"name":"wp","href":"https:\/\/api.w.org\/{rel}","templated":true}]}}