{"id":425,"date":"2020-04-18T16:38:10","date_gmt":"2020-04-18T16:38:10","guid":{"rendered":"https:\/\/distribucionarc.com\/?post_type=product&#038;p=425"},"modified":"2023-04-02T10:06:45","modified_gmt":"2023-04-02T10:06:45","slug":"dozator-semiautomat-pneumatic-de-umplere-adeziv","status":"publish","type":"product","link":"https:\/\/distribucionarc.com\/ro\/producto\/dosificadora-de-adesivos-llenadora-neumatica-semiautomatica\/","title":{"rendered":"Dozator de adeziv Umplere pneumatic\u0103 sau semi-automat\u0103"},"content":{"rendered":"<h3>Dozator de clei lichid Umplere pneumatic\u0103 \u0219i semi-automat\u0103<\/h3>\n<p>&nbsp;<\/p>\n<p>Ma\u0219in\u0103 pentru a distribui lipici manual sau automat cu un cronometru, are pedal\u0103, cu aceast\u0103 ma\u0219in\u0103 pute\u021bi avea rezultate mai precise, finisaje mai bune la piesele dvs. \u0219i o cre\u0219tere a produc\u021biei, durata de via\u021b\u0103 util\u0103 a acestei ma\u0219ini este de p\u00e2n\u0103 la ? ani are sistem anti-picurare. Proiectat pentru o gam\u0103 larg\u0103 de aplica\u021bii, cum ar fi EFD, I&amp;J Fisnar.<\/p>\n<p>Complet cu un kit de distribuire accesorii.<\/p>\n<p>Timp de dozare \u00een modul timer 0,01-99,99 secunde.<\/p>\n<p>Timp de ciclu al modului temporizator 0,1-9,9 secunde.<\/p>\n<p>Modul manual, materialele pot fi distribuite continuu p\u00e2n\u0103 c\u00e2nd operatorul elibereaz\u0103 pedala.<\/p>\n<p>Acest <strong>dozator de adeziv<\/strong> trebuie conectat la compresorul de aer (1,5 CP sau mai mare).<\/p>\n<p>El <strong>dozator de adeziv<\/strong>\u00a0<b>Profesional,<\/b>\u00a0Precise adopt\u0103 cel mai recent sistem de control digital,<\/p>\n<p>1. Tip de distribuire: Liber pentru a seta 16 tipuri de forme, cu afi\u0219are a timpului de distribuire<\/p>\n<p>2. Temporizator de dozare automat\u0103: 00.01S-99.99S<\/p>\n<p>3. Timpul de distribuire manual\u0103: Poate distribui stratul de acoperire sau \u00een linie continu\u0103<\/p>\n<p>4. Doza minima de adeziv: 0,0001 ml<\/p>\n<p>5. Interval de timp de dozare: 0,1-9,9 S (func\u021bie de sincronizare automat\u0103)<\/p>\n<p>6. Tensiune de intrare: 220V -10% 50 Hz \/ 110V -10% 60 Hz (220V pentru Europa; 110V pentru America, etc.)<\/p>\n<p>7. Tensiune intern\u0103: 12V DC \/ 24V DC<\/p>\n<p>8. Presiunea aerului de intrare: 10-100pSi<\/p>\n<p>9. Presiunea aerului de ie\u0219ire: 1-80pSi<\/p>\n<p>10. Dimensiune total\u0103: 235*225*63mm<\/p>\n<p>11. Greutate neta: 2,2 Kg<\/p>\n<p>1. Comutator de alimentare: lumina de amplasare arat\u0103 \u201ePornit\u201d, lumina de oprire arat\u0103 \u201eOprit\u201d<\/p>\n<p>2. Afi\u0219are timp de distribuire: Setarea timpului pe ecran<\/p>\n<p>3. Regulator de presiune a aerului de admisie: Trage\u021bi mai \u00eent\u00e2i, inversarea este o presiune mai mic\u0103, aerisirea este o presiune mai mare<\/p>\n<p>4. Barometru: interval de afi\u0219are: 0-100pSi<\/p>\n<p>5. Unitate de control a vidului: inversarea este pompa de vid mare, viteza este pompa de vid sc\u0103zut<\/p>\n<p>6. Buton de testare: \u00cen timpul test\u0103rii, pute\u021bi \u00eenlocui comutatorul cu picior<\/p>\n<p>7. Butonul codului de apelare a timpului de distribuire: Afi\u0219eaz\u0103 timpul de setare, adopt\u0103 forma de adunare \u0219i sc\u0103dere 00.01S-99.99S<\/p>\n<p>8. Butonul codului de setare a intervalului de timp: Afi\u0219eaz\u0103 timpul de setare, adopt\u0103 modul de ad\u0103ugare \u0219i sc\u0103dere 0.1S-9.9S<\/p>\n<p>9. Interfa\u021b\u0103 de ie\u0219ire de dozare: Conecta\u021bi la cilindrul acului de dozare.<\/p>\n<p>10. Interfa\u021b\u0103 de intrare a presiunii aerului: Conecta\u021bi la sursa de \u00eenalt\u0103 presiune curat\u0103 (compresor)<\/p>\n<p>11. Mod de distribuire: 16 tipuri de gratuit<\/p>\n<p>12. Interfa\u021b\u0103 pentru pedal\u0103: Conecta\u021bi la comutatorul cu pedal\u0103<\/p>\n<p>13. Muf\u0103 de intrare de alimentare<\/p>\n<p>14. Suport pusca<\/p>\n<p><strong>CON\u0162INUT:<\/strong><\/p>\n<p>1 <strong>ma\u0219in\u0103 de distribuire a adeziv<\/strong><\/p>\n<p>1 comutator cu picior<\/p>\n<p>1 comutator manual<\/p>\n<p>1 Suport dozator<\/p>\n<p>2 seringi de lichid de 30 cc<\/p>\n<p>1 tub de aer la sering\u0103<\/p>\n<p>1 Tub de aer la sursa de aer<\/p>\n<p>1 set de ace din o\u021bel \u0219i plastic<\/p>\n<p>1 cablu de alimentare<\/p>\n<p><strong>\u00cen acest videoclip pute\u021bi vedea cum func\u021bioneaz\u0103 ma\u0219ina<\/strong><\/p>\n<p><iframe loading=\"lazy\" src=\"https:\/\/www.youtube.com\/embed\/XuHbrKqcgD8\" width=\"560\" height=\"315\" frameborder=\"0\" allowfullscreen=\"allowfullscreen\"><\/iframe><\/p>","protected":false},"excerpt":{"rendered":"<p>Ma\u0219ina de dozare a adeziv este utilizat\u0103 \u00een diferite domenii ale industriilor, electronic\u0103, avia\u021bie, optic\u0103, chimie, automobile, tratament medical, petrol, ambalaje,<\/p>\n<p>Industria de bijuterii \u0219i ma\u0219ini.<\/p>\n<p>Ma\u0219inile noastre trec un control de calitate exigent, astfel garant\u0103m 2\ufe0f\u20e3 ani de garan\u021bie \u0219i suport tehnic \u00een caz de defec\u021biune<\/p>","protected":false},"featured_media":426,"comment_status":"open","ping_status":"closed","template":"","meta":{"wds_primary_product_brand":0,"wds_primary_product_cat":0},"product_brand":[],"product_cat":[18,19,20],"product_tag":[],"class_list":{"0":"post-425","1":"product","2":"type-product","3":"status-publish","4":"has-post-thumbnail","6":"product_cat-dosificadoras","7":"product_cat-dosificadoras-de-liquidos","8":"product_cat-dosificadoras-de-pastosos","10":"first","11":"instock","12":"taxable","13":"shipping-taxable","14":"purchasable","15":"product-type-simple"},"yoast_head":"<!-- This site is optimized with the Yoast SEO Premium plugin v24.9 (Yoast SEO v26.1) - https:\/\/yoast.com\/wordpress\/plugins\/seo\/ -->\n<title>Dosificadora de adhesivo Llenadora Neum\u00e1tica o Semiautom\u00e1tica - distribuci\u00f3n ARC<\/title>\n<meta name=\"robots\" content=\"index, follow, max-snippet:-1, max-image-preview:large, max-video-preview:-1\" \/>\n<link rel=\"canonical\" href=\"https:\/\/distribucionarc.com\/ro\/produs\/dozator-semiautomat-pneumatic-de-umplere-adeziv\/\" \/>\n<meta property=\"og:locale\" content=\"ro_RO\" \/>\n<meta property=\"og:type\" content=\"article\" \/>\n<meta property=\"og:title\" content=\"Dosificadora de adhesivo Llenadora Neum\u00e1tica o Semiautom\u00e1tica\" \/>\n<meta property=\"og:description\" content=\"M\u00e1quina dosificadora de adhesivo se utilizada en diferentes campos de la industrias, electr\u00f3nica, aviaci\u00f3n, \u00f3ptica, qu\u00edmica, autom\u00f3vil, tratamiento m\u00e9dico, petr\u00f3leo, embalaje,  Industria de joyer\u00eda y maquinaria.  Nuestras m\u00e1quinas pasan un exigente control de calidad de esta forma garantizamos 2\ufe0f\u20e3 a\u00f1os de garant\u00eda y soporte t\u00e9cnico en caso de aver\u00eda\" \/>\n<meta property=\"og:url\" content=\"https:\/\/distribucionarc.com\/ro\/produs\/dozator-semiautomat-pneumatic-de-umplere-adeziv\/\" \/>\n<meta property=\"og:site_name\" content=\"distribuci\u00f3n ARC\" \/>\n<meta property=\"article:modified_time\" content=\"2023-04-02T10:06:45+00:00\" \/>\n<meta property=\"og:image\" content=\"https:\/\/distribucionarc.com\/wp-content\/uploads\/2020\/04\/dosificadora_de_adesivos_llenadora_neumatica_0.jpg\" \/>\n\t<meta property=\"og:image:width\" content=\"800\" \/>\n\t<meta property=\"og:image:height\" content=\"800\" \/>\n\t<meta property=\"og:image:type\" content=\"image\/jpeg\" \/>\n<meta name=\"twitter:card\" content=\"summary_large_image\" \/>\n<meta name=\"twitter:label1\" content=\"Timp estimat pentru citire\" \/>\n\t<meta name=\"twitter:data1\" content=\"3 minute\" \/>\n<script type=\"application\/ld+json\" class=\"yoast-schema-graph\">{\"@context\":\"https:\/\/schema.org\",\"@graph\":[{\"@type\":\"WebPage\",\"@id\":\"https:\/\/distribucionarc.com\/tr\/producto\/dosificadora-de-adesivos-llenadora-neumatica-semiautomatica\/\",\"url\":\"https:\/\/distribucionarc.com\/tr\/producto\/dosificadora-de-adesivos-llenadora-neumatica-semiautomatica\/\",\"name\":\"Dosificadora de adhesivo Llenadora Neum\u00e1tica o Semiautom\u00e1tica - distribuci\u00f3n ARC\",\"isPartOf\":{\"@id\":\"https:\/\/www.distribucionarc.com\/de\/#website\"},\"primaryImageOfPage\":{\"@id\":\"https:\/\/distribucionarc.com\/tr\/producto\/dosificadora-de-adesivos-llenadora-neumatica-semiautomatica\/#primaryimage\"},\"image\":{\"@id\":\"https:\/\/distribucionarc.com\/tr\/producto\/dosificadora-de-adesivos-llenadora-neumatica-semiautomatica\/#primaryimage\"},\"thumbnailUrl\":\"https:\/\/distribucionarc.com\/wp-content\/uploads\/2020\/04\/dosificadora_de_adesivos_llenadora_neumatica_0.jpg\",\"datePublished\":\"2020-04-18T16:38:10+00:00\",\"dateModified\":\"2023-04-02T10:06:45+00:00\",\"breadcrumb\":{\"@id\":\"https:\/\/distribucionarc.com\/tr\/producto\/dosificadora-de-adesivos-llenadora-neumatica-semiautomatica\/#breadcrumb\"},\"inLanguage\":\"ro-RO\",\"potentialAction\":[{\"@type\":\"ReadAction\",\"target\":[\"https:\/\/distribucionarc.com\/tr\/producto\/dosificadora-de-adesivos-llenadora-neumatica-semiautomatica\/\"]}]},{\"@type\":\"ImageObject\",\"inLanguage\":\"ro-RO\",\"@id\":\"https:\/\/distribucionarc.com\/tr\/producto\/dosificadora-de-adesivos-llenadora-neumatica-semiautomatica\/#primaryimage\",\"url\":\"https:\/\/distribucionarc.com\/wp-content\/uploads\/2020\/04\/dosificadora_de_adesivos_llenadora_neumatica_0.jpg\",\"contentUrl\":\"https:\/\/distribucionarc.com\/wp-content\/uploads\/2020\/04\/dosificadora_de_adesivos_llenadora_neumatica_0.jpg\",\"width\":800,\"height\":800},{\"@type\":\"BreadcrumbList\",\"@id\":\"https:\/\/distribucionarc.com\/tr\/producto\/dosificadora-de-adesivos-llenadora-neumatica-semiautomatica\/#breadcrumb\",\"itemListElement\":[{\"@type\":\"ListItem\",\"position\":1,\"name\":\"Portada\",\"item\":\"https:\/\/www.distribucionarc.com\/en\/\"},{\"@type\":\"ListItem\",\"position\":2,\"name\":\"Products\",\"item\":\"https:\/\/www.distribucionarc.com\/en\/shop\/\"},{\"@type\":\"ListItem\",\"position\":3,\"name\":\"Dosificadora de adhesivo Llenadora Neum\u00e1tica o Semiautom\u00e1tica\"}]},{\"@type\":\"WebSite\",\"@id\":\"https:\/\/www.distribucionarc.com\/de\/#website\",\"url\":\"https:\/\/www.distribucionarc.com\/de\/\",\"name\":\"distribuci\u00f3n ARC\",\"description\":\"Empresa especializada en la fabricaci\u00f3n y distribuci\u00f3n de maquinaria industrial, selladoras de latas, Maquinas de hacer pastillas, Maquinas de cortar carne...\",\"publisher\":{\"@id\":\"https:\/\/www.distribucionarc.com\/de\/#organization\"},\"potentialAction\":[{\"@type\":\"SearchAction\",\"target\":{\"@type\":\"EntryPoint\",\"urlTemplate\":\"https:\/\/www.distribucionarc.com\/de\/?s={search_term_string}\"},\"query-input\":{\"@type\":\"PropertyValueSpecification\",\"valueRequired\":true,\"valueName\":\"search_term_string\"}}],\"inLanguage\":\"ro-RO\"},{\"@type\":\"Organization\",\"@id\":\"https:\/\/www.distribucionarc.com\/de\/#organization\",\"name\":\"Distribuci\u00f3n ARC\",\"url\":\"https:\/\/www.distribucionarc.com\/de\/\",\"logo\":{\"@type\":\"ImageObject\",\"inLanguage\":\"ro-RO\",\"@id\":\"https:\/\/www.distribucionarc.com\/de\/#\/schema\/logo\/image\/\",\"url\":\"https:\/\/distribucionarc.com\/wp-content\/uploads\/2024\/10\/distribucion-ARC-COLOR-SIN-FONDO-e1732295305345.png\",\"contentUrl\":\"https:\/\/distribucionarc.com\/wp-content\/uploads\/2024\/10\/distribucion-ARC-COLOR-SIN-FONDO-e1732295305345.png\",\"width\":1164,\"height\":558,\"caption\":\"Distribuci\u00f3n ARC\"},\"image\":{\"@id\":\"https:\/\/www.distribucionarc.com\/de\/#\/schema\/logo\/image\/\"},\"description\":\"Empresa especializada en la fabricaci\u00f3n y distribuci\u00f3n de maquinaria industrial para los sectores alimentario y farmac\u00e9utico. Nos especializamos en: M\u00e1quinas de cortar carne Fabricaci\u00f3n de comprimidos Sistemas de transporte industrial L\u00edneas de embotellado Dosificadores Y mucho m\u00e1s... Ofrecemos soluciones innovadoras y personalizadas para optimizar los procesos productivos de tu empresa.\",\"email\":\"Admistracion@distribucionarc.com\",\"telephone\":\"+34 643496664\",\"legalName\":\"ARC TECH SOLUTIONS\",\"foundingDate\":\"2024-04-09\",\"vatID\":\"B55480172\",\"numberOfEmployees\":{\"@type\":\"QuantitativeValue\",\"minValue\":\"1\",\"maxValue\":\"10\"}}]}<\/script>\n<!-- \/ Yoast SEO Premium plugin. -->","yoast_head_json":{"title":"Dozator de adeziv Filler pneumatic sau semi-automat - distributie ARC","robots":{"index":"index","follow":"follow","max-snippet":"max-snippet:-1","max-image-preview":"max-image-preview:large","max-video-preview":"max-video-preview:-1"},"canonical":"https:\/\/distribucionarc.com\/ro\/produs\/dozator-semiautomat-pneumatic-de-umplere-adeziv\/","og_locale":"ro_RO","og_type":"article","og_title":"Dosificadora de adhesivo Llenadora Neum\u00e1tica o Semiautom\u00e1tica","og_description":"M\u00e1quina dosificadora de adhesivo se utilizada en diferentes campos de la industrias, electr\u00f3nica, aviaci\u00f3n, \u00f3ptica, qu\u00edmica, autom\u00f3vil, tratamiento m\u00e9dico, petr\u00f3leo, embalaje,  Industria de joyer\u00eda y maquinaria.  Nuestras m\u00e1quinas pasan un exigente control de calidad de esta forma garantizamos 2\ufe0f\u20e3 a\u00f1os de garant\u00eda y soporte t\u00e9cnico en caso de aver\u00eda","og_url":"https:\/\/distribucionarc.com\/ro\/produs\/dozator-semiautomat-pneumatic-de-umplere-adeziv\/","og_site_name":"distribuci\u00f3n ARC","article_modified_time":"2023-04-02T10:06:45+00:00","og_image":[{"width":800,"height":800,"url":"https:\/\/distribucionarc.com\/wp-content\/uploads\/2020\/04\/dosificadora_de_adesivos_llenadora_neumatica_0.jpg","type":"image\/jpeg"}],"twitter_card":"summary_large_image","twitter_misc":{"Timp estimat pentru citire":"3 minute"},"schema":{"@context":"https:\/\/schema.org","@graph":[{"@type":"WebPage","@id":"https:\/\/distribucionarc.com\/tr\/producto\/dosificadora-de-adesivos-llenadora-neumatica-semiautomatica\/","url":"https:\/\/distribucionarc.com\/tr\/producto\/dosificadora-de-adesivos-llenadora-neumatica-semiautomatica\/","name":"Dozator de adeziv Filler pneumatic sau semi-automat - distributie ARC","isPartOf":{"@id":"https:\/\/www.distribucionarc.com\/de\/#website"},"primaryImageOfPage":{"@id":"https:\/\/distribucionarc.com\/tr\/producto\/dosificadora-de-adesivos-llenadora-neumatica-semiautomatica\/#primaryimage"},"image":{"@id":"https:\/\/distribucionarc.com\/tr\/producto\/dosificadora-de-adesivos-llenadora-neumatica-semiautomatica\/#primaryimage"},"thumbnailUrl":"https:\/\/distribucionarc.com\/wp-content\/uploads\/2020\/04\/dosificadora_de_adesivos_llenadora_neumatica_0.jpg","datePublished":"2020-04-18T16:38:10+00:00","dateModified":"2023-04-02T10:06:45+00:00","breadcrumb":{"@id":"https:\/\/distribucionarc.com\/tr\/producto\/dosificadora-de-adesivos-llenadora-neumatica-semiautomatica\/#breadcrumb"},"inLanguage":"ro-RO","potentialAction":[{"@type":"ReadAction","target":["https:\/\/distribucionarc.com\/tr\/producto\/dosificadora-de-adesivos-llenadora-neumatica-semiautomatica\/"]}]},{"@type":"ImageObject","inLanguage":"ro-RO","@id":"https:\/\/distribucionarc.com\/tr\/producto\/dosificadora-de-adesivos-llenadora-neumatica-semiautomatica\/#primaryimage","url":"https:\/\/distribucionarc.com\/wp-content\/uploads\/2020\/04\/dosificadora_de_adesivos_llenadora_neumatica_0.jpg","contentUrl":"https:\/\/distribucionarc.com\/wp-content\/uploads\/2020\/04\/dosificadora_de_adesivos_llenadora_neumatica_0.jpg","width":800,"height":800},{"@type":"BreadcrumbList","@id":"https:\/\/distribucionarc.com\/tr\/producto\/dosificadora-de-adesivos-llenadora-neumatica-semiautomatica\/#breadcrumb","itemListElement":[{"@type":"ListItem","position":1,"name":"Portada","item":"https:\/\/www.distribucionarc.com\/en\/"},{"@type":"ListItem","position":2,"name":"Products","item":"https:\/\/www.distribucionarc.com\/en\/shop\/"},{"@type":"ListItem","position":3,"name":"Dosificadora de adhesivo Llenadora Neum\u00e1tica o Semiautom\u00e1tica"}]},{"@type":"WebSite","@id":"https:\/\/www.distribucionarc.com\/de\/#website","url":"https:\/\/www.distribucionarc.com\/de\/","name":"Distribu\u021bie ARC","description":"Companie specializat\u0103 \u00een fabricarea \u0219i distribu\u021bia de utilaje industriale, ma\u0219ini de sigilat cutii, ma\u0219ini de fabricat tablete, ma\u0219ini de t\u0103iat carne...","publisher":{"@id":"https:\/\/www.distribucionarc.com\/de\/#organization"},"potentialAction":[{"@type":"SearchAction","target":{"@type":"EntryPoint","urlTemplate":"https:\/\/www.distribucionarc.com\/de\/?s={search_term_string}"},"query-input":{"@type":"PropertyValueSpecification","valueRequired":true,"valueName":"search_term_string"}}],"inLanguage":"ro-RO"},{"@type":"Organization","@id":"https:\/\/www.distribucionarc.com\/de\/#organization","name":"Distribu\u021bie ARC","url":"https:\/\/www.distribucionarc.com\/de\/","logo":{"@type":"ImageObject","inLanguage":"ro-RO","@id":"https:\/\/www.distribucionarc.com\/de\/#\/schema\/logo\/image\/","url":"https:\/\/distribucionarc.com\/wp-content\/uploads\/2024\/10\/distribucion-ARC-COLOR-SIN-FONDO-e1732295305345.png","contentUrl":"https:\/\/distribucionarc.com\/wp-content\/uploads\/2024\/10\/distribucion-ARC-COLOR-SIN-FONDO-e1732295305345.png","width":1164,"height":558,"caption":"Distribuci\u00f3n ARC"},"image":{"@id":"https:\/\/www.distribucionarc.com\/de\/#\/schema\/logo\/image\/"},"description":"Companie specializat\u0103 \u00een fabricarea \u0219i distribu\u021bia de utilaje industriale pentru sectoarele alimentar \u0219i farmaceutic. Suntem specializa\u021bi \u00een: Ma\u0219ini de t\u0103iat carne Fabricarea tabletelor Sisteme de transport industrial Linii de \u00eembuteliere Distribuitoare \u0218i multe altele... Oferim solu\u021bii inovatoare \u0219i personalizate pentru a optimiza procesele de produc\u021bie ale companiei dumneavoastr\u0103.","email":"Admistracion@distribucionarc.com","telephone":"+34 643496664","legalName":"ARC TECH SOLUTIONS","foundingDate":"2024-04-09","vatID":"B55480172","numberOfEmployees":{"@type":"QuantitativeValue","minValue":"1","maxValue":"10"}}]}},"_links":{"self":[{"href":"https:\/\/distribucionarc.com\/ro\/wp-json\/wp\/v2\/product\/425","targetHints":{"allow":["GET"]}}],"collection":[{"href":"https:\/\/distribucionarc.com\/ro\/wp-json\/wp\/v2\/product"}],"about":[{"href":"https:\/\/distribucionarc.com\/ro\/wp-json\/wp\/v2\/types\/product"}],"replies":[{"embeddable":true,"href":"https:\/\/distribucionarc.com\/ro\/wp-json\/wp\/v2\/comments?post=425"}],"version-history":[{"count":0,"href":"https:\/\/distribucionarc.com\/ro\/wp-json\/wp\/v2\/product\/425\/revisions"}],"wp:featuredmedia":[{"embeddable":true,"href":"https:\/\/distribucionarc.com\/ro\/wp-json\/wp\/v2\/media\/426"}],"wp:attachment":[{"href":"https:\/\/distribucionarc.com\/ro\/wp-json\/wp\/v2\/media?parent=425"}],"wp:term":[{"taxonomy":"product_brand","embeddable":true,"href":"https:\/\/distribucionarc.com\/ro\/wp-json\/wp\/v2\/product_brand?post=425"},{"taxonomy":"product_cat","embeddable":true,"href":"https:\/\/distribucionarc.com\/ro\/wp-json\/wp\/v2\/product_cat?post=425"},{"taxonomy":"product_tag","embeddable":true,"href":"https:\/\/distribucionarc.com\/ro\/wp-json\/wp\/v2\/product_tag?post=425"}],"curies":[{"name":"wp","href":"https:\/\/api.w.org\/{rel}","templated":true}]}}