{"id":4260,"date":"2021-01-27T09:18:15","date_gmt":"2021-01-27T09:18:15","guid":{"rendered":"https:\/\/distribucionarc.com\/?post_type=product&#038;p=4260"},"modified":"2023-02-24T11:02:56","modified_gmt":"2023-02-24T11:02:56","slug":"umplutura-dozator-cu-sigilare-automatica-pentru-pliculete","status":"publish","type":"product","link":"https:\/\/distribucionarc.com\/ro\/producto\/llenadora-dosificador-con-sellado-automatico-para-sobres\/","title":{"rendered":"Umplere, dozator cu sigilare automat\u0103 pentru plicuri"},"content":{"rendered":"<h3>Umplere, dozator cu sigilare automat\u0103 pentru plicuri<\/h3>\n<p>The <strong>umplere automat\u0103 cu etan\u0219are pentru lichide <span style=\"color: #ff0000;\">LA<\/span><span style=\"color: #0000ff;\">R<\/span>c<\/strong> \u00cencorporeaz\u0103 tot ceea ce este necesar pentru realizarea unui proces \u00een lan\u021b de dozare, sigilare \u0219i t\u0103iere a plicurilor de la 3 la 100g. Acest <strong>ma\u0219in\u0103 de ambalat plicule\u021be<\/strong> \u00eencorporeaz\u0103: o pomp\u0103 specializat\u0103 cu autoamorsare pentru a asigura igiena \u0219i calitatea produsului dumneavoastr\u0103. Agita\u021bie pentru a evita buzunarele de aer \u00een produs, umplerea, etan\u0219area \u0219i t\u0103ierea automat\u0103 care v\u0103 permit s\u0103 lucra\u021bi f\u0103r\u0103 efort.<\/p>\n<p>Acest<strong> dozator de etan\u0219are <span style=\"color: #ff0000;\">LA<\/span><span style=\"color: #0000ff;\">R<\/span>CDS3-100<\/strong> Este realizat din material rezistent din o\u021bel inoxidabil. Toate materialele care intr\u0103 \u00een contact cu produsul sunt anticorozive \u0219i rezistente la oxidare, pe l\u00e2ng\u0103 faptul c\u0103 sunt normative pentru ambalarea \u00een industria farmaceutic\u0103, alimentar\u0103, chimic\u0103 etc. Datorit\u0103 materialelor din aceasta <strong>presa de balotat plic milimetric<\/strong> Ele fac extrem de u\u0219or de cur\u0103\u021bat \u0219i \u00eentre\u021binut pentru dozarea diferitelor produse.<\/p>\n<p>\u00cen compara\u021bie cu al\u021bii, al nostru <strong>umplutur\u0103 de etan\u0219are <span style=\"color: #ff0000;\">LA<\/span><span style=\"color: #0000ff;\">R<\/span>CDS3-100<\/strong> Are sertizare electrica, capabila sa sigileze mai multe pungi de diferite tipuri de inchidere cu intervale de umplere de 3-100g, pe langa faptul ca poate sigila cu o viteza mai mare de 20-40 saci\/min. Tehnologia avansat\u0103 de control al microcomputerelor importate este aplicat\u0103 \u00een acest sens <strong>ma\u0219in\u0103 de ambalat sigilat<\/strong> s\u0103 se separe \u0219i s\u0103 \u00eempacheteze corect \u0219i automat. Pute\u021bi controla \u00eentregul proces prin intermediul panoului de control al dozatorului \u00eenchis termic pentru a modifica viteza, intervalul de umplere \u0219i tipul de \u00eenchidere.<\/p>\n<ul>\n<li>Gama plic: 1-200g<\/li>\n<li>Viteza de ambalare: 20-40 saci\/min<\/li>\n<li>L\u0103\u021bimea filmului: 12,5 cm<\/li>\n<li>Lungime geanta: 0-15 cm (reglabila)<\/li>\n<\/ul>\n<h6><strong>garan\u021bie\u00a0<span style=\"color: #ff0000;\">LA<\/span><span style=\"color: #0000ff;\">R<\/span>C 2 ANI<\/strong><\/h6>\n<h6><span style=\"color: #008000;\">Umplere liniar\u0103 eficient\u0103 a plicurilor, consum redus 300W<\/span><\/h6>\n<h6><strong>suport tehnic inclus<\/strong><\/h6>\n<p>&nbsp;<\/p>\n<table role=\"presentation\" width=\"100%\" cellspacing=\"0\" cellpadding=\"0\">\n<tbody>\n<tr>\n<td class=\"attrLabels\">Marca:<\/td>\n<td width=\"50.0%\">ARC<\/td>\n<\/tr>\n<tr>\n<td class=\"attrLabels\">Garantie:<\/td>\n<td width=\"50.0%\">2 ani<\/td>\n<td class=\"attrLabels\">Greutate:<\/td>\n<td width=\"50.0%\">36 kg<\/td>\n<\/tr>\n<tr>\n<td class=\"attrLabels\">\u021aara de distribu\u021bie:<\/td>\n<td width=\"50.0%\">Spania, Germania, SUA<\/td>\n<td class=\"attrLabels\">\u00cen\u0103l\u0163ime:<\/td>\n<td width=\"50.0%\">95 cm<\/td>\n<\/tr>\n<tr>\n<td class=\"attrLabels\">Culoare:<\/td>\n<td width=\"50.0%\">Argint<\/td>\n<td class=\"attrLabels\">Lung:<\/td>\n<td width=\"50.0%\">53 cm<\/td>\n<\/tr>\n<tr>\n<td class=\"attrLabels\">Tip produs:<\/td>\n<td width=\"50.0%\">Dozator cu termosigilant<\/td>\n<td class=\"attrLabels\">Larg:<\/td>\n<td width=\"50.0%\">42 cm<\/td>\n<\/tr>\n<tr>\n<td class=\"attrLabels\">Numar producator:<\/td>\n<td width=\"50.0%\">ARCDS3-100<\/td>\n<td class=\"attrLabels\">Interval de umplere:<\/td>\n<td width=\"50.0%\">1 \u2013 200 g<\/td>\n<\/tr>\n<tr>\n<td class=\"attrLabels\">Material:<\/td>\n<td width=\"50.0%\">O\u021bel inoxidabil alimentar 304<\/td>\n<td class=\"attrLabels\">Viteza de umplere:<\/td>\n<td width=\"50.0%\">20 \u2013 40 saci\/min<\/td>\n<\/tr>\n<tr>\n<td class=\"attrLabels\">Operare:<\/td>\n<td width=\"50.0%\">Energetic<\/td>\n<td class=\"attrLabels\">Lungimea sacului:<\/td>\n<td width=\"50.0%\">0-15 cm reglabil<\/td>\n<\/tr>\n<tr>\n<td class=\"attrLabels\">Consum electric:<\/td>\n<td width=\"50.0%\">300W<\/td>\n<td class=\"attrLabels\">Voltaj:<\/td>\n<td width=\"50.0%\">220V 50Hz<\/td>\n<\/tr>\n<\/tbody>\n<\/table>","protected":false},"excerpt":{"rendered":"<h2>Umplere, dozator cu sigilare automat\u0103 pentru plicuri<\/h2>\n<p>Acest <strong>Dozator de plicuri <span style=\"color: #ff0000;\">LA<\/span><span style=\"color: #0000ff;\">R<\/span>c<\/strong> Este potrivit pentru ambalarea milimetric\u0103 a lichidelor sau sosurilor precum ulei, ketchup, dulcea\u021b\u0103, miere, sos pentru salat\u0103, o\u021bet, b\u0103utur\u0103 lactate, lapte condensat, miere.<\/p>\n<p>Acest<strong> umplutur\u0103 cu crem\u0103<\/strong> Faciliteaz\u0103 procesul liniar pentru a v\u0103 cre\u0219te produc\u021bia \u0219i confortul, deoarece adopt\u0103 un sistem de control automat cu microcalculatoare care asigur\u0103 un proces de umplere precis \u0219i de mare vitez\u0103, pe l\u00e2ng\u0103 realizarea unei t\u0103ieturi precise pentru a p\u0103stra procesul \u00een lan\u021b \u0219i proces p\u00e2n\u0103 la <strong>40 de pungi pe minut<\/strong>. Acest <strong>ma\u0219in\u0103 de ambalare automat\u0103 de etan\u0219are <span style=\"color: #ff0000;\">LA<\/span><span style=\"color: #0000ff;\">R<\/span>c<\/strong> Se poate adapta la diferite densit\u0103\u021bi \u0219i produse pentru a facilita umplerea \u0219i etan\u0219area diferitelor sosuri, creme, gemuri, unturi, uleiuri, paste etc.<\/p>\n<h6><strong>garan\u021bie\u00a0<span style=\"color: #ff0000;\">LA<\/span><span style=\"color: #0000ff;\">R<\/span>C 2 ANI<\/strong><\/h6>\n<h6><span style=\"color: #008000;\">Umplere liniar\u0103 eficient\u0103 a plicurilor, consum redus 300W<\/span><\/h6>\n<h6><strong>suport tehnic inclus<\/strong><\/h6>\n<p>&nbsp;<\/p>","protected":false},"featured_media":4262,"comment_status":"open","ping_status":"closed","template":"","meta":{"wds_primary_product_brand":0,"wds_primary_product_cat":0},"product_brand":[],"product_cat":[18,19,20,15,27],"product_tag":[],"class_list":{"0":"post-4260","1":"product","2":"type-product","3":"status-publish","4":"has-post-thumbnail","6":"product_cat-dosificadoras","7":"product_cat-dosificadoras-de-liquidos","8":"product_cat-dosificadoras-de-pastosos","9":"product_cat-llenadoras-y-selladoras-automaticas-flow-pack-sachet","10":"product_cat-selladoras-de-bolsas","11":"product_shipping_class-express","13":"first","14":"instock","15":"sale","16":"taxable","17":"shipping-taxable","18":"purchasable","19":"product-type-simple"},"yoast_head":"<!-- This site is optimized with the Yoast SEO Premium plugin v24.9 (Yoast SEO v26.1) - https:\/\/yoast.com\/wordpress\/plugins\/seo\/ -->\n<title>Llenadora, dosificador con sellado autom\u00e1tico para sobres - distribuci\u00f3n ARC<\/title>\n<meta name=\"robots\" content=\"index, follow, max-snippet:-1, max-image-preview:large, max-video-preview:-1\" \/>\n<link rel=\"canonical\" href=\"https:\/\/distribucionarc.com\/ro\/produs\/umplutura-dozator-cu-sigilare-automatica-pentru-pliculete\/\" \/>\n<meta property=\"og:locale\" content=\"ro_RO\" \/>\n<meta property=\"og:type\" content=\"article\" \/>\n<meta property=\"og:title\" content=\"Llenadora, dosificador con sellado autom\u00e1tico para sobres\" \/>\n<meta property=\"og:description\" content=\"Llenadora, dosificador con sellado autom\u00e1tico para sobres Esta Dosificadora de sobres ARC es adecuada para el envasado milim\u00e9trico de l\u00edquidos o salsas como aceite, k\u00e9tchup, mermelada, miel, aderezo para ensaladas, vinagre, bebida l\u00e1ctea, leche condensada, miel.  Esta llenadora de cremas le facilita el proceso lineal para aumentar su producci\u00f3n y comodidad ya que adopta un sistema de control autom\u00e1tico con microordenadores que le aseguran un proceso de llenado preciso y de alta velocidad, adem\u00e1s, de realizar un corte preciso para conservar el proceso en cadena y procesar hasta 40 bolsas por minuto. Esta envasadora con sellado autom\u00e1tico ARC puede adaptarse a diferentes densidades y productos para facilitar el llenado y sellado de diferentes salsas, cremas, mermeladas, mantequillas, aceites, pastas, etc. Garant\u00eda\u00a0ARC 2 A\u00d1OS Llenadora lineal para sobres eficiente, bajo consumo\u00a0 300W soporte t\u00e9cnico incluido &nbsp;\" \/>\n<meta property=\"og:url\" content=\"https:\/\/distribucionarc.com\/ro\/produs\/umplutura-dozator-cu-sigilare-automatica-pentru-pliculete\/\" \/>\n<meta property=\"og:site_name\" content=\"distribuci\u00f3n ARC\" \/>\n<meta property=\"article:modified_time\" content=\"2023-02-24T11:02:56+00:00\" \/>\n<meta property=\"og:image\" content=\"https:\/\/distribucionarc.com\/wp-content\/uploads\/2021\/01\/Llenadora-dosificador-con-sellado-automatico-para-sobres-0.jpg\" \/>\n\t<meta property=\"og:image:width\" content=\"1600\" \/>\n\t<meta property=\"og:image:height\" content=\"1600\" \/>\n\t<meta property=\"og:image:type\" content=\"image\/jpeg\" \/>\n<meta name=\"twitter:card\" content=\"summary_large_image\" \/>\n<meta name=\"twitter:label1\" content=\"Timp estimat pentru citire\" \/>\n\t<meta name=\"twitter:data1\" content=\"2 minute\" \/>\n<script type=\"application\/ld+json\" class=\"yoast-schema-graph\">{\"@context\":\"https:\/\/schema.org\",\"@graph\":[{\"@type\":\"WebPage\",\"@id\":\"https:\/\/distribucionarc.com\/hr\/producto\/llenadora-dosificador-con-sellado-automatico-para-sobres\/\",\"url\":\"https:\/\/distribucionarc.com\/hr\/producto\/llenadora-dosificador-con-sellado-automatico-para-sobres\/\",\"name\":\"Llenadora, dosificador con sellado autom\u00e1tico para sobres - distribuci\u00f3n ARC\",\"isPartOf\":{\"@id\":\"https:\/\/distribucionarc.com\/de\/#website\"},\"primaryImageOfPage\":{\"@id\":\"https:\/\/distribucionarc.com\/hr\/producto\/llenadora-dosificador-con-sellado-automatico-para-sobres\/#primaryimage\"},\"image\":{\"@id\":\"https:\/\/distribucionarc.com\/hr\/producto\/llenadora-dosificador-con-sellado-automatico-para-sobres\/#primaryimage\"},\"thumbnailUrl\":\"https:\/\/distribucionarc.com\/wp-content\/uploads\/2021\/01\/Llenadora-dosificador-con-sellado-automatico-para-sobres-0.jpg\",\"datePublished\":\"2021-01-27T09:18:15+00:00\",\"dateModified\":\"2023-02-24T11:02:56+00:00\",\"breadcrumb\":{\"@id\":\"https:\/\/distribucionarc.com\/hr\/producto\/llenadora-dosificador-con-sellado-automatico-para-sobres\/#breadcrumb\"},\"inLanguage\":\"ro-RO\",\"potentialAction\":[{\"@type\":\"ReadAction\",\"target\":[\"https:\/\/distribucionarc.com\/hr\/producto\/llenadora-dosificador-con-sellado-automatico-para-sobres\/\"]}]},{\"@type\":\"ImageObject\",\"inLanguage\":\"ro-RO\",\"@id\":\"https:\/\/distribucionarc.com\/hr\/producto\/llenadora-dosificador-con-sellado-automatico-para-sobres\/#primaryimage\",\"url\":\"https:\/\/distribucionarc.com\/wp-content\/uploads\/2021\/01\/Llenadora-dosificador-con-sellado-automatico-para-sobres-0.jpg\",\"contentUrl\":\"https:\/\/distribucionarc.com\/wp-content\/uploads\/2021\/01\/Llenadora-dosificador-con-sellado-automatico-para-sobres-0.jpg\",\"width\":1600,\"height\":1600,\"caption\":\"automatic liquid sealing machine liquid quantitative dispenser automatic liquid quantitative packaging sealing machine 5ml liquid filling machine sauce packing machine liquid filling machine packing sealing machine liquid filling machine automatic\"},{\"@type\":\"BreadcrumbList\",\"@id\":\"https:\/\/distribucionarc.com\/hr\/producto\/llenadora-dosificador-con-sellado-automatico-para-sobres\/#breadcrumb\",\"itemListElement\":[{\"@type\":\"ListItem\",\"position\":1,\"name\":\"Portada\",\"item\":\"https:\/\/distribucionarc.com\/pl\/\"},{\"@type\":\"ListItem\",\"position\":2,\"name\":\"Produkty\",\"item\":\"https:\/\/distribucionarc.com\/pl\/shop\/\"},{\"@type\":\"ListItem\",\"position\":3,\"name\":\"Llenadora, dosificador con sellado autom\u00e1tico para sobres\"}]},{\"@type\":\"WebSite\",\"@id\":\"https:\/\/distribucionarc.com\/de\/#website\",\"url\":\"https:\/\/distribucionarc.com\/de\/\",\"name\":\"distribuci\u00f3n ARC\",\"description\":\"Empresa especializada en la fabricaci\u00f3n y distribuci\u00f3n de maquinaria industrial, selladoras de latas, Maquinas de hacer pastillas, Maquinas de cortar carne...\",\"publisher\":{\"@id\":\"https:\/\/distribucionarc.com\/de\/#organization\"},\"potentialAction\":[{\"@type\":\"SearchAction\",\"target\":{\"@type\":\"EntryPoint\",\"urlTemplate\":\"https:\/\/distribucionarc.com\/de\/?s={search_term_string}\"},\"query-input\":{\"@type\":\"PropertyValueSpecification\",\"valueRequired\":true,\"valueName\":\"search_term_string\"}}],\"inLanguage\":\"ro-RO\"},{\"@type\":\"Organization\",\"@id\":\"https:\/\/distribucionarc.com\/de\/#organization\",\"name\":\"Distribuci\u00f3n ARC\",\"url\":\"https:\/\/distribucionarc.com\/de\/\",\"logo\":{\"@type\":\"ImageObject\",\"inLanguage\":\"ro-RO\",\"@id\":\"https:\/\/distribucionarc.com\/de\/#\/schema\/logo\/image\/\",\"url\":\"https:\/\/distribucionarc.com\/wp-content\/uploads\/2024\/10\/distribucion-ARC-COLOR-SIN-FONDO-e1732295305345.png\",\"contentUrl\":\"https:\/\/distribucionarc.com\/wp-content\/uploads\/2024\/10\/distribucion-ARC-COLOR-SIN-FONDO-e1732295305345.png\",\"width\":1164,\"height\":558,\"caption\":\"Distribuci\u00f3n ARC\"},\"image\":{\"@id\":\"https:\/\/distribucionarc.com\/de\/#\/schema\/logo\/image\/\"},\"description\":\"Empresa especializada en la fabricaci\u00f3n y distribuci\u00f3n de maquinaria industrial para los sectores alimentario y farmac\u00e9utico. Nos especializamos en: M\u00e1quinas de cortar carne Fabricaci\u00f3n de comprimidos Sistemas de transporte industrial L\u00edneas de embotellado Dosificadores Y mucho m\u00e1s... Ofrecemos soluciones innovadoras y personalizadas para optimizar los procesos productivos de tu empresa.\",\"email\":\"Admistracion@distribucionarc.com\",\"telephone\":\"+34 643496664\",\"legalName\":\"ARC TECH SOLUTIONS\",\"foundingDate\":\"2024-04-09\",\"vatID\":\"B55480172\",\"numberOfEmployees\":{\"@type\":\"QuantitativeValue\",\"minValue\":\"1\",\"maxValue\":\"10\"}}]}<\/script>\n<!-- \/ Yoast SEO Premium plugin. -->","yoast_head_json":{"title":"Umplere, dozator cu sigilare automata pentru plicuri - distributie ARC","robots":{"index":"index","follow":"follow","max-snippet":"max-snippet:-1","max-image-preview":"max-image-preview:large","max-video-preview":"max-video-preview:-1"},"canonical":"https:\/\/distribucionarc.com\/ro\/produs\/umplutura-dozator-cu-sigilare-automatica-pentru-pliculete\/","og_locale":"ro_RO","og_type":"article","og_title":"Llenadora, dosificador con sellado autom\u00e1tico para sobres","og_description":"Llenadora, dosificador con sellado autom\u00e1tico para sobres Esta Dosificadora de sobres ARC es adecuada para el envasado milim\u00e9trico de l\u00edquidos o salsas como aceite, k\u00e9tchup, mermelada, miel, aderezo para ensaladas, vinagre, bebida l\u00e1ctea, leche condensada, miel.  Esta llenadora de cremas le facilita el proceso lineal para aumentar su producci\u00f3n y comodidad ya que adopta un sistema de control autom\u00e1tico con microordenadores que le aseguran un proceso de llenado preciso y de alta velocidad, adem\u00e1s, de realizar un corte preciso para conservar el proceso en cadena y procesar hasta 40 bolsas por minuto. Esta envasadora con sellado autom\u00e1tico ARC puede adaptarse a diferentes densidades y productos para facilitar el llenado y sellado de diferentes salsas, cremas, mermeladas, mantequillas, aceites, pastas, etc. Garant\u00eda\u00a0ARC 2 A\u00d1OS Llenadora lineal para sobres eficiente, bajo consumo\u00a0 300W soporte t\u00e9cnico incluido &nbsp;","og_url":"https:\/\/distribucionarc.com\/ro\/produs\/umplutura-dozator-cu-sigilare-automatica-pentru-pliculete\/","og_site_name":"distribuci\u00f3n ARC","article_modified_time":"2023-02-24T11:02:56+00:00","og_image":[{"width":1600,"height":1600,"url":"https:\/\/distribucionarc.com\/wp-content\/uploads\/2021\/01\/Llenadora-dosificador-con-sellado-automatico-para-sobres-0.jpg","type":"image\/jpeg"}],"twitter_card":"summary_large_image","twitter_misc":{"Timp estimat pentru citire":"2 minute"},"schema":{"@context":"https:\/\/schema.org","@graph":[{"@type":"WebPage","@id":"https:\/\/distribucionarc.com\/hr\/producto\/llenadora-dosificador-con-sellado-automatico-para-sobres\/","url":"https:\/\/distribucionarc.com\/hr\/producto\/llenadora-dosificador-con-sellado-automatico-para-sobres\/","name":"Umplere, dozator cu sigilare automata pentru plicuri - distributie ARC","isPartOf":{"@id":"https:\/\/distribucionarc.com\/de\/#website"},"primaryImageOfPage":{"@id":"https:\/\/distribucionarc.com\/hr\/producto\/llenadora-dosificador-con-sellado-automatico-para-sobres\/#primaryimage"},"image":{"@id":"https:\/\/distribucionarc.com\/hr\/producto\/llenadora-dosificador-con-sellado-automatico-para-sobres\/#primaryimage"},"thumbnailUrl":"https:\/\/distribucionarc.com\/wp-content\/uploads\/2021\/01\/Llenadora-dosificador-con-sellado-automatico-para-sobres-0.jpg","datePublished":"2021-01-27T09:18:15+00:00","dateModified":"2023-02-24T11:02:56+00:00","breadcrumb":{"@id":"https:\/\/distribucionarc.com\/hr\/producto\/llenadora-dosificador-con-sellado-automatico-para-sobres\/#breadcrumb"},"inLanguage":"ro-RO","potentialAction":[{"@type":"ReadAction","target":["https:\/\/distribucionarc.com\/hr\/producto\/llenadora-dosificador-con-sellado-automatico-para-sobres\/"]}]},{"@type":"ImageObject","inLanguage":"ro-RO","@id":"https:\/\/distribucionarc.com\/hr\/producto\/llenadora-dosificador-con-sellado-automatico-para-sobres\/#primaryimage","url":"https:\/\/distribucionarc.com\/wp-content\/uploads\/2021\/01\/Llenadora-dosificador-con-sellado-automatico-para-sobres-0.jpg","contentUrl":"https:\/\/distribucionarc.com\/wp-content\/uploads\/2021\/01\/Llenadora-dosificador-con-sellado-automatico-para-sobres-0.jpg","width":1600,"height":1600,"caption":"automatic liquid sealing machine liquid quantitative dispenser automatic liquid quantitative packaging sealing machine 5ml liquid filling machine sauce packing machine liquid filling machine packing sealing machine liquid filling machine automatic"},{"@type":"BreadcrumbList","@id":"https:\/\/distribucionarc.com\/hr\/producto\/llenadora-dosificador-con-sellado-automatico-para-sobres\/#breadcrumb","itemListElement":[{"@type":"ListItem","position":1,"name":"Portada","item":"https:\/\/distribucionarc.com\/pl\/"},{"@type":"ListItem","position":2,"name":"Produkty","item":"https:\/\/distribucionarc.com\/pl\/shop\/"},{"@type":"ListItem","position":3,"name":"Llenadora, dosificador con sellado autom\u00e1tico para sobres"}]},{"@type":"WebSite","@id":"https:\/\/distribucionarc.com\/de\/#website","url":"https:\/\/distribucionarc.com\/de\/","name":"Distribu\u021bie ARC","description":"Companie specializat\u0103 \u00een fabricarea \u0219i distribu\u021bia de utilaje industriale, ma\u0219ini de sigilat cutii, ma\u0219ini de fabricat tablete, ma\u0219ini de t\u0103iat carne...","publisher":{"@id":"https:\/\/distribucionarc.com\/de\/#organization"},"potentialAction":[{"@type":"SearchAction","target":{"@type":"EntryPoint","urlTemplate":"https:\/\/distribucionarc.com\/de\/?s={search_term_string}"},"query-input":{"@type":"PropertyValueSpecification","valueRequired":true,"valueName":"search_term_string"}}],"inLanguage":"ro-RO"},{"@type":"Organization","@id":"https:\/\/distribucionarc.com\/de\/#organization","name":"Distribu\u021bie ARC","url":"https:\/\/distribucionarc.com\/de\/","logo":{"@type":"ImageObject","inLanguage":"ro-RO","@id":"https:\/\/distribucionarc.com\/de\/#\/schema\/logo\/image\/","url":"https:\/\/distribucionarc.com\/wp-content\/uploads\/2024\/10\/distribucion-ARC-COLOR-SIN-FONDO-e1732295305345.png","contentUrl":"https:\/\/distribucionarc.com\/wp-content\/uploads\/2024\/10\/distribucion-ARC-COLOR-SIN-FONDO-e1732295305345.png","width":1164,"height":558,"caption":"Distribuci\u00f3n ARC"},"image":{"@id":"https:\/\/distribucionarc.com\/de\/#\/schema\/logo\/image\/"},"description":"Companie specializat\u0103 \u00een fabricarea \u0219i distribu\u021bia de utilaje industriale pentru sectoarele alimentar \u0219i farmaceutic. Suntem specializa\u021bi \u00een: Ma\u0219ini de t\u0103iat carne Fabricarea tabletelor Sisteme de transport industrial Linii de \u00eembuteliere Distribuitoare \u0218i multe altele... Oferim solu\u021bii inovatoare \u0219i personalizate pentru a optimiza procesele de produc\u021bie ale companiei dumneavoastr\u0103.","email":"Admistracion@distribucionarc.com","telephone":"+34 643496664","legalName":"ARC TECH SOLUTIONS","foundingDate":"2024-04-09","vatID":"B55480172","numberOfEmployees":{"@type":"QuantitativeValue","minValue":"1","maxValue":"10"}}]}},"_links":{"self":[{"href":"https:\/\/distribucionarc.com\/ro\/wp-json\/wp\/v2\/product\/4260","targetHints":{"allow":["GET"]}}],"collection":[{"href":"https:\/\/distribucionarc.com\/ro\/wp-json\/wp\/v2\/product"}],"about":[{"href":"https:\/\/distribucionarc.com\/ro\/wp-json\/wp\/v2\/types\/product"}],"replies":[{"embeddable":true,"href":"https:\/\/distribucionarc.com\/ro\/wp-json\/wp\/v2\/comments?post=4260"}],"version-history":[{"count":0,"href":"https:\/\/distribucionarc.com\/ro\/wp-json\/wp\/v2\/product\/4260\/revisions"}],"wp:featuredmedia":[{"embeddable":true,"href":"https:\/\/distribucionarc.com\/ro\/wp-json\/wp\/v2\/media\/4262"}],"wp:attachment":[{"href":"https:\/\/distribucionarc.com\/ro\/wp-json\/wp\/v2\/media?parent=4260"}],"wp:term":[{"taxonomy":"product_brand","embeddable":true,"href":"https:\/\/distribucionarc.com\/ro\/wp-json\/wp\/v2\/product_brand?post=4260"},{"taxonomy":"product_cat","embeddable":true,"href":"https:\/\/distribucionarc.com\/ro\/wp-json\/wp\/v2\/product_cat?post=4260"},{"taxonomy":"product_tag","embeddable":true,"href":"https:\/\/distribucionarc.com\/ro\/wp-json\/wp\/v2\/product_tag?post=4260"}],"curies":[{"name":"wp","href":"https:\/\/api.w.org\/{rel}","templated":true}]}}