{"id":4288,"date":"2021-01-27T14:37:58","date_gmt":"2021-01-27T14:37:58","guid":{"rendered":"https:\/\/distribucionarc.com\/?post_type=product&#038;p=4288"},"modified":"2023-02-24T13:39:13","modified_gmt":"2023-02-24T13:39:13","slug":"loterie-imprimare-termica","status":"publish","type":"product","link":"https:\/\/distribucionarc.com\/ro\/producto\/loteadora-de-impresion-termica\/","title":{"rendered":"Ma\u0219in\u0103 de imprimare termic\u0103 pentru lot\u00a0"},"content":{"rendered":"<h3>Ma\u0219in\u0103 de imprimare termic\u0103 pentru lot<\/h3>\n<p>Dispunerea tastaturii \u0219i designul acesteia<strong> imprimanta termica batch<\/strong> Sunt u\u0219or de utilizat, operarea simpl\u0103 \u0219i intuitiv\u0103 v\u0103 face procesul mai u\u0219or. The <strong>ma\u0219in\u0103 de imprimat lot <span style=\"color: #ff0000;\">LA<\/span><span style=\"color: #0000ff;\">R<\/span>CLIT100<\/strong> Are un panou de control simplu pe care po\u021bi regla temperatura \u0219i viteza dup\u0103 cum este necesar. Potrivit pentru benzi de temperatur\u0103 joas\u0103, medie \u0219i \u00eenalt\u0103.<\/p>\n<p>Panglica de cerneal\u0103 pentru \u0219tan\u021bare la cald are un motor premium de \u00eenalt\u0103 calitate, care ofer\u0103 o ie\u0219ire stabil\u0103 \u0219i o func\u021bionare fiabil\u0103 pentru a asigura durabilitatea ma\u0219inii. <strong>dozator termic<\/strong>. Capul de imprimare complet din cupru al acestuia <strong>marcator de cod<\/strong> Poate fi dezasamblat, pentru a facilita schimbarea caracterelor \u0219i a codului pentru o munc\u0103 mai convenabil\u0103. Codul de caractere reglabil \u00eembun\u0103t\u0103\u021be\u0219te eficien\u021ba muncii \u0219i efectul de imprimare mai clar.<\/p>\n<p>The <strong>imprimanta termica cu panglica<\/strong> ofer\u0103 dou\u0103 metode de codare: automat\u0103 \u0219i pedal\u0103 pentru utilizare zilnic\u0103 u\u0219oar\u0103. Dac\u0103 nu este utilizat\u0103 codificarea continu\u0103, seta\u021bi comutatorul pe pauz\u0103. Pute\u021bi folosi pedala pentru a imprima codul. Distan\u021ba dintre curele poate fi reglat\u0103 prin piuli\u021b\u0103 pentru a preveni uzura curelelor. \u00centoarce\u021bi banda \u00een sus pentru a reduce decalajul \u0219i \u00eentoarce\u021bi-o \u00een jos pentru a cre\u0219te decalajul. Datorit\u0103 acestui lucru <strong>ma\u0219in\u0103 de imprimat lot<\/strong> Pute\u021bi ajusta locul cel mai potrivit pentru a asigura o imprimare mai bun\u0103.<\/p>\n<p>The<strong> ma\u0219in\u0103 de imprimat cu band\u0103 <span style=\"color: #ff0000;\">LA<\/span><span style=\"color: #0000ff;\">R<\/span>CLIT100<\/strong> Este utilizat pe scar\u0103 larg\u0103 \u00een tip\u0103rirea produselor alimentare, a b\u0103uturilor, farmaceutice, produse acvatice, produse naturale, cosmetice, componente electronice, hardware, chimie \u0219i alte industrii.<\/p>\n<hr \/>\n<ul>\n<li>Tip: Ma\u0219in\u0103 de imprimat cu folie la cald<\/li>\n<li>Mod de codare: semi-automat<\/li>\n<li>Viteza de imprimare: 10 ~ 100 de ori\/min, viteza continuu reglabila<\/li>\n<li>Zona de imprimare: o singur\u0103 linie: max.4 x 35 aprox. 15 PC-uri de acest tip<\/li>\n<li>Linie dubla: max.8 x 35 aprox. 30 buc de tip<\/li>\n<li>Linie tripl\u0103: max.12 x 35 aprox. 45 buc\u0103\u021bi de tipuri<\/li>\n<li>Tip de imprimare: cifre, litere<\/li>\n<li>Panglic\u0103 de \u0219tan\u021bare la cald: l\u0103\u021bime standard 35 mm, lungime 100 mm, diametru bobin\u0103 25,4 mm<\/li>\n<li>Motor reductor: 15W, 220V; Viteza 140 rpm<\/li>\n<li>Temperatura de lucru: 0~200\u00b0C.<\/li>\n<li>Dimensiune produs: 25,3 x 22,09 x 32 cm (lungime x latime x inaltime)<\/li>\n<\/ul>\n<h6><\/h6>\n<h6><strong>garan\u021bie\u00a0<span style=\"color: #ff0000;\">LA<\/span><span style=\"color: #0000ff;\">R<\/span>C 2 ANI<\/strong><\/h6>\n<h6><span style=\"color: #008000;\">Ma\u0219in\u0103 de imprimare eficient\u0103, consum de 175 W<\/span><\/h6>\n<h6><strong>suport tehnic inclus<\/strong><\/h6>\n<p>&nbsp;<\/p>\n<p>&nbsp;<\/p>","protected":false},"excerpt":{"rendered":"<h2>Ma\u0219in\u0103 de imprimare termic\u0103 pentru lot<\/h2>\n<p>Ce mai faci <strong>etichetatoare de imprimare<\/strong> semiautomat <strong><span style=\"color: #ff0000;\">LA<\/span><span style=\"color: #0000ff;\">R<\/span>c<\/strong> v\u0103 va sorta produsele la vitez\u0103 mare, favoriz\u00e2nd procesul liniar, <strong>ma\u0219in\u0103 electric\u0103 de \u0219tan\u021bat<\/strong> folose\u0219te panglic\u0103 de \u0219tan\u021bare la cald \u00een loc de cerneal\u0103 lichid\u0103; ob\u021bin\u00e2ndu-se astfel o imprimare clar\u0103 care este u\u0219or de uscat, cur\u0103\u021bat \u0219i igienic. Acest <strong>matri\u021b\u0103 termic\u0103<\/strong> Func\u021bioneaz\u0103 prin modul specific de schimbare a cuvintelor \u00een mi\u0219care sau de tip\u0103rire a numerelor. The <strong>ma\u0219in\u0103 de imprimat lot <span style=\"color: #ff0000;\">LA<\/span><span style=\"color: #0000ff;\">R<\/span>c<\/strong> Este utilizat pe scar\u0103 larg\u0103 \u00een tip\u0103rirea alimentelor, b\u0103uturilor, medicamentelor, produselor acvatice, produse naturale, cosmetice, componente electronice, hardware, produse chimice \u0219i alte industrii.<\/p>\n<h6><strong>garan\u021bie\u00a0<span style=\"color: #ff0000;\">LA<\/span><span style=\"color: #0000ff;\">R<\/span>C 2 ANI<\/strong><\/h6>\n<h6><span style=\"color: #008000;\">Ma\u0219in\u0103 de imprimare eficient\u0103, consum de 175 W<\/span><\/h6>\n<h6><strong>suport tehnic inclus<\/strong><\/h6>","protected":false},"featured_media":4289,"comment_status":"open","ping_status":"closed","template":"","meta":{"wds_primary_product_brand":0,"wds_primary_product_cat":0},"product_brand":[],"product_cat":[44],"product_tag":[],"class_list":{"0":"post-4288","1":"product","2":"type-product","3":"status-publish","4":"has-post-thumbnail","6":"product_cat-etiquetadoras-de-botellas","8":"first","9":"instock","10":"taxable","11":"shipping-taxable","12":"purchasable","13":"product-type-simple"},"yoast_head":"<!-- This site is optimized with the Yoast SEO Premium plugin v24.9 (Yoast SEO v26.1) - https:\/\/yoast.com\/wordpress\/plugins\/seo\/ -->\n<title>Loteadora de impresi\u00f3n t\u00e9rmica\u00a0 - distribuci\u00f3n ARC<\/title>\n<meta name=\"robots\" content=\"index, follow, max-snippet:-1, max-image-preview:large, max-video-preview:-1\" \/>\n<link rel=\"canonical\" href=\"https:\/\/distribucionarc.com\/ro\/produs\/loterie-imprimare-termica\/\" \/>\n<meta property=\"og:locale\" content=\"ro_RO\" \/>\n<meta property=\"og:type\" content=\"article\" \/>\n<meta property=\"og:title\" content=\"Loteadora de impresi\u00f3n t\u00e9rmica\u00a0\" \/>\n<meta property=\"og:description\" content=\"Loteadora de impresi\u00f3n t\u00e9rmica Como esta etiquetadora de impresi\u00f3n semiautom\u00e1tica ARC realizar\u00e1 el loteado de sus productos a una gran velocidad favoreciendo el proceso lineal, la m\u00e1quina de estampaci\u00f3n el\u00e9ctrica utiliza cinta de estampaci\u00f3n en caliente en lugar de tinta l\u00edquida; logrando as\u00ed una impresi\u00f3n clara y f\u00e1cil de secar, limpiar e higi\u00e9nica. Esta estampadora t\u00e9rmica funciona mediante la forma espec\u00edfica de cambiar palabras en movimiento o n\u00fameros de impresi\u00f3n. La loteadora de impresi\u00f3n ARC es ampliamente utilizada en la impresi\u00f3n de alimentos, bebidas, medicamentos, productos acu\u00e1ticos, productos naturales, cosm\u00e9ticos, componentes electr\u00f3nicos, hardware, productos qu\u00edmicos y otras industrias. Garant\u00eda\u00a0ARC 2 A\u00d1OS Loteadora de impresi\u00f3n eficiente, consumo de 175 W soporte t\u00e9cnico incluido\" \/>\n<meta property=\"og:url\" content=\"https:\/\/distribucionarc.com\/ro\/produs\/loterie-imprimare-termica\/\" \/>\n<meta property=\"og:site_name\" content=\"distribuci\u00f3n ARC\" \/>\n<meta property=\"article:modified_time\" content=\"2023-02-24T13:39:13+00:00\" \/>\n<meta property=\"og:image\" content=\"https:\/\/distribucionarc.com\/wp-content\/uploads\/2021\/01\/Loteadora-de-impresion-termica-0-.jpg\" \/>\n\t<meta property=\"og:image:width\" content=\"1600\" \/>\n\t<meta property=\"og:image:height\" content=\"1600\" \/>\n\t<meta property=\"og:image:type\" content=\"image\/jpeg\" \/>\n<meta name=\"twitter:card\" content=\"summary_large_image\" \/>\n<meta name=\"twitter:label1\" content=\"Timp estimat pentru citire\" \/>\n\t<meta name=\"twitter:data1\" content=\"2 minute\" \/>\n<script type=\"application\/ld+json\" class=\"yoast-schema-graph\">{\"@context\":\"https:\/\/schema.org\",\"@graph\":[{\"@type\":\"WebPage\",\"@id\":\"https:\/\/distribucionarc.com\/pt\/producto\/loteadora-de-impresion-termica\/\",\"url\":\"https:\/\/distribucionarc.com\/pt\/producto\/loteadora-de-impresion-termica\/\",\"name\":\"Loteadora de impresi\u00f3n t\u00e9rmica\u00a0 - distribuci\u00f3n ARC\",\"isPartOf\":{\"@id\":\"https:\/\/distribucionarc.com\/de\/#website\"},\"primaryImageOfPage\":{\"@id\":\"https:\/\/distribucionarc.com\/pt\/producto\/loteadora-de-impresion-termica\/#primaryimage\"},\"image\":{\"@id\":\"https:\/\/distribucionarc.com\/pt\/producto\/loteadora-de-impresion-termica\/#primaryimage\"},\"thumbnailUrl\":\"https:\/\/distribucionarc.com\/wp-content\/uploads\/2021\/01\/Loteadora-de-impresion-termica-0-.jpg\",\"datePublished\":\"2021-01-27T14:37:58+00:00\",\"dateModified\":\"2023-02-24T13:39:13+00:00\",\"breadcrumb\":{\"@id\":\"https:\/\/distribucionarc.com\/pt\/producto\/loteadora-de-impresion-termica\/#breadcrumb\"},\"inLanguage\":\"ro-RO\",\"potentialAction\":[{\"@type\":\"ReadAction\",\"target\":[\"https:\/\/distribucionarc.com\/pt\/producto\/loteadora-de-impresion-termica\/\"]}]},{\"@type\":\"ImageObject\",\"inLanguage\":\"ro-RO\",\"@id\":\"https:\/\/distribucionarc.com\/pt\/producto\/loteadora-de-impresion-termica\/#primaryimage\",\"url\":\"https:\/\/distribucionarc.com\/wp-content\/uploads\/2021\/01\/Loteadora-de-impresion-termica-0-.jpg\",\"contentUrl\":\"https:\/\/distribucionarc.com\/wp-content\/uploads\/2021\/01\/Loteadora-de-impresion-termica-0-.jpg\",\"width\":1600,\"height\":1600,\"caption\":\"Loteadora de impresi\u00f3n t\u00e9rmica\u00a0\"},{\"@type\":\"BreadcrumbList\",\"@id\":\"https:\/\/distribucionarc.com\/pt\/producto\/loteadora-de-impresion-termica\/#breadcrumb\",\"itemListElement\":[{\"@type\":\"ListItem\",\"position\":1,\"name\":\"Portada\",\"item\":\"https:\/\/distribucionarc.com\/pl\/\"},{\"@type\":\"ListItem\",\"position\":2,\"name\":\"Produkty\",\"item\":\"https:\/\/distribucionarc.com\/pl\/shop\/\"},{\"@type\":\"ListItem\",\"position\":3,\"name\":\"Loteadora de impresi\u00f3n t\u00e9rmica\u00a0\"}]},{\"@type\":\"WebSite\",\"@id\":\"https:\/\/distribucionarc.com\/de\/#website\",\"url\":\"https:\/\/distribucionarc.com\/de\/\",\"name\":\"distribuci\u00f3n ARC\",\"description\":\"Empresa especializada en la fabricaci\u00f3n y distribuci\u00f3n de maquinaria industrial, selladoras de latas, Maquinas de hacer pastillas, Maquinas de cortar carne...\",\"publisher\":{\"@id\":\"https:\/\/distribucionarc.com\/de\/#organization\"},\"potentialAction\":[{\"@type\":\"SearchAction\",\"target\":{\"@type\":\"EntryPoint\",\"urlTemplate\":\"https:\/\/distribucionarc.com\/de\/?s={search_term_string}\"},\"query-input\":{\"@type\":\"PropertyValueSpecification\",\"valueRequired\":true,\"valueName\":\"search_term_string\"}}],\"inLanguage\":\"ro-RO\"},{\"@type\":\"Organization\",\"@id\":\"https:\/\/distribucionarc.com\/de\/#organization\",\"name\":\"Distribuci\u00f3n ARC\",\"url\":\"https:\/\/distribucionarc.com\/de\/\",\"logo\":{\"@type\":\"ImageObject\",\"inLanguage\":\"ro-RO\",\"@id\":\"https:\/\/distribucionarc.com\/de\/#\/schema\/logo\/image\/\",\"url\":\"https:\/\/distribucionarc.com\/wp-content\/uploads\/2024\/10\/distribucion-ARC-COLOR-SIN-FONDO-e1732295305345.png\",\"contentUrl\":\"https:\/\/distribucionarc.com\/wp-content\/uploads\/2024\/10\/distribucion-ARC-COLOR-SIN-FONDO-e1732295305345.png\",\"width\":1164,\"height\":558,\"caption\":\"Distribuci\u00f3n ARC\"},\"image\":{\"@id\":\"https:\/\/distribucionarc.com\/de\/#\/schema\/logo\/image\/\"},\"description\":\"Empresa especializada en la fabricaci\u00f3n y distribuci\u00f3n de maquinaria industrial para los sectores alimentario y farmac\u00e9utico. Nos especializamos en: M\u00e1quinas de cortar carne Fabricaci\u00f3n de comprimidos Sistemas de transporte industrial L\u00edneas de embotellado Dosificadores Y mucho m\u00e1s... Ofrecemos soluciones innovadoras y personalizadas para optimizar los procesos productivos de tu empresa.\",\"email\":\"Admistracion@distribucionarc.com\",\"telephone\":\"+34 643496664\",\"legalName\":\"ARC TECH SOLUTIONS\",\"foundingDate\":\"2024-04-09\",\"vatID\":\"B55480172\",\"numberOfEmployees\":{\"@type\":\"QuantitativeValue\",\"minValue\":\"1\",\"maxValue\":\"10\"}}]}<\/script>\n<!-- \/ Yoast SEO Premium plugin. -->","yoast_head_json":{"title":"Dozator imprimare termica - distributie ARC","robots":{"index":"index","follow":"follow","max-snippet":"max-snippet:-1","max-image-preview":"max-image-preview:large","max-video-preview":"max-video-preview:-1"},"canonical":"https:\/\/distribucionarc.com\/ro\/produs\/loterie-imprimare-termica\/","og_locale":"ro_RO","og_type":"article","og_title":"Loteadora de impresi\u00f3n t\u00e9rmica\u00a0","og_description":"Loteadora de impresi\u00f3n t\u00e9rmica Como esta etiquetadora de impresi\u00f3n semiautom\u00e1tica ARC realizar\u00e1 el loteado de sus productos a una gran velocidad favoreciendo el proceso lineal, la m\u00e1quina de estampaci\u00f3n el\u00e9ctrica utiliza cinta de estampaci\u00f3n en caliente en lugar de tinta l\u00edquida; logrando as\u00ed una impresi\u00f3n clara y f\u00e1cil de secar, limpiar e higi\u00e9nica. Esta estampadora t\u00e9rmica funciona mediante la forma espec\u00edfica de cambiar palabras en movimiento o n\u00fameros de impresi\u00f3n. La loteadora de impresi\u00f3n ARC es ampliamente utilizada en la impresi\u00f3n de alimentos, bebidas, medicamentos, productos acu\u00e1ticos, productos naturales, cosm\u00e9ticos, componentes electr\u00f3nicos, hardware, productos qu\u00edmicos y otras industrias. Garant\u00eda\u00a0ARC 2 A\u00d1OS Loteadora de impresi\u00f3n eficiente, consumo de 175 W soporte t\u00e9cnico incluido","og_url":"https:\/\/distribucionarc.com\/ro\/produs\/loterie-imprimare-termica\/","og_site_name":"distribuci\u00f3n ARC","article_modified_time":"2023-02-24T13:39:13+00:00","og_image":[{"width":1600,"height":1600,"url":"https:\/\/distribucionarc.com\/wp-content\/uploads\/2021\/01\/Loteadora-de-impresion-termica-0-.jpg","type":"image\/jpeg"}],"twitter_card":"summary_large_image","twitter_misc":{"Timp estimat pentru citire":"2 minute"},"schema":{"@context":"https:\/\/schema.org","@graph":[{"@type":"WebPage","@id":"https:\/\/distribucionarc.com\/pt\/producto\/loteadora-de-impresion-termica\/","url":"https:\/\/distribucionarc.com\/pt\/producto\/loteadora-de-impresion-termica\/","name":"Dozator imprimare termica - distributie ARC","isPartOf":{"@id":"https:\/\/distribucionarc.com\/de\/#website"},"primaryImageOfPage":{"@id":"https:\/\/distribucionarc.com\/pt\/producto\/loteadora-de-impresion-termica\/#primaryimage"},"image":{"@id":"https:\/\/distribucionarc.com\/pt\/producto\/loteadora-de-impresion-termica\/#primaryimage"},"thumbnailUrl":"https:\/\/distribucionarc.com\/wp-content\/uploads\/2021\/01\/Loteadora-de-impresion-termica-0-.jpg","datePublished":"2021-01-27T14:37:58+00:00","dateModified":"2023-02-24T13:39:13+00:00","breadcrumb":{"@id":"https:\/\/distribucionarc.com\/pt\/producto\/loteadora-de-impresion-termica\/#breadcrumb"},"inLanguage":"ro-RO","potentialAction":[{"@type":"ReadAction","target":["https:\/\/distribucionarc.com\/pt\/producto\/loteadora-de-impresion-termica\/"]}]},{"@type":"ImageObject","inLanguage":"ro-RO","@id":"https:\/\/distribucionarc.com\/pt\/producto\/loteadora-de-impresion-termica\/#primaryimage","url":"https:\/\/distribucionarc.com\/wp-content\/uploads\/2021\/01\/Loteadora-de-impresion-termica-0-.jpg","contentUrl":"https:\/\/distribucionarc.com\/wp-content\/uploads\/2021\/01\/Loteadora-de-impresion-termica-0-.jpg","width":1600,"height":1600,"caption":"Loteadora de impresi\u00f3n t\u00e9rmica\u00a0"},{"@type":"BreadcrumbList","@id":"https:\/\/distribucionarc.com\/pt\/producto\/loteadora-de-impresion-termica\/#breadcrumb","itemListElement":[{"@type":"ListItem","position":1,"name":"Portada","item":"https:\/\/distribucionarc.com\/pl\/"},{"@type":"ListItem","position":2,"name":"Produkty","item":"https:\/\/distribucionarc.com\/pl\/shop\/"},{"@type":"ListItem","position":3,"name":"Loteadora de impresi\u00f3n t\u00e9rmica\u00a0"}]},{"@type":"WebSite","@id":"https:\/\/distribucionarc.com\/de\/#website","url":"https:\/\/distribucionarc.com\/de\/","name":"Distribu\u021bie ARC","description":"Companie specializat\u0103 \u00een fabricarea \u0219i distribu\u021bia de utilaje industriale, ma\u0219ini de sigilat cutii, ma\u0219ini de fabricat tablete, ma\u0219ini de t\u0103iat carne...","publisher":{"@id":"https:\/\/distribucionarc.com\/de\/#organization"},"potentialAction":[{"@type":"SearchAction","target":{"@type":"EntryPoint","urlTemplate":"https:\/\/distribucionarc.com\/de\/?s={search_term_string}"},"query-input":{"@type":"PropertyValueSpecification","valueRequired":true,"valueName":"search_term_string"}}],"inLanguage":"ro-RO"},{"@type":"Organization","@id":"https:\/\/distribucionarc.com\/de\/#organization","name":"Distribu\u021bie ARC","url":"https:\/\/distribucionarc.com\/de\/","logo":{"@type":"ImageObject","inLanguage":"ro-RO","@id":"https:\/\/distribucionarc.com\/de\/#\/schema\/logo\/image\/","url":"https:\/\/distribucionarc.com\/wp-content\/uploads\/2024\/10\/distribucion-ARC-COLOR-SIN-FONDO-e1732295305345.png","contentUrl":"https:\/\/distribucionarc.com\/wp-content\/uploads\/2024\/10\/distribucion-ARC-COLOR-SIN-FONDO-e1732295305345.png","width":1164,"height":558,"caption":"Distribuci\u00f3n ARC"},"image":{"@id":"https:\/\/distribucionarc.com\/de\/#\/schema\/logo\/image\/"},"description":"Companie specializat\u0103 \u00een fabricarea \u0219i distribu\u021bia de utilaje industriale pentru sectoarele alimentar \u0219i farmaceutic. Suntem specializa\u021bi \u00een: Ma\u0219ini de t\u0103iat carne Fabricarea tabletelor Sisteme de transport industrial Linii de \u00eembuteliere Distribuitoare \u0218i multe altele... Oferim solu\u021bii inovatoare \u0219i personalizate pentru a optimiza procesele de produc\u021bie ale companiei dumneavoastr\u0103.","email":"Admistracion@distribucionarc.com","telephone":"+34 643496664","legalName":"ARC TECH SOLUTIONS","foundingDate":"2024-04-09","vatID":"B55480172","numberOfEmployees":{"@type":"QuantitativeValue","minValue":"1","maxValue":"10"}}]}},"_links":{"self":[{"href":"https:\/\/distribucionarc.com\/ro\/wp-json\/wp\/v2\/product\/4288","targetHints":{"allow":["GET"]}}],"collection":[{"href":"https:\/\/distribucionarc.com\/ro\/wp-json\/wp\/v2\/product"}],"about":[{"href":"https:\/\/distribucionarc.com\/ro\/wp-json\/wp\/v2\/types\/product"}],"replies":[{"embeddable":true,"href":"https:\/\/distribucionarc.com\/ro\/wp-json\/wp\/v2\/comments?post=4288"}],"version-history":[{"count":0,"href":"https:\/\/distribucionarc.com\/ro\/wp-json\/wp\/v2\/product\/4288\/revisions"}],"wp:featuredmedia":[{"embeddable":true,"href":"https:\/\/distribucionarc.com\/ro\/wp-json\/wp\/v2\/media\/4289"}],"wp:attachment":[{"href":"https:\/\/distribucionarc.com\/ro\/wp-json\/wp\/v2\/media?parent=4288"}],"wp:term":[{"taxonomy":"product_brand","embeddable":true,"href":"https:\/\/distribucionarc.com\/ro\/wp-json\/wp\/v2\/product_brand?post=4288"},{"taxonomy":"product_cat","embeddable":true,"href":"https:\/\/distribucionarc.com\/ro\/wp-json\/wp\/v2\/product_cat?post=4288"},{"taxonomy":"product_tag","embeddable":true,"href":"https:\/\/distribucionarc.com\/ro\/wp-json\/wp\/v2\/product_tag?post=4288"}],"curies":[{"name":"wp","href":"https:\/\/api.w.org\/{rel}","templated":true}]}}