{"id":4330,"date":"2021-01-28T15:10:44","date_gmt":"2021-01-28T15:10:44","guid":{"rendered":"https:\/\/distribucionarc.com\/?post_type=product&#038;p=4330"},"modified":"2021-01-28T15:10:44","modified_gmt":"2021-01-28T15:10:44","slug":"multifunctional-slicer-cutter","status":"publish","type":"product","link":"https:\/\/distribucionarc.com\/ro\/producto\/cortador-de-rodajas-multifuncional\/","title":{"rendered":"Dispozitiv de t\u0103iere multifunc\u021bional"},"content":{"rendered":"<h3>Dispozitiv de t\u0103iere multifunc\u021bional<\/h3>\n<p>Lamele asta <strong>pres\u0103 de filet de fructe<\/strong> Sunt confectionate din otel inoxidabil 420, sunt ascutite si rezistente si taie diverse tipuri de fructe si legume (ceapa, cartofi, lamai, ceapa etc.) in bucati uniforme, fasii si cuburi. Corpul principal al acestui lucru <strong>feliere l\u0103m\u00e2ie<span style=\"color: #ff0000;\"> LA<\/span><span style=\"color: #0000ff;\">R<\/span>CCRM64<\/strong> Este proiectat cu aluminiu turnat, este u\u0219or, puternic, durabil \u0219i u\u0219or de transportat. \u00centregul t\u0103ietor sub presiune poate fi cl\u0103tit direct cu ap\u0103.<\/p>\n<p>M\u00e2nerul lung cu p\u00e2rghie cu distan\u021b\u0103 suficient\u0103 pentru a fi deplasat \u0219i u\u0219or de \u021binut economise\u0219te timp \u0219i munc\u0103. Cu asta<strong> t\u0103ietor de feliere <span style=\"color: #ff0000;\">LA<\/span><span style=\"color: #0000ff;\">R<\/span>CCRM64<\/strong>, pute\u021bi t\u0103ia mai u\u0219or chiar \u0219i materialele dure. Tava furnizat\u0103 men\u021bine produsele tocate pe loc \u0219i previne stropirea sucului de fructe\/legume la t\u0103iere.<\/p>\n<p>The <strong>t\u0103ietor de l\u0103m\u00e2ie<\/strong> Are patru suporturi pentru picioare pentru a-i oferi mai mult\u0103 rezisten\u021b\u0103 la alunecare. Materialul cauciucat reduce vibra\u021biile datorit\u0103 elasticit\u0103\u021bii. Prin urmare, zgomotul poate fi, de asemenea, redus, f\u0103c\u00e2nd ca procesul de t\u0103iere s\u0103 se desf\u0103\u0219oare f\u0103r\u0103 probleme \u0219i stabil. Aceast\u0103 feliere ceap\u0103 este potrivit\u0103 \u00een special pentru fructe \u0219i legume.<\/p>\n<h6><strong>garan\u021bie\u00a0<span style=\"color: #ff0000;\">LA<\/span><span style=\"color: #0000ff;\">R<\/span>C 2 ANI<\/strong><\/h6>\n<h6><strong>suport tehnic inclus<\/strong><\/h6>\n<p>&nbsp;<\/p>\n<table width=\"100%\">\n<tbody>\n<tr>\n<td>Marca:<\/td>\n<td width=\"32%\">ARC<\/td>\n<td>Greutate:<\/td>\n<td width=\"30%\">8,9 kg<\/td>\n<\/tr>\n<tr>\n<td>\u021aara de distribu\u021bie:<\/td>\n<td width=\"32%\">Spania, Germania, SUA<\/td>\n<td>\u00cen\u0103l\u0163ime:<\/td>\n<td width=\"30%\">80,2 cm<\/td>\n<\/tr>\n<tr>\n<td>Culoare:<\/td>\n<td width=\"32%\">Argint<\/td>\n<td>Lung:<\/td>\n<td width=\"30%\">25,9 cm<\/td>\n<\/tr>\n<tr>\n<td>Tip produs:<\/td>\n<td width=\"32%\">t\u0103ietor de felii<\/td>\n<td>Larg:<\/td>\n<td width=\"30%\">49,5 cm<\/td>\n<\/tr>\n<tr>\n<td>Numar producator:<\/td>\n<td width=\"32%\">ARCCRM64<\/td>\n<td>Lama de taiere:<\/td>\n<td width=\"30%\">O\u0163el inoxidabil 420<\/td>\n<\/tr>\n<tr>\n<td>Material:<\/td>\n<td width=\"32%\">o\u0163el inoxidabil<\/td>\n<td>Cantitatea de t\u0103iere:<\/td>\n<td width=\"30%\">15 felii<\/td>\n<\/tr>\n<tr>\n<td>M\u0103rimea t\u0103ieturii:<\/td>\n<td width=\"32%\">6,5 mm<\/td>\n<td>Garantie:<\/td>\n<td width=\"30%\">2 ANI<\/td>\n<\/tr>\n<\/tbody>\n<\/table>\n<p>&nbsp;<\/p>","protected":false},"excerpt":{"rendered":"<h2>Dispozitiv de t\u0103iere multifunc\u021bional<\/h2>\n<p>Cu acest rezistent <strong>t\u0103ietor de l\u0103m\u00e2ie<\/strong> Poate economisi timp, munc\u0103 \u0219i poate crea felii uniforme. Acest <strong>t\u0103ietor industrial <span style=\"color: #ff0000;\">LA<\/span><span style=\"color: #0000ff;\">R<\/span>c<\/strong> este usor de folosit. Pur \u0219i simplu pune\u021bi fructele sau legumele \u00eentre lame \u0219i ap\u0103sa\u021bi m\u00e2nerul ergonomic. Fabricat din aluminiu durabil \u0219i o\u021bel inoxidabil <strong>umplutur\u0103 de legume<\/strong> Asigur\u0103 utilizarea pe termen lung, un instrument sigur \u0219i eficient pentru buc\u0103t\u0103riile comerciale \u0219i private.<\/p>\n<h6><strong>garan\u021bie\u00a0<span style=\"color: #ff0000;\">LA<\/span><span style=\"color: #0000ff;\">R<\/span>C 2 ANI<\/strong><\/h6>\n<h6><strong>suport tehnic inclus<\/strong><\/h6>","protected":false},"featured_media":4331,"comment_status":"open","ping_status":"closed","template":"","meta":{"wds_primary_product_brand":0,"wds_primary_product_cat":0},"product_brand":[],"product_cat":[43],"product_tag":[],"class_list":{"0":"post-4330","1":"product","2":"type-product","3":"status-publish","4":"has-post-thumbnail","6":"product_cat-cortadoras-de-alimentos","7":"product_shipping_class-hosteleria","9":"first","10":"instock","11":"sale","12":"taxable","13":"shipping-taxable","14":"purchasable","15":"product-type-simple"},"yoast_head":"<!-- This site is optimized with the Yoast SEO Premium plugin v24.9 (Yoast SEO v26.1) - https:\/\/yoast.com\/wordpress\/plugins\/seo\/ -->\n<title>Cortador de rodajas multifuncional - distribuci\u00f3n ARC<\/title>\n<meta name=\"robots\" content=\"index, follow, max-snippet:-1, max-image-preview:large, max-video-preview:-1\" \/>\n<link rel=\"canonical\" href=\"https:\/\/www.distribucionarc.com\/hr\/producto\/cortador-de-rodajas-multifuncional\/\" \/>\n<meta property=\"og:locale\" content=\"ro_RO\" \/>\n<meta property=\"og:type\" content=\"article\" \/>\n<meta property=\"og:title\" content=\"Cortador de rodajas multifuncional\" \/>\n<meta property=\"og:description\" content=\"Cortador de rodajas multifuncional Con este resistente cortador de limones puede ahorrar tiempo, trabajo y crear rodajas uniformes. Este cortador industrial ARC es f\u00e1cil de usar. Simplemente coloca la fruta o verdura entre las cuchillas y presiona el mango ergon\u00f3mico hacia abajo. Hecho de aluminio duradero y acero inoxidable el fileteador de verduras garantiza un uso a largo plazo, una herramienta segura y eficiente para cocinas comerciales y privadas. Garant\u00eda\u00a0ARC 2 A\u00d1OS soporte t\u00e9cnico incluido\" \/>\n<meta property=\"og:url\" content=\"https:\/\/www.distribucionarc.com\/hr\/producto\/cortador-de-rodajas-multifuncional\/\" \/>\n<meta property=\"og:site_name\" content=\"distribuci\u00f3n ARC\" \/>\n<meta property=\"og:image\" content=\"https:\/\/www.distribucionarc.com\/wp-content\/uploads\/2021\/01\/Cortador-de-rodajas-multifuncional-0.jpg\" \/>\n\t<meta property=\"og:image:width\" content=\"1600\" \/>\n\t<meta property=\"og:image:height\" content=\"1600\" \/>\n\t<meta property=\"og:image:type\" content=\"image\/jpeg\" \/>\n<meta name=\"twitter:card\" content=\"summary_large_image\" \/>\n<meta name=\"twitter:label1\" content=\"Timp estimat pentru citire\" \/>\n\t<meta name=\"twitter:data1\" content=\"1 minut\" \/>\n<script type=\"application\/ld+json\" class=\"yoast-schema-graph\">{\"@context\":\"https:\/\/schema.org\",\"@graph\":[{\"@type\":\"WebPage\",\"@id\":\"https:\/\/www.distribucionarc.com\/hr\/producto\/cortador-de-rodajas-multifuncional\/\",\"url\":\"https:\/\/www.distribucionarc.com\/hr\/producto\/cortador-de-rodajas-multifuncional\/\",\"name\":\"Cortador de rodajas multifuncional - distribuci\u00f3n ARC\",\"isPartOf\":{\"@id\":\"https:\/\/www.distribucionarc.com\/tr\/#website\"},\"primaryImageOfPage\":{\"@id\":\"https:\/\/www.distribucionarc.com\/hr\/producto\/cortador-de-rodajas-multifuncional\/#primaryimage\"},\"image\":{\"@id\":\"https:\/\/www.distribucionarc.com\/hr\/producto\/cortador-de-rodajas-multifuncional\/#primaryimage\"},\"thumbnailUrl\":\"https:\/\/distribucionarc.com\/wp-content\/uploads\/2021\/01\/Cortador-de-rodajas-multifuncional-0.jpg\",\"datePublished\":\"2021-01-28T15:10:44+00:00\",\"breadcrumb\":{\"@id\":\"https:\/\/www.distribucionarc.com\/hr\/producto\/cortador-de-rodajas-multifuncional\/#breadcrumb\"},\"inLanguage\":\"ro-RO\",\"potentialAction\":[{\"@type\":\"ReadAction\",\"target\":[\"https:\/\/www.distribucionarc.com\/hr\/producto\/cortador-de-rodajas-multifuncional\/\"]}]},{\"@type\":\"ImageObject\",\"inLanguage\":\"ro-RO\",\"@id\":\"https:\/\/www.distribucionarc.com\/hr\/producto\/cortador-de-rodajas-multifuncional\/#primaryimage\",\"url\":\"https:\/\/distribucionarc.com\/wp-content\/uploads\/2021\/01\/Cortador-de-rodajas-multifuncional-0.jpg\",\"contentUrl\":\"https:\/\/distribucionarc.com\/wp-content\/uploads\/2021\/01\/Cortador-de-rodajas-multifuncional-0.jpg\",\"width\":1600,\"height\":1600,\"caption\":\"Cortador de rodajas multifuncional\"},{\"@type\":\"BreadcrumbList\",\"@id\":\"https:\/\/www.distribucionarc.com\/hr\/producto\/cortador-de-rodajas-multifuncional\/#breadcrumb\",\"itemListElement\":[{\"@type\":\"ListItem\",\"position\":1,\"name\":\"Portada\",\"item\":\"https:\/\/www.distribucionarc.com\/tr\/\"},{\"@type\":\"ListItem\",\"position\":2,\"name\":\"Produktai\",\"item\":\"https:\/\/distribucionarc.com\/lt\/parduotuve\/\"},{\"@type\":\"ListItem\",\"position\":3,\"name\":\"Cortador de rodajas multifuncional\"}]},{\"@type\":\"WebSite\",\"@id\":\"https:\/\/www.distribucionarc.com\/tr\/#website\",\"url\":\"https:\/\/www.distribucionarc.com\/tr\/\",\"name\":\"distribuci\u00f3n ARC\",\"description\":\"Empresa especializada en la fabricaci\u00f3n y distribuci\u00f3n de maquinaria industrial, selladoras de latas, Maquinas de hacer pastillas, Maquinas de cortar carne...\",\"publisher\":{\"@id\":\"https:\/\/www.distribucionarc.com\/tr\/#organization\"},\"potentialAction\":[{\"@type\":\"SearchAction\",\"target\":{\"@type\":\"EntryPoint\",\"urlTemplate\":\"https:\/\/www.distribucionarc.com\/tr\/?s={search_term_string}\"},\"query-input\":{\"@type\":\"PropertyValueSpecification\",\"valueRequired\":true,\"valueName\":\"search_term_string\"}}],\"inLanguage\":\"ro-RO\"},{\"@type\":\"Organization\",\"@id\":\"https:\/\/www.distribucionarc.com\/tr\/#organization\",\"name\":\"Distribuci\u00f3n ARC\",\"url\":\"https:\/\/www.distribucionarc.com\/tr\/\",\"logo\":{\"@type\":\"ImageObject\",\"inLanguage\":\"ro-RO\",\"@id\":\"https:\/\/www.distribucionarc.com\/tr\/#\/schema\/logo\/image\/\",\"url\":\"https:\/\/distribucionarc.com\/wp-content\/uploads\/2024\/10\/distribucion-ARC-COLOR-SIN-FONDO-e1732295305345.png\",\"contentUrl\":\"https:\/\/distribucionarc.com\/wp-content\/uploads\/2024\/10\/distribucion-ARC-COLOR-SIN-FONDO-e1732295305345.png\",\"width\":1164,\"height\":558,\"caption\":\"Distribuci\u00f3n ARC\"},\"image\":{\"@id\":\"https:\/\/www.distribucionarc.com\/tr\/#\/schema\/logo\/image\/\"},\"description\":\"Empresa especializada en la fabricaci\u00f3n y distribuci\u00f3n de maquinaria industrial para los sectores alimentario y farmac\u00e9utico. Nos especializamos en: M\u00e1quinas de cortar carne Fabricaci\u00f3n de comprimidos Sistemas de transporte industrial L\u00edneas de embotellado Dosificadores Y mucho m\u00e1s... Ofrecemos soluciones innovadoras y personalizadas para optimizar los procesos productivos de tu empresa.\",\"email\":\"Admistracion@distribucionarc.com\",\"telephone\":\"+34 643496664\",\"legalName\":\"ARC TECH SOLUTIONS\",\"foundingDate\":\"2024-04-09\",\"vatID\":\"B55480172\",\"numberOfEmployees\":{\"@type\":\"QuantitativeValue\",\"minValue\":\"1\",\"maxValue\":\"10\"}}]}<\/script>\n<!-- \/ Yoast SEO Premium plugin. -->","yoast_head_json":{"title":"Slicer multifunctional - distributie ARC","robots":{"index":"index","follow":"follow","max-snippet":"max-snippet:-1","max-image-preview":"max-image-preview:large","max-video-preview":"max-video-preview:-1"},"canonical":"https:\/\/www.distribucionarc.com\/hr\/producto\/cortador-de-rodajas-multifuncional\/","og_locale":"ro_RO","og_type":"article","og_title":"Cortador de rodajas multifuncional","og_description":"Cortador de rodajas multifuncional Con este resistente cortador de limones puede ahorrar tiempo, trabajo y crear rodajas uniformes. Este cortador industrial ARC es f\u00e1cil de usar. Simplemente coloca la fruta o verdura entre las cuchillas y presiona el mango ergon\u00f3mico hacia abajo. Hecho de aluminio duradero y acero inoxidable el fileteador de verduras garantiza un uso a largo plazo, una herramienta segura y eficiente para cocinas comerciales y privadas. Garant\u00eda\u00a0ARC 2 A\u00d1OS soporte t\u00e9cnico incluido","og_url":"https:\/\/www.distribucionarc.com\/hr\/producto\/cortador-de-rodajas-multifuncional\/","og_site_name":"distribuci\u00f3n ARC","og_image":[{"width":1600,"height":1600,"url":"https:\/\/www.distribucionarc.com\/wp-content\/uploads\/2021\/01\/Cortador-de-rodajas-multifuncional-0.jpg","type":"image\/jpeg"}],"twitter_card":"summary_large_image","twitter_misc":{"Timp estimat pentru citire":"1 minut"},"schema":{"@context":"https:\/\/schema.org","@graph":[{"@type":"WebPage","@id":"https:\/\/www.distribucionarc.com\/hr\/producto\/cortador-de-rodajas-multifuncional\/","url":"https:\/\/www.distribucionarc.com\/hr\/producto\/cortador-de-rodajas-multifuncional\/","name":"Slicer multifunctional - distributie ARC","isPartOf":{"@id":"https:\/\/www.distribucionarc.com\/tr\/#website"},"primaryImageOfPage":{"@id":"https:\/\/www.distribucionarc.com\/hr\/producto\/cortador-de-rodajas-multifuncional\/#primaryimage"},"image":{"@id":"https:\/\/www.distribucionarc.com\/hr\/producto\/cortador-de-rodajas-multifuncional\/#primaryimage"},"thumbnailUrl":"https:\/\/distribucionarc.com\/wp-content\/uploads\/2021\/01\/Cortador-de-rodajas-multifuncional-0.jpg","datePublished":"2021-01-28T15:10:44+00:00","breadcrumb":{"@id":"https:\/\/www.distribucionarc.com\/hr\/producto\/cortador-de-rodajas-multifuncional\/#breadcrumb"},"inLanguage":"ro-RO","potentialAction":[{"@type":"ReadAction","target":["https:\/\/www.distribucionarc.com\/hr\/producto\/cortador-de-rodajas-multifuncional\/"]}]},{"@type":"ImageObject","inLanguage":"ro-RO","@id":"https:\/\/www.distribucionarc.com\/hr\/producto\/cortador-de-rodajas-multifuncional\/#primaryimage","url":"https:\/\/distribucionarc.com\/wp-content\/uploads\/2021\/01\/Cortador-de-rodajas-multifuncional-0.jpg","contentUrl":"https:\/\/distribucionarc.com\/wp-content\/uploads\/2021\/01\/Cortador-de-rodajas-multifuncional-0.jpg","width":1600,"height":1600,"caption":"Cortador de rodajas multifuncional"},{"@type":"BreadcrumbList","@id":"https:\/\/www.distribucionarc.com\/hr\/producto\/cortador-de-rodajas-multifuncional\/#breadcrumb","itemListElement":[{"@type":"ListItem","position":1,"name":"Portada","item":"https:\/\/www.distribucionarc.com\/tr\/"},{"@type":"ListItem","position":2,"name":"Produktai","item":"https:\/\/distribucionarc.com\/lt\/parduotuve\/"},{"@type":"ListItem","position":3,"name":"Cortador de rodajas multifuncional"}]},{"@type":"WebSite","@id":"https:\/\/www.distribucionarc.com\/tr\/#website","url":"https:\/\/www.distribucionarc.com\/tr\/","name":"Distribu\u021bie ARC","description":"Companie specializat\u0103 \u00een fabricarea \u0219i distribu\u021bia de utilaje industriale, ma\u0219ini de sigilat cutii, ma\u0219ini de fabricat tablete, ma\u0219ini de t\u0103iat carne...","publisher":{"@id":"https:\/\/www.distribucionarc.com\/tr\/#organization"},"potentialAction":[{"@type":"SearchAction","target":{"@type":"EntryPoint","urlTemplate":"https:\/\/www.distribucionarc.com\/tr\/?s={search_term_string}"},"query-input":{"@type":"PropertyValueSpecification","valueRequired":true,"valueName":"search_term_string"}}],"inLanguage":"ro-RO"},{"@type":"Organization","@id":"https:\/\/www.distribucionarc.com\/tr\/#organization","name":"Distribu\u021bie ARC","url":"https:\/\/www.distribucionarc.com\/tr\/","logo":{"@type":"ImageObject","inLanguage":"ro-RO","@id":"https:\/\/www.distribucionarc.com\/tr\/#\/schema\/logo\/image\/","url":"https:\/\/distribucionarc.com\/wp-content\/uploads\/2024\/10\/distribucion-ARC-COLOR-SIN-FONDO-e1732295305345.png","contentUrl":"https:\/\/distribucionarc.com\/wp-content\/uploads\/2024\/10\/distribucion-ARC-COLOR-SIN-FONDO-e1732295305345.png","width":1164,"height":558,"caption":"Distribuci\u00f3n ARC"},"image":{"@id":"https:\/\/www.distribucionarc.com\/tr\/#\/schema\/logo\/image\/"},"description":"Companie specializat\u0103 \u00een fabricarea \u0219i distribu\u021bia de utilaje industriale pentru sectoarele alimentar \u0219i farmaceutic. Suntem specializa\u021bi \u00een: Ma\u0219ini de t\u0103iat carne Fabricarea tabletelor Sisteme de transport industrial Linii de \u00eembuteliere Distribuitoare \u0218i multe altele... Oferim solu\u021bii inovatoare \u0219i personalizate pentru a optimiza procesele de produc\u021bie ale companiei dumneavoastr\u0103.","email":"Admistracion@distribucionarc.com","telephone":"+34 643496664","legalName":"ARC TECH SOLUTIONS","foundingDate":"2024-04-09","vatID":"B55480172","numberOfEmployees":{"@type":"QuantitativeValue","minValue":"1","maxValue":"10"}}]}},"_links":{"self":[{"href":"https:\/\/distribucionarc.com\/ro\/wp-json\/wp\/v2\/product\/4330","targetHints":{"allow":["GET"]}}],"collection":[{"href":"https:\/\/distribucionarc.com\/ro\/wp-json\/wp\/v2\/product"}],"about":[{"href":"https:\/\/distribucionarc.com\/ro\/wp-json\/wp\/v2\/types\/product"}],"replies":[{"embeddable":true,"href":"https:\/\/distribucionarc.com\/ro\/wp-json\/wp\/v2\/comments?post=4330"}],"version-history":[{"count":0,"href":"https:\/\/distribucionarc.com\/ro\/wp-json\/wp\/v2\/product\/4330\/revisions"}],"wp:featuredmedia":[{"embeddable":true,"href":"https:\/\/distribucionarc.com\/ro\/wp-json\/wp\/v2\/media\/4331"}],"wp:attachment":[{"href":"https:\/\/distribucionarc.com\/ro\/wp-json\/wp\/v2\/media?parent=4330"}],"wp:term":[{"taxonomy":"product_brand","embeddable":true,"href":"https:\/\/distribucionarc.com\/ro\/wp-json\/wp\/v2\/product_brand?post=4330"},{"taxonomy":"product_cat","embeddable":true,"href":"https:\/\/distribucionarc.com\/ro\/wp-json\/wp\/v2\/product_cat?post=4330"},{"taxonomy":"product_tag","embeddable":true,"href":"https:\/\/distribucionarc.com\/ro\/wp-json\/wp\/v2\/product_tag?post=4330"}],"curies":[{"name":"wp","href":"https:\/\/api.w.org\/{rel}","templated":true}]}}