{"id":4586,"date":"2021-05-04T09:34:24","date_gmt":"2021-05-04T09:34:24","guid":{"rendered":"https:\/\/distribucionarc.com\/?post_type=product&#038;p=4586"},"modified":"2023-06-05T11:10:16","modified_gmt":"2023-06-05T11:10:16","slug":"masina-industriala-inghetata","status":"publish","type":"product","link":"https:\/\/distribucionarc.com\/ro\/producto\/maquina-de-helados-industrial\/","title":{"rendered":"aparat industrial de inghetata"},"content":{"rendered":"<h3>aparat industrial de inghetata<\/h3>\n<p><strong>o ma\u0219in\u0103 de \u00eenghe\u021bat\u0103<\/strong>\u00a0de\u00a0<strong><span style=\"color: #ff0000;\">LA<\/span><span style=\"color: #0000ff;\">R<\/span>c<\/strong>\u00a0Se aplic\u0103 pe scar\u0103 larg\u0103 \u00een restaurante, cafenele, saloane de \u00eenghe\u021bat\u0103, odihn\u0103. fast food. F\u0103r\u0103 pa\u0219i complicati, po\u021bi\u00a0<strong>prepara rapid inghetata<\/strong>,\u00a0<strong>iaurt<\/strong>\u00a0fie\u00a0<strong>sorbet. <\/strong>The\u00a0<strong><span style=\"color: #ff0000;\">LA<\/span><span style=\"color: #0000ff;\">R<\/span>CMH400<\/strong> Este echipat cu un compresor de inalta performanta care asigura racirea imediata, reducand in acelasi timp consumul de energie si poluarea fonica Incorporeaza doua bunci din otel inoxidabil de 6L, un radiator de mare energie si agent frigorific R410a, cu functie de pre-racire pentru a accelera inghetata produc\u021bie \u0219i produc\u021bie variind de la 25 L\/H la 35 L\/H.<\/p>\n<p>The\u00a0<strong>masina de inghetata<\/strong>\u00a0Are dou\u0103 recipiente din o\u021bel inoxidabil \u00eencorporate, acesta\u00a0<strong>masina de inghetata<\/strong>\u00a0de\u00a0<strong><span style=\"color: #ff0000;\">LA<\/span><span style=\"color: #0000ff;\">R<\/span>c<\/strong> Poate fi folosit pentru a crea trei arome de \u00eenghe\u021bat\u0103, inclusiv dou\u0103 arome simple \u0219i o arom\u0103 mixt\u0103, pentru o varietate de gusturi. Timpul, temperatura, duritatea \u0219i cantitatea de \u00eenghe\u021bat\u0103 pot fi afi\u0219ate pe ecranul tactil LCD pentru o observare constant\u0103. Po\u021bi modula liber dup\u0103 gusturi. \u00cen plus, cur\u0103\u021barea cu un singur buton permite cur\u0103\u021barea rapid\u0103 \u0219i automat\u0103 a ma\u0219inii de \u00eenghe\u021bat\u0103.<\/p>\n<p>Ingredientele\u00a0<strong>masina de inghetata<\/strong>\u00a0Ele pot fi pre-r\u0103cite pentru ca \u00eenghe\u021bata s\u0103 fie\u00a0<strong>preg\u0103ti\u021bi rapid<\/strong> dup\u0103 pornirea ma\u0219inii, contribuind la economisirea materialelor. Func\u021bia de depozitare peste noapte reduce frecven\u021ba de cur\u0103\u021bare \u0219i economise\u0219te ingrediente. Suportul de con \u00eembun\u0103t\u0103\u021bit este plasat pe exteriorul<strong>\u00a0masina de inghetata<\/strong>, pentru ca conurile de inghetata sa nu se ude usor si sa se poata mentine aroma conurilor.<\/p>\n<h6><\/h6>\n<h6><strong>garan\u021bie\u00a0<span style=\"color: #ff0000;\">LA<\/span><span style=\"color: #0000ff;\">R<\/span>C 2 ANI<\/strong><\/h6>\n<h6><span style=\"color: #008000;\">Ma\u0219in\u0103 eficient\u0103 de f\u0103cut \u00eenghe\u021bat\u0103, consum redus 2150w<\/span><\/h6>\n<h6><strong>suport tehnic inclus<\/strong><\/h6>\n<p>&nbsp;<\/p>\n<table role=\"presentation\" width=\"100%\" cellspacing=\"0\" cellpadding=\"0\">\n<tbody>\n<tr>\n<td class=\"attrLabels\">Agent frigorific:<\/td>\n<td width=\"50.0%\">R410a<\/td>\n<\/tr>\n<tr>\n<td class=\"attrLabels\">\u021aara de distribu\u021bie:<\/td>\n<td width=\"50.0%\">Spania, Germania, SUA<\/td>\n<td class=\"attrLabels\">Greutate:<\/td>\n<td width=\"50.0%\">133 kg<\/td>\n<\/tr>\n<tr>\n<td class=\"attrLabels\">Marca:<\/td>\n<td width=\"50.0%\">ARC<\/td>\n<td class=\"attrLabels\">\u00cen\u0103l\u0163ime:<\/td>\n<td width=\"50.0%\">136 cm<\/td>\n<\/tr>\n<tr>\n<td class=\"attrLabels\">Culoare:<\/td>\n<td width=\"50.0%\">Argint<\/td>\n<td class=\"attrLabels\">Lung:<\/td>\n<td width=\"50.0%\">54 cm<\/td>\n<\/tr>\n<tr>\n<td class=\"attrLabels\">Tip produs:<\/td>\n<td width=\"50.0%\">masina de facut inghetata<\/td>\n<td class=\"attrLabels\">Larg:<\/td>\n<td width=\"50.0%\">\u00a067,6 cm<\/td>\n<\/tr>\n<tr>\n<td class=\"attrLabels\">Numar producator:<\/td>\n<td width=\"50.0%\">ARCMH400<\/td>\n<td class=\"attrLabels\">Putere:<\/td>\n<td width=\"50.0%\">2150W<\/td>\n<\/tr>\n<tr>\n<td class=\"attrLabels\">Material:<\/td>\n<td width=\"50.0%\">o\u021bel inoxidabil, control inteligent, panou tactil LCD, compresor industrial de \u00eenalt\u0103 performan\u021b\u0103<\/td>\n<td class=\"attrLabels\">tensiune de intrare<\/td>\n<td width=\"50.0%\">220V \u2013 60Hz<\/td>\n<\/tr>\n<tr>\n<td class=\"attrLabels\">Abilitatea:<\/td>\n<td width=\"50.0%\">\u00a025 \u2013 35 L\/or\u0103<\/td>\n<td class=\"attrLabels\">Dimensiune:<\/td>\n<td width=\"50.0%\">6L x 1<\/td>\n<\/tr>\n<tr>\n<td class=\"attrLabels\">Instrumente de instalare:<\/td>\n<td width=\"50.0%\">Da<\/td>\n<td class=\"attrLabels\">Garantie:<\/td>\n<td width=\"50.0%\">2 ANI<\/td>\n<\/tr>\n<\/tbody>\n<\/table>","protected":false},"excerpt":{"rendered":"<h2>aparat industrial de inghetata<\/h2>\n<p>\u00cen\u00a0<strong><span style=\"color: #ff0000;\">LA<\/span><span style=\"color: #0000ff;\">R<\/span>c<\/strong>\u00a0vei g\u0103si \u00eentotdeauna\u00a0<strong>ma\u0219ini pentru \u00eenghe\u021bat\u0103<\/strong>\u00a0pentru utilizare\u00a0<strong>reclam\u0103 profesional\u0103<\/strong>\u00a0cel mai inovator de pe pia\u021b\u0103 pentru detaliile sale elegante, grija \u00een favorizarea produc\u021biei \u0219i la r\u00e2ndul s\u0103u calitatea produsului, pe l\u00e2ng\u0103 faptul c\u0103 ajut\u0103 la consumul de energie cu<strong>\u00a0<span style=\"color: #008000;\">ma\u0219ini de \u00eenghe\u021bat\u0103 cu consum redus de energie<\/span><\/strong>.<\/p>\n<p>Acest\u00a0<strong>aparat de inghetata cu iaurt<\/strong> cu structura verticala este capabila sa produca<span style=\"color: #ff6600;\"> <strong>3 arome<\/strong><\/span> de inghetata profitand de a treia sa duza pentru a face una mixta in cel mai simplu mod, cu functie de pre-racire si curatare. Ma\u0219ina de \u00eenghe\u021bat\u0103 <strong><span style=\"color: #ff0000;\">LA<\/span><span style=\"color: #0000ff;\">R<\/span>CMH400<\/strong>\u00a0Vine cu compresoare duble, dou\u0103 rezervoare din o\u021bel inoxidabil de 6 litri, un suport de con de umiditate extern \u0219i un<strong>\u00a0Ecran tactil LCD<\/strong>\u00a0pentru a observa direct func\u021bionarea<strong>\u00a0masina de inghetata<\/strong>, ceea ce face\u00a0<strong>ma\u0219ina de \u00eenghe\u021bat\u0103<\/strong>\u00a0de\u00a0<strong><span style=\"color: #ff0000;\">LA<\/span><span style=\"color: #0000ff;\">R<\/span>c<\/strong> \u00eentr-un instrument ideal pentru loca\u021bii cu mare cerere datorit\u0103 posibilei sale produc\u021bii de <span style=\"color: #ff0000;\"><strong>400 de conuri pe minut.<\/strong><\/span> Are ro\u021bi cu fr\u00e2ne, ceea ce face ca ma\u0219ina s\u0103 fie u\u0219or de luat oriunde dori\u021bi.<\/p>\n<h6><strong>garan\u021bie<span style=\"color: #ff0000;\">\u00a0LA<\/span><span style=\"color: #0000ff;\">R<\/span>C 2 ANI<\/strong><\/h6>\n<h6><span style=\"color: #008000;\">Ma\u0219in\u0103 eficient\u0103 de f\u0103cut \u00eenghe\u021bat\u0103, consum redus 2150w<\/span><\/h6>\n<h6><strong>suport tehnic inclus<\/strong><\/h6>","protected":false},"featured_media":6059,"comment_status":"open","ping_status":"closed","template":"","meta":{"wds_primary_product_brand":0,"wds_primary_product_cat":0},"product_brand":[],"product_cat":[58],"product_tag":[],"class_list":{"0":"post-4586","1":"product","2":"type-product","3":"status-publish","4":"has-post-thumbnail","6":"product_cat-maquinaria-para-heladerias-profesionales","7":"product_shipping_class-express","9":"first","10":"instock","11":"sale","12":"taxable","13":"shipping-taxable","14":"purchasable","15":"product-type-simple"},"yoast_head":"<!-- This site is optimized with the Yoast SEO Premium plugin v24.9 (Yoast SEO v26.1) - https:\/\/yoast.com\/wordpress\/plugins\/seo\/ -->\n<title>M\u00e1quina de helados industrial - distribuci\u00f3n ARC<\/title>\n<meta name=\"robots\" content=\"index, follow, max-snippet:-1, max-image-preview:large, max-video-preview:-1\" \/>\n<link rel=\"canonical\" href=\"https:\/\/www.distribucionarc.com\/ro\/producto\/maquina-de-helados-industrial\/\" \/>\n<meta property=\"og:locale\" content=\"ro_RO\" \/>\n<meta property=\"og:type\" content=\"article\" \/>\n<meta property=\"og:title\" content=\"M\u00e1quina de helados industrial\" \/>\n<meta property=\"og:description\" content=\"M\u00e1quina de helados industrial En\u00a0ARC\u00a0siempre encontrar\u00e1s la\u00a0maquinaria para helados\u00a0para uso\u00a0comercial profesional\u00a0m\u00e1s innovadora del mercado por sus detalles elegantes, su cuidado en favorecer la producci\u00f3n y a su vez la calidad del producto, adem\u00e1s de ayudar en el consumo energ\u00e9tico con\u00a0m\u00e1quinas de helado de\u00a0bajo consumo energ\u00e9tico.  Esta\u00a0m\u00e1quina para helado yogurt con estructura vertical es capaz de producir 3 sabores de helado aprovechando su tercera boquilla para elaborar uno mixto de la formas mas sencilla, con una funci\u00f3n de pre enfriamiento y limpieza. La m\u00e1quina de helados ARCMH400\u00a0Viene con compresores duales, dos dep\u00f3sitos de acero inoxidable de 6L, un soporte de cono de humedad externo y una\u00a0pantalla LCD t\u00e1ctil\u00a0para observar directamente el funcionamiento de la\u00a0m\u00e1quina heladera, lo que convierte a\u00a0la m\u00e1quina de helados\u00a0de\u00a0ARC en una herramienta ideal para ubicaciones de alta demanda gracias a su posible producci\u00f3n de 400 conos por minuto. Dispone de ruedas con frenos lo que hace que la m\u00e1quina sea f\u00e1cil de llevar a donde quiera. Garant\u00eda\u00a0ARC 2 A\u00d1OS Maquina para hacer helados eficiente, bajo consumo 2150w soporte t\u00e9cnico incluido\" \/>\n<meta property=\"og:url\" content=\"https:\/\/www.distribucionarc.com\/ro\/producto\/maquina-de-helados-industrial\/\" \/>\n<meta property=\"og:site_name\" content=\"distribuci\u00f3n ARC\" \/>\n<meta property=\"article:modified_time\" content=\"2023-06-05T11:10:16+00:00\" \/>\n<meta property=\"og:image\" content=\"https:\/\/www.distribucionarc.com\/wp-content\/uploads\/2021\/05\/Maquina-helados-cremosos-400xmin-.jpg\" \/>\n\t<meta property=\"og:image:width\" content=\"1600\" \/>\n\t<meta property=\"og:image:height\" content=\"1600\" \/>\n\t<meta property=\"og:image:type\" content=\"image\/jpeg\" \/>\n<meta name=\"twitter:card\" content=\"summary_large_image\" \/>\n<meta name=\"twitter:label1\" content=\"Timp estimat pentru citire\" \/>\n\t<meta name=\"twitter:data1\" content=\"2 minute\" \/>\n<script type=\"application\/ld+json\" class=\"yoast-schema-graph\">{\"@context\":\"https:\/\/schema.org\",\"@graph\":[{\"@type\":\"WebPage\",\"@id\":\"https:\/\/www.distribucionarc.com\/ro\/producto\/maquina-de-helados-industrial\/\",\"url\":\"https:\/\/www.distribucionarc.com\/ro\/producto\/maquina-de-helados-industrial\/\",\"name\":\"M\u00e1quina de helados industrial - distribuci\u00f3n ARC\",\"isPartOf\":{\"@id\":\"https:\/\/distribucionarc.com\/ro\/#website\"},\"primaryImageOfPage\":{\"@id\":\"https:\/\/www.distribucionarc.com\/ro\/producto\/maquina-de-helados-industrial\/#primaryimage\"},\"image\":{\"@id\":\"https:\/\/www.distribucionarc.com\/ro\/producto\/maquina-de-helados-industrial\/#primaryimage\"},\"thumbnailUrl\":\"https:\/\/distribucionarc.com\/wp-content\/uploads\/2021\/05\/Maquina-helados-cremosos-400xmin-.jpg\",\"datePublished\":\"2021-05-04T09:34:24+00:00\",\"dateModified\":\"2023-06-05T11:10:16+00:00\",\"breadcrumb\":{\"@id\":\"https:\/\/www.distribucionarc.com\/ro\/producto\/maquina-de-helados-industrial\/#breadcrumb\"},\"inLanguage\":\"ro-RO\",\"potentialAction\":[{\"@type\":\"ReadAction\",\"target\":[\"https:\/\/www.distribucionarc.com\/ro\/producto\/maquina-de-helados-industrial\/\"]}]},{\"@type\":\"ImageObject\",\"inLanguage\":\"ro-RO\",\"@id\":\"https:\/\/www.distribucionarc.com\/ro\/producto\/maquina-de-helados-industrial\/#primaryimage\",\"url\":\"https:\/\/distribucionarc.com\/wp-content\/uploads\/2021\/05\/Maquina-helados-cremosos-400xmin-.jpg\",\"contentUrl\":\"https:\/\/distribucionarc.com\/wp-content\/uploads\/2021\/05\/Maquina-helados-cremosos-400xmin-.jpg\",\"width\":1600,\"height\":1600},{\"@type\":\"BreadcrumbList\",\"@id\":\"https:\/\/www.distribucionarc.com\/ro\/producto\/maquina-de-helados-industrial\/#breadcrumb\",\"itemListElement\":[{\"@type\":\"ListItem\",\"position\":1,\"name\":\"Portada\",\"item\":\"https:\/\/distribucionarc.com\/ar\/\"},{\"@type\":\"ListItem\",\"position\":2,\"name\":\"Proizvodi\",\"item\":\"https:\/\/www.distribucionarc.com\/hr\/ducan\/\"},{\"@type\":\"ListItem\",\"position\":3,\"name\":\"M\u00e1quina de helados industrial\"}]},{\"@type\":\"WebSite\",\"@id\":\"https:\/\/distribucionarc.com\/ro\/#website\",\"url\":\"https:\/\/distribucionarc.com\/ro\/\",\"name\":\"distribuci\u00f3n ARC\",\"description\":\"Empresa especializada en la fabricaci\u00f3n y distribuci\u00f3n de maquinaria industrial, selladoras de latas, Maquinas de hacer pastillas, Maquinas de cortar carne...\",\"publisher\":{\"@id\":\"https:\/\/distribucionarc.com\/ro\/#organization\"},\"potentialAction\":[{\"@type\":\"SearchAction\",\"target\":{\"@type\":\"EntryPoint\",\"urlTemplate\":\"https:\/\/distribucionarc.com\/ro\/?s={search_term_string}\"},\"query-input\":{\"@type\":\"PropertyValueSpecification\",\"valueRequired\":true,\"valueName\":\"search_term_string\"}}],\"inLanguage\":\"ro-RO\"},{\"@type\":\"Organization\",\"@id\":\"https:\/\/distribucionarc.com\/ro\/#organization\",\"name\":\"Distribuci\u00f3n ARC\",\"url\":\"https:\/\/distribucionarc.com\/ro\/\",\"logo\":{\"@type\":\"ImageObject\",\"inLanguage\":\"ro-RO\",\"@id\":\"https:\/\/distribucionarc.com\/ro\/#\/schema\/logo\/image\/\",\"url\":\"https:\/\/distribucionarc.com\/wp-content\/uploads\/2024\/10\/distribucion-ARC-COLOR-SIN-FONDO-e1732295305345.png\",\"contentUrl\":\"https:\/\/distribucionarc.com\/wp-content\/uploads\/2024\/10\/distribucion-ARC-COLOR-SIN-FONDO-e1732295305345.png\",\"width\":1164,\"height\":558,\"caption\":\"Distribuci\u00f3n ARC\"},\"image\":{\"@id\":\"https:\/\/distribucionarc.com\/ro\/#\/schema\/logo\/image\/\"},\"description\":\"Empresa especializada en la fabricaci\u00f3n y distribuci\u00f3n de maquinaria industrial para los sectores alimentario y farmac\u00e9utico. Nos especializamos en: M\u00e1quinas de cortar carne Fabricaci\u00f3n de comprimidos Sistemas de transporte industrial L\u00edneas de embotellado Dosificadores Y mucho m\u00e1s... Ofrecemos soluciones innovadoras y personalizadas para optimizar los procesos productivos de tu empresa.\",\"email\":\"Admistracion@distribucionarc.com\",\"telephone\":\"+34 643496664\",\"legalName\":\"ARC TECH SOLUTIONS\",\"foundingDate\":\"2024-04-09\",\"vatID\":\"B55480172\",\"numberOfEmployees\":{\"@type\":\"QuantitativeValue\",\"minValue\":\"1\",\"maxValue\":\"10\"}}]}<\/script>\n<!-- \/ Yoast SEO Premium plugin. -->","yoast_head_json":{"title":"Aparat industrial de inghetata - distributie ARC","robots":{"index":"index","follow":"follow","max-snippet":"max-snippet:-1","max-image-preview":"max-image-preview:large","max-video-preview":"max-video-preview:-1"},"canonical":"https:\/\/www.distribucionarc.com\/ro\/producto\/maquina-de-helados-industrial\/","og_locale":"ro_RO","og_type":"article","og_title":"M\u00e1quina de helados industrial","og_description":"M\u00e1quina de helados industrial En\u00a0ARC\u00a0siempre encontrar\u00e1s la\u00a0maquinaria para helados\u00a0para uso\u00a0comercial profesional\u00a0m\u00e1s innovadora del mercado por sus detalles elegantes, su cuidado en favorecer la producci\u00f3n y a su vez la calidad del producto, adem\u00e1s de ayudar en el consumo energ\u00e9tico con\u00a0m\u00e1quinas de helado de\u00a0bajo consumo energ\u00e9tico.  Esta\u00a0m\u00e1quina para helado yogurt con estructura vertical es capaz de producir 3 sabores de helado aprovechando su tercera boquilla para elaborar uno mixto de la formas mas sencilla, con una funci\u00f3n de pre enfriamiento y limpieza. La m\u00e1quina de helados ARCMH400\u00a0Viene con compresores duales, dos dep\u00f3sitos de acero inoxidable de 6L, un soporte de cono de humedad externo y una\u00a0pantalla LCD t\u00e1ctil\u00a0para observar directamente el funcionamiento de la\u00a0m\u00e1quina heladera, lo que convierte a\u00a0la m\u00e1quina de helados\u00a0de\u00a0ARC en una herramienta ideal para ubicaciones de alta demanda gracias a su posible producci\u00f3n de 400 conos por minuto. Dispone de ruedas con frenos lo que hace que la m\u00e1quina sea f\u00e1cil de llevar a donde quiera. Garant\u00eda\u00a0ARC 2 A\u00d1OS Maquina para hacer helados eficiente, bajo consumo 2150w soporte t\u00e9cnico incluido","og_url":"https:\/\/www.distribucionarc.com\/ro\/producto\/maquina-de-helados-industrial\/","og_site_name":"distribuci\u00f3n ARC","article_modified_time":"2023-06-05T11:10:16+00:00","og_image":[{"width":1600,"height":1600,"url":"https:\/\/www.distribucionarc.com\/wp-content\/uploads\/2021\/05\/Maquina-helados-cremosos-400xmin-.jpg","type":"image\/jpeg"}],"twitter_card":"summary_large_image","twitter_misc":{"Timp estimat pentru citire":"2 minute"},"schema":{"@context":"https:\/\/schema.org","@graph":[{"@type":"WebPage","@id":"https:\/\/www.distribucionarc.com\/ro\/producto\/maquina-de-helados-industrial\/","url":"https:\/\/www.distribucionarc.com\/ro\/producto\/maquina-de-helados-industrial\/","name":"Aparat industrial de inghetata - distributie ARC","isPartOf":{"@id":"https:\/\/distribucionarc.com\/ro\/#website"},"primaryImageOfPage":{"@id":"https:\/\/www.distribucionarc.com\/ro\/producto\/maquina-de-helados-industrial\/#primaryimage"},"image":{"@id":"https:\/\/www.distribucionarc.com\/ro\/producto\/maquina-de-helados-industrial\/#primaryimage"},"thumbnailUrl":"https:\/\/distribucionarc.com\/wp-content\/uploads\/2021\/05\/Maquina-helados-cremosos-400xmin-.jpg","datePublished":"2021-05-04T09:34:24+00:00","dateModified":"2023-06-05T11:10:16+00:00","breadcrumb":{"@id":"https:\/\/www.distribucionarc.com\/ro\/producto\/maquina-de-helados-industrial\/#breadcrumb"},"inLanguage":"ro-RO","potentialAction":[{"@type":"ReadAction","target":["https:\/\/www.distribucionarc.com\/ro\/producto\/maquina-de-helados-industrial\/"]}]},{"@type":"ImageObject","inLanguage":"ro-RO","@id":"https:\/\/www.distribucionarc.com\/ro\/producto\/maquina-de-helados-industrial\/#primaryimage","url":"https:\/\/distribucionarc.com\/wp-content\/uploads\/2021\/05\/Maquina-helados-cremosos-400xmin-.jpg","contentUrl":"https:\/\/distribucionarc.com\/wp-content\/uploads\/2021\/05\/Maquina-helados-cremosos-400xmin-.jpg","width":1600,"height":1600},{"@type":"BreadcrumbList","@id":"https:\/\/www.distribucionarc.com\/ro\/producto\/maquina-de-helados-industrial\/#breadcrumb","itemListElement":[{"@type":"ListItem","position":1,"name":"Portada","item":"https:\/\/distribucionarc.com\/ar\/"},{"@type":"ListItem","position":2,"name":"Proizvodi","item":"https:\/\/www.distribucionarc.com\/hr\/ducan\/"},{"@type":"ListItem","position":3,"name":"M\u00e1quina de helados industrial"}]},{"@type":"WebSite","@id":"https:\/\/distribucionarc.com\/ro\/#website","url":"https:\/\/distribucionarc.com\/ro\/","name":"Distribu\u021bie ARC","description":"Companie specializat\u0103 \u00een fabricarea \u0219i distribu\u021bia de utilaje industriale, ma\u0219ini de sigilat cutii, ma\u0219ini de fabricat tablete, ma\u0219ini de t\u0103iat carne...","publisher":{"@id":"https:\/\/distribucionarc.com\/ro\/#organization"},"potentialAction":[{"@type":"SearchAction","target":{"@type":"EntryPoint","urlTemplate":"https:\/\/distribucionarc.com\/ro\/?s={search_term_string}"},"query-input":{"@type":"PropertyValueSpecification","valueRequired":true,"valueName":"search_term_string"}}],"inLanguage":"ro-RO"},{"@type":"Organization","@id":"https:\/\/distribucionarc.com\/ro\/#organization","name":"Distribu\u021bie ARC","url":"https:\/\/distribucionarc.com\/ro\/","logo":{"@type":"ImageObject","inLanguage":"ro-RO","@id":"https:\/\/distribucionarc.com\/ro\/#\/schema\/logo\/image\/","url":"https:\/\/distribucionarc.com\/wp-content\/uploads\/2024\/10\/distribucion-ARC-COLOR-SIN-FONDO-e1732295305345.png","contentUrl":"https:\/\/distribucionarc.com\/wp-content\/uploads\/2024\/10\/distribucion-ARC-COLOR-SIN-FONDO-e1732295305345.png","width":1164,"height":558,"caption":"Distribuci\u00f3n ARC"},"image":{"@id":"https:\/\/distribucionarc.com\/ro\/#\/schema\/logo\/image\/"},"description":"Companie specializat\u0103 \u00een fabricarea \u0219i distribu\u021bia de utilaje industriale pentru sectoarele alimentar \u0219i farmaceutic. Suntem specializa\u021bi \u00een: Ma\u0219ini de t\u0103iat carne Fabricarea tabletelor Sisteme de transport industrial Linii de \u00eembuteliere Distribuitoare \u0218i multe altele... Oferim solu\u021bii inovatoare \u0219i personalizate pentru a optimiza procesele de produc\u021bie ale companiei dumneavoastr\u0103.","email":"Admistracion@distribucionarc.com","telephone":"+34 643496664","legalName":"ARC TECH SOLUTIONS","foundingDate":"2024-04-09","vatID":"B55480172","numberOfEmployees":{"@type":"QuantitativeValue","minValue":"1","maxValue":"10"}}]}},"_links":{"self":[{"href":"https:\/\/distribucionarc.com\/ro\/wp-json\/wp\/v2\/product\/4586","targetHints":{"allow":["GET"]}}],"collection":[{"href":"https:\/\/distribucionarc.com\/ro\/wp-json\/wp\/v2\/product"}],"about":[{"href":"https:\/\/distribucionarc.com\/ro\/wp-json\/wp\/v2\/types\/product"}],"replies":[{"embeddable":true,"href":"https:\/\/distribucionarc.com\/ro\/wp-json\/wp\/v2\/comments?post=4586"}],"version-history":[{"count":0,"href":"https:\/\/distribucionarc.com\/ro\/wp-json\/wp\/v2\/product\/4586\/revisions"}],"wp:featuredmedia":[{"embeddable":true,"href":"https:\/\/distribucionarc.com\/ro\/wp-json\/wp\/v2\/media\/6059"}],"wp:attachment":[{"href":"https:\/\/distribucionarc.com\/ro\/wp-json\/wp\/v2\/media?parent=4586"}],"wp:term":[{"taxonomy":"product_brand","embeddable":true,"href":"https:\/\/distribucionarc.com\/ro\/wp-json\/wp\/v2\/product_brand?post=4586"},{"taxonomy":"product_cat","embeddable":true,"href":"https:\/\/distribucionarc.com\/ro\/wp-json\/wp\/v2\/product_cat?post=4586"},{"taxonomy":"product_tag","embeddable":true,"href":"https:\/\/distribucionarc.com\/ro\/wp-json\/wp\/v2\/product_tag?post=4586"}],"curies":[{"name":"wp","href":"https:\/\/api.w.org\/{rel}","templated":true}]}}