{"id":502,"date":"2020-04-19T15:15:10","date_gmt":"2020-04-19T15:15:10","guid":{"rendered":"https:\/\/distribucionarc.com\/?post_type=product&#038;p=502"},"modified":"2023-03-31T07:42:33","modified_gmt":"2023-03-31T07:42:33","slug":"masina-profesionala-de-etichetat-sticle-%f0%9f%a7%b4-etichetare-numar-lot","status":"publish","type":"product","link":"https:\/\/distribucionarc.com\/ro\/producto\/maquina-etiquetadora-de-botellas-profesional-%f0%9f%a7%b4-etiquetado-numero-de-lote\/","title":{"rendered":"Ma\u0219in\u0103 profesional\u0103 de etichetat sticle? Etichetarea num\u0103rului de lot\u00a0"},"content":{"rendered":"<h2>Ma\u0219in\u0103 profesional\u0103 de etichetat sticle?<strong>\u00a0 Etichetarea num\u0103rului de lot\u00a0<\/strong><\/h2>\n<p>&nbsp;<\/p>\n<p>Ma\u0219in\u0103 semi-automat\u0103 potrivit\u0103 pentru diferite dimensiuni de etichete adezive, precum \u0219i pentru toate tipurile de sticle rotunde. De asemenea, are o mare precizie \u0219i vitez\u0103 de distribuire \u0219i etichetare automat\u0103. Poate fi folosit pe sticle PET, sticle de plastic, sticle de sticl\u0103, sticle metalice etc.<\/p>\n<ul class=\"_1V4Ij\" data-hook=\"collapse-info-section\">\n<li class=\"_2knBS undefined\" data-hook=\"collapse-info-item\">\n<div class=\"rah-static rah-static--height-auto\" aria-hidden=\"false\">\n<div class=\"_1yvxJ cell\">\n<div class=\"WncCi\" data-hook=\"info-section-description\">\n<ul>\n<li>Convenabil pentru etichetarea sticlelor rotunde de diferite dimensiuni.<\/li>\n<li>Etichetare reglabila in functie de necesitatile piesei de prelucrat.<\/li>\n<li>Eficien\u021ba etichet\u0103rii este foarte mare.<\/li>\n<li>Doar pune\u021bi manual sticla \u00een orientarea dorit\u0103<\/li>\n<li>Etichetare perfecta, fara pliuri, riduri sau bule, crescand competitivitatea produsului.<\/li>\n<li>Senzorii \u0219i componentele electronice sunt controlate de PLC, f\u0103c\u00e2nd performan\u021ba mai stabil\u0103.<\/li>\n<li>\u00centre\u021binerea \u0219i repara\u021biile sunt la costuri reduse.<\/li>\n<li>Este foarte usor de folosit.<\/li>\n<\/ul>\n<p><strong>Caietul de sarcini<\/strong><\/p>\n<p>Ma\u0219in\u0103 de etichetat semiautomat\u0103 pentru sticle rotunde SL130 cu func\u021bie de imprimant\u0103 de codare<br \/>\nAceast\u0103 ma\u0219in\u0103 eticheteaz\u0103 1 sticl\u0103 rotund\u0103 cu 2 etichete, at\u00e2ta timp c\u00e2t lungimea celor 2 etichete este aceea\u0219i.<br \/>\nAceast\u0103 ma\u0219in\u0103 de etichetare este utilizat\u0103 pentru etichetarea \u0219i codarea pe diferite sticle rotunde, codare, cum ar fi: sticle de sticl\u0103, sticle de plastic, conserve, cristal etc.<\/p>\n<p>Aceast\u0103 ma\u0219in\u0103 este configurat\u0103 cu func\u021bie de codare. La etichetare, pute\u021bi imprima num\u0103rul \u0219i data lotului de produc\u021bie \u00een acela\u0219i timp, ceea ce simplific\u0103 procesul de fabrica\u021bie \u0219i \u00eembun\u0103t\u0103\u021be\u0219te eficien\u021ba.<\/p>\n<p>Folosim sistemul electromagnetic, care \u00eembun\u0103t\u0103\u021be\u0219te precizia. Pe ma\u0219in\u0103, aliajul de aluminiu de \u00eenalt\u0103 clas\u0103 este anodizat, prin urmare durata de via\u021b\u0103 a ma\u0219inii este mai lung\u0103.<\/p>\n<p>Toate piesele \u0219i componentele standardizate ale ma\u0219inii sunt fabricate cu grij\u0103 din o\u021bel inoxidabil. \u00centre timp, cu panoul de control PLC \u0219i afi\u0219aj cu cristale lichide, aspectul este foarte modern.<\/p>\n<p>DETALII:<\/p>\n<p>Tensiune: 200~240V sau 110V<\/p>\n<p>Putere: 150W<\/p>\n<p>Dimensiuni etichet\u0103 (max): 120 (l\u0103\u021bime) x 400 (lungime) mm<\/p>\n<p>Dimensiuni etichet\u0103 (MINI): 10 (l\u0103\u021bime) x 30 (lungime) mm<\/p>\n<h3>Dimensiunea sticlei.<\/h3>\n<p>Dimensiune maxim\u0103 (max): 125 125 mm (4,92 \u00bb)<\/p>\n<p>Dimensiune minim\u0103 (MINI): 20 20 mm (0,8 \u00bb)<\/p>\n<p>Dimensiuni exterioare: 580x680x860mm (22.84\u00d726.77\u00d733.86\u2033)<\/p>\n<p>Greutate neta: 42 kg<\/p>\n<p>Con\u021binutul pachetului:<br \/>\ncentura 1X\u03a64<\/p>\n<p>1 x tub de protec\u021bie 3A<\/p>\n<p>1 X manual de instruc\u021biuni<\/p>\n<p>1 X Arc de frana<\/p>\n<p>1 x cheie hexagonal\u0103 interioar\u0103 M4<\/p>\n<p>1 x cheie hexagonal\u0103 interioar\u0103 M5<\/p>\n<p>1 x cheie hexagonal\u0103 interioar\u0103 M6<\/p>\n<p>1 x cheie hexagonal\u0103 interioar\u0103 M8<\/p>\n<p>1 X ma\u0219in\u0103 de codare HP-241<\/p>\n<\/div>\n<p>&nbsp;<\/p>\n<div class=\"WncCi\" data-hook=\"info-section-description\">\n<p>&nbsp;<\/p>\n<\/div>\n<\/div>\n<\/div>\n<\/li>\n<\/ul>\n<p><iframe loading=\"lazy\" src=\"https:\/\/www.youtube.com\/embed\/-ImYO2i-Ji0\" width=\"560\" height=\"315\" frameborder=\"0\" allowfullscreen=\"allowfullscreen\"><\/iframe><\/p>","protected":false},"excerpt":{"rendered":"<p>Ma\u0219in\u0103 de etichetat sticle<\/p>\n<p>Ma\u0219in\u0103 de etichetat semiautomat\u0103 pentru sticle rotunde SL130 cu func\u021bie de imprimant\u0103 pentru lot \u0219i expirare<br \/>\nAceast\u0103 ma\u0219in\u0103 eticheteaz\u0103 1 sticl\u0103 rotund\u0103 cu 2 etichete, at\u00e2ta timp c\u00e2t lungimea celor 2 etichete este aceea\u0219i.<br \/>\nAceast\u0103 ma\u0219in\u0103 de etichetare este utilizat\u0103 pentru etichetarea \u0219i codificarea pe diferite sticle rotunde, codare, cum ar fi: sticle de sticl\u0103, sticle de plastic, conserve etc.<br \/>\ndimensiunea maxim\u0103 a etichetei (120 mm l\u0103\u021bime \u2796400 mm lungime)<\/p>\n<p>Toate utilajele noastre au o garan\u021bie de 2\ufe0f\u20e3 ani.<\/p>\n<p>Suport tehnic \u00een caz de avarie.<\/p>","protected":false},"featured_media":506,"comment_status":"open","ping_status":"closed","template":"","meta":{"wds_primary_product_brand":0,"wds_primary_product_cat":0},"product_brand":[],"product_cat":[44],"product_tag":[],"class_list":{"0":"post-502","1":"product","2":"type-product","3":"status-publish","4":"has-post-thumbnail","6":"product_cat-etiquetadoras-de-botellas","8":"first","9":"instock","10":"taxable","11":"shipping-taxable","12":"purchasable","13":"product-type-simple"},"yoast_head":"<!-- This site is optimized with the Yoast SEO Premium plugin v24.9 (Yoast SEO v26.1) - https:\/\/yoast.com\/wordpress\/plugins\/seo\/ -->\n<title>M\u00e1quina Etiquetadora de Botellas Profesional ?\u00a0 Etiquetado N\u00famero de Lote\u00a0 - distribuci\u00f3n ARC<\/title>\n<meta name=\"robots\" content=\"index, follow, max-snippet:-1, max-image-preview:large, max-video-preview:-1\" \/>\n<link rel=\"canonical\" href=\"https:\/\/www.distribucionarc.com\/el\/producto\/maquina-etiquetadora-de-botellas-profesional-\ud83e\uddf4-etiquetado-numero-de-lote\/\" \/>\n<meta property=\"og:locale\" content=\"ro_RO\" \/>\n<meta property=\"og:type\" content=\"article\" \/>\n<meta property=\"og:title\" content=\"M\u00e1quina Etiquetadora de Botellas Profesional ?\u00a0 Etiquetado N\u00famero de Lote\u00a0\" \/>\n<meta property=\"og:description\" content=\"M\u00e1quina Etiquetadora de Botellas  Etiquetadora de botellas redondas semiautom\u00e1tica SL130 con funci\u00f3n de impresora de lote y caducidad Esta m\u00e1quina etiqueta 1 botella redonda con 2 etiquetas, siempre y cuando la longitud de las 2 etiquetas sea la misma. Esta m\u00e1quina de etiquetas se utiliza para etiquetar y codificar en varias botellas redondas, codificaci\u00f3n, como: botellas de vidrio, botellas de pl\u00e1stico, latas, etc. tama\u00f1o de la etiqueta\u00a0 maximo (120mm ancho \u2796400mm largo)  Toda nuestra maquinaria tiene garant\u00eda de 2\ufe0f\u20e3 a\u00f1os.  Soporte t\u00e9cnico en caso de aver\u00eda.\" \/>\n<meta property=\"og:url\" content=\"https:\/\/www.distribucionarc.com\/el\/producto\/maquina-etiquetadora-de-botellas-profesional-\ud83e\uddf4-etiquetado-numero-de-lote\/\" \/>\n<meta property=\"og:site_name\" content=\"distribuci\u00f3n ARC\" \/>\n<meta property=\"article:modified_time\" content=\"2023-03-31T07:42:33+00:00\" \/>\n<meta property=\"og:image\" content=\"https:\/\/www.distribucionarc.com\/wp-content\/uploads\/2020\/04\/maquina_Etiquetadora_de_botellas_profesional_0.jpg\" \/>\n\t<meta property=\"og:image:width\" content=\"1600\" \/>\n\t<meta property=\"og:image:height\" content=\"1600\" \/>\n\t<meta property=\"og:image:type\" content=\"image\/jpeg\" \/>\n<meta name=\"twitter:card\" content=\"summary_large_image\" \/>\n<meta name=\"twitter:label1\" content=\"Timp estimat pentru citire\" \/>\n\t<meta name=\"twitter:data1\" content=\"2 minute\" \/>\n<script type=\"application\/ld+json\" class=\"yoast-schema-graph\">{\"@context\":\"https:\/\/schema.org\",\"@graph\":[{\"@type\":\"WebPage\",\"@id\":\"https:\/\/www.distribucionarc.com\/el\/producto\/maquina-etiquetadora-de-botellas-profesional-%f0%9f%a7%b4-etiquetado-numero-de-lote\/\",\"url\":\"https:\/\/www.distribucionarc.com\/el\/producto\/maquina-etiquetadora-de-botellas-profesional-%f0%9f%a7%b4-etiquetado-numero-de-lote\/\",\"name\":\"M\u00e1quina Etiquetadora de Botellas Profesional ?\u00a0 Etiquetado N\u00famero de Lote\u00a0 - distribuci\u00f3n ARC\",\"isPartOf\":{\"@id\":\"https:\/\/distribucionarc.com\/ar\/#website\"},\"primaryImageOfPage\":{\"@id\":\"https:\/\/www.distribucionarc.com\/el\/producto\/maquina-etiquetadora-de-botellas-profesional-%f0%9f%a7%b4-etiquetado-numero-de-lote\/#primaryimage\"},\"image\":{\"@id\":\"https:\/\/www.distribucionarc.com\/el\/producto\/maquina-etiquetadora-de-botellas-profesional-%f0%9f%a7%b4-etiquetado-numero-de-lote\/#primaryimage\"},\"thumbnailUrl\":\"https:\/\/distribucionarc.com\/wp-content\/uploads\/2020\/04\/maquina_Etiquetadora_de_botellas_profesional_0.jpg\",\"datePublished\":\"2020-04-19T15:15:10+00:00\",\"dateModified\":\"2023-03-31T07:42:33+00:00\",\"breadcrumb\":{\"@id\":\"https:\/\/www.distribucionarc.com\/el\/producto\/maquina-etiquetadora-de-botellas-profesional-%f0%9f%a7%b4-etiquetado-numero-de-lote\/#breadcrumb\"},\"inLanguage\":\"ro-RO\",\"potentialAction\":[{\"@type\":\"ReadAction\",\"target\":[\"https:\/\/www.distribucionarc.com\/el\/producto\/maquina-etiquetadora-de-botellas-profesional-%f0%9f%a7%b4-etiquetado-numero-de-lote\/\"]}]},{\"@type\":\"ImageObject\",\"inLanguage\":\"ro-RO\",\"@id\":\"https:\/\/www.distribucionarc.com\/el\/producto\/maquina-etiquetadora-de-botellas-profesional-%f0%9f%a7%b4-etiquetado-numero-de-lote\/#primaryimage\",\"url\":\"https:\/\/distribucionarc.com\/wp-content\/uploads\/2020\/04\/maquina_Etiquetadora_de_botellas_profesional_0.jpg\",\"contentUrl\":\"https:\/\/distribucionarc.com\/wp-content\/uploads\/2020\/04\/maquina_Etiquetadora_de_botellas_profesional_0.jpg\",\"width\":1600,\"height\":1600},{\"@type\":\"BreadcrumbList\",\"@id\":\"https:\/\/www.distribucionarc.com\/el\/producto\/maquina-etiquetadora-de-botellas-profesional-%f0%9f%a7%b4-etiquetado-numero-de-lote\/#breadcrumb\",\"itemListElement\":[{\"@type\":\"ListItem\",\"position\":1,\"name\":\"Portada\",\"item\":\"https:\/\/www.distribucionarc.com\/pt\/\"},{\"@type\":\"ListItem\",\"position\":2,\"name\":\"Produtos\",\"item\":\"https:\/\/www.distribucionarc.com\/pt\/shop\/\"},{\"@type\":\"ListItem\",\"position\":3,\"name\":\"M\u00e1quina Etiquetadora de Botellas Profesional ?\u00a0 Etiquetado N\u00famero de Lote\u00a0\"}]},{\"@type\":\"WebSite\",\"@id\":\"https:\/\/distribucionarc.com\/ar\/#website\",\"url\":\"https:\/\/distribucionarc.com\/ar\/\",\"name\":\"distribuci\u00f3n ARC\",\"description\":\"Empresa especializada en la fabricaci\u00f3n y distribuci\u00f3n de maquinaria industrial, selladoras de latas, Maquinas de hacer pastillas, Maquinas de cortar carne...\",\"publisher\":{\"@id\":\"https:\/\/distribucionarc.com\/ar\/#organization\"},\"potentialAction\":[{\"@type\":\"SearchAction\",\"target\":{\"@type\":\"EntryPoint\",\"urlTemplate\":\"https:\/\/distribucionarc.com\/ar\/?s={search_term_string}\"},\"query-input\":{\"@type\":\"PropertyValueSpecification\",\"valueRequired\":true,\"valueName\":\"search_term_string\"}}],\"inLanguage\":\"ro-RO\"},{\"@type\":\"Organization\",\"@id\":\"https:\/\/distribucionarc.com\/ar\/#organization\",\"name\":\"Distribuci\u00f3n ARC\",\"url\":\"https:\/\/distribucionarc.com\/ar\/\",\"logo\":{\"@type\":\"ImageObject\",\"inLanguage\":\"ro-RO\",\"@id\":\"https:\/\/distribucionarc.com\/ar\/#\/schema\/logo\/image\/\",\"url\":\"https:\/\/distribucionarc.com\/wp-content\/uploads\/2024\/10\/distribucion-ARC-COLOR-SIN-FONDO-e1732295305345.png\",\"contentUrl\":\"https:\/\/distribucionarc.com\/wp-content\/uploads\/2024\/10\/distribucion-ARC-COLOR-SIN-FONDO-e1732295305345.png\",\"width\":1164,\"height\":558,\"caption\":\"Distribuci\u00f3n ARC\"},\"image\":{\"@id\":\"https:\/\/distribucionarc.com\/ar\/#\/schema\/logo\/image\/\"},\"description\":\"Empresa especializada en la fabricaci\u00f3n y distribuci\u00f3n de maquinaria industrial para los sectores alimentario y farmac\u00e9utico. Nos especializamos en: M\u00e1quinas de cortar carne Fabricaci\u00f3n de comprimidos Sistemas de transporte industrial L\u00edneas de embotellado Dosificadores Y mucho m\u00e1s... Ofrecemos soluciones innovadoras y personalizadas para optimizar los procesos productivos de tu empresa.\",\"email\":\"Admistracion@distribucionarc.com\",\"telephone\":\"+34 643496664\",\"legalName\":\"ARC TECH SOLUTIONS\",\"foundingDate\":\"2024-04-09\",\"vatID\":\"B55480172\",\"numberOfEmployees\":{\"@type\":\"QuantitativeValue\",\"minValue\":\"1\",\"maxValue\":\"10\"}}]}<\/script>\n<!-- \/ Yoast SEO Premium plugin. -->","yoast_head_json":{"title":"Ma\u0219in\u0103 profesional\u0103 de etichetat sticle? Etichetarea num\u0103rului lotului - distribu\u021bie ARC","robots":{"index":"index","follow":"follow","max-snippet":"max-snippet:-1","max-image-preview":"max-image-preview:large","max-video-preview":"max-video-preview:-1"},"canonical":"https:\/\/www.distribucionarc.com\/el\/producto\/maquina-etiquetadora-de-botellas-profesional-\ud83e\uddf4-etiquetado-numero-de-lote\/","og_locale":"ro_RO","og_type":"article","og_title":"M\u00e1quina Etiquetadora de Botellas Profesional ?\u00a0 Etiquetado N\u00famero de Lote\u00a0","og_description":"M\u00e1quina Etiquetadora de Botellas  Etiquetadora de botellas redondas semiautom\u00e1tica SL130 con funci\u00f3n de impresora de lote y caducidad Esta m\u00e1quina etiqueta 1 botella redonda con 2 etiquetas, siempre y cuando la longitud de las 2 etiquetas sea la misma. Esta m\u00e1quina de etiquetas se utiliza para etiquetar y codificar en varias botellas redondas, codificaci\u00f3n, como: botellas de vidrio, botellas de pl\u00e1stico, latas, etc. tama\u00f1o de la etiqueta\u00a0 maximo (120mm ancho \u2796400mm largo)  Toda nuestra maquinaria tiene garant\u00eda de 2\ufe0f\u20e3 a\u00f1os.  Soporte t\u00e9cnico en caso de aver\u00eda.","og_url":"https:\/\/www.distribucionarc.com\/el\/producto\/maquina-etiquetadora-de-botellas-profesional-\ud83e\uddf4-etiquetado-numero-de-lote\/","og_site_name":"distribuci\u00f3n ARC","article_modified_time":"2023-03-31T07:42:33+00:00","og_image":[{"width":1600,"height":1600,"url":"https:\/\/www.distribucionarc.com\/wp-content\/uploads\/2020\/04\/maquina_Etiquetadora_de_botellas_profesional_0.jpg","type":"image\/jpeg"}],"twitter_card":"summary_large_image","twitter_misc":{"Timp estimat pentru citire":"2 minute"},"schema":{"@context":"https:\/\/schema.org","@graph":[{"@type":"WebPage","@id":"https:\/\/www.distribucionarc.com\/el\/producto\/maquina-etiquetadora-de-botellas-profesional-%f0%9f%a7%b4-etiquetado-numero-de-lote\/","url":"https:\/\/www.distribucionarc.com\/el\/producto\/maquina-etiquetadora-de-botellas-profesional-%f0%9f%a7%b4-etiquetado-numero-de-lote\/","name":"Ma\u0219in\u0103 profesional\u0103 de etichetat sticle? Etichetarea num\u0103rului lotului - distribu\u021bie ARC","isPartOf":{"@id":"https:\/\/distribucionarc.com\/ar\/#website"},"primaryImageOfPage":{"@id":"https:\/\/www.distribucionarc.com\/el\/producto\/maquina-etiquetadora-de-botellas-profesional-%f0%9f%a7%b4-etiquetado-numero-de-lote\/#primaryimage"},"image":{"@id":"https:\/\/www.distribucionarc.com\/el\/producto\/maquina-etiquetadora-de-botellas-profesional-%f0%9f%a7%b4-etiquetado-numero-de-lote\/#primaryimage"},"thumbnailUrl":"https:\/\/distribucionarc.com\/wp-content\/uploads\/2020\/04\/maquina_Etiquetadora_de_botellas_profesional_0.jpg","datePublished":"2020-04-19T15:15:10+00:00","dateModified":"2023-03-31T07:42:33+00:00","breadcrumb":{"@id":"https:\/\/www.distribucionarc.com\/el\/producto\/maquina-etiquetadora-de-botellas-profesional-%f0%9f%a7%b4-etiquetado-numero-de-lote\/#breadcrumb"},"inLanguage":"ro-RO","potentialAction":[{"@type":"ReadAction","target":["https:\/\/www.distribucionarc.com\/el\/producto\/maquina-etiquetadora-de-botellas-profesional-%f0%9f%a7%b4-etiquetado-numero-de-lote\/"]}]},{"@type":"ImageObject","inLanguage":"ro-RO","@id":"https:\/\/www.distribucionarc.com\/el\/producto\/maquina-etiquetadora-de-botellas-profesional-%f0%9f%a7%b4-etiquetado-numero-de-lote\/#primaryimage","url":"https:\/\/distribucionarc.com\/wp-content\/uploads\/2020\/04\/maquina_Etiquetadora_de_botellas_profesional_0.jpg","contentUrl":"https:\/\/distribucionarc.com\/wp-content\/uploads\/2020\/04\/maquina_Etiquetadora_de_botellas_profesional_0.jpg","width":1600,"height":1600},{"@type":"BreadcrumbList","@id":"https:\/\/www.distribucionarc.com\/el\/producto\/maquina-etiquetadora-de-botellas-profesional-%f0%9f%a7%b4-etiquetado-numero-de-lote\/#breadcrumb","itemListElement":[{"@type":"ListItem","position":1,"name":"Portada","item":"https:\/\/www.distribucionarc.com\/pt\/"},{"@type":"ListItem","position":2,"name":"Produtos","item":"https:\/\/www.distribucionarc.com\/pt\/shop\/"},{"@type":"ListItem","position":3,"name":"M\u00e1quina Etiquetadora de Botellas Profesional ?\u00a0 Etiquetado N\u00famero de Lote\u00a0"}]},{"@type":"WebSite","@id":"https:\/\/distribucionarc.com\/ar\/#website","url":"https:\/\/distribucionarc.com\/ar\/","name":"Distribu\u021bie ARC","description":"Companie specializat\u0103 \u00een fabricarea \u0219i distribu\u021bia de utilaje industriale, ma\u0219ini de sigilat cutii, ma\u0219ini de fabricat tablete, ma\u0219ini de t\u0103iat carne...","publisher":{"@id":"https:\/\/distribucionarc.com\/ar\/#organization"},"potentialAction":[{"@type":"SearchAction","target":{"@type":"EntryPoint","urlTemplate":"https:\/\/distribucionarc.com\/ar\/?s={search_term_string}"},"query-input":{"@type":"PropertyValueSpecification","valueRequired":true,"valueName":"search_term_string"}}],"inLanguage":"ro-RO"},{"@type":"Organization","@id":"https:\/\/distribucionarc.com\/ar\/#organization","name":"Distribu\u021bie ARC","url":"https:\/\/distribucionarc.com\/ar\/","logo":{"@type":"ImageObject","inLanguage":"ro-RO","@id":"https:\/\/distribucionarc.com\/ar\/#\/schema\/logo\/image\/","url":"https:\/\/distribucionarc.com\/wp-content\/uploads\/2024\/10\/distribucion-ARC-COLOR-SIN-FONDO-e1732295305345.png","contentUrl":"https:\/\/distribucionarc.com\/wp-content\/uploads\/2024\/10\/distribucion-ARC-COLOR-SIN-FONDO-e1732295305345.png","width":1164,"height":558,"caption":"Distribuci\u00f3n ARC"},"image":{"@id":"https:\/\/distribucionarc.com\/ar\/#\/schema\/logo\/image\/"},"description":"Companie specializat\u0103 \u00een fabricarea \u0219i distribu\u021bia de utilaje industriale pentru sectoarele alimentar \u0219i farmaceutic. Suntem specializa\u021bi \u00een: Ma\u0219ini de t\u0103iat carne Fabricarea tabletelor Sisteme de transport industrial Linii de \u00eembuteliere Distribuitoare \u0218i multe altele... Oferim solu\u021bii inovatoare \u0219i personalizate pentru a optimiza procesele de produc\u021bie ale companiei dumneavoastr\u0103.","email":"Admistracion@distribucionarc.com","telephone":"+34 643496664","legalName":"ARC TECH SOLUTIONS","foundingDate":"2024-04-09","vatID":"B55480172","numberOfEmployees":{"@type":"QuantitativeValue","minValue":"1","maxValue":"10"}}]}},"_links":{"self":[{"href":"https:\/\/distribucionarc.com\/ro\/wp-json\/wp\/v2\/product\/502","targetHints":{"allow":["GET"]}}],"collection":[{"href":"https:\/\/distribucionarc.com\/ro\/wp-json\/wp\/v2\/product"}],"about":[{"href":"https:\/\/distribucionarc.com\/ro\/wp-json\/wp\/v2\/types\/product"}],"replies":[{"embeddable":true,"href":"https:\/\/distribucionarc.com\/ro\/wp-json\/wp\/v2\/comments?post=502"}],"version-history":[{"count":0,"href":"https:\/\/distribucionarc.com\/ro\/wp-json\/wp\/v2\/product\/502\/revisions"}],"wp:featuredmedia":[{"embeddable":true,"href":"https:\/\/distribucionarc.com\/ro\/wp-json\/wp\/v2\/media\/506"}],"wp:attachment":[{"href":"https:\/\/distribucionarc.com\/ro\/wp-json\/wp\/v2\/media?parent=502"}],"wp:term":[{"taxonomy":"product_brand","embeddable":true,"href":"https:\/\/distribucionarc.com\/ro\/wp-json\/wp\/v2\/product_brand?post=502"},{"taxonomy":"product_cat","embeddable":true,"href":"https:\/\/distribucionarc.com\/ro\/wp-json\/wp\/v2\/product_cat?post=502"},{"taxonomy":"product_tag","embeddable":true,"href":"https:\/\/distribucionarc.com\/ro\/wp-json\/wp\/v2\/product_tag?post=502"}],"curies":[{"name":"wp","href":"https:\/\/api.w.org\/{rel}","templated":true}]}}